{"id":216283,"date":"2025-03-10T08:13:33","date_gmt":"2025-03-10T07:13:33","guid":{"rendered":"https:\/\/revolutionpadelstore.com\/siux-beat-control-2\/"},"modified":"2026-04-08T05:53:59","modified_gmt":"2026-04-08T03:53:59","slug":"siux-beat-control-2-1","status":"publish","type":"product","link":"https:\/\/revolutionpadelstore.com\/de\/produkt\/siux-beat-control-2-1\/","title":{"rendered":"SIUX BEAT CONTROL 2"},"content":{"rendered":"<h2> Siux Beat Control 2 2025 &#8211; Gesamtkontrolle f\u00fcr anf\u00e4ngliche Spieler <\/ h2><br \/>\nDie <strong> Siux Beat Control 2 2025 <\/strong> ist die ideale Paddelschaufel f\u00fcr diejenigen, die in diesem aufregenden Sport beginnen und versuchen, die Strecke vom ersten Schlag zu dominieren. Dank seiner <strong> runden Form und der geringen Balance <\/strong> bietet es eine <strong> au\u00dfergew\u00f6hnliche Kontrolle und Stabilit\u00e4t <\/strong> und erleichtert vom ersten Moment eine weiche und pr\u00e4zise Spielbarkeit.<\/p>\n<p>Diese Schaufel wurde mit hochwertigen Materialien wie <strong> Faserglas <\/strong> auf den Pl\u00e4nen und dem Rahmen entworfen und bietet ein weiches Gef\u00fchl f\u00fcr die Ber\u00fchrung <\/strong> und eine <strong> effiziente Kugelausgabe <\/strong>, perfekt, um die Technik zu verbessern, ohne den Komfort aufzugeben. Der EVA -Gummikern erm\u00f6glicht eine hervorragende Auswirkung, die Vibrationen reduziert und Beschwerden im Arm verhindern.<\/p>\n<h2> Warum die Siux Beat Control 2 2025 w\u00e4hlen?<br \/>\nDiese Schaufel ideal f\u00fcr <strong> Anf\u00e4nger oder Lernspieler <\/strong> bietet einen <strong> gro\u00dfartigen s\u00fc\u00dfen Punkt <\/strong> und ein Lichtdesign, das die Ausf\u00fchrung jedes Schlags mit gr\u00f6\u00dferem Zuversicht erleichtert. Dar\u00fcber hinaus verleiht sein <strong> helles Finish <\/strong> eine moderne und auff\u00e4llige Ber\u00fchrung, die auf jeder Strecke auff\u00e4llt.<\/p>\n<h2> Technische Merkmale ausstehend <\/ h2><br \/>\n&lt;P style = &quot;padding-links: 40px;&quot;<br \/>\n&lt;p style = &quot;padding-links: 40px;&quot;<br \/>\n&lt;p style = &quot;padding-links: 40px;&quot;<br \/>\n&lt;P style = &quot;padding-links: 40px;&quot;<br \/>\n&lt;p style = &quot;padding-links: 40px;&quot;<\/p>\n<h2> Eine Schaufel, die sich mit Ihnen entwickelt hat <\/ H2><br \/>\nDie <strong> Siux Beat Control 2 2025 <\/strong> ist viel mehr als eine Schaufel zu beginnen: Es ist Ihr idealer Partner, eine solide Technik zu entwickeln, Ihre Empfindungen zu verbessern und das Paddel f\u00fcr das maximale <\/strong> zu genie\u00dfen. Wenn Sie nach Pr\u00e4zision, Leichtigkeit und Stil suchen, ist diese Schaufel f\u00fcr Sie.<\/p>\n<p><strong> Holen Sie sich jetzt Ihren und starten Sie Ihren Weg im Paddel mit dem Vertrauen eines echten Champions.<\/p>\n<p>Erh\u00e4ltlich in unserem Online -Shop <a href=\"https:\/\/www.revolutionpadelstore.com\/\"> www.revolutionpadelstore.com <\/a>, wahrscheinlich <strong> zum besten Marktpreis <\/strong>.<\/p>\n<h2>Siux Beat Control 2 2025 \u2013 Control total para jugadores principiantes<\/h2>\n","protected":false},"excerpt":{"rendered":"<p>Der Siux Beat Control 2 2025 eignet sich perfekt f\u00fcr diejenigen, die im Paddel beginnen und eine leichte Schaufel w\u00fcnschen, bequem und sich auf die Kontrolle konzentrieren, um ihre Technik zu perfektionieren.<\/p>\n","protected":false},"featured_media":216289,"comment_status":"open","ping_status":"closed","template":"","meta":{"_acf_changed":false,"_joinchat":[]},"acabado":[1079],"balance":[1144],"dureza":[1149],"forma":[1179],"jugador":[1189,1199],"marca":[1304],"nivel-de-juego":[1349,1339],"superficie":[1354],"tipo-de-juego":[1369],"product_brand":[],"product_cat":[299],"product_tag":[],"class_list":{"0":"post-216283","1":"product","2":"type-product","3":"status-publish","4":"has-post-thumbnail","6":"acabado-helligkeit","7":"balance-niedrig","8":"dureza-blanda-de","9":"forma-rund","10":"jugador-mann","11":"jugador-mehrzweck","12":"marca-siux-de","13":"superficie-lisa-de","14":"tipo-de-juego-kontrolle","15":"product_cat-palas-de-padel-de","17":"first","18":"instock","19":"sale","20":"taxable","21":"shipping-taxable","22":"purchasable","23":"product-type-simple"},"acf":[],"yoast_head":"<!-- This site is optimized with the Yoast SEO plugin v27.4 - https:\/\/yoast.com\/product\/yoast-seo-wordpress\/ -->\n<title>SIUX BEAT CONTROL 2 - Revolution Padel Store<\/title>\n<meta name=\"description\" content=\"Descubre la Siux Beat Control 2 2025, una pala de p\u00e1del ideal para principiantes. Control, ligereza y dise\u00f1o moderno con n\u00facleo EVA y marco de fibra de vidrio. \u00a1C\u00f3mprala online al mejor precio!\" \/>\n<meta name=\"robots\" content=\"index, follow, max-snippet:-1, max-image-preview:large, max-video-preview:-1\" \/>\n<link rel=\"canonical\" href=\"https:\/\/revolutionpadelstore.com\/de\/produkt\/siux-beat-control-2-1\/\" \/>\n<meta property=\"og:locale\" content=\"de_DE\" \/>\n<meta property=\"og:type\" content=\"article\" \/>\n<meta property=\"og:title\" content=\"SIUX BEAT CONTROL 2 - Revolution Padel Store\" \/>\n<meta property=\"og:description\" content=\"Descubre la Siux Beat Control 2 2025, una pala de p\u00e1del ideal para principiantes. Control, ligereza y dise\u00f1o moderno con n\u00facleo EVA y marco de fibra de vidrio. \u00a1C\u00f3mprala online al mejor precio!\" \/>\n<meta property=\"og:url\" content=\"https:\/\/revolutionpadelstore.com\/de\/produkt\/siux-beat-control-2-1\/\" \/>\n<meta property=\"og:site_name\" content=\"Revolution Padel Store\" \/>\n<meta property=\"article:modified_time\" content=\"2026-04-08T03:53:59+00:00\" \/>\n<meta property=\"og:image\" content=\"https:\/\/revolutionpadelstore.com\/wp-content\/uploads\/2025\/03\/112623-siux-beat-control-2-1500x1500-1.webp\" \/>\n\t<meta property=\"og:image:width\" content=\"1500\" \/>\n\t<meta property=\"og:image:height\" content=\"1500\" \/>\n\t<meta property=\"og:image:type\" content=\"image\/webp\" \/>\n<meta name=\"twitter:card\" content=\"summary_large_image\" \/>\n<meta name=\"twitter:label1\" content=\"Gesch\u00e4tzte Lesezeit\" \/>\n\t<meta name=\"twitter:data1\" content=\"2\u00a0Minuten\" \/>\n<script type=\"application\/ld+json\" class=\"yoast-schema-graph\">{\"@context\":\"https:\\\/\\\/schema.org\",\"@graph\":[{\"@type\":\"WebPage\",\"@id\":\"https:\\\/\\\/revolutionpadelstore.com\\\/de\\\/produkt\\\/siux-beat-control-2-1\\\/\",\"url\":\"https:\\\/\\\/revolutionpadelstore.com\\\/de\\\/produkt\\\/siux-beat-control-2-1\\\/\",\"name\":\"SIUX BEAT CONTROL 2 - Revolution Padel Store\",\"isPartOf\":{\"@id\":\"https:\\\/\\\/revolutionpadelstore.com\\\/de\\\/#website\"},\"primaryImageOfPage\":{\"@id\":\"https:\\\/\\\/revolutionpadelstore.com\\\/de\\\/produkt\\\/siux-beat-control-2-1\\\/#primaryimage\"},\"image\":{\"@id\":\"https:\\\/\\\/revolutionpadelstore.com\\\/de\\\/produkt\\\/siux-beat-control-2-1\\\/#primaryimage\"},\"thumbnailUrl\":\"https:\\\/\\\/revolutionpadelstore.com\\\/wp-content\\\/uploads\\\/2025\\\/03\\\/112623-siux-beat-control-2-1500x1500-1.webp\",\"datePublished\":\"2025-03-10T07:13:33+00:00\",\"dateModified\":\"2026-04-08T03:53:59+00:00\",\"description\":\"Descubre la Siux Beat Control 2 2025, una pala de p\u00e1del ideal para principiantes. Control, ligereza y dise\u00f1o moderno con n\u00facleo EVA y marco de fibra de vidrio. \u00a1C\u00f3mprala online al mejor precio!\",\"breadcrumb\":{\"@id\":\"https:\\\/\\\/revolutionpadelstore.com\\\/de\\\/produkt\\\/siux-beat-control-2-1\\\/#breadcrumb\"},\"inLanguage\":\"de\",\"potentialAction\":[{\"@type\":\"ReadAction\",\"target\":[\"https:\\\/\\\/revolutionpadelstore.com\\\/de\\\/produkt\\\/siux-beat-control-2-1\\\/\"]}]},{\"@type\":\"ImageObject\",\"inLanguage\":\"de\",\"@id\":\"https:\\\/\\\/revolutionpadelstore.com\\\/de\\\/produkt\\\/siux-beat-control-2-1\\\/#primaryimage\",\"url\":\"https:\\\/\\\/revolutionpadelstore.com\\\/wp-content\\\/uploads\\\/2025\\\/03\\\/112623-siux-beat-control-2-1500x1500-1.webp\",\"contentUrl\":\"https:\\\/\\\/revolutionpadelstore.com\\\/wp-content\\\/uploads\\\/2025\\\/03\\\/112623-siux-beat-control-2-1500x1500-1.webp\",\"width\":1500,\"height\":1500},{\"@type\":\"BreadcrumbList\",\"@id\":\"https:\\\/\\\/revolutionpadelstore.com\\\/de\\\/produkt\\\/siux-beat-control-2-1\\\/#breadcrumb\",\"itemListElement\":[{\"@type\":\"ListItem\",\"position\":1,\"name\":\"Portada\",\"item\":\"https:\\\/\\\/revolutionpadelstore.com\\\/de\\\/\"},{\"@type\":\"ListItem\",\"position\":2,\"name\":\"Shop\",\"item\":\"https:\\\/\\\/revolutionpadelstore.com\\\/de\\\/tienda\\\/\"},{\"@type\":\"ListItem\",\"position\":3,\"name\":\"SIUX BEAT CONTROL 2\"}]},{\"@type\":\"WebSite\",\"@id\":\"https:\\\/\\\/revolutionpadelstore.com\\\/de\\\/#website\",\"url\":\"https:\\\/\\\/revolutionpadelstore.com\\\/de\\\/\",\"name\":\"Revolution Padel Store\",\"description\":\"\",\"publisher\":{\"@id\":\"https:\\\/\\\/revolutionpadelstore.com\\\/de\\\/#organization\"},\"potentialAction\":[{\"@type\":\"SearchAction\",\"target\":{\"@type\":\"EntryPoint\",\"urlTemplate\":\"https:\\\/\\\/revolutionpadelstore.com\\\/de\\\/?s={search_term_string}\"},\"query-input\":{\"@type\":\"PropertyValueSpecification\",\"valueRequired\":true,\"valueName\":\"search_term_string\"}}],\"inLanguage\":\"de\"},{\"@type\":\"Organization\",\"@id\":\"https:\\\/\\\/revolutionpadelstore.com\\\/de\\\/#organization\",\"name\":\"Revolution Padel Store\",\"url\":\"https:\\\/\\\/revolutionpadelstore.com\\\/de\\\/\",\"logo\":{\"@type\":\"ImageObject\",\"inLanguage\":\"de\",\"@id\":\"https:\\\/\\\/revolutionpadelstore.com\\\/de\\\/#\\\/schema\\\/logo\\\/image\\\/\",\"url\":\"https:\\\/\\\/revolutionpadelstore.com\\\/wp-content\\\/uploads\\\/2026\\\/02\\\/revolution-padel-store.jpg\",\"contentUrl\":\"https:\\\/\\\/revolutionpadelstore.com\\\/wp-content\\\/uploads\\\/2026\\\/02\\\/revolution-padel-store.jpg\",\"width\":2000,\"height\":2000,\"caption\":\"Revolution Padel Store\"},\"image\":{\"@id\":\"https:\\\/\\\/revolutionpadelstore.com\\\/de\\\/#\\\/schema\\\/logo\\\/image\\\/\"},\"sameAs\":[\"https:\\\/\\\/www.instagram.com\\\/revolutionpadelstore\\\/\"]}]}<\/script>\n<!-- \/ Yoast SEO plugin. -->","yoast_head_json":{"title":"SIUX BEAT CONTROL 2 - Revolution Padel Store","description":"Descubre la Siux Beat Control 2 2025, una pala de p\u00e1del ideal para principiantes. Control, ligereza y dise\u00f1o moderno con n\u00facleo EVA y marco de fibra de vidrio. \u00a1C\u00f3mprala online al mejor precio!","robots":{"index":"index","follow":"follow","max-snippet":"max-snippet:-1","max-image-preview":"max-image-preview:large","max-video-preview":"max-video-preview:-1"},"canonical":"https:\/\/revolutionpadelstore.com\/de\/produkt\/siux-beat-control-2-1\/","og_locale":"de_DE","og_type":"article","og_title":"SIUX BEAT CONTROL 2 - Revolution Padel Store","og_description":"Descubre la Siux Beat Control 2 2025, una pala de p\u00e1del ideal para principiantes. Control, ligereza y dise\u00f1o moderno con n\u00facleo EVA y marco de fibra de vidrio. \u00a1C\u00f3mprala online al mejor precio!","og_url":"https:\/\/revolutionpadelstore.com\/de\/produkt\/siux-beat-control-2-1\/","og_site_name":"Revolution Padel Store","article_modified_time":"2026-04-08T03:53:59+00:00","og_image":[{"width":1500,"height":1500,"url":"https:\/\/revolutionpadelstore.com\/wp-content\/uploads\/2025\/03\/112623-siux-beat-control-2-1500x1500-1.webp","type":"image\/webp"}],"twitter_card":"summary_large_image","twitter_misc":{"Gesch\u00e4tzte Lesezeit":"2\u00a0Minuten"},"schema":{"@context":"https:\/\/schema.org","@graph":[{"@type":"WebPage","@id":"https:\/\/revolutionpadelstore.com\/de\/produkt\/siux-beat-control-2-1\/","url":"https:\/\/revolutionpadelstore.com\/de\/produkt\/siux-beat-control-2-1\/","name":"SIUX BEAT CONTROL 2 - Revolution Padel Store","isPartOf":{"@id":"https:\/\/revolutionpadelstore.com\/de\/#website"},"primaryImageOfPage":{"@id":"https:\/\/revolutionpadelstore.com\/de\/produkt\/siux-beat-control-2-1\/#primaryimage"},"image":{"@id":"https:\/\/revolutionpadelstore.com\/de\/produkt\/siux-beat-control-2-1\/#primaryimage"},"thumbnailUrl":"https:\/\/revolutionpadelstore.com\/wp-content\/uploads\/2025\/03\/112623-siux-beat-control-2-1500x1500-1.webp","datePublished":"2025-03-10T07:13:33+00:00","dateModified":"2026-04-08T03:53:59+00:00","description":"Descubre la Siux Beat Control 2 2025, una pala de p\u00e1del ideal para principiantes. Control, ligereza y dise\u00f1o moderno con n\u00facleo EVA y marco de fibra de vidrio. \u00a1C\u00f3mprala online al mejor precio!","breadcrumb":{"@id":"https:\/\/revolutionpadelstore.com\/de\/produkt\/siux-beat-control-2-1\/#breadcrumb"},"inLanguage":"de","potentialAction":[{"@type":"ReadAction","target":["https:\/\/revolutionpadelstore.com\/de\/produkt\/siux-beat-control-2-1\/"]}]},{"@type":"ImageObject","inLanguage":"de","@id":"https:\/\/revolutionpadelstore.com\/de\/produkt\/siux-beat-control-2-1\/#primaryimage","url":"https:\/\/revolutionpadelstore.com\/wp-content\/uploads\/2025\/03\/112623-siux-beat-control-2-1500x1500-1.webp","contentUrl":"https:\/\/revolutionpadelstore.com\/wp-content\/uploads\/2025\/03\/112623-siux-beat-control-2-1500x1500-1.webp","width":1500,"height":1500},{"@type":"BreadcrumbList","@id":"https:\/\/revolutionpadelstore.com\/de\/produkt\/siux-beat-control-2-1\/#breadcrumb","itemListElement":[{"@type":"ListItem","position":1,"name":"Portada","item":"https:\/\/revolutionpadelstore.com\/de\/"},{"@type":"ListItem","position":2,"name":"Shop","item":"https:\/\/revolutionpadelstore.com\/de\/tienda\/"},{"@type":"ListItem","position":3,"name":"SIUX BEAT CONTROL 2"}]},{"@type":"WebSite","@id":"https:\/\/revolutionpadelstore.com\/de\/#website","url":"https:\/\/revolutionpadelstore.com\/de\/","name":"Revolution Padel Store","description":"","publisher":{"@id":"https:\/\/revolutionpadelstore.com\/de\/#organization"},"potentialAction":[{"@type":"SearchAction","target":{"@type":"EntryPoint","urlTemplate":"https:\/\/revolutionpadelstore.com\/de\/?s={search_term_string}"},"query-input":{"@type":"PropertyValueSpecification","valueRequired":true,"valueName":"search_term_string"}}],"inLanguage":"de"},{"@type":"Organization","@id":"https:\/\/revolutionpadelstore.com\/de\/#organization","name":"Revolution Padel Store","url":"https:\/\/revolutionpadelstore.com\/de\/","logo":{"@type":"ImageObject","inLanguage":"de","@id":"https:\/\/revolutionpadelstore.com\/de\/#\/schema\/logo\/image\/","url":"https:\/\/revolutionpadelstore.com\/wp-content\/uploads\/2026\/02\/revolution-padel-store.jpg","contentUrl":"https:\/\/revolutionpadelstore.com\/wp-content\/uploads\/2026\/02\/revolution-padel-store.jpg","width":2000,"height":2000,"caption":"Revolution Padel Store"},"image":{"@id":"https:\/\/revolutionpadelstore.com\/de\/#\/schema\/logo\/image\/"},"sameAs":["https:\/\/www.instagram.com\/revolutionpadelstore\/"]}]}},"_links":{"self":[{"href":"https:\/\/revolutionpadelstore.com\/de\/wp-json\/wp\/v2\/product\/216283","targetHints":{"allow":["GET"]}}],"collection":[{"href":"https:\/\/revolutionpadelstore.com\/de\/wp-json\/wp\/v2\/product"}],"about":[{"href":"https:\/\/revolutionpadelstore.com\/de\/wp-json\/wp\/v2\/types\/product"}],"replies":[{"embeddable":true,"href":"https:\/\/revolutionpadelstore.com\/de\/wp-json\/wp\/v2\/comments?post=216283"}],"wp:featuredmedia":[{"embeddable":true,"href":"https:\/\/revolutionpadelstore.com\/de\/wp-json\/wp\/v2\/media\/216289"}],"wp:attachment":[{"href":"https:\/\/revolutionpadelstore.com\/de\/wp-json\/wp\/v2\/media?parent=216283"}],"wp:term":[{"taxonomy":"acabado","embeddable":true,"href":"https:\/\/revolutionpadelstore.com\/de\/wp-json\/wp\/v2\/acabado?post=216283"},{"taxonomy":"balance","embeddable":true,"href":"https:\/\/revolutionpadelstore.com\/de\/wp-json\/wp\/v2\/balance?post=216283"},{"taxonomy":"dureza","embeddable":true,"href":"https:\/\/revolutionpadelstore.com\/de\/wp-json\/wp\/v2\/dureza?post=216283"},{"taxonomy":"forma","embeddable":true,"href":"https:\/\/revolutionpadelstore.com\/de\/wp-json\/wp\/v2\/forma?post=216283"},{"taxonomy":"jugador","embeddable":true,"href":"https:\/\/revolutionpadelstore.com\/de\/wp-json\/wp\/v2\/jugador?post=216283"},{"taxonomy":"marca","embeddable":true,"href":"https:\/\/revolutionpadelstore.com\/de\/wp-json\/wp\/v2\/marca?post=216283"},{"taxonomy":"nivel-de-juego","embeddable":true,"href":"https:\/\/revolutionpadelstore.com\/de\/wp-json\/wp\/v2\/nivel-de-juego?post=216283"},{"taxonomy":"superficie","embeddable":true,"href":"https:\/\/revolutionpadelstore.com\/de\/wp-json\/wp\/v2\/superficie?post=216283"},{"taxonomy":"tipo-de-juego","embeddable":true,"href":"https:\/\/revolutionpadelstore.com\/de\/wp-json\/wp\/v2\/tipo-de-juego?post=216283"},{"taxonomy":"product_brand","embeddable":true,"href":"https:\/\/revolutionpadelstore.com\/de\/wp-json\/wp\/v2\/product_brand?post=216283"},{"taxonomy":"product_cat","embeddable":true,"href":"https:\/\/revolutionpadelstore.com\/de\/wp-json\/wp\/v2\/product_cat?post=216283"},{"taxonomy":"product_tag","embeddable":true,"href":"https:\/\/revolutionpadelstore.com\/de\/wp-json\/wp\/v2\/product_tag?post=216283"}],"curies":[{"name":"wp","href":"https:\/\/api.w.org\/{rel}","templated":true}]}}