{"id":216151,"date":"2025-03-21T19:02:10","date_gmt":"2025-03-21T18:02:10","guid":{"rendered":"https:\/\/revolutionpadelstore.com\/paletero-head-tour-team-padel-monstercombi-blnv\/"},"modified":"2026-04-08T05:32:40","modified_gmt":"2026-04-08T03:32:40","slug":"paletero-head-tour-team-padel-monstercombi-blnv-1","status":"publish","type":"product","link":"https:\/\/revolutionpadelstore.com\/de\/produkt\/paletero-head-tour-team-padel-monstercombi-blnv-1\/","title":{"rendered":"PALETERO HEAD TOUR TEAM PADEL MONSTERCOMBI BLNV"},"content":{"rendered":"<h2> Paletero Head Tour Team Monstercombi- <strong> Raum, Stil und thermischer Schutz f\u00fcr Ihre Klingen <\/ strong> <\/ h2><br \/>\nDas Paletero <strong> Head Tour Team Monstercomombi <\/strong> ist der ideale Partner f\u00fcr Paddle -Spieler, die in jeder Verschiebung nach <strong> Amplitude, Komfort und fortschrittlicher Technologie suchen. Mit einem modernen und verf\u00fcgbaren Design in den aktuellen zwei Farben bietet diese Tasche nicht nur eine \u00c4sthetik, sondern auch die Funktionalit\u00e4t auf hoher Ebene.<\/p>\n<h2> Maximaler Schutz mit CCT+<\/ H2> -Technologie<br \/>\nEines seiner Hauptattribute ist das <strong> cct+ -System (Klimakontrolltechnologie) <\/strong>, ein thermisches Kompartiment, das speziell f\u00fcr den Schutz Ihrer Schaufeln vor extremen Temperaturen entwickelt wurde und sie unabh\u00e4ngig vom Wetter in perfektem Zustand h\u00e4lt.<\/p>\n<h2> Gro\u00dfe Kapazit\u00e4t und Organisation <\/ H2><br \/>\n<strong> -Die breiten F\u00e4cher <\/strong>: Ersatzplatz f\u00fcr Klingen, Kleidung und Accessoires.<\/p>\n<p><strong> -Egonomisches Design <\/strong>: Verstellbare Tr\u00e4ger f\u00fcr den komfortablen Transport, entweder auf Schulter oder als Rucksack.<\/p>\n<p><strong> -Ecological Effect <\/strong> mit recyceltem Papier hergestellt und mit Hanfschnur vereint, was das Engagement von Head f\u00fcr die Umwelt widerspiegelt.<\/p>\n<h2> Ausstehende Eigenschaften <\/ H2><br \/>\n-Ter ger\u00e4umige F\u00e4cher f\u00fcr alle Ihre Ger\u00e4te.<\/p>\n<p>-CT+ W\u00e4rmesteuerungstechnologie.<\/p>\n<p>-Ge und verstellbare Schr\u00e4nke.<\/p>\n<p>-Sust\u00e4nen und modernes Design.<\/p>\n<p>-Ideal f\u00fcr anspruchsvolle und professionelle Spieler.<\/p>\n<p>Machen Sie mit dem Paletero <strong> Head Tour Team Monstercombi <\/strong> alles, was Sie mit Stil, Sicherheit und Komfort brauchen.<br \/>\n<strong> Verpassen Sie diese Gelegenheit nicht und f\u00fcgen Sie Ihren Wagen diesen Hochleistungsbeutel hinzu! <\/strong><\/p>\n<p>Verf\u00fcgbar in unserem Online -Shop <strong> <a href=\"https:\/\/www.revolutionpadelstore.com\/\"> www.revolutionpadelstore.com <\/a> <\/strong>, <em> wahrscheinlich zum besten Marktpreis <\/em>.<\/p>\n<h2>Paletero HEAD Tour Team Monstercombi-\u00a0<strong>Espacio, estilo y protecci\u00f3n t\u00e9rmica para tus palas<\/strong><\/p>\n","protected":false},"excerpt":{"rendered":"<p>Das Paletero <strong> Head Tour Team Monstercomombi <\/strong> ist der ideale Partner f\u00fcr Paddle -Spieler, die in jeder Verschiebung nach <strong> Amplitude, Komfort und fortschrittlicher Technologie suchen.<strong>\u00a0HEAD Tour Team Monstercombi<\/strong><\/p>\n","protected":false},"featured_media":216140,"comment_status":"open","ping_status":"closed","template":"","meta":{"_acf_changed":false,"_joinchat":[]},"acabado":[],"balance":[],"dureza":[],"forma":[],"jugador":[],"marca":[1219],"nivel-de-juego":[],"superficie":[],"tipo-de-juego":[],"product_brand":[],"product_cat":[314],"product_tag":[],"class_list":{"0":"post-216151","1":"product","2":"type-product","3":"status-publish","4":"has-post-thumbnail","6":"marca-kopf","7":"product_cat-taschen","9":"first","10":"outofstock","11":"sale","12":"taxable","13":"shipping-taxable","14":"purchasable","15":"product-type-simple"},"acf":[],"yoast_head":"<!-- This site is optimized with the Yoast SEO plugin v27.5 - https:\/\/yoast.com\/product\/yoast-seo-wordpress\/ -->\n<title>PALETERO HEAD TOUR TEAM PADEL MONSTERCOMBI BLNV - Revolution Padel Store<\/title>\n<meta name=\"description\" content=\"Descubre la bolsa de p\u00e1del HEAD Tour Team Monstercombi con tecnolog\u00eda t\u00e9rmica CCT+, gran capacidad y dise\u00f1o sostenible. \u00a1Compra online al mejor precio en Revolution Padel Store!\" \/>\n<meta name=\"robots\" content=\"index, follow, max-snippet:-1, max-image-preview:large, max-video-preview:-1\" \/>\n<link rel=\"canonical\" href=\"https:\/\/revolutionpadelstore.com\/de\/produkt\/paletero-head-tour-team-padel-monstercombi-blnv-1\/\" \/>\n<meta property=\"og:locale\" content=\"de_DE\" \/>\n<meta property=\"og:type\" content=\"article\" \/>\n<meta property=\"og:title\" content=\"PALETERO HEAD TOUR TEAM PADEL MONSTERCOMBI BLNV - Revolution Padel Store\" \/>\n<meta property=\"og:description\" content=\"Descubre la bolsa de p\u00e1del HEAD Tour Team Monstercombi con tecnolog\u00eda t\u00e9rmica CCT+, gran capacidad y dise\u00f1o sostenible. \u00a1Compra online al mejor precio en Revolution Padel Store!\" \/>\n<meta property=\"og:url\" content=\"https:\/\/revolutionpadelstore.com\/de\/produkt\/paletero-head-tour-team-padel-monstercombi-blnv-1\/\" \/>\n<meta property=\"og:site_name\" content=\"Revolution Padel Store\" \/>\n<meta property=\"article:modified_time\" content=\"2026-04-08T03:32:40+00:00\" \/>\n<meta property=\"og:image\" content=\"https:\/\/revolutionpadelstore.com\/wp-content\/uploads\/2025\/03\/201.png\" \/>\n\t<meta property=\"og:image:width\" content=\"1500\" \/>\n\t<meta property=\"og:image:height\" content=\"1500\" \/>\n\t<meta property=\"og:image:type\" content=\"image\/png\" \/>\n<meta name=\"twitter:card\" content=\"summary_large_image\" \/>\n<meta name=\"twitter:label1\" content=\"Gesch\u00e4tzte Lesezeit\" \/>\n\t<meta name=\"twitter:data1\" content=\"2\u00a0Minuten\" \/>\n<script type=\"application\/ld+json\" class=\"yoast-schema-graph\">{\"@context\":\"https:\\\/\\\/schema.org\",\"@graph\":[{\"@type\":\"WebPage\",\"@id\":\"https:\\\/\\\/revolutionpadelstore.com\\\/de\\\/produkt\\\/paletero-head-tour-team-padel-monstercombi-blnv-1\\\/\",\"url\":\"https:\\\/\\\/revolutionpadelstore.com\\\/de\\\/produkt\\\/paletero-head-tour-team-padel-monstercombi-blnv-1\\\/\",\"name\":\"PALETERO HEAD TOUR TEAM PADEL MONSTERCOMBI BLNV - Revolution Padel Store\",\"isPartOf\":{\"@id\":\"https:\\\/\\\/revolutionpadelstore.com\\\/de\\\/#website\"},\"primaryImageOfPage\":{\"@id\":\"https:\\\/\\\/revolutionpadelstore.com\\\/de\\\/produkt\\\/paletero-head-tour-team-padel-monstercombi-blnv-1\\\/#primaryimage\"},\"image\":{\"@id\":\"https:\\\/\\\/revolutionpadelstore.com\\\/de\\\/produkt\\\/paletero-head-tour-team-padel-monstercombi-blnv-1\\\/#primaryimage\"},\"thumbnailUrl\":\"https:\\\/\\\/revolutionpadelstore.com\\\/wp-content\\\/uploads\\\/2025\\\/03\\\/201.png\",\"datePublished\":\"2025-03-21T18:02:10+00:00\",\"dateModified\":\"2026-04-08T03:32:40+00:00\",\"description\":\"Descubre la bolsa de p\u00e1del HEAD Tour Team Monstercombi con tecnolog\u00eda t\u00e9rmica CCT+, gran capacidad y dise\u00f1o sostenible. \u00a1Compra online al mejor precio en Revolution Padel Store!\",\"breadcrumb\":{\"@id\":\"https:\\\/\\\/revolutionpadelstore.com\\\/de\\\/produkt\\\/paletero-head-tour-team-padel-monstercombi-blnv-1\\\/#breadcrumb\"},\"inLanguage\":\"de\",\"potentialAction\":[{\"@type\":\"ReadAction\",\"target\":[\"https:\\\/\\\/revolutionpadelstore.com\\\/de\\\/produkt\\\/paletero-head-tour-team-padel-monstercombi-blnv-1\\\/\"]}]},{\"@type\":\"ImageObject\",\"inLanguage\":\"de\",\"@id\":\"https:\\\/\\\/revolutionpadelstore.com\\\/de\\\/produkt\\\/paletero-head-tour-team-padel-monstercombi-blnv-1\\\/#primaryimage\",\"url\":\"https:\\\/\\\/revolutionpadelstore.com\\\/wp-content\\\/uploads\\\/2025\\\/03\\\/201.png\",\"contentUrl\":\"https:\\\/\\\/revolutionpadelstore.com\\\/wp-content\\\/uploads\\\/2025\\\/03\\\/201.png\",\"width\":1500,\"height\":1500},{\"@type\":\"BreadcrumbList\",\"@id\":\"https:\\\/\\\/revolutionpadelstore.com\\\/de\\\/produkt\\\/paletero-head-tour-team-padel-monstercombi-blnv-1\\\/#breadcrumb\",\"itemListElement\":[{\"@type\":\"ListItem\",\"position\":1,\"name\":\"Portada\",\"item\":\"https:\\\/\\\/revolutionpadelstore.com\\\/de\\\/\"},{\"@type\":\"ListItem\",\"position\":2,\"name\":\"Shop\",\"item\":\"https:\\\/\\\/revolutionpadelstore.com\\\/de\\\/tienda\\\/\"},{\"@type\":\"ListItem\",\"position\":3,\"name\":\"PALETERO HEAD TOUR TEAM PADEL MONSTERCOMBI BLNV\"}]},{\"@type\":\"WebSite\",\"@id\":\"https:\\\/\\\/revolutionpadelstore.com\\\/de\\\/#website\",\"url\":\"https:\\\/\\\/revolutionpadelstore.com\\\/de\\\/\",\"name\":\"Revolution Padel Store\",\"description\":\"\",\"publisher\":{\"@id\":\"https:\\\/\\\/revolutionpadelstore.com\\\/de\\\/#organization\"},\"potentialAction\":[{\"@type\":\"SearchAction\",\"target\":{\"@type\":\"EntryPoint\",\"urlTemplate\":\"https:\\\/\\\/revolutionpadelstore.com\\\/de\\\/?s={search_term_string}\"},\"query-input\":{\"@type\":\"PropertyValueSpecification\",\"valueRequired\":true,\"valueName\":\"search_term_string\"}}],\"inLanguage\":\"de\"},{\"@type\":\"Organization\",\"@id\":\"https:\\\/\\\/revolutionpadelstore.com\\\/de\\\/#organization\",\"name\":\"Revolution Padel Store\",\"url\":\"https:\\\/\\\/revolutionpadelstore.com\\\/de\\\/\",\"logo\":{\"@type\":\"ImageObject\",\"inLanguage\":\"de\",\"@id\":\"https:\\\/\\\/revolutionpadelstore.com\\\/de\\\/#\\\/schema\\\/logo\\\/image\\\/\",\"url\":\"https:\\\/\\\/revolutionpadelstore.com\\\/wp-content\\\/uploads\\\/2026\\\/02\\\/revolution-padel-store.jpg\",\"contentUrl\":\"https:\\\/\\\/revolutionpadelstore.com\\\/wp-content\\\/uploads\\\/2026\\\/02\\\/revolution-padel-store.jpg\",\"width\":2000,\"height\":2000,\"caption\":\"Revolution Padel Store\"},\"image\":{\"@id\":\"https:\\\/\\\/revolutionpadelstore.com\\\/de\\\/#\\\/schema\\\/logo\\\/image\\\/\"},\"sameAs\":[\"https:\\\/\\\/www.instagram.com\\\/revolutionpadelstore\\\/\"]}]}<\/script>\n<!-- \/ Yoast SEO plugin. -->","yoast_head_json":{"title":"PALETERO HEAD TOUR TEAM PADEL MONSTERCOMBI BLNV - Revolution Padel Store","description":"Descubre la bolsa de p\u00e1del HEAD Tour Team Monstercombi con tecnolog\u00eda t\u00e9rmica CCT+, gran capacidad y dise\u00f1o sostenible. \u00a1Compra online al mejor precio en Revolution Padel Store!","robots":{"index":"index","follow":"follow","max-snippet":"max-snippet:-1","max-image-preview":"max-image-preview:large","max-video-preview":"max-video-preview:-1"},"canonical":"https:\/\/revolutionpadelstore.com\/de\/produkt\/paletero-head-tour-team-padel-monstercombi-blnv-1\/","og_locale":"de_DE","og_type":"article","og_title":"PALETERO HEAD TOUR TEAM PADEL MONSTERCOMBI BLNV - Revolution Padel Store","og_description":"Descubre la bolsa de p\u00e1del HEAD Tour Team Monstercombi con tecnolog\u00eda t\u00e9rmica CCT+, gran capacidad y dise\u00f1o sostenible. \u00a1Compra online al mejor precio en Revolution Padel Store!","og_url":"https:\/\/revolutionpadelstore.com\/de\/produkt\/paletero-head-tour-team-padel-monstercombi-blnv-1\/","og_site_name":"Revolution Padel Store","article_modified_time":"2026-04-08T03:32:40+00:00","og_image":[{"width":1500,"height":1500,"url":"https:\/\/revolutionpadelstore.com\/wp-content\/uploads\/2025\/03\/201.png","type":"image\/png"}],"twitter_card":"summary_large_image","twitter_misc":{"Gesch\u00e4tzte Lesezeit":"2\u00a0Minuten"},"schema":{"@context":"https:\/\/schema.org","@graph":[{"@type":"WebPage","@id":"https:\/\/revolutionpadelstore.com\/de\/produkt\/paletero-head-tour-team-padel-monstercombi-blnv-1\/","url":"https:\/\/revolutionpadelstore.com\/de\/produkt\/paletero-head-tour-team-padel-monstercombi-blnv-1\/","name":"PALETERO HEAD TOUR TEAM PADEL MONSTERCOMBI BLNV - Revolution Padel Store","isPartOf":{"@id":"https:\/\/revolutionpadelstore.com\/de\/#website"},"primaryImageOfPage":{"@id":"https:\/\/revolutionpadelstore.com\/de\/produkt\/paletero-head-tour-team-padel-monstercombi-blnv-1\/#primaryimage"},"image":{"@id":"https:\/\/revolutionpadelstore.com\/de\/produkt\/paletero-head-tour-team-padel-monstercombi-blnv-1\/#primaryimage"},"thumbnailUrl":"https:\/\/revolutionpadelstore.com\/wp-content\/uploads\/2025\/03\/201.png","datePublished":"2025-03-21T18:02:10+00:00","dateModified":"2026-04-08T03:32:40+00:00","description":"Descubre la bolsa de p\u00e1del HEAD Tour Team Monstercombi con tecnolog\u00eda t\u00e9rmica CCT+, gran capacidad y dise\u00f1o sostenible. \u00a1Compra online al mejor precio en Revolution Padel Store!","breadcrumb":{"@id":"https:\/\/revolutionpadelstore.com\/de\/produkt\/paletero-head-tour-team-padel-monstercombi-blnv-1\/#breadcrumb"},"inLanguage":"de","potentialAction":[{"@type":"ReadAction","target":["https:\/\/revolutionpadelstore.com\/de\/produkt\/paletero-head-tour-team-padel-monstercombi-blnv-1\/"]}]},{"@type":"ImageObject","inLanguage":"de","@id":"https:\/\/revolutionpadelstore.com\/de\/produkt\/paletero-head-tour-team-padel-monstercombi-blnv-1\/#primaryimage","url":"https:\/\/revolutionpadelstore.com\/wp-content\/uploads\/2025\/03\/201.png","contentUrl":"https:\/\/revolutionpadelstore.com\/wp-content\/uploads\/2025\/03\/201.png","width":1500,"height":1500},{"@type":"BreadcrumbList","@id":"https:\/\/revolutionpadelstore.com\/de\/produkt\/paletero-head-tour-team-padel-monstercombi-blnv-1\/#breadcrumb","itemListElement":[{"@type":"ListItem","position":1,"name":"Portada","item":"https:\/\/revolutionpadelstore.com\/de\/"},{"@type":"ListItem","position":2,"name":"Shop","item":"https:\/\/revolutionpadelstore.com\/de\/tienda\/"},{"@type":"ListItem","position":3,"name":"PALETERO HEAD TOUR TEAM PADEL MONSTERCOMBI BLNV"}]},{"@type":"WebSite","@id":"https:\/\/revolutionpadelstore.com\/de\/#website","url":"https:\/\/revolutionpadelstore.com\/de\/","name":"Revolution Padel Store","description":"","publisher":{"@id":"https:\/\/revolutionpadelstore.com\/de\/#organization"},"potentialAction":[{"@type":"SearchAction","target":{"@type":"EntryPoint","urlTemplate":"https:\/\/revolutionpadelstore.com\/de\/?s={search_term_string}"},"query-input":{"@type":"PropertyValueSpecification","valueRequired":true,"valueName":"search_term_string"}}],"inLanguage":"de"},{"@type":"Organization","@id":"https:\/\/revolutionpadelstore.com\/de\/#organization","name":"Revolution Padel Store","url":"https:\/\/revolutionpadelstore.com\/de\/","logo":{"@type":"ImageObject","inLanguage":"de","@id":"https:\/\/revolutionpadelstore.com\/de\/#\/schema\/logo\/image\/","url":"https:\/\/revolutionpadelstore.com\/wp-content\/uploads\/2026\/02\/revolution-padel-store.jpg","contentUrl":"https:\/\/revolutionpadelstore.com\/wp-content\/uploads\/2026\/02\/revolution-padel-store.jpg","width":2000,"height":2000,"caption":"Revolution Padel Store"},"image":{"@id":"https:\/\/revolutionpadelstore.com\/de\/#\/schema\/logo\/image\/"},"sameAs":["https:\/\/www.instagram.com\/revolutionpadelstore\/"]}]}},"_links":{"self":[{"href":"https:\/\/revolutionpadelstore.com\/de\/wp-json\/wp\/v2\/product\/216151","targetHints":{"allow":["GET"]}}],"collection":[{"href":"https:\/\/revolutionpadelstore.com\/de\/wp-json\/wp\/v2\/product"}],"about":[{"href":"https:\/\/revolutionpadelstore.com\/de\/wp-json\/wp\/v2\/types\/product"}],"replies":[{"embeddable":true,"href":"https:\/\/revolutionpadelstore.com\/de\/wp-json\/wp\/v2\/comments?post=216151"}],"wp:featuredmedia":[{"embeddable":true,"href":"https:\/\/revolutionpadelstore.com\/de\/wp-json\/wp\/v2\/media\/216140"}],"wp:attachment":[{"href":"https:\/\/revolutionpadelstore.com\/de\/wp-json\/wp\/v2\/media?parent=216151"}],"wp:term":[{"taxonomy":"acabado","embeddable":true,"href":"https:\/\/revolutionpadelstore.com\/de\/wp-json\/wp\/v2\/acabado?post=216151"},{"taxonomy":"balance","embeddable":true,"href":"https:\/\/revolutionpadelstore.com\/de\/wp-json\/wp\/v2\/balance?post=216151"},{"taxonomy":"dureza","embeddable":true,"href":"https:\/\/revolutionpadelstore.com\/de\/wp-json\/wp\/v2\/dureza?post=216151"},{"taxonomy":"forma","embeddable":true,"href":"https:\/\/revolutionpadelstore.com\/de\/wp-json\/wp\/v2\/forma?post=216151"},{"taxonomy":"jugador","embeddable":true,"href":"https:\/\/revolutionpadelstore.com\/de\/wp-json\/wp\/v2\/jugador?post=216151"},{"taxonomy":"marca","embeddable":true,"href":"https:\/\/revolutionpadelstore.com\/de\/wp-json\/wp\/v2\/marca?post=216151"},{"taxonomy":"nivel-de-juego","embeddable":true,"href":"https:\/\/revolutionpadelstore.com\/de\/wp-json\/wp\/v2\/nivel-de-juego?post=216151"},{"taxonomy":"superficie","embeddable":true,"href":"https:\/\/revolutionpadelstore.com\/de\/wp-json\/wp\/v2\/superficie?post=216151"},{"taxonomy":"tipo-de-juego","embeddable":true,"href":"https:\/\/revolutionpadelstore.com\/de\/wp-json\/wp\/v2\/tipo-de-juego?post=216151"},{"taxonomy":"product_brand","embeddable":true,"href":"https:\/\/revolutionpadelstore.com\/de\/wp-json\/wp\/v2\/product_brand?post=216151"},{"taxonomy":"product_cat","embeddable":true,"href":"https:\/\/revolutionpadelstore.com\/de\/wp-json\/wp\/v2\/product_cat?post=216151"},{"taxonomy":"product_tag","embeddable":true,"href":"https:\/\/revolutionpadelstore.com\/de\/wp-json\/wp\/v2\/product_tag?post=216151"}],"curies":[{"name":"wp","href":"https:\/\/api.w.org\/{rel}","templated":true}]}}