{"id":216071,"date":"2025-03-20T10:53:36","date_gmt":"2025-03-20T09:53:36","guid":{"rendered":"https:\/\/revolutionpadelstore.com\/cajon-72-pelotas-18-botes-de-4-uds-dunlop-tour-brillance\/"},"modified":"2026-04-08T05:33:16","modified_gmt":"2026-04-08T03:33:16","slug":"cajon-72-pelotas-18-botes-de-4-uds-dunlop-tour-brillance-1","status":"publish","type":"product","link":"https:\/\/revolutionpadelstore.com\/de\/produkt\/cajon-72-pelotas-18-botes-de-4-uds-dunlop-tour-brillance-1\/","title":{"rendered":"CAJON 72 PELOTAS-18 BOTES DE 4 UDS-DUNLOP TOUR BRILLANCE"},"content":{"rendered":"<h2> Dunlop Tour Brilliance Tennisb\u00e4lle <\/ h2><br \/>\nEntdecken Sie die <strong> Dunlop Tour Brilliance B\u00e4lle <\/strong>, die sowohl im Wettbewerb als auch im Training au\u00dfergew\u00f6hnliche Leistung bieten soll. Diese Tennisb\u00e4lle sind durch die folgenden innovativen Technologien durch ihre hohe Haltbarkeit und eine verbesserte Sichtbarkeit hervorzuheben:<\/p>\n<h2> <strong> Prominente Technologien <\/ strong> <\/ h2><br \/>\n<strong> -Hi -Vis -Stoff <\/strong>: Mit einem reflektierteren Spezialfarbstoff ist der Stoff dieser Kugeln 10 % heller und garantiert eine bessere Sichtbarkeit auf der Strecke.<\/p>\n<p><strong> -HD -Kern <\/strong>: Kern mit hoher Dichte, die die obere Haltbarkeit und die konstante Leistung in jeder Spielfl\u00e4che gew\u00e4hrleistet.<\/p>\n<h2> <strong> Haupteigenschaften <\/ strong> <\/ h2><br \/>\n-H\u00f6he hochwertige Druckhindernisse.<\/p>\n<p>-Erzellente Umgebung auf allen Oberfl\u00e4chen, die sich sowohl an professionelle Spieler als auch an Amateure anpassen.<\/p>\n<p>-Design, die Widerstand und Sichtbarkeit optimiert.<\/p>\n<h2> <strong> Kaufoptionen <\/ strong> <\/ h2><br \/>\n<strong> -Pack x3 <\/strong>: Ideal f\u00fcr gelegentliche Gegenst\u00e4nde oder Training.<\/p>\n<p><strong> -Dunlop Tour Brilliance <\/strong>: 18 Boote mit jeweils 4 B\u00e4llen (insgesamt 72 B\u00e4lle), perfekt f\u00fcr Gewohnheitsvereine und Spieler.<\/p>\n<h2> <strong> Warum Dunlop Tour Brilliance w\u00e4hlen? <\/ strong> <\/ h2><br \/>\nDie Dunlop Tour Brilliance -B\u00e4lle sind nicht nur f\u00fcr ihre Qualit\u00e4t hervorgegangen, sondern sollen auch jeden Schlag verbessern und sich an die Bed\u00fcrfnisse der anspruchsvollsten Spieler anpassen. Mit dem HD-Kernkern und dem Filz-Hi-Vis-Tuch genie\u00dfen Sie jederzeit ein fl\u00fcssigeres, pr\u00e4ziseres und sichtbares Spiel.<\/p>\n<h2> <strong> hol sie sie jetzt! <\/ strong> <\/ h2><br \/>\nKaufen Sie die Dunlop Tour Brilliance Tennisb\u00e4lle in unserem Online -Shop <a href=\"https:\/\/www.revolutionpadelstore.com\/\"> www.revolutionpadelstore.com<\/p>\n<h2>Pelotas de Tenis Dunlop Tour Brilliance<\/h2>\n","protected":false},"excerpt":{"rendered":"<p>Dunlop Tour Brilliance Tennisb\u00e4lle Entdecken Sie die Dunlop Tour Brilliance B\u00e4lle , die sowohl im Wettbewerb als auch im Training au\u00dfergew\u00f6hnliche Leistung bieten soll. Diese Tennisb\u00e4lle sind durch die folgenden innovativen Technologien durch ihre hohe Haltbarkeit und eine verbesserte Sichtbarkeit hervorzuheben: Prominente Technologien -Hi -Vis -Stoff : Mit einem reflektierteren Spezialfarbstoff ist der Stoff dieser [&hellip;]<\/p>\n","protected":false},"featured_media":267681,"comment_status":"open","ping_status":"closed","template":"","meta":{"_acf_changed":false,"_joinchat":[]},"acabado":[],"balance":[],"dureza":[],"forma":[],"jugador":[],"marca":[1209],"nivel-de-juego":[],"superficie":[],"tipo-de-juego":[],"product_brand":[],"product_cat":[603],"product_tag":[],"class_list":{"0":"post-216071","1":"product","2":"type-product","3":"status-publish","4":"has-post-thumbnail","6":"marca-dunlop-de","7":"product_cat-balle","9":"first","10":"outofstock","11":"sale","12":"taxable","13":"shipping-taxable","14":"purchasable","15":"product-type-simple"},"acf":[],"yoast_head":"<!-- This site is optimized with the Yoast SEO plugin v27.4 - https:\/\/yoast.com\/product\/yoast-seo-wordpress\/ -->\n<title>CAJON 72 PELOTAS-18 BOTES DE 4 UDS-DUNLOP TOUR BRILLANCE - Revolution Padel Store<\/title>\n<meta name=\"description\" content=\"Compra las pelotas de tenis Dunlop Tour Brilliance en nuestra tienda online\u00a0www.revolutionpadelstore.com, probablemente al mejor precio del mercado\" \/>\n<meta name=\"robots\" content=\"index, follow, max-snippet:-1, max-image-preview:large, max-video-preview:-1\" \/>\n<link rel=\"canonical\" href=\"https:\/\/revolutionpadelstore.com\/de\/produkt\/cajon-72-pelotas-18-botes-de-4-uds-dunlop-tour-brillance-1\/\" \/>\n<meta property=\"og:locale\" content=\"de_DE\" \/>\n<meta property=\"og:type\" content=\"article\" \/>\n<meta property=\"og:title\" content=\"CAJON 72 PELOTAS-18 BOTES DE 4 UDS-DUNLOP TOUR BRILLANCE - Revolution Padel Store\" \/>\n<meta property=\"og:description\" content=\"Compra las pelotas de tenis Dunlop Tour Brilliance en nuestra tienda online\u00a0www.revolutionpadelstore.com, probablemente al mejor precio del mercado\" \/>\n<meta property=\"og:url\" content=\"https:\/\/revolutionpadelstore.com\/de\/produkt\/cajon-72-pelotas-18-botes-de-4-uds-dunlop-tour-brillance-1\/\" \/>\n<meta property=\"og:site_name\" content=\"Revolution Padel Store\" \/>\n<meta property=\"article:modified_time\" content=\"2026-04-08T03:33:16+00:00\" \/>\n<meta property=\"og:image\" content=\"https:\/\/revolutionpadelstore.com\/wp-content\/uploads\/2025\/03\/364.png\" \/>\n\t<meta property=\"og:image:width\" content=\"1500\" \/>\n\t<meta property=\"og:image:height\" content=\"1500\" \/>\n\t<meta property=\"og:image:type\" content=\"image\/png\" \/>\n<meta name=\"twitter:card\" content=\"summary_large_image\" \/>\n<meta name=\"twitter:label1\" content=\"Gesch\u00e4tzte Lesezeit\" \/>\n\t<meta name=\"twitter:data1\" content=\"2\u00a0Minuten\" \/>\n<script type=\"application\/ld+json\" class=\"yoast-schema-graph\">{\"@context\":\"https:\\\/\\\/schema.org\",\"@graph\":[{\"@type\":\"WebPage\",\"@id\":\"https:\\\/\\\/revolutionpadelstore.com\\\/de\\\/produkt\\\/cajon-72-pelotas-18-botes-de-4-uds-dunlop-tour-brillance-1\\\/\",\"url\":\"https:\\\/\\\/revolutionpadelstore.com\\\/de\\\/produkt\\\/cajon-72-pelotas-18-botes-de-4-uds-dunlop-tour-brillance-1\\\/\",\"name\":\"CAJON 72 PELOTAS-18 BOTES DE 4 UDS-DUNLOP TOUR BRILLANCE - Revolution Padel Store\",\"isPartOf\":{\"@id\":\"https:\\\/\\\/revolutionpadelstore.com\\\/de\\\/#website\"},\"primaryImageOfPage\":{\"@id\":\"https:\\\/\\\/revolutionpadelstore.com\\\/de\\\/produkt\\\/cajon-72-pelotas-18-botes-de-4-uds-dunlop-tour-brillance-1\\\/#primaryimage\"},\"image\":{\"@id\":\"https:\\\/\\\/revolutionpadelstore.com\\\/de\\\/produkt\\\/cajon-72-pelotas-18-botes-de-4-uds-dunlop-tour-brillance-1\\\/#primaryimage\"},\"thumbnailUrl\":\"https:\\\/\\\/revolutionpadelstore.com\\\/wp-content\\\/uploads\\\/2025\\\/03\\\/364.png\",\"datePublished\":\"2025-03-20T09:53:36+00:00\",\"dateModified\":\"2026-04-08T03:33:16+00:00\",\"description\":\"Compra las pelotas de tenis Dunlop Tour Brilliance en nuestra tienda online\u00a0www.revolutionpadelstore.com, probablemente al mejor precio del mercado\",\"breadcrumb\":{\"@id\":\"https:\\\/\\\/revolutionpadelstore.com\\\/de\\\/produkt\\\/cajon-72-pelotas-18-botes-de-4-uds-dunlop-tour-brillance-1\\\/#breadcrumb\"},\"inLanguage\":\"de\",\"potentialAction\":[{\"@type\":\"ReadAction\",\"target\":[\"https:\\\/\\\/revolutionpadelstore.com\\\/de\\\/produkt\\\/cajon-72-pelotas-18-botes-de-4-uds-dunlop-tour-brillance-1\\\/\"]}]},{\"@type\":\"ImageObject\",\"inLanguage\":\"de\",\"@id\":\"https:\\\/\\\/revolutionpadelstore.com\\\/de\\\/produkt\\\/cajon-72-pelotas-18-botes-de-4-uds-dunlop-tour-brillance-1\\\/#primaryimage\",\"url\":\"https:\\\/\\\/revolutionpadelstore.com\\\/wp-content\\\/uploads\\\/2025\\\/03\\\/364.png\",\"contentUrl\":\"https:\\\/\\\/revolutionpadelstore.com\\\/wp-content\\\/uploads\\\/2025\\\/03\\\/364.png\",\"width\":1500,\"height\":1500},{\"@type\":\"BreadcrumbList\",\"@id\":\"https:\\\/\\\/revolutionpadelstore.com\\\/de\\\/produkt\\\/cajon-72-pelotas-18-botes-de-4-uds-dunlop-tour-brillance-1\\\/#breadcrumb\",\"itemListElement\":[{\"@type\":\"ListItem\",\"position\":1,\"name\":\"Portada\",\"item\":\"https:\\\/\\\/revolutionpadelstore.com\\\/de\\\/\"},{\"@type\":\"ListItem\",\"position\":2,\"name\":\"Shop\",\"item\":\"https:\\\/\\\/revolutionpadelstore.com\\\/de\\\/tienda\\\/\"},{\"@type\":\"ListItem\",\"position\":3,\"name\":\"CAJON 72 PELOTAS-18 BOTES DE 4 UDS-DUNLOP TOUR BRILLANCE\"}]},{\"@type\":\"WebSite\",\"@id\":\"https:\\\/\\\/revolutionpadelstore.com\\\/de\\\/#website\",\"url\":\"https:\\\/\\\/revolutionpadelstore.com\\\/de\\\/\",\"name\":\"Revolution Padel Store\",\"description\":\"\",\"publisher\":{\"@id\":\"https:\\\/\\\/revolutionpadelstore.com\\\/de\\\/#organization\"},\"potentialAction\":[{\"@type\":\"SearchAction\",\"target\":{\"@type\":\"EntryPoint\",\"urlTemplate\":\"https:\\\/\\\/revolutionpadelstore.com\\\/de\\\/?s={search_term_string}\"},\"query-input\":{\"@type\":\"PropertyValueSpecification\",\"valueRequired\":true,\"valueName\":\"search_term_string\"}}],\"inLanguage\":\"de\"},{\"@type\":\"Organization\",\"@id\":\"https:\\\/\\\/revolutionpadelstore.com\\\/de\\\/#organization\",\"name\":\"Revolution Padel Store\",\"url\":\"https:\\\/\\\/revolutionpadelstore.com\\\/de\\\/\",\"logo\":{\"@type\":\"ImageObject\",\"inLanguage\":\"de\",\"@id\":\"https:\\\/\\\/revolutionpadelstore.com\\\/de\\\/#\\\/schema\\\/logo\\\/image\\\/\",\"url\":\"https:\\\/\\\/revolutionpadelstore.com\\\/wp-content\\\/uploads\\\/2026\\\/02\\\/revolution-padel-store.jpg\",\"contentUrl\":\"https:\\\/\\\/revolutionpadelstore.com\\\/wp-content\\\/uploads\\\/2026\\\/02\\\/revolution-padel-store.jpg\",\"width\":2000,\"height\":2000,\"caption\":\"Revolution Padel Store\"},\"image\":{\"@id\":\"https:\\\/\\\/revolutionpadelstore.com\\\/de\\\/#\\\/schema\\\/logo\\\/image\\\/\"},\"sameAs\":[\"https:\\\/\\\/www.instagram.com\\\/revolutionpadelstore\\\/\"]}]}<\/script>\n<!-- \/ Yoast SEO plugin. -->","yoast_head_json":{"title":"CAJON 72 PELOTAS-18 BOTES DE 4 UDS-DUNLOP TOUR BRILLANCE - Revolution Padel Store","description":"Compra las pelotas de tenis Dunlop Tour Brilliance en nuestra tienda online\u00a0www.revolutionpadelstore.com, probablemente al mejor precio del mercado","robots":{"index":"index","follow":"follow","max-snippet":"max-snippet:-1","max-image-preview":"max-image-preview:large","max-video-preview":"max-video-preview:-1"},"canonical":"https:\/\/revolutionpadelstore.com\/de\/produkt\/cajon-72-pelotas-18-botes-de-4-uds-dunlop-tour-brillance-1\/","og_locale":"de_DE","og_type":"article","og_title":"CAJON 72 PELOTAS-18 BOTES DE 4 UDS-DUNLOP TOUR BRILLANCE - Revolution Padel Store","og_description":"Compra las pelotas de tenis Dunlop Tour Brilliance en nuestra tienda online\u00a0www.revolutionpadelstore.com, probablemente al mejor precio del mercado","og_url":"https:\/\/revolutionpadelstore.com\/de\/produkt\/cajon-72-pelotas-18-botes-de-4-uds-dunlop-tour-brillance-1\/","og_site_name":"Revolution Padel Store","article_modified_time":"2026-04-08T03:33:16+00:00","og_image":[{"width":1500,"height":1500,"url":"https:\/\/revolutionpadelstore.com\/wp-content\/uploads\/2025\/03\/364.png","type":"image\/png"}],"twitter_card":"summary_large_image","twitter_misc":{"Gesch\u00e4tzte Lesezeit":"2\u00a0Minuten"},"schema":{"@context":"https:\/\/schema.org","@graph":[{"@type":"WebPage","@id":"https:\/\/revolutionpadelstore.com\/de\/produkt\/cajon-72-pelotas-18-botes-de-4-uds-dunlop-tour-brillance-1\/","url":"https:\/\/revolutionpadelstore.com\/de\/produkt\/cajon-72-pelotas-18-botes-de-4-uds-dunlop-tour-brillance-1\/","name":"CAJON 72 PELOTAS-18 BOTES DE 4 UDS-DUNLOP TOUR BRILLANCE - Revolution Padel Store","isPartOf":{"@id":"https:\/\/revolutionpadelstore.com\/de\/#website"},"primaryImageOfPage":{"@id":"https:\/\/revolutionpadelstore.com\/de\/produkt\/cajon-72-pelotas-18-botes-de-4-uds-dunlop-tour-brillance-1\/#primaryimage"},"image":{"@id":"https:\/\/revolutionpadelstore.com\/de\/produkt\/cajon-72-pelotas-18-botes-de-4-uds-dunlop-tour-brillance-1\/#primaryimage"},"thumbnailUrl":"https:\/\/revolutionpadelstore.com\/wp-content\/uploads\/2025\/03\/364.png","datePublished":"2025-03-20T09:53:36+00:00","dateModified":"2026-04-08T03:33:16+00:00","description":"Compra las pelotas de tenis Dunlop Tour Brilliance en nuestra tienda online\u00a0www.revolutionpadelstore.com, probablemente al mejor precio del mercado","breadcrumb":{"@id":"https:\/\/revolutionpadelstore.com\/de\/produkt\/cajon-72-pelotas-18-botes-de-4-uds-dunlop-tour-brillance-1\/#breadcrumb"},"inLanguage":"de","potentialAction":[{"@type":"ReadAction","target":["https:\/\/revolutionpadelstore.com\/de\/produkt\/cajon-72-pelotas-18-botes-de-4-uds-dunlop-tour-brillance-1\/"]}]},{"@type":"ImageObject","inLanguage":"de","@id":"https:\/\/revolutionpadelstore.com\/de\/produkt\/cajon-72-pelotas-18-botes-de-4-uds-dunlop-tour-brillance-1\/#primaryimage","url":"https:\/\/revolutionpadelstore.com\/wp-content\/uploads\/2025\/03\/364.png","contentUrl":"https:\/\/revolutionpadelstore.com\/wp-content\/uploads\/2025\/03\/364.png","width":1500,"height":1500},{"@type":"BreadcrumbList","@id":"https:\/\/revolutionpadelstore.com\/de\/produkt\/cajon-72-pelotas-18-botes-de-4-uds-dunlop-tour-brillance-1\/#breadcrumb","itemListElement":[{"@type":"ListItem","position":1,"name":"Portada","item":"https:\/\/revolutionpadelstore.com\/de\/"},{"@type":"ListItem","position":2,"name":"Shop","item":"https:\/\/revolutionpadelstore.com\/de\/tienda\/"},{"@type":"ListItem","position":3,"name":"CAJON 72 PELOTAS-18 BOTES DE 4 UDS-DUNLOP TOUR BRILLANCE"}]},{"@type":"WebSite","@id":"https:\/\/revolutionpadelstore.com\/de\/#website","url":"https:\/\/revolutionpadelstore.com\/de\/","name":"Revolution Padel Store","description":"","publisher":{"@id":"https:\/\/revolutionpadelstore.com\/de\/#organization"},"potentialAction":[{"@type":"SearchAction","target":{"@type":"EntryPoint","urlTemplate":"https:\/\/revolutionpadelstore.com\/de\/?s={search_term_string}"},"query-input":{"@type":"PropertyValueSpecification","valueRequired":true,"valueName":"search_term_string"}}],"inLanguage":"de"},{"@type":"Organization","@id":"https:\/\/revolutionpadelstore.com\/de\/#organization","name":"Revolution Padel Store","url":"https:\/\/revolutionpadelstore.com\/de\/","logo":{"@type":"ImageObject","inLanguage":"de","@id":"https:\/\/revolutionpadelstore.com\/de\/#\/schema\/logo\/image\/","url":"https:\/\/revolutionpadelstore.com\/wp-content\/uploads\/2026\/02\/revolution-padel-store.jpg","contentUrl":"https:\/\/revolutionpadelstore.com\/wp-content\/uploads\/2026\/02\/revolution-padel-store.jpg","width":2000,"height":2000,"caption":"Revolution Padel Store"},"image":{"@id":"https:\/\/revolutionpadelstore.com\/de\/#\/schema\/logo\/image\/"},"sameAs":["https:\/\/www.instagram.com\/revolutionpadelstore\/"]}]}},"_links":{"self":[{"href":"https:\/\/revolutionpadelstore.com\/de\/wp-json\/wp\/v2\/product\/216071","targetHints":{"allow":["GET"]}}],"collection":[{"href":"https:\/\/revolutionpadelstore.com\/de\/wp-json\/wp\/v2\/product"}],"about":[{"href":"https:\/\/revolutionpadelstore.com\/de\/wp-json\/wp\/v2\/types\/product"}],"replies":[{"embeddable":true,"href":"https:\/\/revolutionpadelstore.com\/de\/wp-json\/wp\/v2\/comments?post=216071"}],"wp:featuredmedia":[{"embeddable":true,"href":"https:\/\/revolutionpadelstore.com\/de\/wp-json\/wp\/v2\/media\/267681"}],"wp:attachment":[{"href":"https:\/\/revolutionpadelstore.com\/de\/wp-json\/wp\/v2\/media?parent=216071"}],"wp:term":[{"taxonomy":"acabado","embeddable":true,"href":"https:\/\/revolutionpadelstore.com\/de\/wp-json\/wp\/v2\/acabado?post=216071"},{"taxonomy":"balance","embeddable":true,"href":"https:\/\/revolutionpadelstore.com\/de\/wp-json\/wp\/v2\/balance?post=216071"},{"taxonomy":"dureza","embeddable":true,"href":"https:\/\/revolutionpadelstore.com\/de\/wp-json\/wp\/v2\/dureza?post=216071"},{"taxonomy":"forma","embeddable":true,"href":"https:\/\/revolutionpadelstore.com\/de\/wp-json\/wp\/v2\/forma?post=216071"},{"taxonomy":"jugador","embeddable":true,"href":"https:\/\/revolutionpadelstore.com\/de\/wp-json\/wp\/v2\/jugador?post=216071"},{"taxonomy":"marca","embeddable":true,"href":"https:\/\/revolutionpadelstore.com\/de\/wp-json\/wp\/v2\/marca?post=216071"},{"taxonomy":"nivel-de-juego","embeddable":true,"href":"https:\/\/revolutionpadelstore.com\/de\/wp-json\/wp\/v2\/nivel-de-juego?post=216071"},{"taxonomy":"superficie","embeddable":true,"href":"https:\/\/revolutionpadelstore.com\/de\/wp-json\/wp\/v2\/superficie?post=216071"},{"taxonomy":"tipo-de-juego","embeddable":true,"href":"https:\/\/revolutionpadelstore.com\/de\/wp-json\/wp\/v2\/tipo-de-juego?post=216071"},{"taxonomy":"product_brand","embeddable":true,"href":"https:\/\/revolutionpadelstore.com\/de\/wp-json\/wp\/v2\/product_brand?post=216071"},{"taxonomy":"product_cat","embeddable":true,"href":"https:\/\/revolutionpadelstore.com\/de\/wp-json\/wp\/v2\/product_cat?post=216071"},{"taxonomy":"product_tag","embeddable":true,"href":"https:\/\/revolutionpadelstore.com\/de\/wp-json\/wp\/v2\/product_tag?post=216071"}],"curies":[{"name":"wp","href":"https:\/\/api.w.org\/{rel}","templated":true}]}}