{"id":215544,"date":"2025-03-14T12:55:02","date_gmt":"2025-03-14T11:55:02","guid":{"rendered":"https:\/\/revolutionpadelstore.com\/short-mizuno-harlem-nara-negro-training\/"},"modified":"2026-04-08T05:39:23","modified_gmt":"2026-04-08T03:39:23","slug":"short-mizuno-harlem-nara-negro-training-1","status":"publish","type":"product","link":"https:\/\/revolutionpadelstore.com\/de\/produkt\/short-mizuno-harlem-nara-negro-training-1\/","title":{"rendered":"SHORT MIZUNO-HARLEM NARA NEGRO TRAINING"},"content":{"rendered":"<h2> Kurzer Mizuno-Harlem Nara Training Schwarzkomfort und Leistung in jedem Training <\/ H2><br \/>\nDas <strong> Short Mizuno Nara Training <\/strong> bietet Ihnen die maximale Bewegungsfreiheit und den Komfort in jeder Sportsitzung. Hergestellt mit <strong> leichten und atmungsaktiven <\/strong> <\/strong> Stoff garantieren sie auch im intensivsten Training Frische und Komfort.<\/p>\n<h2> Ausstehende Eigenschaften <\/ H2><br \/>\n-Tome atmungsaktiv: Halten Sie die Haut dank Ihrer Feuchtigkeitsabsorptionskapazit\u00e4t trocken.<br \/>\n-Anatomische Anpassung: Es bietet eine sichere Unterst\u00fctzung ohne Einschr\u00e4nkungen.<br \/>\n-Flexible Design: Erm\u00f6glicht die Gesamtmobilit\u00e4t in jeder Sportdisziplin.<br \/>\n-Funktionale Seitenr\u00fccker: Perfekt, um das Wesentliche mit Ihnen zu tragen.<\/p>\n<h2> perfekt f\u00fcr jede Aktivit\u00e4t <\/ h2><br \/>\nIdeal f\u00fcr das Training in <strong> Fitnessstudio, Laufen, CrossFit- oder Outdoor -Sport <\/strong>, das <strong> Nara -Training <\/strong> von Mizuno passen sich Ihrem Rhythmus an und erm\u00f6glicht es Ihnen, Ihre Grenzen zu \u00fcberwinden.<\/p>\n<p>Verpassen Sie nicht die Gelegenheit, Ihre Leistung mit dem <strong> kurzen Mizuno Nara -Training <\/strong> zu verbessern, das jetzt in <strong> <a href=\"https:\/\/www.revolutionpadelstore.com\/\"> www.revolutionpadelstore.com <\/a> <\/strong>, wahrscheinlich am besten Marktpreis, verf\u00fcgbar ist!<\/p>\n<h2>Short Mizuno-Harlem Nara Training\u00a0 Negro\u2013 Comodidad y rendimiento en cada entrenamiento<\/h2>\n","protected":false},"excerpt":{"rendered":"<p>Das Mizuno Nara -Training bietet dank ihres leichten und atmungsaktiven Stoffes einen gro\u00dfen Komfort und Anpassungsf\u00e4higkeit sowie ein ergonomisches Design. Sie perfekt f\u00fcr das Training im Fitnessstudio und im Freien und sorgen f\u00fcr eine optimale Mobilit\u00e4t und hohe Leistung.<\/p>\n","protected":false},"featured_media":215523,"comment_status":"open","ping_status":"closed","template":"","meta":{"_acf_changed":false,"_joinchat":[]},"acabado":[],"balance":[],"dureza":[],"forma":[],"jugador":[1199],"marca":[1234,1329],"nivel-de-juego":[],"superficie":[],"tipo-de-juego":[],"product_brand":[],"product_cat":[323],"product_tag":[],"class_list":{"0":"post-215544","1":"product","2":"type-product","3":"status-publish","4":"has-post-thumbnail","6":"jugador-mehrzweck","7":"marca-harlem-padel-de","8":"marca-mizuno-de","9":"product_cat-ropa-de","11":"first","12":"outofstock","13":"sale","14":"taxable","15":"shipping-taxable","16":"purchasable","17":"product-type-variable"},"acf":[],"yoast_head":"<!-- This site is optimized with the Yoast SEO plugin v27.4 - https:\/\/yoast.com\/product\/yoast-seo-wordpress\/ -->\n<title>SHORT MIZUNO-HARLEM NARA NEGRO TRAINING - Revolution Padel Store<\/title>\n<meta name=\"description\" content=\"No dejes pasar la oportunidad de mejorar tu rendimiento con los\u00a0Short Mizuno Nara Training, disponibles ahora en\u00a0www.revolutionpadelstore.com, \u00a1probablemente al mejor precio del mercado!\" \/>\n<meta name=\"robots\" content=\"index, follow, max-snippet:-1, max-image-preview:large, max-video-preview:-1\" \/>\n<link rel=\"canonical\" href=\"https:\/\/revolutionpadelstore.com\/de\/produkt\/short-mizuno-harlem-nara-negro-training-1\/\" \/>\n<meta property=\"og:locale\" content=\"de_DE\" \/>\n<meta property=\"og:type\" content=\"article\" \/>\n<meta property=\"og:title\" content=\"SHORT MIZUNO-HARLEM NARA NEGRO TRAINING - Revolution Padel Store\" \/>\n<meta property=\"og:description\" content=\"No dejes pasar la oportunidad de mejorar tu rendimiento con los\u00a0Short Mizuno Nara Training, disponibles ahora en\u00a0www.revolutionpadelstore.com, \u00a1probablemente al mejor precio del mercado!\" \/>\n<meta property=\"og:url\" content=\"https:\/\/revolutionpadelstore.com\/de\/produkt\/short-mizuno-harlem-nara-negro-training-1\/\" \/>\n<meta property=\"og:site_name\" content=\"Revolution Padel Store\" \/>\n<meta property=\"article:modified_time\" content=\"2026-04-08T03:39:23+00:00\" \/>\n<meta property=\"og:image\" content=\"https:\/\/revolutionpadelstore.com\/wp-content\/uploads\/2025\/03\/185.png\" \/>\n\t<meta property=\"og:image:width\" content=\"1500\" \/>\n\t<meta property=\"og:image:height\" content=\"1500\" \/>\n\t<meta property=\"og:image:type\" content=\"image\/png\" \/>\n<meta name=\"twitter:card\" content=\"summary_large_image\" \/>\n<meta name=\"twitter:label1\" content=\"Gesch\u00e4tzte Lesezeit\" \/>\n\t<meta name=\"twitter:data1\" content=\"1\u00a0Minute\" \/>\n<script type=\"application\/ld+json\" class=\"yoast-schema-graph\">{\"@context\":\"https:\\\/\\\/schema.org\",\"@graph\":[{\"@type\":\"WebPage\",\"@id\":\"https:\\\/\\\/revolutionpadelstore.com\\\/de\\\/produkt\\\/short-mizuno-harlem-nara-negro-training-1\\\/\",\"url\":\"https:\\\/\\\/revolutionpadelstore.com\\\/de\\\/produkt\\\/short-mizuno-harlem-nara-negro-training-1\\\/\",\"name\":\"SHORT MIZUNO-HARLEM NARA NEGRO TRAINING - Revolution Padel Store\",\"isPartOf\":{\"@id\":\"https:\\\/\\\/revolutionpadelstore.com\\\/de\\\/#website\"},\"primaryImageOfPage\":{\"@id\":\"https:\\\/\\\/revolutionpadelstore.com\\\/de\\\/produkt\\\/short-mizuno-harlem-nara-negro-training-1\\\/#primaryimage\"},\"image\":{\"@id\":\"https:\\\/\\\/revolutionpadelstore.com\\\/de\\\/produkt\\\/short-mizuno-harlem-nara-negro-training-1\\\/#primaryimage\"},\"thumbnailUrl\":\"https:\\\/\\\/revolutionpadelstore.com\\\/wp-content\\\/uploads\\\/2025\\\/03\\\/185.png\",\"datePublished\":\"2025-03-14T11:55:02+00:00\",\"dateModified\":\"2026-04-08T03:39:23+00:00\",\"description\":\"No dejes pasar la oportunidad de mejorar tu rendimiento con los\u00a0Short Mizuno Nara Training, disponibles ahora en\u00a0www.revolutionpadelstore.com, \u00a1probablemente al mejor precio del mercado!\",\"breadcrumb\":{\"@id\":\"https:\\\/\\\/revolutionpadelstore.com\\\/de\\\/produkt\\\/short-mizuno-harlem-nara-negro-training-1\\\/#breadcrumb\"},\"inLanguage\":\"de\",\"potentialAction\":[{\"@type\":\"ReadAction\",\"target\":[\"https:\\\/\\\/revolutionpadelstore.com\\\/de\\\/produkt\\\/short-mizuno-harlem-nara-negro-training-1\\\/\"]}]},{\"@type\":\"ImageObject\",\"inLanguage\":\"de\",\"@id\":\"https:\\\/\\\/revolutionpadelstore.com\\\/de\\\/produkt\\\/short-mizuno-harlem-nara-negro-training-1\\\/#primaryimage\",\"url\":\"https:\\\/\\\/revolutionpadelstore.com\\\/wp-content\\\/uploads\\\/2025\\\/03\\\/185.png\",\"contentUrl\":\"https:\\\/\\\/revolutionpadelstore.com\\\/wp-content\\\/uploads\\\/2025\\\/03\\\/185.png\",\"width\":1500,\"height\":1500},{\"@type\":\"BreadcrumbList\",\"@id\":\"https:\\\/\\\/revolutionpadelstore.com\\\/de\\\/produkt\\\/short-mizuno-harlem-nara-negro-training-1\\\/#breadcrumb\",\"itemListElement\":[{\"@type\":\"ListItem\",\"position\":1,\"name\":\"Portada\",\"item\":\"https:\\\/\\\/revolutionpadelstore.com\\\/de\\\/\"},{\"@type\":\"ListItem\",\"position\":2,\"name\":\"Shop\",\"item\":\"https:\\\/\\\/revolutionpadelstore.com\\\/de\\\/tienda\\\/\"},{\"@type\":\"ListItem\",\"position\":3,\"name\":\"SHORT MIZUNO-HARLEM NARA NEGRO TRAINING\"}]},{\"@type\":\"WebSite\",\"@id\":\"https:\\\/\\\/revolutionpadelstore.com\\\/de\\\/#website\",\"url\":\"https:\\\/\\\/revolutionpadelstore.com\\\/de\\\/\",\"name\":\"Revolution Padel Store\",\"description\":\"\",\"publisher\":{\"@id\":\"https:\\\/\\\/revolutionpadelstore.com\\\/de\\\/#organization\"},\"potentialAction\":[{\"@type\":\"SearchAction\",\"target\":{\"@type\":\"EntryPoint\",\"urlTemplate\":\"https:\\\/\\\/revolutionpadelstore.com\\\/de\\\/?s={search_term_string}\"},\"query-input\":{\"@type\":\"PropertyValueSpecification\",\"valueRequired\":true,\"valueName\":\"search_term_string\"}}],\"inLanguage\":\"de\"},{\"@type\":\"Organization\",\"@id\":\"https:\\\/\\\/revolutionpadelstore.com\\\/de\\\/#organization\",\"name\":\"Revolution Padel Store\",\"url\":\"https:\\\/\\\/revolutionpadelstore.com\\\/de\\\/\",\"logo\":{\"@type\":\"ImageObject\",\"inLanguage\":\"de\",\"@id\":\"https:\\\/\\\/revolutionpadelstore.com\\\/de\\\/#\\\/schema\\\/logo\\\/image\\\/\",\"url\":\"https:\\\/\\\/revolutionpadelstore.com\\\/wp-content\\\/uploads\\\/2026\\\/02\\\/revolution-padel-store.jpg\",\"contentUrl\":\"https:\\\/\\\/revolutionpadelstore.com\\\/wp-content\\\/uploads\\\/2026\\\/02\\\/revolution-padel-store.jpg\",\"width\":2000,\"height\":2000,\"caption\":\"Revolution Padel Store\"},\"image\":{\"@id\":\"https:\\\/\\\/revolutionpadelstore.com\\\/de\\\/#\\\/schema\\\/logo\\\/image\\\/\"},\"sameAs\":[\"https:\\\/\\\/www.instagram.com\\\/revolutionpadelstore\\\/\"]}]}<\/script>\n<!-- \/ Yoast SEO plugin. -->","yoast_head_json":{"title":"SHORT MIZUNO-HARLEM NARA NEGRO TRAINING - Revolution Padel Store","description":"No dejes pasar la oportunidad de mejorar tu rendimiento con los\u00a0Short Mizuno Nara Training, disponibles ahora en\u00a0www.revolutionpadelstore.com, \u00a1probablemente al mejor precio del mercado!","robots":{"index":"index","follow":"follow","max-snippet":"max-snippet:-1","max-image-preview":"max-image-preview:large","max-video-preview":"max-video-preview:-1"},"canonical":"https:\/\/revolutionpadelstore.com\/de\/produkt\/short-mizuno-harlem-nara-negro-training-1\/","og_locale":"de_DE","og_type":"article","og_title":"SHORT MIZUNO-HARLEM NARA NEGRO TRAINING - Revolution Padel Store","og_description":"No dejes pasar la oportunidad de mejorar tu rendimiento con los\u00a0Short Mizuno Nara Training, disponibles ahora en\u00a0www.revolutionpadelstore.com, \u00a1probablemente al mejor precio del mercado!","og_url":"https:\/\/revolutionpadelstore.com\/de\/produkt\/short-mizuno-harlem-nara-negro-training-1\/","og_site_name":"Revolution Padel Store","article_modified_time":"2026-04-08T03:39:23+00:00","og_image":[{"width":1500,"height":1500,"url":"https:\/\/revolutionpadelstore.com\/wp-content\/uploads\/2025\/03\/185.png","type":"image\/png"}],"twitter_card":"summary_large_image","twitter_misc":{"Gesch\u00e4tzte Lesezeit":"1\u00a0Minute"},"schema":{"@context":"https:\/\/schema.org","@graph":[{"@type":"WebPage","@id":"https:\/\/revolutionpadelstore.com\/de\/produkt\/short-mizuno-harlem-nara-negro-training-1\/","url":"https:\/\/revolutionpadelstore.com\/de\/produkt\/short-mizuno-harlem-nara-negro-training-1\/","name":"SHORT MIZUNO-HARLEM NARA NEGRO TRAINING - Revolution Padel Store","isPartOf":{"@id":"https:\/\/revolutionpadelstore.com\/de\/#website"},"primaryImageOfPage":{"@id":"https:\/\/revolutionpadelstore.com\/de\/produkt\/short-mizuno-harlem-nara-negro-training-1\/#primaryimage"},"image":{"@id":"https:\/\/revolutionpadelstore.com\/de\/produkt\/short-mizuno-harlem-nara-negro-training-1\/#primaryimage"},"thumbnailUrl":"https:\/\/revolutionpadelstore.com\/wp-content\/uploads\/2025\/03\/185.png","datePublished":"2025-03-14T11:55:02+00:00","dateModified":"2026-04-08T03:39:23+00:00","description":"No dejes pasar la oportunidad de mejorar tu rendimiento con los\u00a0Short Mizuno Nara Training, disponibles ahora en\u00a0www.revolutionpadelstore.com, \u00a1probablemente al mejor precio del mercado!","breadcrumb":{"@id":"https:\/\/revolutionpadelstore.com\/de\/produkt\/short-mizuno-harlem-nara-negro-training-1\/#breadcrumb"},"inLanguage":"de","potentialAction":[{"@type":"ReadAction","target":["https:\/\/revolutionpadelstore.com\/de\/produkt\/short-mizuno-harlem-nara-negro-training-1\/"]}]},{"@type":"ImageObject","inLanguage":"de","@id":"https:\/\/revolutionpadelstore.com\/de\/produkt\/short-mizuno-harlem-nara-negro-training-1\/#primaryimage","url":"https:\/\/revolutionpadelstore.com\/wp-content\/uploads\/2025\/03\/185.png","contentUrl":"https:\/\/revolutionpadelstore.com\/wp-content\/uploads\/2025\/03\/185.png","width":1500,"height":1500},{"@type":"BreadcrumbList","@id":"https:\/\/revolutionpadelstore.com\/de\/produkt\/short-mizuno-harlem-nara-negro-training-1\/#breadcrumb","itemListElement":[{"@type":"ListItem","position":1,"name":"Portada","item":"https:\/\/revolutionpadelstore.com\/de\/"},{"@type":"ListItem","position":2,"name":"Shop","item":"https:\/\/revolutionpadelstore.com\/de\/tienda\/"},{"@type":"ListItem","position":3,"name":"SHORT MIZUNO-HARLEM NARA NEGRO TRAINING"}]},{"@type":"WebSite","@id":"https:\/\/revolutionpadelstore.com\/de\/#website","url":"https:\/\/revolutionpadelstore.com\/de\/","name":"Revolution Padel Store","description":"","publisher":{"@id":"https:\/\/revolutionpadelstore.com\/de\/#organization"},"potentialAction":[{"@type":"SearchAction","target":{"@type":"EntryPoint","urlTemplate":"https:\/\/revolutionpadelstore.com\/de\/?s={search_term_string}"},"query-input":{"@type":"PropertyValueSpecification","valueRequired":true,"valueName":"search_term_string"}}],"inLanguage":"de"},{"@type":"Organization","@id":"https:\/\/revolutionpadelstore.com\/de\/#organization","name":"Revolution Padel Store","url":"https:\/\/revolutionpadelstore.com\/de\/","logo":{"@type":"ImageObject","inLanguage":"de","@id":"https:\/\/revolutionpadelstore.com\/de\/#\/schema\/logo\/image\/","url":"https:\/\/revolutionpadelstore.com\/wp-content\/uploads\/2026\/02\/revolution-padel-store.jpg","contentUrl":"https:\/\/revolutionpadelstore.com\/wp-content\/uploads\/2026\/02\/revolution-padel-store.jpg","width":2000,"height":2000,"caption":"Revolution Padel Store"},"image":{"@id":"https:\/\/revolutionpadelstore.com\/de\/#\/schema\/logo\/image\/"},"sameAs":["https:\/\/www.instagram.com\/revolutionpadelstore\/"]}]}},"_links":{"self":[{"href":"https:\/\/revolutionpadelstore.com\/de\/wp-json\/wp\/v2\/product\/215544","targetHints":{"allow":["GET"]}}],"collection":[{"href":"https:\/\/revolutionpadelstore.com\/de\/wp-json\/wp\/v2\/product"}],"about":[{"href":"https:\/\/revolutionpadelstore.com\/de\/wp-json\/wp\/v2\/types\/product"}],"replies":[{"embeddable":true,"href":"https:\/\/revolutionpadelstore.com\/de\/wp-json\/wp\/v2\/comments?post=215544"}],"wp:featuredmedia":[{"embeddable":true,"href":"https:\/\/revolutionpadelstore.com\/de\/wp-json\/wp\/v2\/media\/215523"}],"wp:attachment":[{"href":"https:\/\/revolutionpadelstore.com\/de\/wp-json\/wp\/v2\/media?parent=215544"}],"wp:term":[{"taxonomy":"acabado","embeddable":true,"href":"https:\/\/revolutionpadelstore.com\/de\/wp-json\/wp\/v2\/acabado?post=215544"},{"taxonomy":"balance","embeddable":true,"href":"https:\/\/revolutionpadelstore.com\/de\/wp-json\/wp\/v2\/balance?post=215544"},{"taxonomy":"dureza","embeddable":true,"href":"https:\/\/revolutionpadelstore.com\/de\/wp-json\/wp\/v2\/dureza?post=215544"},{"taxonomy":"forma","embeddable":true,"href":"https:\/\/revolutionpadelstore.com\/de\/wp-json\/wp\/v2\/forma?post=215544"},{"taxonomy":"jugador","embeddable":true,"href":"https:\/\/revolutionpadelstore.com\/de\/wp-json\/wp\/v2\/jugador?post=215544"},{"taxonomy":"marca","embeddable":true,"href":"https:\/\/revolutionpadelstore.com\/de\/wp-json\/wp\/v2\/marca?post=215544"},{"taxonomy":"nivel-de-juego","embeddable":true,"href":"https:\/\/revolutionpadelstore.com\/de\/wp-json\/wp\/v2\/nivel-de-juego?post=215544"},{"taxonomy":"superficie","embeddable":true,"href":"https:\/\/revolutionpadelstore.com\/de\/wp-json\/wp\/v2\/superficie?post=215544"},{"taxonomy":"tipo-de-juego","embeddable":true,"href":"https:\/\/revolutionpadelstore.com\/de\/wp-json\/wp\/v2\/tipo-de-juego?post=215544"},{"taxonomy":"product_brand","embeddable":true,"href":"https:\/\/revolutionpadelstore.com\/de\/wp-json\/wp\/v2\/product_brand?post=215544"},{"taxonomy":"product_cat","embeddable":true,"href":"https:\/\/revolutionpadelstore.com\/de\/wp-json\/wp\/v2\/product_cat?post=215544"},{"taxonomy":"product_tag","embeddable":true,"href":"https:\/\/revolutionpadelstore.com\/de\/wp-json\/wp\/v2\/product_tag?post=215544"}],"curies":[{"name":"wp","href":"https:\/\/api.w.org\/{rel}","templated":true}]}}