{"id":215441,"date":"2025-03-14T08:44:29","date_gmt":"2025-03-14T07:44:29","guid":{"rendered":"https:\/\/revolutionpadelstore.com\/falda-mizuno-harlem-hex-negra\/"},"modified":"2026-04-08T05:41:11","modified_gmt":"2026-04-08T03:41:11","slug":"falda-mizuno-harlem-hex-negra-1","status":"publish","type":"product","link":"https:\/\/revolutionpadelstore.com\/de\/produkt\/falda-mizuno-harlem-hex-negra-1\/","title":{"rendered":"FALDA MIZUNO-HARLEM HEX NEGRA"},"content":{"rendered":"<h2> Mizuno-Harlem Hex Black 2025 Lightness and Track Performance <\/ H2><br \/>\nEntdecken Sie den Rock von Mizuno Hex Rect 2025, der f\u00fcr die maximale Leistung auf dem Paddelboden ausgelegt ist. Dieser mit einem ultraleichte Polyester -elastische Stoff hergestellt, passt dieser Rock perfekt an jede Bewegung und bietet eine au\u00dfergew\u00f6hnliche Kombination aus Komfort und Flexibilit\u00e4t. Der bel\u00fcftete Saum garantiert optimale Atmungsaktivit\u00e4t und h\u00e4lt Sie auch in den intensivsten Momenten des Spiels frisch.<\/p>\n<h2> Hauptvorteile der Mizuno Hex 2025 -F\u00e4higkeit<br \/>\n<strong> -Maximal Komfort und Freiheit <\/strong> Bewegung dank seines elastischen Stoffes.<\/p>\n<p><strong> -Welling <\/strong> integriert f\u00fcr mehr Abdeckung und sichere Anpassung.<\/p>\n<p><strong> -Drylitentechnologie <\/strong>: Feuchtigkeit und Schwei\u00df wegbewahren und Frische und Komfort sicherstellen.<\/p>\n<p><strong> -Egonomische und stilisierte Design <\/strong>, ideal f\u00fcr Training und Wettbewerb.<\/p>\n<p>Wenn Sie nach einem Paddelrock suchen, der Stil, Funktionalit\u00e4t und Leistung kombiniert, ist das Mizuno Hex Rect 2025 Ihre beste Wahl. Jetzt in unserem Online -Shop Revolution Padel Store (www.revolutionpadelstore.com) erh\u00e4ltlich, sicherlich zum besten Marktpreis!<\/p>\n<h2>Falda Mizuno-Harlem Hex Negra 2025 \u2013 Ligereza y rendimiento en la pista<\/h2>\n","protected":false},"excerpt":{"rendered":"<p>Sportrock f\u00fcr Frauen Mizuno Hex Rekt, hergestellt mit einem elastischen und leichten Stoff. Entworfen mit einem bel\u00fcfteten Saum, der die Atmungsaktivit\u00e4t und innere Netze verbessert, die Unterst\u00fctzung und Komfort bieten.<\/p>\n","protected":false},"featured_media":215420,"comment_status":"open","ping_status":"closed","template":"","meta":{"_acf_changed":false,"_joinchat":[]},"acabado":[],"balance":[],"dureza":[],"forma":[],"jugador":[1194],"marca":[1234,1329],"nivel-de-juego":[],"superficie":[],"tipo-de-juego":[],"product_brand":[],"product_cat":[323],"product_tag":[],"class_list":{"0":"post-215441","1":"product","2":"type-product","3":"status-publish","4":"has-post-thumbnail","6":"jugador-frau","7":"marca-harlem-padel-de","8":"marca-mizuno-de","9":"product_cat-ropa-de","11":"first","12":"outofstock","13":"sale","14":"taxable","15":"shipping-taxable","16":"purchasable","17":"product-type-variable"},"acf":[],"yoast_head":"<!-- This site is optimized with the Yoast SEO plugin v27.4 - https:\/\/yoast.com\/product\/yoast-seo-wordpress\/ -->\n<title>FALDA MIZUNO-HARLEM HEX NEGRA - Revolution Padel Store<\/title>\n<meta name=\"description\" content=\"Si buscas una falda de p\u00e1del que combine estilo, funcionalidad y rendimiento, la Mizuno Hex Rect 2025 es tu mejor elecci\u00f3n. Disponible ahora en nuestra tienda online Revolution Padel Store (www.revolutionpadelstore.com), \u00a1seguramente al mejor precio del mercado!\" \/>\n<meta name=\"robots\" content=\"index, follow, max-snippet:-1, max-image-preview:large, max-video-preview:-1\" \/>\n<link rel=\"canonical\" href=\"https:\/\/revolutionpadelstore.com\/de\/produkt\/falda-mizuno-harlem-hex-negra-1\/\" \/>\n<meta property=\"og:locale\" content=\"de_DE\" \/>\n<meta property=\"og:type\" content=\"article\" \/>\n<meta property=\"og:title\" content=\"FALDA MIZUNO-HARLEM HEX NEGRA - Revolution Padel Store\" \/>\n<meta property=\"og:description\" content=\"Si buscas una falda de p\u00e1del que combine estilo, funcionalidad y rendimiento, la Mizuno Hex Rect 2025 es tu mejor elecci\u00f3n. Disponible ahora en nuestra tienda online Revolution Padel Store (www.revolutionpadelstore.com), \u00a1seguramente al mejor precio del mercado!\" \/>\n<meta property=\"og:url\" content=\"https:\/\/revolutionpadelstore.com\/de\/produkt\/falda-mizuno-harlem-hex-negra-1\/\" \/>\n<meta property=\"og:site_name\" content=\"Revolution Padel Store\" \/>\n<meta property=\"article:modified_time\" content=\"2026-04-08T03:41:11+00:00\" \/>\n<meta property=\"og:image\" content=\"https:\/\/revolutionpadelstore.com\/wp-content\/uploads\/2025\/03\/181.png\" \/>\n\t<meta property=\"og:image:width\" content=\"1500\" \/>\n\t<meta property=\"og:image:height\" content=\"1500\" \/>\n\t<meta property=\"og:image:type\" content=\"image\/png\" \/>\n<meta name=\"twitter:card\" content=\"summary_large_image\" \/>\n<meta name=\"twitter:label1\" content=\"Gesch\u00e4tzte Lesezeit\" \/>\n\t<meta name=\"twitter:data1\" content=\"1\u00a0Minute\" \/>\n<script type=\"application\/ld+json\" class=\"yoast-schema-graph\">{\"@context\":\"https:\\\/\\\/schema.org\",\"@graph\":[{\"@type\":\"WebPage\",\"@id\":\"https:\\\/\\\/revolutionpadelstore.com\\\/de\\\/produkt\\\/falda-mizuno-harlem-hex-negra-1\\\/\",\"url\":\"https:\\\/\\\/revolutionpadelstore.com\\\/de\\\/produkt\\\/falda-mizuno-harlem-hex-negra-1\\\/\",\"name\":\"FALDA MIZUNO-HARLEM HEX NEGRA - Revolution Padel Store\",\"isPartOf\":{\"@id\":\"https:\\\/\\\/revolutionpadelstore.com\\\/de\\\/#website\"},\"primaryImageOfPage\":{\"@id\":\"https:\\\/\\\/revolutionpadelstore.com\\\/de\\\/produkt\\\/falda-mizuno-harlem-hex-negra-1\\\/#primaryimage\"},\"image\":{\"@id\":\"https:\\\/\\\/revolutionpadelstore.com\\\/de\\\/produkt\\\/falda-mizuno-harlem-hex-negra-1\\\/#primaryimage\"},\"thumbnailUrl\":\"https:\\\/\\\/revolutionpadelstore.com\\\/wp-content\\\/uploads\\\/2025\\\/03\\\/181.png\",\"datePublished\":\"2025-03-14T07:44:29+00:00\",\"dateModified\":\"2026-04-08T03:41:11+00:00\",\"description\":\"Si buscas una falda de p\u00e1del que combine estilo, funcionalidad y rendimiento, la Mizuno Hex Rect 2025 es tu mejor elecci\u00f3n. Disponible ahora en nuestra tienda online Revolution Padel Store (www.revolutionpadelstore.com), \u00a1seguramente al mejor precio del mercado!\",\"breadcrumb\":{\"@id\":\"https:\\\/\\\/revolutionpadelstore.com\\\/de\\\/produkt\\\/falda-mizuno-harlem-hex-negra-1\\\/#breadcrumb\"},\"inLanguage\":\"de\",\"potentialAction\":[{\"@type\":\"ReadAction\",\"target\":[\"https:\\\/\\\/revolutionpadelstore.com\\\/de\\\/produkt\\\/falda-mizuno-harlem-hex-negra-1\\\/\"]}]},{\"@type\":\"ImageObject\",\"inLanguage\":\"de\",\"@id\":\"https:\\\/\\\/revolutionpadelstore.com\\\/de\\\/produkt\\\/falda-mizuno-harlem-hex-negra-1\\\/#primaryimage\",\"url\":\"https:\\\/\\\/revolutionpadelstore.com\\\/wp-content\\\/uploads\\\/2025\\\/03\\\/181.png\",\"contentUrl\":\"https:\\\/\\\/revolutionpadelstore.com\\\/wp-content\\\/uploads\\\/2025\\\/03\\\/181.png\",\"width\":1500,\"height\":1500},{\"@type\":\"BreadcrumbList\",\"@id\":\"https:\\\/\\\/revolutionpadelstore.com\\\/de\\\/produkt\\\/falda-mizuno-harlem-hex-negra-1\\\/#breadcrumb\",\"itemListElement\":[{\"@type\":\"ListItem\",\"position\":1,\"name\":\"Portada\",\"item\":\"https:\\\/\\\/revolutionpadelstore.com\\\/de\\\/\"},{\"@type\":\"ListItem\",\"position\":2,\"name\":\"Shop\",\"item\":\"https:\\\/\\\/revolutionpadelstore.com\\\/de\\\/tienda\\\/\"},{\"@type\":\"ListItem\",\"position\":3,\"name\":\"FALDA MIZUNO-HARLEM HEX NEGRA\"}]},{\"@type\":\"WebSite\",\"@id\":\"https:\\\/\\\/revolutionpadelstore.com\\\/de\\\/#website\",\"url\":\"https:\\\/\\\/revolutionpadelstore.com\\\/de\\\/\",\"name\":\"Revolution Padel Store\",\"description\":\"\",\"publisher\":{\"@id\":\"https:\\\/\\\/revolutionpadelstore.com\\\/de\\\/#organization\"},\"potentialAction\":[{\"@type\":\"SearchAction\",\"target\":{\"@type\":\"EntryPoint\",\"urlTemplate\":\"https:\\\/\\\/revolutionpadelstore.com\\\/de\\\/?s={search_term_string}\"},\"query-input\":{\"@type\":\"PropertyValueSpecification\",\"valueRequired\":true,\"valueName\":\"search_term_string\"}}],\"inLanguage\":\"de\"},{\"@type\":\"Organization\",\"@id\":\"https:\\\/\\\/revolutionpadelstore.com\\\/de\\\/#organization\",\"name\":\"Revolution Padel Store\",\"url\":\"https:\\\/\\\/revolutionpadelstore.com\\\/de\\\/\",\"logo\":{\"@type\":\"ImageObject\",\"inLanguage\":\"de\",\"@id\":\"https:\\\/\\\/revolutionpadelstore.com\\\/de\\\/#\\\/schema\\\/logo\\\/image\\\/\",\"url\":\"https:\\\/\\\/revolutionpadelstore.com\\\/wp-content\\\/uploads\\\/2026\\\/02\\\/revolution-padel-store.jpg\",\"contentUrl\":\"https:\\\/\\\/revolutionpadelstore.com\\\/wp-content\\\/uploads\\\/2026\\\/02\\\/revolution-padel-store.jpg\",\"width\":2000,\"height\":2000,\"caption\":\"Revolution Padel Store\"},\"image\":{\"@id\":\"https:\\\/\\\/revolutionpadelstore.com\\\/de\\\/#\\\/schema\\\/logo\\\/image\\\/\"},\"sameAs\":[\"https:\\\/\\\/www.instagram.com\\\/revolutionpadelstore\\\/\"]}]}<\/script>\n<!-- \/ Yoast SEO plugin. -->","yoast_head_json":{"title":"FALDA MIZUNO-HARLEM HEX NEGRA - Revolution Padel Store","description":"Si buscas una falda de p\u00e1del que combine estilo, funcionalidad y rendimiento, la Mizuno Hex Rect 2025 es tu mejor elecci\u00f3n. Disponible ahora en nuestra tienda online Revolution Padel Store (www.revolutionpadelstore.com), \u00a1seguramente al mejor precio del mercado!","robots":{"index":"index","follow":"follow","max-snippet":"max-snippet:-1","max-image-preview":"max-image-preview:large","max-video-preview":"max-video-preview:-1"},"canonical":"https:\/\/revolutionpadelstore.com\/de\/produkt\/falda-mizuno-harlem-hex-negra-1\/","og_locale":"de_DE","og_type":"article","og_title":"FALDA MIZUNO-HARLEM HEX NEGRA - Revolution Padel Store","og_description":"Si buscas una falda de p\u00e1del que combine estilo, funcionalidad y rendimiento, la Mizuno Hex Rect 2025 es tu mejor elecci\u00f3n. Disponible ahora en nuestra tienda online Revolution Padel Store (www.revolutionpadelstore.com), \u00a1seguramente al mejor precio del mercado!","og_url":"https:\/\/revolutionpadelstore.com\/de\/produkt\/falda-mizuno-harlem-hex-negra-1\/","og_site_name":"Revolution Padel Store","article_modified_time":"2026-04-08T03:41:11+00:00","og_image":[{"width":1500,"height":1500,"url":"https:\/\/revolutionpadelstore.com\/wp-content\/uploads\/2025\/03\/181.png","type":"image\/png"}],"twitter_card":"summary_large_image","twitter_misc":{"Gesch\u00e4tzte Lesezeit":"1\u00a0Minute"},"schema":{"@context":"https:\/\/schema.org","@graph":[{"@type":"WebPage","@id":"https:\/\/revolutionpadelstore.com\/de\/produkt\/falda-mizuno-harlem-hex-negra-1\/","url":"https:\/\/revolutionpadelstore.com\/de\/produkt\/falda-mizuno-harlem-hex-negra-1\/","name":"FALDA MIZUNO-HARLEM HEX NEGRA - Revolution Padel Store","isPartOf":{"@id":"https:\/\/revolutionpadelstore.com\/de\/#website"},"primaryImageOfPage":{"@id":"https:\/\/revolutionpadelstore.com\/de\/produkt\/falda-mizuno-harlem-hex-negra-1\/#primaryimage"},"image":{"@id":"https:\/\/revolutionpadelstore.com\/de\/produkt\/falda-mizuno-harlem-hex-negra-1\/#primaryimage"},"thumbnailUrl":"https:\/\/revolutionpadelstore.com\/wp-content\/uploads\/2025\/03\/181.png","datePublished":"2025-03-14T07:44:29+00:00","dateModified":"2026-04-08T03:41:11+00:00","description":"Si buscas una falda de p\u00e1del que combine estilo, funcionalidad y rendimiento, la Mizuno Hex Rect 2025 es tu mejor elecci\u00f3n. Disponible ahora en nuestra tienda online Revolution Padel Store (www.revolutionpadelstore.com), \u00a1seguramente al mejor precio del mercado!","breadcrumb":{"@id":"https:\/\/revolutionpadelstore.com\/de\/produkt\/falda-mizuno-harlem-hex-negra-1\/#breadcrumb"},"inLanguage":"de","potentialAction":[{"@type":"ReadAction","target":["https:\/\/revolutionpadelstore.com\/de\/produkt\/falda-mizuno-harlem-hex-negra-1\/"]}]},{"@type":"ImageObject","inLanguage":"de","@id":"https:\/\/revolutionpadelstore.com\/de\/produkt\/falda-mizuno-harlem-hex-negra-1\/#primaryimage","url":"https:\/\/revolutionpadelstore.com\/wp-content\/uploads\/2025\/03\/181.png","contentUrl":"https:\/\/revolutionpadelstore.com\/wp-content\/uploads\/2025\/03\/181.png","width":1500,"height":1500},{"@type":"BreadcrumbList","@id":"https:\/\/revolutionpadelstore.com\/de\/produkt\/falda-mizuno-harlem-hex-negra-1\/#breadcrumb","itemListElement":[{"@type":"ListItem","position":1,"name":"Portada","item":"https:\/\/revolutionpadelstore.com\/de\/"},{"@type":"ListItem","position":2,"name":"Shop","item":"https:\/\/revolutionpadelstore.com\/de\/tienda\/"},{"@type":"ListItem","position":3,"name":"FALDA MIZUNO-HARLEM HEX NEGRA"}]},{"@type":"WebSite","@id":"https:\/\/revolutionpadelstore.com\/de\/#website","url":"https:\/\/revolutionpadelstore.com\/de\/","name":"Revolution Padel Store","description":"","publisher":{"@id":"https:\/\/revolutionpadelstore.com\/de\/#organization"},"potentialAction":[{"@type":"SearchAction","target":{"@type":"EntryPoint","urlTemplate":"https:\/\/revolutionpadelstore.com\/de\/?s={search_term_string}"},"query-input":{"@type":"PropertyValueSpecification","valueRequired":true,"valueName":"search_term_string"}}],"inLanguage":"de"},{"@type":"Organization","@id":"https:\/\/revolutionpadelstore.com\/de\/#organization","name":"Revolution Padel Store","url":"https:\/\/revolutionpadelstore.com\/de\/","logo":{"@type":"ImageObject","inLanguage":"de","@id":"https:\/\/revolutionpadelstore.com\/de\/#\/schema\/logo\/image\/","url":"https:\/\/revolutionpadelstore.com\/wp-content\/uploads\/2026\/02\/revolution-padel-store.jpg","contentUrl":"https:\/\/revolutionpadelstore.com\/wp-content\/uploads\/2026\/02\/revolution-padel-store.jpg","width":2000,"height":2000,"caption":"Revolution Padel Store"},"image":{"@id":"https:\/\/revolutionpadelstore.com\/de\/#\/schema\/logo\/image\/"},"sameAs":["https:\/\/www.instagram.com\/revolutionpadelstore\/"]}]}},"_links":{"self":[{"href":"https:\/\/revolutionpadelstore.com\/de\/wp-json\/wp\/v2\/product\/215441","targetHints":{"allow":["GET"]}}],"collection":[{"href":"https:\/\/revolutionpadelstore.com\/de\/wp-json\/wp\/v2\/product"}],"about":[{"href":"https:\/\/revolutionpadelstore.com\/de\/wp-json\/wp\/v2\/types\/product"}],"replies":[{"embeddable":true,"href":"https:\/\/revolutionpadelstore.com\/de\/wp-json\/wp\/v2\/comments?post=215441"}],"wp:featuredmedia":[{"embeddable":true,"href":"https:\/\/revolutionpadelstore.com\/de\/wp-json\/wp\/v2\/media\/215420"}],"wp:attachment":[{"href":"https:\/\/revolutionpadelstore.com\/de\/wp-json\/wp\/v2\/media?parent=215441"}],"wp:term":[{"taxonomy":"acabado","embeddable":true,"href":"https:\/\/revolutionpadelstore.com\/de\/wp-json\/wp\/v2\/acabado?post=215441"},{"taxonomy":"balance","embeddable":true,"href":"https:\/\/revolutionpadelstore.com\/de\/wp-json\/wp\/v2\/balance?post=215441"},{"taxonomy":"dureza","embeddable":true,"href":"https:\/\/revolutionpadelstore.com\/de\/wp-json\/wp\/v2\/dureza?post=215441"},{"taxonomy":"forma","embeddable":true,"href":"https:\/\/revolutionpadelstore.com\/de\/wp-json\/wp\/v2\/forma?post=215441"},{"taxonomy":"jugador","embeddable":true,"href":"https:\/\/revolutionpadelstore.com\/de\/wp-json\/wp\/v2\/jugador?post=215441"},{"taxonomy":"marca","embeddable":true,"href":"https:\/\/revolutionpadelstore.com\/de\/wp-json\/wp\/v2\/marca?post=215441"},{"taxonomy":"nivel-de-juego","embeddable":true,"href":"https:\/\/revolutionpadelstore.com\/de\/wp-json\/wp\/v2\/nivel-de-juego?post=215441"},{"taxonomy":"superficie","embeddable":true,"href":"https:\/\/revolutionpadelstore.com\/de\/wp-json\/wp\/v2\/superficie?post=215441"},{"taxonomy":"tipo-de-juego","embeddable":true,"href":"https:\/\/revolutionpadelstore.com\/de\/wp-json\/wp\/v2\/tipo-de-juego?post=215441"},{"taxonomy":"product_brand","embeddable":true,"href":"https:\/\/revolutionpadelstore.com\/de\/wp-json\/wp\/v2\/product_brand?post=215441"},{"taxonomy":"product_cat","embeddable":true,"href":"https:\/\/revolutionpadelstore.com\/de\/wp-json\/wp\/v2\/product_cat?post=215441"},{"taxonomy":"product_tag","embeddable":true,"href":"https:\/\/revolutionpadelstore.com\/de\/wp-json\/wp\/v2\/product_tag?post=215441"}],"curies":[{"name":"wp","href":"https:\/\/api.w.org\/{rel}","templated":true}]}}