{"id":215086,"date":"2025-03-13T23:10:47","date_gmt":"2025-03-13T22:10:47","guid":{"rendered":"https:\/\/revolutionpadelstore.com\/sudadera-mizuno-harlem-senday-amarilla\/"},"modified":"2026-04-08T05:45:46","modified_gmt":"2026-04-08T03:45:46","slug":"sudadera-mizuno-harlem-senday-amarilla-1","status":"publish","type":"product","link":"https:\/\/revolutionpadelstore.com\/de\/produkt\/sudadera-mizuno-harlem-senday-amarilla-1\/","title":{"rendered":"SUDADERA MIZUNO-HARLEM SENDAY AMARILLA"},"content":{"rendered":"<h2> Mizuno-harlem Gewinnspiel Sendai Gelblicht und Komfort f\u00fcr Sport <\/ H2><br \/>\nDas <strong> Mizuno Sendai <\/strong> Sweatshirt ist die ideale Wahl f\u00fcr Sportler, die in jedem Training nach <strong> Komfort, Bewegungsfreiheit und Stil <\/strong> suchen. Der leichte und atmungsaktive Stoff f\u00fcr mehrere Disziplinen bietet in jeder Sportsitzung eine optimale Leistung.<\/p>\n<h2> <strong> Prominente Eigenschaften <\/ strong> <\/ h2><\/p>\n<p>-vielseitiges und modernes Design in Gelb, ideal zum Kombinieren mit jedem Sport-Outfit.<br \/>\n-Ologo Mizuno in der linken H\u00fclle f\u00fcr eine unverwechselbare Note.<br \/>\n-Stite perfekt, mit leicht engen F\u00e4usten und niedrigerer Teil f\u00fcr eine gr\u00f6\u00dfere Bewegungsfreiheit.<br \/>\n-Der untere einstellbare Teil mit Gummi, der eine personalisierte Anpassung erm\u00f6glicht.<br \/>\n-H\u00f6he Qualit\u00e4tszusammensetzung: 100% Polyester, leichte Leichtigkeit, Widerstand und Atmungsaktivit\u00e4t.<br \/>\nDer <strong> Mizuno Sendai Jacket <\/strong> ist ein wesentliches Kleidungsst\u00fcck im Schrank eines einzelnen Athleten. Verpassen Sie nicht die Gelegenheit, Ihre Leistung mit der besten Ausr\u00fcstung zu verbessern!<\/p>\n<p><strong> jetzt in unserem Online-Shop erh\u00e4ltlich <a href=\"https:\/\/chatgpt.com\/g\/g-675432e026888191b6ee6d6f2fdbb15e-optimization-textos\/c\/www.revolutionpadelstore.com\"> Revolution Padel Store. <\/strong><\/p>\n","protected":false},"excerpt":{"rendered":"<p>Das Mizuno Sendai Sweatshirt eignet sich perfekt f\u00fcr Sportler, die in jedem Training Komfort, Flexibilit\u00e4t und Stil sch\u00e4tzen. Das vielseitige Design passt sich an verschiedene Sportdisziplinen an, w\u00e4hrend sein leichter und atmungsaktives Stoff bei jeder Aktivit\u00e4t eine h\u00f6here Leistung garantiert.<\/p>\n","protected":false},"featured_media":215131,"comment_status":"open","ping_status":"closed","template":"","meta":{"_acf_changed":false,"_joinchat":[]},"acabado":[],"balance":[],"dureza":[],"forma":[],"jugador":[1199],"marca":[1234,1329],"nivel-de-juego":[],"superficie":[],"tipo-de-juego":[],"product_brand":[],"product_cat":[323],"product_tag":[],"class_list":{"0":"post-215086","1":"product","2":"type-product","3":"status-publish","4":"has-post-thumbnail","6":"jugador-mehrzweck","7":"marca-harlem-padel-de","8":"marca-mizuno-de","9":"product_cat-ropa-de","11":"first","12":"outofstock","13":"sale","14":"taxable","15":"shipping-taxable","16":"purchasable","17":"product-type-variable"},"acf":[],"yoast_head":"<!-- This site is optimized with the Yoast SEO plugin v27.4 - https:\/\/yoast.com\/product\/yoast-seo-wordpress\/ -->\n<title>SUDADERA MIZUNO-HARLEM SENDAY AMARILLA - Revolution Padel Store<\/title>\n<meta name=\"description\" content=\"Descubre la chaqueta MIZUNO SENDAI TRAINING TOP, ligera y c\u00f3moda para cualquier entrenamiento. Dise\u00f1o en negro, ajuste perfecto y tejido transpirable. \u00a1C\u00f3mprala en nuestra tienda online al mejor precio!\" \/>\n<meta name=\"robots\" content=\"index, follow, max-snippet:-1, max-image-preview:large, max-video-preview:-1\" \/>\n<link rel=\"canonical\" href=\"https:\/\/revolutionpadelstore.com\/de\/produkt\/sudadera-mizuno-harlem-senday-amarilla-1\/\" \/>\n<meta property=\"og:locale\" content=\"de_DE\" \/>\n<meta property=\"og:type\" content=\"article\" \/>\n<meta property=\"og:title\" content=\"SUDADERA MIZUNO-HARLEM SENDAY AMARILLA - Revolution Padel Store\" \/>\n<meta property=\"og:description\" content=\"Descubre la chaqueta MIZUNO SENDAI TRAINING TOP, ligera y c\u00f3moda para cualquier entrenamiento. Dise\u00f1o en negro, ajuste perfecto y tejido transpirable. \u00a1C\u00f3mprala en nuestra tienda online al mejor precio!\" \/>\n<meta property=\"og:url\" content=\"https:\/\/revolutionpadelstore.com\/de\/produkt\/sudadera-mizuno-harlem-senday-amarilla-1\/\" \/>\n<meta property=\"og:site_name\" content=\"Revolution Padel Store\" \/>\n<meta property=\"article:modified_time\" content=\"2026-04-08T03:45:46+00:00\" \/>\n<meta property=\"og:image\" content=\"https:\/\/revolutionpadelstore.com\/wp-content\/uploads\/2025\/03\/173.png\" \/>\n\t<meta property=\"og:image:width\" content=\"1500\" \/>\n\t<meta property=\"og:image:height\" content=\"1500\" \/>\n\t<meta property=\"og:image:type\" content=\"image\/png\" \/>\n<meta name=\"twitter:card\" content=\"summary_large_image\" \/>\n<meta name=\"twitter:label1\" content=\"Gesch\u00e4tzte Lesezeit\" \/>\n\t<meta name=\"twitter:data1\" content=\"1\u00a0Minute\" \/>\n<script type=\"application\/ld+json\" class=\"yoast-schema-graph\">{\"@context\":\"https:\\\/\\\/schema.org\",\"@graph\":[{\"@type\":\"WebPage\",\"@id\":\"https:\\\/\\\/revolutionpadelstore.com\\\/de\\\/produkt\\\/sudadera-mizuno-harlem-senday-amarilla-1\\\/\",\"url\":\"https:\\\/\\\/revolutionpadelstore.com\\\/de\\\/produkt\\\/sudadera-mizuno-harlem-senday-amarilla-1\\\/\",\"name\":\"SUDADERA MIZUNO-HARLEM SENDAY AMARILLA - Revolution Padel Store\",\"isPartOf\":{\"@id\":\"https:\\\/\\\/revolutionpadelstore.com\\\/de\\\/#website\"},\"primaryImageOfPage\":{\"@id\":\"https:\\\/\\\/revolutionpadelstore.com\\\/de\\\/produkt\\\/sudadera-mizuno-harlem-senday-amarilla-1\\\/#primaryimage\"},\"image\":{\"@id\":\"https:\\\/\\\/revolutionpadelstore.com\\\/de\\\/produkt\\\/sudadera-mizuno-harlem-senday-amarilla-1\\\/#primaryimage\"},\"thumbnailUrl\":\"https:\\\/\\\/revolutionpadelstore.com\\\/wp-content\\\/uploads\\\/2025\\\/03\\\/173.png\",\"datePublished\":\"2025-03-13T22:10:47+00:00\",\"dateModified\":\"2026-04-08T03:45:46+00:00\",\"description\":\"Descubre la chaqueta MIZUNO SENDAI TRAINING TOP, ligera y c\u00f3moda para cualquier entrenamiento. Dise\u00f1o en negro, ajuste perfecto y tejido transpirable. \u00a1C\u00f3mprala en nuestra tienda online al mejor precio!\",\"breadcrumb\":{\"@id\":\"https:\\\/\\\/revolutionpadelstore.com\\\/de\\\/produkt\\\/sudadera-mizuno-harlem-senday-amarilla-1\\\/#breadcrumb\"},\"inLanguage\":\"de\",\"potentialAction\":[{\"@type\":\"ReadAction\",\"target\":[\"https:\\\/\\\/revolutionpadelstore.com\\\/de\\\/produkt\\\/sudadera-mizuno-harlem-senday-amarilla-1\\\/\"]}]},{\"@type\":\"ImageObject\",\"inLanguage\":\"de\",\"@id\":\"https:\\\/\\\/revolutionpadelstore.com\\\/de\\\/produkt\\\/sudadera-mizuno-harlem-senday-amarilla-1\\\/#primaryimage\",\"url\":\"https:\\\/\\\/revolutionpadelstore.com\\\/wp-content\\\/uploads\\\/2025\\\/03\\\/173.png\",\"contentUrl\":\"https:\\\/\\\/revolutionpadelstore.com\\\/wp-content\\\/uploads\\\/2025\\\/03\\\/173.png\",\"width\":1500,\"height\":1500},{\"@type\":\"BreadcrumbList\",\"@id\":\"https:\\\/\\\/revolutionpadelstore.com\\\/de\\\/produkt\\\/sudadera-mizuno-harlem-senday-amarilla-1\\\/#breadcrumb\",\"itemListElement\":[{\"@type\":\"ListItem\",\"position\":1,\"name\":\"Portada\",\"item\":\"https:\\\/\\\/revolutionpadelstore.com\\\/de\\\/\"},{\"@type\":\"ListItem\",\"position\":2,\"name\":\"Shop\",\"item\":\"https:\\\/\\\/revolutionpadelstore.com\\\/de\\\/tienda\\\/\"},{\"@type\":\"ListItem\",\"position\":3,\"name\":\"SUDADERA MIZUNO-HARLEM SENDAY AMARILLA\"}]},{\"@type\":\"WebSite\",\"@id\":\"https:\\\/\\\/revolutionpadelstore.com\\\/de\\\/#website\",\"url\":\"https:\\\/\\\/revolutionpadelstore.com\\\/de\\\/\",\"name\":\"Revolution Padel Store\",\"description\":\"\",\"publisher\":{\"@id\":\"https:\\\/\\\/revolutionpadelstore.com\\\/de\\\/#organization\"},\"potentialAction\":[{\"@type\":\"SearchAction\",\"target\":{\"@type\":\"EntryPoint\",\"urlTemplate\":\"https:\\\/\\\/revolutionpadelstore.com\\\/de\\\/?s={search_term_string}\"},\"query-input\":{\"@type\":\"PropertyValueSpecification\",\"valueRequired\":true,\"valueName\":\"search_term_string\"}}],\"inLanguage\":\"de\"},{\"@type\":\"Organization\",\"@id\":\"https:\\\/\\\/revolutionpadelstore.com\\\/de\\\/#organization\",\"name\":\"Revolution Padel Store\",\"url\":\"https:\\\/\\\/revolutionpadelstore.com\\\/de\\\/\",\"logo\":{\"@type\":\"ImageObject\",\"inLanguage\":\"de\",\"@id\":\"https:\\\/\\\/revolutionpadelstore.com\\\/de\\\/#\\\/schema\\\/logo\\\/image\\\/\",\"url\":\"https:\\\/\\\/revolutionpadelstore.com\\\/wp-content\\\/uploads\\\/2026\\\/02\\\/revolution-padel-store.jpg\",\"contentUrl\":\"https:\\\/\\\/revolutionpadelstore.com\\\/wp-content\\\/uploads\\\/2026\\\/02\\\/revolution-padel-store.jpg\",\"width\":2000,\"height\":2000,\"caption\":\"Revolution Padel Store\"},\"image\":{\"@id\":\"https:\\\/\\\/revolutionpadelstore.com\\\/de\\\/#\\\/schema\\\/logo\\\/image\\\/\"},\"sameAs\":[\"https:\\\/\\\/www.instagram.com\\\/revolutionpadelstore\\\/\"]}]}<\/script>\n<!-- \/ Yoast SEO plugin. -->","yoast_head_json":{"title":"SUDADERA MIZUNO-HARLEM SENDAY AMARILLA - Revolution Padel Store","description":"Descubre la chaqueta MIZUNO SENDAI TRAINING TOP, ligera y c\u00f3moda para cualquier entrenamiento. Dise\u00f1o en negro, ajuste perfecto y tejido transpirable. \u00a1C\u00f3mprala en nuestra tienda online al mejor precio!","robots":{"index":"index","follow":"follow","max-snippet":"max-snippet:-1","max-image-preview":"max-image-preview:large","max-video-preview":"max-video-preview:-1"},"canonical":"https:\/\/revolutionpadelstore.com\/de\/produkt\/sudadera-mizuno-harlem-senday-amarilla-1\/","og_locale":"de_DE","og_type":"article","og_title":"SUDADERA MIZUNO-HARLEM SENDAY AMARILLA - Revolution Padel Store","og_description":"Descubre la chaqueta MIZUNO SENDAI TRAINING TOP, ligera y c\u00f3moda para cualquier entrenamiento. Dise\u00f1o en negro, ajuste perfecto y tejido transpirable. \u00a1C\u00f3mprala en nuestra tienda online al mejor precio!","og_url":"https:\/\/revolutionpadelstore.com\/de\/produkt\/sudadera-mizuno-harlem-senday-amarilla-1\/","og_site_name":"Revolution Padel Store","article_modified_time":"2026-04-08T03:45:46+00:00","og_image":[{"width":1500,"height":1500,"url":"https:\/\/revolutionpadelstore.com\/wp-content\/uploads\/2025\/03\/173.png","type":"image\/png"}],"twitter_card":"summary_large_image","twitter_misc":{"Gesch\u00e4tzte Lesezeit":"1\u00a0Minute"},"schema":{"@context":"https:\/\/schema.org","@graph":[{"@type":"WebPage","@id":"https:\/\/revolutionpadelstore.com\/de\/produkt\/sudadera-mizuno-harlem-senday-amarilla-1\/","url":"https:\/\/revolutionpadelstore.com\/de\/produkt\/sudadera-mizuno-harlem-senday-amarilla-1\/","name":"SUDADERA MIZUNO-HARLEM SENDAY AMARILLA - Revolution Padel Store","isPartOf":{"@id":"https:\/\/revolutionpadelstore.com\/de\/#website"},"primaryImageOfPage":{"@id":"https:\/\/revolutionpadelstore.com\/de\/produkt\/sudadera-mizuno-harlem-senday-amarilla-1\/#primaryimage"},"image":{"@id":"https:\/\/revolutionpadelstore.com\/de\/produkt\/sudadera-mizuno-harlem-senday-amarilla-1\/#primaryimage"},"thumbnailUrl":"https:\/\/revolutionpadelstore.com\/wp-content\/uploads\/2025\/03\/173.png","datePublished":"2025-03-13T22:10:47+00:00","dateModified":"2026-04-08T03:45:46+00:00","description":"Descubre la chaqueta MIZUNO SENDAI TRAINING TOP, ligera y c\u00f3moda para cualquier entrenamiento. Dise\u00f1o en negro, ajuste perfecto y tejido transpirable. \u00a1C\u00f3mprala en nuestra tienda online al mejor precio!","breadcrumb":{"@id":"https:\/\/revolutionpadelstore.com\/de\/produkt\/sudadera-mizuno-harlem-senday-amarilla-1\/#breadcrumb"},"inLanguage":"de","potentialAction":[{"@type":"ReadAction","target":["https:\/\/revolutionpadelstore.com\/de\/produkt\/sudadera-mizuno-harlem-senday-amarilla-1\/"]}]},{"@type":"ImageObject","inLanguage":"de","@id":"https:\/\/revolutionpadelstore.com\/de\/produkt\/sudadera-mizuno-harlem-senday-amarilla-1\/#primaryimage","url":"https:\/\/revolutionpadelstore.com\/wp-content\/uploads\/2025\/03\/173.png","contentUrl":"https:\/\/revolutionpadelstore.com\/wp-content\/uploads\/2025\/03\/173.png","width":1500,"height":1500},{"@type":"BreadcrumbList","@id":"https:\/\/revolutionpadelstore.com\/de\/produkt\/sudadera-mizuno-harlem-senday-amarilla-1\/#breadcrumb","itemListElement":[{"@type":"ListItem","position":1,"name":"Portada","item":"https:\/\/revolutionpadelstore.com\/de\/"},{"@type":"ListItem","position":2,"name":"Shop","item":"https:\/\/revolutionpadelstore.com\/de\/tienda\/"},{"@type":"ListItem","position":3,"name":"SUDADERA MIZUNO-HARLEM SENDAY AMARILLA"}]},{"@type":"WebSite","@id":"https:\/\/revolutionpadelstore.com\/de\/#website","url":"https:\/\/revolutionpadelstore.com\/de\/","name":"Revolution Padel Store","description":"","publisher":{"@id":"https:\/\/revolutionpadelstore.com\/de\/#organization"},"potentialAction":[{"@type":"SearchAction","target":{"@type":"EntryPoint","urlTemplate":"https:\/\/revolutionpadelstore.com\/de\/?s={search_term_string}"},"query-input":{"@type":"PropertyValueSpecification","valueRequired":true,"valueName":"search_term_string"}}],"inLanguage":"de"},{"@type":"Organization","@id":"https:\/\/revolutionpadelstore.com\/de\/#organization","name":"Revolution Padel Store","url":"https:\/\/revolutionpadelstore.com\/de\/","logo":{"@type":"ImageObject","inLanguage":"de","@id":"https:\/\/revolutionpadelstore.com\/de\/#\/schema\/logo\/image\/","url":"https:\/\/revolutionpadelstore.com\/wp-content\/uploads\/2026\/02\/revolution-padel-store.jpg","contentUrl":"https:\/\/revolutionpadelstore.com\/wp-content\/uploads\/2026\/02\/revolution-padel-store.jpg","width":2000,"height":2000,"caption":"Revolution Padel Store"},"image":{"@id":"https:\/\/revolutionpadelstore.com\/de\/#\/schema\/logo\/image\/"},"sameAs":["https:\/\/www.instagram.com\/revolutionpadelstore\/"]}]}},"_links":{"self":[{"href":"https:\/\/revolutionpadelstore.com\/de\/wp-json\/wp\/v2\/product\/215086","targetHints":{"allow":["GET"]}}],"collection":[{"href":"https:\/\/revolutionpadelstore.com\/de\/wp-json\/wp\/v2\/product"}],"about":[{"href":"https:\/\/revolutionpadelstore.com\/de\/wp-json\/wp\/v2\/types\/product"}],"replies":[{"embeddable":true,"href":"https:\/\/revolutionpadelstore.com\/de\/wp-json\/wp\/v2\/comments?post=215086"}],"wp:featuredmedia":[{"embeddable":true,"href":"https:\/\/revolutionpadelstore.com\/de\/wp-json\/wp\/v2\/media\/215131"}],"wp:attachment":[{"href":"https:\/\/revolutionpadelstore.com\/de\/wp-json\/wp\/v2\/media?parent=215086"}],"wp:term":[{"taxonomy":"acabado","embeddable":true,"href":"https:\/\/revolutionpadelstore.com\/de\/wp-json\/wp\/v2\/acabado?post=215086"},{"taxonomy":"balance","embeddable":true,"href":"https:\/\/revolutionpadelstore.com\/de\/wp-json\/wp\/v2\/balance?post=215086"},{"taxonomy":"dureza","embeddable":true,"href":"https:\/\/revolutionpadelstore.com\/de\/wp-json\/wp\/v2\/dureza?post=215086"},{"taxonomy":"forma","embeddable":true,"href":"https:\/\/revolutionpadelstore.com\/de\/wp-json\/wp\/v2\/forma?post=215086"},{"taxonomy":"jugador","embeddable":true,"href":"https:\/\/revolutionpadelstore.com\/de\/wp-json\/wp\/v2\/jugador?post=215086"},{"taxonomy":"marca","embeddable":true,"href":"https:\/\/revolutionpadelstore.com\/de\/wp-json\/wp\/v2\/marca?post=215086"},{"taxonomy":"nivel-de-juego","embeddable":true,"href":"https:\/\/revolutionpadelstore.com\/de\/wp-json\/wp\/v2\/nivel-de-juego?post=215086"},{"taxonomy":"superficie","embeddable":true,"href":"https:\/\/revolutionpadelstore.com\/de\/wp-json\/wp\/v2\/superficie?post=215086"},{"taxonomy":"tipo-de-juego","embeddable":true,"href":"https:\/\/revolutionpadelstore.com\/de\/wp-json\/wp\/v2\/tipo-de-juego?post=215086"},{"taxonomy":"product_brand","embeddable":true,"href":"https:\/\/revolutionpadelstore.com\/de\/wp-json\/wp\/v2\/product_brand?post=215086"},{"taxonomy":"product_cat","embeddable":true,"href":"https:\/\/revolutionpadelstore.com\/de\/wp-json\/wp\/v2\/product_cat?post=215086"},{"taxonomy":"product_tag","embeddable":true,"href":"https:\/\/revolutionpadelstore.com\/de\/wp-json\/wp\/v2\/product_tag?post=215086"}],"curies":[{"name":"wp","href":"https:\/\/api.w.org\/{rel}","templated":true}]}}