{"id":214870,"date":"2025-03-12T19:05:57","date_gmt":"2025-03-12T18:05:57","guid":{"rendered":"https:\/\/revolutionpadelstore.com\/joma-smash-men-2591-negro-multicolor\/"},"modified":"2026-04-08T05:49:31","modified_gmt":"2026-04-08T03:49:31","slug":"joma-smash-men-2591-negro-multicolor-1","status":"publish","type":"product","link":"https:\/\/revolutionpadelstore.com\/de\/produkt\/joma-smash-men-2591-negro-multicolor-1\/","title":{"rendered":"JOMA SMASH MEN 2591 NEGRO MULTICOLOR"},"content":{"rendered":"<br \/>\n<h2> Joma Smash 2591 Multicolor Black &#8211; Maximale Leistung und Komfort auf der Strecke <\/ H2><br \/>\nDer <strong> joma Smash <\/strong> ist der perfekte Verb\u00fcndete f\u00fcr Paddelspieler, die nach <strong> Leistung, Stabilit\u00e4t und Avant -Gartde -Technologie <\/strong> suchen. Diese Schuhe wurden entwickelt, um eine \u00fcberlegene D\u00e4mpfung und au\u00dfergew\u00f6hnliche Reaktivit\u00e4t zu bieten, und garantieren die beste Leistung auf der Strecke. <strong> Tolito Aguirre <\/strong> und andere Elite -Spieler vertrauen ihnen, dass sie Erfolg haben.<\/p>\n<h2> Ausstehende Eigenschaften <\/ H2><\/p>\n<p>-Persibilit\u00e4t und optimale Anpassung: Das obere technische Netz umfasst die VTS-Technologie, die die Bel\u00fcftung optimiert und den Fu\u00df w\u00e4hrend des gesamten Spiels frisch h\u00e4lt.<br \/>\n-Maximate Schutz und Haltbarkeit: Gummiverst\u00e4rkungen in Schl\u00fcsselbereichen mit dem Schutzsystem, vermeiden vorzeitige Verschlei\u00df.<br \/>\n-Ten High Level: Die Mittelsohle kombiniert Phylon an der Spitze und die innovative reaktive Balltechnologie in der unteren, absorbierende Auswirkungen und Verbesserung der Reaktivit\u00e4t.<br \/>\n-Testabilit\u00e4t und Kontrolle: Integriert das Stabilis -St\u00fcck, das unerw\u00fcnschte Torsionen vermeidet und das Gleichgewicht in jeder Bewegung verbessert.<br \/>\n-Arre und optimales Ausrutschen: Omni -Sohle des Haltbarkeitsgummi mit kleinen kreisf\u00f6rmigen Tacos, ideal, um sich schnell auf harten Oberfl\u00e4chen zu bewegen. <\/p>\n<h2> Advanced Technologies <\/ H2><br \/>\n<P> <strong> -Durabilit\u00e4t <\/strong>: Gummi mit hoher Resistenz f\u00fcr eine gr\u00f6\u00dfere Haltbarkeit.<\/p>\n<p> <strong> -Cotektion <\/strong>: in den Zehen injiziertes Material, um den Widerstand zu verst\u00e4rken.<br \/>\n&lt;p style = &quot;padding-links: 40px;&quot;<\/p>\n<p> <strong> -Sportech <\/strong>: Leichte und komfortable Einstellung ohne nervige N\u00e4hte.<\/p>\n<p> <strong> -stabilis <\/strong>: Kontrolle und Stabilit\u00e4t in jeder Verschiebung. <\/p>\n<p> <strong> -VTS <\/strong>: L\u00fcftungssystem, um eine optimale Temperatur aufrechtzuerhalten. <\/p>\n<h2> Ich denke \u00fcber den besten Preis zur\u00fcck! <\/h2>\n<p>Entdecken Sie den <strong> Joma Smash <\/strong> in unserem Online -Shop <strong> <a href=\"https:\/\/www.revolutionpadelstore.com\/\"> www.revolutionpadelstore.com <\/a> <\/strong>, wahrscheinlich der beste Marktpreis <\/strong>. R\u00fcsten Sie sich als Profi aus und dominieren Sie die Strecke!<\/p>\n<h2>Joma Smash 2591 Negro Multicolor \u2013 M\u00e1ximo Rendimiento y Confort en la Pista<\/h2>\n","protected":false},"excerpt":{"rendered":"<p>Der Joma Smash 2591 Multicolor Black ist die ideale Option f\u00fcr Paddelspieler, die Leistung, Stabilit\u00e4t und fortschrittliche Technologie kombinieren m\u00f6chten. Diese Schuhe wurden entwickelt, um eine hervorragende D\u00e4mpfung und eine gro\u00dfartige Reaktionskapazit\u00e4t zu bieten, und gew\u00e4hrleisten eine optimale Leistung auf dem Platz.<\/p>\n","protected":false},"featured_media":214892,"comment_status":"open","ping_status":"closed","template":"","meta":{"_acf_changed":false,"_joinchat":[]},"acabado":[],"balance":[],"dureza":[],"forma":[],"jugador":[1189],"marca":[1224],"nivel-de-juego":[],"superficie":[],"tipo-de-juego":[],"product_brand":[],"product_cat":[831],"product_tag":[],"class_list":{"0":"post-214870","1":"product","2":"type-product","3":"status-publish","4":"has-post-thumbnail","6":"jugador-mann","7":"marca-joma-de","8":"product_cat-turnschuhe","10":"first","11":"outofstock","12":"sale","13":"taxable","14":"shipping-taxable","15":"purchasable","16":"product-type-variable"},"acf":[],"yoast_head":"<!-- This site is optimized with the Yoast SEO plugin v27.4 - https:\/\/yoast.com\/product\/yoast-seo-wordpress\/ -->\n<title>JOMA SMASH MEN 2591 NEGRO MULTICOLOR - Revolution Padel Store<\/title>\n<meta name=\"description\" content=\"Compra las Zapatillas Joma Smash al mejor precio en Revolution Padel Store. M\u00e1xima amortiguaci\u00f3n, estabilidad y tecnolog\u00eda avanzada para un rendimiento superior en p\u00e1del.\" \/>\n<meta name=\"robots\" content=\"index, follow, max-snippet:-1, max-image-preview:large, max-video-preview:-1\" \/>\n<link rel=\"canonical\" href=\"https:\/\/revolutionpadelstore.com\/de\/produkt\/joma-smash-men-2591-negro-multicolor-1\/\" \/>\n<meta property=\"og:locale\" content=\"de_DE\" \/>\n<meta property=\"og:type\" content=\"article\" \/>\n<meta property=\"og:title\" content=\"JOMA SMASH MEN 2591 NEGRO MULTICOLOR - Revolution Padel Store\" \/>\n<meta property=\"og:description\" content=\"Compra las Zapatillas Joma Smash al mejor precio en Revolution Padel Store. M\u00e1xima amortiguaci\u00f3n, estabilidad y tecnolog\u00eda avanzada para un rendimiento superior en p\u00e1del.\" \/>\n<meta property=\"og:url\" content=\"https:\/\/revolutionpadelstore.com\/de\/produkt\/joma-smash-men-2591-negro-multicolor-1\/\" \/>\n<meta property=\"og:site_name\" content=\"Revolution Padel Store\" \/>\n<meta property=\"article:modified_time\" content=\"2026-04-08T03:49:31+00:00\" \/>\n<meta property=\"og:image\" content=\"https:\/\/revolutionpadelstore.com\/wp-content\/uploads\/2025\/03\/FOTO-PALAS-10.png\" \/>\n\t<meta property=\"og:image:width\" content=\"1500\" \/>\n\t<meta property=\"og:image:height\" content=\"1500\" \/>\n\t<meta property=\"og:image:type\" content=\"image\/png\" \/>\n<meta name=\"twitter:card\" content=\"summary_large_image\" \/>\n<meta name=\"twitter:label1\" content=\"Gesch\u00e4tzte Lesezeit\" \/>\n\t<meta name=\"twitter:data1\" content=\"2\u00a0Minuten\" \/>\n<script type=\"application\/ld+json\" class=\"yoast-schema-graph\">{\"@context\":\"https:\\\/\\\/schema.org\",\"@graph\":[{\"@type\":\"WebPage\",\"@id\":\"https:\\\/\\\/revolutionpadelstore.com\\\/de\\\/produkt\\\/joma-smash-men-2591-negro-multicolor-1\\\/\",\"url\":\"https:\\\/\\\/revolutionpadelstore.com\\\/de\\\/produkt\\\/joma-smash-men-2591-negro-multicolor-1\\\/\",\"name\":\"JOMA SMASH MEN 2591 NEGRO MULTICOLOR - Revolution Padel Store\",\"isPartOf\":{\"@id\":\"https:\\\/\\\/revolutionpadelstore.com\\\/de\\\/#website\"},\"primaryImageOfPage\":{\"@id\":\"https:\\\/\\\/revolutionpadelstore.com\\\/de\\\/produkt\\\/joma-smash-men-2591-negro-multicolor-1\\\/#primaryimage\"},\"image\":{\"@id\":\"https:\\\/\\\/revolutionpadelstore.com\\\/de\\\/produkt\\\/joma-smash-men-2591-negro-multicolor-1\\\/#primaryimage\"},\"thumbnailUrl\":\"https:\\\/\\\/revolutionpadelstore.com\\\/wp-content\\\/uploads\\\/2025\\\/03\\\/FOTO-PALAS-10.png\",\"datePublished\":\"2025-03-12T18:05:57+00:00\",\"dateModified\":\"2026-04-08T03:49:31+00:00\",\"description\":\"Compra las Zapatillas Joma Smash al mejor precio en Revolution Padel Store. M\u00e1xima amortiguaci\u00f3n, estabilidad y tecnolog\u00eda avanzada para un rendimiento superior en p\u00e1del.\",\"breadcrumb\":{\"@id\":\"https:\\\/\\\/revolutionpadelstore.com\\\/de\\\/produkt\\\/joma-smash-men-2591-negro-multicolor-1\\\/#breadcrumb\"},\"inLanguage\":\"de\",\"potentialAction\":[{\"@type\":\"ReadAction\",\"target\":[\"https:\\\/\\\/revolutionpadelstore.com\\\/de\\\/produkt\\\/joma-smash-men-2591-negro-multicolor-1\\\/\"]}]},{\"@type\":\"ImageObject\",\"inLanguage\":\"de\",\"@id\":\"https:\\\/\\\/revolutionpadelstore.com\\\/de\\\/produkt\\\/joma-smash-men-2591-negro-multicolor-1\\\/#primaryimage\",\"url\":\"https:\\\/\\\/revolutionpadelstore.com\\\/wp-content\\\/uploads\\\/2025\\\/03\\\/FOTO-PALAS-10.png\",\"contentUrl\":\"https:\\\/\\\/revolutionpadelstore.com\\\/wp-content\\\/uploads\\\/2025\\\/03\\\/FOTO-PALAS-10.png\",\"width\":1500,\"height\":1500},{\"@type\":\"BreadcrumbList\",\"@id\":\"https:\\\/\\\/revolutionpadelstore.com\\\/de\\\/produkt\\\/joma-smash-men-2591-negro-multicolor-1\\\/#breadcrumb\",\"itemListElement\":[{\"@type\":\"ListItem\",\"position\":1,\"name\":\"Portada\",\"item\":\"https:\\\/\\\/revolutionpadelstore.com\\\/de\\\/\"},{\"@type\":\"ListItem\",\"position\":2,\"name\":\"Shop\",\"item\":\"https:\\\/\\\/revolutionpadelstore.com\\\/de\\\/tienda\\\/\"},{\"@type\":\"ListItem\",\"position\":3,\"name\":\"JOMA SMASH MEN 2591 NEGRO MULTICOLOR\"}]},{\"@type\":\"WebSite\",\"@id\":\"https:\\\/\\\/revolutionpadelstore.com\\\/de\\\/#website\",\"url\":\"https:\\\/\\\/revolutionpadelstore.com\\\/de\\\/\",\"name\":\"Revolution Padel Store\",\"description\":\"\",\"publisher\":{\"@id\":\"https:\\\/\\\/revolutionpadelstore.com\\\/de\\\/#organization\"},\"potentialAction\":[{\"@type\":\"SearchAction\",\"target\":{\"@type\":\"EntryPoint\",\"urlTemplate\":\"https:\\\/\\\/revolutionpadelstore.com\\\/de\\\/?s={search_term_string}\"},\"query-input\":{\"@type\":\"PropertyValueSpecification\",\"valueRequired\":true,\"valueName\":\"search_term_string\"}}],\"inLanguage\":\"de\"},{\"@type\":\"Organization\",\"@id\":\"https:\\\/\\\/revolutionpadelstore.com\\\/de\\\/#organization\",\"name\":\"Revolution Padel Store\",\"url\":\"https:\\\/\\\/revolutionpadelstore.com\\\/de\\\/\",\"logo\":{\"@type\":\"ImageObject\",\"inLanguage\":\"de\",\"@id\":\"https:\\\/\\\/revolutionpadelstore.com\\\/de\\\/#\\\/schema\\\/logo\\\/image\\\/\",\"url\":\"https:\\\/\\\/revolutionpadelstore.com\\\/wp-content\\\/uploads\\\/2026\\\/02\\\/revolution-padel-store.jpg\",\"contentUrl\":\"https:\\\/\\\/revolutionpadelstore.com\\\/wp-content\\\/uploads\\\/2026\\\/02\\\/revolution-padel-store.jpg\",\"width\":2000,\"height\":2000,\"caption\":\"Revolution Padel Store\"},\"image\":{\"@id\":\"https:\\\/\\\/revolutionpadelstore.com\\\/de\\\/#\\\/schema\\\/logo\\\/image\\\/\"},\"sameAs\":[\"https:\\\/\\\/www.instagram.com\\\/revolutionpadelstore\\\/\"]}]}<\/script>\n<!-- \/ Yoast SEO plugin. -->","yoast_head_json":{"title":"JOMA SMASH MEN 2591 NEGRO MULTICOLOR - Revolution Padel Store","description":"Compra las Zapatillas Joma Smash al mejor precio en Revolution Padel Store. M\u00e1xima amortiguaci\u00f3n, estabilidad y tecnolog\u00eda avanzada para un rendimiento superior en p\u00e1del.","robots":{"index":"index","follow":"follow","max-snippet":"max-snippet:-1","max-image-preview":"max-image-preview:large","max-video-preview":"max-video-preview:-1"},"canonical":"https:\/\/revolutionpadelstore.com\/de\/produkt\/joma-smash-men-2591-negro-multicolor-1\/","og_locale":"de_DE","og_type":"article","og_title":"JOMA SMASH MEN 2591 NEGRO MULTICOLOR - Revolution Padel Store","og_description":"Compra las Zapatillas Joma Smash al mejor precio en Revolution Padel Store. M\u00e1xima amortiguaci\u00f3n, estabilidad y tecnolog\u00eda avanzada para un rendimiento superior en p\u00e1del.","og_url":"https:\/\/revolutionpadelstore.com\/de\/produkt\/joma-smash-men-2591-negro-multicolor-1\/","og_site_name":"Revolution Padel Store","article_modified_time":"2026-04-08T03:49:31+00:00","og_image":[{"width":1500,"height":1500,"url":"https:\/\/revolutionpadelstore.com\/wp-content\/uploads\/2025\/03\/FOTO-PALAS-10.png","type":"image\/png"}],"twitter_card":"summary_large_image","twitter_misc":{"Gesch\u00e4tzte Lesezeit":"2\u00a0Minuten"},"schema":{"@context":"https:\/\/schema.org","@graph":[{"@type":"WebPage","@id":"https:\/\/revolutionpadelstore.com\/de\/produkt\/joma-smash-men-2591-negro-multicolor-1\/","url":"https:\/\/revolutionpadelstore.com\/de\/produkt\/joma-smash-men-2591-negro-multicolor-1\/","name":"JOMA SMASH MEN 2591 NEGRO MULTICOLOR - Revolution Padel Store","isPartOf":{"@id":"https:\/\/revolutionpadelstore.com\/de\/#website"},"primaryImageOfPage":{"@id":"https:\/\/revolutionpadelstore.com\/de\/produkt\/joma-smash-men-2591-negro-multicolor-1\/#primaryimage"},"image":{"@id":"https:\/\/revolutionpadelstore.com\/de\/produkt\/joma-smash-men-2591-negro-multicolor-1\/#primaryimage"},"thumbnailUrl":"https:\/\/revolutionpadelstore.com\/wp-content\/uploads\/2025\/03\/FOTO-PALAS-10.png","datePublished":"2025-03-12T18:05:57+00:00","dateModified":"2026-04-08T03:49:31+00:00","description":"Compra las Zapatillas Joma Smash al mejor precio en Revolution Padel Store. M\u00e1xima amortiguaci\u00f3n, estabilidad y tecnolog\u00eda avanzada para un rendimiento superior en p\u00e1del.","breadcrumb":{"@id":"https:\/\/revolutionpadelstore.com\/de\/produkt\/joma-smash-men-2591-negro-multicolor-1\/#breadcrumb"},"inLanguage":"de","potentialAction":[{"@type":"ReadAction","target":["https:\/\/revolutionpadelstore.com\/de\/produkt\/joma-smash-men-2591-negro-multicolor-1\/"]}]},{"@type":"ImageObject","inLanguage":"de","@id":"https:\/\/revolutionpadelstore.com\/de\/produkt\/joma-smash-men-2591-negro-multicolor-1\/#primaryimage","url":"https:\/\/revolutionpadelstore.com\/wp-content\/uploads\/2025\/03\/FOTO-PALAS-10.png","contentUrl":"https:\/\/revolutionpadelstore.com\/wp-content\/uploads\/2025\/03\/FOTO-PALAS-10.png","width":1500,"height":1500},{"@type":"BreadcrumbList","@id":"https:\/\/revolutionpadelstore.com\/de\/produkt\/joma-smash-men-2591-negro-multicolor-1\/#breadcrumb","itemListElement":[{"@type":"ListItem","position":1,"name":"Portada","item":"https:\/\/revolutionpadelstore.com\/de\/"},{"@type":"ListItem","position":2,"name":"Shop","item":"https:\/\/revolutionpadelstore.com\/de\/tienda\/"},{"@type":"ListItem","position":3,"name":"JOMA SMASH MEN 2591 NEGRO MULTICOLOR"}]},{"@type":"WebSite","@id":"https:\/\/revolutionpadelstore.com\/de\/#website","url":"https:\/\/revolutionpadelstore.com\/de\/","name":"Revolution Padel Store","description":"","publisher":{"@id":"https:\/\/revolutionpadelstore.com\/de\/#organization"},"potentialAction":[{"@type":"SearchAction","target":{"@type":"EntryPoint","urlTemplate":"https:\/\/revolutionpadelstore.com\/de\/?s={search_term_string}"},"query-input":{"@type":"PropertyValueSpecification","valueRequired":true,"valueName":"search_term_string"}}],"inLanguage":"de"},{"@type":"Organization","@id":"https:\/\/revolutionpadelstore.com\/de\/#organization","name":"Revolution Padel Store","url":"https:\/\/revolutionpadelstore.com\/de\/","logo":{"@type":"ImageObject","inLanguage":"de","@id":"https:\/\/revolutionpadelstore.com\/de\/#\/schema\/logo\/image\/","url":"https:\/\/revolutionpadelstore.com\/wp-content\/uploads\/2026\/02\/revolution-padel-store.jpg","contentUrl":"https:\/\/revolutionpadelstore.com\/wp-content\/uploads\/2026\/02\/revolution-padel-store.jpg","width":2000,"height":2000,"caption":"Revolution Padel Store"},"image":{"@id":"https:\/\/revolutionpadelstore.com\/de\/#\/schema\/logo\/image\/"},"sameAs":["https:\/\/www.instagram.com\/revolutionpadelstore\/"]}]}},"_links":{"self":[{"href":"https:\/\/revolutionpadelstore.com\/de\/wp-json\/wp\/v2\/product\/214870","targetHints":{"allow":["GET"]}}],"collection":[{"href":"https:\/\/revolutionpadelstore.com\/de\/wp-json\/wp\/v2\/product"}],"about":[{"href":"https:\/\/revolutionpadelstore.com\/de\/wp-json\/wp\/v2\/types\/product"}],"replies":[{"embeddable":true,"href":"https:\/\/revolutionpadelstore.com\/de\/wp-json\/wp\/v2\/comments?post=214870"}],"wp:featuredmedia":[{"embeddable":true,"href":"https:\/\/revolutionpadelstore.com\/de\/wp-json\/wp\/v2\/media\/214892"}],"wp:attachment":[{"href":"https:\/\/revolutionpadelstore.com\/de\/wp-json\/wp\/v2\/media?parent=214870"}],"wp:term":[{"taxonomy":"acabado","embeddable":true,"href":"https:\/\/revolutionpadelstore.com\/de\/wp-json\/wp\/v2\/acabado?post=214870"},{"taxonomy":"balance","embeddable":true,"href":"https:\/\/revolutionpadelstore.com\/de\/wp-json\/wp\/v2\/balance?post=214870"},{"taxonomy":"dureza","embeddable":true,"href":"https:\/\/revolutionpadelstore.com\/de\/wp-json\/wp\/v2\/dureza?post=214870"},{"taxonomy":"forma","embeddable":true,"href":"https:\/\/revolutionpadelstore.com\/de\/wp-json\/wp\/v2\/forma?post=214870"},{"taxonomy":"jugador","embeddable":true,"href":"https:\/\/revolutionpadelstore.com\/de\/wp-json\/wp\/v2\/jugador?post=214870"},{"taxonomy":"marca","embeddable":true,"href":"https:\/\/revolutionpadelstore.com\/de\/wp-json\/wp\/v2\/marca?post=214870"},{"taxonomy":"nivel-de-juego","embeddable":true,"href":"https:\/\/revolutionpadelstore.com\/de\/wp-json\/wp\/v2\/nivel-de-juego?post=214870"},{"taxonomy":"superficie","embeddable":true,"href":"https:\/\/revolutionpadelstore.com\/de\/wp-json\/wp\/v2\/superficie?post=214870"},{"taxonomy":"tipo-de-juego","embeddable":true,"href":"https:\/\/revolutionpadelstore.com\/de\/wp-json\/wp\/v2\/tipo-de-juego?post=214870"},{"taxonomy":"product_brand","embeddable":true,"href":"https:\/\/revolutionpadelstore.com\/de\/wp-json\/wp\/v2\/product_brand?post=214870"},{"taxonomy":"product_cat","embeddable":true,"href":"https:\/\/revolutionpadelstore.com\/de\/wp-json\/wp\/v2\/product_cat?post=214870"},{"taxonomy":"product_tag","embeddable":true,"href":"https:\/\/revolutionpadelstore.com\/de\/wp-json\/wp\/v2\/product_tag?post=214870"}],"curies":[{"name":"wp","href":"https:\/\/api.w.org\/{rel}","templated":true}]}}