{"id":21220,"date":"2024-03-11T11:03:08","date_gmt":"2024-03-11T10:03:08","guid":{"rendered":"https:\/\/revolutionpadelstore.com\/cargador-de-presion-pelotas-ball-rescuer\/"},"modified":"2026-04-08T15:45:17","modified_gmt":"2026-04-08T13:45:17","slug":"cargador-de-presion-pelotas-ball-rescuer-1","status":"publish","type":"product","link":"https:\/\/revolutionpadelstore.com\/de\/produkt\/cargador-de-presion-pelotas-ball-rescuer-1\/","title":{"rendered":"Cargador de Presion Pelotas Ball Rescuer"},"content":{"rendered":"<p>Der Ball-Druckhalter Ball Rescuer besteht aus zwei Gewindek\u00f6rpern aus Kunststoff, einer Abdeckung und einem Flansch oder einer Klemme.<\/p>\n<p>Der Deckel ist durch zwei Ventile gekennzeichnet, ein Hauptventil zum Einf\u00fcllen von Luft und ein Sekund\u00e4rventil zum Anbringen einer Druckanzeige.<br \/>\nDer Deckel verf\u00fcgt au\u00dferdem \u00fcber einen Entleerungsknopf, um die Flasche vor der Verwendung der Kugeln bequem zu \u00f6ffnen.<br \/>\nDar\u00fcber hinaus verf\u00fcgt der Deckel \u00fcber einen speziellen O-Ring im Inneren, der es erm\u00f6glicht, fast jeden Ballbeh\u00e4lter auf dem Markt unter Druck zu setzen.<\/p>\n<p>Der Flansch ist das Teil, das den Beh\u00e4lter umschlie\u00dft und, sobald er um ihn herum platziert ist, es erm\u00f6glicht, ihn mit dem Deckel zu verschrauben und ihn unter Druck zu setzen.<\/p>\n<p>geringe Gr\u00f6\u00dfe, geringes Gewicht, einfaches \u00d6ffnen<\/p>\n<p>Passend f\u00fcr 3- oder 4-Ball-Beh\u00e4lter verschiedener Marken.<br \/>\nSiehe Kompatibilit\u00e4tsleitfaden unten.<br \/>\nEs ist in der Lage, 3 oder 4 B\u00e4lle bei einem Druck von bis zu 35 psi zu lagern, was seine Nutzungsdauer um das Zehnfache verl\u00e4ngert.<br \/>\nStellt drucklose B\u00e4lle wieder her (bitte beachten Sie, dass der Vorgang 2 bis 3 Wochen dauern kann)<br \/>\nBei zwei Spielen pro Woche amortisiert sich die Investition bereits nach drei Monaten.<br \/>\nIn f\u00fcnf Jahren wird die Herstellung und anschlie\u00dfende Entsorgung von 1.200 B\u00e4llen und 300 Beh\u00e4ltern vermieden.<br \/>\nRohstoffe sparen und Emissionen reduzieren.<br \/>\nHergestellt aus leichtem und widerstandsf\u00e4higem Material.<br \/>\nEinfach zu bedienen.<br \/>\nEnth\u00e4lt detaillierte Anweisungen zur Druckbeaufschlagung.<br \/>\nPatentiert, hergestellt und montiert in Spanien.<\/p>\n<p>Hochdruck<br \/>\nBall Rescuer arbeitet mit einem Druck von 30\/35 psi.<br \/>\nAnschraubbare Druckhalter ohne Ventil, die nur 14\/16 psi liefern, funktionieren nicht gut.<br \/>\nDar\u00fcber hinaus verf\u00fcgt der Ball Rescuer \u00fcber einen speziellen Knopf zum Druckentlasten vor dem \u00d6ffnen, sodass zum Entleeren nicht das F\u00fcllventil selbst verwendet wird.<br \/>\nEs verf\u00fcgt au\u00dferdem \u00fcber eine dreifarbige Anzeige.<\/p>\n<p>Ergonomie<br \/>\nBall Rescuer wiegt nur 150 Gramm und nimmt nur minimalen Platz in Ihrer Tasche ein.<br \/>\nEs ist bequemer und einfacher zu \u00f6ffnen und zu schlie\u00dfen als alle anderen.<br \/>\nEs passt sich je nach Bedarf an Beh\u00e4lter mit 3 oder 4 B\u00e4llen an und minimiert so das Volumen.<br \/>\nKompatibilit\u00e4t pr\u00fcfen.<br \/>\nEs ist wirtschaftlich, sch\u00f6n und umweltfreundlich.<\/p>\n<p>Wie funktioniert es?<\/p>\n<p>01 Befestigen Sie den Ball Rescuer an einem kompatiblen Ballbeh\u00e4lter.<\/p>\n<p>02 Legen Sie die Kugeln in den Beh\u00e4lter.<\/p>\n<p>03 Schlie\u00dfen Sie den Deckel mit dem Gewinde und achten Sie darauf, dass dieser gut festgezogen wird.<\/p>\n<p>04 Setzen Sie die M\u00fcndung der Aufblaspumpe auf das F\u00fcllventil.<\/p>\n<p>05 Pumpen Sie entsprechend der Druckanzeige auf den gew\u00fcnschten Druck auf.<\/p>\n<p>100 % kompatible Marken<\/p>\n<p>anpassbar an Kunststoffbeh\u00e4lter<\/p>\n<p>Ball Rescurer ist ein Balldruckbeh\u00e4lter, der mit Kunststoffbeh\u00e4ltern f\u00fcr Tennis- und Padelb\u00e4lle kompatibel ist und es Ihnen erm\u00f6glicht, diese in einen Druckbeh\u00e4lter umzuwandeln, der die Lebensdauer Ihrer B\u00e4lle um das Zehnfache verl\u00e4ngert.<\/p>\n<p>Kaufen Sie einfach einmalig eine kompatible Verpackung und verwenden Sie diese mit B\u00e4llen jeder anderen Marke.<br \/>\nDerselbe Beh\u00e4lter kann hunderte Male unter Druck gesetzt werden.<\/p>\n<p>Head Padel Pro S, Head Padel, Head Championship, Head Radical, Siux Match, Siux Match Pro, Penn Coach. Softee Speed \u200b\u200b\u200b\u200bPro, Softee Speed, Softee Pro X und Softee Pro, HBL Protour Padel, Higer Padel Slam, Nexus Open Padel,<\/p>\n<p>95 % kompatibel<\/p>\n<p>Dunlop Padel Tournament Quality, Dunlop Team Padel, Dunlop Pro Tour 3 und 4 B\u00e4lle, Slazenger Club Padel, Slazenger Championship Hydroguard (3 und 4 B\u00e4lle) Slazenger Max Padel, Slazenger, Donnay Championship.<\/p>\n<p>Die Modelle mit 95 % Kompatibilit\u00e4t sind schmaler und m\u00fcssen, damit sie zu 100 % funktionieren, mit zwanzig bis drei\u00dfig Windungen Paketband unterhalb des Schlitzes im Beh\u00e4lterhals vergr\u00f6\u00dfert werden.<\/p>\n<p>Aus Sicherheitsgr\u00fcnden derzeit nicht kompatibel: Wilson, Bullpadel, Babolat, Tecnifibre, Nox, Artengo, Adidas und Varlion, obwohl sie nicht die einzigen sind.<br \/>\nNicht kompatibel mit Metallbeh\u00e4ltern oder Dosen.<\/p>\n<p>Modelle kompatibler Marken, die nicht unter Druck gesetzt werden k\u00f6nnen oder nach Betriebsschluss Lecks aufweisen:<\/p>\n<p>Dunlop Tour Brilliance. Der Beh\u00e4lterk\u00f6rper ist zu schmal und wird unter Druck in Bezug auf den Flansch dezentralisiert.<br \/>\nUm dies zu vermeiden, rollen Sie Isolierband auf, um den Durchmesser zu vergr\u00f6\u00dfern, bis es auf den Flansch passt. Trotzdem wird es schwierig sein, Druck auszu\u00fcben und sich besser f\u00fcr ein anderes Modell zu entscheiden.<br \/>\nDunlop Pro Padel. Es kann unter Druck stehen, weist jedoch normalerweise Druckverluste auf.<br \/>\nHead Padel Pro. Breite Beh\u00e4lter k\u00f6nnen nicht unter Druck gesetzt werden, Sie k\u00f6nnen sie vor dem Kauf mit dem Flansch messen.<\/p>\n","protected":false},"excerpt":{"rendered":"<p>Druckbelastete B\u00e4lle Ball Rescuerr <\/p>\n","protected":false},"featured_media":1665,"comment_status":"open","ping_status":"closed","template":"","meta":{"_acf_changed":false,"_joinchat":[]},"acabado":[],"balance":[],"dureza":[],"forma":[],"jugador":[],"marca":[1279],"nivel-de-juego":[],"superficie":[],"tipo-de-juego":[],"product_brand":[],"product_cat":[603],"product_tag":[],"class_list":{"0":"post-21220","1":"product","2":"type-product","3":"status-publish","4":"has-post-thumbnail","6":"marca-ballretter","7":"product_cat-balle","9":"first","10":"outofstock","11":"taxable","12":"shipping-taxable","13":"purchasable","14":"product-type-simple"},"acf":[],"yoast_head":"<!-- This site is optimized with the Yoast SEO plugin v27.4 - https:\/\/yoast.com\/product\/yoast-seo-wordpress\/ -->\n<title>Cargador de Presion Pelotas Ball Rescuer - Revolution Padel Store<\/title>\n<meta name=\"robots\" content=\"index, follow, max-snippet:-1, max-image-preview:large, max-video-preview:-1\" \/>\n<link rel=\"canonical\" href=\"https:\/\/revolutionpadelstore.com\/de\/produkt\/cargador-de-presion-pelotas-ball-rescuer-1\/\" \/>\n<meta property=\"og:locale\" content=\"de_DE\" \/>\n<meta property=\"og:type\" content=\"article\" \/>\n<meta property=\"og:title\" content=\"Cargador de Presion Pelotas Ball Rescuer - Revolution Padel Store\" \/>\n<meta property=\"og:description\" content=\"Druckbelastete B\u00e4lle Ball Rescuerr\" \/>\n<meta property=\"og:url\" content=\"https:\/\/revolutionpadelstore.com\/de\/produkt\/cargador-de-presion-pelotas-ball-rescuer-1\/\" \/>\n<meta property=\"og:site_name\" content=\"Revolution Padel Store\" \/>\n<meta property=\"article:modified_time\" content=\"2026-04-08T13:45:17+00:00\" \/>\n<meta property=\"og:image\" content=\"https:\/\/revolutionpadelstore.com\/wp-content\/uploads\/2024\/03\/cargador-de-presion-pelotas-ball-rescuer-es-1-800x800-1.jpg\" \/>\n\t<meta property=\"og:image:width\" content=\"800\" \/>\n\t<meta property=\"og:image:height\" content=\"800\" \/>\n\t<meta property=\"og:image:type\" content=\"image\/jpeg\" \/>\n<meta name=\"twitter:card\" content=\"summary_large_image\" \/>\n<meta name=\"twitter:label1\" content=\"Gesch\u00e4tzte Lesezeit\" \/>\n\t<meta name=\"twitter:data1\" content=\"1\u00a0Minute\" \/>\n<script type=\"application\/ld+json\" class=\"yoast-schema-graph\">{\"@context\":\"https:\\\/\\\/schema.org\",\"@graph\":[{\"@type\":\"WebPage\",\"@id\":\"https:\\\/\\\/revolutionpadelstore.com\\\/de\\\/produkt\\\/cargador-de-presion-pelotas-ball-rescuer-1\\\/\",\"url\":\"https:\\\/\\\/revolutionpadelstore.com\\\/de\\\/produkt\\\/cargador-de-presion-pelotas-ball-rescuer-1\\\/\",\"name\":\"Cargador de Presion Pelotas Ball Rescuer - Revolution Padel Store\",\"isPartOf\":{\"@id\":\"https:\\\/\\\/revolutionpadelstore.com\\\/de\\\/#website\"},\"primaryImageOfPage\":{\"@id\":\"https:\\\/\\\/revolutionpadelstore.com\\\/de\\\/produkt\\\/cargador-de-presion-pelotas-ball-rescuer-1\\\/#primaryimage\"},\"image\":{\"@id\":\"https:\\\/\\\/revolutionpadelstore.com\\\/de\\\/produkt\\\/cargador-de-presion-pelotas-ball-rescuer-1\\\/#primaryimage\"},\"thumbnailUrl\":\"https:\\\/\\\/revolutionpadelstore.com\\\/wp-content\\\/uploads\\\/2024\\\/03\\\/cargador-de-presion-pelotas-ball-rescuer-es-1-800x800-1.jpg\",\"datePublished\":\"2024-03-11T10:03:08+00:00\",\"dateModified\":\"2026-04-08T13:45:17+00:00\",\"breadcrumb\":{\"@id\":\"https:\\\/\\\/revolutionpadelstore.com\\\/de\\\/produkt\\\/cargador-de-presion-pelotas-ball-rescuer-1\\\/#breadcrumb\"},\"inLanguage\":\"de\",\"potentialAction\":[{\"@type\":\"ReadAction\",\"target\":[\"https:\\\/\\\/revolutionpadelstore.com\\\/de\\\/produkt\\\/cargador-de-presion-pelotas-ball-rescuer-1\\\/\"]}]},{\"@type\":\"ImageObject\",\"inLanguage\":\"de\",\"@id\":\"https:\\\/\\\/revolutionpadelstore.com\\\/de\\\/produkt\\\/cargador-de-presion-pelotas-ball-rescuer-1\\\/#primaryimage\",\"url\":\"https:\\\/\\\/revolutionpadelstore.com\\\/wp-content\\\/uploads\\\/2024\\\/03\\\/cargador-de-presion-pelotas-ball-rescuer-es-1-800x800-1.jpg\",\"contentUrl\":\"https:\\\/\\\/revolutionpadelstore.com\\\/wp-content\\\/uploads\\\/2024\\\/03\\\/cargador-de-presion-pelotas-ball-rescuer-es-1-800x800-1.jpg\",\"width\":800,\"height\":800,\"caption\":\"Cargador de Presion Pelotas Ball Rescuer\"},{\"@type\":\"BreadcrumbList\",\"@id\":\"https:\\\/\\\/revolutionpadelstore.com\\\/de\\\/produkt\\\/cargador-de-presion-pelotas-ball-rescuer-1\\\/#breadcrumb\",\"itemListElement\":[{\"@type\":\"ListItem\",\"position\":1,\"name\":\"Portada\",\"item\":\"https:\\\/\\\/revolutionpadelstore.com\\\/de\\\/\"},{\"@type\":\"ListItem\",\"position\":2,\"name\":\"Shop\",\"item\":\"https:\\\/\\\/revolutionpadelstore.com\\\/de\\\/tienda\\\/\"},{\"@type\":\"ListItem\",\"position\":3,\"name\":\"Cargador de Presion Pelotas Ball Rescuer\"}]},{\"@type\":\"WebSite\",\"@id\":\"https:\\\/\\\/revolutionpadelstore.com\\\/de\\\/#website\",\"url\":\"https:\\\/\\\/revolutionpadelstore.com\\\/de\\\/\",\"name\":\"Revolution Padel Store\",\"description\":\"\",\"publisher\":{\"@id\":\"https:\\\/\\\/revolutionpadelstore.com\\\/de\\\/#organization\"},\"potentialAction\":[{\"@type\":\"SearchAction\",\"target\":{\"@type\":\"EntryPoint\",\"urlTemplate\":\"https:\\\/\\\/revolutionpadelstore.com\\\/de\\\/?s={search_term_string}\"},\"query-input\":{\"@type\":\"PropertyValueSpecification\",\"valueRequired\":true,\"valueName\":\"search_term_string\"}}],\"inLanguage\":\"de\"},{\"@type\":\"Organization\",\"@id\":\"https:\\\/\\\/revolutionpadelstore.com\\\/de\\\/#organization\",\"name\":\"Revolution Padel Store\",\"url\":\"https:\\\/\\\/revolutionpadelstore.com\\\/de\\\/\",\"logo\":{\"@type\":\"ImageObject\",\"inLanguage\":\"de\",\"@id\":\"https:\\\/\\\/revolutionpadelstore.com\\\/de\\\/#\\\/schema\\\/logo\\\/image\\\/\",\"url\":\"https:\\\/\\\/revolutionpadelstore.com\\\/wp-content\\\/uploads\\\/2026\\\/02\\\/revolution-padel-store.jpg\",\"contentUrl\":\"https:\\\/\\\/revolutionpadelstore.com\\\/wp-content\\\/uploads\\\/2026\\\/02\\\/revolution-padel-store.jpg\",\"width\":2000,\"height\":2000,\"caption\":\"Revolution Padel Store\"},\"image\":{\"@id\":\"https:\\\/\\\/revolutionpadelstore.com\\\/de\\\/#\\\/schema\\\/logo\\\/image\\\/\"},\"sameAs\":[\"https:\\\/\\\/www.instagram.com\\\/revolutionpadelstore\\\/\"]}]}<\/script>\n<!-- \/ Yoast SEO plugin. -->","yoast_head_json":{"title":"Cargador de Presion Pelotas Ball Rescuer - Revolution Padel Store","robots":{"index":"index","follow":"follow","max-snippet":"max-snippet:-1","max-image-preview":"max-image-preview:large","max-video-preview":"max-video-preview:-1"},"canonical":"https:\/\/revolutionpadelstore.com\/de\/produkt\/cargador-de-presion-pelotas-ball-rescuer-1\/","og_locale":"de_DE","og_type":"article","og_title":"Cargador de Presion Pelotas Ball Rescuer - Revolution Padel Store","og_description":"Druckbelastete B\u00e4lle Ball Rescuerr","og_url":"https:\/\/revolutionpadelstore.com\/de\/produkt\/cargador-de-presion-pelotas-ball-rescuer-1\/","og_site_name":"Revolution Padel Store","article_modified_time":"2026-04-08T13:45:17+00:00","og_image":[{"width":800,"height":800,"url":"https:\/\/revolutionpadelstore.com\/wp-content\/uploads\/2024\/03\/cargador-de-presion-pelotas-ball-rescuer-es-1-800x800-1.jpg","type":"image\/jpeg"}],"twitter_card":"summary_large_image","twitter_misc":{"Gesch\u00e4tzte Lesezeit":"1\u00a0Minute"},"schema":{"@context":"https:\/\/schema.org","@graph":[{"@type":"WebPage","@id":"https:\/\/revolutionpadelstore.com\/de\/produkt\/cargador-de-presion-pelotas-ball-rescuer-1\/","url":"https:\/\/revolutionpadelstore.com\/de\/produkt\/cargador-de-presion-pelotas-ball-rescuer-1\/","name":"Cargador de Presion Pelotas Ball Rescuer - Revolution Padel Store","isPartOf":{"@id":"https:\/\/revolutionpadelstore.com\/de\/#website"},"primaryImageOfPage":{"@id":"https:\/\/revolutionpadelstore.com\/de\/produkt\/cargador-de-presion-pelotas-ball-rescuer-1\/#primaryimage"},"image":{"@id":"https:\/\/revolutionpadelstore.com\/de\/produkt\/cargador-de-presion-pelotas-ball-rescuer-1\/#primaryimage"},"thumbnailUrl":"https:\/\/revolutionpadelstore.com\/wp-content\/uploads\/2024\/03\/cargador-de-presion-pelotas-ball-rescuer-es-1-800x800-1.jpg","datePublished":"2024-03-11T10:03:08+00:00","dateModified":"2026-04-08T13:45:17+00:00","breadcrumb":{"@id":"https:\/\/revolutionpadelstore.com\/de\/produkt\/cargador-de-presion-pelotas-ball-rescuer-1\/#breadcrumb"},"inLanguage":"de","potentialAction":[{"@type":"ReadAction","target":["https:\/\/revolutionpadelstore.com\/de\/produkt\/cargador-de-presion-pelotas-ball-rescuer-1\/"]}]},{"@type":"ImageObject","inLanguage":"de","@id":"https:\/\/revolutionpadelstore.com\/de\/produkt\/cargador-de-presion-pelotas-ball-rescuer-1\/#primaryimage","url":"https:\/\/revolutionpadelstore.com\/wp-content\/uploads\/2024\/03\/cargador-de-presion-pelotas-ball-rescuer-es-1-800x800-1.jpg","contentUrl":"https:\/\/revolutionpadelstore.com\/wp-content\/uploads\/2024\/03\/cargador-de-presion-pelotas-ball-rescuer-es-1-800x800-1.jpg","width":800,"height":800,"caption":"Cargador de Presion Pelotas Ball Rescuer"},{"@type":"BreadcrumbList","@id":"https:\/\/revolutionpadelstore.com\/de\/produkt\/cargador-de-presion-pelotas-ball-rescuer-1\/#breadcrumb","itemListElement":[{"@type":"ListItem","position":1,"name":"Portada","item":"https:\/\/revolutionpadelstore.com\/de\/"},{"@type":"ListItem","position":2,"name":"Shop","item":"https:\/\/revolutionpadelstore.com\/de\/tienda\/"},{"@type":"ListItem","position":3,"name":"Cargador de Presion Pelotas Ball Rescuer"}]},{"@type":"WebSite","@id":"https:\/\/revolutionpadelstore.com\/de\/#website","url":"https:\/\/revolutionpadelstore.com\/de\/","name":"Revolution Padel Store","description":"","publisher":{"@id":"https:\/\/revolutionpadelstore.com\/de\/#organization"},"potentialAction":[{"@type":"SearchAction","target":{"@type":"EntryPoint","urlTemplate":"https:\/\/revolutionpadelstore.com\/de\/?s={search_term_string}"},"query-input":{"@type":"PropertyValueSpecification","valueRequired":true,"valueName":"search_term_string"}}],"inLanguage":"de"},{"@type":"Organization","@id":"https:\/\/revolutionpadelstore.com\/de\/#organization","name":"Revolution Padel Store","url":"https:\/\/revolutionpadelstore.com\/de\/","logo":{"@type":"ImageObject","inLanguage":"de","@id":"https:\/\/revolutionpadelstore.com\/de\/#\/schema\/logo\/image\/","url":"https:\/\/revolutionpadelstore.com\/wp-content\/uploads\/2026\/02\/revolution-padel-store.jpg","contentUrl":"https:\/\/revolutionpadelstore.com\/wp-content\/uploads\/2026\/02\/revolution-padel-store.jpg","width":2000,"height":2000,"caption":"Revolution Padel Store"},"image":{"@id":"https:\/\/revolutionpadelstore.com\/de\/#\/schema\/logo\/image\/"},"sameAs":["https:\/\/www.instagram.com\/revolutionpadelstore\/"]}]}},"_links":{"self":[{"href":"https:\/\/revolutionpadelstore.com\/de\/wp-json\/wp\/v2\/product\/21220","targetHints":{"allow":["GET"]}}],"collection":[{"href":"https:\/\/revolutionpadelstore.com\/de\/wp-json\/wp\/v2\/product"}],"about":[{"href":"https:\/\/revolutionpadelstore.com\/de\/wp-json\/wp\/v2\/types\/product"}],"replies":[{"embeddable":true,"href":"https:\/\/revolutionpadelstore.com\/de\/wp-json\/wp\/v2\/comments?post=21220"}],"wp:featuredmedia":[{"embeddable":true,"href":"https:\/\/revolutionpadelstore.com\/de\/wp-json\/wp\/v2\/media\/1665"}],"wp:attachment":[{"href":"https:\/\/revolutionpadelstore.com\/de\/wp-json\/wp\/v2\/media?parent=21220"}],"wp:term":[{"taxonomy":"acabado","embeddable":true,"href":"https:\/\/revolutionpadelstore.com\/de\/wp-json\/wp\/v2\/acabado?post=21220"},{"taxonomy":"balance","embeddable":true,"href":"https:\/\/revolutionpadelstore.com\/de\/wp-json\/wp\/v2\/balance?post=21220"},{"taxonomy":"dureza","embeddable":true,"href":"https:\/\/revolutionpadelstore.com\/de\/wp-json\/wp\/v2\/dureza?post=21220"},{"taxonomy":"forma","embeddable":true,"href":"https:\/\/revolutionpadelstore.com\/de\/wp-json\/wp\/v2\/forma?post=21220"},{"taxonomy":"jugador","embeddable":true,"href":"https:\/\/revolutionpadelstore.com\/de\/wp-json\/wp\/v2\/jugador?post=21220"},{"taxonomy":"marca","embeddable":true,"href":"https:\/\/revolutionpadelstore.com\/de\/wp-json\/wp\/v2\/marca?post=21220"},{"taxonomy":"nivel-de-juego","embeddable":true,"href":"https:\/\/revolutionpadelstore.com\/de\/wp-json\/wp\/v2\/nivel-de-juego?post=21220"},{"taxonomy":"superficie","embeddable":true,"href":"https:\/\/revolutionpadelstore.com\/de\/wp-json\/wp\/v2\/superficie?post=21220"},{"taxonomy":"tipo-de-juego","embeddable":true,"href":"https:\/\/revolutionpadelstore.com\/de\/wp-json\/wp\/v2\/tipo-de-juego?post=21220"},{"taxonomy":"product_brand","embeddable":true,"href":"https:\/\/revolutionpadelstore.com\/de\/wp-json\/wp\/v2\/product_brand?post=21220"},{"taxonomy":"product_cat","embeddable":true,"href":"https:\/\/revolutionpadelstore.com\/de\/wp-json\/wp\/v2\/product_cat?post=21220"},{"taxonomy":"product_tag","embeddable":true,"href":"https:\/\/revolutionpadelstore.com\/de\/wp-json\/wp\/v2\/product_tag?post=21220"}],"curies":[{"name":"wp","href":"https:\/\/api.w.org\/{rel}","templated":true}]}}