{"id":21210,"date":"2024-03-11T11:07:04","date_gmt":"2024-03-11T10:07:04","guid":{"rendered":"https:\/\/revolutionpadelstore.com\/cargador-de-presion-pascal-box-4-pelotas\/"},"modified":"2026-04-08T15:44:13","modified_gmt":"2026-04-08T13:44:13","slug":"cargador-de-presion-pascal-box-4-pelotas-1","status":"publish","type":"product","link":"https:\/\/revolutionpadelstore.com\/de\/produkt\/cargador-de-presion-pascal-box-4-pelotas-1\/","title":{"rendered":"Cargador de Presion Pascal Box 4 Pelotas"},"content":{"rendered":"<p>PR\u00c4ZISION UND GARANTIE<\/p>\n<p>Entwickelt f\u00fcr Tennis- und Padelspieler aller Spielst\u00e4rken.<br \/>\nDie Pascal Box 4B ist ein Pr\u00e4zisions-Aufblassystem, das garantiert, dass Ihre B\u00e4lle immer den richtigen Druck und die perfekte Sprungkraft haben.<\/p>\n<p>Die Pascal Box 4B ist auf Langlebigkeit ausgelegt.<br \/>\nSolides Design aus hochbest\u00e4ndigen Materialien, damit Sie viele Jahre lang bei jedem Spiel B\u00e4lle mit dem perfekten Druck genie\u00dfen k\u00f6nnen.<\/p>\n<p>VORTEILE DER PASCAL BOX\u00ae 4B<\/p>\n<p>SPIELEN SIE PADEL, TENNIS ODER FRONTTENIS?<\/p>\n<p>Perfektes Spielerlebnis.<br \/>\nEs garantiert das bestm\u00f6gliche Spielerlebnis, die B\u00e4lle springen immer so, als w\u00e4ren sie neu.<\/p>\n<p>Sparen.<\/p>\n<p>Jetzt profitieren Sie wirklich von Ihrer Investition in B\u00e4lle, da Sie w\u00e4hrend der gesamten Nutzungsdauer die maximale Leistung erzielen.<br \/>\nKeine B\u00e4lle mehr kaufen und nur ein- oder zweimal verwenden oder ohne Druck mit losen B\u00e4llen spielen.<\/p>\n<p>Reduziert die Umweltbelastung.<\/p>\n<p>Sie tragen dazu bei, weniger unn\u00f6tigen Abfall zu erzeugen (B\u00e4lle werden derzeit nicht recycelt und landen auf M\u00fclldeponien oder im Meer) und weniger CO2 (f\u00fcr jedes hergestellte Kilo Gummi werden 4 Kilo CO2 in die Atmosph\u00e4re freigesetzt, zuz\u00fcglich des durch den Transport erzeugten CO2). im Schiff vom anderen Ende der Welt (B\u00e4lle werden in Asien hergestellt)<\/p>\n<p>Verhindert Verletzungen.<\/p>\n<p>Sie k\u00f6nnen den Druck der B\u00e4lle entsprechend den Au\u00dfenbedingungen wie Temperatur, H\u00f6he, Luftfeuchtigkeit und Ihrem Spielstil h\u00e4rter oder langsamer regulieren.<br \/>\nSie vermeiden sogar m\u00f6gliche Verletzungen an Ellenbogen und Schulter durch das Spielen mit losen B\u00e4llen und erzwungene Gesten bei B\u00e4llen, die sich nicht so verhalten, wie sie sollten.<\/p>\n<p>Aufblassystem f\u00fcr Tennis- und Padelb\u00e4lle.<\/p>\n<p>Kapazit\u00e4t f\u00fcr 4 Paddel- und Tennisb\u00e4lle<\/p>\n<p>H\u00f6chstpr\u00e4zises Manometer, kalibriert nach den offiziellen Parametern der Internationalen Tennis- und Padel-Verb\u00e4nde<\/p>\n<p>Deckel aus hochbest\u00e4ndigem Fiberglas<\/p>\n<p>Glas aus hochbest\u00e4ndigem Polycarbonat<\/p>\n<p>Easy-Open-System<\/p>\n<p>100 % reparierbares Produkt: Alle Komponenten k\u00f6nnen bei Verschlei\u00df oder Bruch repariert oder ausgetauscht werden.<\/p>\n<p>Lieferumfang: Pascal Box 4B, Aufblaspumpe (Modell kann variieren), Vaseline-Flasche und Gebrauchs- und Wartungsanleitung<\/p>\n<p>Entworfen und hergestellt in Spanien.<\/p>\n<p>PASCAL BOX\u00ae EINZIGARTIG AUF DEM MARKT<\/p>\n<p>WISSENSCHAFT IM DIENST DES SPORTS<\/p>\n<p>Wir garantieren 100 % Ergebnisse. Pascal Box ist das einzige System, das einen Druck von bis zu 48 PSI unbegrenzt aufrechterhalten kann.<\/p>\n<p>Unser Pr\u00e4zisionsmanometer garantiert, dass das System seinen Zweck erf\u00fcllt.<br \/>\nOhne diese Garantie ist es unm\u00f6glich zu wissen, ob das Ger\u00e4t seinen Zweck erf\u00fcllt.<br \/>\nDie Luft findet den minimalen Raum zum Entweichen und wenn doch, k\u00f6nnen die B\u00e4lle nicht aufgeblasen werden.<\/p>\n<p>Hinweis: Unter 29 PSI reicht der Druck nicht aus, um das Gummi des Balls zu durchbrechen.<\/p>\n","protected":false},"excerpt":{"rendered":"<p>Pascal Box 4 Balls Druckladeger\u00e4t<\/p>\n","protected":false},"featured_media":1681,"comment_status":"open","ping_status":"closed","template":"","meta":{"_acf_changed":false,"_joinchat":[]},"acabado":[],"balance":[],"dureza":[],"forma":[],"jugador":[],"marca":[1284],"nivel-de-juego":[],"superficie":[],"tipo-de-juego":[],"product_brand":[],"product_cat":[603],"product_tag":[],"class_list":{"0":"post-21210","1":"product","2":"type-product","3":"status-publish","4":"has-post-thumbnail","6":"marca-pascal-box-de","7":"product_cat-balle","9":"first","10":"outofstock","11":"taxable","12":"shipping-taxable","13":"purchasable","14":"product-type-simple"},"acf":[],"yoast_head":"<!-- This site is optimized with the Yoast SEO plugin v27.4 - https:\/\/yoast.com\/product\/yoast-seo-wordpress\/ -->\n<title>Cargador de Presion Pascal Box 4 Pelotas - Revolution Padel Store<\/title>\n<meta name=\"description\" content=\"Cargador de Presion Pascal Box 4 Pelotas\" \/>\n<meta name=\"robots\" content=\"index, follow, max-snippet:-1, max-image-preview:large, max-video-preview:-1\" \/>\n<link rel=\"canonical\" href=\"https:\/\/revolutionpadelstore.com\/de\/produkt\/cargador-de-presion-pascal-box-4-pelotas-1\/\" \/>\n<meta property=\"og:locale\" content=\"de_DE\" \/>\n<meta property=\"og:type\" content=\"article\" \/>\n<meta property=\"og:title\" content=\"Cargador de Presion Pascal Box 4 Pelotas - Revolution Padel Store\" \/>\n<meta property=\"og:description\" content=\"Cargador de Presion Pascal Box 4 Pelotas\" \/>\n<meta property=\"og:url\" content=\"https:\/\/revolutionpadelstore.com\/de\/produkt\/cargador-de-presion-pascal-box-4-pelotas-1\/\" \/>\n<meta property=\"og:site_name\" content=\"Revolution Padel Store\" \/>\n<meta property=\"article:modified_time\" content=\"2026-04-08T13:44:13+00:00\" \/>\n<meta property=\"og:image\" content=\"https:\/\/revolutionpadelstore.com\/wp-content\/uploads\/2024\/03\/cargador-de-presion-pascal-box-4-pelotas-800x800-1.jpg\" \/>\n\t<meta property=\"og:image:width\" content=\"800\" \/>\n\t<meta property=\"og:image:height\" content=\"800\" \/>\n\t<meta property=\"og:image:type\" content=\"image\/jpeg\" \/>\n<meta name=\"twitter:card\" content=\"summary_large_image\" \/>\n<meta name=\"twitter:label1\" content=\"Gesch\u00e4tzte Lesezeit\" \/>\n\t<meta name=\"twitter:data1\" content=\"1\u00a0Minute\" \/>\n<script type=\"application\/ld+json\" class=\"yoast-schema-graph\">{\"@context\":\"https:\\\/\\\/schema.org\",\"@graph\":[{\"@type\":\"WebPage\",\"@id\":\"https:\\\/\\\/revolutionpadelstore.com\\\/de\\\/produkt\\\/cargador-de-presion-pascal-box-4-pelotas-1\\\/\",\"url\":\"https:\\\/\\\/revolutionpadelstore.com\\\/de\\\/produkt\\\/cargador-de-presion-pascal-box-4-pelotas-1\\\/\",\"name\":\"Cargador de Presion Pascal Box 4 Pelotas - Revolution Padel Store\",\"isPartOf\":{\"@id\":\"https:\\\/\\\/revolutionpadelstore.com\\\/de\\\/#website\"},\"primaryImageOfPage\":{\"@id\":\"https:\\\/\\\/revolutionpadelstore.com\\\/de\\\/produkt\\\/cargador-de-presion-pascal-box-4-pelotas-1\\\/#primaryimage\"},\"image\":{\"@id\":\"https:\\\/\\\/revolutionpadelstore.com\\\/de\\\/produkt\\\/cargador-de-presion-pascal-box-4-pelotas-1\\\/#primaryimage\"},\"thumbnailUrl\":\"https:\\\/\\\/revolutionpadelstore.com\\\/wp-content\\\/uploads\\\/2024\\\/03\\\/cargador-de-presion-pascal-box-4-pelotas-800x800-1.jpg\",\"datePublished\":\"2024-03-11T10:07:04+00:00\",\"dateModified\":\"2026-04-08T13:44:13+00:00\",\"description\":\"Cargador de Presion Pascal Box 4 Pelotas\",\"breadcrumb\":{\"@id\":\"https:\\\/\\\/revolutionpadelstore.com\\\/de\\\/produkt\\\/cargador-de-presion-pascal-box-4-pelotas-1\\\/#breadcrumb\"},\"inLanguage\":\"de\",\"potentialAction\":[{\"@type\":\"ReadAction\",\"target\":[\"https:\\\/\\\/revolutionpadelstore.com\\\/de\\\/produkt\\\/cargador-de-presion-pascal-box-4-pelotas-1\\\/\"]}]},{\"@type\":\"ImageObject\",\"inLanguage\":\"de\",\"@id\":\"https:\\\/\\\/revolutionpadelstore.com\\\/de\\\/produkt\\\/cargador-de-presion-pascal-box-4-pelotas-1\\\/#primaryimage\",\"url\":\"https:\\\/\\\/revolutionpadelstore.com\\\/wp-content\\\/uploads\\\/2024\\\/03\\\/cargador-de-presion-pascal-box-4-pelotas-800x800-1.jpg\",\"contentUrl\":\"https:\\\/\\\/revolutionpadelstore.com\\\/wp-content\\\/uploads\\\/2024\\\/03\\\/cargador-de-presion-pascal-box-4-pelotas-800x800-1.jpg\",\"width\":800,\"height\":800,\"caption\":\"Cargador de Presion Pascal Box 4 Pelotas\"},{\"@type\":\"BreadcrumbList\",\"@id\":\"https:\\\/\\\/revolutionpadelstore.com\\\/de\\\/produkt\\\/cargador-de-presion-pascal-box-4-pelotas-1\\\/#breadcrumb\",\"itemListElement\":[{\"@type\":\"ListItem\",\"position\":1,\"name\":\"Portada\",\"item\":\"https:\\\/\\\/revolutionpadelstore.com\\\/de\\\/\"},{\"@type\":\"ListItem\",\"position\":2,\"name\":\"Shop\",\"item\":\"https:\\\/\\\/revolutionpadelstore.com\\\/de\\\/tienda\\\/\"},{\"@type\":\"ListItem\",\"position\":3,\"name\":\"Cargador de Presion Pascal Box 4 Pelotas\"}]},{\"@type\":\"WebSite\",\"@id\":\"https:\\\/\\\/revolutionpadelstore.com\\\/de\\\/#website\",\"url\":\"https:\\\/\\\/revolutionpadelstore.com\\\/de\\\/\",\"name\":\"Revolution Padel Store\",\"description\":\"\",\"publisher\":{\"@id\":\"https:\\\/\\\/revolutionpadelstore.com\\\/de\\\/#organization\"},\"potentialAction\":[{\"@type\":\"SearchAction\",\"target\":{\"@type\":\"EntryPoint\",\"urlTemplate\":\"https:\\\/\\\/revolutionpadelstore.com\\\/de\\\/?s={search_term_string}\"},\"query-input\":{\"@type\":\"PropertyValueSpecification\",\"valueRequired\":true,\"valueName\":\"search_term_string\"}}],\"inLanguage\":\"de\"},{\"@type\":\"Organization\",\"@id\":\"https:\\\/\\\/revolutionpadelstore.com\\\/de\\\/#organization\",\"name\":\"Revolution Padel Store\",\"url\":\"https:\\\/\\\/revolutionpadelstore.com\\\/de\\\/\",\"logo\":{\"@type\":\"ImageObject\",\"inLanguage\":\"de\",\"@id\":\"https:\\\/\\\/revolutionpadelstore.com\\\/de\\\/#\\\/schema\\\/logo\\\/image\\\/\",\"url\":\"https:\\\/\\\/revolutionpadelstore.com\\\/wp-content\\\/uploads\\\/2026\\\/02\\\/revolution-padel-store.jpg\",\"contentUrl\":\"https:\\\/\\\/revolutionpadelstore.com\\\/wp-content\\\/uploads\\\/2026\\\/02\\\/revolution-padel-store.jpg\",\"width\":2000,\"height\":2000,\"caption\":\"Revolution Padel Store\"},\"image\":{\"@id\":\"https:\\\/\\\/revolutionpadelstore.com\\\/de\\\/#\\\/schema\\\/logo\\\/image\\\/\"},\"sameAs\":[\"https:\\\/\\\/www.instagram.com\\\/revolutionpadelstore\\\/\"]}]}<\/script>\n<!-- \/ Yoast SEO plugin. -->","yoast_head_json":{"title":"Cargador de Presion Pascal Box 4 Pelotas - Revolution Padel Store","description":"Cargador de Presion Pascal Box 4 Pelotas","robots":{"index":"index","follow":"follow","max-snippet":"max-snippet:-1","max-image-preview":"max-image-preview:large","max-video-preview":"max-video-preview:-1"},"canonical":"https:\/\/revolutionpadelstore.com\/de\/produkt\/cargador-de-presion-pascal-box-4-pelotas-1\/","og_locale":"de_DE","og_type":"article","og_title":"Cargador de Presion Pascal Box 4 Pelotas - Revolution Padel Store","og_description":"Cargador de Presion Pascal Box 4 Pelotas","og_url":"https:\/\/revolutionpadelstore.com\/de\/produkt\/cargador-de-presion-pascal-box-4-pelotas-1\/","og_site_name":"Revolution Padel Store","article_modified_time":"2026-04-08T13:44:13+00:00","og_image":[{"width":800,"height":800,"url":"https:\/\/revolutionpadelstore.com\/wp-content\/uploads\/2024\/03\/cargador-de-presion-pascal-box-4-pelotas-800x800-1.jpg","type":"image\/jpeg"}],"twitter_card":"summary_large_image","twitter_misc":{"Gesch\u00e4tzte Lesezeit":"1\u00a0Minute"},"schema":{"@context":"https:\/\/schema.org","@graph":[{"@type":"WebPage","@id":"https:\/\/revolutionpadelstore.com\/de\/produkt\/cargador-de-presion-pascal-box-4-pelotas-1\/","url":"https:\/\/revolutionpadelstore.com\/de\/produkt\/cargador-de-presion-pascal-box-4-pelotas-1\/","name":"Cargador de Presion Pascal Box 4 Pelotas - Revolution Padel Store","isPartOf":{"@id":"https:\/\/revolutionpadelstore.com\/de\/#website"},"primaryImageOfPage":{"@id":"https:\/\/revolutionpadelstore.com\/de\/produkt\/cargador-de-presion-pascal-box-4-pelotas-1\/#primaryimage"},"image":{"@id":"https:\/\/revolutionpadelstore.com\/de\/produkt\/cargador-de-presion-pascal-box-4-pelotas-1\/#primaryimage"},"thumbnailUrl":"https:\/\/revolutionpadelstore.com\/wp-content\/uploads\/2024\/03\/cargador-de-presion-pascal-box-4-pelotas-800x800-1.jpg","datePublished":"2024-03-11T10:07:04+00:00","dateModified":"2026-04-08T13:44:13+00:00","description":"Cargador de Presion Pascal Box 4 Pelotas","breadcrumb":{"@id":"https:\/\/revolutionpadelstore.com\/de\/produkt\/cargador-de-presion-pascal-box-4-pelotas-1\/#breadcrumb"},"inLanguage":"de","potentialAction":[{"@type":"ReadAction","target":["https:\/\/revolutionpadelstore.com\/de\/produkt\/cargador-de-presion-pascal-box-4-pelotas-1\/"]}]},{"@type":"ImageObject","inLanguage":"de","@id":"https:\/\/revolutionpadelstore.com\/de\/produkt\/cargador-de-presion-pascal-box-4-pelotas-1\/#primaryimage","url":"https:\/\/revolutionpadelstore.com\/wp-content\/uploads\/2024\/03\/cargador-de-presion-pascal-box-4-pelotas-800x800-1.jpg","contentUrl":"https:\/\/revolutionpadelstore.com\/wp-content\/uploads\/2024\/03\/cargador-de-presion-pascal-box-4-pelotas-800x800-1.jpg","width":800,"height":800,"caption":"Cargador de Presion Pascal Box 4 Pelotas"},{"@type":"BreadcrumbList","@id":"https:\/\/revolutionpadelstore.com\/de\/produkt\/cargador-de-presion-pascal-box-4-pelotas-1\/#breadcrumb","itemListElement":[{"@type":"ListItem","position":1,"name":"Portada","item":"https:\/\/revolutionpadelstore.com\/de\/"},{"@type":"ListItem","position":2,"name":"Shop","item":"https:\/\/revolutionpadelstore.com\/de\/tienda\/"},{"@type":"ListItem","position":3,"name":"Cargador de Presion Pascal Box 4 Pelotas"}]},{"@type":"WebSite","@id":"https:\/\/revolutionpadelstore.com\/de\/#website","url":"https:\/\/revolutionpadelstore.com\/de\/","name":"Revolution Padel Store","description":"","publisher":{"@id":"https:\/\/revolutionpadelstore.com\/de\/#organization"},"potentialAction":[{"@type":"SearchAction","target":{"@type":"EntryPoint","urlTemplate":"https:\/\/revolutionpadelstore.com\/de\/?s={search_term_string}"},"query-input":{"@type":"PropertyValueSpecification","valueRequired":true,"valueName":"search_term_string"}}],"inLanguage":"de"},{"@type":"Organization","@id":"https:\/\/revolutionpadelstore.com\/de\/#organization","name":"Revolution Padel Store","url":"https:\/\/revolutionpadelstore.com\/de\/","logo":{"@type":"ImageObject","inLanguage":"de","@id":"https:\/\/revolutionpadelstore.com\/de\/#\/schema\/logo\/image\/","url":"https:\/\/revolutionpadelstore.com\/wp-content\/uploads\/2026\/02\/revolution-padel-store.jpg","contentUrl":"https:\/\/revolutionpadelstore.com\/wp-content\/uploads\/2026\/02\/revolution-padel-store.jpg","width":2000,"height":2000,"caption":"Revolution Padel Store"},"image":{"@id":"https:\/\/revolutionpadelstore.com\/de\/#\/schema\/logo\/image\/"},"sameAs":["https:\/\/www.instagram.com\/revolutionpadelstore\/"]}]}},"_links":{"self":[{"href":"https:\/\/revolutionpadelstore.com\/de\/wp-json\/wp\/v2\/product\/21210","targetHints":{"allow":["GET"]}}],"collection":[{"href":"https:\/\/revolutionpadelstore.com\/de\/wp-json\/wp\/v2\/product"}],"about":[{"href":"https:\/\/revolutionpadelstore.com\/de\/wp-json\/wp\/v2\/types\/product"}],"replies":[{"embeddable":true,"href":"https:\/\/revolutionpadelstore.com\/de\/wp-json\/wp\/v2\/comments?post=21210"}],"wp:featuredmedia":[{"embeddable":true,"href":"https:\/\/revolutionpadelstore.com\/de\/wp-json\/wp\/v2\/media\/1681"}],"wp:attachment":[{"href":"https:\/\/revolutionpadelstore.com\/de\/wp-json\/wp\/v2\/media?parent=21210"}],"wp:term":[{"taxonomy":"acabado","embeddable":true,"href":"https:\/\/revolutionpadelstore.com\/de\/wp-json\/wp\/v2\/acabado?post=21210"},{"taxonomy":"balance","embeddable":true,"href":"https:\/\/revolutionpadelstore.com\/de\/wp-json\/wp\/v2\/balance?post=21210"},{"taxonomy":"dureza","embeddable":true,"href":"https:\/\/revolutionpadelstore.com\/de\/wp-json\/wp\/v2\/dureza?post=21210"},{"taxonomy":"forma","embeddable":true,"href":"https:\/\/revolutionpadelstore.com\/de\/wp-json\/wp\/v2\/forma?post=21210"},{"taxonomy":"jugador","embeddable":true,"href":"https:\/\/revolutionpadelstore.com\/de\/wp-json\/wp\/v2\/jugador?post=21210"},{"taxonomy":"marca","embeddable":true,"href":"https:\/\/revolutionpadelstore.com\/de\/wp-json\/wp\/v2\/marca?post=21210"},{"taxonomy":"nivel-de-juego","embeddable":true,"href":"https:\/\/revolutionpadelstore.com\/de\/wp-json\/wp\/v2\/nivel-de-juego?post=21210"},{"taxonomy":"superficie","embeddable":true,"href":"https:\/\/revolutionpadelstore.com\/de\/wp-json\/wp\/v2\/superficie?post=21210"},{"taxonomy":"tipo-de-juego","embeddable":true,"href":"https:\/\/revolutionpadelstore.com\/de\/wp-json\/wp\/v2\/tipo-de-juego?post=21210"},{"taxonomy":"product_brand","embeddable":true,"href":"https:\/\/revolutionpadelstore.com\/de\/wp-json\/wp\/v2\/product_brand?post=21210"},{"taxonomy":"product_cat","embeddable":true,"href":"https:\/\/revolutionpadelstore.com\/de\/wp-json\/wp\/v2\/product_cat?post=21210"},{"taxonomy":"product_tag","embeddable":true,"href":"https:\/\/revolutionpadelstore.com\/de\/wp-json\/wp\/v2\/product_tag?post=21210"}],"curies":[{"name":"wp","href":"https:\/\/api.w.org\/{rel}","templated":true}]}}