{"id":20680,"date":"2024-03-13T12:15:04","date_gmt":"2024-03-13T11:15:04","guid":{"rendered":"https:\/\/revolutionpadelstore.com\/pala-adidas-metalbone-youth-3-2-junior-2023\/"},"modified":"2024-10-15T04:09:12","modified_gmt":"2024-10-15T02:09:12","slug":"pala-adidas-metalbone-youth-3-2-junior-2023","status":"publish","type":"product","link":"https:\/\/revolutionpadelstore.com\/de\/produkt\/pala-adidas-metalbone-youth-3-2-junior-2023\/","title":{"rendered":"PALA ADIDAS METALBONE YOUTH 3.2 JUNIOR 2023"},"content":{"rendered":"<h2>F\u00fchren Sie Ihr Kind mit dem neuen Metalbone Youth 3.2 in die Welt des Paddle-Tennis ein<\/h2>\n<p><strong>Adidas<\/strong> pr\u00e4sentiert in der <strong>neuen Kollektion 2023<\/strong> f\u00fcr sein j\u00fcngstes Publikum den <strong>Metalbone Youth 3.2<\/strong>, ein rautenf\u00f6rmiges Obermaterial<\/strong>. em&gt;<\/strong>, mit dem die Grundpfeiler dieses Sports von Anfang an gest\u00e4rkt werden. Dar\u00fcber hinaus sorgen die hohe Balance und der Sweet Spot am Kopf f\u00fcr eine unvergleichliche Kraft bei jedem Schlag.<\/p>\n<p>Da es f\u00fcr das <strong>junge Publikum<\/strong> konzipiert ist, wurde bei der Gestaltung <strong>Leichtigkeit<\/strong> als einer der wichtigsten Punkte ber\u00fccksichtigt. Daher liegt sein Gewicht zwischen <strong>330 und 345g<\/strong>. Dieser Schl\u00e4ger bietet <strong>unschlagbare Mobilit\u00e4t<\/strong>, er ist leicht und damit wird das <strong>Spiel sehr dynamisch und wendig<\/strong>.<\/p>\n<h3>Ein Padelschl\u00e4ger f\u00fcr Anf\u00e4nger und Fortgeschrittene<\/h3>\n<p>Ebenso verf\u00fcgt es \u00fcber eine Glasoberfl\u00e4che, die mit dem Soft Performance EVA-Gummi geringer Dichte kombiniert ist, was f\u00fcr mehr Komfort und Leichtigkeit beim Spielen sorgt. Die Aufschl\u00e4ge werden pr\u00e4ziser.<\/p>\n<p>Der Rahmen besteht ebenso wie die Oberfl\u00e4che aus<strong>Fiberglas<\/strong>, einem Soft-Touch-Gewebe, das dem Schl\u00e4ger Elastizit\u00e4t und Flexibilit\u00e4t verleiht und so eine hervorragende Ballausbeute erm\u00f6glicht.<\/p>\n<h3>Speziell f\u00fcr die Kleinen entwickelt<\/h3>\n<p>Der <strong>Metalbone Youth<\/strong> <strong>3.2<\/strong> erm\u00f6glicht au\u00dferdem eine hervorragende Spielflexibilit\u00e4t, da er \u00fcber die <strong><em>Smart Holes Curve<\/em><\/strong> verf\u00fcgt, die dies erm\u00f6glicht Sie k\u00f6nnen sowohl Ihre Gegner als auch die Zuschauer mit Ihren ersten Korblegern und den Effekten, die der Ball erzielt, wenn er auf das Spielfeld f\u00e4llt, \u00fcberraschen.<\/p>\n<p>Wie wir auch in der Version f\u00fcr Erwachsene finden, verf\u00fcgt dieses Modell \u00fcber die f\u00fcr diese Adidas-Linie charakteristische <strong>Octagonal Structure<\/em><\/strong>-Technologie. Dadurch erhalten die Schl\u00e4ge mehr Kraft und sind auf dem Spielfeld viel t\u00f6dlicher.<\/p>\n<p>Was das <strong>Au\u00dfendesign<\/strong> betrifft, so ist das wei\u00dfe Logo gro\u00dffl\u00e4chig entlang des Schl\u00e4gerk\u00f6rpers gezeichnet und die Basis ist schwarz, was keinen Zweifel daran l\u00e4sst, dass es sich um einen <strong>Adidas-Schaufel handelt <\/strong>.<\/p>\n<p>Holen Sie sich jetzt den neuen Metalbone Youth 3.2 Schl\u00e4ger und genie\u00dfen Sie gemeinsam mit Ihrem Kind die Freuden dieses Sports!<\/p>\n<h2>Inicia a tu hijo en el mundo del p\u00e1del con la nueva Metalbone Youth 3.2<\/h2>\n","protected":false},"excerpt":{"rendered":"<p>Verpassen Sie nicht die Gelegenheit, mit dem Adidas Metalbone Team Youth-Schl\u00e4ger f\u00fcr Kinder in die Welt des Paddle-Tennis einzusteigen! Ihr Spiel wird dynamisch und agil sein.<\/p>\n","protected":false},"featured_media":1060,"comment_status":"open","ping_status":"closed","template":"","meta":{"_acf_changed":false,"_joinchat":[]},"acabado":[],"balance":[],"dureza":[],"forma":[],"jugador":[],"marca":[],"nivel-de-juego":[],"superficie":[],"tipo-de-juego":[],"product_brand":[],"product_cat":[],"product_tag":[],"class_list":{"0":"post-20680","1":"product","2":"type-product","3":"status-publish","4":"has-post-thumbnail","7":"first","8":"outofstock","9":"sale","10":"taxable","11":"shipping-taxable","12":"purchasable","13":"product-type-simple"},"acf":[],"yoast_head":"<!-- This site is optimized with the Yoast SEO plugin v27.3 - https:\/\/yoast.com\/product\/yoast-seo-wordpress\/ -->\n<title>PALA ADIDAS METALBONE YOUTH 3.2 JUNIOR 2023 - Revolution Padel Store<\/title>\n<meta name=\"description\" content=\"\u00a1Hazte ya con la\u00a0nueva Pala Metalbone Youth 3.2\u00a0y empieza a\u00a0disfrutar con tu hijo\u00a0de las alegr\u00edas que da este deporte!\" \/>\n<meta name=\"robots\" content=\"index, follow, max-snippet:-1, max-image-preview:large, max-video-preview:-1\" \/>\n<link rel=\"canonical\" href=\"https:\/\/revolutionpadelstore.com\/de\/produkt\/pala-adidas-metalbone-youth-3-2-junior-2023\/\" \/>\n<meta property=\"og:locale\" content=\"de_DE\" \/>\n<meta property=\"og:type\" content=\"article\" \/>\n<meta property=\"og:title\" content=\"ADIDAS METALBONE YOUTH 3.2 JUNIOR 2023\" \/>\n<meta property=\"og:description\" content=\"\u00a1No pierdas la oportunidad de iniciarte en el mundo del p\u00e1del con la pala Metalbone Team Youth de Adidas dise\u00f1ada para ni\u00f1os! Tu juego ser\u00e1 din\u00e1mico y \u00e1gil.\" \/>\n<meta property=\"og:url\" content=\"https:\/\/revolutionpadelstore.com\/de\/produkt\/pala-adidas-metalbone-youth-3-2-junior-2023\/\" \/>\n<meta property=\"og:site_name\" content=\"Revolution Padel Store\" \/>\n<meta property=\"article:modified_time\" content=\"2024-10-15T02:09:12+00:00\" \/>\n<meta property=\"og:image\" content=\"https:\/\/revolutionpadelstore.com\/wp-content\/uploads\/2024\/03\/adidas_metalbone_youth_32_rk4aa1u22_junior_32317_1_747e.webp\" \/>\n\t<meta property=\"og:image:width\" content=\"1200\" \/>\n\t<meta property=\"og:image:height\" content=\"1200\" \/>\n\t<meta property=\"og:image:type\" content=\"image\/webp\" \/>\n<meta name=\"twitter:card\" content=\"summary_large_image\" \/>\n<meta name=\"twitter:label1\" content=\"Gesch\u00e4tzte Lesezeit\" \/>\n\t<meta name=\"twitter:data1\" content=\"2\u00a0Minuten\" \/>\n<script type=\"application\/ld+json\" class=\"yoast-schema-graph\">{\"@context\":\"https:\\\/\\\/schema.org\",\"@graph\":[{\"@type\":\"WebPage\",\"@id\":\"https:\\\/\\\/revolutionpadelstore.com\\\/de\\\/produkt\\\/pala-adidas-metalbone-youth-3-2-junior-2023\\\/\",\"url\":\"https:\\\/\\\/revolutionpadelstore.com\\\/de\\\/produkt\\\/pala-adidas-metalbone-youth-3-2-junior-2023\\\/\",\"name\":\"PALA ADIDAS METALBONE YOUTH 3.2 JUNIOR 2023 - Revolution Padel Store\",\"isPartOf\":{\"@id\":\"https:\\\/\\\/revolutionpadelstore.com\\\/de\\\/#website\"},\"primaryImageOfPage\":{\"@id\":\"https:\\\/\\\/revolutionpadelstore.com\\\/de\\\/produkt\\\/pala-adidas-metalbone-youth-3-2-junior-2023\\\/#primaryimage\"},\"image\":{\"@id\":\"https:\\\/\\\/revolutionpadelstore.com\\\/de\\\/produkt\\\/pala-adidas-metalbone-youth-3-2-junior-2023\\\/#primaryimage\"},\"thumbnailUrl\":\"https:\\\/\\\/revolutionpadelstore.com\\\/wp-content\\\/uploads\\\/2024\\\/03\\\/adidas_metalbone_youth_32_rk4aa1u22_junior_32317_1_747e.webp\",\"datePublished\":\"2024-03-13T11:15:04+00:00\",\"dateModified\":\"2024-10-15T02:09:12+00:00\",\"description\":\"\u00a1Hazte ya con la\u00a0nueva Pala Metalbone Youth 3.2\u00a0y empieza a\u00a0disfrutar con tu hijo\u00a0de las alegr\u00edas que da este deporte!\",\"breadcrumb\":{\"@id\":\"https:\\\/\\\/revolutionpadelstore.com\\\/de\\\/produkt\\\/pala-adidas-metalbone-youth-3-2-junior-2023\\\/#breadcrumb\"},\"inLanguage\":\"de\",\"potentialAction\":[{\"@type\":\"ReadAction\",\"target\":[\"https:\\\/\\\/revolutionpadelstore.com\\\/de\\\/produkt\\\/pala-adidas-metalbone-youth-3-2-junior-2023\\\/\"]}]},{\"@type\":\"ImageObject\",\"inLanguage\":\"de\",\"@id\":\"https:\\\/\\\/revolutionpadelstore.com\\\/de\\\/produkt\\\/pala-adidas-metalbone-youth-3-2-junior-2023\\\/#primaryimage\",\"url\":\"https:\\\/\\\/revolutionpadelstore.com\\\/wp-content\\\/uploads\\\/2024\\\/03\\\/adidas_metalbone_youth_32_rk4aa1u22_junior_32317_1_747e.webp\",\"contentUrl\":\"https:\\\/\\\/revolutionpadelstore.com\\\/wp-content\\\/uploads\\\/2024\\\/03\\\/adidas_metalbone_youth_32_rk4aa1u22_junior_32317_1_747e.webp\",\"width\":1200,\"height\":1200,\"caption\":\"ADIDAS METALBONE YOUTH 3.2 JUNIOR 2023\"},{\"@type\":\"BreadcrumbList\",\"@id\":\"https:\\\/\\\/revolutionpadelstore.com\\\/de\\\/produkt\\\/pala-adidas-metalbone-youth-3-2-junior-2023\\\/#breadcrumb\",\"itemListElement\":[{\"@type\":\"ListItem\",\"position\":1,\"name\":\"Portada\",\"item\":\"https:\\\/\\\/revolutionpadelstore.com\\\/de\\\/\"},{\"@type\":\"ListItem\",\"position\":2,\"name\":\"Shop\",\"item\":\"https:\\\/\\\/revolutionpadelstore.com\\\/de\\\/tienda\\\/\"},{\"@type\":\"ListItem\",\"position\":3,\"name\":\"PALA ADIDAS METALBONE YOUTH 3.2 JUNIOR 2023\"}]},{\"@type\":\"WebSite\",\"@id\":\"https:\\\/\\\/revolutionpadelstore.com\\\/de\\\/#website\",\"url\":\"https:\\\/\\\/revolutionpadelstore.com\\\/de\\\/\",\"name\":\"Revolution Padel Store\",\"description\":\"\",\"publisher\":{\"@id\":\"https:\\\/\\\/revolutionpadelstore.com\\\/de\\\/#organization\"},\"potentialAction\":[{\"@type\":\"SearchAction\",\"target\":{\"@type\":\"EntryPoint\",\"urlTemplate\":\"https:\\\/\\\/revolutionpadelstore.com\\\/de\\\/?s={search_term_string}\"},\"query-input\":{\"@type\":\"PropertyValueSpecification\",\"valueRequired\":true,\"valueName\":\"search_term_string\"}}],\"inLanguage\":\"de\"},{\"@type\":\"Organization\",\"@id\":\"https:\\\/\\\/revolutionpadelstore.com\\\/de\\\/#organization\",\"name\":\"Revolution Padel Store\",\"url\":\"https:\\\/\\\/revolutionpadelstore.com\\\/de\\\/\",\"logo\":{\"@type\":\"ImageObject\",\"inLanguage\":\"de\",\"@id\":\"https:\\\/\\\/revolutionpadelstore.com\\\/de\\\/#\\\/schema\\\/logo\\\/image\\\/\",\"url\":\"https:\\\/\\\/revolutionpadelstore.com\\\/wp-content\\\/uploads\\\/2026\\\/02\\\/revolution-padel-store.jpg\",\"contentUrl\":\"https:\\\/\\\/revolutionpadelstore.com\\\/wp-content\\\/uploads\\\/2026\\\/02\\\/revolution-padel-store.jpg\",\"width\":2000,\"height\":2000,\"caption\":\"Revolution Padel Store\"},\"image\":{\"@id\":\"https:\\\/\\\/revolutionpadelstore.com\\\/de\\\/#\\\/schema\\\/logo\\\/image\\\/\"},\"sameAs\":[\"https:\\\/\\\/www.instagram.com\\\/revolutionpadelstore\\\/\"]}]}<\/script>\n<!-- \/ Yoast SEO plugin. -->","yoast_head_json":{"title":"PALA ADIDAS METALBONE YOUTH 3.2 JUNIOR 2023 - Revolution Padel Store","description":"\u00a1Hazte ya con la\u00a0nueva Pala Metalbone Youth 3.2\u00a0y empieza a\u00a0disfrutar con tu hijo\u00a0de las alegr\u00edas que da este deporte!","robots":{"index":"index","follow":"follow","max-snippet":"max-snippet:-1","max-image-preview":"max-image-preview:large","max-video-preview":"max-video-preview:-1"},"canonical":"https:\/\/revolutionpadelstore.com\/de\/produkt\/pala-adidas-metalbone-youth-3-2-junior-2023\/","og_locale":"de_DE","og_type":"article","og_title":"ADIDAS METALBONE YOUTH 3.2 JUNIOR 2023","og_description":"\u00a1No pierdas la oportunidad de iniciarte en el mundo del p\u00e1del con la pala Metalbone Team Youth de Adidas dise\u00f1ada para ni\u00f1os! Tu juego ser\u00e1 din\u00e1mico y \u00e1gil.","og_url":"https:\/\/revolutionpadelstore.com\/de\/produkt\/pala-adidas-metalbone-youth-3-2-junior-2023\/","og_site_name":"Revolution Padel Store","article_modified_time":"2024-10-15T02:09:12+00:00","og_image":[{"width":1200,"height":1200,"url":"https:\/\/revolutionpadelstore.com\/wp-content\/uploads\/2024\/03\/adidas_metalbone_youth_32_rk4aa1u22_junior_32317_1_747e.webp","type":"image\/webp"}],"twitter_card":"summary_large_image","twitter_misc":{"Gesch\u00e4tzte Lesezeit":"2\u00a0Minuten"},"schema":{"@context":"https:\/\/schema.org","@graph":[{"@type":"WebPage","@id":"https:\/\/revolutionpadelstore.com\/de\/produkt\/pala-adidas-metalbone-youth-3-2-junior-2023\/","url":"https:\/\/revolutionpadelstore.com\/de\/produkt\/pala-adidas-metalbone-youth-3-2-junior-2023\/","name":"PALA ADIDAS METALBONE YOUTH 3.2 JUNIOR 2023 - Revolution Padel Store","isPartOf":{"@id":"https:\/\/revolutionpadelstore.com\/de\/#website"},"primaryImageOfPage":{"@id":"https:\/\/revolutionpadelstore.com\/de\/produkt\/pala-adidas-metalbone-youth-3-2-junior-2023\/#primaryimage"},"image":{"@id":"https:\/\/revolutionpadelstore.com\/de\/produkt\/pala-adidas-metalbone-youth-3-2-junior-2023\/#primaryimage"},"thumbnailUrl":"https:\/\/revolutionpadelstore.com\/wp-content\/uploads\/2024\/03\/adidas_metalbone_youth_32_rk4aa1u22_junior_32317_1_747e.webp","datePublished":"2024-03-13T11:15:04+00:00","dateModified":"2024-10-15T02:09:12+00:00","description":"\u00a1Hazte ya con la\u00a0nueva Pala Metalbone Youth 3.2\u00a0y empieza a\u00a0disfrutar con tu hijo\u00a0de las alegr\u00edas que da este deporte!","breadcrumb":{"@id":"https:\/\/revolutionpadelstore.com\/de\/produkt\/pala-adidas-metalbone-youth-3-2-junior-2023\/#breadcrumb"},"inLanguage":"de","potentialAction":[{"@type":"ReadAction","target":["https:\/\/revolutionpadelstore.com\/de\/produkt\/pala-adidas-metalbone-youth-3-2-junior-2023\/"]}]},{"@type":"ImageObject","inLanguage":"de","@id":"https:\/\/revolutionpadelstore.com\/de\/produkt\/pala-adidas-metalbone-youth-3-2-junior-2023\/#primaryimage","url":"https:\/\/revolutionpadelstore.com\/wp-content\/uploads\/2024\/03\/adidas_metalbone_youth_32_rk4aa1u22_junior_32317_1_747e.webp","contentUrl":"https:\/\/revolutionpadelstore.com\/wp-content\/uploads\/2024\/03\/adidas_metalbone_youth_32_rk4aa1u22_junior_32317_1_747e.webp","width":1200,"height":1200,"caption":"ADIDAS METALBONE YOUTH 3.2 JUNIOR 2023"},{"@type":"BreadcrumbList","@id":"https:\/\/revolutionpadelstore.com\/de\/produkt\/pala-adidas-metalbone-youth-3-2-junior-2023\/#breadcrumb","itemListElement":[{"@type":"ListItem","position":1,"name":"Portada","item":"https:\/\/revolutionpadelstore.com\/de\/"},{"@type":"ListItem","position":2,"name":"Shop","item":"https:\/\/revolutionpadelstore.com\/de\/tienda\/"},{"@type":"ListItem","position":3,"name":"PALA ADIDAS METALBONE YOUTH 3.2 JUNIOR 2023"}]},{"@type":"WebSite","@id":"https:\/\/revolutionpadelstore.com\/de\/#website","url":"https:\/\/revolutionpadelstore.com\/de\/","name":"Revolution Padel Store","description":"","publisher":{"@id":"https:\/\/revolutionpadelstore.com\/de\/#organization"},"potentialAction":[{"@type":"SearchAction","target":{"@type":"EntryPoint","urlTemplate":"https:\/\/revolutionpadelstore.com\/de\/?s={search_term_string}"},"query-input":{"@type":"PropertyValueSpecification","valueRequired":true,"valueName":"search_term_string"}}],"inLanguage":"de"},{"@type":"Organization","@id":"https:\/\/revolutionpadelstore.com\/de\/#organization","name":"Revolution Padel Store","url":"https:\/\/revolutionpadelstore.com\/de\/","logo":{"@type":"ImageObject","inLanguage":"de","@id":"https:\/\/revolutionpadelstore.com\/de\/#\/schema\/logo\/image\/","url":"https:\/\/revolutionpadelstore.com\/wp-content\/uploads\/2026\/02\/revolution-padel-store.jpg","contentUrl":"https:\/\/revolutionpadelstore.com\/wp-content\/uploads\/2026\/02\/revolution-padel-store.jpg","width":2000,"height":2000,"caption":"Revolution Padel Store"},"image":{"@id":"https:\/\/revolutionpadelstore.com\/de\/#\/schema\/logo\/image\/"},"sameAs":["https:\/\/www.instagram.com\/revolutionpadelstore\/"]}]}},"_links":{"self":[{"href":"https:\/\/revolutionpadelstore.com\/de\/wp-json\/wp\/v2\/product\/20680","targetHints":{"allow":["GET"]}}],"collection":[{"href":"https:\/\/revolutionpadelstore.com\/de\/wp-json\/wp\/v2\/product"}],"about":[{"href":"https:\/\/revolutionpadelstore.com\/de\/wp-json\/wp\/v2\/types\/product"}],"replies":[{"embeddable":true,"href":"https:\/\/revolutionpadelstore.com\/de\/wp-json\/wp\/v2\/comments?post=20680"}],"wp:featuredmedia":[{"embeddable":true,"href":"https:\/\/revolutionpadelstore.com\/de\/wp-json\/wp\/v2\/media\/1060"}],"wp:attachment":[{"href":"https:\/\/revolutionpadelstore.com\/de\/wp-json\/wp\/v2\/media?parent=20680"}],"wp:term":[{"taxonomy":"acabado","embeddable":true,"href":"https:\/\/revolutionpadelstore.com\/de\/wp-json\/wp\/v2\/acabado?post=20680"},{"taxonomy":"balance","embeddable":true,"href":"https:\/\/revolutionpadelstore.com\/de\/wp-json\/wp\/v2\/balance?post=20680"},{"taxonomy":"dureza","embeddable":true,"href":"https:\/\/revolutionpadelstore.com\/de\/wp-json\/wp\/v2\/dureza?post=20680"},{"taxonomy":"forma","embeddable":true,"href":"https:\/\/revolutionpadelstore.com\/de\/wp-json\/wp\/v2\/forma?post=20680"},{"taxonomy":"jugador","embeddable":true,"href":"https:\/\/revolutionpadelstore.com\/de\/wp-json\/wp\/v2\/jugador?post=20680"},{"taxonomy":"marca","embeddable":true,"href":"https:\/\/revolutionpadelstore.com\/de\/wp-json\/wp\/v2\/marca?post=20680"},{"taxonomy":"nivel-de-juego","embeddable":true,"href":"https:\/\/revolutionpadelstore.com\/de\/wp-json\/wp\/v2\/nivel-de-juego?post=20680"},{"taxonomy":"superficie","embeddable":true,"href":"https:\/\/revolutionpadelstore.com\/de\/wp-json\/wp\/v2\/superficie?post=20680"},{"taxonomy":"tipo-de-juego","embeddable":true,"href":"https:\/\/revolutionpadelstore.com\/de\/wp-json\/wp\/v2\/tipo-de-juego?post=20680"},{"taxonomy":"product_brand","embeddable":true,"href":"https:\/\/revolutionpadelstore.com\/de\/wp-json\/wp\/v2\/product_brand?post=20680"},{"taxonomy":"product_cat","embeddable":true,"href":"https:\/\/revolutionpadelstore.com\/de\/wp-json\/wp\/v2\/product_cat?post=20680"},{"taxonomy":"product_tag","embeddable":true,"href":"https:\/\/revolutionpadelstore.com\/de\/wp-json\/wp\/v2\/product_tag?post=20680"}],"curies":[{"name":"wp","href":"https:\/\/api.w.org\/{rel}","templated":true}]}}