{"id":206405,"date":"2025-03-11T16:53:44","date_gmt":"2025-03-11T15:53:44","guid":{"rendered":"https:\/\/revolutionpadelstore.com\/pack-3-uds-calcetin-bullpadel-bp252\/"},"modified":"2026-04-08T05:52:11","modified_gmt":"2026-04-08T03:52:11","slug":"pack-3-uds-calcetin-bullpadel-bp252-1","status":"publish","type":"product","link":"https:\/\/revolutionpadelstore.com\/de\/produkt\/pack-3-uds-calcetin-bullpadel-bp252-1\/","title":{"rendered":"PACK 3 UDS CALCETIN BULLPADEL BP252"},"content":{"rendered":"<h2> Pack 3 Einheiten. Bullpadel BP252 &#8211; Komfort und Leistung auf der Strecke <\/ H2><br \/>\nDie <strong> Packung von 3 Einheiten. Bullpadel BP252 <\/strong> ist die perfekte Erg\u00e4nzung f\u00fcr Spieler, die in jedem Spiel nach <strong> Komfort, Unterwerfung und Atmungsaktivit\u00e4t <\/strong> suchen. Diese Socken werden mit einer Kombination aus <strong> Baumwoll- und elastischer Polyamid <\/strong> hergestellt und bieten eine optimale Anpassung, die Erdrutsche vermeiden und eine gro\u00dfe Haltbarkeit garantieren. Sein hohes Design bietet zus\u00e4tzliche Support f\u00fcr die Kn\u00f6chel, ideal f\u00fcr intensive Ausbildung und Wettbewerbe.<\/p>\n<h2> Haupteigenschaften: <\/H2><\/p>\n<p>-Premium-Zusammensetzung: 80% Baumwolle, 15% Polyamid, 3% Elast\u00e1n, 2% Elastodieno.<br \/>\n-Pack von 3 Paaren hochwertiger Grundsocken.<br \/>\n-May perfekt Dank an Ihr elastisches Material.<br \/>\n-Wirkt Atmungsaktivit\u00e4t und vermeiden Sie die Ansammlung von Feuchtigkeit.<br \/>\n-Ideal f\u00fcr Paddler und andere Sportarten, die Komfort und Widerstand bieten. <\/p>\n<p>Lassen Sie einige unangemessene Socken nicht Ihr Spiel beeinflussen. <strong> W\u00e4hlen Sie Qualit\u00e4t und Komfort mit Bullpadel <\/strong>.<\/p>\n<p><strong> Kaufen Sie jetzt in unserem Online-Shop <\/strong> &lt;a href = &quot;https:\/\/chatgpt.com\/g\/g-675432e0268191b6ee6d6f2fdbb15e-optimization-textos\/c\/www.revolutionpadelstore.com&quot; markt. <\/strong><\/p>\n","protected":false},"excerpt":{"rendered":"<p>Spiel mit 3 Paaren Bullpadel BP252 Socken, hergestellt mit einer Kombination aus Baumwolle und Polyamid, um w\u00e4hrend des Spiels mehr Komfort und Flexibilit\u00e4t zu bieten.<\/p>\n","protected":false},"featured_media":206400,"comment_status":"open","ping_status":"closed","template":"","meta":{"_acf_changed":false,"_joinchat":[]},"acabado":[],"balance":[],"dureza":[],"forma":[],"jugador":[1199],"marca":[1254],"nivel-de-juego":[],"superficie":[],"tipo-de-juego":[],"product_brand":[],"product_cat":[323],"product_tag":[],"class_list":{"0":"post-206405","1":"product","2":"type-product","3":"status-publish","4":"has-post-thumbnail","6":"jugador-mehrzweck","7":"marca-bullpadel-de","8":"product_cat-ropa-de","10":"first","11":"outofstock","12":"sale","13":"taxable","14":"shipping-taxable","15":"purchasable","16":"product-type-simple"},"acf":[],"yoast_head":"<!-- This site is optimized with the Yoast SEO plugin v27.4 - https:\/\/yoast.com\/product\/yoast-seo-wordpress\/ -->\n<title>PACK 3 UDS CALCETIN BULLPADEL BP252 - Revolution Padel Store<\/title>\n<meta name=\"description\" content=\"Compra el Pack de 3 Uds. Calcet\u00edn Bullpadel BP252 y disfruta de confort, sujeci\u00f3n y transpirabilidad en cada partido. \u00a1Disponible en www.revolutionpadelstore.com al mejor precio!\" \/>\n<meta name=\"robots\" content=\"index, follow, max-snippet:-1, max-image-preview:large, max-video-preview:-1\" \/>\n<link rel=\"canonical\" href=\"https:\/\/revolutionpadelstore.com\/de\/produkt\/pack-3-uds-calcetin-bullpadel-bp252-1\/\" \/>\n<meta property=\"og:locale\" content=\"de_DE\" \/>\n<meta property=\"og:type\" content=\"article\" \/>\n<meta property=\"og:title\" content=\"PACK 3 UDS CALCETIN BULLPADEL BP252 - Revolution Padel Store\" \/>\n<meta property=\"og:description\" content=\"Compra el Pack de 3 Uds. Calcet\u00edn Bullpadel BP252 y disfruta de confort, sujeci\u00f3n y transpirabilidad en cada partido. \u00a1Disponible en www.revolutionpadelstore.com al mejor precio!\" \/>\n<meta property=\"og:url\" content=\"https:\/\/revolutionpadelstore.com\/de\/produkt\/pack-3-uds-calcetin-bullpadel-bp252-1\/\" \/>\n<meta property=\"og:site_name\" content=\"Revolution Padel Store\" \/>\n<meta property=\"article:modified_time\" content=\"2026-04-08T03:52:11+00:00\" \/>\n<meta property=\"og:image\" content=\"https:\/\/revolutionpadelstore.com\/wp-content\/uploads\/2025\/03\/113874-pack-3-uds-calcetin-bullpadel-bp252-1200x1200-1.webp\" \/>\n\t<meta property=\"og:image:width\" content=\"1200\" \/>\n\t<meta property=\"og:image:height\" content=\"1200\" \/>\n\t<meta property=\"og:image:type\" content=\"image\/webp\" \/>\n<meta name=\"twitter:card\" content=\"summary_large_image\" \/>\n<meta name=\"twitter:label1\" content=\"Gesch\u00e4tzte Lesezeit\" \/>\n\t<meta name=\"twitter:data1\" content=\"1\u00a0Minute\" \/>\n<script type=\"application\/ld+json\" class=\"yoast-schema-graph\">{\"@context\":\"https:\\\/\\\/schema.org\",\"@graph\":[{\"@type\":\"WebPage\",\"@id\":\"https:\\\/\\\/revolutionpadelstore.com\\\/de\\\/produkt\\\/pack-3-uds-calcetin-bullpadel-bp252-1\\\/\",\"url\":\"https:\\\/\\\/revolutionpadelstore.com\\\/de\\\/produkt\\\/pack-3-uds-calcetin-bullpadel-bp252-1\\\/\",\"name\":\"PACK 3 UDS CALCETIN BULLPADEL BP252 - Revolution Padel Store\",\"isPartOf\":{\"@id\":\"https:\\\/\\\/revolutionpadelstore.com\\\/de\\\/#website\"},\"primaryImageOfPage\":{\"@id\":\"https:\\\/\\\/revolutionpadelstore.com\\\/de\\\/produkt\\\/pack-3-uds-calcetin-bullpadel-bp252-1\\\/#primaryimage\"},\"image\":{\"@id\":\"https:\\\/\\\/revolutionpadelstore.com\\\/de\\\/produkt\\\/pack-3-uds-calcetin-bullpadel-bp252-1\\\/#primaryimage\"},\"thumbnailUrl\":\"https:\\\/\\\/revolutionpadelstore.com\\\/wp-content\\\/uploads\\\/2025\\\/03\\\/113874-pack-3-uds-calcetin-bullpadel-bp252-1200x1200-1.webp\",\"datePublished\":\"2025-03-11T15:53:44+00:00\",\"dateModified\":\"2026-04-08T03:52:11+00:00\",\"description\":\"Compra el Pack de 3 Uds. Calcet\u00edn Bullpadel BP252 y disfruta de confort, sujeci\u00f3n y transpirabilidad en cada partido. \u00a1Disponible en www.revolutionpadelstore.com al mejor precio!\",\"breadcrumb\":{\"@id\":\"https:\\\/\\\/revolutionpadelstore.com\\\/de\\\/produkt\\\/pack-3-uds-calcetin-bullpadel-bp252-1\\\/#breadcrumb\"},\"inLanguage\":\"de\",\"potentialAction\":[{\"@type\":\"ReadAction\",\"target\":[\"https:\\\/\\\/revolutionpadelstore.com\\\/de\\\/produkt\\\/pack-3-uds-calcetin-bullpadel-bp252-1\\\/\"]}]},{\"@type\":\"ImageObject\",\"inLanguage\":\"de\",\"@id\":\"https:\\\/\\\/revolutionpadelstore.com\\\/de\\\/produkt\\\/pack-3-uds-calcetin-bullpadel-bp252-1\\\/#primaryimage\",\"url\":\"https:\\\/\\\/revolutionpadelstore.com\\\/wp-content\\\/uploads\\\/2025\\\/03\\\/113874-pack-3-uds-calcetin-bullpadel-bp252-1200x1200-1.webp\",\"contentUrl\":\"https:\\\/\\\/revolutionpadelstore.com\\\/wp-content\\\/uploads\\\/2025\\\/03\\\/113874-pack-3-uds-calcetin-bullpadel-bp252-1200x1200-1.webp\",\"width\":1200,\"height\":1200},{\"@type\":\"BreadcrumbList\",\"@id\":\"https:\\\/\\\/revolutionpadelstore.com\\\/de\\\/produkt\\\/pack-3-uds-calcetin-bullpadel-bp252-1\\\/#breadcrumb\",\"itemListElement\":[{\"@type\":\"ListItem\",\"position\":1,\"name\":\"Portada\",\"item\":\"https:\\\/\\\/revolutionpadelstore.com\\\/de\\\/\"},{\"@type\":\"ListItem\",\"position\":2,\"name\":\"Shop\",\"item\":\"https:\\\/\\\/revolutionpadelstore.com\\\/de\\\/tienda\\\/\"},{\"@type\":\"ListItem\",\"position\":3,\"name\":\"PACK 3 UDS CALCETIN BULLPADEL BP252\"}]},{\"@type\":\"WebSite\",\"@id\":\"https:\\\/\\\/revolutionpadelstore.com\\\/de\\\/#website\",\"url\":\"https:\\\/\\\/revolutionpadelstore.com\\\/de\\\/\",\"name\":\"Revolution Padel Store\",\"description\":\"\",\"publisher\":{\"@id\":\"https:\\\/\\\/revolutionpadelstore.com\\\/de\\\/#organization\"},\"potentialAction\":[{\"@type\":\"SearchAction\",\"target\":{\"@type\":\"EntryPoint\",\"urlTemplate\":\"https:\\\/\\\/revolutionpadelstore.com\\\/de\\\/?s={search_term_string}\"},\"query-input\":{\"@type\":\"PropertyValueSpecification\",\"valueRequired\":true,\"valueName\":\"search_term_string\"}}],\"inLanguage\":\"de\"},{\"@type\":\"Organization\",\"@id\":\"https:\\\/\\\/revolutionpadelstore.com\\\/de\\\/#organization\",\"name\":\"Revolution Padel Store\",\"url\":\"https:\\\/\\\/revolutionpadelstore.com\\\/de\\\/\",\"logo\":{\"@type\":\"ImageObject\",\"inLanguage\":\"de\",\"@id\":\"https:\\\/\\\/revolutionpadelstore.com\\\/de\\\/#\\\/schema\\\/logo\\\/image\\\/\",\"url\":\"https:\\\/\\\/revolutionpadelstore.com\\\/wp-content\\\/uploads\\\/2026\\\/02\\\/revolution-padel-store.jpg\",\"contentUrl\":\"https:\\\/\\\/revolutionpadelstore.com\\\/wp-content\\\/uploads\\\/2026\\\/02\\\/revolution-padel-store.jpg\",\"width\":2000,\"height\":2000,\"caption\":\"Revolution Padel Store\"},\"image\":{\"@id\":\"https:\\\/\\\/revolutionpadelstore.com\\\/de\\\/#\\\/schema\\\/logo\\\/image\\\/\"},\"sameAs\":[\"https:\\\/\\\/www.instagram.com\\\/revolutionpadelstore\\\/\"]}]}<\/script>\n<!-- \/ Yoast SEO plugin. -->","yoast_head_json":{"title":"PACK 3 UDS CALCETIN BULLPADEL BP252 - Revolution Padel Store","description":"Compra el Pack de 3 Uds. Calcet\u00edn Bullpadel BP252 y disfruta de confort, sujeci\u00f3n y transpirabilidad en cada partido. \u00a1Disponible en www.revolutionpadelstore.com al mejor precio!","robots":{"index":"index","follow":"follow","max-snippet":"max-snippet:-1","max-image-preview":"max-image-preview:large","max-video-preview":"max-video-preview:-1"},"canonical":"https:\/\/revolutionpadelstore.com\/de\/produkt\/pack-3-uds-calcetin-bullpadel-bp252-1\/","og_locale":"de_DE","og_type":"article","og_title":"PACK 3 UDS CALCETIN BULLPADEL BP252 - Revolution Padel Store","og_description":"Compra el Pack de 3 Uds. Calcet\u00edn Bullpadel BP252 y disfruta de confort, sujeci\u00f3n y transpirabilidad en cada partido. \u00a1Disponible en www.revolutionpadelstore.com al mejor precio!","og_url":"https:\/\/revolutionpadelstore.com\/de\/produkt\/pack-3-uds-calcetin-bullpadel-bp252-1\/","og_site_name":"Revolution Padel Store","article_modified_time":"2026-04-08T03:52:11+00:00","og_image":[{"width":1200,"height":1200,"url":"https:\/\/revolutionpadelstore.com\/wp-content\/uploads\/2025\/03\/113874-pack-3-uds-calcetin-bullpadel-bp252-1200x1200-1.webp","type":"image\/webp"}],"twitter_card":"summary_large_image","twitter_misc":{"Gesch\u00e4tzte Lesezeit":"1\u00a0Minute"},"schema":{"@context":"https:\/\/schema.org","@graph":[{"@type":"WebPage","@id":"https:\/\/revolutionpadelstore.com\/de\/produkt\/pack-3-uds-calcetin-bullpadel-bp252-1\/","url":"https:\/\/revolutionpadelstore.com\/de\/produkt\/pack-3-uds-calcetin-bullpadel-bp252-1\/","name":"PACK 3 UDS CALCETIN BULLPADEL BP252 - Revolution Padel Store","isPartOf":{"@id":"https:\/\/revolutionpadelstore.com\/de\/#website"},"primaryImageOfPage":{"@id":"https:\/\/revolutionpadelstore.com\/de\/produkt\/pack-3-uds-calcetin-bullpadel-bp252-1\/#primaryimage"},"image":{"@id":"https:\/\/revolutionpadelstore.com\/de\/produkt\/pack-3-uds-calcetin-bullpadel-bp252-1\/#primaryimage"},"thumbnailUrl":"https:\/\/revolutionpadelstore.com\/wp-content\/uploads\/2025\/03\/113874-pack-3-uds-calcetin-bullpadel-bp252-1200x1200-1.webp","datePublished":"2025-03-11T15:53:44+00:00","dateModified":"2026-04-08T03:52:11+00:00","description":"Compra el Pack de 3 Uds. Calcet\u00edn Bullpadel BP252 y disfruta de confort, sujeci\u00f3n y transpirabilidad en cada partido. \u00a1Disponible en www.revolutionpadelstore.com al mejor precio!","breadcrumb":{"@id":"https:\/\/revolutionpadelstore.com\/de\/produkt\/pack-3-uds-calcetin-bullpadel-bp252-1\/#breadcrumb"},"inLanguage":"de","potentialAction":[{"@type":"ReadAction","target":["https:\/\/revolutionpadelstore.com\/de\/produkt\/pack-3-uds-calcetin-bullpadel-bp252-1\/"]}]},{"@type":"ImageObject","inLanguage":"de","@id":"https:\/\/revolutionpadelstore.com\/de\/produkt\/pack-3-uds-calcetin-bullpadel-bp252-1\/#primaryimage","url":"https:\/\/revolutionpadelstore.com\/wp-content\/uploads\/2025\/03\/113874-pack-3-uds-calcetin-bullpadel-bp252-1200x1200-1.webp","contentUrl":"https:\/\/revolutionpadelstore.com\/wp-content\/uploads\/2025\/03\/113874-pack-3-uds-calcetin-bullpadel-bp252-1200x1200-1.webp","width":1200,"height":1200},{"@type":"BreadcrumbList","@id":"https:\/\/revolutionpadelstore.com\/de\/produkt\/pack-3-uds-calcetin-bullpadel-bp252-1\/#breadcrumb","itemListElement":[{"@type":"ListItem","position":1,"name":"Portada","item":"https:\/\/revolutionpadelstore.com\/de\/"},{"@type":"ListItem","position":2,"name":"Shop","item":"https:\/\/revolutionpadelstore.com\/de\/tienda\/"},{"@type":"ListItem","position":3,"name":"PACK 3 UDS CALCETIN BULLPADEL BP252"}]},{"@type":"WebSite","@id":"https:\/\/revolutionpadelstore.com\/de\/#website","url":"https:\/\/revolutionpadelstore.com\/de\/","name":"Revolution Padel Store","description":"","publisher":{"@id":"https:\/\/revolutionpadelstore.com\/de\/#organization"},"potentialAction":[{"@type":"SearchAction","target":{"@type":"EntryPoint","urlTemplate":"https:\/\/revolutionpadelstore.com\/de\/?s={search_term_string}"},"query-input":{"@type":"PropertyValueSpecification","valueRequired":true,"valueName":"search_term_string"}}],"inLanguage":"de"},{"@type":"Organization","@id":"https:\/\/revolutionpadelstore.com\/de\/#organization","name":"Revolution Padel Store","url":"https:\/\/revolutionpadelstore.com\/de\/","logo":{"@type":"ImageObject","inLanguage":"de","@id":"https:\/\/revolutionpadelstore.com\/de\/#\/schema\/logo\/image\/","url":"https:\/\/revolutionpadelstore.com\/wp-content\/uploads\/2026\/02\/revolution-padel-store.jpg","contentUrl":"https:\/\/revolutionpadelstore.com\/wp-content\/uploads\/2026\/02\/revolution-padel-store.jpg","width":2000,"height":2000,"caption":"Revolution Padel Store"},"image":{"@id":"https:\/\/revolutionpadelstore.com\/de\/#\/schema\/logo\/image\/"},"sameAs":["https:\/\/www.instagram.com\/revolutionpadelstore\/"]}]}},"_links":{"self":[{"href":"https:\/\/revolutionpadelstore.com\/de\/wp-json\/wp\/v2\/product\/206405","targetHints":{"allow":["GET"]}}],"collection":[{"href":"https:\/\/revolutionpadelstore.com\/de\/wp-json\/wp\/v2\/product"}],"about":[{"href":"https:\/\/revolutionpadelstore.com\/de\/wp-json\/wp\/v2\/types\/product"}],"replies":[{"embeddable":true,"href":"https:\/\/revolutionpadelstore.com\/de\/wp-json\/wp\/v2\/comments?post=206405"}],"wp:featuredmedia":[{"embeddable":true,"href":"https:\/\/revolutionpadelstore.com\/de\/wp-json\/wp\/v2\/media\/206400"}],"wp:attachment":[{"href":"https:\/\/revolutionpadelstore.com\/de\/wp-json\/wp\/v2\/media?parent=206405"}],"wp:term":[{"taxonomy":"acabado","embeddable":true,"href":"https:\/\/revolutionpadelstore.com\/de\/wp-json\/wp\/v2\/acabado?post=206405"},{"taxonomy":"balance","embeddable":true,"href":"https:\/\/revolutionpadelstore.com\/de\/wp-json\/wp\/v2\/balance?post=206405"},{"taxonomy":"dureza","embeddable":true,"href":"https:\/\/revolutionpadelstore.com\/de\/wp-json\/wp\/v2\/dureza?post=206405"},{"taxonomy":"forma","embeddable":true,"href":"https:\/\/revolutionpadelstore.com\/de\/wp-json\/wp\/v2\/forma?post=206405"},{"taxonomy":"jugador","embeddable":true,"href":"https:\/\/revolutionpadelstore.com\/de\/wp-json\/wp\/v2\/jugador?post=206405"},{"taxonomy":"marca","embeddable":true,"href":"https:\/\/revolutionpadelstore.com\/de\/wp-json\/wp\/v2\/marca?post=206405"},{"taxonomy":"nivel-de-juego","embeddable":true,"href":"https:\/\/revolutionpadelstore.com\/de\/wp-json\/wp\/v2\/nivel-de-juego?post=206405"},{"taxonomy":"superficie","embeddable":true,"href":"https:\/\/revolutionpadelstore.com\/de\/wp-json\/wp\/v2\/superficie?post=206405"},{"taxonomy":"tipo-de-juego","embeddable":true,"href":"https:\/\/revolutionpadelstore.com\/de\/wp-json\/wp\/v2\/tipo-de-juego?post=206405"},{"taxonomy":"product_brand","embeddable":true,"href":"https:\/\/revolutionpadelstore.com\/de\/wp-json\/wp\/v2\/product_brand?post=206405"},{"taxonomy":"product_cat","embeddable":true,"href":"https:\/\/revolutionpadelstore.com\/de\/wp-json\/wp\/v2\/product_cat?post=206405"},{"taxonomy":"product_tag","embeddable":true,"href":"https:\/\/revolutionpadelstore.com\/de\/wp-json\/wp\/v2\/product_tag?post=206405"}],"curies":[{"name":"wp","href":"https:\/\/api.w.org\/{rel}","templated":true}]}}