{"id":20492,"date":"2024-03-13T14:44:23","date_gmt":"2024-03-13T13:44:23","guid":{"rendered":"https:\/\/revolutionpadelstore.com\/bullpadel-vertex-04-hybrid\/"},"modified":"2026-04-08T15:09:23","modified_gmt":"2026-04-08T13:09:23","slug":"bullpadel-vertex-04-hybrid-1","status":"publish","type":"product","link":"https:\/\/revolutionpadelstore.com\/de\/produkt\/bullpadel-vertex-04-hybrid-1\/","title":{"rendered":"BULLPADEL VERTEX 04 HYBRID"},"content":{"rendered":"<h2>Bullpadel Vertex 04 Hybrid, herausragende Leistung und Kontrolle<\/h2>\n<p>Der Bullpadel Vertex 04 Hybrid wurde f\u00fcr erwachsene Padel-Spieler auf Expertenniveau entwickelt und ist die ideale Option, wenn Sie einen vielseitigen, hochwertigen und leistungsstarken Schl\u00e4ger suchen, mit dem Sie den Ball kraftvoll und kontrolliert schlagen k\u00f6nnen.<\/p>\n<p>Aufgrund seiner Hybridform und der geringen Balance bringt dieses Modell Kontrolle und Kraft perfekt in Einklang und sorgt au\u00dferdem f\u00fcr unglaubliche Sensationen sowohl in der Verteidigung als auch im Angriff. Es hat ein Gewicht von 365 bis 375 Gramm und ein 38-mm-Profil.<\/p>\n<h3>Erh\u00f6hte Steifigkeit f\u00fcr solide Treffer<\/h3>\n<p>Mit dem Ziel, au\u00dfergew\u00f6hnliche Steifigkeit und Widerstandsf\u00e4higkeit zu erreichen, ohne auf gutes Handling und Leichtigkeit verzichten zu m\u00fcssen, bestehen die Hobel dieses Modells aus Xtend Carbon 12K, das biaxial ineinander verschlungene Carbonb\u00e4nder verwendet. Dar\u00fcber hinaus verf\u00fcgt die Oberfl\u00e4che \u00fcber eine raue Oberfl\u00e4che, die es dem Sportler erm\u00f6glicht, die B\u00e4lle mit Spin zu schlagen, da dies den Grip verbessert.<\/p>\n<p>Andererseits wurde im Innenkern Multieva-Gummi verwendet, der aus zwei Dichten besteht (einem kompakteren Au\u00dfenkern und einem Innenkern mit geringerer Dichte), um sich besser an die Bed\u00fcrfnisse jedes Schlags anzupassen. Der CarbonTube-Rahmen besteht zu 100 % aus bidirektional verwobener Kohlefaser und sorgt f\u00fcr ausgewogene Kontrolle und Kraft.<\/p>\n<h3>Reduzierung von Vibrationen<\/h3>\n<p>In Bezug auf die Technologie ist das Vibradrive-Faustmontagesystem integriert, das dank eines elastischen Gummist\u00fccks Vibrationen nach einem Aufprall, insbesondere bei au\u00dfermittigen Schl\u00e4gen, wirksam absorbiert.<\/p>\n<p>Ebenso wurden das CURVAKTIV- und das AIR POWER-System im Rahmen kombiniert, um die Haltbarkeit, Widerstandsf\u00e4higkeit und Steifigkeit des Schl\u00e4gers zu erh\u00f6hen und gleichzeitig Vibrationen besser zu verteilen, um den Schlagkomfort zu erh\u00f6hen.<\/p>\n<p>Er verf\u00fcgt au\u00dferdem \u00fcber das CustomWeight-Hantelplattensystem, das es erm\u00f6glicht, die Balance des Schl\u00e4gers je nach den Bed\u00fcrfnissen jedes Spielers zu ver\u00e4ndern.<\/p>\n<h2>Bullpadel Vertex 04 Hybrid, potencia y control sobresalientes<\/h2>\n","protected":false},"excerpt":{"rendered":"<p>Bullpadel Vertex 04 Hybrid: Hochleistungsschl\u00e4ger f\u00fcr erfahrene Spieler, die bei jedem Schlag Kraft und Kontrolle suchen. Fortschrittliche Technologien zur Reduzierung von Vibrationen und zur Erh\u00f6hung der Steifigkeit. Perfekt f\u00fcr professionelle Spieler.<\/p>\n","protected":false},"featured_media":52841,"comment_status":"open","ping_status":"closed","template":"","meta":{"_acf_changed":false,"_joinchat":[]},"acabado":[1089],"balance":[1139],"dureza":[1154],"forma":[1174],"jugador":[1189,1199],"marca":[1254],"nivel-de-juego":[1344],"superficie":[1359],"tipo-de-juego":[1369],"product_brand":[],"product_cat":[299],"product_tag":[],"class_list":{"0":"post-20492","1":"product","2":"type-product","3":"status-publish","4":"has-post-thumbnail","6":"acabado-3d-entlasten","7":"balance-mittel","8":"dureza-media-de","9":"forma-hybrid","10":"jugador-mann","11":"jugador-mehrzweck","12":"marca-bullpadel-de","13":"superficie-rugosa-de","14":"tipo-de-juego-kontrolle","15":"product_cat-palas-de-padel-de","17":"first","18":"instock","19":"sale","20":"taxable","21":"shipping-taxable","22":"purchasable","23":"product-type-simple"},"acf":[],"yoast_head":"<!-- This site is optimized with the Yoast SEO plugin v27.3 - https:\/\/yoast.com\/product\/yoast-seo-wordpress\/ -->\n<title>BULLPADEL VERTEX 04 HYBRID - Revolution Padel Store<\/title>\n<meta name=\"robots\" content=\"index, follow, max-snippet:-1, max-image-preview:large, max-video-preview:-1\" \/>\n<link rel=\"canonical\" href=\"https:\/\/revolutionpadelstore.com\/de\/produkt\/bullpadel-vertex-04-hybrid-1\/\" \/>\n<meta property=\"og:locale\" content=\"de_DE\" \/>\n<meta property=\"og:type\" content=\"article\" \/>\n<meta property=\"og:title\" content=\"BULLPADEL VERTEX 04 HYBRID - Revolution Padel Store\" \/>\n<meta property=\"og:description\" content=\"Bullpadel Vertex 04 Hybrid: Hochleistungsschl\u00e4ger f\u00fcr erfahrene Spieler, die bei jedem Schlag Kraft und Kontrolle suchen. Fortschrittliche Technologien zur Reduzierung von Vibrationen und zur Erh\u00f6hung der Steifigkeit. Perfekt f\u00fcr professionelle Spieler.\" \/>\n<meta property=\"og:url\" content=\"https:\/\/revolutionpadelstore.com\/de\/produkt\/bullpadel-vertex-04-hybrid-1\/\" \/>\n<meta property=\"og:site_name\" content=\"Revolution Padel Store\" \/>\n<meta property=\"article:modified_time\" content=\"2026-04-08T13:09:23+00:00\" \/>\n<meta property=\"og:image\" content=\"https:\/\/revolutionpadelstore.com\/wp-content\/uploads\/2024\/03\/110867_pala_bullpadel_vertex_04_hybrid_24_471606_1500x1500_vista1_2a8f.webp\" \/>\n\t<meta property=\"og:image:width\" content=\"1500\" \/>\n\t<meta property=\"og:image:height\" content=\"1500\" \/>\n\t<meta property=\"og:image:type\" content=\"image\/webp\" \/>\n<meta name=\"twitter:card\" content=\"summary_large_image\" \/>\n<meta name=\"twitter:label1\" content=\"Gesch\u00e4tzte Lesezeit\" \/>\n\t<meta name=\"twitter:data1\" content=\"2\u00a0Minuten\" \/>\n<script type=\"application\/ld+json\" class=\"yoast-schema-graph\">{\"@context\":\"https:\\\/\\\/schema.org\",\"@graph\":[{\"@type\":\"WebPage\",\"@id\":\"https:\\\/\\\/revolutionpadelstore.com\\\/de\\\/produkt\\\/bullpadel-vertex-04-hybrid-1\\\/\",\"url\":\"https:\\\/\\\/revolutionpadelstore.com\\\/de\\\/produkt\\\/bullpadel-vertex-04-hybrid-1\\\/\",\"name\":\"BULLPADEL VERTEX 04 HYBRID - Revolution Padel Store\",\"isPartOf\":{\"@id\":\"https:\\\/\\\/revolutionpadelstore.com\\\/de\\\/#website\"},\"primaryImageOfPage\":{\"@id\":\"https:\\\/\\\/revolutionpadelstore.com\\\/de\\\/produkt\\\/bullpadel-vertex-04-hybrid-1\\\/#primaryimage\"},\"image\":{\"@id\":\"https:\\\/\\\/revolutionpadelstore.com\\\/de\\\/produkt\\\/bullpadel-vertex-04-hybrid-1\\\/#primaryimage\"},\"thumbnailUrl\":\"https:\\\/\\\/revolutionpadelstore.com\\\/wp-content\\\/uploads\\\/2024\\\/03\\\/110867_pala_bullpadel_vertex_04_hybrid_24_471606_1500x1500_vista1_2a8f.webp\",\"datePublished\":\"2024-03-13T13:44:23+00:00\",\"dateModified\":\"2026-04-08T13:09:23+00:00\",\"breadcrumb\":{\"@id\":\"https:\\\/\\\/revolutionpadelstore.com\\\/de\\\/produkt\\\/bullpadel-vertex-04-hybrid-1\\\/#breadcrumb\"},\"inLanguage\":\"de\",\"potentialAction\":[{\"@type\":\"ReadAction\",\"target\":[\"https:\\\/\\\/revolutionpadelstore.com\\\/de\\\/produkt\\\/bullpadel-vertex-04-hybrid-1\\\/\"]}]},{\"@type\":\"ImageObject\",\"inLanguage\":\"de\",\"@id\":\"https:\\\/\\\/revolutionpadelstore.com\\\/de\\\/produkt\\\/bullpadel-vertex-04-hybrid-1\\\/#primaryimage\",\"url\":\"https:\\\/\\\/revolutionpadelstore.com\\\/wp-content\\\/uploads\\\/2024\\\/03\\\/110867_pala_bullpadel_vertex_04_hybrid_24_471606_1500x1500_vista1_2a8f.webp\",\"contentUrl\":\"https:\\\/\\\/revolutionpadelstore.com\\\/wp-content\\\/uploads\\\/2024\\\/03\\\/110867_pala_bullpadel_vertex_04_hybrid_24_471606_1500x1500_vista1_2a8f.webp\",\"width\":1500,\"height\":1500},{\"@type\":\"BreadcrumbList\",\"@id\":\"https:\\\/\\\/revolutionpadelstore.com\\\/de\\\/produkt\\\/bullpadel-vertex-04-hybrid-1\\\/#breadcrumb\",\"itemListElement\":[{\"@type\":\"ListItem\",\"position\":1,\"name\":\"Portada\",\"item\":\"https:\\\/\\\/revolutionpadelstore.com\\\/de\\\/\"},{\"@type\":\"ListItem\",\"position\":2,\"name\":\"Shop\",\"item\":\"https:\\\/\\\/revolutionpadelstore.com\\\/de\\\/tienda\\\/\"},{\"@type\":\"ListItem\",\"position\":3,\"name\":\"BULLPADEL VERTEX 04 HYBRID\"}]},{\"@type\":\"WebSite\",\"@id\":\"https:\\\/\\\/revolutionpadelstore.com\\\/de\\\/#website\",\"url\":\"https:\\\/\\\/revolutionpadelstore.com\\\/de\\\/\",\"name\":\"Revolution Padel Store\",\"description\":\"\",\"publisher\":{\"@id\":\"https:\\\/\\\/revolutionpadelstore.com\\\/de\\\/#organization\"},\"potentialAction\":[{\"@type\":\"SearchAction\",\"target\":{\"@type\":\"EntryPoint\",\"urlTemplate\":\"https:\\\/\\\/revolutionpadelstore.com\\\/de\\\/?s={search_term_string}\"},\"query-input\":{\"@type\":\"PropertyValueSpecification\",\"valueRequired\":true,\"valueName\":\"search_term_string\"}}],\"inLanguage\":\"de\"},{\"@type\":\"Organization\",\"@id\":\"https:\\\/\\\/revolutionpadelstore.com\\\/de\\\/#organization\",\"name\":\"Revolution Padel Store\",\"url\":\"https:\\\/\\\/revolutionpadelstore.com\\\/de\\\/\",\"logo\":{\"@type\":\"ImageObject\",\"inLanguage\":\"de\",\"@id\":\"https:\\\/\\\/revolutionpadelstore.com\\\/de\\\/#\\\/schema\\\/logo\\\/image\\\/\",\"url\":\"https:\\\/\\\/revolutionpadelstore.com\\\/wp-content\\\/uploads\\\/2026\\\/02\\\/revolution-padel-store.jpg\",\"contentUrl\":\"https:\\\/\\\/revolutionpadelstore.com\\\/wp-content\\\/uploads\\\/2026\\\/02\\\/revolution-padel-store.jpg\",\"width\":2000,\"height\":2000,\"caption\":\"Revolution Padel Store\"},\"image\":{\"@id\":\"https:\\\/\\\/revolutionpadelstore.com\\\/de\\\/#\\\/schema\\\/logo\\\/image\\\/\"},\"sameAs\":[\"https:\\\/\\\/www.instagram.com\\\/revolutionpadelstore\\\/\"]}]}<\/script>\n<!-- \/ Yoast SEO plugin. -->","yoast_head_json":{"title":"BULLPADEL VERTEX 04 HYBRID - Revolution Padel Store","robots":{"index":"index","follow":"follow","max-snippet":"max-snippet:-1","max-image-preview":"max-image-preview:large","max-video-preview":"max-video-preview:-1"},"canonical":"https:\/\/revolutionpadelstore.com\/de\/produkt\/bullpadel-vertex-04-hybrid-1\/","og_locale":"de_DE","og_type":"article","og_title":"BULLPADEL VERTEX 04 HYBRID - Revolution Padel Store","og_description":"Bullpadel Vertex 04 Hybrid: Hochleistungsschl\u00e4ger f\u00fcr erfahrene Spieler, die bei jedem Schlag Kraft und Kontrolle suchen. Fortschrittliche Technologien zur Reduzierung von Vibrationen und zur Erh\u00f6hung der Steifigkeit. Perfekt f\u00fcr professionelle Spieler.","og_url":"https:\/\/revolutionpadelstore.com\/de\/produkt\/bullpadel-vertex-04-hybrid-1\/","og_site_name":"Revolution Padel Store","article_modified_time":"2026-04-08T13:09:23+00:00","og_image":[{"width":1500,"height":1500,"url":"https:\/\/revolutionpadelstore.com\/wp-content\/uploads\/2024\/03\/110867_pala_bullpadel_vertex_04_hybrid_24_471606_1500x1500_vista1_2a8f.webp","type":"image\/webp"}],"twitter_card":"summary_large_image","twitter_misc":{"Gesch\u00e4tzte Lesezeit":"2\u00a0Minuten"},"schema":{"@context":"https:\/\/schema.org","@graph":[{"@type":"WebPage","@id":"https:\/\/revolutionpadelstore.com\/de\/produkt\/bullpadel-vertex-04-hybrid-1\/","url":"https:\/\/revolutionpadelstore.com\/de\/produkt\/bullpadel-vertex-04-hybrid-1\/","name":"BULLPADEL VERTEX 04 HYBRID - Revolution Padel Store","isPartOf":{"@id":"https:\/\/revolutionpadelstore.com\/de\/#website"},"primaryImageOfPage":{"@id":"https:\/\/revolutionpadelstore.com\/de\/produkt\/bullpadel-vertex-04-hybrid-1\/#primaryimage"},"image":{"@id":"https:\/\/revolutionpadelstore.com\/de\/produkt\/bullpadel-vertex-04-hybrid-1\/#primaryimage"},"thumbnailUrl":"https:\/\/revolutionpadelstore.com\/wp-content\/uploads\/2024\/03\/110867_pala_bullpadel_vertex_04_hybrid_24_471606_1500x1500_vista1_2a8f.webp","datePublished":"2024-03-13T13:44:23+00:00","dateModified":"2026-04-08T13:09:23+00:00","breadcrumb":{"@id":"https:\/\/revolutionpadelstore.com\/de\/produkt\/bullpadel-vertex-04-hybrid-1\/#breadcrumb"},"inLanguage":"de","potentialAction":[{"@type":"ReadAction","target":["https:\/\/revolutionpadelstore.com\/de\/produkt\/bullpadel-vertex-04-hybrid-1\/"]}]},{"@type":"ImageObject","inLanguage":"de","@id":"https:\/\/revolutionpadelstore.com\/de\/produkt\/bullpadel-vertex-04-hybrid-1\/#primaryimage","url":"https:\/\/revolutionpadelstore.com\/wp-content\/uploads\/2024\/03\/110867_pala_bullpadel_vertex_04_hybrid_24_471606_1500x1500_vista1_2a8f.webp","contentUrl":"https:\/\/revolutionpadelstore.com\/wp-content\/uploads\/2024\/03\/110867_pala_bullpadel_vertex_04_hybrid_24_471606_1500x1500_vista1_2a8f.webp","width":1500,"height":1500},{"@type":"BreadcrumbList","@id":"https:\/\/revolutionpadelstore.com\/de\/produkt\/bullpadel-vertex-04-hybrid-1\/#breadcrumb","itemListElement":[{"@type":"ListItem","position":1,"name":"Portada","item":"https:\/\/revolutionpadelstore.com\/de\/"},{"@type":"ListItem","position":2,"name":"Shop","item":"https:\/\/revolutionpadelstore.com\/de\/tienda\/"},{"@type":"ListItem","position":3,"name":"BULLPADEL VERTEX 04 HYBRID"}]},{"@type":"WebSite","@id":"https:\/\/revolutionpadelstore.com\/de\/#website","url":"https:\/\/revolutionpadelstore.com\/de\/","name":"Revolution Padel Store","description":"","publisher":{"@id":"https:\/\/revolutionpadelstore.com\/de\/#organization"},"potentialAction":[{"@type":"SearchAction","target":{"@type":"EntryPoint","urlTemplate":"https:\/\/revolutionpadelstore.com\/de\/?s={search_term_string}"},"query-input":{"@type":"PropertyValueSpecification","valueRequired":true,"valueName":"search_term_string"}}],"inLanguage":"de"},{"@type":"Organization","@id":"https:\/\/revolutionpadelstore.com\/de\/#organization","name":"Revolution Padel Store","url":"https:\/\/revolutionpadelstore.com\/de\/","logo":{"@type":"ImageObject","inLanguage":"de","@id":"https:\/\/revolutionpadelstore.com\/de\/#\/schema\/logo\/image\/","url":"https:\/\/revolutionpadelstore.com\/wp-content\/uploads\/2026\/02\/revolution-padel-store.jpg","contentUrl":"https:\/\/revolutionpadelstore.com\/wp-content\/uploads\/2026\/02\/revolution-padel-store.jpg","width":2000,"height":2000,"caption":"Revolution Padel Store"},"image":{"@id":"https:\/\/revolutionpadelstore.com\/de\/#\/schema\/logo\/image\/"},"sameAs":["https:\/\/www.instagram.com\/revolutionpadelstore\/"]}]}},"_links":{"self":[{"href":"https:\/\/revolutionpadelstore.com\/de\/wp-json\/wp\/v2\/product\/20492","targetHints":{"allow":["GET"]}}],"collection":[{"href":"https:\/\/revolutionpadelstore.com\/de\/wp-json\/wp\/v2\/product"}],"about":[{"href":"https:\/\/revolutionpadelstore.com\/de\/wp-json\/wp\/v2\/types\/product"}],"replies":[{"embeddable":true,"href":"https:\/\/revolutionpadelstore.com\/de\/wp-json\/wp\/v2\/comments?post=20492"}],"wp:featuredmedia":[{"embeddable":true,"href":"https:\/\/revolutionpadelstore.com\/de\/wp-json\/wp\/v2\/media\/52841"}],"wp:attachment":[{"href":"https:\/\/revolutionpadelstore.com\/de\/wp-json\/wp\/v2\/media?parent=20492"}],"wp:term":[{"taxonomy":"acabado","embeddable":true,"href":"https:\/\/revolutionpadelstore.com\/de\/wp-json\/wp\/v2\/acabado?post=20492"},{"taxonomy":"balance","embeddable":true,"href":"https:\/\/revolutionpadelstore.com\/de\/wp-json\/wp\/v2\/balance?post=20492"},{"taxonomy":"dureza","embeddable":true,"href":"https:\/\/revolutionpadelstore.com\/de\/wp-json\/wp\/v2\/dureza?post=20492"},{"taxonomy":"forma","embeddable":true,"href":"https:\/\/revolutionpadelstore.com\/de\/wp-json\/wp\/v2\/forma?post=20492"},{"taxonomy":"jugador","embeddable":true,"href":"https:\/\/revolutionpadelstore.com\/de\/wp-json\/wp\/v2\/jugador?post=20492"},{"taxonomy":"marca","embeddable":true,"href":"https:\/\/revolutionpadelstore.com\/de\/wp-json\/wp\/v2\/marca?post=20492"},{"taxonomy":"nivel-de-juego","embeddable":true,"href":"https:\/\/revolutionpadelstore.com\/de\/wp-json\/wp\/v2\/nivel-de-juego?post=20492"},{"taxonomy":"superficie","embeddable":true,"href":"https:\/\/revolutionpadelstore.com\/de\/wp-json\/wp\/v2\/superficie?post=20492"},{"taxonomy":"tipo-de-juego","embeddable":true,"href":"https:\/\/revolutionpadelstore.com\/de\/wp-json\/wp\/v2\/tipo-de-juego?post=20492"},{"taxonomy":"product_brand","embeddable":true,"href":"https:\/\/revolutionpadelstore.com\/de\/wp-json\/wp\/v2\/product_brand?post=20492"},{"taxonomy":"product_cat","embeddable":true,"href":"https:\/\/revolutionpadelstore.com\/de\/wp-json\/wp\/v2\/product_cat?post=20492"},{"taxonomy":"product_tag","embeddable":true,"href":"https:\/\/revolutionpadelstore.com\/de\/wp-json\/wp\/v2\/product_tag?post=20492"}],"curies":[{"name":"wp","href":"https:\/\/api.w.org\/{rel}","templated":true}]}}