{"id":20487,"date":"2024-03-13T14:50:36","date_gmt":"2024-03-13T13:50:36","guid":{"rendered":"https:\/\/revolutionpadelstore.com\/bullpadel-vertex-04\/"},"modified":"2026-04-08T15:08:49","modified_gmt":"2026-04-08T13:08:49","slug":"bullpadel-vertex-04-1","status":"publish","type":"product","link":"https:\/\/revolutionpadelstore.com\/de\/produkt\/bullpadel-vertex-04-1\/","title":{"rendered":"BULLPADEL VERTEX 04"},"content":{"rendered":"<h2>Bullpadel Vertex 04, Schl\u00e4ge voller Kraft und Wirkung<\/h2>\n<p>Der neue <strong>Bullpadel Vertex 04<\/strong> wurde f\u00fcr <strong>professionelle oder fortgeschrittene Padel-Spieler<\/strong> entwickelt und bietet Ihnen mit geringem Aufwand beispiellose Leistung. Es ist der Schl\u00e4ger, den <strong>Juan Tello<\/strong> f\u00fcr die Saison 2024 ausgew\u00e4hlt hat.<\/p>\n<p>Seine Rautenform und seine hohe Ausgewogenheit machen ihn zum idealen Modell, wenn Sie bei Ihren Angriffsspielen maximale Kraft suchen. Deine Schl\u00e4ge werden t\u00f6dlich sein. Sein Gewicht liegt zwischen 365 und 375 Gramm und bietet somit eine gute Man\u00f6vrierf\u00e4higkeit.<\/p>\n<h2>CarboTube-Rahmen f\u00fcr mehr Leistung und Kontrolle<\/h2>\n<p>Dank seines Vertex-Herzens werden Kraft und Gewicht gleichm\u00e4\u00dfig verteilt, um solide Volleys und kraftvolle Schl\u00e4ge zu erm\u00f6glichen und gleichzeitig Verdrehungen und Vibrationen zu reduzieren.<\/p>\n<p>Der Kern besteht aus einem Multiveva-Gummi mit doppelter Dichte, der es dem Spieler erm\u00f6glicht, sich an die Art des Schlags anzupassen und effektiv auf langsamere B\u00e4lle mit hervorragender Kontrolle und ausgezeichneter Kraft bei schnellen Schl\u00e4gen zu reagieren.<\/p>\n<p>Die Zusammensetzung der Hobel basiert auf <em>Xtend Carbon 12K<\/em>, ineinander verschlungenen Carbonfasern, die f\u00fcr Steifigkeit und Widerstandsf\u00e4higkeit sorgen und gleichzeitig das Gewicht reduzieren, da es sich um ein bis zu 30 % leichteres Material als herk\u00f6mmliches Carbon handelt.<\/p>\n<h3>Kombiniert AIR POWER und CURVAKTIV<\/h3>\n<p>Der Griff ist mit Hesacore ausgestattet, einem sehr innovativen Griff, der eine gr\u00f6\u00dfere Kontaktfl\u00e4che erzeugt, was Kraftaufwand, Verletzungen und die \u00dcbertragung von Vibrationen reduziert. Der Griff ist mit dem <em>Grip Custom Weight<\/em>-System ausgestattet, das eine \u00c4nderung der Balance und des Gewichts des Schl\u00e4gers erm\u00f6glicht.<\/p>\n<p>Auf den Schlagfl\u00e4chen finden wir die TOPSPIN-Technologie, eine raue Oberfl\u00e4che, die es einfacher macht, den Ball an der Oberfl\u00e4che festzuhalten, um den Ball mit viel mehr Spin zu schlagen.<\/p>\n<p>Es verf\u00fcgt au\u00dferdem \u00fcber die <em><strong>Vibradrive<\/strong><\/em>-Technologie, ein Montagesystem, bei dem ein St\u00fcck sehr elastisches Gummi eingesetzt wird, das f\u00fcr die Absorption von Vibrationen und die Verbesserung des allgemeinen Spielgef\u00fchls verantwortlich ist, insbesondere im Gel\u00e4nde. Center-Hits.<\/p>\n<h2>Bullpadel Vertex 04, golpes llenos de potencia y efecto<\/h2>\n","protected":false},"excerpt":{"rendered":"<p>Rack f\u00fcr fortgeschrittene oder professionelle Spieler, Bullpadel Vertex 04, mit modernem und leistungsstarkem Design. Diamantform und hohe Balance f\u00fcr t\u00f6dliche Schl\u00e4ge. Multieva-Gummikern und Xtend Carbon 12K-Flats.<\/p>\n","protected":false},"featured_media":52827,"comment_status":"open","ping_status":"closed","template":"","meta":{"_acf_changed":false,"_joinchat":[]},"acabado":[1094],"balance":[1134],"dureza":[1159],"forma":[1169],"jugador":[1189,1199],"marca":[1254],"nivel-de-juego":[1334],"superficie":[1359],"tipo-de-juego":[1374],"product_brand":[],"product_cat":[299],"product_tag":[],"class_list":{"0":"post-20487","1":"product","2":"type-product","3":"status-publish","4":"has-post-thumbnail","6":"acabado-arenoso-de","7":"balance-hoch","8":"dureza-dura-de","9":"forma-diamante-de","10":"jugador-mann","11":"jugador-mehrzweck","12":"marca-bullpadel-de","13":"superficie-rugosa-de","14":"tipo-de-juego-leistung","15":"product_cat-palas-de-padel-de","17":"first","18":"instock","19":"sale","20":"taxable","21":"shipping-taxable","22":"purchasable","23":"product-type-simple"},"acf":[],"yoast_head":"<!-- This site is optimized with the Yoast SEO plugin v27.4 - https:\/\/yoast.com\/product\/yoast-seo-wordpress\/ -->\n<title>BULLPADEL VERTEX 04 - Revolution Padel Store<\/title>\n<meta name=\"description\" content=\"Pala para jugadores de nivel avanzado o profesional, Bullpadel Vertex 04, con dise\u00f1o moderno y potente. Forma de diamante y balance alto para golpes letales. N\u00facleo goma Multieva y planos de Xtend Carbon 12K.\" \/>\n<meta name=\"robots\" content=\"index, follow, max-snippet:-1, max-image-preview:large, max-video-preview:-1\" \/>\n<link rel=\"canonical\" href=\"https:\/\/revolutionpadelstore.com\/de\/produkt\/bullpadel-vertex-04-1\/\" \/>\n<meta property=\"og:locale\" content=\"de_DE\" \/>\n<meta property=\"og:type\" content=\"article\" \/>\n<meta property=\"og:title\" content=\"BULLPADEL VERTEX 04 - Revolution Padel Store\" \/>\n<meta property=\"og:description\" content=\"Pala para jugadores de nivel avanzado o profesional, Bullpadel Vertex 04, con dise\u00f1o moderno y potente. Forma de diamante y balance alto para golpes letales. N\u00facleo goma Multieva y planos de Xtend Carbon 12K.\" \/>\n<meta property=\"og:url\" content=\"https:\/\/revolutionpadelstore.com\/de\/produkt\/bullpadel-vertex-04-1\/\" \/>\n<meta property=\"og:site_name\" content=\"Revolution Padel Store\" \/>\n<meta property=\"article:modified_time\" content=\"2026-04-08T13:08:49+00:00\" \/>\n<meta property=\"og:image\" content=\"https:\/\/revolutionpadelstore.com\/wp-content\/uploads\/2024\/03\/110865_pala_bullpadel_vertex_04_24_471605_1500x1500_vista1_a9ed-1.webp\" \/>\n\t<meta property=\"og:image:width\" content=\"1500\" \/>\n\t<meta property=\"og:image:height\" content=\"1500\" \/>\n\t<meta property=\"og:image:type\" content=\"image\/webp\" \/>\n<meta name=\"twitter:card\" content=\"summary_large_image\" \/>\n<meta name=\"twitter:label1\" content=\"Gesch\u00e4tzte Lesezeit\" \/>\n\t<meta name=\"twitter:data1\" content=\"2\u00a0Minuten\" \/>\n<script type=\"application\/ld+json\" class=\"yoast-schema-graph\">{\"@context\":\"https:\\\/\\\/schema.org\",\"@graph\":[{\"@type\":\"WebPage\",\"@id\":\"https:\\\/\\\/revolutionpadelstore.com\\\/de\\\/produkt\\\/bullpadel-vertex-04-1\\\/\",\"url\":\"https:\\\/\\\/revolutionpadelstore.com\\\/de\\\/produkt\\\/bullpadel-vertex-04-1\\\/\",\"name\":\"BULLPADEL VERTEX 04 - Revolution Padel Store\",\"isPartOf\":{\"@id\":\"https:\\\/\\\/revolutionpadelstore.com\\\/de\\\/#website\"},\"primaryImageOfPage\":{\"@id\":\"https:\\\/\\\/revolutionpadelstore.com\\\/de\\\/produkt\\\/bullpadel-vertex-04-1\\\/#primaryimage\"},\"image\":{\"@id\":\"https:\\\/\\\/revolutionpadelstore.com\\\/de\\\/produkt\\\/bullpadel-vertex-04-1\\\/#primaryimage\"},\"thumbnailUrl\":\"https:\\\/\\\/revolutionpadelstore.com\\\/wp-content\\\/uploads\\\/2024\\\/03\\\/110865_pala_bullpadel_vertex_04_24_471605_1500x1500_vista1_a9ed-1.webp\",\"datePublished\":\"2024-03-13T13:50:36+00:00\",\"dateModified\":\"2026-04-08T13:08:49+00:00\",\"description\":\"Pala para jugadores de nivel avanzado o profesional, Bullpadel Vertex 04, con dise\u00f1o moderno y potente. Forma de diamante y balance alto para golpes letales. N\u00facleo goma Multieva y planos de Xtend Carbon 12K.\",\"breadcrumb\":{\"@id\":\"https:\\\/\\\/revolutionpadelstore.com\\\/de\\\/produkt\\\/bullpadel-vertex-04-1\\\/#breadcrumb\"},\"inLanguage\":\"de\",\"potentialAction\":[{\"@type\":\"ReadAction\",\"target\":[\"https:\\\/\\\/revolutionpadelstore.com\\\/de\\\/produkt\\\/bullpadel-vertex-04-1\\\/\"]}]},{\"@type\":\"ImageObject\",\"inLanguage\":\"de\",\"@id\":\"https:\\\/\\\/revolutionpadelstore.com\\\/de\\\/produkt\\\/bullpadel-vertex-04-1\\\/#primaryimage\",\"url\":\"https:\\\/\\\/revolutionpadelstore.com\\\/wp-content\\\/uploads\\\/2024\\\/03\\\/110865_pala_bullpadel_vertex_04_24_471605_1500x1500_vista1_a9ed-1.webp\",\"contentUrl\":\"https:\\\/\\\/revolutionpadelstore.com\\\/wp-content\\\/uploads\\\/2024\\\/03\\\/110865_pala_bullpadel_vertex_04_24_471605_1500x1500_vista1_a9ed-1.webp\",\"width\":1500,\"height\":1500,\"caption\":\"BULLPADEL VERTEX 04\"},{\"@type\":\"BreadcrumbList\",\"@id\":\"https:\\\/\\\/revolutionpadelstore.com\\\/de\\\/produkt\\\/bullpadel-vertex-04-1\\\/#breadcrumb\",\"itemListElement\":[{\"@type\":\"ListItem\",\"position\":1,\"name\":\"Portada\",\"item\":\"https:\\\/\\\/revolutionpadelstore.com\\\/de\\\/\"},{\"@type\":\"ListItem\",\"position\":2,\"name\":\"Shop\",\"item\":\"https:\\\/\\\/revolutionpadelstore.com\\\/de\\\/tienda\\\/\"},{\"@type\":\"ListItem\",\"position\":3,\"name\":\"BULLPADEL VERTEX 04\"}]},{\"@type\":\"WebSite\",\"@id\":\"https:\\\/\\\/revolutionpadelstore.com\\\/de\\\/#website\",\"url\":\"https:\\\/\\\/revolutionpadelstore.com\\\/de\\\/\",\"name\":\"Revolution Padel Store\",\"description\":\"\",\"publisher\":{\"@id\":\"https:\\\/\\\/revolutionpadelstore.com\\\/de\\\/#organization\"},\"potentialAction\":[{\"@type\":\"SearchAction\",\"target\":{\"@type\":\"EntryPoint\",\"urlTemplate\":\"https:\\\/\\\/revolutionpadelstore.com\\\/de\\\/?s={search_term_string}\"},\"query-input\":{\"@type\":\"PropertyValueSpecification\",\"valueRequired\":true,\"valueName\":\"search_term_string\"}}],\"inLanguage\":\"de\"},{\"@type\":\"Organization\",\"@id\":\"https:\\\/\\\/revolutionpadelstore.com\\\/de\\\/#organization\",\"name\":\"Revolution Padel Store\",\"url\":\"https:\\\/\\\/revolutionpadelstore.com\\\/de\\\/\",\"logo\":{\"@type\":\"ImageObject\",\"inLanguage\":\"de\",\"@id\":\"https:\\\/\\\/revolutionpadelstore.com\\\/de\\\/#\\\/schema\\\/logo\\\/image\\\/\",\"url\":\"https:\\\/\\\/revolutionpadelstore.com\\\/wp-content\\\/uploads\\\/2026\\\/02\\\/revolution-padel-store.jpg\",\"contentUrl\":\"https:\\\/\\\/revolutionpadelstore.com\\\/wp-content\\\/uploads\\\/2026\\\/02\\\/revolution-padel-store.jpg\",\"width\":2000,\"height\":2000,\"caption\":\"Revolution Padel Store\"},\"image\":{\"@id\":\"https:\\\/\\\/revolutionpadelstore.com\\\/de\\\/#\\\/schema\\\/logo\\\/image\\\/\"},\"sameAs\":[\"https:\\\/\\\/www.instagram.com\\\/revolutionpadelstore\\\/\"]}]}<\/script>\n<!-- \/ Yoast SEO plugin. -->","yoast_head_json":{"title":"BULLPADEL VERTEX 04 - Revolution Padel Store","description":"Pala para jugadores de nivel avanzado o profesional, Bullpadel Vertex 04, con dise\u00f1o moderno y potente. Forma de diamante y balance alto para golpes letales. N\u00facleo goma Multieva y planos de Xtend Carbon 12K.","robots":{"index":"index","follow":"follow","max-snippet":"max-snippet:-1","max-image-preview":"max-image-preview:large","max-video-preview":"max-video-preview:-1"},"canonical":"https:\/\/revolutionpadelstore.com\/de\/produkt\/bullpadel-vertex-04-1\/","og_locale":"de_DE","og_type":"article","og_title":"BULLPADEL VERTEX 04 - Revolution Padel Store","og_description":"Pala para jugadores de nivel avanzado o profesional, Bullpadel Vertex 04, con dise\u00f1o moderno y potente. Forma de diamante y balance alto para golpes letales. N\u00facleo goma Multieva y planos de Xtend Carbon 12K.","og_url":"https:\/\/revolutionpadelstore.com\/de\/produkt\/bullpadel-vertex-04-1\/","og_site_name":"Revolution Padel Store","article_modified_time":"2026-04-08T13:08:49+00:00","og_image":[{"width":1500,"height":1500,"url":"https:\/\/revolutionpadelstore.com\/wp-content\/uploads\/2024\/03\/110865_pala_bullpadel_vertex_04_24_471605_1500x1500_vista1_a9ed-1.webp","type":"image\/webp"}],"twitter_card":"summary_large_image","twitter_misc":{"Gesch\u00e4tzte Lesezeit":"2\u00a0Minuten"},"schema":{"@context":"https:\/\/schema.org","@graph":[{"@type":"WebPage","@id":"https:\/\/revolutionpadelstore.com\/de\/produkt\/bullpadel-vertex-04-1\/","url":"https:\/\/revolutionpadelstore.com\/de\/produkt\/bullpadel-vertex-04-1\/","name":"BULLPADEL VERTEX 04 - Revolution Padel Store","isPartOf":{"@id":"https:\/\/revolutionpadelstore.com\/de\/#website"},"primaryImageOfPage":{"@id":"https:\/\/revolutionpadelstore.com\/de\/produkt\/bullpadel-vertex-04-1\/#primaryimage"},"image":{"@id":"https:\/\/revolutionpadelstore.com\/de\/produkt\/bullpadel-vertex-04-1\/#primaryimage"},"thumbnailUrl":"https:\/\/revolutionpadelstore.com\/wp-content\/uploads\/2024\/03\/110865_pala_bullpadel_vertex_04_24_471605_1500x1500_vista1_a9ed-1.webp","datePublished":"2024-03-13T13:50:36+00:00","dateModified":"2026-04-08T13:08:49+00:00","description":"Pala para jugadores de nivel avanzado o profesional, Bullpadel Vertex 04, con dise\u00f1o moderno y potente. Forma de diamante y balance alto para golpes letales. N\u00facleo goma Multieva y planos de Xtend Carbon 12K.","breadcrumb":{"@id":"https:\/\/revolutionpadelstore.com\/de\/produkt\/bullpadel-vertex-04-1\/#breadcrumb"},"inLanguage":"de","potentialAction":[{"@type":"ReadAction","target":["https:\/\/revolutionpadelstore.com\/de\/produkt\/bullpadel-vertex-04-1\/"]}]},{"@type":"ImageObject","inLanguage":"de","@id":"https:\/\/revolutionpadelstore.com\/de\/produkt\/bullpadel-vertex-04-1\/#primaryimage","url":"https:\/\/revolutionpadelstore.com\/wp-content\/uploads\/2024\/03\/110865_pala_bullpadel_vertex_04_24_471605_1500x1500_vista1_a9ed-1.webp","contentUrl":"https:\/\/revolutionpadelstore.com\/wp-content\/uploads\/2024\/03\/110865_pala_bullpadel_vertex_04_24_471605_1500x1500_vista1_a9ed-1.webp","width":1500,"height":1500,"caption":"BULLPADEL VERTEX 04"},{"@type":"BreadcrumbList","@id":"https:\/\/revolutionpadelstore.com\/de\/produkt\/bullpadel-vertex-04-1\/#breadcrumb","itemListElement":[{"@type":"ListItem","position":1,"name":"Portada","item":"https:\/\/revolutionpadelstore.com\/de\/"},{"@type":"ListItem","position":2,"name":"Shop","item":"https:\/\/revolutionpadelstore.com\/de\/tienda\/"},{"@type":"ListItem","position":3,"name":"BULLPADEL VERTEX 04"}]},{"@type":"WebSite","@id":"https:\/\/revolutionpadelstore.com\/de\/#website","url":"https:\/\/revolutionpadelstore.com\/de\/","name":"Revolution Padel Store","description":"","publisher":{"@id":"https:\/\/revolutionpadelstore.com\/de\/#organization"},"potentialAction":[{"@type":"SearchAction","target":{"@type":"EntryPoint","urlTemplate":"https:\/\/revolutionpadelstore.com\/de\/?s={search_term_string}"},"query-input":{"@type":"PropertyValueSpecification","valueRequired":true,"valueName":"search_term_string"}}],"inLanguage":"de"},{"@type":"Organization","@id":"https:\/\/revolutionpadelstore.com\/de\/#organization","name":"Revolution Padel Store","url":"https:\/\/revolutionpadelstore.com\/de\/","logo":{"@type":"ImageObject","inLanguage":"de","@id":"https:\/\/revolutionpadelstore.com\/de\/#\/schema\/logo\/image\/","url":"https:\/\/revolutionpadelstore.com\/wp-content\/uploads\/2026\/02\/revolution-padel-store.jpg","contentUrl":"https:\/\/revolutionpadelstore.com\/wp-content\/uploads\/2026\/02\/revolution-padel-store.jpg","width":2000,"height":2000,"caption":"Revolution Padel Store"},"image":{"@id":"https:\/\/revolutionpadelstore.com\/de\/#\/schema\/logo\/image\/"},"sameAs":["https:\/\/www.instagram.com\/revolutionpadelstore\/"]}]}},"_links":{"self":[{"href":"https:\/\/revolutionpadelstore.com\/de\/wp-json\/wp\/v2\/product\/20487","targetHints":{"allow":["GET"]}}],"collection":[{"href":"https:\/\/revolutionpadelstore.com\/de\/wp-json\/wp\/v2\/product"}],"about":[{"href":"https:\/\/revolutionpadelstore.com\/de\/wp-json\/wp\/v2\/types\/product"}],"replies":[{"embeddable":true,"href":"https:\/\/revolutionpadelstore.com\/de\/wp-json\/wp\/v2\/comments?post=20487"}],"wp:featuredmedia":[{"embeddable":true,"href":"https:\/\/revolutionpadelstore.com\/de\/wp-json\/wp\/v2\/media\/52827"}],"wp:attachment":[{"href":"https:\/\/revolutionpadelstore.com\/de\/wp-json\/wp\/v2\/media?parent=20487"}],"wp:term":[{"taxonomy":"acabado","embeddable":true,"href":"https:\/\/revolutionpadelstore.com\/de\/wp-json\/wp\/v2\/acabado?post=20487"},{"taxonomy":"balance","embeddable":true,"href":"https:\/\/revolutionpadelstore.com\/de\/wp-json\/wp\/v2\/balance?post=20487"},{"taxonomy":"dureza","embeddable":true,"href":"https:\/\/revolutionpadelstore.com\/de\/wp-json\/wp\/v2\/dureza?post=20487"},{"taxonomy":"forma","embeddable":true,"href":"https:\/\/revolutionpadelstore.com\/de\/wp-json\/wp\/v2\/forma?post=20487"},{"taxonomy":"jugador","embeddable":true,"href":"https:\/\/revolutionpadelstore.com\/de\/wp-json\/wp\/v2\/jugador?post=20487"},{"taxonomy":"marca","embeddable":true,"href":"https:\/\/revolutionpadelstore.com\/de\/wp-json\/wp\/v2\/marca?post=20487"},{"taxonomy":"nivel-de-juego","embeddable":true,"href":"https:\/\/revolutionpadelstore.com\/de\/wp-json\/wp\/v2\/nivel-de-juego?post=20487"},{"taxonomy":"superficie","embeddable":true,"href":"https:\/\/revolutionpadelstore.com\/de\/wp-json\/wp\/v2\/superficie?post=20487"},{"taxonomy":"tipo-de-juego","embeddable":true,"href":"https:\/\/revolutionpadelstore.com\/de\/wp-json\/wp\/v2\/tipo-de-juego?post=20487"},{"taxonomy":"product_brand","embeddable":true,"href":"https:\/\/revolutionpadelstore.com\/de\/wp-json\/wp\/v2\/product_brand?post=20487"},{"taxonomy":"product_cat","embeddable":true,"href":"https:\/\/revolutionpadelstore.com\/de\/wp-json\/wp\/v2\/product_cat?post=20487"},{"taxonomy":"product_tag","embeddable":true,"href":"https:\/\/revolutionpadelstore.com\/de\/wp-json\/wp\/v2\/product_tag?post=20487"}],"curies":[{"name":"wp","href":"https:\/\/api.w.org\/{rel}","templated":true}]}}