{"id":20467,"date":"2024-03-14T14:41:18","date_gmt":"2024-03-14T13:41:18","guid":{"rendered":"https:\/\/revolutionpadelstore.com\/bullpadel-neuron\/"},"modified":"2026-04-08T15:07:01","modified_gmt":"2026-04-08T13:07:01","slug":"bullpadel-neuron-1","status":"publish","type":"product","link":"https:\/\/revolutionpadelstore.com\/de\/produkt\/bullpadel-neuron-1\/","title":{"rendered":"BULLPADEL NEURON"},"content":{"rendered":"<h2>Bullpadel Neuron, schnelle und einfache Beschleunigung mit wenig Kraftaufwand<\/h2>\n<p>Der neue Bullpadel Neuron ist ein Schl\u00e4ger, der entwickelt wurde, um fortgeschrittenen oder professionellen Padelspielern, die den Ball sofort beschleunigen m\u00f6chten, die beste Leistung auf dem Platz zu bieten. Der Profispieler <strong>Fede Chingotto<\/strong> wird in der Saison 2024 mit diesem Bullpadel-Schl\u00e4ger antreten.<\/p>\n<p>Was seine Form angeht, stellt er eine <strong>Hybridform mit geringer Balance<\/strong> dar, sodass er einen tollen Kompromiss zwischen Kraft und Kontrolle bietet, bei mittlerem Gef\u00fchl und Ballaussto\u00df. Es bietet au\u00dfergew\u00f6hnliche Vielseitigkeit, sodass Sie sich jederzeit an die Bed\u00fcrfnisse des Spiels anpassen k\u00f6nnen.<\/p>\n<p>Das Standardgewicht liegt zwischen 365 und 375 Gramm, sodass die Man\u00f6vrierf\u00e4higkeit und einfache Handhabung f\u00fcr Spitzenspieler akzeptabel sind.<\/p>\n<h2>Stabilit\u00e4t zur Vermeidung von Verdrehungen<\/h2>\n<p>Im Innenkern finden wir einen Multieva-Gummi, der eine kompaktere Au\u00dfenschicht, die f\u00fcr eine hohe Leistungsabgabe sorgt, und eine Innenschicht mit geringerer Dichte, die f\u00fcr Kontrolle bei langsamen B\u00e4llen sorgt, kombiniert.<\/p>\n<p>Die Flugzeuge wurden aus <em>Xtend Carbon 12K<\/em> hergestellt, einer Art verwobenem Carbon, das bis zu 30 % leichter ist und dadurch <strong>h\u00f6here Leistung, Steifigkeit und Haltbarkeit<\/strong> erreicht<\/p>\n<p>Dar\u00fcber hinaus sorgt der bidirektionale CarbonTube-Rahmen aus 100 % ineinandergreifendem Carbon dank einer ausgewogenen Kombination aus Kraft und Kontrolle f\u00fcr hervorragende Reaktionsf\u00e4higkeit.<\/p>\n<h3>Reduzierung der Klingenbeugungen<\/h3>\n<p>Ebenso wurde die <em>Wave System<\/em>-Technologie in den Rahmen integriert, die dem Bereich mehr Flexibilit\u00e4t verleiht und so die Energie\u00fcbertragung reibungsloser und effizienter macht. Es wird ein Katapulteffekt erzielt, sodass der Spieler beim Schlagen weniger Kraft aufwenden muss.<\/p>\n<p>Ebenso verf\u00fcgt es \u00fcber das Neuron-Herz, eine horizontale Br\u00fccke mit einer Unterbrechung am Scheitelpunkt, die f\u00fcr die wirksame Absorption von Vibrationen verantwortlich ist, um Erm\u00fcdungserscheinungen zu reduzieren und den Komfort w\u00e4hrend des Spiels zu erh\u00f6hen.<\/p>\n<p>Es umfasst au\u00dferdem das <em>Vibradrive<\/em>Griff-Montagesystem und den <em>Hesacore<\/em>-Griff, die Vibrationen, Kraftaufwand und das Verletzungsrisiko reduzieren.<\/p>\n<h2>Bullpadel Neuron, r\u00e1pida y f\u00e1cil acelaraci\u00f3n con poco esfuerzo<\/h2>\n","protected":false},"excerpt":{"rendered":"<p>Der Bullpadel Neuron 2024-Schl\u00e4ger mit Hybridform und geringer Balance ist das Modell, das Fede Chingotto in der neuen Saison verwenden wird. Bietet Vielseitigkeit w\u00e4hrend des Spiels. Xtend Carbon 12K-Flugzeuge und Multieva-Gummikern.<\/p>\n","protected":false},"featured_media":52769,"comment_status":"open","ping_status":"closed","template":"","meta":{"_acf_changed":false,"_joinchat":[]},"acabado":[1079],"balance":[1139],"dureza":[1154],"forma":[1174],"jugador":[1189,1199],"marca":[1254],"nivel-de-juego":[1334],"superficie":[1354],"tipo-de-juego":[1384],"product_brand":[],"product_cat":[299],"product_tag":[],"class_list":{"0":"post-20467","1":"product","2":"type-product","3":"status-publish","4":"has-post-thumbnail","6":"acabado-helligkeit","7":"balance-mittel","8":"dureza-media-de","9":"forma-hybrid","10":"jugador-mann","11":"jugador-mehrzweck","12":"marca-bullpadel-de","13":"superficie-lisa-de","14":"tipo-de-juego-mehrzweck","15":"product_cat-palas-de-padel-de","17":"first","18":"instock","19":"sale","20":"taxable","21":"shipping-taxable","22":"purchasable","23":"product-type-simple"},"acf":[],"yoast_head":"<!-- This site is optimized with the Yoast SEO plugin v27.4 - https:\/\/yoast.com\/product\/yoast-seo-wordpress\/ -->\n<title>BULLPADEL NEURON - Revolution Padel Store<\/title>\n<meta name=\"description\" content=\"Pala Bullpadel Neuron 2024, forma h\u00edbrida y balance bajo, es el modelo que empu\u00f1ar\u00e1 Fede Chingotto para la nueva temporada. Aporta polivalencia durante el juego. Planos de Xtend Carbon 12K y n\u00facleo de goma Multieva.\" \/>\n<meta name=\"robots\" content=\"index, follow, max-snippet:-1, max-image-preview:large, max-video-preview:-1\" \/>\n<link rel=\"canonical\" href=\"https:\/\/revolutionpadelstore.com\/de\/produkt\/bullpadel-neuron-1\/\" \/>\n<meta property=\"og:locale\" content=\"de_DE\" \/>\n<meta property=\"og:type\" content=\"article\" \/>\n<meta property=\"og:title\" content=\"BULLPADEL NEURON - Revolution Padel Store\" \/>\n<meta property=\"og:description\" content=\"Pala Bullpadel Neuron 2024, forma h\u00edbrida y balance bajo, es el modelo que empu\u00f1ar\u00e1 Fede Chingotto para la nueva temporada. Aporta polivalencia durante el juego. Planos de Xtend Carbon 12K y n\u00facleo de goma Multieva.\" \/>\n<meta property=\"og:url\" content=\"https:\/\/revolutionpadelstore.com\/de\/produkt\/bullpadel-neuron-1\/\" \/>\n<meta property=\"og:site_name\" content=\"Revolution Padel Store\" \/>\n<meta property=\"article:modified_time\" content=\"2026-04-08T13:07:01+00:00\" \/>\n<meta property=\"og:image\" content=\"https:\/\/revolutionpadelstore.com\/wp-content\/uploads\/2024\/03\/110864_pala_bullpadel_neuron_24_471611_1500x1500_vista1_076d.webp\" \/>\n\t<meta property=\"og:image:width\" content=\"1500\" \/>\n\t<meta property=\"og:image:height\" content=\"1500\" \/>\n\t<meta property=\"og:image:type\" content=\"image\/webp\" \/>\n<meta name=\"twitter:card\" content=\"summary_large_image\" \/>\n<meta name=\"twitter:label1\" content=\"Gesch\u00e4tzte Lesezeit\" \/>\n\t<meta name=\"twitter:data1\" content=\"2\u00a0Minuten\" \/>\n<script type=\"application\/ld+json\" class=\"yoast-schema-graph\">{\"@context\":\"https:\\\/\\\/schema.org\",\"@graph\":[{\"@type\":\"WebPage\",\"@id\":\"https:\\\/\\\/revolutionpadelstore.com\\\/de\\\/produkt\\\/bullpadel-neuron-1\\\/\",\"url\":\"https:\\\/\\\/revolutionpadelstore.com\\\/de\\\/produkt\\\/bullpadel-neuron-1\\\/\",\"name\":\"BULLPADEL NEURON - Revolution Padel Store\",\"isPartOf\":{\"@id\":\"https:\\\/\\\/revolutionpadelstore.com\\\/de\\\/#website\"},\"primaryImageOfPage\":{\"@id\":\"https:\\\/\\\/revolutionpadelstore.com\\\/de\\\/produkt\\\/bullpadel-neuron-1\\\/#primaryimage\"},\"image\":{\"@id\":\"https:\\\/\\\/revolutionpadelstore.com\\\/de\\\/produkt\\\/bullpadel-neuron-1\\\/#primaryimage\"},\"thumbnailUrl\":\"https:\\\/\\\/revolutionpadelstore.com\\\/wp-content\\\/uploads\\\/2024\\\/03\\\/110864_pala_bullpadel_neuron_24_471611_1500x1500_vista1_076d.webp\",\"datePublished\":\"2024-03-14T13:41:18+00:00\",\"dateModified\":\"2026-04-08T13:07:01+00:00\",\"description\":\"Pala Bullpadel Neuron 2024, forma h\u00edbrida y balance bajo, es el modelo que empu\u00f1ar\u00e1 Fede Chingotto para la nueva temporada. Aporta polivalencia durante el juego. Planos de Xtend Carbon 12K y n\u00facleo de goma Multieva.\",\"breadcrumb\":{\"@id\":\"https:\\\/\\\/revolutionpadelstore.com\\\/de\\\/produkt\\\/bullpadel-neuron-1\\\/#breadcrumb\"},\"inLanguage\":\"de\",\"potentialAction\":[{\"@type\":\"ReadAction\",\"target\":[\"https:\\\/\\\/revolutionpadelstore.com\\\/de\\\/produkt\\\/bullpadel-neuron-1\\\/\"]}]},{\"@type\":\"ImageObject\",\"inLanguage\":\"de\",\"@id\":\"https:\\\/\\\/revolutionpadelstore.com\\\/de\\\/produkt\\\/bullpadel-neuron-1\\\/#primaryimage\",\"url\":\"https:\\\/\\\/revolutionpadelstore.com\\\/wp-content\\\/uploads\\\/2024\\\/03\\\/110864_pala_bullpadel_neuron_24_471611_1500x1500_vista1_076d.webp\",\"contentUrl\":\"https:\\\/\\\/revolutionpadelstore.com\\\/wp-content\\\/uploads\\\/2024\\\/03\\\/110864_pala_bullpadel_neuron_24_471611_1500x1500_vista1_076d.webp\",\"width\":1500,\"height\":1500},{\"@type\":\"BreadcrumbList\",\"@id\":\"https:\\\/\\\/revolutionpadelstore.com\\\/de\\\/produkt\\\/bullpadel-neuron-1\\\/#breadcrumb\",\"itemListElement\":[{\"@type\":\"ListItem\",\"position\":1,\"name\":\"Portada\",\"item\":\"https:\\\/\\\/revolutionpadelstore.com\\\/de\\\/\"},{\"@type\":\"ListItem\",\"position\":2,\"name\":\"Shop\",\"item\":\"https:\\\/\\\/revolutionpadelstore.com\\\/de\\\/tienda\\\/\"},{\"@type\":\"ListItem\",\"position\":3,\"name\":\"BULLPADEL NEURON\"}]},{\"@type\":\"WebSite\",\"@id\":\"https:\\\/\\\/revolutionpadelstore.com\\\/de\\\/#website\",\"url\":\"https:\\\/\\\/revolutionpadelstore.com\\\/de\\\/\",\"name\":\"Revolution Padel Store\",\"description\":\"\",\"publisher\":{\"@id\":\"https:\\\/\\\/revolutionpadelstore.com\\\/de\\\/#organization\"},\"potentialAction\":[{\"@type\":\"SearchAction\",\"target\":{\"@type\":\"EntryPoint\",\"urlTemplate\":\"https:\\\/\\\/revolutionpadelstore.com\\\/de\\\/?s={search_term_string}\"},\"query-input\":{\"@type\":\"PropertyValueSpecification\",\"valueRequired\":true,\"valueName\":\"search_term_string\"}}],\"inLanguage\":\"de\"},{\"@type\":\"Organization\",\"@id\":\"https:\\\/\\\/revolutionpadelstore.com\\\/de\\\/#organization\",\"name\":\"Revolution Padel Store\",\"url\":\"https:\\\/\\\/revolutionpadelstore.com\\\/de\\\/\",\"logo\":{\"@type\":\"ImageObject\",\"inLanguage\":\"de\",\"@id\":\"https:\\\/\\\/revolutionpadelstore.com\\\/de\\\/#\\\/schema\\\/logo\\\/image\\\/\",\"url\":\"https:\\\/\\\/revolutionpadelstore.com\\\/wp-content\\\/uploads\\\/2026\\\/02\\\/revolution-padel-store.jpg\",\"contentUrl\":\"https:\\\/\\\/revolutionpadelstore.com\\\/wp-content\\\/uploads\\\/2026\\\/02\\\/revolution-padel-store.jpg\",\"width\":2000,\"height\":2000,\"caption\":\"Revolution Padel Store\"},\"image\":{\"@id\":\"https:\\\/\\\/revolutionpadelstore.com\\\/de\\\/#\\\/schema\\\/logo\\\/image\\\/\"},\"sameAs\":[\"https:\\\/\\\/www.instagram.com\\\/revolutionpadelstore\\\/\"]}]}<\/script>\n<!-- \/ Yoast SEO plugin. -->","yoast_head_json":{"title":"BULLPADEL NEURON - Revolution Padel Store","description":"Pala Bullpadel Neuron 2024, forma h\u00edbrida y balance bajo, es el modelo que empu\u00f1ar\u00e1 Fede Chingotto para la nueva temporada. Aporta polivalencia durante el juego. Planos de Xtend Carbon 12K y n\u00facleo de goma Multieva.","robots":{"index":"index","follow":"follow","max-snippet":"max-snippet:-1","max-image-preview":"max-image-preview:large","max-video-preview":"max-video-preview:-1"},"canonical":"https:\/\/revolutionpadelstore.com\/de\/produkt\/bullpadel-neuron-1\/","og_locale":"de_DE","og_type":"article","og_title":"BULLPADEL NEURON - Revolution Padel Store","og_description":"Pala Bullpadel Neuron 2024, forma h\u00edbrida y balance bajo, es el modelo que empu\u00f1ar\u00e1 Fede Chingotto para la nueva temporada. Aporta polivalencia durante el juego. Planos de Xtend Carbon 12K y n\u00facleo de goma Multieva.","og_url":"https:\/\/revolutionpadelstore.com\/de\/produkt\/bullpadel-neuron-1\/","og_site_name":"Revolution Padel Store","article_modified_time":"2026-04-08T13:07:01+00:00","og_image":[{"width":1500,"height":1500,"url":"https:\/\/revolutionpadelstore.com\/wp-content\/uploads\/2024\/03\/110864_pala_bullpadel_neuron_24_471611_1500x1500_vista1_076d.webp","type":"image\/webp"}],"twitter_card":"summary_large_image","twitter_misc":{"Gesch\u00e4tzte Lesezeit":"2\u00a0Minuten"},"schema":{"@context":"https:\/\/schema.org","@graph":[{"@type":"WebPage","@id":"https:\/\/revolutionpadelstore.com\/de\/produkt\/bullpadel-neuron-1\/","url":"https:\/\/revolutionpadelstore.com\/de\/produkt\/bullpadel-neuron-1\/","name":"BULLPADEL NEURON - Revolution Padel Store","isPartOf":{"@id":"https:\/\/revolutionpadelstore.com\/de\/#website"},"primaryImageOfPage":{"@id":"https:\/\/revolutionpadelstore.com\/de\/produkt\/bullpadel-neuron-1\/#primaryimage"},"image":{"@id":"https:\/\/revolutionpadelstore.com\/de\/produkt\/bullpadel-neuron-1\/#primaryimage"},"thumbnailUrl":"https:\/\/revolutionpadelstore.com\/wp-content\/uploads\/2024\/03\/110864_pala_bullpadel_neuron_24_471611_1500x1500_vista1_076d.webp","datePublished":"2024-03-14T13:41:18+00:00","dateModified":"2026-04-08T13:07:01+00:00","description":"Pala Bullpadel Neuron 2024, forma h\u00edbrida y balance bajo, es el modelo que empu\u00f1ar\u00e1 Fede Chingotto para la nueva temporada. Aporta polivalencia durante el juego. Planos de Xtend Carbon 12K y n\u00facleo de goma Multieva.","breadcrumb":{"@id":"https:\/\/revolutionpadelstore.com\/de\/produkt\/bullpadel-neuron-1\/#breadcrumb"},"inLanguage":"de","potentialAction":[{"@type":"ReadAction","target":["https:\/\/revolutionpadelstore.com\/de\/produkt\/bullpadel-neuron-1\/"]}]},{"@type":"ImageObject","inLanguage":"de","@id":"https:\/\/revolutionpadelstore.com\/de\/produkt\/bullpadel-neuron-1\/#primaryimage","url":"https:\/\/revolutionpadelstore.com\/wp-content\/uploads\/2024\/03\/110864_pala_bullpadel_neuron_24_471611_1500x1500_vista1_076d.webp","contentUrl":"https:\/\/revolutionpadelstore.com\/wp-content\/uploads\/2024\/03\/110864_pala_bullpadel_neuron_24_471611_1500x1500_vista1_076d.webp","width":1500,"height":1500},{"@type":"BreadcrumbList","@id":"https:\/\/revolutionpadelstore.com\/de\/produkt\/bullpadel-neuron-1\/#breadcrumb","itemListElement":[{"@type":"ListItem","position":1,"name":"Portada","item":"https:\/\/revolutionpadelstore.com\/de\/"},{"@type":"ListItem","position":2,"name":"Shop","item":"https:\/\/revolutionpadelstore.com\/de\/tienda\/"},{"@type":"ListItem","position":3,"name":"BULLPADEL NEURON"}]},{"@type":"WebSite","@id":"https:\/\/revolutionpadelstore.com\/de\/#website","url":"https:\/\/revolutionpadelstore.com\/de\/","name":"Revolution Padel Store","description":"","publisher":{"@id":"https:\/\/revolutionpadelstore.com\/de\/#organization"},"potentialAction":[{"@type":"SearchAction","target":{"@type":"EntryPoint","urlTemplate":"https:\/\/revolutionpadelstore.com\/de\/?s={search_term_string}"},"query-input":{"@type":"PropertyValueSpecification","valueRequired":true,"valueName":"search_term_string"}}],"inLanguage":"de"},{"@type":"Organization","@id":"https:\/\/revolutionpadelstore.com\/de\/#organization","name":"Revolution Padel Store","url":"https:\/\/revolutionpadelstore.com\/de\/","logo":{"@type":"ImageObject","inLanguage":"de","@id":"https:\/\/revolutionpadelstore.com\/de\/#\/schema\/logo\/image\/","url":"https:\/\/revolutionpadelstore.com\/wp-content\/uploads\/2026\/02\/revolution-padel-store.jpg","contentUrl":"https:\/\/revolutionpadelstore.com\/wp-content\/uploads\/2026\/02\/revolution-padel-store.jpg","width":2000,"height":2000,"caption":"Revolution Padel Store"},"image":{"@id":"https:\/\/revolutionpadelstore.com\/de\/#\/schema\/logo\/image\/"},"sameAs":["https:\/\/www.instagram.com\/revolutionpadelstore\/"]}]}},"_links":{"self":[{"href":"https:\/\/revolutionpadelstore.com\/de\/wp-json\/wp\/v2\/product\/20467","targetHints":{"allow":["GET"]}}],"collection":[{"href":"https:\/\/revolutionpadelstore.com\/de\/wp-json\/wp\/v2\/product"}],"about":[{"href":"https:\/\/revolutionpadelstore.com\/de\/wp-json\/wp\/v2\/types\/product"}],"replies":[{"embeddable":true,"href":"https:\/\/revolutionpadelstore.com\/de\/wp-json\/wp\/v2\/comments?post=20467"}],"wp:featuredmedia":[{"embeddable":true,"href":"https:\/\/revolutionpadelstore.com\/de\/wp-json\/wp\/v2\/media\/52769"}],"wp:attachment":[{"href":"https:\/\/revolutionpadelstore.com\/de\/wp-json\/wp\/v2\/media?parent=20467"}],"wp:term":[{"taxonomy":"acabado","embeddable":true,"href":"https:\/\/revolutionpadelstore.com\/de\/wp-json\/wp\/v2\/acabado?post=20467"},{"taxonomy":"balance","embeddable":true,"href":"https:\/\/revolutionpadelstore.com\/de\/wp-json\/wp\/v2\/balance?post=20467"},{"taxonomy":"dureza","embeddable":true,"href":"https:\/\/revolutionpadelstore.com\/de\/wp-json\/wp\/v2\/dureza?post=20467"},{"taxonomy":"forma","embeddable":true,"href":"https:\/\/revolutionpadelstore.com\/de\/wp-json\/wp\/v2\/forma?post=20467"},{"taxonomy":"jugador","embeddable":true,"href":"https:\/\/revolutionpadelstore.com\/de\/wp-json\/wp\/v2\/jugador?post=20467"},{"taxonomy":"marca","embeddable":true,"href":"https:\/\/revolutionpadelstore.com\/de\/wp-json\/wp\/v2\/marca?post=20467"},{"taxonomy":"nivel-de-juego","embeddable":true,"href":"https:\/\/revolutionpadelstore.com\/de\/wp-json\/wp\/v2\/nivel-de-juego?post=20467"},{"taxonomy":"superficie","embeddable":true,"href":"https:\/\/revolutionpadelstore.com\/de\/wp-json\/wp\/v2\/superficie?post=20467"},{"taxonomy":"tipo-de-juego","embeddable":true,"href":"https:\/\/revolutionpadelstore.com\/de\/wp-json\/wp\/v2\/tipo-de-juego?post=20467"},{"taxonomy":"product_brand","embeddable":true,"href":"https:\/\/revolutionpadelstore.com\/de\/wp-json\/wp\/v2\/product_brand?post=20467"},{"taxonomy":"product_cat","embeddable":true,"href":"https:\/\/revolutionpadelstore.com\/de\/wp-json\/wp\/v2\/product_cat?post=20467"},{"taxonomy":"product_tag","embeddable":true,"href":"https:\/\/revolutionpadelstore.com\/de\/wp-json\/wp\/v2\/product_tag?post=20467"}],"curies":[{"name":"wp","href":"https:\/\/api.w.org\/{rel}","templated":true}]}}