{"id":20457,"date":"2024-03-14T14:49:37","date_gmt":"2024-03-14T13:49:37","guid":{"rendered":"https:\/\/revolutionpadelstore.com\/bullpadel-vertex-04-w\/"},"modified":"2026-04-08T15:05:52","modified_gmt":"2026-04-08T13:05:52","slug":"bullpadel-vertex-04-w","status":"publish","type":"product","link":"https:\/\/revolutionpadelstore.com\/de\/produkt\/bullpadel-vertex-04-w\/","title":{"rendered":"BULLPADEL VERTEX 04 W"},"content":{"rendered":"<h2>Bullpadel Vertex 04 W, empfohlen von Delfi Brea<\/h2>\n<p>Der neue Schl\u00e4ger <strong>Bullpadel Vertex 04 W<\/strong> ist ein Schl\u00e4ger, der speziell entwickelt wurde, um den anspruchsvollsten Padelspielern auf fortgeschrittenem oder professionellem Niveau die beste Leistung auf dem Platz zu bieten. Dieses Modell ist leicht, aber leistungsstark und begrenzt dank seiner hohen Leistung den Kontrollverlust.<\/p>\n<p>Es hat eine Diamantform und eine hohe Balance, sodass der Spieler den Ball mit maximaler Kraft schlagen kann. Diese Art von Form kann dazu beitragen, mehr Spin und eine h\u00f6here Ballausbeute zu erzeugen, was bei Smashes und Layups von Vorteil ist.<\/p>\n<p>Dank seines sehr geringen Gewichts, das zwischen <strong>345 und 360 Gramm<\/strong> liegt, hat die Spitzensportlerin die absolute Kontrolle \u00fcber die Richtung und Pr\u00e4zision des Balls und erreicht bei Schw\u00fcngen eine h\u00f6here Geschwindigkeit und Sie werden mit der Schaufel problemlos umgehen k\u00f6nnen.<\/p>\n<h2>Mit Vertex-Herz f\u00fcr solide und kraftvolle Volleys<\/h2>\n<p>Bez\u00fcglich der Materialien ist zu beachten, dass die Oberfl\u00e4che aus Fibrix besteht, einer Beschichtung, die <strong>X-Glass und Carbon<\/strong> kombiniert, um die Biegung und Elastizit\u00e4t des Kerns zu erh\u00f6hen. Die Hobel verf\u00fcgen \u00fcber den TOPSPIN, der durch die raue Oberfl\u00e4che den Grip verbessert und eine gr\u00f6\u00dfere Wirkung erzielt.<\/p>\n<p>Im inneren Kern finden wir einen <strong>MULTIEVA-Gummi<\/strong>, der aus zwei Dichten von EVA-Gummi unterschiedlicher Dichte besteht. Dieses Material bietet Vielseitigkeit, verbessert die Kontrolle und sorgt f\u00fcr eine kraftvolle Ballausgabe.<\/p>\n<h3>Bessere Verteilung der Vibrationen<\/h3>\n<p>Der CarbonTube-Rahmen besteht zu 100 % aus bidirektional ineinandergreifender Kohlefaser, die eine hervorragende mechanische Reaktion gew\u00e4hrleistet und gleichzeitig Kraft und Kontrolle bietet.<\/p>\n<p>Ebenso ist der Rahmen mit dem CURVAKTIV-System ausgestattet, einer Struktur, die den Widerstand gegen hohe Torsionen erh\u00f6ht. Erh\u00f6ht die Steifigkeit und sorgt f\u00fcr eine gleichm\u00e4\u00dfige Spannungs\u00fcbertragung im gesamten Blatt.<\/p>\n<p>Im Lieferumfang ist au\u00dferdem ein <strong>Sticker<\/em><\/strong>-Schutz enthalten, ein ultraleichter und selbstklebender Schutz, der sich perfekt an den Rahmen des Schl\u00e4gers anpasst und eine hohe Abrieb- und Verschlei\u00dffestigkeit garantiert.<\/p>\n<h2>Bullpadel Vertex 04 W, avalada por Delfi Brea<\/h2>\n","protected":false},"excerpt":{"rendered":"<div class=\"Produktattribut\u00fcbersicht\">\n<div class=\"value\">\n<p>Bullpadel Vertex 04 W Schl\u00e4ger f\u00fcr fortgeschrittene oder professionelle Spieler. Mit Multieva-Gummikern und Fibrix-Oberfl\u00e4chen. Mit TOPSPIN- und CURVAKTIV-Technologien. Geringes Gewicht f\u00fcr gute Man\u00f6vrierf\u00e4higkeit.<\/p>\n<\/div>\n<\/div>\n<div class=\"product-add-form\">\n<div class=\"field qty\"><\/div>\n<\/div>\n","protected":false},"featured_media":52713,"comment_status":"open","ping_status":"closed","template":"","meta":{"_acf_changed":false,"_joinchat":[]},"acabado":[1094],"balance":[1139],"dureza":[1154],"forma":[1169],"jugador":[1194],"marca":[1254],"nivel-de-juego":[1344],"superficie":[1359],"tipo-de-juego":[1384],"product_brand":[],"product_cat":[299],"product_tag":[],"class_list":{"0":"post-20457","1":"product","2":"type-product","3":"status-publish","4":"has-post-thumbnail","6":"acabado-arenoso-de","7":"balance-mittel","8":"dureza-media-de","9":"forma-diamante-de","10":"jugador-frau","11":"marca-bullpadel-de","12":"superficie-rugosa-de","13":"tipo-de-juego-mehrzweck","14":"product_cat-palas-de-padel-de","16":"first","17":"instock","18":"sale","19":"taxable","20":"shipping-taxable","21":"purchasable","22":"product-type-simple"},"acf":[],"yoast_head":"<!-- This site is optimized with the Yoast SEO plugin v27.3 - https:\/\/yoast.com\/product\/yoast-seo-wordpress\/ -->\n<title>BULLPADEL VERTEX 04 W - Revolution Padel Store<\/title>\n<meta name=\"description\" content=\"Pala Bullpadel Vertex 04 W para jugadoras de nivel avanzado o profesional. Con n\u00facleo de goma Multieva y caras de Fibrix. Con las tecnolog\u00edas TOPSPIN y CURVAKTIV. Peso ligero para buena manejabilidad.\" \/>\n<meta name=\"robots\" content=\"index, follow, max-snippet:-1, max-image-preview:large, max-video-preview:-1\" \/>\n<link rel=\"canonical\" href=\"https:\/\/revolutionpadelstore.com\/de\/produkt\/bullpadel-vertex-04-w\/\" \/>\n<meta property=\"og:locale\" content=\"de_DE\" \/>\n<meta property=\"og:type\" content=\"article\" \/>\n<meta property=\"og:title\" content=\"BULLPADEL VERTEX 04 W - Revolution Padel Store\" \/>\n<meta property=\"og:description\" content=\"Pala Bullpadel Vertex 04 W para jugadoras de nivel avanzado o profesional. Con n\u00facleo de goma Multieva y caras de Fibrix. Con las tecnolog\u00edas TOPSPIN y CURVAKTIV. Peso ligero para buena manejabilidad.\" \/>\n<meta property=\"og:url\" content=\"https:\/\/revolutionpadelstore.com\/de\/produkt\/bullpadel-vertex-04-w\/\" \/>\n<meta property=\"og:site_name\" content=\"Revolution Padel Store\" \/>\n<meta property=\"article:modified_time\" content=\"2026-04-08T13:05:52+00:00\" \/>\n<meta property=\"og:image\" content=\"https:\/\/revolutionpadelstore.com\/wp-content\/uploads\/2024\/03\/110868_pala_bullpadel_vertex_04_w_24_471608_mujer_1500x1500_vista1_9c0a.webp\" \/>\n\t<meta property=\"og:image:width\" content=\"1500\" \/>\n\t<meta property=\"og:image:height\" content=\"1500\" \/>\n\t<meta property=\"og:image:type\" content=\"image\/webp\" \/>\n<meta name=\"twitter:card\" content=\"summary_large_image\" \/>\n<meta name=\"twitter:label1\" content=\"Gesch\u00e4tzte Lesezeit\" \/>\n\t<meta name=\"twitter:data1\" content=\"2\u00a0Minuten\" \/>\n<script type=\"application\/ld+json\" class=\"yoast-schema-graph\">{\"@context\":\"https:\\\/\\\/schema.org\",\"@graph\":[{\"@type\":\"WebPage\",\"@id\":\"https:\\\/\\\/revolutionpadelstore.com\\\/de\\\/produkt\\\/bullpadel-vertex-04-w\\\/\",\"url\":\"https:\\\/\\\/revolutionpadelstore.com\\\/de\\\/produkt\\\/bullpadel-vertex-04-w\\\/\",\"name\":\"BULLPADEL VERTEX 04 W - Revolution Padel Store\",\"isPartOf\":{\"@id\":\"https:\\\/\\\/revolutionpadelstore.com\\\/de\\\/#website\"},\"primaryImageOfPage\":{\"@id\":\"https:\\\/\\\/revolutionpadelstore.com\\\/de\\\/produkt\\\/bullpadel-vertex-04-w\\\/#primaryimage\"},\"image\":{\"@id\":\"https:\\\/\\\/revolutionpadelstore.com\\\/de\\\/produkt\\\/bullpadel-vertex-04-w\\\/#primaryimage\"},\"thumbnailUrl\":\"https:\\\/\\\/revolutionpadelstore.com\\\/wp-content\\\/uploads\\\/2024\\\/03\\\/110868_pala_bullpadel_vertex_04_w_24_471608_mujer_1500x1500_vista1_9c0a.webp\",\"datePublished\":\"2024-03-14T13:49:37+00:00\",\"dateModified\":\"2026-04-08T13:05:52+00:00\",\"description\":\"Pala Bullpadel Vertex 04 W para jugadoras de nivel avanzado o profesional. Con n\u00facleo de goma Multieva y caras de Fibrix. Con las tecnolog\u00edas TOPSPIN y CURVAKTIV. Peso ligero para buena manejabilidad.\",\"breadcrumb\":{\"@id\":\"https:\\\/\\\/revolutionpadelstore.com\\\/de\\\/produkt\\\/bullpadel-vertex-04-w\\\/#breadcrumb\"},\"inLanguage\":\"de\",\"potentialAction\":[{\"@type\":\"ReadAction\",\"target\":[\"https:\\\/\\\/revolutionpadelstore.com\\\/de\\\/produkt\\\/bullpadel-vertex-04-w\\\/\"]}]},{\"@type\":\"ImageObject\",\"inLanguage\":\"de\",\"@id\":\"https:\\\/\\\/revolutionpadelstore.com\\\/de\\\/produkt\\\/bullpadel-vertex-04-w\\\/#primaryimage\",\"url\":\"https:\\\/\\\/revolutionpadelstore.com\\\/wp-content\\\/uploads\\\/2024\\\/03\\\/110868_pala_bullpadel_vertex_04_w_24_471608_mujer_1500x1500_vista1_9c0a.webp\",\"contentUrl\":\"https:\\\/\\\/revolutionpadelstore.com\\\/wp-content\\\/uploads\\\/2024\\\/03\\\/110868_pala_bullpadel_vertex_04_w_24_471608_mujer_1500x1500_vista1_9c0a.webp\",\"width\":1500,\"height\":1500},{\"@type\":\"BreadcrumbList\",\"@id\":\"https:\\\/\\\/revolutionpadelstore.com\\\/de\\\/produkt\\\/bullpadel-vertex-04-w\\\/#breadcrumb\",\"itemListElement\":[{\"@type\":\"ListItem\",\"position\":1,\"name\":\"Portada\",\"item\":\"https:\\\/\\\/revolutionpadelstore.com\\\/de\\\/\"},{\"@type\":\"ListItem\",\"position\":2,\"name\":\"Shop\",\"item\":\"https:\\\/\\\/revolutionpadelstore.com\\\/de\\\/tienda\\\/\"},{\"@type\":\"ListItem\",\"position\":3,\"name\":\"BULLPADEL VERTEX 04 W\"}]},{\"@type\":\"WebSite\",\"@id\":\"https:\\\/\\\/revolutionpadelstore.com\\\/de\\\/#website\",\"url\":\"https:\\\/\\\/revolutionpadelstore.com\\\/de\\\/\",\"name\":\"Revolution Padel Store\",\"description\":\"\",\"publisher\":{\"@id\":\"https:\\\/\\\/revolutionpadelstore.com\\\/de\\\/#organization\"},\"potentialAction\":[{\"@type\":\"SearchAction\",\"target\":{\"@type\":\"EntryPoint\",\"urlTemplate\":\"https:\\\/\\\/revolutionpadelstore.com\\\/de\\\/?s={search_term_string}\"},\"query-input\":{\"@type\":\"PropertyValueSpecification\",\"valueRequired\":true,\"valueName\":\"search_term_string\"}}],\"inLanguage\":\"de\"},{\"@type\":\"Organization\",\"@id\":\"https:\\\/\\\/revolutionpadelstore.com\\\/de\\\/#organization\",\"name\":\"Revolution Padel Store\",\"url\":\"https:\\\/\\\/revolutionpadelstore.com\\\/de\\\/\",\"logo\":{\"@type\":\"ImageObject\",\"inLanguage\":\"de\",\"@id\":\"https:\\\/\\\/revolutionpadelstore.com\\\/de\\\/#\\\/schema\\\/logo\\\/image\\\/\",\"url\":\"https:\\\/\\\/revolutionpadelstore.com\\\/wp-content\\\/uploads\\\/2026\\\/02\\\/revolution-padel-store.jpg\",\"contentUrl\":\"https:\\\/\\\/revolutionpadelstore.com\\\/wp-content\\\/uploads\\\/2026\\\/02\\\/revolution-padel-store.jpg\",\"width\":2000,\"height\":2000,\"caption\":\"Revolution Padel Store\"},\"image\":{\"@id\":\"https:\\\/\\\/revolutionpadelstore.com\\\/de\\\/#\\\/schema\\\/logo\\\/image\\\/\"},\"sameAs\":[\"https:\\\/\\\/www.instagram.com\\\/revolutionpadelstore\\\/\"]}]}<\/script>\n<!-- \/ Yoast SEO plugin. -->","yoast_head_json":{"title":"BULLPADEL VERTEX 04 W - Revolution Padel Store","description":"Pala Bullpadel Vertex 04 W para jugadoras de nivel avanzado o profesional. Con n\u00facleo de goma Multieva y caras de Fibrix. Con las tecnolog\u00edas TOPSPIN y CURVAKTIV. Peso ligero para buena manejabilidad.","robots":{"index":"index","follow":"follow","max-snippet":"max-snippet:-1","max-image-preview":"max-image-preview:large","max-video-preview":"max-video-preview:-1"},"canonical":"https:\/\/revolutionpadelstore.com\/de\/produkt\/bullpadel-vertex-04-w\/","og_locale":"de_DE","og_type":"article","og_title":"BULLPADEL VERTEX 04 W - Revolution Padel Store","og_description":"Pala Bullpadel Vertex 04 W para jugadoras de nivel avanzado o profesional. Con n\u00facleo de goma Multieva y caras de Fibrix. Con las tecnolog\u00edas TOPSPIN y CURVAKTIV. Peso ligero para buena manejabilidad.","og_url":"https:\/\/revolutionpadelstore.com\/de\/produkt\/bullpadel-vertex-04-w\/","og_site_name":"Revolution Padel Store","article_modified_time":"2026-04-08T13:05:52+00:00","og_image":[{"width":1500,"height":1500,"url":"https:\/\/revolutionpadelstore.com\/wp-content\/uploads\/2024\/03\/110868_pala_bullpadel_vertex_04_w_24_471608_mujer_1500x1500_vista1_9c0a.webp","type":"image\/webp"}],"twitter_card":"summary_large_image","twitter_misc":{"Gesch\u00e4tzte Lesezeit":"2\u00a0Minuten"},"schema":{"@context":"https:\/\/schema.org","@graph":[{"@type":"WebPage","@id":"https:\/\/revolutionpadelstore.com\/de\/produkt\/bullpadel-vertex-04-w\/","url":"https:\/\/revolutionpadelstore.com\/de\/produkt\/bullpadel-vertex-04-w\/","name":"BULLPADEL VERTEX 04 W - Revolution Padel Store","isPartOf":{"@id":"https:\/\/revolutionpadelstore.com\/de\/#website"},"primaryImageOfPage":{"@id":"https:\/\/revolutionpadelstore.com\/de\/produkt\/bullpadel-vertex-04-w\/#primaryimage"},"image":{"@id":"https:\/\/revolutionpadelstore.com\/de\/produkt\/bullpadel-vertex-04-w\/#primaryimage"},"thumbnailUrl":"https:\/\/revolutionpadelstore.com\/wp-content\/uploads\/2024\/03\/110868_pala_bullpadel_vertex_04_w_24_471608_mujer_1500x1500_vista1_9c0a.webp","datePublished":"2024-03-14T13:49:37+00:00","dateModified":"2026-04-08T13:05:52+00:00","description":"Pala Bullpadel Vertex 04 W para jugadoras de nivel avanzado o profesional. Con n\u00facleo de goma Multieva y caras de Fibrix. Con las tecnolog\u00edas TOPSPIN y CURVAKTIV. Peso ligero para buena manejabilidad.","breadcrumb":{"@id":"https:\/\/revolutionpadelstore.com\/de\/produkt\/bullpadel-vertex-04-w\/#breadcrumb"},"inLanguage":"de","potentialAction":[{"@type":"ReadAction","target":["https:\/\/revolutionpadelstore.com\/de\/produkt\/bullpadel-vertex-04-w\/"]}]},{"@type":"ImageObject","inLanguage":"de","@id":"https:\/\/revolutionpadelstore.com\/de\/produkt\/bullpadel-vertex-04-w\/#primaryimage","url":"https:\/\/revolutionpadelstore.com\/wp-content\/uploads\/2024\/03\/110868_pala_bullpadel_vertex_04_w_24_471608_mujer_1500x1500_vista1_9c0a.webp","contentUrl":"https:\/\/revolutionpadelstore.com\/wp-content\/uploads\/2024\/03\/110868_pala_bullpadel_vertex_04_w_24_471608_mujer_1500x1500_vista1_9c0a.webp","width":1500,"height":1500},{"@type":"BreadcrumbList","@id":"https:\/\/revolutionpadelstore.com\/de\/produkt\/bullpadel-vertex-04-w\/#breadcrumb","itemListElement":[{"@type":"ListItem","position":1,"name":"Portada","item":"https:\/\/revolutionpadelstore.com\/de\/"},{"@type":"ListItem","position":2,"name":"Shop","item":"https:\/\/revolutionpadelstore.com\/de\/tienda\/"},{"@type":"ListItem","position":3,"name":"BULLPADEL VERTEX 04 W"}]},{"@type":"WebSite","@id":"https:\/\/revolutionpadelstore.com\/de\/#website","url":"https:\/\/revolutionpadelstore.com\/de\/","name":"Revolution Padel Store","description":"","publisher":{"@id":"https:\/\/revolutionpadelstore.com\/de\/#organization"},"potentialAction":[{"@type":"SearchAction","target":{"@type":"EntryPoint","urlTemplate":"https:\/\/revolutionpadelstore.com\/de\/?s={search_term_string}"},"query-input":{"@type":"PropertyValueSpecification","valueRequired":true,"valueName":"search_term_string"}}],"inLanguage":"de"},{"@type":"Organization","@id":"https:\/\/revolutionpadelstore.com\/de\/#organization","name":"Revolution Padel Store","url":"https:\/\/revolutionpadelstore.com\/de\/","logo":{"@type":"ImageObject","inLanguage":"de","@id":"https:\/\/revolutionpadelstore.com\/de\/#\/schema\/logo\/image\/","url":"https:\/\/revolutionpadelstore.com\/wp-content\/uploads\/2026\/02\/revolution-padel-store.jpg","contentUrl":"https:\/\/revolutionpadelstore.com\/wp-content\/uploads\/2026\/02\/revolution-padel-store.jpg","width":2000,"height":2000,"caption":"Revolution Padel Store"},"image":{"@id":"https:\/\/revolutionpadelstore.com\/de\/#\/schema\/logo\/image\/"},"sameAs":["https:\/\/www.instagram.com\/revolutionpadelstore\/"]}]}},"_links":{"self":[{"href":"https:\/\/revolutionpadelstore.com\/de\/wp-json\/wp\/v2\/product\/20457","targetHints":{"allow":["GET"]}}],"collection":[{"href":"https:\/\/revolutionpadelstore.com\/de\/wp-json\/wp\/v2\/product"}],"about":[{"href":"https:\/\/revolutionpadelstore.com\/de\/wp-json\/wp\/v2\/types\/product"}],"replies":[{"embeddable":true,"href":"https:\/\/revolutionpadelstore.com\/de\/wp-json\/wp\/v2\/comments?post=20457"}],"wp:featuredmedia":[{"embeddable":true,"href":"https:\/\/revolutionpadelstore.com\/de\/wp-json\/wp\/v2\/media\/52713"}],"wp:attachment":[{"href":"https:\/\/revolutionpadelstore.com\/de\/wp-json\/wp\/v2\/media?parent=20457"}],"wp:term":[{"taxonomy":"acabado","embeddable":true,"href":"https:\/\/revolutionpadelstore.com\/de\/wp-json\/wp\/v2\/acabado?post=20457"},{"taxonomy":"balance","embeddable":true,"href":"https:\/\/revolutionpadelstore.com\/de\/wp-json\/wp\/v2\/balance?post=20457"},{"taxonomy":"dureza","embeddable":true,"href":"https:\/\/revolutionpadelstore.com\/de\/wp-json\/wp\/v2\/dureza?post=20457"},{"taxonomy":"forma","embeddable":true,"href":"https:\/\/revolutionpadelstore.com\/de\/wp-json\/wp\/v2\/forma?post=20457"},{"taxonomy":"jugador","embeddable":true,"href":"https:\/\/revolutionpadelstore.com\/de\/wp-json\/wp\/v2\/jugador?post=20457"},{"taxonomy":"marca","embeddable":true,"href":"https:\/\/revolutionpadelstore.com\/de\/wp-json\/wp\/v2\/marca?post=20457"},{"taxonomy":"nivel-de-juego","embeddable":true,"href":"https:\/\/revolutionpadelstore.com\/de\/wp-json\/wp\/v2\/nivel-de-juego?post=20457"},{"taxonomy":"superficie","embeddable":true,"href":"https:\/\/revolutionpadelstore.com\/de\/wp-json\/wp\/v2\/superficie?post=20457"},{"taxonomy":"tipo-de-juego","embeddable":true,"href":"https:\/\/revolutionpadelstore.com\/de\/wp-json\/wp\/v2\/tipo-de-juego?post=20457"},{"taxonomy":"product_brand","embeddable":true,"href":"https:\/\/revolutionpadelstore.com\/de\/wp-json\/wp\/v2\/product_brand?post=20457"},{"taxonomy":"product_cat","embeddable":true,"href":"https:\/\/revolutionpadelstore.com\/de\/wp-json\/wp\/v2\/product_cat?post=20457"},{"taxonomy":"product_tag","embeddable":true,"href":"https:\/\/revolutionpadelstore.com\/de\/wp-json\/wp\/v2\/product_tag?post=20457"}],"curies":[{"name":"wp","href":"https:\/\/api.w.org\/{rel}","templated":true}]}}