{"id":20447,"date":"2024-03-14T16:53:58","date_gmt":"2024-03-14T15:53:58","guid":{"rendered":"https:\/\/revolutionpadelstore.com\/bullpadel-vertex-04-comfort\/"},"modified":"2026-04-08T15:05:18","modified_gmt":"2026-04-08T13:05:18","slug":"bullpadel-vertex-04-comfort-1","status":"publish","type":"product","link":"https:\/\/revolutionpadelstore.com\/de\/produkt\/bullpadel-vertex-04-comfort-1\/","title":{"rendered":"BULLPADEL VERTEX 04 COMFORT"},"content":{"rendered":"<h2>Bullpadel Vertex 04 Komfort, kontrollierte Leistung<\/h2>\n<p>Der neue Bullpadel Vertex 04 Comfort ist der Padelschl\u00e4ger, den Profispieler Mart\u00edn Di Nenno f\u00fcr die Saison 2024 ausgew\u00e4hlt hat. Es handelt sich um ein Modell, das fortgeschrittenen Padelspielern oder Profis herausragende Kraft und Kontrolle verleiht<\/p>\n<p>Es weist eine Diamantform mit hoher Balance auf, sodass Ihre Schl\u00e4ge mit maximaler Kraft ausgef\u00fchrt werden, ohne dass Sie die Kontrolle verlieren. Sein Gewicht liegt zwischen 360 und 370 Gramm und sein Profil betr\u00e4gt 38 mm.<\/p>\n<h2>Mehr Kontrolle beim Schlagen<\/h2>\n<p>Was die Materialien betrifft, so besteht der CarbonTube-Rahmen zu 100 % aus bidirektional verwobener Kohlefaser, die das CURVAKTIV-System mit dem AIR POWER kombiniert, um Torsion besser zu widerstehen und Spannungen gleichm\u00e4\u00dfig auf den gesamten Rahmen zu \u00fcbertragen<\/p>\n<p>Dar\u00fcber hinaus besteht die Oberfl\u00e4che aus Fibrix HybridFiber, einem bidirektionalen Verbundwerkstoff aus X-Glass und Carbon, der in Kombination mit einem elastischen Harz dem Kern zus\u00e4tzliche Elastizit\u00e4t und Flexibilit\u00e4t verleiht.<\/p>\n<p>Der innere Kern wiederum besteht aus einem <strong>Multieva-Gummi mit doppelter Dichte<\/strong>, einer Innenschicht mit geringerer Dichte und einer sehr kompakten Au\u00dfenschicht. Dadurch entsteht ein vielseitiger Schl\u00e4ger, der sich sowohl an langsame Schl\u00e4ge als auch an schnelle B\u00e4lle perfekt anpasst.<\/p>\n<h3>Au\u00dfergew\u00f6hnlicher Komfort zu jeder Zeit<\/h3>\n<p>Erw\u00e4hnenswert ist hingegen das Vertex-Herz, das das Gewicht so verteilt, dass die Torsion minimiert, Vibrationen eliminiert und die Steifigkeit erh\u00f6ht wird. Sie werden in der Lage sein, solide und kraftvolle Volleys auszuf\u00fchren.<\/p>\n<p>Auch auf den Schlagfl\u00e4chen dieses Schl\u00e4gers finden wir die TOPSPIN-Technologie, eine Rauheit, die dank gr\u00f6\u00dferer Griffigkeit den <strong>Schl\u00e4g mit Spin<\/strong> beg\u00fcnstigt. Au\u00dferdem verf\u00fcgt er \u00fcber das <em>Grip Custom Weight<\/em>, das sich an der Faust befindet und es Ihnen erm\u00f6glicht, das Gewicht und die Balance des Schl\u00e4gers zu \u00e4ndern, um ihn an die Bed\u00fcrfnisse jedes Spielers anzupassen.<\/p>\n<h2>Bullpadel Vertex 04 Comfort, potencia controlada<\/h2>\n","protected":false},"excerpt":{"rendered":"<p>Bullpadel Vertex 04 Komfort-Padelschl\u00e4ger f\u00fcr fortgeschrittene oder professionelle Spieler, die maximale Kraft und Pr\u00e4zision bei jedem Schlag suchen. Mit Multieva-Kern, Fibrix-Flugzeugen und CarbonTube-Rahmen.<\/p>\n","protected":false},"featured_media":52621,"comment_status":"open","ping_status":"closed","template":"","meta":{"_acf_changed":false,"_joinchat":[]},"acabado":[1094],"balance":[1134],"dureza":[1154],"forma":[1169],"jugador":[1189,1199],"marca":[1254],"nivel-de-juego":[1344],"superficie":[1359],"tipo-de-juego":[1374],"product_brand":[],"product_cat":[299],"product_tag":[],"class_list":{"0":"post-20447","1":"product","2":"type-product","3":"status-publish","4":"has-post-thumbnail","6":"acabado-arenoso-de","7":"balance-hoch","8":"dureza-media-de","9":"forma-diamante-de","10":"jugador-mann","11":"jugador-mehrzweck","12":"marca-bullpadel-de","13":"superficie-rugosa-de","14":"tipo-de-juego-leistung","15":"product_cat-palas-de-padel-de","17":"first","18":"instock","19":"sale","20":"taxable","21":"shipping-taxable","22":"purchasable","23":"product-type-simple"},"acf":[],"yoast_head":"<!-- This site is optimized with the Yoast SEO plugin v27.3 - https:\/\/yoast.com\/product\/yoast-seo-wordpress\/ -->\n<title>BULLPADEL VERTEX 04 COMFORT - Revolution Padel Store<\/title>\n<meta name=\"description\" content=\"Pala de p\u00e1del Bullpadel Vertex 04 Comfort para jugadores de nivel avanzado o profesional que busquen la m\u00e1xima potencia y precisi\u00f3n en cada golpe. Con n\u00facleo Multieva, planos de Fibrix y marco CarbonTube.\" \/>\n<meta name=\"robots\" content=\"index, follow, max-snippet:-1, max-image-preview:large, max-video-preview:-1\" \/>\n<link rel=\"canonical\" href=\"https:\/\/revolutionpadelstore.com\/de\/produkt\/bullpadel-vertex-04-comfort-1\/\" \/>\n<meta property=\"og:locale\" content=\"de_DE\" \/>\n<meta property=\"og:type\" content=\"article\" \/>\n<meta property=\"og:title\" content=\"BULLPADEL VERTEX 04 COMFORT - Revolution Padel Store\" \/>\n<meta property=\"og:description\" content=\"Pala de p\u00e1del Bullpadel Vertex 04 Comfort para jugadores de nivel avanzado o profesional que busquen la m\u00e1xima potencia y precisi\u00f3n en cada golpe. Con n\u00facleo Multieva, planos de Fibrix y marco CarbonTube.\" \/>\n<meta property=\"og:url\" content=\"https:\/\/revolutionpadelstore.com\/de\/produkt\/bullpadel-vertex-04-comfort-1\/\" \/>\n<meta property=\"og:site_name\" content=\"Revolution Padel Store\" \/>\n<meta property=\"article:modified_time\" content=\"2026-04-08T13:05:18+00:00\" \/>\n<meta property=\"og:image\" content=\"https:\/\/revolutionpadelstore.com\/wp-content\/uploads\/2024\/03\/110866_pala_bullpadel_vertex_04_comfort_24_471607_1500x1500_vista1_2c59.webp\" \/>\n\t<meta property=\"og:image:width\" content=\"1500\" \/>\n\t<meta property=\"og:image:height\" content=\"1500\" \/>\n\t<meta property=\"og:image:type\" content=\"image\/webp\" \/>\n<meta name=\"twitter:card\" content=\"summary_large_image\" \/>\n<meta name=\"twitter:label1\" content=\"Gesch\u00e4tzte Lesezeit\" \/>\n\t<meta name=\"twitter:data1\" content=\"2\u00a0Minuten\" \/>\n<script type=\"application\/ld+json\" class=\"yoast-schema-graph\">{\"@context\":\"https:\\\/\\\/schema.org\",\"@graph\":[{\"@type\":\"WebPage\",\"@id\":\"https:\\\/\\\/revolutionpadelstore.com\\\/de\\\/produkt\\\/bullpadel-vertex-04-comfort-1\\\/\",\"url\":\"https:\\\/\\\/revolutionpadelstore.com\\\/de\\\/produkt\\\/bullpadel-vertex-04-comfort-1\\\/\",\"name\":\"BULLPADEL VERTEX 04 COMFORT - Revolution Padel Store\",\"isPartOf\":{\"@id\":\"https:\\\/\\\/revolutionpadelstore.com\\\/de\\\/#website\"},\"primaryImageOfPage\":{\"@id\":\"https:\\\/\\\/revolutionpadelstore.com\\\/de\\\/produkt\\\/bullpadel-vertex-04-comfort-1\\\/#primaryimage\"},\"image\":{\"@id\":\"https:\\\/\\\/revolutionpadelstore.com\\\/de\\\/produkt\\\/bullpadel-vertex-04-comfort-1\\\/#primaryimage\"},\"thumbnailUrl\":\"https:\\\/\\\/revolutionpadelstore.com\\\/wp-content\\\/uploads\\\/2024\\\/03\\\/110866_pala_bullpadel_vertex_04_comfort_24_471607_1500x1500_vista1_2c59.webp\",\"datePublished\":\"2024-03-14T15:53:58+00:00\",\"dateModified\":\"2026-04-08T13:05:18+00:00\",\"description\":\"Pala de p\u00e1del Bullpadel Vertex 04 Comfort para jugadores de nivel avanzado o profesional que busquen la m\u00e1xima potencia y precisi\u00f3n en cada golpe. Con n\u00facleo Multieva, planos de Fibrix y marco CarbonTube.\",\"breadcrumb\":{\"@id\":\"https:\\\/\\\/revolutionpadelstore.com\\\/de\\\/produkt\\\/bullpadel-vertex-04-comfort-1\\\/#breadcrumb\"},\"inLanguage\":\"de\",\"potentialAction\":[{\"@type\":\"ReadAction\",\"target\":[\"https:\\\/\\\/revolutionpadelstore.com\\\/de\\\/produkt\\\/bullpadel-vertex-04-comfort-1\\\/\"]}]},{\"@type\":\"ImageObject\",\"inLanguage\":\"de\",\"@id\":\"https:\\\/\\\/revolutionpadelstore.com\\\/de\\\/produkt\\\/bullpadel-vertex-04-comfort-1\\\/#primaryimage\",\"url\":\"https:\\\/\\\/revolutionpadelstore.com\\\/wp-content\\\/uploads\\\/2024\\\/03\\\/110866_pala_bullpadel_vertex_04_comfort_24_471607_1500x1500_vista1_2c59.webp\",\"contentUrl\":\"https:\\\/\\\/revolutionpadelstore.com\\\/wp-content\\\/uploads\\\/2024\\\/03\\\/110866_pala_bullpadel_vertex_04_comfort_24_471607_1500x1500_vista1_2c59.webp\",\"width\":1500,\"height\":1500},{\"@type\":\"BreadcrumbList\",\"@id\":\"https:\\\/\\\/revolutionpadelstore.com\\\/de\\\/produkt\\\/bullpadel-vertex-04-comfort-1\\\/#breadcrumb\",\"itemListElement\":[{\"@type\":\"ListItem\",\"position\":1,\"name\":\"Portada\",\"item\":\"https:\\\/\\\/revolutionpadelstore.com\\\/de\\\/\"},{\"@type\":\"ListItem\",\"position\":2,\"name\":\"Shop\",\"item\":\"https:\\\/\\\/revolutionpadelstore.com\\\/de\\\/tienda\\\/\"},{\"@type\":\"ListItem\",\"position\":3,\"name\":\"BULLPADEL VERTEX 04 COMFORT\"}]},{\"@type\":\"WebSite\",\"@id\":\"https:\\\/\\\/revolutionpadelstore.com\\\/de\\\/#website\",\"url\":\"https:\\\/\\\/revolutionpadelstore.com\\\/de\\\/\",\"name\":\"Revolution Padel Store\",\"description\":\"\",\"publisher\":{\"@id\":\"https:\\\/\\\/revolutionpadelstore.com\\\/de\\\/#organization\"},\"potentialAction\":[{\"@type\":\"SearchAction\",\"target\":{\"@type\":\"EntryPoint\",\"urlTemplate\":\"https:\\\/\\\/revolutionpadelstore.com\\\/de\\\/?s={search_term_string}\"},\"query-input\":{\"@type\":\"PropertyValueSpecification\",\"valueRequired\":true,\"valueName\":\"search_term_string\"}}],\"inLanguage\":\"de\"},{\"@type\":\"Organization\",\"@id\":\"https:\\\/\\\/revolutionpadelstore.com\\\/de\\\/#organization\",\"name\":\"Revolution Padel Store\",\"url\":\"https:\\\/\\\/revolutionpadelstore.com\\\/de\\\/\",\"logo\":{\"@type\":\"ImageObject\",\"inLanguage\":\"de\",\"@id\":\"https:\\\/\\\/revolutionpadelstore.com\\\/de\\\/#\\\/schema\\\/logo\\\/image\\\/\",\"url\":\"https:\\\/\\\/revolutionpadelstore.com\\\/wp-content\\\/uploads\\\/2026\\\/02\\\/revolution-padel-store.jpg\",\"contentUrl\":\"https:\\\/\\\/revolutionpadelstore.com\\\/wp-content\\\/uploads\\\/2026\\\/02\\\/revolution-padel-store.jpg\",\"width\":2000,\"height\":2000,\"caption\":\"Revolution Padel Store\"},\"image\":{\"@id\":\"https:\\\/\\\/revolutionpadelstore.com\\\/de\\\/#\\\/schema\\\/logo\\\/image\\\/\"},\"sameAs\":[\"https:\\\/\\\/www.instagram.com\\\/revolutionpadelstore\\\/\"]}]}<\/script>\n<!-- \/ Yoast SEO plugin. -->","yoast_head_json":{"title":"BULLPADEL VERTEX 04 COMFORT - Revolution Padel Store","description":"Pala de p\u00e1del Bullpadel Vertex 04 Comfort para jugadores de nivel avanzado o profesional que busquen la m\u00e1xima potencia y precisi\u00f3n en cada golpe. Con n\u00facleo Multieva, planos de Fibrix y marco CarbonTube.","robots":{"index":"index","follow":"follow","max-snippet":"max-snippet:-1","max-image-preview":"max-image-preview:large","max-video-preview":"max-video-preview:-1"},"canonical":"https:\/\/revolutionpadelstore.com\/de\/produkt\/bullpadel-vertex-04-comfort-1\/","og_locale":"de_DE","og_type":"article","og_title":"BULLPADEL VERTEX 04 COMFORT - Revolution Padel Store","og_description":"Pala de p\u00e1del Bullpadel Vertex 04 Comfort para jugadores de nivel avanzado o profesional que busquen la m\u00e1xima potencia y precisi\u00f3n en cada golpe. Con n\u00facleo Multieva, planos de Fibrix y marco CarbonTube.","og_url":"https:\/\/revolutionpadelstore.com\/de\/produkt\/bullpadel-vertex-04-comfort-1\/","og_site_name":"Revolution Padel Store","article_modified_time":"2026-04-08T13:05:18+00:00","og_image":[{"width":1500,"height":1500,"url":"https:\/\/revolutionpadelstore.com\/wp-content\/uploads\/2024\/03\/110866_pala_bullpadel_vertex_04_comfort_24_471607_1500x1500_vista1_2c59.webp","type":"image\/webp"}],"twitter_card":"summary_large_image","twitter_misc":{"Gesch\u00e4tzte Lesezeit":"2\u00a0Minuten"},"schema":{"@context":"https:\/\/schema.org","@graph":[{"@type":"WebPage","@id":"https:\/\/revolutionpadelstore.com\/de\/produkt\/bullpadel-vertex-04-comfort-1\/","url":"https:\/\/revolutionpadelstore.com\/de\/produkt\/bullpadel-vertex-04-comfort-1\/","name":"BULLPADEL VERTEX 04 COMFORT - Revolution Padel Store","isPartOf":{"@id":"https:\/\/revolutionpadelstore.com\/de\/#website"},"primaryImageOfPage":{"@id":"https:\/\/revolutionpadelstore.com\/de\/produkt\/bullpadel-vertex-04-comfort-1\/#primaryimage"},"image":{"@id":"https:\/\/revolutionpadelstore.com\/de\/produkt\/bullpadel-vertex-04-comfort-1\/#primaryimage"},"thumbnailUrl":"https:\/\/revolutionpadelstore.com\/wp-content\/uploads\/2024\/03\/110866_pala_bullpadel_vertex_04_comfort_24_471607_1500x1500_vista1_2c59.webp","datePublished":"2024-03-14T15:53:58+00:00","dateModified":"2026-04-08T13:05:18+00:00","description":"Pala de p\u00e1del Bullpadel Vertex 04 Comfort para jugadores de nivel avanzado o profesional que busquen la m\u00e1xima potencia y precisi\u00f3n en cada golpe. Con n\u00facleo Multieva, planos de Fibrix y marco CarbonTube.","breadcrumb":{"@id":"https:\/\/revolutionpadelstore.com\/de\/produkt\/bullpadel-vertex-04-comfort-1\/#breadcrumb"},"inLanguage":"de","potentialAction":[{"@type":"ReadAction","target":["https:\/\/revolutionpadelstore.com\/de\/produkt\/bullpadel-vertex-04-comfort-1\/"]}]},{"@type":"ImageObject","inLanguage":"de","@id":"https:\/\/revolutionpadelstore.com\/de\/produkt\/bullpadel-vertex-04-comfort-1\/#primaryimage","url":"https:\/\/revolutionpadelstore.com\/wp-content\/uploads\/2024\/03\/110866_pala_bullpadel_vertex_04_comfort_24_471607_1500x1500_vista1_2c59.webp","contentUrl":"https:\/\/revolutionpadelstore.com\/wp-content\/uploads\/2024\/03\/110866_pala_bullpadel_vertex_04_comfort_24_471607_1500x1500_vista1_2c59.webp","width":1500,"height":1500},{"@type":"BreadcrumbList","@id":"https:\/\/revolutionpadelstore.com\/de\/produkt\/bullpadel-vertex-04-comfort-1\/#breadcrumb","itemListElement":[{"@type":"ListItem","position":1,"name":"Portada","item":"https:\/\/revolutionpadelstore.com\/de\/"},{"@type":"ListItem","position":2,"name":"Shop","item":"https:\/\/revolutionpadelstore.com\/de\/tienda\/"},{"@type":"ListItem","position":3,"name":"BULLPADEL VERTEX 04 COMFORT"}]},{"@type":"WebSite","@id":"https:\/\/revolutionpadelstore.com\/de\/#website","url":"https:\/\/revolutionpadelstore.com\/de\/","name":"Revolution Padel Store","description":"","publisher":{"@id":"https:\/\/revolutionpadelstore.com\/de\/#organization"},"potentialAction":[{"@type":"SearchAction","target":{"@type":"EntryPoint","urlTemplate":"https:\/\/revolutionpadelstore.com\/de\/?s={search_term_string}"},"query-input":{"@type":"PropertyValueSpecification","valueRequired":true,"valueName":"search_term_string"}}],"inLanguage":"de"},{"@type":"Organization","@id":"https:\/\/revolutionpadelstore.com\/de\/#organization","name":"Revolution Padel Store","url":"https:\/\/revolutionpadelstore.com\/de\/","logo":{"@type":"ImageObject","inLanguage":"de","@id":"https:\/\/revolutionpadelstore.com\/de\/#\/schema\/logo\/image\/","url":"https:\/\/revolutionpadelstore.com\/wp-content\/uploads\/2026\/02\/revolution-padel-store.jpg","contentUrl":"https:\/\/revolutionpadelstore.com\/wp-content\/uploads\/2026\/02\/revolution-padel-store.jpg","width":2000,"height":2000,"caption":"Revolution Padel Store"},"image":{"@id":"https:\/\/revolutionpadelstore.com\/de\/#\/schema\/logo\/image\/"},"sameAs":["https:\/\/www.instagram.com\/revolutionpadelstore\/"]}]}},"_links":{"self":[{"href":"https:\/\/revolutionpadelstore.com\/de\/wp-json\/wp\/v2\/product\/20447","targetHints":{"allow":["GET"]}}],"collection":[{"href":"https:\/\/revolutionpadelstore.com\/de\/wp-json\/wp\/v2\/product"}],"about":[{"href":"https:\/\/revolutionpadelstore.com\/de\/wp-json\/wp\/v2\/types\/product"}],"replies":[{"embeddable":true,"href":"https:\/\/revolutionpadelstore.com\/de\/wp-json\/wp\/v2\/comments?post=20447"}],"wp:featuredmedia":[{"embeddable":true,"href":"https:\/\/revolutionpadelstore.com\/de\/wp-json\/wp\/v2\/media\/52621"}],"wp:attachment":[{"href":"https:\/\/revolutionpadelstore.com\/de\/wp-json\/wp\/v2\/media?parent=20447"}],"wp:term":[{"taxonomy":"acabado","embeddable":true,"href":"https:\/\/revolutionpadelstore.com\/de\/wp-json\/wp\/v2\/acabado?post=20447"},{"taxonomy":"balance","embeddable":true,"href":"https:\/\/revolutionpadelstore.com\/de\/wp-json\/wp\/v2\/balance?post=20447"},{"taxonomy":"dureza","embeddable":true,"href":"https:\/\/revolutionpadelstore.com\/de\/wp-json\/wp\/v2\/dureza?post=20447"},{"taxonomy":"forma","embeddable":true,"href":"https:\/\/revolutionpadelstore.com\/de\/wp-json\/wp\/v2\/forma?post=20447"},{"taxonomy":"jugador","embeddable":true,"href":"https:\/\/revolutionpadelstore.com\/de\/wp-json\/wp\/v2\/jugador?post=20447"},{"taxonomy":"marca","embeddable":true,"href":"https:\/\/revolutionpadelstore.com\/de\/wp-json\/wp\/v2\/marca?post=20447"},{"taxonomy":"nivel-de-juego","embeddable":true,"href":"https:\/\/revolutionpadelstore.com\/de\/wp-json\/wp\/v2\/nivel-de-juego?post=20447"},{"taxonomy":"superficie","embeddable":true,"href":"https:\/\/revolutionpadelstore.com\/de\/wp-json\/wp\/v2\/superficie?post=20447"},{"taxonomy":"tipo-de-juego","embeddable":true,"href":"https:\/\/revolutionpadelstore.com\/de\/wp-json\/wp\/v2\/tipo-de-juego?post=20447"},{"taxonomy":"product_brand","embeddable":true,"href":"https:\/\/revolutionpadelstore.com\/de\/wp-json\/wp\/v2\/product_brand?post=20447"},{"taxonomy":"product_cat","embeddable":true,"href":"https:\/\/revolutionpadelstore.com\/de\/wp-json\/wp\/v2\/product_cat?post=20447"},{"taxonomy":"product_tag","embeddable":true,"href":"https:\/\/revolutionpadelstore.com\/de\/wp-json\/wp\/v2\/product_tag?post=20447"}],"curies":[{"name":"wp","href":"https:\/\/api.w.org\/{rel}","templated":true}]}}