{"id":20442,"date":"2024-03-14T17:07:55","date_gmt":"2024-03-14T16:07:55","guid":{"rendered":"https:\/\/revolutionpadelstore.com\/bullpadel-hack-03-comfort-24\/"},"modified":"2026-04-08T15:04:41","modified_gmt":"2026-04-08T13:04:41","slug":"bullpadel-hack-03-comfort-24-1","status":"publish","type":"product","link":"https:\/\/revolutionpadelstore.com\/de\/produkt\/bullpadel-hack-03-comfort-24-1\/","title":{"rendered":"BULLPADEL HACK 03 COMFORT 24"},"content":{"rendered":"<h2>Bullpadel Hack 03 Comfort 24 f\u00fcr Ihre bequemsten Spiele<\/h2>\n<p>Wenn Sie ein fortgeschrittener oder professioneller Spieler sind, der nach einem Hochleistungsschl\u00e4ger sucht, mit dem Sie das Spielfeld mit Kraft und Pr\u00e4zision dominieren k\u00f6nnen, ist der Bullpadel Hack 03 Comfort 24 die perfekte Wahl f\u00fcr Sie.<\/p>\n<p>Dieser Schl\u00e4ger wurde in Zusammenarbeit mit der Padel-Legende Paquito Navarro als Teil der Bullpadel-Kollektion 2024 entwickelt und bringt Sie auf die n\u00e4chste Stufe Ihres Spiels. Dieser Schl\u00e4ger hat eine <strong>Diamant<\/strong>-Form und ist somit ein ideales Werkzeug f\u00fcr alle, die ein kraftvolles Spiel suchen.<\/p>\n<h3>Paddelschl\u00e4ger mit hochwertigen Materialien<\/h3>\n<p>Eines der bemerkenswertesten Merkmale dieses Schl\u00e4gers ist seine hochwertige Konstruktion. Die Schlagfl\u00e4che des Schl\u00e4gers besteht aus <em><strong>Fibrix<\/strong><\/em>, einem Material, das eine perfekte Kombination aus Steifigkeit und Flexibilit\u00e4t f\u00fcr au\u00dfergew\u00f6hnliche Leistung bei jedem Schlag bietet. Der Kern besteht aus <em><strong>MultiEVA<\/strong><\/em> mit zwei unterschiedlichen Dichten und bietet ein au\u00dfergew\u00f6hnliches Spielgef\u00fchl und pr\u00e4zise Ansprache.<\/p>\n<p>Der Rahmen verf\u00fcgt \u00fcber das <strong>Air React Channel<\/em><\/strong>-System, das ihn aerodynamischer und leichter macht, sodass Sie sich auf dem Platz problemlos bewegen und schnell auf jeden Spielzug reagieren k\u00f6nnen. Dar\u00fcber hinaus bietet Ihnen die raue <strong>3D Grain<\/em><\/strong>-Oberfl\u00e4che eine bessere Kontrolle und die M\u00f6glichkeit, Ihren Schl\u00e4gen mehr Spin zu verleihen und Ihre Gegner mit unvorhersehbaren B\u00e4llen zu \u00fcberraschen.<\/p>\n<h3>Best\u00e4ndige und langlebige Schaufel<\/h3>\n<p>Der Schl\u00e4ger ist au\u00dferdem mit dem r\u00f6hrenf\u00f6rmigen CarbonTube aus 100 % Carbon ausgestattet, das eine au\u00dfergew\u00f6hnliche Widerstandsf\u00e4higkeit und l\u00e4ngere Haltbarkeit garantiert. Um ihn vor unbeabsichtigten Schl\u00e4gen zu sch\u00fctzen, verf\u00fcgt er \u00fcber einen <strong>Aluminiumschutz<\/strong> <em><strong>Metalshield<\/strong><\/em>, der die Nutzungsdauer des Schl\u00e4gers verl\u00e4ngert und ihn in einwandfreiem Zustand h\u00e4lt.<\/p>\n<p>Das Hack-Herz und die Nervenkan\u00e4le an der Seite des Rahmens sind Details, die die Liebe zum Detail bei der Gestaltung dieses Schl\u00e4gers verdeutlichen. Es handelt sich um Elemente, die die Gewichts- und Kraftverteilung bei jedem Schlag optimieren.<\/p>\n<p>Zusammenfassend ist der Bullpadel Hack 03 Comfort 24 ein leistungsstarker Padelschl\u00e4ger, der den Bed\u00fcrfnissen fortgeschrittener und professioneller Spieler gerecht wird. Mit seinem innovativen Design und den hochwertigen Materialien wird es Ihnen helfen, die Strecke zu dominieren und Ihre Konkurrenten mit Kraft und Pr\u00e4zision zu \u00fcbertreffen. Holen Sie sich Ihr Exemplar und bringen Sie Ihr Spiel auf die n\u00e4chste Stufe!<\/p>\n<h2>Bullpadel Hack 03 Comfort 24 para tus partidos m\u00e1s c\u00f3modos<\/h2>\n","protected":false},"excerpt":{"rendered":"<p>Bullpadel Hack 03 Comfort 24, Paquito Navarros Schl\u00e4ger f\u00fcr 2024. Ein Diamantschl\u00e4ger f\u00fcr fortgeschrittene oder professionelle Padelspieler. Spielen Sie Ihr bequemstes Spiel.<\/p>\n","protected":false},"featured_media":52593,"comment_status":"open","ping_status":"closed","template":"","meta":{"_acf_changed":false,"_joinchat":[]},"acabado":[1079],"balance":[1134],"dureza":[1154],"forma":[1169],"jugador":[1189,1199],"marca":[1254],"nivel-de-juego":[1334],"superficie":[1359],"tipo-de-juego":[1374],"product_brand":[],"product_cat":[299],"product_tag":[],"class_list":{"0":"post-20442","1":"product","2":"type-product","3":"status-publish","4":"has-post-thumbnail","6":"acabado-helligkeit","7":"balance-hoch","8":"dureza-media-de","9":"forma-diamante-de","10":"jugador-mann","11":"jugador-mehrzweck","12":"marca-bullpadel-de","13":"superficie-rugosa-de","14":"tipo-de-juego-leistung","15":"product_cat-palas-de-padel-de","17":"first","18":"instock","19":"sale","20":"taxable","21":"shipping-taxable","22":"purchasable","23":"product-type-simple"},"acf":[],"yoast_head":"<!-- This site is optimized with the Yoast SEO plugin v27.4 - https:\/\/yoast.com\/product\/yoast-seo-wordpress\/ -->\n<title>BULLPADEL HACK 03 COMFORT 24 - Revolution Padel Store<\/title>\n<meta name=\"description\" content=\"Bullpadel Hack 03 comfort 24, la pala de 2024 de Paquito Navarro. Una pala de diamante para jugadores de p\u00e1del de nivel avanzado o profesional. Juega tu partido m\u00e1s confortable.\" \/>\n<meta name=\"robots\" content=\"index, follow, max-snippet:-1, max-image-preview:large, max-video-preview:-1\" \/>\n<link rel=\"canonical\" href=\"https:\/\/revolutionpadelstore.com\/de\/produkt\/bullpadel-hack-03-comfort-24-1\/\" \/>\n<meta property=\"og:locale\" content=\"de_DE\" \/>\n<meta property=\"og:type\" content=\"article\" \/>\n<meta property=\"og:title\" content=\"BULLPADEL HACK 03 COMFORT 24 - Revolution Padel Store\" \/>\n<meta property=\"og:description\" content=\"Bullpadel Hack 03 comfort 24, la pala de 2024 de Paquito Navarro. Una pala de diamante para jugadores de p\u00e1del de nivel avanzado o profesional. Juega tu partido m\u00e1s confortable.\" \/>\n<meta property=\"og:url\" content=\"https:\/\/revolutionpadelstore.com\/de\/produkt\/bullpadel-hack-03-comfort-24-1\/\" \/>\n<meta property=\"og:site_name\" content=\"Revolution Padel Store\" \/>\n<meta property=\"article:modified_time\" content=\"2026-04-08T13:04:41+00:00\" \/>\n<meta property=\"og:image\" content=\"https:\/\/revolutionpadelstore.com\/wp-content\/uploads\/2024\/03\/110862_pala_bullpadel_hack_03_comfort_24_471604_1500x1500_vista1_aa6a.webp\" \/>\n\t<meta property=\"og:image:width\" content=\"1500\" \/>\n\t<meta property=\"og:image:height\" content=\"1500\" \/>\n\t<meta property=\"og:image:type\" content=\"image\/webp\" \/>\n<meta name=\"twitter:card\" content=\"summary_large_image\" \/>\n<meta name=\"twitter:label1\" content=\"Gesch\u00e4tzte Lesezeit\" \/>\n\t<meta name=\"twitter:data1\" content=\"2\u00a0Minuten\" \/>\n<script type=\"application\/ld+json\" class=\"yoast-schema-graph\">{\"@context\":\"https:\\\/\\\/schema.org\",\"@graph\":[{\"@type\":\"WebPage\",\"@id\":\"https:\\\/\\\/revolutionpadelstore.com\\\/de\\\/produkt\\\/bullpadel-hack-03-comfort-24-1\\\/\",\"url\":\"https:\\\/\\\/revolutionpadelstore.com\\\/de\\\/produkt\\\/bullpadel-hack-03-comfort-24-1\\\/\",\"name\":\"BULLPADEL HACK 03 COMFORT 24 - Revolution Padel Store\",\"isPartOf\":{\"@id\":\"https:\\\/\\\/revolutionpadelstore.com\\\/de\\\/#website\"},\"primaryImageOfPage\":{\"@id\":\"https:\\\/\\\/revolutionpadelstore.com\\\/de\\\/produkt\\\/bullpadel-hack-03-comfort-24-1\\\/#primaryimage\"},\"image\":{\"@id\":\"https:\\\/\\\/revolutionpadelstore.com\\\/de\\\/produkt\\\/bullpadel-hack-03-comfort-24-1\\\/#primaryimage\"},\"thumbnailUrl\":\"https:\\\/\\\/revolutionpadelstore.com\\\/wp-content\\\/uploads\\\/2024\\\/03\\\/110862_pala_bullpadel_hack_03_comfort_24_471604_1500x1500_vista1_aa6a.webp\",\"datePublished\":\"2024-03-14T16:07:55+00:00\",\"dateModified\":\"2026-04-08T13:04:41+00:00\",\"description\":\"Bullpadel Hack 03 comfort 24, la pala de 2024 de Paquito Navarro. Una pala de diamante para jugadores de p\u00e1del de nivel avanzado o profesional. Juega tu partido m\u00e1s confortable.\",\"breadcrumb\":{\"@id\":\"https:\\\/\\\/revolutionpadelstore.com\\\/de\\\/produkt\\\/bullpadel-hack-03-comfort-24-1\\\/#breadcrumb\"},\"inLanguage\":\"de\",\"potentialAction\":[{\"@type\":\"ReadAction\",\"target\":[\"https:\\\/\\\/revolutionpadelstore.com\\\/de\\\/produkt\\\/bullpadel-hack-03-comfort-24-1\\\/\"]}]},{\"@type\":\"ImageObject\",\"inLanguage\":\"de\",\"@id\":\"https:\\\/\\\/revolutionpadelstore.com\\\/de\\\/produkt\\\/bullpadel-hack-03-comfort-24-1\\\/#primaryimage\",\"url\":\"https:\\\/\\\/revolutionpadelstore.com\\\/wp-content\\\/uploads\\\/2024\\\/03\\\/110862_pala_bullpadel_hack_03_comfort_24_471604_1500x1500_vista1_aa6a.webp\",\"contentUrl\":\"https:\\\/\\\/revolutionpadelstore.com\\\/wp-content\\\/uploads\\\/2024\\\/03\\\/110862_pala_bullpadel_hack_03_comfort_24_471604_1500x1500_vista1_aa6a.webp\",\"width\":1500,\"height\":1500},{\"@type\":\"BreadcrumbList\",\"@id\":\"https:\\\/\\\/revolutionpadelstore.com\\\/de\\\/produkt\\\/bullpadel-hack-03-comfort-24-1\\\/#breadcrumb\",\"itemListElement\":[{\"@type\":\"ListItem\",\"position\":1,\"name\":\"Portada\",\"item\":\"https:\\\/\\\/revolutionpadelstore.com\\\/de\\\/\"},{\"@type\":\"ListItem\",\"position\":2,\"name\":\"Shop\",\"item\":\"https:\\\/\\\/revolutionpadelstore.com\\\/de\\\/tienda\\\/\"},{\"@type\":\"ListItem\",\"position\":3,\"name\":\"BULLPADEL HACK 03 COMFORT 24\"}]},{\"@type\":\"WebSite\",\"@id\":\"https:\\\/\\\/revolutionpadelstore.com\\\/de\\\/#website\",\"url\":\"https:\\\/\\\/revolutionpadelstore.com\\\/de\\\/\",\"name\":\"Revolution Padel Store\",\"description\":\"\",\"publisher\":{\"@id\":\"https:\\\/\\\/revolutionpadelstore.com\\\/de\\\/#organization\"},\"potentialAction\":[{\"@type\":\"SearchAction\",\"target\":{\"@type\":\"EntryPoint\",\"urlTemplate\":\"https:\\\/\\\/revolutionpadelstore.com\\\/de\\\/?s={search_term_string}\"},\"query-input\":{\"@type\":\"PropertyValueSpecification\",\"valueRequired\":true,\"valueName\":\"search_term_string\"}}],\"inLanguage\":\"de\"},{\"@type\":\"Organization\",\"@id\":\"https:\\\/\\\/revolutionpadelstore.com\\\/de\\\/#organization\",\"name\":\"Revolution Padel Store\",\"url\":\"https:\\\/\\\/revolutionpadelstore.com\\\/de\\\/\",\"logo\":{\"@type\":\"ImageObject\",\"inLanguage\":\"de\",\"@id\":\"https:\\\/\\\/revolutionpadelstore.com\\\/de\\\/#\\\/schema\\\/logo\\\/image\\\/\",\"url\":\"https:\\\/\\\/revolutionpadelstore.com\\\/wp-content\\\/uploads\\\/2026\\\/02\\\/revolution-padel-store.jpg\",\"contentUrl\":\"https:\\\/\\\/revolutionpadelstore.com\\\/wp-content\\\/uploads\\\/2026\\\/02\\\/revolution-padel-store.jpg\",\"width\":2000,\"height\":2000,\"caption\":\"Revolution Padel Store\"},\"image\":{\"@id\":\"https:\\\/\\\/revolutionpadelstore.com\\\/de\\\/#\\\/schema\\\/logo\\\/image\\\/\"},\"sameAs\":[\"https:\\\/\\\/www.instagram.com\\\/revolutionpadelstore\\\/\"]}]}<\/script>\n<!-- \/ Yoast SEO plugin. -->","yoast_head_json":{"title":"BULLPADEL HACK 03 COMFORT 24 - Revolution Padel Store","description":"Bullpadel Hack 03 comfort 24, la pala de 2024 de Paquito Navarro. Una pala de diamante para jugadores de p\u00e1del de nivel avanzado o profesional. Juega tu partido m\u00e1s confortable.","robots":{"index":"index","follow":"follow","max-snippet":"max-snippet:-1","max-image-preview":"max-image-preview:large","max-video-preview":"max-video-preview:-1"},"canonical":"https:\/\/revolutionpadelstore.com\/de\/produkt\/bullpadel-hack-03-comfort-24-1\/","og_locale":"de_DE","og_type":"article","og_title":"BULLPADEL HACK 03 COMFORT 24 - Revolution Padel Store","og_description":"Bullpadel Hack 03 comfort 24, la pala de 2024 de Paquito Navarro. Una pala de diamante para jugadores de p\u00e1del de nivel avanzado o profesional. Juega tu partido m\u00e1s confortable.","og_url":"https:\/\/revolutionpadelstore.com\/de\/produkt\/bullpadel-hack-03-comfort-24-1\/","og_site_name":"Revolution Padel Store","article_modified_time":"2026-04-08T13:04:41+00:00","og_image":[{"width":1500,"height":1500,"url":"https:\/\/revolutionpadelstore.com\/wp-content\/uploads\/2024\/03\/110862_pala_bullpadel_hack_03_comfort_24_471604_1500x1500_vista1_aa6a.webp","type":"image\/webp"}],"twitter_card":"summary_large_image","twitter_misc":{"Gesch\u00e4tzte Lesezeit":"2\u00a0Minuten"},"schema":{"@context":"https:\/\/schema.org","@graph":[{"@type":"WebPage","@id":"https:\/\/revolutionpadelstore.com\/de\/produkt\/bullpadel-hack-03-comfort-24-1\/","url":"https:\/\/revolutionpadelstore.com\/de\/produkt\/bullpadel-hack-03-comfort-24-1\/","name":"BULLPADEL HACK 03 COMFORT 24 - Revolution Padel Store","isPartOf":{"@id":"https:\/\/revolutionpadelstore.com\/de\/#website"},"primaryImageOfPage":{"@id":"https:\/\/revolutionpadelstore.com\/de\/produkt\/bullpadel-hack-03-comfort-24-1\/#primaryimage"},"image":{"@id":"https:\/\/revolutionpadelstore.com\/de\/produkt\/bullpadel-hack-03-comfort-24-1\/#primaryimage"},"thumbnailUrl":"https:\/\/revolutionpadelstore.com\/wp-content\/uploads\/2024\/03\/110862_pala_bullpadel_hack_03_comfort_24_471604_1500x1500_vista1_aa6a.webp","datePublished":"2024-03-14T16:07:55+00:00","dateModified":"2026-04-08T13:04:41+00:00","description":"Bullpadel Hack 03 comfort 24, la pala de 2024 de Paquito Navarro. Una pala de diamante para jugadores de p\u00e1del de nivel avanzado o profesional. Juega tu partido m\u00e1s confortable.","breadcrumb":{"@id":"https:\/\/revolutionpadelstore.com\/de\/produkt\/bullpadel-hack-03-comfort-24-1\/#breadcrumb"},"inLanguage":"de","potentialAction":[{"@type":"ReadAction","target":["https:\/\/revolutionpadelstore.com\/de\/produkt\/bullpadel-hack-03-comfort-24-1\/"]}]},{"@type":"ImageObject","inLanguage":"de","@id":"https:\/\/revolutionpadelstore.com\/de\/produkt\/bullpadel-hack-03-comfort-24-1\/#primaryimage","url":"https:\/\/revolutionpadelstore.com\/wp-content\/uploads\/2024\/03\/110862_pala_bullpadel_hack_03_comfort_24_471604_1500x1500_vista1_aa6a.webp","contentUrl":"https:\/\/revolutionpadelstore.com\/wp-content\/uploads\/2024\/03\/110862_pala_bullpadel_hack_03_comfort_24_471604_1500x1500_vista1_aa6a.webp","width":1500,"height":1500},{"@type":"BreadcrumbList","@id":"https:\/\/revolutionpadelstore.com\/de\/produkt\/bullpadel-hack-03-comfort-24-1\/#breadcrumb","itemListElement":[{"@type":"ListItem","position":1,"name":"Portada","item":"https:\/\/revolutionpadelstore.com\/de\/"},{"@type":"ListItem","position":2,"name":"Shop","item":"https:\/\/revolutionpadelstore.com\/de\/tienda\/"},{"@type":"ListItem","position":3,"name":"BULLPADEL HACK 03 COMFORT 24"}]},{"@type":"WebSite","@id":"https:\/\/revolutionpadelstore.com\/de\/#website","url":"https:\/\/revolutionpadelstore.com\/de\/","name":"Revolution Padel Store","description":"","publisher":{"@id":"https:\/\/revolutionpadelstore.com\/de\/#organization"},"potentialAction":[{"@type":"SearchAction","target":{"@type":"EntryPoint","urlTemplate":"https:\/\/revolutionpadelstore.com\/de\/?s={search_term_string}"},"query-input":{"@type":"PropertyValueSpecification","valueRequired":true,"valueName":"search_term_string"}}],"inLanguage":"de"},{"@type":"Organization","@id":"https:\/\/revolutionpadelstore.com\/de\/#organization","name":"Revolution Padel Store","url":"https:\/\/revolutionpadelstore.com\/de\/","logo":{"@type":"ImageObject","inLanguage":"de","@id":"https:\/\/revolutionpadelstore.com\/de\/#\/schema\/logo\/image\/","url":"https:\/\/revolutionpadelstore.com\/wp-content\/uploads\/2026\/02\/revolution-padel-store.jpg","contentUrl":"https:\/\/revolutionpadelstore.com\/wp-content\/uploads\/2026\/02\/revolution-padel-store.jpg","width":2000,"height":2000,"caption":"Revolution Padel Store"},"image":{"@id":"https:\/\/revolutionpadelstore.com\/de\/#\/schema\/logo\/image\/"},"sameAs":["https:\/\/www.instagram.com\/revolutionpadelstore\/"]}]}},"_links":{"self":[{"href":"https:\/\/revolutionpadelstore.com\/de\/wp-json\/wp\/v2\/product\/20442","targetHints":{"allow":["GET"]}}],"collection":[{"href":"https:\/\/revolutionpadelstore.com\/de\/wp-json\/wp\/v2\/product"}],"about":[{"href":"https:\/\/revolutionpadelstore.com\/de\/wp-json\/wp\/v2\/types\/product"}],"replies":[{"embeddable":true,"href":"https:\/\/revolutionpadelstore.com\/de\/wp-json\/wp\/v2\/comments?post=20442"}],"wp:featuredmedia":[{"embeddable":true,"href":"https:\/\/revolutionpadelstore.com\/de\/wp-json\/wp\/v2\/media\/52593"}],"wp:attachment":[{"href":"https:\/\/revolutionpadelstore.com\/de\/wp-json\/wp\/v2\/media?parent=20442"}],"wp:term":[{"taxonomy":"acabado","embeddable":true,"href":"https:\/\/revolutionpadelstore.com\/de\/wp-json\/wp\/v2\/acabado?post=20442"},{"taxonomy":"balance","embeddable":true,"href":"https:\/\/revolutionpadelstore.com\/de\/wp-json\/wp\/v2\/balance?post=20442"},{"taxonomy":"dureza","embeddable":true,"href":"https:\/\/revolutionpadelstore.com\/de\/wp-json\/wp\/v2\/dureza?post=20442"},{"taxonomy":"forma","embeddable":true,"href":"https:\/\/revolutionpadelstore.com\/de\/wp-json\/wp\/v2\/forma?post=20442"},{"taxonomy":"jugador","embeddable":true,"href":"https:\/\/revolutionpadelstore.com\/de\/wp-json\/wp\/v2\/jugador?post=20442"},{"taxonomy":"marca","embeddable":true,"href":"https:\/\/revolutionpadelstore.com\/de\/wp-json\/wp\/v2\/marca?post=20442"},{"taxonomy":"nivel-de-juego","embeddable":true,"href":"https:\/\/revolutionpadelstore.com\/de\/wp-json\/wp\/v2\/nivel-de-juego?post=20442"},{"taxonomy":"superficie","embeddable":true,"href":"https:\/\/revolutionpadelstore.com\/de\/wp-json\/wp\/v2\/superficie?post=20442"},{"taxonomy":"tipo-de-juego","embeddable":true,"href":"https:\/\/revolutionpadelstore.com\/de\/wp-json\/wp\/v2\/tipo-de-juego?post=20442"},{"taxonomy":"product_brand","embeddable":true,"href":"https:\/\/revolutionpadelstore.com\/de\/wp-json\/wp\/v2\/product_brand?post=20442"},{"taxonomy":"product_cat","embeddable":true,"href":"https:\/\/revolutionpadelstore.com\/de\/wp-json\/wp\/v2\/product_cat?post=20442"},{"taxonomy":"product_tag","embeddable":true,"href":"https:\/\/revolutionpadelstore.com\/de\/wp-json\/wp\/v2\/product_tag?post=20442"}],"curies":[{"name":"wp","href":"https:\/\/api.w.org\/{rel}","templated":true}]}}