{"id":20437,"date":"2024-03-14T17:19:06","date_gmt":"2024-03-14T16:19:06","guid":{"rendered":"https:\/\/revolutionpadelstore.com\/bullpadel-hack-03-master-final-2022\/"},"modified":"2024-10-15T03:55:25","modified_gmt":"2024-10-15T01:55:25","slug":"bullpadel-hack-03-master-final-2022","status":"publish","type":"product","link":"https:\/\/revolutionpadelstore.com\/de\/produkt\/bullpadel-hack-03-master-final-2022\/","title":{"rendered":"BULLPADEL HACK 03 MASTER FINAL 2022"},"content":{"rendered":"<h2>Bullpadel Hack 03 Master Final 2022, ein High-End-Padelschl\u00e4ger<\/h2>\n<p>Die Marke <strong>Bullpadel<\/strong> kehrt mit der neuen Kollektion 2022 st\u00e4rker zur\u00fcck. Das Kronjuwel ist der <strong>Paquito Navarro<\/strong>-Schl\u00e4ger, der <strong>Hack 03 Master Final<\/strong> , ein Schl\u00e4ger in limitierter Auflage, der Ihnen bei jedem Schlag unglaubliche Kraft verleiht.<\/p>\n<p>Der neue Hack 03 Master Final ist ein Angriffsschl\u00e4ger, der f\u00fcr fortgeschrittene oder professionelle Spieler entwickelt wurde, die den Ball mit maximaler Kraft schlagen m\u00f6chten. Es hat eine <strong>rautenf\u00f6rmige <em>\u00fcbergro\u00dfe<\/em><\/strong><em> <\/em>Form mit einer hohen Balance.<\/p>\n<h3>Feste, leichte und agile Struktur<\/h3>\n<p>Im Kern finden wir <strong>MultiEva-Gummi<\/strong>, der aus zwei Dichten besteht, einem kompakteren Au\u00dfengummi und einem Innengummi mit geringerer Dichte. Durch diese beiden Schichten ist der Schl\u00e4ger in der Lage, sowohl auf langsamere Schl\u00e4ge als auch auf schnelle B\u00e4lle zu reagieren. Dar\u00fcber hinaus verf\u00fcgt es \u00fcber einen Carbon Tube-Rahmen aus 100 % bidirektional verwobener Carbonfaser, der die perfekte Balance zwischen Kontrolle und Kraft erreicht. An den Seiten des Rahmens finden wir das NERVE-System, Kan\u00e4le, die f\u00fcr mehr Leichtigkeit sorgen, einen kontrollierteren Schlag und mehr Steifigkeit erm\u00f6glichen.<\/p>\n<p>Auf der Oberfl\u00e4che des Schl\u00e4gers finden wir <strong><em>Xtend Carbon<\/em>12K<\/strong>, eine Faser, die ausschlie\u00dflich von Bullpadel entwickelt wurde und ihn zum ersten weltweit macht, der aus <strong>Carbon gefertigt wurde High-End 12K<\/strong>. Dies verleiht dem Schl\u00e4ger eine hohe Leichtigkeit und einen Schlag mit beispielloser Geschwindigkeit.<\/p>\n<h3>Beinhaltet das Adaptia-System, das f\u00fcr die Padelschl\u00e4ger der PRO-Reihe entwickelt wurde<\/h3>\n<p>Dieser Schl\u00e4ger verf\u00fcgt \u00fcber hochwertige Technologien, die ihn zu einem leistungsstarken Schl\u00e4ger machen, mit dem Sie jedes Spiel gewinnen k\u00f6nnen. Unter den darin enthaltenen Technologien ist das <strong>Vibradrive-System<\/strong> zu erw\u00e4hnen, das die Vibrationen absorbiert, die der Schl\u00e4ger nach einem Aufprall erleiden kann, insbesondere bei st\u00e4rker au\u00dfermittigen Schl\u00e4gen. Als zus\u00e4tzlichen Punkt ist der Hesacore Grip integriert, der \u00fcber ein Wabendesign verf\u00fcgt, das Kraftaufwand, Verletzungen und Vibrationen reduziert.<\/p>\n<h2>Bullpadel Hack 03 Master Final 2022, una pala de alta gama<\/h2>\n","protected":false},"excerpt":{"rendered":"<p>Das lang erwartete Hack 03 Master Final ist jetzt bei Padel Nuestro erh\u00e4ltlich! Ein exklusiver Padelschl\u00e4ger, der von einem der Besten der Rennstrecke, Paquito Navarro, getragen wird.<\/p>\n","protected":false},"featured_media":52573,"comment_status":"open","ping_status":"closed","template":"","meta":{"_acf_changed":false,"_joinchat":[]},"acabado":[],"balance":[],"dureza":[],"forma":[],"jugador":[],"marca":[],"nivel-de-juego":[],"superficie":[],"tipo-de-juego":[],"product_brand":[],"product_cat":[],"product_tag":[],"class_list":{"0":"post-20437","1":"product","2":"type-product","3":"status-publish","4":"has-post-thumbnail","7":"first","8":"onbackorder","9":"taxable","10":"shipping-taxable","11":"purchasable","12":"product-type-simple"},"acf":[],"yoast_head":"<!-- This site is optimized with the Yoast SEO plugin v27.5 - https:\/\/yoast.com\/product\/yoast-seo-wordpress\/ -->\n<title>BULLPADEL HACK 03 MASTER FINAL 2022 - Revolution Padel Store<\/title>\n<meta name=\"description\" content=\"\u00a1Ya disponible en Padel Nuestro la tan esperada Hack 03 Master Final! Una pala exclusiva que lleva uno de los mejores del circuito, Paquito Navarro.\" \/>\n<meta name=\"robots\" content=\"index, follow, max-snippet:-1, max-image-preview:large, max-video-preview:-1\" \/>\n<link rel=\"canonical\" href=\"https:\/\/revolutionpadelstore.com\/de\/produkt\/bullpadel-hack-03-master-final-2022\/\" \/>\n<meta property=\"og:locale\" content=\"de_DE\" \/>\n<meta property=\"og:type\" content=\"article\" \/>\n<meta property=\"og:title\" content=\"BULLPADEL HACK 03 MASTER FINAL 2022 - Revolution Padel Store\" \/>\n<meta property=\"og:description\" content=\"\u00a1Ya disponible en Padel Nuestro la tan esperada Hack 03 Master Final! Una pala exclusiva que lleva uno de los mejores del circuito, Paquito Navarro.\" \/>\n<meta property=\"og:url\" content=\"https:\/\/revolutionpadelstore.com\/de\/produkt\/bullpadel-hack-03-master-final-2022\/\" \/>\n<meta property=\"og:site_name\" content=\"Revolution Padel Store\" \/>\n<meta property=\"article:modified_time\" content=\"2024-10-15T01:55:25+00:00\" \/>\n<meta property=\"og:image\" content=\"https:\/\/revolutionpadelstore.com\/wp-content\/uploads\/2024\/03\/bullpadel_hack_03_mfinal_22_468073_32445_3_1ddf.webp\" \/>\n\t<meta property=\"og:image:width\" content=\"1200\" \/>\n\t<meta property=\"og:image:height\" content=\"1200\" \/>\n\t<meta property=\"og:image:type\" content=\"image\/webp\" \/>\n<meta name=\"twitter:card\" content=\"summary_large_image\" \/>\n<meta name=\"twitter:label1\" content=\"Gesch\u00e4tzte Lesezeit\" \/>\n\t<meta name=\"twitter:data1\" content=\"2\u00a0Minuten\" \/>\n<script type=\"application\/ld+json\" class=\"yoast-schema-graph\">{\"@context\":\"https:\\\/\\\/schema.org\",\"@graph\":[{\"@type\":\"WebPage\",\"@id\":\"https:\\\/\\\/revolutionpadelstore.com\\\/de\\\/produkt\\\/bullpadel-hack-03-master-final-2022\\\/\",\"url\":\"https:\\\/\\\/revolutionpadelstore.com\\\/de\\\/produkt\\\/bullpadel-hack-03-master-final-2022\\\/\",\"name\":\"BULLPADEL HACK 03 MASTER FINAL 2022 - Revolution Padel Store\",\"isPartOf\":{\"@id\":\"https:\\\/\\\/revolutionpadelstore.com\\\/de\\\/#website\"},\"primaryImageOfPage\":{\"@id\":\"https:\\\/\\\/revolutionpadelstore.com\\\/de\\\/produkt\\\/bullpadel-hack-03-master-final-2022\\\/#primaryimage\"},\"image\":{\"@id\":\"https:\\\/\\\/revolutionpadelstore.com\\\/de\\\/produkt\\\/bullpadel-hack-03-master-final-2022\\\/#primaryimage\"},\"thumbnailUrl\":\"https:\\\/\\\/revolutionpadelstore.com\\\/wp-content\\\/uploads\\\/2024\\\/03\\\/bullpadel_hack_03_mfinal_22_468073_32445_3_1ddf.webp\",\"datePublished\":\"2024-03-14T16:19:06+00:00\",\"dateModified\":\"2024-10-15T01:55:25+00:00\",\"description\":\"\u00a1Ya disponible en Padel Nuestro la tan esperada Hack 03 Master Final! Una pala exclusiva que lleva uno de los mejores del circuito, Paquito Navarro.\",\"breadcrumb\":{\"@id\":\"https:\\\/\\\/revolutionpadelstore.com\\\/de\\\/produkt\\\/bullpadel-hack-03-master-final-2022\\\/#breadcrumb\"},\"inLanguage\":\"de\",\"potentialAction\":[{\"@type\":\"ReadAction\",\"target\":[\"https:\\\/\\\/revolutionpadelstore.com\\\/de\\\/produkt\\\/bullpadel-hack-03-master-final-2022\\\/\"]}]},{\"@type\":\"ImageObject\",\"inLanguage\":\"de\",\"@id\":\"https:\\\/\\\/revolutionpadelstore.com\\\/de\\\/produkt\\\/bullpadel-hack-03-master-final-2022\\\/#primaryimage\",\"url\":\"https:\\\/\\\/revolutionpadelstore.com\\\/wp-content\\\/uploads\\\/2024\\\/03\\\/bullpadel_hack_03_mfinal_22_468073_32445_3_1ddf.webp\",\"contentUrl\":\"https:\\\/\\\/revolutionpadelstore.com\\\/wp-content\\\/uploads\\\/2024\\\/03\\\/bullpadel_hack_03_mfinal_22_468073_32445_3_1ddf.webp\",\"width\":1200,\"height\":1200},{\"@type\":\"BreadcrumbList\",\"@id\":\"https:\\\/\\\/revolutionpadelstore.com\\\/de\\\/produkt\\\/bullpadel-hack-03-master-final-2022\\\/#breadcrumb\",\"itemListElement\":[{\"@type\":\"ListItem\",\"position\":1,\"name\":\"Portada\",\"item\":\"https:\\\/\\\/revolutionpadelstore.com\\\/de\\\/\"},{\"@type\":\"ListItem\",\"position\":2,\"name\":\"Shop\",\"item\":\"https:\\\/\\\/revolutionpadelstore.com\\\/de\\\/tienda\\\/\"},{\"@type\":\"ListItem\",\"position\":3,\"name\":\"BULLPADEL HACK 03 MASTER FINAL 2022\"}]},{\"@type\":\"WebSite\",\"@id\":\"https:\\\/\\\/revolutionpadelstore.com\\\/de\\\/#website\",\"url\":\"https:\\\/\\\/revolutionpadelstore.com\\\/de\\\/\",\"name\":\"Revolution Padel Store\",\"description\":\"\",\"publisher\":{\"@id\":\"https:\\\/\\\/revolutionpadelstore.com\\\/de\\\/#organization\"},\"potentialAction\":[{\"@type\":\"SearchAction\",\"target\":{\"@type\":\"EntryPoint\",\"urlTemplate\":\"https:\\\/\\\/revolutionpadelstore.com\\\/de\\\/?s={search_term_string}\"},\"query-input\":{\"@type\":\"PropertyValueSpecification\",\"valueRequired\":true,\"valueName\":\"search_term_string\"}}],\"inLanguage\":\"de\"},{\"@type\":\"Organization\",\"@id\":\"https:\\\/\\\/revolutionpadelstore.com\\\/de\\\/#organization\",\"name\":\"Revolution Padel Store\",\"url\":\"https:\\\/\\\/revolutionpadelstore.com\\\/de\\\/\",\"logo\":{\"@type\":\"ImageObject\",\"inLanguage\":\"de\",\"@id\":\"https:\\\/\\\/revolutionpadelstore.com\\\/de\\\/#\\\/schema\\\/logo\\\/image\\\/\",\"url\":\"https:\\\/\\\/revolutionpadelstore.com\\\/wp-content\\\/uploads\\\/2026\\\/02\\\/revolution-padel-store.jpg\",\"contentUrl\":\"https:\\\/\\\/revolutionpadelstore.com\\\/wp-content\\\/uploads\\\/2026\\\/02\\\/revolution-padel-store.jpg\",\"width\":2000,\"height\":2000,\"caption\":\"Revolution Padel Store\"},\"image\":{\"@id\":\"https:\\\/\\\/revolutionpadelstore.com\\\/de\\\/#\\\/schema\\\/logo\\\/image\\\/\"},\"sameAs\":[\"https:\\\/\\\/www.instagram.com\\\/revolutionpadelstore\\\/\"]}]}<\/script>\n<!-- \/ Yoast SEO plugin. -->","yoast_head_json":{"title":"BULLPADEL HACK 03 MASTER FINAL 2022 - Revolution Padel Store","description":"\u00a1Ya disponible en Padel Nuestro la tan esperada Hack 03 Master Final! Una pala exclusiva que lleva uno de los mejores del circuito, Paquito Navarro.","robots":{"index":"index","follow":"follow","max-snippet":"max-snippet:-1","max-image-preview":"max-image-preview:large","max-video-preview":"max-video-preview:-1"},"canonical":"https:\/\/revolutionpadelstore.com\/de\/produkt\/bullpadel-hack-03-master-final-2022\/","og_locale":"de_DE","og_type":"article","og_title":"BULLPADEL HACK 03 MASTER FINAL 2022 - Revolution Padel Store","og_description":"\u00a1Ya disponible en Padel Nuestro la tan esperada Hack 03 Master Final! Una pala exclusiva que lleva uno de los mejores del circuito, Paquito Navarro.","og_url":"https:\/\/revolutionpadelstore.com\/de\/produkt\/bullpadel-hack-03-master-final-2022\/","og_site_name":"Revolution Padel Store","article_modified_time":"2024-10-15T01:55:25+00:00","og_image":[{"width":1200,"height":1200,"url":"https:\/\/revolutionpadelstore.com\/wp-content\/uploads\/2024\/03\/bullpadel_hack_03_mfinal_22_468073_32445_3_1ddf.webp","type":"image\/webp"}],"twitter_card":"summary_large_image","twitter_misc":{"Gesch\u00e4tzte Lesezeit":"2\u00a0Minuten"},"schema":{"@context":"https:\/\/schema.org","@graph":[{"@type":"WebPage","@id":"https:\/\/revolutionpadelstore.com\/de\/produkt\/bullpadel-hack-03-master-final-2022\/","url":"https:\/\/revolutionpadelstore.com\/de\/produkt\/bullpadel-hack-03-master-final-2022\/","name":"BULLPADEL HACK 03 MASTER FINAL 2022 - Revolution Padel Store","isPartOf":{"@id":"https:\/\/revolutionpadelstore.com\/de\/#website"},"primaryImageOfPage":{"@id":"https:\/\/revolutionpadelstore.com\/de\/produkt\/bullpadel-hack-03-master-final-2022\/#primaryimage"},"image":{"@id":"https:\/\/revolutionpadelstore.com\/de\/produkt\/bullpadel-hack-03-master-final-2022\/#primaryimage"},"thumbnailUrl":"https:\/\/revolutionpadelstore.com\/wp-content\/uploads\/2024\/03\/bullpadel_hack_03_mfinal_22_468073_32445_3_1ddf.webp","datePublished":"2024-03-14T16:19:06+00:00","dateModified":"2024-10-15T01:55:25+00:00","description":"\u00a1Ya disponible en Padel Nuestro la tan esperada Hack 03 Master Final! Una pala exclusiva que lleva uno de los mejores del circuito, Paquito Navarro.","breadcrumb":{"@id":"https:\/\/revolutionpadelstore.com\/de\/produkt\/bullpadel-hack-03-master-final-2022\/#breadcrumb"},"inLanguage":"de","potentialAction":[{"@type":"ReadAction","target":["https:\/\/revolutionpadelstore.com\/de\/produkt\/bullpadel-hack-03-master-final-2022\/"]}]},{"@type":"ImageObject","inLanguage":"de","@id":"https:\/\/revolutionpadelstore.com\/de\/produkt\/bullpadel-hack-03-master-final-2022\/#primaryimage","url":"https:\/\/revolutionpadelstore.com\/wp-content\/uploads\/2024\/03\/bullpadel_hack_03_mfinal_22_468073_32445_3_1ddf.webp","contentUrl":"https:\/\/revolutionpadelstore.com\/wp-content\/uploads\/2024\/03\/bullpadel_hack_03_mfinal_22_468073_32445_3_1ddf.webp","width":1200,"height":1200},{"@type":"BreadcrumbList","@id":"https:\/\/revolutionpadelstore.com\/de\/produkt\/bullpadel-hack-03-master-final-2022\/#breadcrumb","itemListElement":[{"@type":"ListItem","position":1,"name":"Portada","item":"https:\/\/revolutionpadelstore.com\/de\/"},{"@type":"ListItem","position":2,"name":"Shop","item":"https:\/\/revolutionpadelstore.com\/de\/tienda\/"},{"@type":"ListItem","position":3,"name":"BULLPADEL HACK 03 MASTER FINAL 2022"}]},{"@type":"WebSite","@id":"https:\/\/revolutionpadelstore.com\/de\/#website","url":"https:\/\/revolutionpadelstore.com\/de\/","name":"Revolution Padel Store","description":"","publisher":{"@id":"https:\/\/revolutionpadelstore.com\/de\/#organization"},"potentialAction":[{"@type":"SearchAction","target":{"@type":"EntryPoint","urlTemplate":"https:\/\/revolutionpadelstore.com\/de\/?s={search_term_string}"},"query-input":{"@type":"PropertyValueSpecification","valueRequired":true,"valueName":"search_term_string"}}],"inLanguage":"de"},{"@type":"Organization","@id":"https:\/\/revolutionpadelstore.com\/de\/#organization","name":"Revolution Padel Store","url":"https:\/\/revolutionpadelstore.com\/de\/","logo":{"@type":"ImageObject","inLanguage":"de","@id":"https:\/\/revolutionpadelstore.com\/de\/#\/schema\/logo\/image\/","url":"https:\/\/revolutionpadelstore.com\/wp-content\/uploads\/2026\/02\/revolution-padel-store.jpg","contentUrl":"https:\/\/revolutionpadelstore.com\/wp-content\/uploads\/2026\/02\/revolution-padel-store.jpg","width":2000,"height":2000,"caption":"Revolution Padel Store"},"image":{"@id":"https:\/\/revolutionpadelstore.com\/de\/#\/schema\/logo\/image\/"},"sameAs":["https:\/\/www.instagram.com\/revolutionpadelstore\/"]}]}},"_links":{"self":[{"href":"https:\/\/revolutionpadelstore.com\/de\/wp-json\/wp\/v2\/product\/20437","targetHints":{"allow":["GET"]}}],"collection":[{"href":"https:\/\/revolutionpadelstore.com\/de\/wp-json\/wp\/v2\/product"}],"about":[{"href":"https:\/\/revolutionpadelstore.com\/de\/wp-json\/wp\/v2\/types\/product"}],"replies":[{"embeddable":true,"href":"https:\/\/revolutionpadelstore.com\/de\/wp-json\/wp\/v2\/comments?post=20437"}],"wp:featuredmedia":[{"embeddable":true,"href":"https:\/\/revolutionpadelstore.com\/de\/wp-json\/wp\/v2\/media\/52573"}],"wp:attachment":[{"href":"https:\/\/revolutionpadelstore.com\/de\/wp-json\/wp\/v2\/media?parent=20437"}],"wp:term":[{"taxonomy":"acabado","embeddable":true,"href":"https:\/\/revolutionpadelstore.com\/de\/wp-json\/wp\/v2\/acabado?post=20437"},{"taxonomy":"balance","embeddable":true,"href":"https:\/\/revolutionpadelstore.com\/de\/wp-json\/wp\/v2\/balance?post=20437"},{"taxonomy":"dureza","embeddable":true,"href":"https:\/\/revolutionpadelstore.com\/de\/wp-json\/wp\/v2\/dureza?post=20437"},{"taxonomy":"forma","embeddable":true,"href":"https:\/\/revolutionpadelstore.com\/de\/wp-json\/wp\/v2\/forma?post=20437"},{"taxonomy":"jugador","embeddable":true,"href":"https:\/\/revolutionpadelstore.com\/de\/wp-json\/wp\/v2\/jugador?post=20437"},{"taxonomy":"marca","embeddable":true,"href":"https:\/\/revolutionpadelstore.com\/de\/wp-json\/wp\/v2\/marca?post=20437"},{"taxonomy":"nivel-de-juego","embeddable":true,"href":"https:\/\/revolutionpadelstore.com\/de\/wp-json\/wp\/v2\/nivel-de-juego?post=20437"},{"taxonomy":"superficie","embeddable":true,"href":"https:\/\/revolutionpadelstore.com\/de\/wp-json\/wp\/v2\/superficie?post=20437"},{"taxonomy":"tipo-de-juego","embeddable":true,"href":"https:\/\/revolutionpadelstore.com\/de\/wp-json\/wp\/v2\/tipo-de-juego?post=20437"},{"taxonomy":"product_brand","embeddable":true,"href":"https:\/\/revolutionpadelstore.com\/de\/wp-json\/wp\/v2\/product_brand?post=20437"},{"taxonomy":"product_cat","embeddable":true,"href":"https:\/\/revolutionpadelstore.com\/de\/wp-json\/wp\/v2\/product_cat?post=20437"},{"taxonomy":"product_tag","embeddable":true,"href":"https:\/\/revolutionpadelstore.com\/de\/wp-json\/wp\/v2\/product_tag?post=20437"}],"curies":[{"name":"wp","href":"https:\/\/api.w.org\/{rel}","templated":true}]}}