{"id":20402,"date":"2024-03-14T18:49:36","date_gmt":"2024-03-14T17:49:36","guid":{"rendered":"https:\/\/revolutionpadelstore.com\/bullpadel-ionic-power-24\/"},"modified":"2026-04-08T15:03:32","modified_gmt":"2026-04-08T13:03:32","slug":"bullpadel-ionic-power-24-1","status":"publish","type":"product","link":"https:\/\/revolutionpadelstore.com\/de\/produkt\/bullpadel-ionic-power-24-1\/","title":{"rendered":"BULLPADEL IONIC POWER 24"},"content":{"rendered":"<h2>Bullpadel Ionic Power 24, ein Diamantschl\u00e4ger voller Power<\/h2>\n<p><strong>Bullpadel Ionic Power 24<\/strong>, Padelschl\u00e4ger aus der NextLine 2024-Kollektion von Bullpadel. Offizielle Schaufel, mit der sich der Profispieler Alex Arroyo verteidigt.  Ein rautenf\u00f6rmiger Padelschl\u00e4ger mit hoher Balance f\u00fcr ein kraftvolles Spiel. Es ist f\u00fcr Spieler auf mittlerem oder fortgeschrittenem Niveau konzipiert, die \u00fcber intensive Leistungen verf\u00fcgen.<\/p>\n<h2>Paddel mit MultiEVA-Kern<\/h2>\n<p>Dieser <strong>Diamant<\/strong>-Schl\u00e4ger besteht aus <em>Glaphit<\/em> auf den Schlagfl\u00e4chen. In seiner Zusammensetzung enth\u00e4lt es auch eine Kombination aus Glasfaser und Carbon. Der Kern besteht aus <strong>MultiEVA<\/strong>, einem Gummi, der mehrere Schichten unterschiedlicher Dichte miteinander verbindet, um bei jedem Schlag eine vielseitige Aufl\u00f6sung zu erzielen.<\/p>\n<p><em><strong>CarbonTube<\/strong><\/em>-Rahmen aus 100 % Kohlefaser mit <em>XForce<\/em>-Technologie, die Ihnen einen st\u00e4rkeren und widerstandsf\u00e4higeren Rohr- und Rahmen erm\u00f6glicht. Die Schlagfl\u00e4chen haben ein raues 3Grain-Finish f\u00fcr besseren Halt am Ball beim Schlagen und erm\u00f6glichen so eine bessere Handhabung des Schlagspins.<\/p>\n<p>Das Herzst\u00fcck wurde entwickelt, um der Klinge mehr Stabilit\u00e4t und Widerstandsf\u00e4higkeit zu verleihen. Schaufel mit sportlichem und gewagtem Design, das den Unterschied macht. F\u00fcr Rot- und Schwarzt\u00f6ne.<\/p>\n<p>Kurz gesagt, dieser Bullpadel-Schl\u00e4ger aus der Kollektion 2024 ist ideal, um kraftvoll zu spielen und in Ihrem Training und Ihren Spielen einen Unterschied zu machen. Genie\u00dfen Sie seine Vielseitigkeit aufgrund der ausgew\u00e4hlten Materialien und verwendeten Technologien.<\/p>\n<h2>Bullpadel Ionic Power 24, una pala de diamante llena de potencia<\/h2>\n","protected":false},"excerpt":{"rendered":"<p>Bullpadel Ionic Power 24, der rautenf\u00f6rmige Schl\u00e4ger, mit dem Alex Arroyo in der Saison 2024 spielt, mit einem MultiEVA-Kern.<\/p>\n","protected":false},"featured_media":52445,"comment_status":"open","ping_status":"closed","template":"","meta":{"_acf_changed":false,"_joinchat":[]},"acabado":[1079],"balance":[1134],"dureza":[1154],"forma":[1169],"jugador":[1189,1199],"marca":[1254],"nivel-de-juego":[1334],"superficie":[1359],"tipo-de-juego":[1374],"product_brand":[],"product_cat":[299],"product_tag":[],"class_list":{"0":"post-20402","1":"product","2":"type-product","3":"status-publish","4":"has-post-thumbnail","6":"acabado-helligkeit","7":"balance-hoch","8":"dureza-media-de","9":"forma-diamante-de","10":"jugador-mann","11":"jugador-mehrzweck","12":"marca-bullpadel-de","13":"superficie-rugosa-de","14":"tipo-de-juego-leistung","15":"product_cat-palas-de-padel-de","17":"first","18":"onbackorder","19":"sale","20":"taxable","21":"shipping-taxable","22":"purchasable","23":"product-type-simple"},"acf":[],"yoast_head":"<!-- This site is optimized with the Yoast SEO plugin v27.4 - https:\/\/yoast.com\/product\/yoast-seo-wordpress\/ -->\n<title>BULLPADEL IONIC POWER 24 - Revolution Padel Store<\/title>\n<meta name=\"description\" content=\"Bullpadel Ionic Power 24, la pala con forma de diamante con la que juega Alex Arroyo en la temporada 2024. Con n\u00facleo de MultiEVA.\" \/>\n<meta name=\"robots\" content=\"index, follow, max-snippet:-1, max-image-preview:large, max-video-preview:-1\" \/>\n<link rel=\"canonical\" href=\"https:\/\/revolutionpadelstore.com\/de\/produkt\/bullpadel-ionic-power-24-1\/\" \/>\n<meta property=\"og:locale\" content=\"de_DE\" \/>\n<meta property=\"og:type\" content=\"article\" \/>\n<meta property=\"og:title\" content=\"BULLPADEL IONIC POWER 24 - Revolution Padel Store\" \/>\n<meta property=\"og:description\" content=\"Bullpadel Ionic Power 24, la pala con forma de diamante con la que juega Alex Arroyo en la temporada 2024. Con n\u00facleo de MultiEVA.\" \/>\n<meta property=\"og:url\" content=\"https:\/\/revolutionpadelstore.com\/de\/produkt\/bullpadel-ionic-power-24-1\/\" \/>\n<meta property=\"og:site_name\" content=\"Revolution Padel Store\" \/>\n<meta property=\"article:modified_time\" content=\"2026-04-08T13:03:32+00:00\" \/>\n<meta property=\"og:image\" content=\"https:\/\/revolutionpadelstore.com\/wp-content\/uploads\/2024\/03\/110913_pala_bullpadel_ionic_power_24_471612_1500x1500_1_96a6.webp\" \/>\n\t<meta property=\"og:image:width\" content=\"1500\" \/>\n\t<meta property=\"og:image:height\" content=\"1500\" \/>\n\t<meta property=\"og:image:type\" content=\"image\/webp\" \/>\n<meta name=\"twitter:card\" content=\"summary_large_image\" \/>\n<meta name=\"twitter:label1\" content=\"Gesch\u00e4tzte Lesezeit\" \/>\n\t<meta name=\"twitter:data1\" content=\"2\u00a0Minuten\" \/>\n<script type=\"application\/ld+json\" class=\"yoast-schema-graph\">{\"@context\":\"https:\\\/\\\/schema.org\",\"@graph\":[{\"@type\":\"WebPage\",\"@id\":\"https:\\\/\\\/revolutionpadelstore.com\\\/de\\\/produkt\\\/bullpadel-ionic-power-24-1\\\/\",\"url\":\"https:\\\/\\\/revolutionpadelstore.com\\\/de\\\/produkt\\\/bullpadel-ionic-power-24-1\\\/\",\"name\":\"BULLPADEL IONIC POWER 24 - Revolution Padel Store\",\"isPartOf\":{\"@id\":\"https:\\\/\\\/revolutionpadelstore.com\\\/de\\\/#website\"},\"primaryImageOfPage\":{\"@id\":\"https:\\\/\\\/revolutionpadelstore.com\\\/de\\\/produkt\\\/bullpadel-ionic-power-24-1\\\/#primaryimage\"},\"image\":{\"@id\":\"https:\\\/\\\/revolutionpadelstore.com\\\/de\\\/produkt\\\/bullpadel-ionic-power-24-1\\\/#primaryimage\"},\"thumbnailUrl\":\"https:\\\/\\\/revolutionpadelstore.com\\\/wp-content\\\/uploads\\\/2024\\\/03\\\/110913_pala_bullpadel_ionic_power_24_471612_1500x1500_1_96a6.webp\",\"datePublished\":\"2024-03-14T17:49:36+00:00\",\"dateModified\":\"2026-04-08T13:03:32+00:00\",\"description\":\"Bullpadel Ionic Power 24, la pala con forma de diamante con la que juega Alex Arroyo en la temporada 2024. Con n\u00facleo de MultiEVA.\",\"breadcrumb\":{\"@id\":\"https:\\\/\\\/revolutionpadelstore.com\\\/de\\\/produkt\\\/bullpadel-ionic-power-24-1\\\/#breadcrumb\"},\"inLanguage\":\"de\",\"potentialAction\":[{\"@type\":\"ReadAction\",\"target\":[\"https:\\\/\\\/revolutionpadelstore.com\\\/de\\\/produkt\\\/bullpadel-ionic-power-24-1\\\/\"]}]},{\"@type\":\"ImageObject\",\"inLanguage\":\"de\",\"@id\":\"https:\\\/\\\/revolutionpadelstore.com\\\/de\\\/produkt\\\/bullpadel-ionic-power-24-1\\\/#primaryimage\",\"url\":\"https:\\\/\\\/revolutionpadelstore.com\\\/wp-content\\\/uploads\\\/2024\\\/03\\\/110913_pala_bullpadel_ionic_power_24_471612_1500x1500_1_96a6.webp\",\"contentUrl\":\"https:\\\/\\\/revolutionpadelstore.com\\\/wp-content\\\/uploads\\\/2024\\\/03\\\/110913_pala_bullpadel_ionic_power_24_471612_1500x1500_1_96a6.webp\",\"width\":1500,\"height\":1500},{\"@type\":\"BreadcrumbList\",\"@id\":\"https:\\\/\\\/revolutionpadelstore.com\\\/de\\\/produkt\\\/bullpadel-ionic-power-24-1\\\/#breadcrumb\",\"itemListElement\":[{\"@type\":\"ListItem\",\"position\":1,\"name\":\"Portada\",\"item\":\"https:\\\/\\\/revolutionpadelstore.com\\\/de\\\/\"},{\"@type\":\"ListItem\",\"position\":2,\"name\":\"Shop\",\"item\":\"https:\\\/\\\/revolutionpadelstore.com\\\/de\\\/tienda\\\/\"},{\"@type\":\"ListItem\",\"position\":3,\"name\":\"BULLPADEL IONIC POWER 24\"}]},{\"@type\":\"WebSite\",\"@id\":\"https:\\\/\\\/revolutionpadelstore.com\\\/de\\\/#website\",\"url\":\"https:\\\/\\\/revolutionpadelstore.com\\\/de\\\/\",\"name\":\"Revolution Padel Store\",\"description\":\"\",\"publisher\":{\"@id\":\"https:\\\/\\\/revolutionpadelstore.com\\\/de\\\/#organization\"},\"potentialAction\":[{\"@type\":\"SearchAction\",\"target\":{\"@type\":\"EntryPoint\",\"urlTemplate\":\"https:\\\/\\\/revolutionpadelstore.com\\\/de\\\/?s={search_term_string}\"},\"query-input\":{\"@type\":\"PropertyValueSpecification\",\"valueRequired\":true,\"valueName\":\"search_term_string\"}}],\"inLanguage\":\"de\"},{\"@type\":\"Organization\",\"@id\":\"https:\\\/\\\/revolutionpadelstore.com\\\/de\\\/#organization\",\"name\":\"Revolution Padel Store\",\"url\":\"https:\\\/\\\/revolutionpadelstore.com\\\/de\\\/\",\"logo\":{\"@type\":\"ImageObject\",\"inLanguage\":\"de\",\"@id\":\"https:\\\/\\\/revolutionpadelstore.com\\\/de\\\/#\\\/schema\\\/logo\\\/image\\\/\",\"url\":\"https:\\\/\\\/revolutionpadelstore.com\\\/wp-content\\\/uploads\\\/2026\\\/02\\\/revolution-padel-store.jpg\",\"contentUrl\":\"https:\\\/\\\/revolutionpadelstore.com\\\/wp-content\\\/uploads\\\/2026\\\/02\\\/revolution-padel-store.jpg\",\"width\":2000,\"height\":2000,\"caption\":\"Revolution Padel Store\"},\"image\":{\"@id\":\"https:\\\/\\\/revolutionpadelstore.com\\\/de\\\/#\\\/schema\\\/logo\\\/image\\\/\"},\"sameAs\":[\"https:\\\/\\\/www.instagram.com\\\/revolutionpadelstore\\\/\"]}]}<\/script>\n<!-- \/ Yoast SEO plugin. -->","yoast_head_json":{"title":"BULLPADEL IONIC POWER 24 - Revolution Padel Store","description":"Bullpadel Ionic Power 24, la pala con forma de diamante con la que juega Alex Arroyo en la temporada 2024. Con n\u00facleo de MultiEVA.","robots":{"index":"index","follow":"follow","max-snippet":"max-snippet:-1","max-image-preview":"max-image-preview:large","max-video-preview":"max-video-preview:-1"},"canonical":"https:\/\/revolutionpadelstore.com\/de\/produkt\/bullpadel-ionic-power-24-1\/","og_locale":"de_DE","og_type":"article","og_title":"BULLPADEL IONIC POWER 24 - Revolution Padel Store","og_description":"Bullpadel Ionic Power 24, la pala con forma de diamante con la que juega Alex Arroyo en la temporada 2024. Con n\u00facleo de MultiEVA.","og_url":"https:\/\/revolutionpadelstore.com\/de\/produkt\/bullpadel-ionic-power-24-1\/","og_site_name":"Revolution Padel Store","article_modified_time":"2026-04-08T13:03:32+00:00","og_image":[{"width":1500,"height":1500,"url":"https:\/\/revolutionpadelstore.com\/wp-content\/uploads\/2024\/03\/110913_pala_bullpadel_ionic_power_24_471612_1500x1500_1_96a6.webp","type":"image\/webp"}],"twitter_card":"summary_large_image","twitter_misc":{"Gesch\u00e4tzte Lesezeit":"2\u00a0Minuten"},"schema":{"@context":"https:\/\/schema.org","@graph":[{"@type":"WebPage","@id":"https:\/\/revolutionpadelstore.com\/de\/produkt\/bullpadel-ionic-power-24-1\/","url":"https:\/\/revolutionpadelstore.com\/de\/produkt\/bullpadel-ionic-power-24-1\/","name":"BULLPADEL IONIC POWER 24 - Revolution Padel Store","isPartOf":{"@id":"https:\/\/revolutionpadelstore.com\/de\/#website"},"primaryImageOfPage":{"@id":"https:\/\/revolutionpadelstore.com\/de\/produkt\/bullpadel-ionic-power-24-1\/#primaryimage"},"image":{"@id":"https:\/\/revolutionpadelstore.com\/de\/produkt\/bullpadel-ionic-power-24-1\/#primaryimage"},"thumbnailUrl":"https:\/\/revolutionpadelstore.com\/wp-content\/uploads\/2024\/03\/110913_pala_bullpadel_ionic_power_24_471612_1500x1500_1_96a6.webp","datePublished":"2024-03-14T17:49:36+00:00","dateModified":"2026-04-08T13:03:32+00:00","description":"Bullpadel Ionic Power 24, la pala con forma de diamante con la que juega Alex Arroyo en la temporada 2024. Con n\u00facleo de MultiEVA.","breadcrumb":{"@id":"https:\/\/revolutionpadelstore.com\/de\/produkt\/bullpadel-ionic-power-24-1\/#breadcrumb"},"inLanguage":"de","potentialAction":[{"@type":"ReadAction","target":["https:\/\/revolutionpadelstore.com\/de\/produkt\/bullpadel-ionic-power-24-1\/"]}]},{"@type":"ImageObject","inLanguage":"de","@id":"https:\/\/revolutionpadelstore.com\/de\/produkt\/bullpadel-ionic-power-24-1\/#primaryimage","url":"https:\/\/revolutionpadelstore.com\/wp-content\/uploads\/2024\/03\/110913_pala_bullpadel_ionic_power_24_471612_1500x1500_1_96a6.webp","contentUrl":"https:\/\/revolutionpadelstore.com\/wp-content\/uploads\/2024\/03\/110913_pala_bullpadel_ionic_power_24_471612_1500x1500_1_96a6.webp","width":1500,"height":1500},{"@type":"BreadcrumbList","@id":"https:\/\/revolutionpadelstore.com\/de\/produkt\/bullpadel-ionic-power-24-1\/#breadcrumb","itemListElement":[{"@type":"ListItem","position":1,"name":"Portada","item":"https:\/\/revolutionpadelstore.com\/de\/"},{"@type":"ListItem","position":2,"name":"Shop","item":"https:\/\/revolutionpadelstore.com\/de\/tienda\/"},{"@type":"ListItem","position":3,"name":"BULLPADEL IONIC POWER 24"}]},{"@type":"WebSite","@id":"https:\/\/revolutionpadelstore.com\/de\/#website","url":"https:\/\/revolutionpadelstore.com\/de\/","name":"Revolution Padel Store","description":"","publisher":{"@id":"https:\/\/revolutionpadelstore.com\/de\/#organization"},"potentialAction":[{"@type":"SearchAction","target":{"@type":"EntryPoint","urlTemplate":"https:\/\/revolutionpadelstore.com\/de\/?s={search_term_string}"},"query-input":{"@type":"PropertyValueSpecification","valueRequired":true,"valueName":"search_term_string"}}],"inLanguage":"de"},{"@type":"Organization","@id":"https:\/\/revolutionpadelstore.com\/de\/#organization","name":"Revolution Padel Store","url":"https:\/\/revolutionpadelstore.com\/de\/","logo":{"@type":"ImageObject","inLanguage":"de","@id":"https:\/\/revolutionpadelstore.com\/de\/#\/schema\/logo\/image\/","url":"https:\/\/revolutionpadelstore.com\/wp-content\/uploads\/2026\/02\/revolution-padel-store.jpg","contentUrl":"https:\/\/revolutionpadelstore.com\/wp-content\/uploads\/2026\/02\/revolution-padel-store.jpg","width":2000,"height":2000,"caption":"Revolution Padel Store"},"image":{"@id":"https:\/\/revolutionpadelstore.com\/de\/#\/schema\/logo\/image\/"},"sameAs":["https:\/\/www.instagram.com\/revolutionpadelstore\/"]}]}},"_links":{"self":[{"href":"https:\/\/revolutionpadelstore.com\/de\/wp-json\/wp\/v2\/product\/20402","targetHints":{"allow":["GET"]}}],"collection":[{"href":"https:\/\/revolutionpadelstore.com\/de\/wp-json\/wp\/v2\/product"}],"about":[{"href":"https:\/\/revolutionpadelstore.com\/de\/wp-json\/wp\/v2\/types\/product"}],"replies":[{"embeddable":true,"href":"https:\/\/revolutionpadelstore.com\/de\/wp-json\/wp\/v2\/comments?post=20402"}],"wp:featuredmedia":[{"embeddable":true,"href":"https:\/\/revolutionpadelstore.com\/de\/wp-json\/wp\/v2\/media\/52445"}],"wp:attachment":[{"href":"https:\/\/revolutionpadelstore.com\/de\/wp-json\/wp\/v2\/media?parent=20402"}],"wp:term":[{"taxonomy":"acabado","embeddable":true,"href":"https:\/\/revolutionpadelstore.com\/de\/wp-json\/wp\/v2\/acabado?post=20402"},{"taxonomy":"balance","embeddable":true,"href":"https:\/\/revolutionpadelstore.com\/de\/wp-json\/wp\/v2\/balance?post=20402"},{"taxonomy":"dureza","embeddable":true,"href":"https:\/\/revolutionpadelstore.com\/de\/wp-json\/wp\/v2\/dureza?post=20402"},{"taxonomy":"forma","embeddable":true,"href":"https:\/\/revolutionpadelstore.com\/de\/wp-json\/wp\/v2\/forma?post=20402"},{"taxonomy":"jugador","embeddable":true,"href":"https:\/\/revolutionpadelstore.com\/de\/wp-json\/wp\/v2\/jugador?post=20402"},{"taxonomy":"marca","embeddable":true,"href":"https:\/\/revolutionpadelstore.com\/de\/wp-json\/wp\/v2\/marca?post=20402"},{"taxonomy":"nivel-de-juego","embeddable":true,"href":"https:\/\/revolutionpadelstore.com\/de\/wp-json\/wp\/v2\/nivel-de-juego?post=20402"},{"taxonomy":"superficie","embeddable":true,"href":"https:\/\/revolutionpadelstore.com\/de\/wp-json\/wp\/v2\/superficie?post=20402"},{"taxonomy":"tipo-de-juego","embeddable":true,"href":"https:\/\/revolutionpadelstore.com\/de\/wp-json\/wp\/v2\/tipo-de-juego?post=20402"},{"taxonomy":"product_brand","embeddable":true,"href":"https:\/\/revolutionpadelstore.com\/de\/wp-json\/wp\/v2\/product_brand?post=20402"},{"taxonomy":"product_cat","embeddable":true,"href":"https:\/\/revolutionpadelstore.com\/de\/wp-json\/wp\/v2\/product_cat?post=20402"},{"taxonomy":"product_tag","embeddable":true,"href":"https:\/\/revolutionpadelstore.com\/de\/wp-json\/wp\/v2\/product_tag?post=20402"}],"curies":[{"name":"wp","href":"https:\/\/api.w.org\/{rel}","templated":true}]}}