{"id":20377,"date":"2024-03-15T12:43:24","date_gmt":"2024-03-15T11:43:24","guid":{"rendered":"https:\/\/revolutionpadelstore.com\/head-radical-pro-2024\/"},"modified":"2026-04-08T15:02:55","modified_gmt":"2026-04-08T13:02:55","slug":"head-radical-pro-2024-1","status":"publish","type":"product","link":"https:\/\/revolutionpadelstore.com\/de\/produkt\/head-radical-pro-2024-1\/","title":{"rendered":"HEAD RADICAL PRO 2024"},"content":{"rendered":"<h2>Head Radical Pro, herausragender Angriff und Verteidigung<\/h2>\n<p>Der neue <strong>Head Radical Pro<\/strong> ist ein Padelschl\u00e4ger, der speziell f\u00fcr strategische Spieler entwickelt wurde, die das Spiel kontrollieren m\u00f6chten und Spa\u00df an Volleys, kleinen Schl\u00e4gen und Korblegern haben.<\/p>\n<p>Wenn wir uns auf sein Format konzentrieren, sticht seine Tropfenform mit einem Sweet Spot in der Mitte hervor, sodass er ein sehr ausgewogenes Handling und kontrollierte Kraft bietet. Diese Form erm\u00f6glicht es Ihnen, einen Hebeleffekt auszu\u00fcben, um Ihren Schl\u00e4gen mehr Kraft zu verleihen, ohne die Kontrolle und Pr\u00e4zision zu verlieren.<\/p>\n<p>Dar\u00fcber hinaus verf\u00fcgt es \u00fcber den <strong><em>Optimized Sweet Spot<\/em><\/strong>, der das Bohrmuster anpasst, um mehr Leistung und Kontrolle zu erreichen. Es hat ein Gewicht von 370 Gramm.<\/p>\n<h2>Vibrationsabsorption<\/h2>\n<p>Andererseits bestehen die Fl\u00e4chen dieses Head Radical-Schl\u00e4gers aus <strong>Carbon 3K<\/strong>, einem hochwertigen, steifen und widerstandsf\u00e4higen Material, das Ihnen Pr\u00e4zision beim Schlagen verleiht und ein kontrollierteres und direkteres Ballgef\u00fchl erm\u00f6glicht .<\/p>\n<p>Im inneren Kern befindet sich der Gummi Control Foam, ein Schaum, der gro\u00dfen Komfort bietet, indem er Vibrationen nach dem Aufprall des Balls reduziert und gleichzeitig erh\u00f6ht die St\u00e4rke beim Schlagen.<\/p>\n<p>Im Rahmen ist die <strong><em>Smart Bridge<\/em><\/strong> integriert, die f\u00fcr die Anpassung des Br\u00fcckenbereichs an die Bed\u00fcrfnisse der Klinge verantwortlich ist. Aufgrund des Tailored Tube wurde jeder Abschnitt individuell gefertigt, um die Leistung des Schl\u00e4gers zu verbessern.<\/p>\n<h3>Modernes, kraftvolles und beeindruckendes Design<\/h3>\n<p>In Bezug auf die Leistung verf\u00fcgt der <strong>Head Radical Pro<\/strong> \u00fcber die <strong><em>Auxetic<\/em><\/strong>-Technologie, die aus einer Konstruktion besteht, die sich in der Br\u00fccke dieses Schl\u00e4gers befindet und die darin besteht bietet ein unglaubliches Schlaggef\u00fchl, mehr Feedback und enormes Vertrauen bei jedem Schlag.<\/p>\n<p>Ebenso sorgt die<strong>Soft Butt Cap<\/strong> f\u00fcr ein viel weicheres und ged\u00e4mpfteres Spielgef\u00fchl, indem sie Vibrationen nach dem Aufprall reduziert.<\/p>\n<h2>Head Radical Pro, ataque y defensa sobresalientes<\/h2>\n","protected":false},"excerpt":{"rendered":"<p>Head Radical Pro Schl\u00e4ger f\u00fcr fortgeschrittene oder professionelle Spieler, die Kontrolle und Power suchen. Control Foam-Kern und 3K-Carbon-Fl\u00e4chen. Mit Auxetic-Technologie, Smart Bridge und Optimized Sweet Spot.<\/p>\n","protected":false},"featured_media":52349,"comment_status":"open","ping_status":"closed","template":"","meta":{"_acf_changed":false,"_joinchat":[]},"acabado":[],"balance":[1139],"dureza":[1154],"forma":[1184],"jugador":[1189,1199],"marca":[1219],"nivel-de-juego":[1344],"superficie":[1354],"tipo-de-juego":[1384],"product_brand":[],"product_cat":[299],"product_tag":[],"class_list":{"0":"post-20377","1":"product","2":"type-product","3":"status-publish","4":"has-post-thumbnail","6":"balance-mittel","7":"dureza-media-de","8":"forma-lagrima-de","9":"jugador-mann","10":"jugador-mehrzweck","11":"marca-kopf","12":"superficie-lisa-de","13":"tipo-de-juego-mehrzweck","14":"product_cat-palas-de-padel-de","16":"first","17":"instock","18":"sale","19":"taxable","20":"shipping-taxable","21":"purchasable","22":"product-type-simple"},"acf":[],"yoast_head":"<!-- This site is optimized with the Yoast SEO plugin v27.4 - https:\/\/yoast.com\/product\/yoast-seo-wordpress\/ -->\n<title>HEAD RADICAL PRO 2024 - Revolution Padel Store<\/title>\n<meta name=\"description\" content=\"Pala Head Radical Pro para jugadores de nivel avanzado o profesional que buscan control y potencia. N\u00facleo de Control Foam y planos de Carbon 3K. Con tecnolog\u00eda Auxetic, Smart Bridge y Optimized Sweet Spot.\" \/>\n<meta name=\"robots\" content=\"index, follow, max-snippet:-1, max-image-preview:large, max-video-preview:-1\" \/>\n<link rel=\"canonical\" href=\"https:\/\/revolutionpadelstore.com\/de\/produkt\/head-radical-pro-2024-1\/\" \/>\n<meta property=\"og:locale\" content=\"de_DE\" \/>\n<meta property=\"og:type\" content=\"article\" \/>\n<meta property=\"og:title\" content=\"HEAD RADICAL PRO 2024 - Revolution Padel Store\" \/>\n<meta property=\"og:description\" content=\"Pala Head Radical Pro para jugadores de nivel avanzado o profesional que buscan control y potencia. N\u00facleo de Control Foam y planos de Carbon 3K. Con tecnolog\u00eda Auxetic, Smart Bridge y Optimized Sweet Spot.\" \/>\n<meta property=\"og:url\" content=\"https:\/\/revolutionpadelstore.com\/de\/produkt\/head-radical-pro-2024-1\/\" \/>\n<meta property=\"og:site_name\" content=\"Revolution Padel Store\" \/>\n<meta property=\"article:modified_time\" content=\"2026-04-08T13:02:55+00:00\" \/>\n<meta property=\"og:image\" content=\"https:\/\/revolutionpadelstore.com\/wp-content\/uploads\/2024\/03\/111513_pala_head_radical_pro_2024_222034_1500x1500_1_748c.webp\" \/>\n\t<meta property=\"og:image:width\" content=\"1500\" \/>\n\t<meta property=\"og:image:height\" content=\"1500\" \/>\n\t<meta property=\"og:image:type\" content=\"image\/webp\" \/>\n<meta name=\"twitter:card\" content=\"summary_large_image\" \/>\n<meta name=\"twitter:label1\" content=\"Gesch\u00e4tzte Lesezeit\" \/>\n\t<meta name=\"twitter:data1\" content=\"2\u00a0Minuten\" \/>\n<script type=\"application\/ld+json\" class=\"yoast-schema-graph\">{\"@context\":\"https:\\\/\\\/schema.org\",\"@graph\":[{\"@type\":\"WebPage\",\"@id\":\"https:\\\/\\\/revolutionpadelstore.com\\\/de\\\/produkt\\\/head-radical-pro-2024-1\\\/\",\"url\":\"https:\\\/\\\/revolutionpadelstore.com\\\/de\\\/produkt\\\/head-radical-pro-2024-1\\\/\",\"name\":\"HEAD RADICAL PRO 2024 - Revolution Padel Store\",\"isPartOf\":{\"@id\":\"https:\\\/\\\/revolutionpadelstore.com\\\/de\\\/#website\"},\"primaryImageOfPage\":{\"@id\":\"https:\\\/\\\/revolutionpadelstore.com\\\/de\\\/produkt\\\/head-radical-pro-2024-1\\\/#primaryimage\"},\"image\":{\"@id\":\"https:\\\/\\\/revolutionpadelstore.com\\\/de\\\/produkt\\\/head-radical-pro-2024-1\\\/#primaryimage\"},\"thumbnailUrl\":\"https:\\\/\\\/revolutionpadelstore.com\\\/wp-content\\\/uploads\\\/2024\\\/03\\\/111513_pala_head_radical_pro_2024_222034_1500x1500_1_748c.webp\",\"datePublished\":\"2024-03-15T11:43:24+00:00\",\"dateModified\":\"2026-04-08T13:02:55+00:00\",\"description\":\"Pala Head Radical Pro para jugadores de nivel avanzado o profesional que buscan control y potencia. N\u00facleo de Control Foam y planos de Carbon 3K. Con tecnolog\u00eda Auxetic, Smart Bridge y Optimized Sweet Spot.\",\"breadcrumb\":{\"@id\":\"https:\\\/\\\/revolutionpadelstore.com\\\/de\\\/produkt\\\/head-radical-pro-2024-1\\\/#breadcrumb\"},\"inLanguage\":\"de\",\"potentialAction\":[{\"@type\":\"ReadAction\",\"target\":[\"https:\\\/\\\/revolutionpadelstore.com\\\/de\\\/produkt\\\/head-radical-pro-2024-1\\\/\"]}]},{\"@type\":\"ImageObject\",\"inLanguage\":\"de\",\"@id\":\"https:\\\/\\\/revolutionpadelstore.com\\\/de\\\/produkt\\\/head-radical-pro-2024-1\\\/#primaryimage\",\"url\":\"https:\\\/\\\/revolutionpadelstore.com\\\/wp-content\\\/uploads\\\/2024\\\/03\\\/111513_pala_head_radical_pro_2024_222034_1500x1500_1_748c.webp\",\"contentUrl\":\"https:\\\/\\\/revolutionpadelstore.com\\\/wp-content\\\/uploads\\\/2024\\\/03\\\/111513_pala_head_radical_pro_2024_222034_1500x1500_1_748c.webp\",\"width\":1500,\"height\":1500},{\"@type\":\"BreadcrumbList\",\"@id\":\"https:\\\/\\\/revolutionpadelstore.com\\\/de\\\/produkt\\\/head-radical-pro-2024-1\\\/#breadcrumb\",\"itemListElement\":[{\"@type\":\"ListItem\",\"position\":1,\"name\":\"Portada\",\"item\":\"https:\\\/\\\/revolutionpadelstore.com\\\/de\\\/\"},{\"@type\":\"ListItem\",\"position\":2,\"name\":\"Shop\",\"item\":\"https:\\\/\\\/revolutionpadelstore.com\\\/de\\\/tienda\\\/\"},{\"@type\":\"ListItem\",\"position\":3,\"name\":\"HEAD RADICAL PRO 2024\"}]},{\"@type\":\"WebSite\",\"@id\":\"https:\\\/\\\/revolutionpadelstore.com\\\/de\\\/#website\",\"url\":\"https:\\\/\\\/revolutionpadelstore.com\\\/de\\\/\",\"name\":\"Revolution Padel Store\",\"description\":\"\",\"publisher\":{\"@id\":\"https:\\\/\\\/revolutionpadelstore.com\\\/de\\\/#organization\"},\"potentialAction\":[{\"@type\":\"SearchAction\",\"target\":{\"@type\":\"EntryPoint\",\"urlTemplate\":\"https:\\\/\\\/revolutionpadelstore.com\\\/de\\\/?s={search_term_string}\"},\"query-input\":{\"@type\":\"PropertyValueSpecification\",\"valueRequired\":true,\"valueName\":\"search_term_string\"}}],\"inLanguage\":\"de\"},{\"@type\":\"Organization\",\"@id\":\"https:\\\/\\\/revolutionpadelstore.com\\\/de\\\/#organization\",\"name\":\"Revolution Padel Store\",\"url\":\"https:\\\/\\\/revolutionpadelstore.com\\\/de\\\/\",\"logo\":{\"@type\":\"ImageObject\",\"inLanguage\":\"de\",\"@id\":\"https:\\\/\\\/revolutionpadelstore.com\\\/de\\\/#\\\/schema\\\/logo\\\/image\\\/\",\"url\":\"https:\\\/\\\/revolutionpadelstore.com\\\/wp-content\\\/uploads\\\/2026\\\/02\\\/revolution-padel-store.jpg\",\"contentUrl\":\"https:\\\/\\\/revolutionpadelstore.com\\\/wp-content\\\/uploads\\\/2026\\\/02\\\/revolution-padel-store.jpg\",\"width\":2000,\"height\":2000,\"caption\":\"Revolution Padel Store\"},\"image\":{\"@id\":\"https:\\\/\\\/revolutionpadelstore.com\\\/de\\\/#\\\/schema\\\/logo\\\/image\\\/\"},\"sameAs\":[\"https:\\\/\\\/www.instagram.com\\\/revolutionpadelstore\\\/\"]}]}<\/script>\n<!-- \/ Yoast SEO plugin. -->","yoast_head_json":{"title":"HEAD RADICAL PRO 2024 - Revolution Padel Store","description":"Pala Head Radical Pro para jugadores de nivel avanzado o profesional que buscan control y potencia. N\u00facleo de Control Foam y planos de Carbon 3K. Con tecnolog\u00eda Auxetic, Smart Bridge y Optimized Sweet Spot.","robots":{"index":"index","follow":"follow","max-snippet":"max-snippet:-1","max-image-preview":"max-image-preview:large","max-video-preview":"max-video-preview:-1"},"canonical":"https:\/\/revolutionpadelstore.com\/de\/produkt\/head-radical-pro-2024-1\/","og_locale":"de_DE","og_type":"article","og_title":"HEAD RADICAL PRO 2024 - Revolution Padel Store","og_description":"Pala Head Radical Pro para jugadores de nivel avanzado o profesional que buscan control y potencia. N\u00facleo de Control Foam y planos de Carbon 3K. Con tecnolog\u00eda Auxetic, Smart Bridge y Optimized Sweet Spot.","og_url":"https:\/\/revolutionpadelstore.com\/de\/produkt\/head-radical-pro-2024-1\/","og_site_name":"Revolution Padel Store","article_modified_time":"2026-04-08T13:02:55+00:00","og_image":[{"width":1500,"height":1500,"url":"https:\/\/revolutionpadelstore.com\/wp-content\/uploads\/2024\/03\/111513_pala_head_radical_pro_2024_222034_1500x1500_1_748c.webp","type":"image\/webp"}],"twitter_card":"summary_large_image","twitter_misc":{"Gesch\u00e4tzte Lesezeit":"2\u00a0Minuten"},"schema":{"@context":"https:\/\/schema.org","@graph":[{"@type":"WebPage","@id":"https:\/\/revolutionpadelstore.com\/de\/produkt\/head-radical-pro-2024-1\/","url":"https:\/\/revolutionpadelstore.com\/de\/produkt\/head-radical-pro-2024-1\/","name":"HEAD RADICAL PRO 2024 - Revolution Padel Store","isPartOf":{"@id":"https:\/\/revolutionpadelstore.com\/de\/#website"},"primaryImageOfPage":{"@id":"https:\/\/revolutionpadelstore.com\/de\/produkt\/head-radical-pro-2024-1\/#primaryimage"},"image":{"@id":"https:\/\/revolutionpadelstore.com\/de\/produkt\/head-radical-pro-2024-1\/#primaryimage"},"thumbnailUrl":"https:\/\/revolutionpadelstore.com\/wp-content\/uploads\/2024\/03\/111513_pala_head_radical_pro_2024_222034_1500x1500_1_748c.webp","datePublished":"2024-03-15T11:43:24+00:00","dateModified":"2026-04-08T13:02:55+00:00","description":"Pala Head Radical Pro para jugadores de nivel avanzado o profesional que buscan control y potencia. N\u00facleo de Control Foam y planos de Carbon 3K. Con tecnolog\u00eda Auxetic, Smart Bridge y Optimized Sweet Spot.","breadcrumb":{"@id":"https:\/\/revolutionpadelstore.com\/de\/produkt\/head-radical-pro-2024-1\/#breadcrumb"},"inLanguage":"de","potentialAction":[{"@type":"ReadAction","target":["https:\/\/revolutionpadelstore.com\/de\/produkt\/head-radical-pro-2024-1\/"]}]},{"@type":"ImageObject","inLanguage":"de","@id":"https:\/\/revolutionpadelstore.com\/de\/produkt\/head-radical-pro-2024-1\/#primaryimage","url":"https:\/\/revolutionpadelstore.com\/wp-content\/uploads\/2024\/03\/111513_pala_head_radical_pro_2024_222034_1500x1500_1_748c.webp","contentUrl":"https:\/\/revolutionpadelstore.com\/wp-content\/uploads\/2024\/03\/111513_pala_head_radical_pro_2024_222034_1500x1500_1_748c.webp","width":1500,"height":1500},{"@type":"BreadcrumbList","@id":"https:\/\/revolutionpadelstore.com\/de\/produkt\/head-radical-pro-2024-1\/#breadcrumb","itemListElement":[{"@type":"ListItem","position":1,"name":"Portada","item":"https:\/\/revolutionpadelstore.com\/de\/"},{"@type":"ListItem","position":2,"name":"Shop","item":"https:\/\/revolutionpadelstore.com\/de\/tienda\/"},{"@type":"ListItem","position":3,"name":"HEAD RADICAL PRO 2024"}]},{"@type":"WebSite","@id":"https:\/\/revolutionpadelstore.com\/de\/#website","url":"https:\/\/revolutionpadelstore.com\/de\/","name":"Revolution Padel Store","description":"","publisher":{"@id":"https:\/\/revolutionpadelstore.com\/de\/#organization"},"potentialAction":[{"@type":"SearchAction","target":{"@type":"EntryPoint","urlTemplate":"https:\/\/revolutionpadelstore.com\/de\/?s={search_term_string}"},"query-input":{"@type":"PropertyValueSpecification","valueRequired":true,"valueName":"search_term_string"}}],"inLanguage":"de"},{"@type":"Organization","@id":"https:\/\/revolutionpadelstore.com\/de\/#organization","name":"Revolution Padel Store","url":"https:\/\/revolutionpadelstore.com\/de\/","logo":{"@type":"ImageObject","inLanguage":"de","@id":"https:\/\/revolutionpadelstore.com\/de\/#\/schema\/logo\/image\/","url":"https:\/\/revolutionpadelstore.com\/wp-content\/uploads\/2026\/02\/revolution-padel-store.jpg","contentUrl":"https:\/\/revolutionpadelstore.com\/wp-content\/uploads\/2026\/02\/revolution-padel-store.jpg","width":2000,"height":2000,"caption":"Revolution Padel Store"},"image":{"@id":"https:\/\/revolutionpadelstore.com\/de\/#\/schema\/logo\/image\/"},"sameAs":["https:\/\/www.instagram.com\/revolutionpadelstore\/"]}]}},"_links":{"self":[{"href":"https:\/\/revolutionpadelstore.com\/de\/wp-json\/wp\/v2\/product\/20377","targetHints":{"allow":["GET"]}}],"collection":[{"href":"https:\/\/revolutionpadelstore.com\/de\/wp-json\/wp\/v2\/product"}],"about":[{"href":"https:\/\/revolutionpadelstore.com\/de\/wp-json\/wp\/v2\/types\/product"}],"replies":[{"embeddable":true,"href":"https:\/\/revolutionpadelstore.com\/de\/wp-json\/wp\/v2\/comments?post=20377"}],"wp:featuredmedia":[{"embeddable":true,"href":"https:\/\/revolutionpadelstore.com\/de\/wp-json\/wp\/v2\/media\/52349"}],"wp:attachment":[{"href":"https:\/\/revolutionpadelstore.com\/de\/wp-json\/wp\/v2\/media?parent=20377"}],"wp:term":[{"taxonomy":"acabado","embeddable":true,"href":"https:\/\/revolutionpadelstore.com\/de\/wp-json\/wp\/v2\/acabado?post=20377"},{"taxonomy":"balance","embeddable":true,"href":"https:\/\/revolutionpadelstore.com\/de\/wp-json\/wp\/v2\/balance?post=20377"},{"taxonomy":"dureza","embeddable":true,"href":"https:\/\/revolutionpadelstore.com\/de\/wp-json\/wp\/v2\/dureza?post=20377"},{"taxonomy":"forma","embeddable":true,"href":"https:\/\/revolutionpadelstore.com\/de\/wp-json\/wp\/v2\/forma?post=20377"},{"taxonomy":"jugador","embeddable":true,"href":"https:\/\/revolutionpadelstore.com\/de\/wp-json\/wp\/v2\/jugador?post=20377"},{"taxonomy":"marca","embeddable":true,"href":"https:\/\/revolutionpadelstore.com\/de\/wp-json\/wp\/v2\/marca?post=20377"},{"taxonomy":"nivel-de-juego","embeddable":true,"href":"https:\/\/revolutionpadelstore.com\/de\/wp-json\/wp\/v2\/nivel-de-juego?post=20377"},{"taxonomy":"superficie","embeddable":true,"href":"https:\/\/revolutionpadelstore.com\/de\/wp-json\/wp\/v2\/superficie?post=20377"},{"taxonomy":"tipo-de-juego","embeddable":true,"href":"https:\/\/revolutionpadelstore.com\/de\/wp-json\/wp\/v2\/tipo-de-juego?post=20377"},{"taxonomy":"product_brand","embeddable":true,"href":"https:\/\/revolutionpadelstore.com\/de\/wp-json\/wp\/v2\/product_brand?post=20377"},{"taxonomy":"product_cat","embeddable":true,"href":"https:\/\/revolutionpadelstore.com\/de\/wp-json\/wp\/v2\/product_cat?post=20377"},{"taxonomy":"product_tag","embeddable":true,"href":"https:\/\/revolutionpadelstore.com\/de\/wp-json\/wp\/v2\/product_tag?post=20377"}],"curies":[{"name":"wp","href":"https:\/\/api.w.org\/{rel}","templated":true}]}}