{"id":20367,"date":"2024-03-15T13:04:16","date_gmt":"2024-03-15T12:04:16","guid":{"rendered":"https:\/\/revolutionpadelstore.com\/head-extreme-motion-2023\/"},"modified":"2026-04-08T15:01:47","modified_gmt":"2026-04-08T13:01:47","slug":"head-extreme-motion-2023-1","status":"publish","type":"product","link":"https:\/\/revolutionpadelstore.com\/de\/produkt\/head-extreme-motion-2023-1\/","title":{"rendered":"HEAD EXTREME MOTION 2023"},"content":{"rendered":"<h2>Head Extreme Motion 2023, Powerschl\u00e4ger von Paula Josemar\u00eda<\/h2>\n<p>Der Padelschl\u00e4ger <strong>Head Extreme Motion 2023<\/strong> wurde sorgf\u00e4ltig entwickelt, um den Anforderungen fortgeschrittener und professioneller Spieler gerecht zu werden. Dieser au\u00dfergew\u00f6hnliche Schl\u00e4ger kombiniert modernste Technologie mit einem lebendigen und sportlichen Design. Offizieller Padelschl\u00e4ger von<strong>Paula Josemar\u00eda<\/strong>.<\/p>\n<h2>Diamond-Obermaterial mit Hybrid Woven<\/h2>\n<p>Das besondere Merkmal des Head Extreme Motion 2023 ist sein <strong>Diamant<\/strong>-Format, das die Kraft bei jedem Schlag maximiert. Dank der Konstruktion mit der revolution\u00e4ren <em>Hybrid Woven<\/em>-Technologie bestehen die Hobel aus einer Kombination aus <strong>Kohlefaser und Glas<\/strong> und bieten eine einzigartige Kombination aus Widerstandsf\u00e4higkeit und Flexibilit\u00e4t f\u00fcr un\u00fcbertroffene Pr\u00e4zision in jedem Schuss.<\/p>\n<p>Der <em><strong>Power Foam<\/strong><\/em>-Kern sorgt f\u00fcr explosive Kraft, ohne die Kontrolle zu beeintr\u00e4chtigen. Mit einem geringen Gewicht von nur 360 Gramm bietet der Schl\u00e4ger ein unvergleichliches Handling, sodass Sie in jeder Spielsituation agil und schnell reagieren k\u00f6nnen.<\/p>\n<p>Auxetic-Technologie und optimierter Sweet Spot sorgen zusammen f\u00fcr ein au\u00dfergew\u00f6hnliches Spielerlebnis. Pr\u00e4zises Schlagen war noch nie so einfach. Die Fl\u00e4chen des Schl\u00e4gers haben eine raue <em>Extreme Spin<\/em>-Beschichtung, was bedeutet, dass Sie dem Ball einen erstaunlichen Spin verleihen k\u00f6nnen.<\/p>\n<h3>Entwickelt mit Technologien, die seine Haltbarkeit verl\u00e4ngern<\/h3>\n<p>Im Hinblick auf die Haltbarkeit ist der Schl\u00e4gerrahmen mit einem Anti-Shock-Schutz ausgestattet, der vorzeitigen Verschlei\u00df verhindert und seine Leistung \u00fcber einen l\u00e4ngeren Zeitraum beibeh\u00e4lt. Der speziell zugeschnittene r\u00f6hrenf\u00f6rmige Tailored Frame und die verst\u00e4rkte Smart Bridge sorgen f\u00fcr au\u00dfergew\u00f6hnliche Widerstandsf\u00e4higkeit bei jedem Schlag.<\/p>\n<p>F\u00fcr einen bequemen und sicheren Halt sorgt der<em>Soft Butt Cap<\/em>Griff f\u00fcr ein perfektes Gef\u00fchl in Ihren H\u00e4nden. Dar\u00fcber hinaus kombiniert das \u00e4sthetische Design des Schl\u00e4gers verschiedene Gr\u00fcnt\u00f6ne in einem fr\u00f6hlichen und sportlichen Stil, der Ihre Leidenschaft f\u00fcr das Spiel widerspiegelt.<\/p>\n<h2>Head Extreme Motion 2023, pala de potencia de Paula Josemar\u00eda<\/h2>\n","protected":false},"excerpt":{"rendered":"<div class=\"Produktattribut\u00fcbersicht\">\n<div class=\"value\">\n<p>Head Extreme Motion 2023, offizieller Padelschl\u00e4ger von Paula Josemar\u00eda. Ein Schl\u00e4ger f\u00fcr fortgeschrittene oder professionelle Padelspieler. Diamond-Obermaterial mit Hybrid Woven.<\/p>\n<\/div>\n<\/div>\n<div class=\"product-add-form\">\n<div class=\"field qty\"><\/div>\n<\/div>\n","protected":false},"featured_media":52329,"comment_status":"open","ping_status":"closed","template":"","meta":{"_acf_changed":false,"_joinchat":[]},"acabado":[1084],"balance":[1134],"dureza":[1154],"forma":[1169],"jugador":[1189,1199],"marca":[1219],"nivel-de-juego":[1334],"superficie":[1359],"tipo-de-juego":[1374],"product_brand":[],"product_cat":[299],"product_tag":[],"class_list":{"0":"post-20367","1":"product","2":"type-product","3":"status-publish","4":"has-post-thumbnail","6":"acabado-kumpel","7":"balance-hoch","8":"dureza-media-de","9":"forma-diamante-de","10":"jugador-mann","11":"jugador-mehrzweck","12":"marca-kopf","13":"superficie-rugosa-de","14":"tipo-de-juego-leistung","15":"product_cat-palas-de-padel-de","17":"first","18":"instock","19":"sale","20":"taxable","21":"shipping-taxable","22":"purchasable","23":"product-type-simple"},"acf":[],"yoast_head":"<!-- This site is optimized with the Yoast SEO plugin v27.4 - https:\/\/yoast.com\/product\/yoast-seo-wordpress\/ -->\n<title>HEAD EXTREME MOTION 2023 - Revolution Padel Store<\/title>\n<meta name=\"description\" content=\"Head Extreme Motion 2023, pala de p\u00e1del oficial de Paula Josemar\u00eda. Una pala dise\u00f1ada para jugadores avanzados o profesionales del p\u00e1del. Pala de diamante con Hybrid Woven.\" \/>\n<meta name=\"robots\" content=\"index, follow, max-snippet:-1, max-image-preview:large, max-video-preview:-1\" \/>\n<link rel=\"canonical\" href=\"https:\/\/revolutionpadelstore.com\/de\/produkt\/head-extreme-motion-2023-1\/\" \/>\n<meta property=\"og:locale\" content=\"de_DE\" \/>\n<meta property=\"og:type\" content=\"article\" \/>\n<meta property=\"og:title\" content=\"HEAD EXTREME MOTION 2023 - Revolution Padel Store\" \/>\n<meta property=\"og:description\" content=\"Head Extreme Motion 2023, pala de p\u00e1del oficial de Paula Josemar\u00eda. Una pala dise\u00f1ada para jugadores avanzados o profesionales del p\u00e1del. Pala de diamante con Hybrid Woven.\" \/>\n<meta property=\"og:url\" content=\"https:\/\/revolutionpadelstore.com\/de\/produkt\/head-extreme-motion-2023-1\/\" \/>\n<meta property=\"og:site_name\" content=\"Revolution Padel Store\" \/>\n<meta property=\"article:modified_time\" content=\"2026-04-08T13:01:47+00:00\" \/>\n<meta property=\"og:image\" content=\"https:\/\/revolutionpadelstore.com\/wp-content\/uploads\/2024\/03\/110102_pala_head_extreme_motion_2023_223023_1500x1500_vista1_6a89.webp\" \/>\n\t<meta property=\"og:image:width\" content=\"1500\" \/>\n\t<meta property=\"og:image:height\" content=\"1500\" \/>\n\t<meta property=\"og:image:type\" content=\"image\/webp\" \/>\n<meta name=\"twitter:card\" content=\"summary_large_image\" \/>\n<meta name=\"twitter:label1\" content=\"Gesch\u00e4tzte Lesezeit\" \/>\n\t<meta name=\"twitter:data1\" content=\"2\u00a0Minuten\" \/>\n<script type=\"application\/ld+json\" class=\"yoast-schema-graph\">{\"@context\":\"https:\\\/\\\/schema.org\",\"@graph\":[{\"@type\":\"WebPage\",\"@id\":\"https:\\\/\\\/revolutionpadelstore.com\\\/de\\\/produkt\\\/head-extreme-motion-2023-1\\\/\",\"url\":\"https:\\\/\\\/revolutionpadelstore.com\\\/de\\\/produkt\\\/head-extreme-motion-2023-1\\\/\",\"name\":\"HEAD EXTREME MOTION 2023 - Revolution Padel Store\",\"isPartOf\":{\"@id\":\"https:\\\/\\\/revolutionpadelstore.com\\\/de\\\/#website\"},\"primaryImageOfPage\":{\"@id\":\"https:\\\/\\\/revolutionpadelstore.com\\\/de\\\/produkt\\\/head-extreme-motion-2023-1\\\/#primaryimage\"},\"image\":{\"@id\":\"https:\\\/\\\/revolutionpadelstore.com\\\/de\\\/produkt\\\/head-extreme-motion-2023-1\\\/#primaryimage\"},\"thumbnailUrl\":\"https:\\\/\\\/revolutionpadelstore.com\\\/wp-content\\\/uploads\\\/2024\\\/03\\\/110102_pala_head_extreme_motion_2023_223023_1500x1500_vista1_6a89.webp\",\"datePublished\":\"2024-03-15T12:04:16+00:00\",\"dateModified\":\"2026-04-08T13:01:47+00:00\",\"description\":\"Head Extreme Motion 2023, pala de p\u00e1del oficial de Paula Josemar\u00eda. Una pala dise\u00f1ada para jugadores avanzados o profesionales del p\u00e1del. Pala de diamante con Hybrid Woven.\",\"breadcrumb\":{\"@id\":\"https:\\\/\\\/revolutionpadelstore.com\\\/de\\\/produkt\\\/head-extreme-motion-2023-1\\\/#breadcrumb\"},\"inLanguage\":\"de\",\"potentialAction\":[{\"@type\":\"ReadAction\",\"target\":[\"https:\\\/\\\/revolutionpadelstore.com\\\/de\\\/produkt\\\/head-extreme-motion-2023-1\\\/\"]}]},{\"@type\":\"ImageObject\",\"inLanguage\":\"de\",\"@id\":\"https:\\\/\\\/revolutionpadelstore.com\\\/de\\\/produkt\\\/head-extreme-motion-2023-1\\\/#primaryimage\",\"url\":\"https:\\\/\\\/revolutionpadelstore.com\\\/wp-content\\\/uploads\\\/2024\\\/03\\\/110102_pala_head_extreme_motion_2023_223023_1500x1500_vista1_6a89.webp\",\"contentUrl\":\"https:\\\/\\\/revolutionpadelstore.com\\\/wp-content\\\/uploads\\\/2024\\\/03\\\/110102_pala_head_extreme_motion_2023_223023_1500x1500_vista1_6a89.webp\",\"width\":1500,\"height\":1500},{\"@type\":\"BreadcrumbList\",\"@id\":\"https:\\\/\\\/revolutionpadelstore.com\\\/de\\\/produkt\\\/head-extreme-motion-2023-1\\\/#breadcrumb\",\"itemListElement\":[{\"@type\":\"ListItem\",\"position\":1,\"name\":\"Portada\",\"item\":\"https:\\\/\\\/revolutionpadelstore.com\\\/de\\\/\"},{\"@type\":\"ListItem\",\"position\":2,\"name\":\"Shop\",\"item\":\"https:\\\/\\\/revolutionpadelstore.com\\\/de\\\/tienda\\\/\"},{\"@type\":\"ListItem\",\"position\":3,\"name\":\"HEAD EXTREME MOTION 2023\"}]},{\"@type\":\"WebSite\",\"@id\":\"https:\\\/\\\/revolutionpadelstore.com\\\/de\\\/#website\",\"url\":\"https:\\\/\\\/revolutionpadelstore.com\\\/de\\\/\",\"name\":\"Revolution Padel Store\",\"description\":\"\",\"publisher\":{\"@id\":\"https:\\\/\\\/revolutionpadelstore.com\\\/de\\\/#organization\"},\"potentialAction\":[{\"@type\":\"SearchAction\",\"target\":{\"@type\":\"EntryPoint\",\"urlTemplate\":\"https:\\\/\\\/revolutionpadelstore.com\\\/de\\\/?s={search_term_string}\"},\"query-input\":{\"@type\":\"PropertyValueSpecification\",\"valueRequired\":true,\"valueName\":\"search_term_string\"}}],\"inLanguage\":\"de\"},{\"@type\":\"Organization\",\"@id\":\"https:\\\/\\\/revolutionpadelstore.com\\\/de\\\/#organization\",\"name\":\"Revolution Padel Store\",\"url\":\"https:\\\/\\\/revolutionpadelstore.com\\\/de\\\/\",\"logo\":{\"@type\":\"ImageObject\",\"inLanguage\":\"de\",\"@id\":\"https:\\\/\\\/revolutionpadelstore.com\\\/de\\\/#\\\/schema\\\/logo\\\/image\\\/\",\"url\":\"https:\\\/\\\/revolutionpadelstore.com\\\/wp-content\\\/uploads\\\/2026\\\/02\\\/revolution-padel-store.jpg\",\"contentUrl\":\"https:\\\/\\\/revolutionpadelstore.com\\\/wp-content\\\/uploads\\\/2026\\\/02\\\/revolution-padel-store.jpg\",\"width\":2000,\"height\":2000,\"caption\":\"Revolution Padel Store\"},\"image\":{\"@id\":\"https:\\\/\\\/revolutionpadelstore.com\\\/de\\\/#\\\/schema\\\/logo\\\/image\\\/\"},\"sameAs\":[\"https:\\\/\\\/www.instagram.com\\\/revolutionpadelstore\\\/\"]}]}<\/script>\n<!-- \/ Yoast SEO plugin. -->","yoast_head_json":{"title":"HEAD EXTREME MOTION 2023 - Revolution Padel Store","description":"Head Extreme Motion 2023, pala de p\u00e1del oficial de Paula Josemar\u00eda. Una pala dise\u00f1ada para jugadores avanzados o profesionales del p\u00e1del. Pala de diamante con Hybrid Woven.","robots":{"index":"index","follow":"follow","max-snippet":"max-snippet:-1","max-image-preview":"max-image-preview:large","max-video-preview":"max-video-preview:-1"},"canonical":"https:\/\/revolutionpadelstore.com\/de\/produkt\/head-extreme-motion-2023-1\/","og_locale":"de_DE","og_type":"article","og_title":"HEAD EXTREME MOTION 2023 - Revolution Padel Store","og_description":"Head Extreme Motion 2023, pala de p\u00e1del oficial de Paula Josemar\u00eda. Una pala dise\u00f1ada para jugadores avanzados o profesionales del p\u00e1del. Pala de diamante con Hybrid Woven.","og_url":"https:\/\/revolutionpadelstore.com\/de\/produkt\/head-extreme-motion-2023-1\/","og_site_name":"Revolution Padel Store","article_modified_time":"2026-04-08T13:01:47+00:00","og_image":[{"width":1500,"height":1500,"url":"https:\/\/revolutionpadelstore.com\/wp-content\/uploads\/2024\/03\/110102_pala_head_extreme_motion_2023_223023_1500x1500_vista1_6a89.webp","type":"image\/webp"}],"twitter_card":"summary_large_image","twitter_misc":{"Gesch\u00e4tzte Lesezeit":"2\u00a0Minuten"},"schema":{"@context":"https:\/\/schema.org","@graph":[{"@type":"WebPage","@id":"https:\/\/revolutionpadelstore.com\/de\/produkt\/head-extreme-motion-2023-1\/","url":"https:\/\/revolutionpadelstore.com\/de\/produkt\/head-extreme-motion-2023-1\/","name":"HEAD EXTREME MOTION 2023 - Revolution Padel Store","isPartOf":{"@id":"https:\/\/revolutionpadelstore.com\/de\/#website"},"primaryImageOfPage":{"@id":"https:\/\/revolutionpadelstore.com\/de\/produkt\/head-extreme-motion-2023-1\/#primaryimage"},"image":{"@id":"https:\/\/revolutionpadelstore.com\/de\/produkt\/head-extreme-motion-2023-1\/#primaryimage"},"thumbnailUrl":"https:\/\/revolutionpadelstore.com\/wp-content\/uploads\/2024\/03\/110102_pala_head_extreme_motion_2023_223023_1500x1500_vista1_6a89.webp","datePublished":"2024-03-15T12:04:16+00:00","dateModified":"2026-04-08T13:01:47+00:00","description":"Head Extreme Motion 2023, pala de p\u00e1del oficial de Paula Josemar\u00eda. Una pala dise\u00f1ada para jugadores avanzados o profesionales del p\u00e1del. Pala de diamante con Hybrid Woven.","breadcrumb":{"@id":"https:\/\/revolutionpadelstore.com\/de\/produkt\/head-extreme-motion-2023-1\/#breadcrumb"},"inLanguage":"de","potentialAction":[{"@type":"ReadAction","target":["https:\/\/revolutionpadelstore.com\/de\/produkt\/head-extreme-motion-2023-1\/"]}]},{"@type":"ImageObject","inLanguage":"de","@id":"https:\/\/revolutionpadelstore.com\/de\/produkt\/head-extreme-motion-2023-1\/#primaryimage","url":"https:\/\/revolutionpadelstore.com\/wp-content\/uploads\/2024\/03\/110102_pala_head_extreme_motion_2023_223023_1500x1500_vista1_6a89.webp","contentUrl":"https:\/\/revolutionpadelstore.com\/wp-content\/uploads\/2024\/03\/110102_pala_head_extreme_motion_2023_223023_1500x1500_vista1_6a89.webp","width":1500,"height":1500},{"@type":"BreadcrumbList","@id":"https:\/\/revolutionpadelstore.com\/de\/produkt\/head-extreme-motion-2023-1\/#breadcrumb","itemListElement":[{"@type":"ListItem","position":1,"name":"Portada","item":"https:\/\/revolutionpadelstore.com\/de\/"},{"@type":"ListItem","position":2,"name":"Shop","item":"https:\/\/revolutionpadelstore.com\/de\/tienda\/"},{"@type":"ListItem","position":3,"name":"HEAD EXTREME MOTION 2023"}]},{"@type":"WebSite","@id":"https:\/\/revolutionpadelstore.com\/de\/#website","url":"https:\/\/revolutionpadelstore.com\/de\/","name":"Revolution Padel Store","description":"","publisher":{"@id":"https:\/\/revolutionpadelstore.com\/de\/#organization"},"potentialAction":[{"@type":"SearchAction","target":{"@type":"EntryPoint","urlTemplate":"https:\/\/revolutionpadelstore.com\/de\/?s={search_term_string}"},"query-input":{"@type":"PropertyValueSpecification","valueRequired":true,"valueName":"search_term_string"}}],"inLanguage":"de"},{"@type":"Organization","@id":"https:\/\/revolutionpadelstore.com\/de\/#organization","name":"Revolution Padel Store","url":"https:\/\/revolutionpadelstore.com\/de\/","logo":{"@type":"ImageObject","inLanguage":"de","@id":"https:\/\/revolutionpadelstore.com\/de\/#\/schema\/logo\/image\/","url":"https:\/\/revolutionpadelstore.com\/wp-content\/uploads\/2026\/02\/revolution-padel-store.jpg","contentUrl":"https:\/\/revolutionpadelstore.com\/wp-content\/uploads\/2026\/02\/revolution-padel-store.jpg","width":2000,"height":2000,"caption":"Revolution Padel Store"},"image":{"@id":"https:\/\/revolutionpadelstore.com\/de\/#\/schema\/logo\/image\/"},"sameAs":["https:\/\/www.instagram.com\/revolutionpadelstore\/"]}]}},"_links":{"self":[{"href":"https:\/\/revolutionpadelstore.com\/de\/wp-json\/wp\/v2\/product\/20367","targetHints":{"allow":["GET"]}}],"collection":[{"href":"https:\/\/revolutionpadelstore.com\/de\/wp-json\/wp\/v2\/product"}],"about":[{"href":"https:\/\/revolutionpadelstore.com\/de\/wp-json\/wp\/v2\/types\/product"}],"replies":[{"embeddable":true,"href":"https:\/\/revolutionpadelstore.com\/de\/wp-json\/wp\/v2\/comments?post=20367"}],"wp:featuredmedia":[{"embeddable":true,"href":"https:\/\/revolutionpadelstore.com\/de\/wp-json\/wp\/v2\/media\/52329"}],"wp:attachment":[{"href":"https:\/\/revolutionpadelstore.com\/de\/wp-json\/wp\/v2\/media?parent=20367"}],"wp:term":[{"taxonomy":"acabado","embeddable":true,"href":"https:\/\/revolutionpadelstore.com\/de\/wp-json\/wp\/v2\/acabado?post=20367"},{"taxonomy":"balance","embeddable":true,"href":"https:\/\/revolutionpadelstore.com\/de\/wp-json\/wp\/v2\/balance?post=20367"},{"taxonomy":"dureza","embeddable":true,"href":"https:\/\/revolutionpadelstore.com\/de\/wp-json\/wp\/v2\/dureza?post=20367"},{"taxonomy":"forma","embeddable":true,"href":"https:\/\/revolutionpadelstore.com\/de\/wp-json\/wp\/v2\/forma?post=20367"},{"taxonomy":"jugador","embeddable":true,"href":"https:\/\/revolutionpadelstore.com\/de\/wp-json\/wp\/v2\/jugador?post=20367"},{"taxonomy":"marca","embeddable":true,"href":"https:\/\/revolutionpadelstore.com\/de\/wp-json\/wp\/v2\/marca?post=20367"},{"taxonomy":"nivel-de-juego","embeddable":true,"href":"https:\/\/revolutionpadelstore.com\/de\/wp-json\/wp\/v2\/nivel-de-juego?post=20367"},{"taxonomy":"superficie","embeddable":true,"href":"https:\/\/revolutionpadelstore.com\/de\/wp-json\/wp\/v2\/superficie?post=20367"},{"taxonomy":"tipo-de-juego","embeddable":true,"href":"https:\/\/revolutionpadelstore.com\/de\/wp-json\/wp\/v2\/tipo-de-juego?post=20367"},{"taxonomy":"product_brand","embeddable":true,"href":"https:\/\/revolutionpadelstore.com\/de\/wp-json\/wp\/v2\/product_brand?post=20367"},{"taxonomy":"product_cat","embeddable":true,"href":"https:\/\/revolutionpadelstore.com\/de\/wp-json\/wp\/v2\/product_cat?post=20367"},{"taxonomy":"product_tag","embeddable":true,"href":"https:\/\/revolutionpadelstore.com\/de\/wp-json\/wp\/v2\/product_tag?post=20367"}],"curies":[{"name":"wp","href":"https:\/\/api.w.org\/{rel}","templated":true}]}}