{"id":20357,"date":"2024-03-15T13:12:01","date_gmt":"2024-03-15T12:12:01","guid":{"rendered":"https:\/\/revolutionpadelstore.com\/head-speed-pro-x-2023\/"},"modified":"2026-04-08T15:00:33","modified_gmt":"2026-04-08T13:00:33","slug":"head-speed-pro-x-2023-1","status":"publish","type":"product","link":"https:\/\/revolutionpadelstore.com\/de\/produkt\/head-speed-pro-x-2023-1\/","title":{"rendered":"HEAD SPEED PRO X 2023"},"content":{"rendered":"<h2>Fortgeschrittene Spieler spielen diese Saison mit dem Head Speed \u200b\u200bPRO X 2023<\/h2>\n<p>Ein hochwertiger Designschl\u00e4ger in Schwarz mit matten und gl\u00e4nzenden Oberfl\u00e4chen. Der neue <strong>Head Speed \u200b\u200b\u200b\u200bPRO X 2023<\/strong> ist ab sofort erh\u00e4ltlich. Ein tropfenf\u00f6rmiger Padelschl\u00e4ger f\u00fcr fortgeschrittene Padelspieler und sogar Turnierspieler. Dank seiner Form haben Sie beim Spielen die volle Kontrolle \u00fcber den Schl\u00e4ger und k\u00f6nnen pr\u00e4zise Schl\u00e4ge erzielen.<\/p>\n<h2>Paddelschl\u00e4ger mit Technologie passt sich Ihren Bed\u00fcrfnissen auf dem Platz an<\/h2>\n<p>Das Spielgef\u00fchl dieses Padelschl\u00e4gers ist dank der hauseigenen Auxectic-Technologie komfortabler. Bei Kollisionen mit dem Ball weiten sich die Fl\u00e4chen entgegen der Kontaktkraft und ziehen sich beim Herausnehmen zusammen. Flexibler und formbarer bei der Ballannahme. Hergestellt aus Graphen, um den Rahmen zu verst\u00e4rken, f\u00fcr mehr Stabilit\u00e4t zu sorgen und die Energie\u00fcbertragung auf den Ball zu erleichtern. Ein einfacheres Spiel, damit Sie sich auf Ihre Angriffstechnik gegen Ihren Rivalen konzentrieren k\u00f6nnen.<\/p>\n<p>Der Kern besteht aus <em>Power Foam<\/em>, einem Polystyrolschaum, der Vibrationen absorbiert und ein besseres Ballwurfgef\u00fchl vermittelt. Dank der D\u00e4mpfung und der einfachen Schlagkontrolle erleichtert es das Schlagen. Mit einer Br\u00fccke zur Vibrationsreduzierung.<\/p>\n<h3>Das Ergebnis wird dank der besten Materialien ein Sieg sein<\/h3>\n<p>Gewinnen Sie mit Sicherheit das n\u00e4chste Spiel mit diesem tropfenf\u00f6rmigen Schl\u00e4ger mit ausgewogener Balance und Sweet Spot in der Mitte. Der Sweetspot ist optimiert, sodass Sie die perfekte Kraft und Kontrolle haben, um die besten Punkte zu erzielen. Seine Oberfl\u00e4chen bestehen aus 12K-Carbon mit mittlerer Flexibilit\u00e4t und Steifigkeit, sodass Sie mit hoher Leistung spielen k\u00f6nnen. Und der Rahmen ist mit einer Schicht aus Polymermaterial \u00fcberzogen, das sich durch lange Haltbarkeit und Widerstandsf\u00e4higkeit gegen Kratzer und St\u00f6\u00dfe auszeichnet.<\/p>\n<h2>Los jugadores avanzados juegan esta temporada con la Head Speed PRO X 2023<\/h2>\n","protected":false},"excerpt":{"rendered":"<p>Der Padelschl\u00e4ger f\u00fcr die fortgeschrittensten Spieler der neuen Saison. Head Speed \u200b\u200b\u200b\u200bPRO X 2023. Ein vielseitiger Schl\u00e4ger f\u00fcr ein vielseitiges Spiel. Mit innovativer, einzigartiger Technologie der Marke wie der Smart Bridge.<\/p>\n","protected":false},"featured_media":52289,"comment_status":"open","ping_status":"closed","template":"","meta":{"_acf_changed":false,"_joinchat":[]},"acabado":[1084],"balance":[1134],"dureza":[1154],"forma":[1184],"jugador":[1189,1199],"marca":[1219],"nivel-de-juego":[1334],"superficie":[1354],"tipo-de-juego":[1374],"product_brand":[],"product_cat":[299],"product_tag":[],"class_list":{"0":"post-20357","1":"product","2":"type-product","3":"status-publish","4":"has-post-thumbnail","6":"acabado-kumpel","7":"balance-hoch","8":"dureza-media-de","9":"forma-lagrima-de","10":"jugador-mann","11":"jugador-mehrzweck","12":"marca-kopf","13":"superficie-lisa-de","14":"tipo-de-juego-leistung","15":"product_cat-palas-de-padel-de","17":"first","18":"onbackorder","19":"sale","20":"taxable","21":"shipping-taxable","22":"purchasable","23":"product-type-simple"},"acf":[],"yoast_head":"<!-- This site is optimized with the Yoast SEO plugin v27.4 - https:\/\/yoast.com\/product\/yoast-seo-wordpress\/ -->\n<title>HEAD SPEED PRO X 2023 - Revolution Padel Store<\/title>\n<meta name=\"description\" content=\"La pala de p\u00e1del de los jugadores m\u00e1s avanzados de la nueva temporada. Head Speed PRO X 2023. Una pala vers\u00e1til para un juego polivalente. Con tecnolog\u00eda innovadora \u00fanica de la marca como su Smart Bridge.\" \/>\n<meta name=\"robots\" content=\"index, follow, max-snippet:-1, max-image-preview:large, max-video-preview:-1\" \/>\n<link rel=\"canonical\" href=\"https:\/\/revolutionpadelstore.com\/de\/produkt\/head-speed-pro-x-2023-1\/\" \/>\n<meta property=\"og:locale\" content=\"de_DE\" \/>\n<meta property=\"og:type\" content=\"article\" \/>\n<meta property=\"og:title\" content=\"HEAD SPEED PRO X 2023 - Revolution Padel Store\" \/>\n<meta property=\"og:description\" content=\"La pala de p\u00e1del de los jugadores m\u00e1s avanzados de la nueva temporada. Head Speed PRO X 2023. Una pala vers\u00e1til para un juego polivalente. Con tecnolog\u00eda innovadora \u00fanica de la marca como su Smart Bridge.\" \/>\n<meta property=\"og:url\" content=\"https:\/\/revolutionpadelstore.com\/de\/produkt\/head-speed-pro-x-2023-1\/\" \/>\n<meta property=\"og:site_name\" content=\"Revolution Padel Store\" \/>\n<meta property=\"article:modified_time\" content=\"2026-04-08T13:00:33+00:00\" \/>\n<meta property=\"og:image\" content=\"https:\/\/revolutionpadelstore.com\/wp-content\/uploads\/2024\/03\/32512_head_speed_pro_x_202_221043_1500x1500_vista1_5836.webp\" \/>\n\t<meta property=\"og:image:width\" content=\"1500\" \/>\n\t<meta property=\"og:image:height\" content=\"1500\" \/>\n\t<meta property=\"og:image:type\" content=\"image\/webp\" \/>\n<meta name=\"twitter:card\" content=\"summary_large_image\" \/>\n<meta name=\"twitter:label1\" content=\"Gesch\u00e4tzte Lesezeit\" \/>\n\t<meta name=\"twitter:data1\" content=\"2\u00a0Minuten\" \/>\n<script type=\"application\/ld+json\" class=\"yoast-schema-graph\">{\"@context\":\"https:\\\/\\\/schema.org\",\"@graph\":[{\"@type\":\"WebPage\",\"@id\":\"https:\\\/\\\/revolutionpadelstore.com\\\/de\\\/produkt\\\/head-speed-pro-x-2023-1\\\/\",\"url\":\"https:\\\/\\\/revolutionpadelstore.com\\\/de\\\/produkt\\\/head-speed-pro-x-2023-1\\\/\",\"name\":\"HEAD SPEED PRO X 2023 - Revolution Padel Store\",\"isPartOf\":{\"@id\":\"https:\\\/\\\/revolutionpadelstore.com\\\/de\\\/#website\"},\"primaryImageOfPage\":{\"@id\":\"https:\\\/\\\/revolutionpadelstore.com\\\/de\\\/produkt\\\/head-speed-pro-x-2023-1\\\/#primaryimage\"},\"image\":{\"@id\":\"https:\\\/\\\/revolutionpadelstore.com\\\/de\\\/produkt\\\/head-speed-pro-x-2023-1\\\/#primaryimage\"},\"thumbnailUrl\":\"https:\\\/\\\/revolutionpadelstore.com\\\/wp-content\\\/uploads\\\/2024\\\/03\\\/32512_head_speed_pro_x_202_221043_1500x1500_vista1_5836.webp\",\"datePublished\":\"2024-03-15T12:12:01+00:00\",\"dateModified\":\"2026-04-08T13:00:33+00:00\",\"description\":\"La pala de p\u00e1del de los jugadores m\u00e1s avanzados de la nueva temporada. Head Speed PRO X 2023. Una pala vers\u00e1til para un juego polivalente. Con tecnolog\u00eda innovadora \u00fanica de la marca como su Smart Bridge.\",\"breadcrumb\":{\"@id\":\"https:\\\/\\\/revolutionpadelstore.com\\\/de\\\/produkt\\\/head-speed-pro-x-2023-1\\\/#breadcrumb\"},\"inLanguage\":\"de\",\"potentialAction\":[{\"@type\":\"ReadAction\",\"target\":[\"https:\\\/\\\/revolutionpadelstore.com\\\/de\\\/produkt\\\/head-speed-pro-x-2023-1\\\/\"]}]},{\"@type\":\"ImageObject\",\"inLanguage\":\"de\",\"@id\":\"https:\\\/\\\/revolutionpadelstore.com\\\/de\\\/produkt\\\/head-speed-pro-x-2023-1\\\/#primaryimage\",\"url\":\"https:\\\/\\\/revolutionpadelstore.com\\\/wp-content\\\/uploads\\\/2024\\\/03\\\/32512_head_speed_pro_x_202_221043_1500x1500_vista1_5836.webp\",\"contentUrl\":\"https:\\\/\\\/revolutionpadelstore.com\\\/wp-content\\\/uploads\\\/2024\\\/03\\\/32512_head_speed_pro_x_202_221043_1500x1500_vista1_5836.webp\",\"width\":1500,\"height\":1500},{\"@type\":\"BreadcrumbList\",\"@id\":\"https:\\\/\\\/revolutionpadelstore.com\\\/de\\\/produkt\\\/head-speed-pro-x-2023-1\\\/#breadcrumb\",\"itemListElement\":[{\"@type\":\"ListItem\",\"position\":1,\"name\":\"Portada\",\"item\":\"https:\\\/\\\/revolutionpadelstore.com\\\/de\\\/\"},{\"@type\":\"ListItem\",\"position\":2,\"name\":\"Shop\",\"item\":\"https:\\\/\\\/revolutionpadelstore.com\\\/de\\\/tienda\\\/\"},{\"@type\":\"ListItem\",\"position\":3,\"name\":\"HEAD SPEED PRO X 2023\"}]},{\"@type\":\"WebSite\",\"@id\":\"https:\\\/\\\/revolutionpadelstore.com\\\/de\\\/#website\",\"url\":\"https:\\\/\\\/revolutionpadelstore.com\\\/de\\\/\",\"name\":\"Revolution Padel Store\",\"description\":\"\",\"publisher\":{\"@id\":\"https:\\\/\\\/revolutionpadelstore.com\\\/de\\\/#organization\"},\"potentialAction\":[{\"@type\":\"SearchAction\",\"target\":{\"@type\":\"EntryPoint\",\"urlTemplate\":\"https:\\\/\\\/revolutionpadelstore.com\\\/de\\\/?s={search_term_string}\"},\"query-input\":{\"@type\":\"PropertyValueSpecification\",\"valueRequired\":true,\"valueName\":\"search_term_string\"}}],\"inLanguage\":\"de\"},{\"@type\":\"Organization\",\"@id\":\"https:\\\/\\\/revolutionpadelstore.com\\\/de\\\/#organization\",\"name\":\"Revolution Padel Store\",\"url\":\"https:\\\/\\\/revolutionpadelstore.com\\\/de\\\/\",\"logo\":{\"@type\":\"ImageObject\",\"inLanguage\":\"de\",\"@id\":\"https:\\\/\\\/revolutionpadelstore.com\\\/de\\\/#\\\/schema\\\/logo\\\/image\\\/\",\"url\":\"https:\\\/\\\/revolutionpadelstore.com\\\/wp-content\\\/uploads\\\/2026\\\/02\\\/revolution-padel-store.jpg\",\"contentUrl\":\"https:\\\/\\\/revolutionpadelstore.com\\\/wp-content\\\/uploads\\\/2026\\\/02\\\/revolution-padel-store.jpg\",\"width\":2000,\"height\":2000,\"caption\":\"Revolution Padel Store\"},\"image\":{\"@id\":\"https:\\\/\\\/revolutionpadelstore.com\\\/de\\\/#\\\/schema\\\/logo\\\/image\\\/\"},\"sameAs\":[\"https:\\\/\\\/www.instagram.com\\\/revolutionpadelstore\\\/\"]}]}<\/script>\n<!-- \/ Yoast SEO plugin. -->","yoast_head_json":{"title":"HEAD SPEED PRO X 2023 - Revolution Padel Store","description":"La pala de p\u00e1del de los jugadores m\u00e1s avanzados de la nueva temporada. Head Speed PRO X 2023. Una pala vers\u00e1til para un juego polivalente. Con tecnolog\u00eda innovadora \u00fanica de la marca como su Smart Bridge.","robots":{"index":"index","follow":"follow","max-snippet":"max-snippet:-1","max-image-preview":"max-image-preview:large","max-video-preview":"max-video-preview:-1"},"canonical":"https:\/\/revolutionpadelstore.com\/de\/produkt\/head-speed-pro-x-2023-1\/","og_locale":"de_DE","og_type":"article","og_title":"HEAD SPEED PRO X 2023 - Revolution Padel Store","og_description":"La pala de p\u00e1del de los jugadores m\u00e1s avanzados de la nueva temporada. Head Speed PRO X 2023. Una pala vers\u00e1til para un juego polivalente. Con tecnolog\u00eda innovadora \u00fanica de la marca como su Smart Bridge.","og_url":"https:\/\/revolutionpadelstore.com\/de\/produkt\/head-speed-pro-x-2023-1\/","og_site_name":"Revolution Padel Store","article_modified_time":"2026-04-08T13:00:33+00:00","og_image":[{"width":1500,"height":1500,"url":"https:\/\/revolutionpadelstore.com\/wp-content\/uploads\/2024\/03\/32512_head_speed_pro_x_202_221043_1500x1500_vista1_5836.webp","type":"image\/webp"}],"twitter_card":"summary_large_image","twitter_misc":{"Gesch\u00e4tzte Lesezeit":"2\u00a0Minuten"},"schema":{"@context":"https:\/\/schema.org","@graph":[{"@type":"WebPage","@id":"https:\/\/revolutionpadelstore.com\/de\/produkt\/head-speed-pro-x-2023-1\/","url":"https:\/\/revolutionpadelstore.com\/de\/produkt\/head-speed-pro-x-2023-1\/","name":"HEAD SPEED PRO X 2023 - Revolution Padel Store","isPartOf":{"@id":"https:\/\/revolutionpadelstore.com\/de\/#website"},"primaryImageOfPage":{"@id":"https:\/\/revolutionpadelstore.com\/de\/produkt\/head-speed-pro-x-2023-1\/#primaryimage"},"image":{"@id":"https:\/\/revolutionpadelstore.com\/de\/produkt\/head-speed-pro-x-2023-1\/#primaryimage"},"thumbnailUrl":"https:\/\/revolutionpadelstore.com\/wp-content\/uploads\/2024\/03\/32512_head_speed_pro_x_202_221043_1500x1500_vista1_5836.webp","datePublished":"2024-03-15T12:12:01+00:00","dateModified":"2026-04-08T13:00:33+00:00","description":"La pala de p\u00e1del de los jugadores m\u00e1s avanzados de la nueva temporada. Head Speed PRO X 2023. Una pala vers\u00e1til para un juego polivalente. Con tecnolog\u00eda innovadora \u00fanica de la marca como su Smart Bridge.","breadcrumb":{"@id":"https:\/\/revolutionpadelstore.com\/de\/produkt\/head-speed-pro-x-2023-1\/#breadcrumb"},"inLanguage":"de","potentialAction":[{"@type":"ReadAction","target":["https:\/\/revolutionpadelstore.com\/de\/produkt\/head-speed-pro-x-2023-1\/"]}]},{"@type":"ImageObject","inLanguage":"de","@id":"https:\/\/revolutionpadelstore.com\/de\/produkt\/head-speed-pro-x-2023-1\/#primaryimage","url":"https:\/\/revolutionpadelstore.com\/wp-content\/uploads\/2024\/03\/32512_head_speed_pro_x_202_221043_1500x1500_vista1_5836.webp","contentUrl":"https:\/\/revolutionpadelstore.com\/wp-content\/uploads\/2024\/03\/32512_head_speed_pro_x_202_221043_1500x1500_vista1_5836.webp","width":1500,"height":1500},{"@type":"BreadcrumbList","@id":"https:\/\/revolutionpadelstore.com\/de\/produkt\/head-speed-pro-x-2023-1\/#breadcrumb","itemListElement":[{"@type":"ListItem","position":1,"name":"Portada","item":"https:\/\/revolutionpadelstore.com\/de\/"},{"@type":"ListItem","position":2,"name":"Shop","item":"https:\/\/revolutionpadelstore.com\/de\/tienda\/"},{"@type":"ListItem","position":3,"name":"HEAD SPEED PRO X 2023"}]},{"@type":"WebSite","@id":"https:\/\/revolutionpadelstore.com\/de\/#website","url":"https:\/\/revolutionpadelstore.com\/de\/","name":"Revolution Padel Store","description":"","publisher":{"@id":"https:\/\/revolutionpadelstore.com\/de\/#organization"},"potentialAction":[{"@type":"SearchAction","target":{"@type":"EntryPoint","urlTemplate":"https:\/\/revolutionpadelstore.com\/de\/?s={search_term_string}"},"query-input":{"@type":"PropertyValueSpecification","valueRequired":true,"valueName":"search_term_string"}}],"inLanguage":"de"},{"@type":"Organization","@id":"https:\/\/revolutionpadelstore.com\/de\/#organization","name":"Revolution Padel Store","url":"https:\/\/revolutionpadelstore.com\/de\/","logo":{"@type":"ImageObject","inLanguage":"de","@id":"https:\/\/revolutionpadelstore.com\/de\/#\/schema\/logo\/image\/","url":"https:\/\/revolutionpadelstore.com\/wp-content\/uploads\/2026\/02\/revolution-padel-store.jpg","contentUrl":"https:\/\/revolutionpadelstore.com\/wp-content\/uploads\/2026\/02\/revolution-padel-store.jpg","width":2000,"height":2000,"caption":"Revolution Padel Store"},"image":{"@id":"https:\/\/revolutionpadelstore.com\/de\/#\/schema\/logo\/image\/"},"sameAs":["https:\/\/www.instagram.com\/revolutionpadelstore\/"]}]}},"_links":{"self":[{"href":"https:\/\/revolutionpadelstore.com\/de\/wp-json\/wp\/v2\/product\/20357","targetHints":{"allow":["GET"]}}],"collection":[{"href":"https:\/\/revolutionpadelstore.com\/de\/wp-json\/wp\/v2\/product"}],"about":[{"href":"https:\/\/revolutionpadelstore.com\/de\/wp-json\/wp\/v2\/types\/product"}],"replies":[{"embeddable":true,"href":"https:\/\/revolutionpadelstore.com\/de\/wp-json\/wp\/v2\/comments?post=20357"}],"wp:featuredmedia":[{"embeddable":true,"href":"https:\/\/revolutionpadelstore.com\/de\/wp-json\/wp\/v2\/media\/52289"}],"wp:attachment":[{"href":"https:\/\/revolutionpadelstore.com\/de\/wp-json\/wp\/v2\/media?parent=20357"}],"wp:term":[{"taxonomy":"acabado","embeddable":true,"href":"https:\/\/revolutionpadelstore.com\/de\/wp-json\/wp\/v2\/acabado?post=20357"},{"taxonomy":"balance","embeddable":true,"href":"https:\/\/revolutionpadelstore.com\/de\/wp-json\/wp\/v2\/balance?post=20357"},{"taxonomy":"dureza","embeddable":true,"href":"https:\/\/revolutionpadelstore.com\/de\/wp-json\/wp\/v2\/dureza?post=20357"},{"taxonomy":"forma","embeddable":true,"href":"https:\/\/revolutionpadelstore.com\/de\/wp-json\/wp\/v2\/forma?post=20357"},{"taxonomy":"jugador","embeddable":true,"href":"https:\/\/revolutionpadelstore.com\/de\/wp-json\/wp\/v2\/jugador?post=20357"},{"taxonomy":"marca","embeddable":true,"href":"https:\/\/revolutionpadelstore.com\/de\/wp-json\/wp\/v2\/marca?post=20357"},{"taxonomy":"nivel-de-juego","embeddable":true,"href":"https:\/\/revolutionpadelstore.com\/de\/wp-json\/wp\/v2\/nivel-de-juego?post=20357"},{"taxonomy":"superficie","embeddable":true,"href":"https:\/\/revolutionpadelstore.com\/de\/wp-json\/wp\/v2\/superficie?post=20357"},{"taxonomy":"tipo-de-juego","embeddable":true,"href":"https:\/\/revolutionpadelstore.com\/de\/wp-json\/wp\/v2\/tipo-de-juego?post=20357"},{"taxonomy":"product_brand","embeddable":true,"href":"https:\/\/revolutionpadelstore.com\/de\/wp-json\/wp\/v2\/product_brand?post=20357"},{"taxonomy":"product_cat","embeddable":true,"href":"https:\/\/revolutionpadelstore.com\/de\/wp-json\/wp\/v2\/product_cat?post=20357"},{"taxonomy":"product_tag","embeddable":true,"href":"https:\/\/revolutionpadelstore.com\/de\/wp-json\/wp\/v2\/product_tag?post=20357"}],"curies":[{"name":"wp","href":"https:\/\/api.w.org\/{rel}","templated":true}]}}