{"id":20347,"date":"2024-03-19T19:52:33","date_gmt":"2024-03-19T18:52:33","guid":{"rendered":"https:\/\/revolutionpadelstore.com\/head-speed-pro-2023\/"},"modified":"2026-04-08T14:59:21","modified_gmt":"2026-04-08T12:59:21","slug":"head-speed-pro-2023-1","status":"publish","type":"product","link":"https:\/\/revolutionpadelstore.com\/de\/produkt\/head-speed-pro-2023-1\/","title":{"rendered":"HEAD SPEED PRO 2023"},"content":{"rendered":"<h2>Head Speed \u200b\u200b\u200b\u200bPro, die beste Leistung mit einem unverwechselbaren Design<\/h2>\n<p>Der neue <strong>HEAD SPEED PRO 2023<\/strong>-Schl\u00e4ger hat ein modernes Design mit gl\u00e4nzender Oberfl\u00e4che, mit kupferfarbenen und schwarzen Details auf einer dunkelgrauen Grundfarbe. Diese Farbmetrik verleiht dem Schl\u00e4ger eine unvergleichliche N\u00fcchternheit und Eleganz, die Ihr Spiel zu etwas Sehenswertem machen wird.<\/p>\n<p>Das Modell 2023 ist eine aktualisierte und verbesserte Version seines Vorg\u00e4ngers aus dem letzten Jahr. Es wurde f\u00fcr fortgeschrittene Spieler entwickelt, die auf jedem Untergrund schneller angreifen und das ganze Spiel \u00fcber ausnutzen k\u00f6nnen, bis sie schlie\u00dflich den Sieg erringen. Es vereint perfekt <strong>Kontrolle und Kraft<\/strong>.<\/p>\n<p>Er hat eine Rautenform mit hoher Balance und einem reduzierten Sweet Spot, der zum Kopfbereich hin verschoben ist, sodass die St\u00e4rke dieses Schl\u00e4gers in der Kraft liegt. Es wird Ihr perfekter Verb\u00fcndeter bei Ihren Angriffsstrategien sein. <\/strong><\/p>\n<h2>Ein Padelschl\u00e4ger, der auf dem neuesten Stand der Technik ist<\/h2>\n<p>Es handelt sich um einen Schl\u00e4ger, der 5 Gramm leichter ist als die Version 2022 und \u00fcber eine Hybrid-Schlagzone aus <strong>Fiberglas und Carbon<\/strong> verf\u00fcgt. Auch das Spielgef\u00fchl wurde durch die Integration einer neuen weichen Ferse am Griff des Schl\u00e4gers verbessert.<\/p>\n<p>Es verf\u00fcgt au\u00dferdem \u00fcber einen eingebauten Polyethylen-Gummi, den Power Foam-Gummi, der einen kraftvollen und schnellen Schlag erm\u00f6glicht und die gleiche Ballleistung mit weniger Kraftaufwand erreicht wird.<\/p>\n<p>Andererseits verf\u00fcgt der SPEED PRO 2023 \u00fcber <em><strong>Graphene Inside<\/strong><\/em>-Technologien, die f\u00fcr <strong>gr\u00f6\u00dfere Stabilit\u00e4t<\/strong> sorgen, indem sie den Rahmen und den Tailored Frame verst\u00e4rken Der Abschnitt des Messerrohrs wurde individuell f\u00fcr maximale Leistung konstruiert.<\/p>\n<p>Dieser <strong>HEAD<\/strong>-Schl\u00e4ger hat dank der <strong>Auxetic<\/strong>-Technologie an Vielseitigkeit gewonnen, die das Schlaggef\u00fchl erheblich verbessert und bei jedem Schlag mehr Kraft bieten kann.<\/p>\n<p>Die Smart Bridge ihrerseits passt sich im Br\u00fcckenbereich an die Bed\u00fcrfnisse jeder Spielart an. Erw\u00e4hnenswert sind auch die <em><strong>Soft Butt Cap<\/strong><\/em>-Technologien und der <strong><em>Optimized Sweet Spot<\/em><\/strong><\/p>\n","protected":false},"excerpt":{"rendered":"<p>Der neue HEAD SPEED PRO 2023 wurde f\u00fcr fortgeschrittene Spieler entwickelt und ist ein vielseitiger Schl\u00e4ger, mit dem Sie auf dem Platz an Geschwindigkeit gewinnen.<\/p>\n","protected":false},"featured_media":52265,"comment_status":"open","ping_status":"closed","template":"","meta":{"_acf_changed":false,"_joinchat":[]},"acabado":[1079],"balance":[1134],"dureza":[1154],"forma":[1184],"jugador":[1189,1199],"marca":[1219],"nivel-de-juego":[1334],"superficie":[1354],"tipo-de-juego":[1374],"product_brand":[],"product_cat":[299],"product_tag":[],"class_list":{"0":"post-20347","1":"product","2":"type-product","3":"status-publish","4":"has-post-thumbnail","6":"acabado-helligkeit","7":"balance-hoch","8":"dureza-media-de","9":"forma-lagrima-de","10":"jugador-mann","11":"jugador-mehrzweck","12":"marca-kopf","13":"superficie-lisa-de","14":"tipo-de-juego-leistung","15":"product_cat-palas-de-padel-de","17":"first","18":"instock","19":"sale","20":"taxable","21":"shipping-taxable","22":"purchasable","23":"product-type-simple"},"acf":[],"yoast_head":"<!-- This site is optimized with the Yoast SEO plugin v27.4 - https:\/\/yoast.com\/product\/yoast-seo-wordpress\/ -->\n<title>HEAD SPEED PRO 2023 - Revolution Padel Store<\/title>\n<meta name=\"description\" content=\"Dise\u00f1ada para jugadores de nivel avanzado, aterriza en P\u0101del Nuestro la nueva HEAD SPEED PRO 2023. Es una pala polivalente con la que ganar\u00e1s velocidad en la pista.\" \/>\n<meta name=\"robots\" content=\"index, follow, max-snippet:-1, max-image-preview:large, max-video-preview:-1\" \/>\n<link rel=\"canonical\" href=\"https:\/\/revolutionpadelstore.com\/de\/produkt\/head-speed-pro-2023-1\/\" \/>\n<meta property=\"og:locale\" content=\"de_DE\" \/>\n<meta property=\"og:type\" content=\"article\" \/>\n<meta property=\"og:title\" content=\"HEAD SPEED PRO 2023 - Revolution Padel Store\" \/>\n<meta property=\"og:description\" content=\"Dise\u00f1ada para jugadores de nivel avanzado, aterriza en P\u0101del Nuestro la nueva HEAD SPEED PRO 2023. Es una pala polivalente con la que ganar\u00e1s velocidad en la pista.\" \/>\n<meta property=\"og:url\" content=\"https:\/\/revolutionpadelstore.com\/de\/produkt\/head-speed-pro-2023-1\/\" \/>\n<meta property=\"og:site_name\" content=\"Revolution Padel Store\" \/>\n<meta property=\"article:modified_time\" content=\"2026-04-08T12:59:21+00:00\" \/>\n<meta property=\"og:image\" content=\"https:\/\/revolutionpadelstore.com\/wp-content\/uploads\/2024\/03\/32509_head_speed_pro_2023_221013_1500x1500_vista1_3db9.webp\" \/>\n\t<meta property=\"og:image:width\" content=\"1500\" \/>\n\t<meta property=\"og:image:height\" content=\"1500\" \/>\n\t<meta property=\"og:image:type\" content=\"image\/webp\" \/>\n<meta name=\"twitter:card\" content=\"summary_large_image\" \/>\n<meta name=\"twitter:label1\" content=\"Gesch\u00e4tzte Lesezeit\" \/>\n\t<meta name=\"twitter:data1\" content=\"2\u00a0Minuten\" \/>\n<script type=\"application\/ld+json\" class=\"yoast-schema-graph\">{\"@context\":\"https:\\\/\\\/schema.org\",\"@graph\":[{\"@type\":\"WebPage\",\"@id\":\"https:\\\/\\\/revolutionpadelstore.com\\\/de\\\/produkt\\\/head-speed-pro-2023-1\\\/\",\"url\":\"https:\\\/\\\/revolutionpadelstore.com\\\/de\\\/produkt\\\/head-speed-pro-2023-1\\\/\",\"name\":\"HEAD SPEED PRO 2023 - Revolution Padel Store\",\"isPartOf\":{\"@id\":\"https:\\\/\\\/revolutionpadelstore.com\\\/de\\\/#website\"},\"primaryImageOfPage\":{\"@id\":\"https:\\\/\\\/revolutionpadelstore.com\\\/de\\\/produkt\\\/head-speed-pro-2023-1\\\/#primaryimage\"},\"image\":{\"@id\":\"https:\\\/\\\/revolutionpadelstore.com\\\/de\\\/produkt\\\/head-speed-pro-2023-1\\\/#primaryimage\"},\"thumbnailUrl\":\"https:\\\/\\\/revolutionpadelstore.com\\\/wp-content\\\/uploads\\\/2024\\\/03\\\/32509_head_speed_pro_2023_221013_1500x1500_vista1_3db9.webp\",\"datePublished\":\"2024-03-19T18:52:33+00:00\",\"dateModified\":\"2026-04-08T12:59:21+00:00\",\"description\":\"Dise\u00f1ada para jugadores de nivel avanzado, aterriza en P\u0101del Nuestro la nueva HEAD SPEED PRO 2023. Es una pala polivalente con la que ganar\u00e1s velocidad en la pista.\",\"breadcrumb\":{\"@id\":\"https:\\\/\\\/revolutionpadelstore.com\\\/de\\\/produkt\\\/head-speed-pro-2023-1\\\/#breadcrumb\"},\"inLanguage\":\"de\",\"potentialAction\":[{\"@type\":\"ReadAction\",\"target\":[\"https:\\\/\\\/revolutionpadelstore.com\\\/de\\\/produkt\\\/head-speed-pro-2023-1\\\/\"]}]},{\"@type\":\"ImageObject\",\"inLanguage\":\"de\",\"@id\":\"https:\\\/\\\/revolutionpadelstore.com\\\/de\\\/produkt\\\/head-speed-pro-2023-1\\\/#primaryimage\",\"url\":\"https:\\\/\\\/revolutionpadelstore.com\\\/wp-content\\\/uploads\\\/2024\\\/03\\\/32509_head_speed_pro_2023_221013_1500x1500_vista1_3db9.webp\",\"contentUrl\":\"https:\\\/\\\/revolutionpadelstore.com\\\/wp-content\\\/uploads\\\/2024\\\/03\\\/32509_head_speed_pro_2023_221013_1500x1500_vista1_3db9.webp\",\"width\":1500,\"height\":1500},{\"@type\":\"BreadcrumbList\",\"@id\":\"https:\\\/\\\/revolutionpadelstore.com\\\/de\\\/produkt\\\/head-speed-pro-2023-1\\\/#breadcrumb\",\"itemListElement\":[{\"@type\":\"ListItem\",\"position\":1,\"name\":\"Portada\",\"item\":\"https:\\\/\\\/revolutionpadelstore.com\\\/de\\\/\"},{\"@type\":\"ListItem\",\"position\":2,\"name\":\"Shop\",\"item\":\"https:\\\/\\\/revolutionpadelstore.com\\\/de\\\/tienda\\\/\"},{\"@type\":\"ListItem\",\"position\":3,\"name\":\"HEAD SPEED PRO 2023\"}]},{\"@type\":\"WebSite\",\"@id\":\"https:\\\/\\\/revolutionpadelstore.com\\\/de\\\/#website\",\"url\":\"https:\\\/\\\/revolutionpadelstore.com\\\/de\\\/\",\"name\":\"Revolution Padel Store\",\"description\":\"\",\"publisher\":{\"@id\":\"https:\\\/\\\/revolutionpadelstore.com\\\/de\\\/#organization\"},\"potentialAction\":[{\"@type\":\"SearchAction\",\"target\":{\"@type\":\"EntryPoint\",\"urlTemplate\":\"https:\\\/\\\/revolutionpadelstore.com\\\/de\\\/?s={search_term_string}\"},\"query-input\":{\"@type\":\"PropertyValueSpecification\",\"valueRequired\":true,\"valueName\":\"search_term_string\"}}],\"inLanguage\":\"de\"},{\"@type\":\"Organization\",\"@id\":\"https:\\\/\\\/revolutionpadelstore.com\\\/de\\\/#organization\",\"name\":\"Revolution Padel Store\",\"url\":\"https:\\\/\\\/revolutionpadelstore.com\\\/de\\\/\",\"logo\":{\"@type\":\"ImageObject\",\"inLanguage\":\"de\",\"@id\":\"https:\\\/\\\/revolutionpadelstore.com\\\/de\\\/#\\\/schema\\\/logo\\\/image\\\/\",\"url\":\"https:\\\/\\\/revolutionpadelstore.com\\\/wp-content\\\/uploads\\\/2026\\\/02\\\/revolution-padel-store.jpg\",\"contentUrl\":\"https:\\\/\\\/revolutionpadelstore.com\\\/wp-content\\\/uploads\\\/2026\\\/02\\\/revolution-padel-store.jpg\",\"width\":2000,\"height\":2000,\"caption\":\"Revolution Padel Store\"},\"image\":{\"@id\":\"https:\\\/\\\/revolutionpadelstore.com\\\/de\\\/#\\\/schema\\\/logo\\\/image\\\/\"},\"sameAs\":[\"https:\\\/\\\/www.instagram.com\\\/revolutionpadelstore\\\/\"]}]}<\/script>\n<!-- \/ Yoast SEO plugin. -->","yoast_head_json":{"title":"HEAD SPEED PRO 2023 - Revolution Padel Store","description":"Dise\u00f1ada para jugadores de nivel avanzado, aterriza en P\u0101del Nuestro la nueva HEAD SPEED PRO 2023. Es una pala polivalente con la que ganar\u00e1s velocidad en la pista.","robots":{"index":"index","follow":"follow","max-snippet":"max-snippet:-1","max-image-preview":"max-image-preview:large","max-video-preview":"max-video-preview:-1"},"canonical":"https:\/\/revolutionpadelstore.com\/de\/produkt\/head-speed-pro-2023-1\/","og_locale":"de_DE","og_type":"article","og_title":"HEAD SPEED PRO 2023 - Revolution Padel Store","og_description":"Dise\u00f1ada para jugadores de nivel avanzado, aterriza en P\u0101del Nuestro la nueva HEAD SPEED PRO 2023. Es una pala polivalente con la que ganar\u00e1s velocidad en la pista.","og_url":"https:\/\/revolutionpadelstore.com\/de\/produkt\/head-speed-pro-2023-1\/","og_site_name":"Revolution Padel Store","article_modified_time":"2026-04-08T12:59:21+00:00","og_image":[{"width":1500,"height":1500,"url":"https:\/\/revolutionpadelstore.com\/wp-content\/uploads\/2024\/03\/32509_head_speed_pro_2023_221013_1500x1500_vista1_3db9.webp","type":"image\/webp"}],"twitter_card":"summary_large_image","twitter_misc":{"Gesch\u00e4tzte Lesezeit":"2\u00a0Minuten"},"schema":{"@context":"https:\/\/schema.org","@graph":[{"@type":"WebPage","@id":"https:\/\/revolutionpadelstore.com\/de\/produkt\/head-speed-pro-2023-1\/","url":"https:\/\/revolutionpadelstore.com\/de\/produkt\/head-speed-pro-2023-1\/","name":"HEAD SPEED PRO 2023 - Revolution Padel Store","isPartOf":{"@id":"https:\/\/revolutionpadelstore.com\/de\/#website"},"primaryImageOfPage":{"@id":"https:\/\/revolutionpadelstore.com\/de\/produkt\/head-speed-pro-2023-1\/#primaryimage"},"image":{"@id":"https:\/\/revolutionpadelstore.com\/de\/produkt\/head-speed-pro-2023-1\/#primaryimage"},"thumbnailUrl":"https:\/\/revolutionpadelstore.com\/wp-content\/uploads\/2024\/03\/32509_head_speed_pro_2023_221013_1500x1500_vista1_3db9.webp","datePublished":"2024-03-19T18:52:33+00:00","dateModified":"2026-04-08T12:59:21+00:00","description":"Dise\u00f1ada para jugadores de nivel avanzado, aterriza en P\u0101del Nuestro la nueva HEAD SPEED PRO 2023. Es una pala polivalente con la que ganar\u00e1s velocidad en la pista.","breadcrumb":{"@id":"https:\/\/revolutionpadelstore.com\/de\/produkt\/head-speed-pro-2023-1\/#breadcrumb"},"inLanguage":"de","potentialAction":[{"@type":"ReadAction","target":["https:\/\/revolutionpadelstore.com\/de\/produkt\/head-speed-pro-2023-1\/"]}]},{"@type":"ImageObject","inLanguage":"de","@id":"https:\/\/revolutionpadelstore.com\/de\/produkt\/head-speed-pro-2023-1\/#primaryimage","url":"https:\/\/revolutionpadelstore.com\/wp-content\/uploads\/2024\/03\/32509_head_speed_pro_2023_221013_1500x1500_vista1_3db9.webp","contentUrl":"https:\/\/revolutionpadelstore.com\/wp-content\/uploads\/2024\/03\/32509_head_speed_pro_2023_221013_1500x1500_vista1_3db9.webp","width":1500,"height":1500},{"@type":"BreadcrumbList","@id":"https:\/\/revolutionpadelstore.com\/de\/produkt\/head-speed-pro-2023-1\/#breadcrumb","itemListElement":[{"@type":"ListItem","position":1,"name":"Portada","item":"https:\/\/revolutionpadelstore.com\/de\/"},{"@type":"ListItem","position":2,"name":"Shop","item":"https:\/\/revolutionpadelstore.com\/de\/tienda\/"},{"@type":"ListItem","position":3,"name":"HEAD SPEED PRO 2023"}]},{"@type":"WebSite","@id":"https:\/\/revolutionpadelstore.com\/de\/#website","url":"https:\/\/revolutionpadelstore.com\/de\/","name":"Revolution Padel Store","description":"","publisher":{"@id":"https:\/\/revolutionpadelstore.com\/de\/#organization"},"potentialAction":[{"@type":"SearchAction","target":{"@type":"EntryPoint","urlTemplate":"https:\/\/revolutionpadelstore.com\/de\/?s={search_term_string}"},"query-input":{"@type":"PropertyValueSpecification","valueRequired":true,"valueName":"search_term_string"}}],"inLanguage":"de"},{"@type":"Organization","@id":"https:\/\/revolutionpadelstore.com\/de\/#organization","name":"Revolution Padel Store","url":"https:\/\/revolutionpadelstore.com\/de\/","logo":{"@type":"ImageObject","inLanguage":"de","@id":"https:\/\/revolutionpadelstore.com\/de\/#\/schema\/logo\/image\/","url":"https:\/\/revolutionpadelstore.com\/wp-content\/uploads\/2026\/02\/revolution-padel-store.jpg","contentUrl":"https:\/\/revolutionpadelstore.com\/wp-content\/uploads\/2026\/02\/revolution-padel-store.jpg","width":2000,"height":2000,"caption":"Revolution Padel Store"},"image":{"@id":"https:\/\/revolutionpadelstore.com\/de\/#\/schema\/logo\/image\/"},"sameAs":["https:\/\/www.instagram.com\/revolutionpadelstore\/"]}]}},"_links":{"self":[{"href":"https:\/\/revolutionpadelstore.com\/de\/wp-json\/wp\/v2\/product\/20347","targetHints":{"allow":["GET"]}}],"collection":[{"href":"https:\/\/revolutionpadelstore.com\/de\/wp-json\/wp\/v2\/product"}],"about":[{"href":"https:\/\/revolutionpadelstore.com\/de\/wp-json\/wp\/v2\/types\/product"}],"replies":[{"embeddable":true,"href":"https:\/\/revolutionpadelstore.com\/de\/wp-json\/wp\/v2\/comments?post=20347"}],"wp:featuredmedia":[{"embeddable":true,"href":"https:\/\/revolutionpadelstore.com\/de\/wp-json\/wp\/v2\/media\/52265"}],"wp:attachment":[{"href":"https:\/\/revolutionpadelstore.com\/de\/wp-json\/wp\/v2\/media?parent=20347"}],"wp:term":[{"taxonomy":"acabado","embeddable":true,"href":"https:\/\/revolutionpadelstore.com\/de\/wp-json\/wp\/v2\/acabado?post=20347"},{"taxonomy":"balance","embeddable":true,"href":"https:\/\/revolutionpadelstore.com\/de\/wp-json\/wp\/v2\/balance?post=20347"},{"taxonomy":"dureza","embeddable":true,"href":"https:\/\/revolutionpadelstore.com\/de\/wp-json\/wp\/v2\/dureza?post=20347"},{"taxonomy":"forma","embeddable":true,"href":"https:\/\/revolutionpadelstore.com\/de\/wp-json\/wp\/v2\/forma?post=20347"},{"taxonomy":"jugador","embeddable":true,"href":"https:\/\/revolutionpadelstore.com\/de\/wp-json\/wp\/v2\/jugador?post=20347"},{"taxonomy":"marca","embeddable":true,"href":"https:\/\/revolutionpadelstore.com\/de\/wp-json\/wp\/v2\/marca?post=20347"},{"taxonomy":"nivel-de-juego","embeddable":true,"href":"https:\/\/revolutionpadelstore.com\/de\/wp-json\/wp\/v2\/nivel-de-juego?post=20347"},{"taxonomy":"superficie","embeddable":true,"href":"https:\/\/revolutionpadelstore.com\/de\/wp-json\/wp\/v2\/superficie?post=20347"},{"taxonomy":"tipo-de-juego","embeddable":true,"href":"https:\/\/revolutionpadelstore.com\/de\/wp-json\/wp\/v2\/tipo-de-juego?post=20347"},{"taxonomy":"product_brand","embeddable":true,"href":"https:\/\/revolutionpadelstore.com\/de\/wp-json\/wp\/v2\/product_brand?post=20347"},{"taxonomy":"product_cat","embeddable":true,"href":"https:\/\/revolutionpadelstore.com\/de\/wp-json\/wp\/v2\/product_cat?post=20347"},{"taxonomy":"product_tag","embeddable":true,"href":"https:\/\/revolutionpadelstore.com\/de\/wp-json\/wp\/v2\/product_tag?post=20347"}],"curies":[{"name":"wp","href":"https:\/\/api.w.org\/{rel}","templated":true}]}}