{"id":20342,"date":"2024-03-19T19:57:26","date_gmt":"2024-03-19T18:57:26","guid":{"rendered":"https:\/\/revolutionpadelstore.com\/head-speed-motion-2023\/"},"modified":"2026-04-08T14:58:43","modified_gmt":"2026-04-08T12:58:43","slug":"head-speed-motion-2023-1","status":"publish","type":"product","link":"https:\/\/revolutionpadelstore.com\/de\/produkt\/head-speed-motion-2023-1\/","title":{"rendered":"HEAD SPEED MOTION 2023"},"content":{"rendered":"<h2>Heben Sie sich in Ihren Spielen von der Masse ab dank SPEED MOTION 2023 von HEAD<\/h2>\n<p><strong>P\u0101del Nuestro<\/strong> bietet Ihnen die besten Produkte. Aus diesem Grund pr\u00e4sentieren wir Ihnen die neue Linie der Marke <strong>HEAD<\/strong>, die neue Kollektion der <strong>SPEED<\/strong>-Reihe. Der leichteste Schl\u00e4ger in dieser Kategorie ist der <strong>SPEED MOTION 2023.<\/strong><\/p>\n<p>Der neue Schl\u00e4ger SPEED MOTION 2023 ist ein super vielseitiger und sehr handlicher Schl\u00e4ger, der Ihnen ein Hochgeschwindigkeitsspiel erm\u00f6glicht. Mit diesem tropfenf\u00f6rmigen Schl\u00e4ger und der mittleren Balance k\u00f6nnen fortgeschrittene Spieler viel schneller spielen und ein dynamisches Spiel erzielen.<\/p>\n<p>Unterst\u00fctzt von der Profispielerin <strong>Ariana S\u00e1nchez<\/strong> finden wir auf der Au\u00dfenseite des <strong>SPEED MOTION 2023<\/strong> eine Hybrid-Schlagzone aus <strong>Carbon und Fiberglas<\/strong> Im inneren Kern des Schl\u00e4gers befindet sich der <strong> Gummi <em>Power Foam<\/em><\/strong>, der Ihnen bei jedem Schlag Geschwindigkeit und Kraft verleiht.<\/p>\n<h3>Mit dem neuen HEAD SPEED MOTION 2023 gewinnen Sie sowohl an Kraft als auch an Kontrolle<\/h3>\n<p>Wenn wir \u00fcber die Technologien sprechen, die dieser gro\u00dfartige Schl\u00e4ger beinhaltet, ist es unumg\u00e4nglich, die Star-Technologie dieses Schl\u00e4gers zu erw\u00e4hnen, die <em><strong>Auxetic<\/strong><\/em>, die f\u00fcr ein besseres Schlaggef\u00fchl sorgt und auch viel mehr Kraft beim Schlagen<\/p>\n<p>Ein gutes Material f\u00fcr die Verwendung im Inneren des Schl\u00e4gers ist Graphen. Aus diesem Grund wurde der Rahmen mit <strong><em>Graphene Inside<\/em><\/strong> verst\u00e4rkt, was dem Spieler mehr Stabilit\u00e4t, aber auch die M\u00f6glichkeit bietet Optimierung der Energie\u00fcbertragung, die durch das Schl\u00e4gerblatt zum Ball gelangt.<\/p>\n<p>Ein weiteres wichtiges Detail ist, dass auf dem integrierten IBS2-Protektor (<em><strong>Integrated Bumper System 2<\/strong><\/em>) die <strong>Anti Shock Skin<\/strong>-Technologie angebracht wurde Hochwertiges Polymer, das den Schl\u00e4ger vor m\u00f6glichen St\u00f6\u00dfen und Kratzern sch\u00fctzt, denen er w\u00e4hrend eines Spiels ausgesetzt sein k\u00f6nnte. Ebenso wurde dem Griff ein neuer <strong>weicher Absatz<\/strong> hinzugef\u00fcgt, der die Haptik verbessert, indem er ihn weicher macht.<\/p>\n<h2>Destaca en tus partidos gracias a la SPEED MOTION 2023 de HEAD<\/h2>\n","protected":false},"excerpt":{"rendered":"<p>Mit der innovativen Auxetic-Technologie wird der neue Schl\u00e4ger HEAD SPEED MOTION 2023 von Ari S\u00e1nchez empfohlen und verf\u00fcgt \u00fcber ein modernes Design, das Schwarz und Kupfer kombiniert.<\/p>\n","protected":false},"featured_media":52253,"comment_status":"open","ping_status":"closed","template":"","meta":{"_acf_changed":false,"_joinchat":[]},"acabado":[1079],"balance":[1134],"dureza":[1154],"forma":[1184],"jugador":[1189,1199],"marca":[1219],"nivel-de-juego":[1334],"superficie":[1354],"tipo-de-juego":[1374],"product_brand":[],"product_cat":[299],"product_tag":[],"class_list":{"0":"post-20342","1":"product","2":"type-product","3":"status-publish","4":"has-post-thumbnail","6":"acabado-helligkeit","7":"balance-hoch","8":"dureza-media-de","9":"forma-lagrima-de","10":"jugador-mann","11":"jugador-mehrzweck","12":"marca-kopf","13":"superficie-lisa-de","14":"tipo-de-juego-leistung","15":"product_cat-palas-de-padel-de","17":"first","18":"instock","19":"sale","20":"taxable","21":"shipping-taxable","22":"purchasable","23":"product-type-simple"},"acf":[],"yoast_head":"<!-- This site is optimized with the Yoast SEO plugin v27.4 - https:\/\/yoast.com\/product\/yoast-seo-wordpress\/ -->\n<title>HEAD SPEED MOTION 2023 - Revolution Padel Store<\/title>\n<meta name=\"description\" content=\"Con la innovadora tecnolog\u00eda Auxetic, la nueva pala HEAD SPEED MOTION 2023, est\u00e1 avalada por Ari S\u00e1nchez y tiene un dise\u00f1o moderno que combina el negro y el cobre.\" \/>\n<meta name=\"robots\" content=\"index, follow, max-snippet:-1, max-image-preview:large, max-video-preview:-1\" \/>\n<link rel=\"canonical\" href=\"https:\/\/revolutionpadelstore.com\/de\/produkt\/head-speed-motion-2023-1\/\" \/>\n<meta property=\"og:locale\" content=\"de_DE\" \/>\n<meta property=\"og:type\" content=\"article\" \/>\n<meta property=\"og:title\" content=\"HEAD SPEED MOTION 2023 - Revolution Padel Store\" \/>\n<meta property=\"og:description\" content=\"Con la innovadora tecnolog\u00eda Auxetic, la nueva pala HEAD SPEED MOTION 2023, est\u00e1 avalada por Ari S\u00e1nchez y tiene un dise\u00f1o moderno que combina el negro y el cobre.\" \/>\n<meta property=\"og:url\" content=\"https:\/\/revolutionpadelstore.com\/de\/produkt\/head-speed-motion-2023-1\/\" \/>\n<meta property=\"og:site_name\" content=\"Revolution Padel Store\" \/>\n<meta property=\"article:modified_time\" content=\"2026-04-08T12:58:43+00:00\" \/>\n<meta property=\"og:image\" content=\"https:\/\/revolutionpadelstore.com\/wp-content\/uploads\/2024\/03\/head_speed_motion_2023_221023_32510_1_2eaf.webp\" \/>\n\t<meta property=\"og:image:width\" content=\"1500\" \/>\n\t<meta property=\"og:image:height\" content=\"1500\" \/>\n\t<meta property=\"og:image:type\" content=\"image\/webp\" \/>\n<meta name=\"twitter:card\" content=\"summary_large_image\" \/>\n<meta name=\"twitter:label1\" content=\"Gesch\u00e4tzte Lesezeit\" \/>\n\t<meta name=\"twitter:data1\" content=\"2\u00a0Minuten\" \/>\n<script type=\"application\/ld+json\" class=\"yoast-schema-graph\">{\"@context\":\"https:\\\/\\\/schema.org\",\"@graph\":[{\"@type\":\"WebPage\",\"@id\":\"https:\\\/\\\/revolutionpadelstore.com\\\/de\\\/produkt\\\/head-speed-motion-2023-1\\\/\",\"url\":\"https:\\\/\\\/revolutionpadelstore.com\\\/de\\\/produkt\\\/head-speed-motion-2023-1\\\/\",\"name\":\"HEAD SPEED MOTION 2023 - Revolution Padel Store\",\"isPartOf\":{\"@id\":\"https:\\\/\\\/revolutionpadelstore.com\\\/de\\\/#website\"},\"primaryImageOfPage\":{\"@id\":\"https:\\\/\\\/revolutionpadelstore.com\\\/de\\\/produkt\\\/head-speed-motion-2023-1\\\/#primaryimage\"},\"image\":{\"@id\":\"https:\\\/\\\/revolutionpadelstore.com\\\/de\\\/produkt\\\/head-speed-motion-2023-1\\\/#primaryimage\"},\"thumbnailUrl\":\"https:\\\/\\\/revolutionpadelstore.com\\\/wp-content\\\/uploads\\\/2024\\\/03\\\/head_speed_motion_2023_221023_32510_1_2eaf.webp\",\"datePublished\":\"2024-03-19T18:57:26+00:00\",\"dateModified\":\"2026-04-08T12:58:43+00:00\",\"description\":\"Con la innovadora tecnolog\u00eda Auxetic, la nueva pala HEAD SPEED MOTION 2023, est\u00e1 avalada por Ari S\u00e1nchez y tiene un dise\u00f1o moderno que combina el negro y el cobre.\",\"breadcrumb\":{\"@id\":\"https:\\\/\\\/revolutionpadelstore.com\\\/de\\\/produkt\\\/head-speed-motion-2023-1\\\/#breadcrumb\"},\"inLanguage\":\"de\",\"potentialAction\":[{\"@type\":\"ReadAction\",\"target\":[\"https:\\\/\\\/revolutionpadelstore.com\\\/de\\\/produkt\\\/head-speed-motion-2023-1\\\/\"]}]},{\"@type\":\"ImageObject\",\"inLanguage\":\"de\",\"@id\":\"https:\\\/\\\/revolutionpadelstore.com\\\/de\\\/produkt\\\/head-speed-motion-2023-1\\\/#primaryimage\",\"url\":\"https:\\\/\\\/revolutionpadelstore.com\\\/wp-content\\\/uploads\\\/2024\\\/03\\\/head_speed_motion_2023_221023_32510_1_2eaf.webp\",\"contentUrl\":\"https:\\\/\\\/revolutionpadelstore.com\\\/wp-content\\\/uploads\\\/2024\\\/03\\\/head_speed_motion_2023_221023_32510_1_2eaf.webp\",\"width\":1500,\"height\":1500},{\"@type\":\"BreadcrumbList\",\"@id\":\"https:\\\/\\\/revolutionpadelstore.com\\\/de\\\/produkt\\\/head-speed-motion-2023-1\\\/#breadcrumb\",\"itemListElement\":[{\"@type\":\"ListItem\",\"position\":1,\"name\":\"Portada\",\"item\":\"https:\\\/\\\/revolutionpadelstore.com\\\/de\\\/\"},{\"@type\":\"ListItem\",\"position\":2,\"name\":\"Shop\",\"item\":\"https:\\\/\\\/revolutionpadelstore.com\\\/de\\\/tienda\\\/\"},{\"@type\":\"ListItem\",\"position\":3,\"name\":\"HEAD SPEED MOTION 2023\"}]},{\"@type\":\"WebSite\",\"@id\":\"https:\\\/\\\/revolutionpadelstore.com\\\/de\\\/#website\",\"url\":\"https:\\\/\\\/revolutionpadelstore.com\\\/de\\\/\",\"name\":\"Revolution Padel Store\",\"description\":\"\",\"publisher\":{\"@id\":\"https:\\\/\\\/revolutionpadelstore.com\\\/de\\\/#organization\"},\"potentialAction\":[{\"@type\":\"SearchAction\",\"target\":{\"@type\":\"EntryPoint\",\"urlTemplate\":\"https:\\\/\\\/revolutionpadelstore.com\\\/de\\\/?s={search_term_string}\"},\"query-input\":{\"@type\":\"PropertyValueSpecification\",\"valueRequired\":true,\"valueName\":\"search_term_string\"}}],\"inLanguage\":\"de\"},{\"@type\":\"Organization\",\"@id\":\"https:\\\/\\\/revolutionpadelstore.com\\\/de\\\/#organization\",\"name\":\"Revolution Padel Store\",\"url\":\"https:\\\/\\\/revolutionpadelstore.com\\\/de\\\/\",\"logo\":{\"@type\":\"ImageObject\",\"inLanguage\":\"de\",\"@id\":\"https:\\\/\\\/revolutionpadelstore.com\\\/de\\\/#\\\/schema\\\/logo\\\/image\\\/\",\"url\":\"https:\\\/\\\/revolutionpadelstore.com\\\/wp-content\\\/uploads\\\/2026\\\/02\\\/revolution-padel-store.jpg\",\"contentUrl\":\"https:\\\/\\\/revolutionpadelstore.com\\\/wp-content\\\/uploads\\\/2026\\\/02\\\/revolution-padel-store.jpg\",\"width\":2000,\"height\":2000,\"caption\":\"Revolution Padel Store\"},\"image\":{\"@id\":\"https:\\\/\\\/revolutionpadelstore.com\\\/de\\\/#\\\/schema\\\/logo\\\/image\\\/\"},\"sameAs\":[\"https:\\\/\\\/www.instagram.com\\\/revolutionpadelstore\\\/\"]}]}<\/script>\n<!-- \/ Yoast SEO plugin. -->","yoast_head_json":{"title":"HEAD SPEED MOTION 2023 - Revolution Padel Store","description":"Con la innovadora tecnolog\u00eda Auxetic, la nueva pala HEAD SPEED MOTION 2023, est\u00e1 avalada por Ari S\u00e1nchez y tiene un dise\u00f1o moderno que combina el negro y el cobre.","robots":{"index":"index","follow":"follow","max-snippet":"max-snippet:-1","max-image-preview":"max-image-preview:large","max-video-preview":"max-video-preview:-1"},"canonical":"https:\/\/revolutionpadelstore.com\/de\/produkt\/head-speed-motion-2023-1\/","og_locale":"de_DE","og_type":"article","og_title":"HEAD SPEED MOTION 2023 - Revolution Padel Store","og_description":"Con la innovadora tecnolog\u00eda Auxetic, la nueva pala HEAD SPEED MOTION 2023, est\u00e1 avalada por Ari S\u00e1nchez y tiene un dise\u00f1o moderno que combina el negro y el cobre.","og_url":"https:\/\/revolutionpadelstore.com\/de\/produkt\/head-speed-motion-2023-1\/","og_site_name":"Revolution Padel Store","article_modified_time":"2026-04-08T12:58:43+00:00","og_image":[{"width":1500,"height":1500,"url":"https:\/\/revolutionpadelstore.com\/wp-content\/uploads\/2024\/03\/head_speed_motion_2023_221023_32510_1_2eaf.webp","type":"image\/webp"}],"twitter_card":"summary_large_image","twitter_misc":{"Gesch\u00e4tzte Lesezeit":"2\u00a0Minuten"},"schema":{"@context":"https:\/\/schema.org","@graph":[{"@type":"WebPage","@id":"https:\/\/revolutionpadelstore.com\/de\/produkt\/head-speed-motion-2023-1\/","url":"https:\/\/revolutionpadelstore.com\/de\/produkt\/head-speed-motion-2023-1\/","name":"HEAD SPEED MOTION 2023 - Revolution Padel Store","isPartOf":{"@id":"https:\/\/revolutionpadelstore.com\/de\/#website"},"primaryImageOfPage":{"@id":"https:\/\/revolutionpadelstore.com\/de\/produkt\/head-speed-motion-2023-1\/#primaryimage"},"image":{"@id":"https:\/\/revolutionpadelstore.com\/de\/produkt\/head-speed-motion-2023-1\/#primaryimage"},"thumbnailUrl":"https:\/\/revolutionpadelstore.com\/wp-content\/uploads\/2024\/03\/head_speed_motion_2023_221023_32510_1_2eaf.webp","datePublished":"2024-03-19T18:57:26+00:00","dateModified":"2026-04-08T12:58:43+00:00","description":"Con la innovadora tecnolog\u00eda Auxetic, la nueva pala HEAD SPEED MOTION 2023, est\u00e1 avalada por Ari S\u00e1nchez y tiene un dise\u00f1o moderno que combina el negro y el cobre.","breadcrumb":{"@id":"https:\/\/revolutionpadelstore.com\/de\/produkt\/head-speed-motion-2023-1\/#breadcrumb"},"inLanguage":"de","potentialAction":[{"@type":"ReadAction","target":["https:\/\/revolutionpadelstore.com\/de\/produkt\/head-speed-motion-2023-1\/"]}]},{"@type":"ImageObject","inLanguage":"de","@id":"https:\/\/revolutionpadelstore.com\/de\/produkt\/head-speed-motion-2023-1\/#primaryimage","url":"https:\/\/revolutionpadelstore.com\/wp-content\/uploads\/2024\/03\/head_speed_motion_2023_221023_32510_1_2eaf.webp","contentUrl":"https:\/\/revolutionpadelstore.com\/wp-content\/uploads\/2024\/03\/head_speed_motion_2023_221023_32510_1_2eaf.webp","width":1500,"height":1500},{"@type":"BreadcrumbList","@id":"https:\/\/revolutionpadelstore.com\/de\/produkt\/head-speed-motion-2023-1\/#breadcrumb","itemListElement":[{"@type":"ListItem","position":1,"name":"Portada","item":"https:\/\/revolutionpadelstore.com\/de\/"},{"@type":"ListItem","position":2,"name":"Shop","item":"https:\/\/revolutionpadelstore.com\/de\/tienda\/"},{"@type":"ListItem","position":3,"name":"HEAD SPEED MOTION 2023"}]},{"@type":"WebSite","@id":"https:\/\/revolutionpadelstore.com\/de\/#website","url":"https:\/\/revolutionpadelstore.com\/de\/","name":"Revolution Padel Store","description":"","publisher":{"@id":"https:\/\/revolutionpadelstore.com\/de\/#organization"},"potentialAction":[{"@type":"SearchAction","target":{"@type":"EntryPoint","urlTemplate":"https:\/\/revolutionpadelstore.com\/de\/?s={search_term_string}"},"query-input":{"@type":"PropertyValueSpecification","valueRequired":true,"valueName":"search_term_string"}}],"inLanguage":"de"},{"@type":"Organization","@id":"https:\/\/revolutionpadelstore.com\/de\/#organization","name":"Revolution Padel Store","url":"https:\/\/revolutionpadelstore.com\/de\/","logo":{"@type":"ImageObject","inLanguage":"de","@id":"https:\/\/revolutionpadelstore.com\/de\/#\/schema\/logo\/image\/","url":"https:\/\/revolutionpadelstore.com\/wp-content\/uploads\/2026\/02\/revolution-padel-store.jpg","contentUrl":"https:\/\/revolutionpadelstore.com\/wp-content\/uploads\/2026\/02\/revolution-padel-store.jpg","width":2000,"height":2000,"caption":"Revolution Padel Store"},"image":{"@id":"https:\/\/revolutionpadelstore.com\/de\/#\/schema\/logo\/image\/"},"sameAs":["https:\/\/www.instagram.com\/revolutionpadelstore\/"]}]}},"_links":{"self":[{"href":"https:\/\/revolutionpadelstore.com\/de\/wp-json\/wp\/v2\/product\/20342","targetHints":{"allow":["GET"]}}],"collection":[{"href":"https:\/\/revolutionpadelstore.com\/de\/wp-json\/wp\/v2\/product"}],"about":[{"href":"https:\/\/revolutionpadelstore.com\/de\/wp-json\/wp\/v2\/types\/product"}],"replies":[{"embeddable":true,"href":"https:\/\/revolutionpadelstore.com\/de\/wp-json\/wp\/v2\/comments?post=20342"}],"wp:featuredmedia":[{"embeddable":true,"href":"https:\/\/revolutionpadelstore.com\/de\/wp-json\/wp\/v2\/media\/52253"}],"wp:attachment":[{"href":"https:\/\/revolutionpadelstore.com\/de\/wp-json\/wp\/v2\/media?parent=20342"}],"wp:term":[{"taxonomy":"acabado","embeddable":true,"href":"https:\/\/revolutionpadelstore.com\/de\/wp-json\/wp\/v2\/acabado?post=20342"},{"taxonomy":"balance","embeddable":true,"href":"https:\/\/revolutionpadelstore.com\/de\/wp-json\/wp\/v2\/balance?post=20342"},{"taxonomy":"dureza","embeddable":true,"href":"https:\/\/revolutionpadelstore.com\/de\/wp-json\/wp\/v2\/dureza?post=20342"},{"taxonomy":"forma","embeddable":true,"href":"https:\/\/revolutionpadelstore.com\/de\/wp-json\/wp\/v2\/forma?post=20342"},{"taxonomy":"jugador","embeddable":true,"href":"https:\/\/revolutionpadelstore.com\/de\/wp-json\/wp\/v2\/jugador?post=20342"},{"taxonomy":"marca","embeddable":true,"href":"https:\/\/revolutionpadelstore.com\/de\/wp-json\/wp\/v2\/marca?post=20342"},{"taxonomy":"nivel-de-juego","embeddable":true,"href":"https:\/\/revolutionpadelstore.com\/de\/wp-json\/wp\/v2\/nivel-de-juego?post=20342"},{"taxonomy":"superficie","embeddable":true,"href":"https:\/\/revolutionpadelstore.com\/de\/wp-json\/wp\/v2\/superficie?post=20342"},{"taxonomy":"tipo-de-juego","embeddable":true,"href":"https:\/\/revolutionpadelstore.com\/de\/wp-json\/wp\/v2\/tipo-de-juego?post=20342"},{"taxonomy":"product_brand","embeddable":true,"href":"https:\/\/revolutionpadelstore.com\/de\/wp-json\/wp\/v2\/product_brand?post=20342"},{"taxonomy":"product_cat","embeddable":true,"href":"https:\/\/revolutionpadelstore.com\/de\/wp-json\/wp\/v2\/product_cat?post=20342"},{"taxonomy":"product_tag","embeddable":true,"href":"https:\/\/revolutionpadelstore.com\/de\/wp-json\/wp\/v2\/product_tag?post=20342"}],"curies":[{"name":"wp","href":"https:\/\/api.w.org\/{rel}","templated":true}]}}