{"id":20337,"date":"2024-03-19T20:06:37","date_gmt":"2024-03-19T19:06:37","guid":{"rendered":"https:\/\/revolutionpadelstore.com\/head-speed-elite-2023\/"},"modified":"2026-04-14T14:01:54","modified_gmt":"2026-04-14T12:01:54","slug":"head-speed-elite-2023-1","status":"publish","type":"product","link":"https:\/\/revolutionpadelstore.com\/de\/produkt\/head-speed-elite-2023-1\/","title":{"rendered":"HEAD SPEED ELITE 2023"},"content":{"rendered":"<h2>Head Speed \u200b\u200b\u200b\u200bElite 2023, ein High-End-Padelschl\u00e4ger f\u00fcr die besten Padelspieler<\/h2>\n<p>Der High-End-Padelschl\u00e4ger von Head ist jetzt da. <strong>Neues Head Speed \u200b\u200b\u200b\u200bElite 2023<\/strong> f\u00fcr fortgeschrittene Padel-Spieler mit Erfahrung im Spiel. Eine tropfenf\u00f6rmige Klinge in verschiedenen schwarzen Farben mit mattem Finish und Kupferdetails. Ein Padelschl\u00e4ger mit tropfenf\u00f6rmigem K\u00f6rper f\u00fcr schnelle und vielseitige Spielz\u00fcge.<\/p>\n<h2>Ein vielseitiger Padelschl\u00e4ger f\u00fcr professionellere Spieler in ihrer Technik<\/h2>\n<p>Ein tropfenf\u00f6rmiger Schl\u00e4ger f\u00fcr vielseitige Spieler, die mit Kraft und Schlagkontrolle schlagen. Eine Balance und ein mittlerer Sweetspot, um an der Pr\u00e4zision der Schl\u00e4ge mit maximaler Kontrolle zu arbeiten.<\/p>\n<p>Mit Technologie, die den Sweetspot optimiert, und auch mit der markeneigenen Technologie Auxetic f\u00fcr eine bessere Sto\u00dfd\u00e4mpfung. Auxetic hat eine bessere Verformung seiner Oberfl\u00e4che bei Krafteinwirkungen und gegnerischen Sch\u00fcssen. Auf diese Weise haben Sie eine effizientere Ballabgabe. Mit einer Fiberglas-Schlagfl\u00e4che f\u00fcr ein weicheres Schlaggef\u00fchl und eine gleichm\u00e4\u00dfigere Leistung beim Schie\u00dfen auf den Gegner. Und die Manschette wurde verbessert, um ein besseres Gef\u00fchl mit einer weicheren Ferse zu erzielen.<\/p>\n<h3>Dieser Padelschl\u00e4ger bietet Ihnen Stabilit\u00e4t und Widerstandsf\u00e4higkeit f\u00fcr Ihre intensivsten Spiele<\/h3>\n<p>Um den Rahmen des Paddle-Tennisschl\u00e4gers zu verst\u00e4rken, befindet sich im Inneren das Material Graphen. Dadurch wird die \u00dcbertragung der von der Klinge aufgenommenen Energie verbessert und eine h\u00f6here Stabilit\u00e4t erzeugt. Und f\u00fcr eine h\u00f6here Haltbarkeit und Widerstandsf\u00e4higkeit gegen St\u00f6\u00dfe und Kratzer wurde es in den <strong>Anti Shock Skin Padel<\/em><\/strong>-Rahmen eingelegt, eine Folie aus Polymermaterial. Und seine Br\u00fccke verf\u00fcgt \u00fcber eine Struktur, die die Vibrationen, die durch Schl\u00e4ge w\u00e4hrend des Spiels entstehen, weiter reduzieren soll.<\/p>\n<h2>Head Speed Elite 2023, una pala de p\u00e1del de alta gama para los mejores jugadores de p\u00e1del<\/h2>\n","protected":false},"excerpt":{"rendered":"<p>Head Speed \u200b\u200b\u200b\u200bElite 2023, ein High-End-Schl\u00e4ger f\u00fcr Elite-Padel-Spieler. Ein anspruchsvolles Design und Funktionen f\u00fcr die fortgeschrittensten in ihrer Spieltechnik.<\/p>\n","protected":false},"featured_media":52233,"comment_status":"open","ping_status":"closed","template":"","meta":{"_acf_changed":false,"_joinchat":[]},"acabado":[1084],"balance":[1134],"dureza":[1154],"forma":[1184],"jugador":[1189,1199],"marca":[1219],"nivel-de-juego":[1334],"superficie":[1354],"tipo-de-juego":[1374],"product_brand":[],"product_cat":[299],"product_tag":[],"class_list":{"0":"post-20337","1":"product","2":"type-product","3":"status-publish","4":"has-post-thumbnail","6":"acabado-kumpel","7":"balance-hoch","8":"dureza-media-de","9":"forma-lagrima-de","10":"jugador-mann","11":"jugador-mehrzweck","12":"marca-kopf","13":"superficie-lisa-de","14":"tipo-de-juego-leistung","15":"product_cat-palas-de-padel-de","17":"first","18":"instock","19":"sale","20":"taxable","21":"shipping-taxable","22":"purchasable","23":"product-type-simple"},"acf":[],"yoast_head":"<!-- This site is optimized with the Yoast SEO plugin v27.4 - https:\/\/yoast.com\/product\/yoast-seo-wordpress\/ -->\n<title>HEAD SPEED ELITE 2023 - Revolution Padel Store<\/title>\n<meta name=\"description\" content=\"Head Speed Elite 2023, una pala de alta gama para los jugadores de p\u00e1del de \u00e9lite. Un dise\u00f1o sofisticado y las prestaciones para los m\u00e1s avanzados en su t\u00e9cnica de juego.\" \/>\n<meta name=\"robots\" content=\"index, follow, max-snippet:-1, max-image-preview:large, max-video-preview:-1\" \/>\n<link rel=\"canonical\" href=\"https:\/\/revolutionpadelstore.com\/de\/produkt\/head-speed-elite-2023-1\/\" \/>\n<meta property=\"og:locale\" content=\"de_DE\" \/>\n<meta property=\"og:type\" content=\"article\" \/>\n<meta property=\"og:title\" content=\"HEAD SPEED ELITE 2023 - Revolution Padel Store\" \/>\n<meta property=\"og:description\" content=\"Head Speed Elite 2023, una pala de alta gama para los jugadores de p\u00e1del de \u00e9lite. Un dise\u00f1o sofisticado y las prestaciones para los m\u00e1s avanzados en su t\u00e9cnica de juego.\" \/>\n<meta property=\"og:url\" content=\"https:\/\/revolutionpadelstore.com\/de\/produkt\/head-speed-elite-2023-1\/\" \/>\n<meta property=\"og:site_name\" content=\"Revolution Padel Store\" \/>\n<meta property=\"article:modified_time\" content=\"2026-04-14T12:01:54+00:00\" \/>\n<meta property=\"og:image\" content=\"https:\/\/revolutionpadelstore.com\/wp-content\/uploads\/2024\/03\/32511_head_speed_elite_2023_221033_1500x1500_vista1_0de3.webp\" \/>\n\t<meta property=\"og:image:width\" content=\"1500\" \/>\n\t<meta property=\"og:image:height\" content=\"1500\" \/>\n\t<meta property=\"og:image:type\" content=\"image\/webp\" \/>\n<meta name=\"twitter:card\" content=\"summary_large_image\" \/>\n<meta name=\"twitter:label1\" content=\"Gesch\u00e4tzte Lesezeit\" \/>\n\t<meta name=\"twitter:data1\" content=\"2\u00a0Minuten\" \/>\n<script type=\"application\/ld+json\" class=\"yoast-schema-graph\">{\"@context\":\"https:\\\/\\\/schema.org\",\"@graph\":[{\"@type\":\"WebPage\",\"@id\":\"https:\\\/\\\/revolutionpadelstore.com\\\/de\\\/produkt\\\/head-speed-elite-2023-1\\\/\",\"url\":\"https:\\\/\\\/revolutionpadelstore.com\\\/de\\\/produkt\\\/head-speed-elite-2023-1\\\/\",\"name\":\"HEAD SPEED ELITE 2023 - Revolution Padel Store\",\"isPartOf\":{\"@id\":\"https:\\\/\\\/revolutionpadelstore.com\\\/de\\\/#website\"},\"primaryImageOfPage\":{\"@id\":\"https:\\\/\\\/revolutionpadelstore.com\\\/de\\\/produkt\\\/head-speed-elite-2023-1\\\/#primaryimage\"},\"image\":{\"@id\":\"https:\\\/\\\/revolutionpadelstore.com\\\/de\\\/produkt\\\/head-speed-elite-2023-1\\\/#primaryimage\"},\"thumbnailUrl\":\"https:\\\/\\\/revolutionpadelstore.com\\\/wp-content\\\/uploads\\\/2024\\\/03\\\/32511_head_speed_elite_2023_221033_1500x1500_vista1_0de3.webp\",\"datePublished\":\"2024-03-19T19:06:37+00:00\",\"dateModified\":\"2026-04-14T12:01:54+00:00\",\"description\":\"Head Speed Elite 2023, una pala de alta gama para los jugadores de p\u00e1del de \u00e9lite. Un dise\u00f1o sofisticado y las prestaciones para los m\u00e1s avanzados en su t\u00e9cnica de juego.\",\"breadcrumb\":{\"@id\":\"https:\\\/\\\/revolutionpadelstore.com\\\/de\\\/produkt\\\/head-speed-elite-2023-1\\\/#breadcrumb\"},\"inLanguage\":\"de\",\"potentialAction\":[{\"@type\":\"ReadAction\",\"target\":[\"https:\\\/\\\/revolutionpadelstore.com\\\/de\\\/produkt\\\/head-speed-elite-2023-1\\\/\"]}]},{\"@type\":\"ImageObject\",\"inLanguage\":\"de\",\"@id\":\"https:\\\/\\\/revolutionpadelstore.com\\\/de\\\/produkt\\\/head-speed-elite-2023-1\\\/#primaryimage\",\"url\":\"https:\\\/\\\/revolutionpadelstore.com\\\/wp-content\\\/uploads\\\/2024\\\/03\\\/32511_head_speed_elite_2023_221033_1500x1500_vista1_0de3.webp\",\"contentUrl\":\"https:\\\/\\\/revolutionpadelstore.com\\\/wp-content\\\/uploads\\\/2024\\\/03\\\/32511_head_speed_elite_2023_221033_1500x1500_vista1_0de3.webp\",\"width\":1500,\"height\":1500},{\"@type\":\"BreadcrumbList\",\"@id\":\"https:\\\/\\\/revolutionpadelstore.com\\\/de\\\/produkt\\\/head-speed-elite-2023-1\\\/#breadcrumb\",\"itemListElement\":[{\"@type\":\"ListItem\",\"position\":1,\"name\":\"Portada\",\"item\":\"https:\\\/\\\/revolutionpadelstore.com\\\/de\\\/\"},{\"@type\":\"ListItem\",\"position\":2,\"name\":\"Shop\",\"item\":\"https:\\\/\\\/revolutionpadelstore.com\\\/de\\\/tienda\\\/\"},{\"@type\":\"ListItem\",\"position\":3,\"name\":\"HEAD SPEED ELITE 2023\"}]},{\"@type\":\"WebSite\",\"@id\":\"https:\\\/\\\/revolutionpadelstore.com\\\/de\\\/#website\",\"url\":\"https:\\\/\\\/revolutionpadelstore.com\\\/de\\\/\",\"name\":\"Revolution Padel Store\",\"description\":\"\",\"publisher\":{\"@id\":\"https:\\\/\\\/revolutionpadelstore.com\\\/de\\\/#organization\"},\"potentialAction\":[{\"@type\":\"SearchAction\",\"target\":{\"@type\":\"EntryPoint\",\"urlTemplate\":\"https:\\\/\\\/revolutionpadelstore.com\\\/de\\\/?s={search_term_string}\"},\"query-input\":{\"@type\":\"PropertyValueSpecification\",\"valueRequired\":true,\"valueName\":\"search_term_string\"}}],\"inLanguage\":\"de\"},{\"@type\":\"Organization\",\"@id\":\"https:\\\/\\\/revolutionpadelstore.com\\\/de\\\/#organization\",\"name\":\"Revolution Padel Store\",\"url\":\"https:\\\/\\\/revolutionpadelstore.com\\\/de\\\/\",\"logo\":{\"@type\":\"ImageObject\",\"inLanguage\":\"de\",\"@id\":\"https:\\\/\\\/revolutionpadelstore.com\\\/de\\\/#\\\/schema\\\/logo\\\/image\\\/\",\"url\":\"https:\\\/\\\/revolutionpadelstore.com\\\/wp-content\\\/uploads\\\/2026\\\/02\\\/revolution-padel-store.jpg\",\"contentUrl\":\"https:\\\/\\\/revolutionpadelstore.com\\\/wp-content\\\/uploads\\\/2026\\\/02\\\/revolution-padel-store.jpg\",\"width\":2000,\"height\":2000,\"caption\":\"Revolution Padel Store\"},\"image\":{\"@id\":\"https:\\\/\\\/revolutionpadelstore.com\\\/de\\\/#\\\/schema\\\/logo\\\/image\\\/\"},\"sameAs\":[\"https:\\\/\\\/www.instagram.com\\\/revolutionpadelstore\\\/\"]}]}<\/script>\n<!-- \/ Yoast SEO plugin. -->","yoast_head_json":{"title":"HEAD SPEED ELITE 2023 - Revolution Padel Store","description":"Head Speed Elite 2023, una pala de alta gama para los jugadores de p\u00e1del de \u00e9lite. Un dise\u00f1o sofisticado y las prestaciones para los m\u00e1s avanzados en su t\u00e9cnica de juego.","robots":{"index":"index","follow":"follow","max-snippet":"max-snippet:-1","max-image-preview":"max-image-preview:large","max-video-preview":"max-video-preview:-1"},"canonical":"https:\/\/revolutionpadelstore.com\/de\/produkt\/head-speed-elite-2023-1\/","og_locale":"de_DE","og_type":"article","og_title":"HEAD SPEED ELITE 2023 - Revolution Padel Store","og_description":"Head Speed Elite 2023, una pala de alta gama para los jugadores de p\u00e1del de \u00e9lite. Un dise\u00f1o sofisticado y las prestaciones para los m\u00e1s avanzados en su t\u00e9cnica de juego.","og_url":"https:\/\/revolutionpadelstore.com\/de\/produkt\/head-speed-elite-2023-1\/","og_site_name":"Revolution Padel Store","article_modified_time":"2026-04-14T12:01:54+00:00","og_image":[{"width":1500,"height":1500,"url":"https:\/\/revolutionpadelstore.com\/wp-content\/uploads\/2024\/03\/32511_head_speed_elite_2023_221033_1500x1500_vista1_0de3.webp","type":"image\/webp"}],"twitter_card":"summary_large_image","twitter_misc":{"Gesch\u00e4tzte Lesezeit":"2\u00a0Minuten"},"schema":{"@context":"https:\/\/schema.org","@graph":[{"@type":"WebPage","@id":"https:\/\/revolutionpadelstore.com\/de\/produkt\/head-speed-elite-2023-1\/","url":"https:\/\/revolutionpadelstore.com\/de\/produkt\/head-speed-elite-2023-1\/","name":"HEAD SPEED ELITE 2023 - Revolution Padel Store","isPartOf":{"@id":"https:\/\/revolutionpadelstore.com\/de\/#website"},"primaryImageOfPage":{"@id":"https:\/\/revolutionpadelstore.com\/de\/produkt\/head-speed-elite-2023-1\/#primaryimage"},"image":{"@id":"https:\/\/revolutionpadelstore.com\/de\/produkt\/head-speed-elite-2023-1\/#primaryimage"},"thumbnailUrl":"https:\/\/revolutionpadelstore.com\/wp-content\/uploads\/2024\/03\/32511_head_speed_elite_2023_221033_1500x1500_vista1_0de3.webp","datePublished":"2024-03-19T19:06:37+00:00","dateModified":"2026-04-14T12:01:54+00:00","description":"Head Speed Elite 2023, una pala de alta gama para los jugadores de p\u00e1del de \u00e9lite. Un dise\u00f1o sofisticado y las prestaciones para los m\u00e1s avanzados en su t\u00e9cnica de juego.","breadcrumb":{"@id":"https:\/\/revolutionpadelstore.com\/de\/produkt\/head-speed-elite-2023-1\/#breadcrumb"},"inLanguage":"de","potentialAction":[{"@type":"ReadAction","target":["https:\/\/revolutionpadelstore.com\/de\/produkt\/head-speed-elite-2023-1\/"]}]},{"@type":"ImageObject","inLanguage":"de","@id":"https:\/\/revolutionpadelstore.com\/de\/produkt\/head-speed-elite-2023-1\/#primaryimage","url":"https:\/\/revolutionpadelstore.com\/wp-content\/uploads\/2024\/03\/32511_head_speed_elite_2023_221033_1500x1500_vista1_0de3.webp","contentUrl":"https:\/\/revolutionpadelstore.com\/wp-content\/uploads\/2024\/03\/32511_head_speed_elite_2023_221033_1500x1500_vista1_0de3.webp","width":1500,"height":1500},{"@type":"BreadcrumbList","@id":"https:\/\/revolutionpadelstore.com\/de\/produkt\/head-speed-elite-2023-1\/#breadcrumb","itemListElement":[{"@type":"ListItem","position":1,"name":"Portada","item":"https:\/\/revolutionpadelstore.com\/de\/"},{"@type":"ListItem","position":2,"name":"Shop","item":"https:\/\/revolutionpadelstore.com\/de\/tienda\/"},{"@type":"ListItem","position":3,"name":"HEAD SPEED ELITE 2023"}]},{"@type":"WebSite","@id":"https:\/\/revolutionpadelstore.com\/de\/#website","url":"https:\/\/revolutionpadelstore.com\/de\/","name":"Revolution Padel Store","description":"","publisher":{"@id":"https:\/\/revolutionpadelstore.com\/de\/#organization"},"potentialAction":[{"@type":"SearchAction","target":{"@type":"EntryPoint","urlTemplate":"https:\/\/revolutionpadelstore.com\/de\/?s={search_term_string}"},"query-input":{"@type":"PropertyValueSpecification","valueRequired":true,"valueName":"search_term_string"}}],"inLanguage":"de"},{"@type":"Organization","@id":"https:\/\/revolutionpadelstore.com\/de\/#organization","name":"Revolution Padel Store","url":"https:\/\/revolutionpadelstore.com\/de\/","logo":{"@type":"ImageObject","inLanguage":"de","@id":"https:\/\/revolutionpadelstore.com\/de\/#\/schema\/logo\/image\/","url":"https:\/\/revolutionpadelstore.com\/wp-content\/uploads\/2026\/02\/revolution-padel-store.jpg","contentUrl":"https:\/\/revolutionpadelstore.com\/wp-content\/uploads\/2026\/02\/revolution-padel-store.jpg","width":2000,"height":2000,"caption":"Revolution Padel Store"},"image":{"@id":"https:\/\/revolutionpadelstore.com\/de\/#\/schema\/logo\/image\/"},"sameAs":["https:\/\/www.instagram.com\/revolutionpadelstore\/"]}]}},"_links":{"self":[{"href":"https:\/\/revolutionpadelstore.com\/de\/wp-json\/wp\/v2\/product\/20337","targetHints":{"allow":["GET"]}}],"collection":[{"href":"https:\/\/revolutionpadelstore.com\/de\/wp-json\/wp\/v2\/product"}],"about":[{"href":"https:\/\/revolutionpadelstore.com\/de\/wp-json\/wp\/v2\/types\/product"}],"replies":[{"embeddable":true,"href":"https:\/\/revolutionpadelstore.com\/de\/wp-json\/wp\/v2\/comments?post=20337"}],"wp:featuredmedia":[{"embeddable":true,"href":"https:\/\/revolutionpadelstore.com\/de\/wp-json\/wp\/v2\/media\/52233"}],"wp:attachment":[{"href":"https:\/\/revolutionpadelstore.com\/de\/wp-json\/wp\/v2\/media?parent=20337"}],"wp:term":[{"taxonomy":"acabado","embeddable":true,"href":"https:\/\/revolutionpadelstore.com\/de\/wp-json\/wp\/v2\/acabado?post=20337"},{"taxonomy":"balance","embeddable":true,"href":"https:\/\/revolutionpadelstore.com\/de\/wp-json\/wp\/v2\/balance?post=20337"},{"taxonomy":"dureza","embeddable":true,"href":"https:\/\/revolutionpadelstore.com\/de\/wp-json\/wp\/v2\/dureza?post=20337"},{"taxonomy":"forma","embeddable":true,"href":"https:\/\/revolutionpadelstore.com\/de\/wp-json\/wp\/v2\/forma?post=20337"},{"taxonomy":"jugador","embeddable":true,"href":"https:\/\/revolutionpadelstore.com\/de\/wp-json\/wp\/v2\/jugador?post=20337"},{"taxonomy":"marca","embeddable":true,"href":"https:\/\/revolutionpadelstore.com\/de\/wp-json\/wp\/v2\/marca?post=20337"},{"taxonomy":"nivel-de-juego","embeddable":true,"href":"https:\/\/revolutionpadelstore.com\/de\/wp-json\/wp\/v2\/nivel-de-juego?post=20337"},{"taxonomy":"superficie","embeddable":true,"href":"https:\/\/revolutionpadelstore.com\/de\/wp-json\/wp\/v2\/superficie?post=20337"},{"taxonomy":"tipo-de-juego","embeddable":true,"href":"https:\/\/revolutionpadelstore.com\/de\/wp-json\/wp\/v2\/tipo-de-juego?post=20337"},{"taxonomy":"product_brand","embeddable":true,"href":"https:\/\/revolutionpadelstore.com\/de\/wp-json\/wp\/v2\/product_brand?post=20337"},{"taxonomy":"product_cat","embeddable":true,"href":"https:\/\/revolutionpadelstore.com\/de\/wp-json\/wp\/v2\/product_cat?post=20337"},{"taxonomy":"product_tag","embeddable":true,"href":"https:\/\/revolutionpadelstore.com\/de\/wp-json\/wp\/v2\/product_tag?post=20337"}],"curies":[{"name":"wp","href":"https:\/\/api.w.org\/{rel}","templated":true}]}}