{"id":20322,"date":"2024-03-19T20:28:54","date_gmt":"2024-03-19T19:28:54","guid":{"rendered":"https:\/\/revolutionpadelstore.com\/nox-at10-genius-18k-agustin-tapia-2024\/"},"modified":"2026-04-22T14:01:14","modified_gmt":"2026-04-22T12:01:14","slug":"nox-at10-genius-18k-agustin-tapia-2024","status":"publish","type":"product","link":"https:\/\/revolutionpadelstore.com\/de\/produkt\/nox-at10-genius-18k-agustin-tapia-2024\/","title":{"rendered":"NOX AT10 GENIUS 18K AGUSTIN TAPIA 2024"},"content":{"rendered":"<h2>Nox AT10 Genius 18K 2024 von Agust\u00edn Tapia, Kraft und Pr\u00e4zision<\/h2>\n<p>Der Schl\u00e4ger Nox AT10 Genius 18K 2024 von Agust\u00edn Tapia ist das Juwel der neuen Kollektion von Nox-Padelschl\u00e4gern. Dieser <strong>Mehrzweck-Padelschl\u00e4ger mit mittlerer Balance<\/strong> bietet dem Spieler ein perfektes Gleichgewicht zwischen Kraft und Kontrolle. Mit seiner Tropfenform verf\u00fcgt er au\u00dferdem \u00fcber neue Materialien und Technologien, die f\u00fcr ein solideres und komfortableres Ballgef\u00fchl mit gr\u00f6\u00dferer Stabilit\u00e4t und \u00fcberlegener Leistung auf dem Platz sorgen.<\/p>\n<h2>F\u00fcr welchen Spielertyp ist Tapias neuer Padelschl\u00e4ger zu empfehlen?<\/h2>\n<p>Der <strong>Nox AT10 Luxury Genius 18K 2024<\/strong> wurde f\u00fcr fortgeschrittene Spieler entwickelt. Wenn Sie auf der Suche nach einem <strong>handlichen Schl\u00e4ger<\/strong> sind, mit dem Sie den Ball pr\u00e4zise kontrollieren k\u00f6nnen, ohne auf Kraft zu verzichten, dann ist dies Ihr Schl\u00e4ger. Dar\u00fcber hinaus verf\u00fcgt es \u00fcber eine <strong>raue, sandige Oberfl\u00e4che<\/strong>, die optimalen Halt bietet und es Ihnen erm\u00f6glicht, Schl\u00e4ge mit gr\u00f6\u00dferer Wirkung zu erzielen. F\u00fchlen Sie sich auf der Strecke genauso wie Agust\u00edn Tapia mit dem neuen Nox AT10 Genius 18K<\/p>\n<h2>Materialien und Technologien im AT10 Luxury Genius 18K 2024 von Nox<\/h2>\n<p>Dieser Padelschl\u00e4ger wurde mit einem Rahmen aus 100 % Carbon hergestellt, der ihm gro\u00dfe Stabilit\u00e4t und Widerstandsf\u00e4higkeit verleiht. Es verf\u00fcgt au\u00dferdem \u00fcber die <em>DCS Dynamic Composit Structure<\/em>-Technologie, die <strong>gro\u00dfe Haltbarkeit und bessere Leistung<\/strong> garantiert.<\/p>\n<p>Ebenso verteilt das innovative <em>EOS Flap<\/em>-System mit seitlichen Perforationen das Gewicht besser und macht es <strong>aerodynamischer und handlicher<\/strong>.<\/p>\n<p>Seine gleichm\u00e4\u00dfigen, aber leichten Schlagfl\u00e4chen aus <strong>18K aluminisiertem Carbon<\/strong> sorgen f\u00fcr eine optimale Ballausgabe und erm\u00f6glichen <strong>pr\u00e4zise und kraftvolle Schl\u00e4ge<\/strong>, ohne die Stabilit\u00e4t zu beeintr\u00e4chtigen.<\/p>\n<p>Im Inneren finden wir einen mehrschichtigen MLD Black EVA-Kern, der ein au\u00dfergew\u00f6hnliches Ballgef\u00fchl bietet.<\/p>\n<p>Diese Materialkombination verleiht dem Nox AT10 Genius 18K 2024 eine mittlere H\u00e4rte und erm\u00f6glicht so eine pr\u00e4zisere Reaktion, die es einfacher macht, den Ball beim Schlagen zu kontrollieren.<\/p>\n<p>Zu seinen Technologien geh\u00f6rt das <em>Pulse System<\/em>, das zusammen mit der <em>Nox Custom Grip<\/em>-Technologie den Halt des Griffs verbessert und <strong>die beim Schlagen entstehenden Vibrationen reduziert&lt;\/ em&gt; strong&gt;, was f\u00fcr mehr Komfort w\u00e4hrend des Spiels sorgt.<\/strong><\/p>\n<p>Es verf\u00fcgt au\u00dferdem \u00fcber das SmartStrap-System, mit dem Sie die Sicherheitsschnur des Paddels einfach austauschen k\u00f6nnen, ohne die untere Kappe manipulieren zu m\u00fcssen: hygienischer, sicherer und anpassbarer.<\/p>\n<h2>Genie\u00dfen Sie Agust\u00edn Tapias neuen Schl\u00e4ger jetzt in P\u0101del Nuestro<\/h2>\n<p>Der <strong>Nox AT10 Luxury Genius 18K<\/strong> kehrt diese Saison erneuert auf die Piste zur\u00fcck. Er ist handlicher als sein Vorg\u00e4nger und verf\u00fcgt \u00fcber einen gro\u00dfz\u00fcgigen Sweetspot. Er bietet erfahrenen Padel-Spielern eine hervorragende Kontrolle, um selbst die schwierigsten B\u00e4lle pr\u00e4zise zur\u00fcckzugeben. Dar\u00fcber hinaus sorgt die Kombination seines Kerns mit der 18K-Carbon-Alum-Faser auf seinen Schlagfl\u00e4chen f\u00fcr au\u00dfergew\u00f6hnliche Power beim Finishing.<\/p>\n<p>Das Ergebnis ist ein innovativer, stabiler und komfortabler Padelschl\u00e4ger, der das Beste aus Technologie und Design vereint, um ein unvergleichliches Spielerlebnis zu bieten. Worauf warten Sie noch, um es in Ihren H\u00e4nden zu halten?<\/p>\n<h2>Nox AT10 Genius 18K 2024 by Agust\u00edn Tapia, potencia y precisi\u00f3n<\/h2>\n","protected":false},"excerpt":{"rendered":"<p>Nox AT10 Genius 18K Agust\u00edn Tapia 2024, tropfenf\u00f6rmiger Schl\u00e4ger f\u00fcr die anspruchsvollsten Spieler. Hergestellt aus luxuri\u00f6sen Materialien wie dem mehrschichtigen Kern und 18K Carbon Alum-Oberfl\u00e4chen.<\/p>\n","protected":false},"featured_media":52193,"comment_status":"open","ping_status":"closed","template":"","meta":{"_acf_changed":false,"_joinchat":[]},"acabado":[1079],"balance":[1139],"dureza":[1154],"forma":[1184],"jugador":[1189,1199],"marca":[1259],"nivel-de-juego":[1334],"superficie":[1359],"tipo-de-juego":[1384],"product_brand":[],"product_cat":[299],"product_tag":[],"class_list":{"0":"post-20322","1":"product","2":"type-product","3":"status-publish","4":"has-post-thumbnail","6":"acabado-helligkeit","7":"balance-mittel","8":"dureza-media-de","9":"forma-lagrima-de","10":"jugador-mann","11":"jugador-mehrzweck","12":"marca-nox-de","13":"superficie-rugosa-de","14":"tipo-de-juego-mehrzweck","15":"product_cat-palas-de-padel-de","17":"first","18":"instock","19":"sale","20":"taxable","21":"shipping-taxable","22":"purchasable","23":"product-type-simple"},"acf":[],"yoast_head":"<!-- This site is optimized with the Yoast SEO plugin v27.4 - https:\/\/yoast.com\/product\/yoast-seo-wordpress\/ -->\n<title>NOX AT10 GENIUS 18K AGUSTIN TAPIA 2024 - Revolution Padel Store<\/title>\n<meta name=\"description\" content=\"Nox AT10 Genius 18K Agust\u00edn Tapia 2024,pala en forma de lagrima para los jugadores m\u00e1s exigentes. Hecha con materiales de lujo como el n\u00facleo multicapa y las caras de Carbon Alum 18K.\" \/>\n<meta name=\"robots\" content=\"index, follow, max-snippet:-1, max-image-preview:large, max-video-preview:-1\" \/>\n<link rel=\"canonical\" href=\"https:\/\/revolutionpadelstore.com\/de\/produkt\/nox-at10-genius-18k-agustin-tapia-2024\/\" \/>\n<meta property=\"og:locale\" content=\"de_DE\" \/>\n<meta property=\"og:type\" content=\"article\" \/>\n<meta property=\"og:title\" content=\"NOX AT10 GENIUS 18K AGUSTIN TAPIA 2024 - Revolution Padel Store\" \/>\n<meta property=\"og:description\" content=\"Nox AT10 Genius 18K Agust\u00edn Tapia 2024,pala en forma de lagrima para los jugadores m\u00e1s exigentes. Hecha con materiales de lujo como el n\u00facleo multicapa y las caras de Carbon Alum 18K.\" \/>\n<meta property=\"og:url\" content=\"https:\/\/revolutionpadelstore.com\/de\/produkt\/nox-at10-genius-18k-agustin-tapia-2024\/\" \/>\n<meta property=\"og:site_name\" content=\"Revolution Padel Store\" \/>\n<meta property=\"article:modified_time\" content=\"2026-04-22T12:01:14+00:00\" \/>\n<meta property=\"og:image\" content=\"https:\/\/revolutionpadelstore.com\/wp-content\/uploads\/2024\/03\/imagen_1_110805_9dc06b50_3191.webp\" \/>\n\t<meta property=\"og:image:width\" content=\"1500\" \/>\n\t<meta property=\"og:image:height\" content=\"1500\" \/>\n\t<meta property=\"og:image:type\" content=\"image\/webp\" \/>\n<meta name=\"twitter:card\" content=\"summary_large_image\" \/>\n<meta name=\"twitter:label1\" content=\"Gesch\u00e4tzte Lesezeit\" \/>\n\t<meta name=\"twitter:data1\" content=\"3\u00a0Minuten\" \/>\n<script type=\"application\/ld+json\" class=\"yoast-schema-graph\">{\"@context\":\"https:\\\/\\\/schema.org\",\"@graph\":[{\"@type\":\"WebPage\",\"@id\":\"https:\\\/\\\/revolutionpadelstore.com\\\/de\\\/produkt\\\/nox-at10-genius-18k-agustin-tapia-2024\\\/\",\"url\":\"https:\\\/\\\/revolutionpadelstore.com\\\/de\\\/produkt\\\/nox-at10-genius-18k-agustin-tapia-2024\\\/\",\"name\":\"NOX AT10 GENIUS 18K AGUSTIN TAPIA 2024 - Revolution Padel Store\",\"isPartOf\":{\"@id\":\"https:\\\/\\\/revolutionpadelstore.com\\\/de\\\/#website\"},\"primaryImageOfPage\":{\"@id\":\"https:\\\/\\\/revolutionpadelstore.com\\\/de\\\/produkt\\\/nox-at10-genius-18k-agustin-tapia-2024\\\/#primaryimage\"},\"image\":{\"@id\":\"https:\\\/\\\/revolutionpadelstore.com\\\/de\\\/produkt\\\/nox-at10-genius-18k-agustin-tapia-2024\\\/#primaryimage\"},\"thumbnailUrl\":\"https:\\\/\\\/revolutionpadelstore.com\\\/wp-content\\\/uploads\\\/2024\\\/03\\\/imagen_1_110805_9dc06b50_3191.webp\",\"datePublished\":\"2024-03-19T19:28:54+00:00\",\"dateModified\":\"2026-04-22T12:01:14+00:00\",\"description\":\"Nox AT10 Genius 18K Agust\u00edn Tapia 2024,pala en forma de lagrima para los jugadores m\u00e1s exigentes. Hecha con materiales de lujo como el n\u00facleo multicapa y las caras de Carbon Alum 18K.\",\"breadcrumb\":{\"@id\":\"https:\\\/\\\/revolutionpadelstore.com\\\/de\\\/produkt\\\/nox-at10-genius-18k-agustin-tapia-2024\\\/#breadcrumb\"},\"inLanguage\":\"de\",\"potentialAction\":[{\"@type\":\"ReadAction\",\"target\":[\"https:\\\/\\\/revolutionpadelstore.com\\\/de\\\/produkt\\\/nox-at10-genius-18k-agustin-tapia-2024\\\/\"]}]},{\"@type\":\"ImageObject\",\"inLanguage\":\"de\",\"@id\":\"https:\\\/\\\/revolutionpadelstore.com\\\/de\\\/produkt\\\/nox-at10-genius-18k-agustin-tapia-2024\\\/#primaryimage\",\"url\":\"https:\\\/\\\/revolutionpadelstore.com\\\/wp-content\\\/uploads\\\/2024\\\/03\\\/imagen_1_110805_9dc06b50_3191.webp\",\"contentUrl\":\"https:\\\/\\\/revolutionpadelstore.com\\\/wp-content\\\/uploads\\\/2024\\\/03\\\/imagen_1_110805_9dc06b50_3191.webp\",\"width\":1500,\"height\":1500},{\"@type\":\"BreadcrumbList\",\"@id\":\"https:\\\/\\\/revolutionpadelstore.com\\\/de\\\/produkt\\\/nox-at10-genius-18k-agustin-tapia-2024\\\/#breadcrumb\",\"itemListElement\":[{\"@type\":\"ListItem\",\"position\":1,\"name\":\"Portada\",\"item\":\"https:\\\/\\\/revolutionpadelstore.com\\\/de\\\/\"},{\"@type\":\"ListItem\",\"position\":2,\"name\":\"Shop\",\"item\":\"https:\\\/\\\/revolutionpadelstore.com\\\/de\\\/tienda\\\/\"},{\"@type\":\"ListItem\",\"position\":3,\"name\":\"NOX AT10 GENIUS 18K AGUSTIN TAPIA 2024\"}]},{\"@type\":\"WebSite\",\"@id\":\"https:\\\/\\\/revolutionpadelstore.com\\\/de\\\/#website\",\"url\":\"https:\\\/\\\/revolutionpadelstore.com\\\/de\\\/\",\"name\":\"Revolution Padel Store\",\"description\":\"\",\"publisher\":{\"@id\":\"https:\\\/\\\/revolutionpadelstore.com\\\/de\\\/#organization\"},\"potentialAction\":[{\"@type\":\"SearchAction\",\"target\":{\"@type\":\"EntryPoint\",\"urlTemplate\":\"https:\\\/\\\/revolutionpadelstore.com\\\/de\\\/?s={search_term_string}\"},\"query-input\":{\"@type\":\"PropertyValueSpecification\",\"valueRequired\":true,\"valueName\":\"search_term_string\"}}],\"inLanguage\":\"de\"},{\"@type\":\"Organization\",\"@id\":\"https:\\\/\\\/revolutionpadelstore.com\\\/de\\\/#organization\",\"name\":\"Revolution Padel Store\",\"url\":\"https:\\\/\\\/revolutionpadelstore.com\\\/de\\\/\",\"logo\":{\"@type\":\"ImageObject\",\"inLanguage\":\"de\",\"@id\":\"https:\\\/\\\/revolutionpadelstore.com\\\/de\\\/#\\\/schema\\\/logo\\\/image\\\/\",\"url\":\"https:\\\/\\\/revolutionpadelstore.com\\\/wp-content\\\/uploads\\\/2026\\\/02\\\/revolution-padel-store.jpg\",\"contentUrl\":\"https:\\\/\\\/revolutionpadelstore.com\\\/wp-content\\\/uploads\\\/2026\\\/02\\\/revolution-padel-store.jpg\",\"width\":2000,\"height\":2000,\"caption\":\"Revolution Padel Store\"},\"image\":{\"@id\":\"https:\\\/\\\/revolutionpadelstore.com\\\/de\\\/#\\\/schema\\\/logo\\\/image\\\/\"},\"sameAs\":[\"https:\\\/\\\/www.instagram.com\\\/revolutionpadelstore\\\/\"]}]}<\/script>\n<!-- \/ Yoast SEO plugin. -->","yoast_head_json":{"title":"NOX AT10 GENIUS 18K AGUSTIN TAPIA 2024 - Revolution Padel Store","description":"Nox AT10 Genius 18K Agust\u00edn Tapia 2024,pala en forma de lagrima para los jugadores m\u00e1s exigentes. Hecha con materiales de lujo como el n\u00facleo multicapa y las caras de Carbon Alum 18K.","robots":{"index":"index","follow":"follow","max-snippet":"max-snippet:-1","max-image-preview":"max-image-preview:large","max-video-preview":"max-video-preview:-1"},"canonical":"https:\/\/revolutionpadelstore.com\/de\/produkt\/nox-at10-genius-18k-agustin-tapia-2024\/","og_locale":"de_DE","og_type":"article","og_title":"NOX AT10 GENIUS 18K AGUSTIN TAPIA 2024 - Revolution Padel Store","og_description":"Nox AT10 Genius 18K Agust\u00edn Tapia 2024,pala en forma de lagrima para los jugadores m\u00e1s exigentes. Hecha con materiales de lujo como el n\u00facleo multicapa y las caras de Carbon Alum 18K.","og_url":"https:\/\/revolutionpadelstore.com\/de\/produkt\/nox-at10-genius-18k-agustin-tapia-2024\/","og_site_name":"Revolution Padel Store","article_modified_time":"2026-04-22T12:01:14+00:00","og_image":[{"width":1500,"height":1500,"url":"https:\/\/revolutionpadelstore.com\/wp-content\/uploads\/2024\/03\/imagen_1_110805_9dc06b50_3191.webp","type":"image\/webp"}],"twitter_card":"summary_large_image","twitter_misc":{"Gesch\u00e4tzte Lesezeit":"3\u00a0Minuten"},"schema":{"@context":"https:\/\/schema.org","@graph":[{"@type":"WebPage","@id":"https:\/\/revolutionpadelstore.com\/de\/produkt\/nox-at10-genius-18k-agustin-tapia-2024\/","url":"https:\/\/revolutionpadelstore.com\/de\/produkt\/nox-at10-genius-18k-agustin-tapia-2024\/","name":"NOX AT10 GENIUS 18K AGUSTIN TAPIA 2024 - Revolution Padel Store","isPartOf":{"@id":"https:\/\/revolutionpadelstore.com\/de\/#website"},"primaryImageOfPage":{"@id":"https:\/\/revolutionpadelstore.com\/de\/produkt\/nox-at10-genius-18k-agustin-tapia-2024\/#primaryimage"},"image":{"@id":"https:\/\/revolutionpadelstore.com\/de\/produkt\/nox-at10-genius-18k-agustin-tapia-2024\/#primaryimage"},"thumbnailUrl":"https:\/\/revolutionpadelstore.com\/wp-content\/uploads\/2024\/03\/imagen_1_110805_9dc06b50_3191.webp","datePublished":"2024-03-19T19:28:54+00:00","dateModified":"2026-04-22T12:01:14+00:00","description":"Nox AT10 Genius 18K Agust\u00edn Tapia 2024,pala en forma de lagrima para los jugadores m\u00e1s exigentes. Hecha con materiales de lujo como el n\u00facleo multicapa y las caras de Carbon Alum 18K.","breadcrumb":{"@id":"https:\/\/revolutionpadelstore.com\/de\/produkt\/nox-at10-genius-18k-agustin-tapia-2024\/#breadcrumb"},"inLanguage":"de","potentialAction":[{"@type":"ReadAction","target":["https:\/\/revolutionpadelstore.com\/de\/produkt\/nox-at10-genius-18k-agustin-tapia-2024\/"]}]},{"@type":"ImageObject","inLanguage":"de","@id":"https:\/\/revolutionpadelstore.com\/de\/produkt\/nox-at10-genius-18k-agustin-tapia-2024\/#primaryimage","url":"https:\/\/revolutionpadelstore.com\/wp-content\/uploads\/2024\/03\/imagen_1_110805_9dc06b50_3191.webp","contentUrl":"https:\/\/revolutionpadelstore.com\/wp-content\/uploads\/2024\/03\/imagen_1_110805_9dc06b50_3191.webp","width":1500,"height":1500},{"@type":"BreadcrumbList","@id":"https:\/\/revolutionpadelstore.com\/de\/produkt\/nox-at10-genius-18k-agustin-tapia-2024\/#breadcrumb","itemListElement":[{"@type":"ListItem","position":1,"name":"Portada","item":"https:\/\/revolutionpadelstore.com\/de\/"},{"@type":"ListItem","position":2,"name":"Shop","item":"https:\/\/revolutionpadelstore.com\/de\/tienda\/"},{"@type":"ListItem","position":3,"name":"NOX AT10 GENIUS 18K AGUSTIN TAPIA 2024"}]},{"@type":"WebSite","@id":"https:\/\/revolutionpadelstore.com\/de\/#website","url":"https:\/\/revolutionpadelstore.com\/de\/","name":"Revolution Padel Store","description":"","publisher":{"@id":"https:\/\/revolutionpadelstore.com\/de\/#organization"},"potentialAction":[{"@type":"SearchAction","target":{"@type":"EntryPoint","urlTemplate":"https:\/\/revolutionpadelstore.com\/de\/?s={search_term_string}"},"query-input":{"@type":"PropertyValueSpecification","valueRequired":true,"valueName":"search_term_string"}}],"inLanguage":"de"},{"@type":"Organization","@id":"https:\/\/revolutionpadelstore.com\/de\/#organization","name":"Revolution Padel Store","url":"https:\/\/revolutionpadelstore.com\/de\/","logo":{"@type":"ImageObject","inLanguage":"de","@id":"https:\/\/revolutionpadelstore.com\/de\/#\/schema\/logo\/image\/","url":"https:\/\/revolutionpadelstore.com\/wp-content\/uploads\/2026\/02\/revolution-padel-store.jpg","contentUrl":"https:\/\/revolutionpadelstore.com\/wp-content\/uploads\/2026\/02\/revolution-padel-store.jpg","width":2000,"height":2000,"caption":"Revolution Padel Store"},"image":{"@id":"https:\/\/revolutionpadelstore.com\/de\/#\/schema\/logo\/image\/"},"sameAs":["https:\/\/www.instagram.com\/revolutionpadelstore\/"]}]}},"_links":{"self":[{"href":"https:\/\/revolutionpadelstore.com\/de\/wp-json\/wp\/v2\/product\/20322","targetHints":{"allow":["GET"]}}],"collection":[{"href":"https:\/\/revolutionpadelstore.com\/de\/wp-json\/wp\/v2\/product"}],"about":[{"href":"https:\/\/revolutionpadelstore.com\/de\/wp-json\/wp\/v2\/types\/product"}],"replies":[{"embeddable":true,"href":"https:\/\/revolutionpadelstore.com\/de\/wp-json\/wp\/v2\/comments?post=20322"}],"wp:featuredmedia":[{"embeddable":true,"href":"https:\/\/revolutionpadelstore.com\/de\/wp-json\/wp\/v2\/media\/52193"}],"wp:attachment":[{"href":"https:\/\/revolutionpadelstore.com\/de\/wp-json\/wp\/v2\/media?parent=20322"}],"wp:term":[{"taxonomy":"acabado","embeddable":true,"href":"https:\/\/revolutionpadelstore.com\/de\/wp-json\/wp\/v2\/acabado?post=20322"},{"taxonomy":"balance","embeddable":true,"href":"https:\/\/revolutionpadelstore.com\/de\/wp-json\/wp\/v2\/balance?post=20322"},{"taxonomy":"dureza","embeddable":true,"href":"https:\/\/revolutionpadelstore.com\/de\/wp-json\/wp\/v2\/dureza?post=20322"},{"taxonomy":"forma","embeddable":true,"href":"https:\/\/revolutionpadelstore.com\/de\/wp-json\/wp\/v2\/forma?post=20322"},{"taxonomy":"jugador","embeddable":true,"href":"https:\/\/revolutionpadelstore.com\/de\/wp-json\/wp\/v2\/jugador?post=20322"},{"taxonomy":"marca","embeddable":true,"href":"https:\/\/revolutionpadelstore.com\/de\/wp-json\/wp\/v2\/marca?post=20322"},{"taxonomy":"nivel-de-juego","embeddable":true,"href":"https:\/\/revolutionpadelstore.com\/de\/wp-json\/wp\/v2\/nivel-de-juego?post=20322"},{"taxonomy":"superficie","embeddable":true,"href":"https:\/\/revolutionpadelstore.com\/de\/wp-json\/wp\/v2\/superficie?post=20322"},{"taxonomy":"tipo-de-juego","embeddable":true,"href":"https:\/\/revolutionpadelstore.com\/de\/wp-json\/wp\/v2\/tipo-de-juego?post=20322"},{"taxonomy":"product_brand","embeddable":true,"href":"https:\/\/revolutionpadelstore.com\/de\/wp-json\/wp\/v2\/product_brand?post=20322"},{"taxonomy":"product_cat","embeddable":true,"href":"https:\/\/revolutionpadelstore.com\/de\/wp-json\/wp\/v2\/product_cat?post=20322"},{"taxonomy":"product_tag","embeddable":true,"href":"https:\/\/revolutionpadelstore.com\/de\/wp-json\/wp\/v2\/product_tag?post=20322"}],"curies":[{"name":"wp","href":"https:\/\/api.w.org\/{rel}","templated":true}]}}