{"id":20302,"date":"2024-03-21T14:31:49","date_gmt":"2024-03-21T13:31:49","guid":{"rendered":"https:\/\/revolutionpadelstore.com\/rs-padel-pro-edition-cayetano-rocafort\/"},"modified":"2026-04-08T14:56:22","modified_gmt":"2026-04-08T12:56:22","slug":"rs-padel-pro-edition-cayetano-rocafort-1","status":"publish","type":"product","link":"https:\/\/revolutionpadelstore.com\/de\/produkt\/rs-padel-pro-edition-cayetano-rocafort-1\/","title":{"rendered":"RS PADEL PRO EDITION CAYETANO ROCAFORT"},"content":{"rendered":"<h2>Warum den RS Padel Pro Edition Cayetano Rocafort Padelschl\u00e4ger kaufen?<\/h2>\n<p>Es handelt sich um einen Padelschl\u00e4ger aus dem Jahr 2022 mit mittelhoher Balance. Dies garantiert die Kombination sehr kraftvoller Schl\u00e4ge mit gro\u00dfer Kontrolle. Der Sweetspot hat eine mittlere Amplitude, um kompliziertere Angriffe und R\u00fcckschl\u00e4ge zu erm\u00f6glichen.<\/p>\n<h2>F\u00fcr welchen Spielertyp ist der RS \u200b\u200bPadel Pro Edition Cayetano Rocafort Padelschl\u00e4ger geeignet?<\/h2>\n<p>Er ist f\u00fcr erwachsene M\u00e4nner gedacht, die Padel auf mittlerem und fortgeschrittenem Niveau spielen und einen sehr pr\u00e4zisen und wendigen Schl\u00e4ger ben\u00f6tigen.<\/p>\n<h2>Design und Farben<\/h2>\n<p>Es hat eine Tropfenform und ein viereckiges Verteilungsloch. Der gesamte Kopf ist mattschwarz, mit einem gl\u00e4nzenden Farbton f\u00fcr die Rahmen. Im mittleren Teil jedes Gesichts befinden sich zwei parallel umrissene goldfarbene Sommersprossen. Mit der gleichen Chromatik erscheint die Signatur von <strong>Cayetano Rocafort<\/strong> am unteren Rand der Hauptfl\u00e4chen.<\/p>\n<h2>\u00bfPor qu\u00e9 comprar la pala de p\u00e1del RS Padel Pro Edition Cayetano Rocafort?<\/h2>\n","protected":false},"excerpt":{"rendered":"<p>Der RS \u200b\u200bPadel Pro Edition Cayetano Rocafort Padelschl\u00e4ger erm\u00f6glicht ein sehr vielseitiges Spiel. Es erm\u00f6glicht Ihnen, gro\u00dfe Leistung mit enormer Handlichkeit perfekt zu kombinieren.<\/p>\n","protected":false},"featured_media":52126,"comment_status":"open","ping_status":"closed","template":"","meta":{"_acf_changed":false,"_joinchat":[]},"acabado":[1089],"balance":[1134,1139],"dureza":[1154],"forma":[1174],"jugador":[1189,1199],"marca":[1309],"nivel-de-juego":[1334],"superficie":[1359],"tipo-de-juego":[1384],"product_brand":[],"product_cat":[299],"product_tag":[],"class_list":{"0":"post-20302","1":"product","2":"type-product","3":"status-publish","4":"has-post-thumbnail","6":"acabado-3d-entlasten","7":"balance-hoch","8":"balance-mittel","9":"dureza-media-de","10":"forma-hybrid","11":"jugador-mann","12":"jugador-mehrzweck","13":"marca-rs-padel-de","14":"superficie-rugosa-de","15":"tipo-de-juego-mehrzweck","16":"product_cat-palas-de-padel-de","18":"first","19":"instock","20":"taxable","21":"shipping-taxable","22":"purchasable","23":"product-type-simple"},"acf":[],"yoast_head":"<!-- This site is optimized with the Yoast SEO plugin v27.4 - https:\/\/yoast.com\/product\/yoast-seo-wordpress\/ -->\n<title>RS PADEL PRO EDITION CAYETANO ROCAFORT - Revolution Padel Store<\/title>\n<meta name=\"description\" content=\"La pala de p\u00e1del RS Padel Pro Edition Cayetano Rocafort ayuda a desplegar un juego de mucha versatilidad. Permite combinar a la perfecci\u00f3n una gran potencia con una enorme manejabilidad.\" \/>\n<meta name=\"robots\" content=\"index, follow, max-snippet:-1, max-image-preview:large, max-video-preview:-1\" \/>\n<link rel=\"canonical\" href=\"https:\/\/revolutionpadelstore.com\/de\/produkt\/rs-padel-pro-edition-cayetano-rocafort-1\/\" \/>\n<meta property=\"og:locale\" content=\"de_DE\" \/>\n<meta property=\"og:type\" content=\"article\" \/>\n<meta property=\"og:title\" content=\"RS PADEL PRO EDITION CAYETANO ROCAFORT - Revolution Padel Store\" \/>\n<meta property=\"og:description\" content=\"La pala de p\u00e1del RS Padel Pro Edition Cayetano Rocafort ayuda a desplegar un juego de mucha versatilidad. Permite combinar a la perfecci\u00f3n una gran potencia con una enorme manejabilidad.\" \/>\n<meta property=\"og:url\" content=\"https:\/\/revolutionpadelstore.com\/de\/produkt\/rs-padel-pro-edition-cayetano-rocafort-1\/\" \/>\n<meta property=\"og:site_name\" content=\"Revolution Padel Store\" \/>\n<meta property=\"article:modified_time\" content=\"2026-04-08T12:56:22+00:00\" \/>\n<meta property=\"og:image\" content=\"https:\/\/revolutionpadelstore.com\/wp-content\/uploads\/2024\/03\/RS_PRO_EDITION_CAYETANO_ROCAFORT_91009_VISTA1_1000_1000_ec9b.webp\" \/>\n\t<meta property=\"og:image:width\" content=\"1000\" \/>\n\t<meta property=\"og:image:height\" content=\"1000\" \/>\n\t<meta property=\"og:image:type\" content=\"image\/webp\" \/>\n<meta name=\"twitter:card\" content=\"summary_large_image\" \/>\n<meta name=\"twitter:label1\" content=\"Gesch\u00e4tzte Lesezeit\" \/>\n\t<meta name=\"twitter:data1\" content=\"1\u00a0Minute\" \/>\n<script type=\"application\/ld+json\" class=\"yoast-schema-graph\">{\"@context\":\"https:\\\/\\\/schema.org\",\"@graph\":[{\"@type\":\"WebPage\",\"@id\":\"https:\\\/\\\/revolutionpadelstore.com\\\/de\\\/produkt\\\/rs-padel-pro-edition-cayetano-rocafort-1\\\/\",\"url\":\"https:\\\/\\\/revolutionpadelstore.com\\\/de\\\/produkt\\\/rs-padel-pro-edition-cayetano-rocafort-1\\\/\",\"name\":\"RS PADEL PRO EDITION CAYETANO ROCAFORT - Revolution Padel Store\",\"isPartOf\":{\"@id\":\"https:\\\/\\\/revolutionpadelstore.com\\\/de\\\/#website\"},\"primaryImageOfPage\":{\"@id\":\"https:\\\/\\\/revolutionpadelstore.com\\\/de\\\/produkt\\\/rs-padel-pro-edition-cayetano-rocafort-1\\\/#primaryimage\"},\"image\":{\"@id\":\"https:\\\/\\\/revolutionpadelstore.com\\\/de\\\/produkt\\\/rs-padel-pro-edition-cayetano-rocafort-1\\\/#primaryimage\"},\"thumbnailUrl\":\"https:\\\/\\\/revolutionpadelstore.com\\\/wp-content\\\/uploads\\\/2024\\\/03\\\/RS_PRO_EDITION_CAYETANO_ROCAFORT_91009_VISTA1_1000_1000_ec9b.webp\",\"datePublished\":\"2024-03-21T13:31:49+00:00\",\"dateModified\":\"2026-04-08T12:56:22+00:00\",\"description\":\"La pala de p\u00e1del RS Padel Pro Edition Cayetano Rocafort ayuda a desplegar un juego de mucha versatilidad. Permite combinar a la perfecci\u00f3n una gran potencia con una enorme manejabilidad.\",\"breadcrumb\":{\"@id\":\"https:\\\/\\\/revolutionpadelstore.com\\\/de\\\/produkt\\\/rs-padel-pro-edition-cayetano-rocafort-1\\\/#breadcrumb\"},\"inLanguage\":\"de\",\"potentialAction\":[{\"@type\":\"ReadAction\",\"target\":[\"https:\\\/\\\/revolutionpadelstore.com\\\/de\\\/produkt\\\/rs-padel-pro-edition-cayetano-rocafort-1\\\/\"]}]},{\"@type\":\"ImageObject\",\"inLanguage\":\"de\",\"@id\":\"https:\\\/\\\/revolutionpadelstore.com\\\/de\\\/produkt\\\/rs-padel-pro-edition-cayetano-rocafort-1\\\/#primaryimage\",\"url\":\"https:\\\/\\\/revolutionpadelstore.com\\\/wp-content\\\/uploads\\\/2024\\\/03\\\/RS_PRO_EDITION_CAYETANO_ROCAFORT_91009_VISTA1_1000_1000_ec9b.webp\",\"contentUrl\":\"https:\\\/\\\/revolutionpadelstore.com\\\/wp-content\\\/uploads\\\/2024\\\/03\\\/RS_PRO_EDITION_CAYETANO_ROCAFORT_91009_VISTA1_1000_1000_ec9b.webp\",\"width\":1000,\"height\":1000},{\"@type\":\"BreadcrumbList\",\"@id\":\"https:\\\/\\\/revolutionpadelstore.com\\\/de\\\/produkt\\\/rs-padel-pro-edition-cayetano-rocafort-1\\\/#breadcrumb\",\"itemListElement\":[{\"@type\":\"ListItem\",\"position\":1,\"name\":\"Portada\",\"item\":\"https:\\\/\\\/revolutionpadelstore.com\\\/de\\\/\"},{\"@type\":\"ListItem\",\"position\":2,\"name\":\"Shop\",\"item\":\"https:\\\/\\\/revolutionpadelstore.com\\\/de\\\/tienda\\\/\"},{\"@type\":\"ListItem\",\"position\":3,\"name\":\"RS PADEL PRO EDITION CAYETANO ROCAFORT\"}]},{\"@type\":\"WebSite\",\"@id\":\"https:\\\/\\\/revolutionpadelstore.com\\\/de\\\/#website\",\"url\":\"https:\\\/\\\/revolutionpadelstore.com\\\/de\\\/\",\"name\":\"Revolution Padel Store\",\"description\":\"\",\"publisher\":{\"@id\":\"https:\\\/\\\/revolutionpadelstore.com\\\/de\\\/#organization\"},\"potentialAction\":[{\"@type\":\"SearchAction\",\"target\":{\"@type\":\"EntryPoint\",\"urlTemplate\":\"https:\\\/\\\/revolutionpadelstore.com\\\/de\\\/?s={search_term_string}\"},\"query-input\":{\"@type\":\"PropertyValueSpecification\",\"valueRequired\":true,\"valueName\":\"search_term_string\"}}],\"inLanguage\":\"de\"},{\"@type\":\"Organization\",\"@id\":\"https:\\\/\\\/revolutionpadelstore.com\\\/de\\\/#organization\",\"name\":\"Revolution Padel Store\",\"url\":\"https:\\\/\\\/revolutionpadelstore.com\\\/de\\\/\",\"logo\":{\"@type\":\"ImageObject\",\"inLanguage\":\"de\",\"@id\":\"https:\\\/\\\/revolutionpadelstore.com\\\/de\\\/#\\\/schema\\\/logo\\\/image\\\/\",\"url\":\"https:\\\/\\\/revolutionpadelstore.com\\\/wp-content\\\/uploads\\\/2026\\\/02\\\/revolution-padel-store.jpg\",\"contentUrl\":\"https:\\\/\\\/revolutionpadelstore.com\\\/wp-content\\\/uploads\\\/2026\\\/02\\\/revolution-padel-store.jpg\",\"width\":2000,\"height\":2000,\"caption\":\"Revolution Padel Store\"},\"image\":{\"@id\":\"https:\\\/\\\/revolutionpadelstore.com\\\/de\\\/#\\\/schema\\\/logo\\\/image\\\/\"},\"sameAs\":[\"https:\\\/\\\/www.instagram.com\\\/revolutionpadelstore\\\/\"]}]}<\/script>\n<!-- \/ Yoast SEO plugin. -->","yoast_head_json":{"title":"RS PADEL PRO EDITION CAYETANO ROCAFORT - Revolution Padel Store","description":"La pala de p\u00e1del RS Padel Pro Edition Cayetano Rocafort ayuda a desplegar un juego de mucha versatilidad. Permite combinar a la perfecci\u00f3n una gran potencia con una enorme manejabilidad.","robots":{"index":"index","follow":"follow","max-snippet":"max-snippet:-1","max-image-preview":"max-image-preview:large","max-video-preview":"max-video-preview:-1"},"canonical":"https:\/\/revolutionpadelstore.com\/de\/produkt\/rs-padel-pro-edition-cayetano-rocafort-1\/","og_locale":"de_DE","og_type":"article","og_title":"RS PADEL PRO EDITION CAYETANO ROCAFORT - Revolution Padel Store","og_description":"La pala de p\u00e1del RS Padel Pro Edition Cayetano Rocafort ayuda a desplegar un juego de mucha versatilidad. Permite combinar a la perfecci\u00f3n una gran potencia con una enorme manejabilidad.","og_url":"https:\/\/revolutionpadelstore.com\/de\/produkt\/rs-padel-pro-edition-cayetano-rocafort-1\/","og_site_name":"Revolution Padel Store","article_modified_time":"2026-04-08T12:56:22+00:00","og_image":[{"width":1000,"height":1000,"url":"https:\/\/revolutionpadelstore.com\/wp-content\/uploads\/2024\/03\/RS_PRO_EDITION_CAYETANO_ROCAFORT_91009_VISTA1_1000_1000_ec9b.webp","type":"image\/webp"}],"twitter_card":"summary_large_image","twitter_misc":{"Gesch\u00e4tzte Lesezeit":"1\u00a0Minute"},"schema":{"@context":"https:\/\/schema.org","@graph":[{"@type":"WebPage","@id":"https:\/\/revolutionpadelstore.com\/de\/produkt\/rs-padel-pro-edition-cayetano-rocafort-1\/","url":"https:\/\/revolutionpadelstore.com\/de\/produkt\/rs-padel-pro-edition-cayetano-rocafort-1\/","name":"RS PADEL PRO EDITION CAYETANO ROCAFORT - Revolution Padel Store","isPartOf":{"@id":"https:\/\/revolutionpadelstore.com\/de\/#website"},"primaryImageOfPage":{"@id":"https:\/\/revolutionpadelstore.com\/de\/produkt\/rs-padel-pro-edition-cayetano-rocafort-1\/#primaryimage"},"image":{"@id":"https:\/\/revolutionpadelstore.com\/de\/produkt\/rs-padel-pro-edition-cayetano-rocafort-1\/#primaryimage"},"thumbnailUrl":"https:\/\/revolutionpadelstore.com\/wp-content\/uploads\/2024\/03\/RS_PRO_EDITION_CAYETANO_ROCAFORT_91009_VISTA1_1000_1000_ec9b.webp","datePublished":"2024-03-21T13:31:49+00:00","dateModified":"2026-04-08T12:56:22+00:00","description":"La pala de p\u00e1del RS Padel Pro Edition Cayetano Rocafort ayuda a desplegar un juego de mucha versatilidad. Permite combinar a la perfecci\u00f3n una gran potencia con una enorme manejabilidad.","breadcrumb":{"@id":"https:\/\/revolutionpadelstore.com\/de\/produkt\/rs-padel-pro-edition-cayetano-rocafort-1\/#breadcrumb"},"inLanguage":"de","potentialAction":[{"@type":"ReadAction","target":["https:\/\/revolutionpadelstore.com\/de\/produkt\/rs-padel-pro-edition-cayetano-rocafort-1\/"]}]},{"@type":"ImageObject","inLanguage":"de","@id":"https:\/\/revolutionpadelstore.com\/de\/produkt\/rs-padel-pro-edition-cayetano-rocafort-1\/#primaryimage","url":"https:\/\/revolutionpadelstore.com\/wp-content\/uploads\/2024\/03\/RS_PRO_EDITION_CAYETANO_ROCAFORT_91009_VISTA1_1000_1000_ec9b.webp","contentUrl":"https:\/\/revolutionpadelstore.com\/wp-content\/uploads\/2024\/03\/RS_PRO_EDITION_CAYETANO_ROCAFORT_91009_VISTA1_1000_1000_ec9b.webp","width":1000,"height":1000},{"@type":"BreadcrumbList","@id":"https:\/\/revolutionpadelstore.com\/de\/produkt\/rs-padel-pro-edition-cayetano-rocafort-1\/#breadcrumb","itemListElement":[{"@type":"ListItem","position":1,"name":"Portada","item":"https:\/\/revolutionpadelstore.com\/de\/"},{"@type":"ListItem","position":2,"name":"Shop","item":"https:\/\/revolutionpadelstore.com\/de\/tienda\/"},{"@type":"ListItem","position":3,"name":"RS PADEL PRO EDITION CAYETANO ROCAFORT"}]},{"@type":"WebSite","@id":"https:\/\/revolutionpadelstore.com\/de\/#website","url":"https:\/\/revolutionpadelstore.com\/de\/","name":"Revolution Padel Store","description":"","publisher":{"@id":"https:\/\/revolutionpadelstore.com\/de\/#organization"},"potentialAction":[{"@type":"SearchAction","target":{"@type":"EntryPoint","urlTemplate":"https:\/\/revolutionpadelstore.com\/de\/?s={search_term_string}"},"query-input":{"@type":"PropertyValueSpecification","valueRequired":true,"valueName":"search_term_string"}}],"inLanguage":"de"},{"@type":"Organization","@id":"https:\/\/revolutionpadelstore.com\/de\/#organization","name":"Revolution Padel Store","url":"https:\/\/revolutionpadelstore.com\/de\/","logo":{"@type":"ImageObject","inLanguage":"de","@id":"https:\/\/revolutionpadelstore.com\/de\/#\/schema\/logo\/image\/","url":"https:\/\/revolutionpadelstore.com\/wp-content\/uploads\/2026\/02\/revolution-padel-store.jpg","contentUrl":"https:\/\/revolutionpadelstore.com\/wp-content\/uploads\/2026\/02\/revolution-padel-store.jpg","width":2000,"height":2000,"caption":"Revolution Padel Store"},"image":{"@id":"https:\/\/revolutionpadelstore.com\/de\/#\/schema\/logo\/image\/"},"sameAs":["https:\/\/www.instagram.com\/revolutionpadelstore\/"]}]}},"_links":{"self":[{"href":"https:\/\/revolutionpadelstore.com\/de\/wp-json\/wp\/v2\/product\/20302","targetHints":{"allow":["GET"]}}],"collection":[{"href":"https:\/\/revolutionpadelstore.com\/de\/wp-json\/wp\/v2\/product"}],"about":[{"href":"https:\/\/revolutionpadelstore.com\/de\/wp-json\/wp\/v2\/types\/product"}],"replies":[{"embeddable":true,"href":"https:\/\/revolutionpadelstore.com\/de\/wp-json\/wp\/v2\/comments?post=20302"}],"wp:featuredmedia":[{"embeddable":true,"href":"https:\/\/revolutionpadelstore.com\/de\/wp-json\/wp\/v2\/media\/52126"}],"wp:attachment":[{"href":"https:\/\/revolutionpadelstore.com\/de\/wp-json\/wp\/v2\/media?parent=20302"}],"wp:term":[{"taxonomy":"acabado","embeddable":true,"href":"https:\/\/revolutionpadelstore.com\/de\/wp-json\/wp\/v2\/acabado?post=20302"},{"taxonomy":"balance","embeddable":true,"href":"https:\/\/revolutionpadelstore.com\/de\/wp-json\/wp\/v2\/balance?post=20302"},{"taxonomy":"dureza","embeddable":true,"href":"https:\/\/revolutionpadelstore.com\/de\/wp-json\/wp\/v2\/dureza?post=20302"},{"taxonomy":"forma","embeddable":true,"href":"https:\/\/revolutionpadelstore.com\/de\/wp-json\/wp\/v2\/forma?post=20302"},{"taxonomy":"jugador","embeddable":true,"href":"https:\/\/revolutionpadelstore.com\/de\/wp-json\/wp\/v2\/jugador?post=20302"},{"taxonomy":"marca","embeddable":true,"href":"https:\/\/revolutionpadelstore.com\/de\/wp-json\/wp\/v2\/marca?post=20302"},{"taxonomy":"nivel-de-juego","embeddable":true,"href":"https:\/\/revolutionpadelstore.com\/de\/wp-json\/wp\/v2\/nivel-de-juego?post=20302"},{"taxonomy":"superficie","embeddable":true,"href":"https:\/\/revolutionpadelstore.com\/de\/wp-json\/wp\/v2\/superficie?post=20302"},{"taxonomy":"tipo-de-juego","embeddable":true,"href":"https:\/\/revolutionpadelstore.com\/de\/wp-json\/wp\/v2\/tipo-de-juego?post=20302"},{"taxonomy":"product_brand","embeddable":true,"href":"https:\/\/revolutionpadelstore.com\/de\/wp-json\/wp\/v2\/product_brand?post=20302"},{"taxonomy":"product_cat","embeddable":true,"href":"https:\/\/revolutionpadelstore.com\/de\/wp-json\/wp\/v2\/product_cat?post=20302"},{"taxonomy":"product_tag","embeddable":true,"href":"https:\/\/revolutionpadelstore.com\/de\/wp-json\/wp\/v2\/product_tag?post=20302"}],"curies":[{"name":"wp","href":"https:\/\/api.w.org\/{rel}","templated":true}]}}