{"id":20292,"date":"2024-03-21T14:42:40","date_gmt":"2024-03-21T13:42:40","guid":{"rendered":"https:\/\/revolutionpadelstore.com\/rs-padel-prime-team-edition-negro-azul-mujer\/"},"modified":"2026-04-08T14:54:31","modified_gmt":"2026-04-08T12:54:31","slug":"rs-padel-prime-team-edition-negro-azul-mujer-1","status":"publish","type":"product","link":"https:\/\/revolutionpadelstore.com\/de\/produkt\/rs-padel-prime-team-edition-negro-azul-mujer-1\/","title":{"rendered":"RS PADEL PRIME TEAM EDITION NEGRO AZUL MUJER"},"content":{"rendered":"<h2>Warum den RS Padel Prime Team Edition Damen-Padelschl\u00e4ger kaufen?<\/h2>\n<p>Es handelt sich um einen Padelschl\u00e4ger mit mittlerer Balance. Dies erm\u00f6glicht eine vielseitige Leistung, die sowohl Kontrolle als auch Kraft f\u00f6rdert.<\/p>\n<p>Es hat eine Tropfenform und zahlreiche Perforationen, die strategisch in kreisf\u00f6rmiger Richtung platziert sind. Beide Aspekte erm\u00f6glichen einen breiten Sweetspot und enorme Man\u00f6vrierf\u00e4higkeit.<\/p>\n<h2>F\u00fcr welchen Spielertyp ist der Damen-Padelschl\u00e4ger RS \u200b\u200bPadel Prime Team Edition geeignet?<\/h2>\n<p>Es ist <strong>f\u00fcr erwachsene Paddler auf h\u00f6chstem Niveau<\/strong>, die einen wendigen Schl\u00e4ger mit gro\u00dfer Kraft bei Angriffen und R\u00fcckschl\u00e4gen ben\u00f6tigen.<\/p>\n<h2>Design und Farben<\/h2>\n<p>Vom Steg bis zum h\u00f6chsten Teil der Seiten weist es eine glatte, mattschwarze Farbe auf. Im Kontrast dazu stehen unterschiedlich dicke Filets mit einem pastellmintgr\u00fcnen Farbton am Hals und an den Enden der Hauptfl\u00e4chen. In der Mitte sind zwei geschwungene graugr\u00fcne Streifen eingearbeitet.<\/p>\n<h2>\u00bfPor qu\u00e9 adquirir la pala de p\u00e1del RS Padel Prime Team Edition Mujer?<\/h2>\n","protected":false},"excerpt":{"rendered":"<p>Der<strong>RS Padel Prime Team Edition Black Blue Damen-Padelschl\u00e4ger<\/strong> verf\u00fcgt \u00fcber Technologien, die eine hervorragende Leistung auf dem Platz f\u00f6rdern. Seine gro\u00dfe Elastizit\u00e4t erm\u00f6glicht hochpr\u00e4zise Schl\u00e4ge.<\/p>\n","protected":false},"featured_media":52084,"comment_status":"open","ping_status":"closed","template":"","meta":{"_acf_changed":false,"_joinchat":[]},"acabado":[1094],"balance":[1139],"dureza":[1154],"forma":[1184],"jugador":[1194],"marca":[1309],"nivel-de-juego":[1334],"superficie":[1359],"tipo-de-juego":[1384],"product_brand":[],"product_cat":[299],"product_tag":[],"class_list":{"0":"post-20292","1":"product","2":"type-product","3":"status-publish","4":"has-post-thumbnail","6":"acabado-arenoso-de","7":"balance-mittel","8":"dureza-media-de","9":"forma-lagrima-de","10":"jugador-frau","11":"marca-rs-padel-de","12":"superficie-rugosa-de","13":"tipo-de-juego-mehrzweck","14":"product_cat-palas-de-padel-de","16":"first","17":"instock","18":"taxable","19":"shipping-taxable","20":"purchasable","21":"product-type-simple"},"acf":[],"yoast_head":"<!-- This site is optimized with the Yoast SEO plugin v27.4 - https:\/\/yoast.com\/product\/yoast-seo-wordpress\/ -->\n<title>RS PADEL PRIME TEAM EDITION NEGRO AZUL MUJER - Revolution Padel Store<\/title>\n<meta name=\"description\" content=\"La pala de p\u00e1del RS Padel Prime Team Edition Negro Azul Mujer incluye tecnolog\u00edas que fomentan un gran desempe\u00f1o sobre la pista. Su gran elasticidad facilita golpes de gran precisi\u00f3n.\" \/>\n<meta name=\"robots\" content=\"index, follow, max-snippet:-1, max-image-preview:large, max-video-preview:-1\" \/>\n<link rel=\"canonical\" href=\"https:\/\/revolutionpadelstore.com\/de\/produkt\/rs-padel-prime-team-edition-negro-azul-mujer-1\/\" \/>\n<meta property=\"og:locale\" content=\"de_DE\" \/>\n<meta property=\"og:type\" content=\"article\" \/>\n<meta property=\"og:title\" content=\"RS PADEL PRIME TEAM EDITION NEGRO AZUL MUJER - Revolution Padel Store\" \/>\n<meta property=\"og:description\" content=\"La pala de p\u00e1del RS Padel Prime Team Edition Negro Azul Mujer incluye tecnolog\u00edas que fomentan un gran desempe\u00f1o sobre la pista. Su gran elasticidad facilita golpes de gran precisi\u00f3n.\" \/>\n<meta property=\"og:url\" content=\"https:\/\/revolutionpadelstore.com\/de\/produkt\/rs-padel-prime-team-edition-negro-azul-mujer-1\/\" \/>\n<meta property=\"og:site_name\" content=\"Revolution Padel Store\" \/>\n<meta property=\"article:modified_time\" content=\"2026-04-08T12:54:31+00:00\" \/>\n<meta property=\"og:image\" content=\"https:\/\/revolutionpadelstore.com\/wp-content\/uploads\/2024\/03\/RS_PRIME_TEAM_EDITION_91021_MJR_VISTA1_1000_1000_dbdf.webp\" \/>\n\t<meta property=\"og:image:width\" content=\"1000\" \/>\n\t<meta property=\"og:image:height\" content=\"1000\" \/>\n\t<meta property=\"og:image:type\" content=\"image\/webp\" \/>\n<meta name=\"twitter:card\" content=\"summary_large_image\" \/>\n<meta name=\"twitter:label1\" content=\"Gesch\u00e4tzte Lesezeit\" \/>\n\t<meta name=\"twitter:data1\" content=\"1\u00a0Minute\" \/>\n<script type=\"application\/ld+json\" class=\"yoast-schema-graph\">{\"@context\":\"https:\\\/\\\/schema.org\",\"@graph\":[{\"@type\":\"WebPage\",\"@id\":\"https:\\\/\\\/revolutionpadelstore.com\\\/de\\\/produkt\\\/rs-padel-prime-team-edition-negro-azul-mujer-1\\\/\",\"url\":\"https:\\\/\\\/revolutionpadelstore.com\\\/de\\\/produkt\\\/rs-padel-prime-team-edition-negro-azul-mujer-1\\\/\",\"name\":\"RS PADEL PRIME TEAM EDITION NEGRO AZUL MUJER - Revolution Padel Store\",\"isPartOf\":{\"@id\":\"https:\\\/\\\/revolutionpadelstore.com\\\/de\\\/#website\"},\"primaryImageOfPage\":{\"@id\":\"https:\\\/\\\/revolutionpadelstore.com\\\/de\\\/produkt\\\/rs-padel-prime-team-edition-negro-azul-mujer-1\\\/#primaryimage\"},\"image\":{\"@id\":\"https:\\\/\\\/revolutionpadelstore.com\\\/de\\\/produkt\\\/rs-padel-prime-team-edition-negro-azul-mujer-1\\\/#primaryimage\"},\"thumbnailUrl\":\"https:\\\/\\\/revolutionpadelstore.com\\\/wp-content\\\/uploads\\\/2024\\\/03\\\/RS_PRIME_TEAM_EDITION_91021_MJR_VISTA1_1000_1000_dbdf.webp\",\"datePublished\":\"2024-03-21T13:42:40+00:00\",\"dateModified\":\"2026-04-08T12:54:31+00:00\",\"description\":\"La pala de p\u00e1del RS Padel Prime Team Edition Negro Azul Mujer incluye tecnolog\u00edas que fomentan un gran desempe\u00f1o sobre la pista. Su gran elasticidad facilita golpes de gran precisi\u00f3n.\",\"breadcrumb\":{\"@id\":\"https:\\\/\\\/revolutionpadelstore.com\\\/de\\\/produkt\\\/rs-padel-prime-team-edition-negro-azul-mujer-1\\\/#breadcrumb\"},\"inLanguage\":\"de\",\"potentialAction\":[{\"@type\":\"ReadAction\",\"target\":[\"https:\\\/\\\/revolutionpadelstore.com\\\/de\\\/produkt\\\/rs-padel-prime-team-edition-negro-azul-mujer-1\\\/\"]}]},{\"@type\":\"ImageObject\",\"inLanguage\":\"de\",\"@id\":\"https:\\\/\\\/revolutionpadelstore.com\\\/de\\\/produkt\\\/rs-padel-prime-team-edition-negro-azul-mujer-1\\\/#primaryimage\",\"url\":\"https:\\\/\\\/revolutionpadelstore.com\\\/wp-content\\\/uploads\\\/2024\\\/03\\\/RS_PRIME_TEAM_EDITION_91021_MJR_VISTA1_1000_1000_dbdf.webp\",\"contentUrl\":\"https:\\\/\\\/revolutionpadelstore.com\\\/wp-content\\\/uploads\\\/2024\\\/03\\\/RS_PRIME_TEAM_EDITION_91021_MJR_VISTA1_1000_1000_dbdf.webp\",\"width\":1000,\"height\":1000},{\"@type\":\"BreadcrumbList\",\"@id\":\"https:\\\/\\\/revolutionpadelstore.com\\\/de\\\/produkt\\\/rs-padel-prime-team-edition-negro-azul-mujer-1\\\/#breadcrumb\",\"itemListElement\":[{\"@type\":\"ListItem\",\"position\":1,\"name\":\"Portada\",\"item\":\"https:\\\/\\\/revolutionpadelstore.com\\\/de\\\/\"},{\"@type\":\"ListItem\",\"position\":2,\"name\":\"Shop\",\"item\":\"https:\\\/\\\/revolutionpadelstore.com\\\/de\\\/tienda\\\/\"},{\"@type\":\"ListItem\",\"position\":3,\"name\":\"RS PADEL PRIME TEAM EDITION NEGRO AZUL MUJER\"}]},{\"@type\":\"WebSite\",\"@id\":\"https:\\\/\\\/revolutionpadelstore.com\\\/de\\\/#website\",\"url\":\"https:\\\/\\\/revolutionpadelstore.com\\\/de\\\/\",\"name\":\"Revolution Padel Store\",\"description\":\"\",\"publisher\":{\"@id\":\"https:\\\/\\\/revolutionpadelstore.com\\\/de\\\/#organization\"},\"potentialAction\":[{\"@type\":\"SearchAction\",\"target\":{\"@type\":\"EntryPoint\",\"urlTemplate\":\"https:\\\/\\\/revolutionpadelstore.com\\\/de\\\/?s={search_term_string}\"},\"query-input\":{\"@type\":\"PropertyValueSpecification\",\"valueRequired\":true,\"valueName\":\"search_term_string\"}}],\"inLanguage\":\"de\"},{\"@type\":\"Organization\",\"@id\":\"https:\\\/\\\/revolutionpadelstore.com\\\/de\\\/#organization\",\"name\":\"Revolution Padel Store\",\"url\":\"https:\\\/\\\/revolutionpadelstore.com\\\/de\\\/\",\"logo\":{\"@type\":\"ImageObject\",\"inLanguage\":\"de\",\"@id\":\"https:\\\/\\\/revolutionpadelstore.com\\\/de\\\/#\\\/schema\\\/logo\\\/image\\\/\",\"url\":\"https:\\\/\\\/revolutionpadelstore.com\\\/wp-content\\\/uploads\\\/2026\\\/02\\\/revolution-padel-store.jpg\",\"contentUrl\":\"https:\\\/\\\/revolutionpadelstore.com\\\/wp-content\\\/uploads\\\/2026\\\/02\\\/revolution-padel-store.jpg\",\"width\":2000,\"height\":2000,\"caption\":\"Revolution Padel Store\"},\"image\":{\"@id\":\"https:\\\/\\\/revolutionpadelstore.com\\\/de\\\/#\\\/schema\\\/logo\\\/image\\\/\"},\"sameAs\":[\"https:\\\/\\\/www.instagram.com\\\/revolutionpadelstore\\\/\"]}]}<\/script>\n<!-- \/ Yoast SEO plugin. -->","yoast_head_json":{"title":"RS PADEL PRIME TEAM EDITION NEGRO AZUL MUJER - Revolution Padel Store","description":"La pala de p\u00e1del RS Padel Prime Team Edition Negro Azul Mujer incluye tecnolog\u00edas que fomentan un gran desempe\u00f1o sobre la pista. Su gran elasticidad facilita golpes de gran precisi\u00f3n.","robots":{"index":"index","follow":"follow","max-snippet":"max-snippet:-1","max-image-preview":"max-image-preview:large","max-video-preview":"max-video-preview:-1"},"canonical":"https:\/\/revolutionpadelstore.com\/de\/produkt\/rs-padel-prime-team-edition-negro-azul-mujer-1\/","og_locale":"de_DE","og_type":"article","og_title":"RS PADEL PRIME TEAM EDITION NEGRO AZUL MUJER - Revolution Padel Store","og_description":"La pala de p\u00e1del RS Padel Prime Team Edition Negro Azul Mujer incluye tecnolog\u00edas que fomentan un gran desempe\u00f1o sobre la pista. Su gran elasticidad facilita golpes de gran precisi\u00f3n.","og_url":"https:\/\/revolutionpadelstore.com\/de\/produkt\/rs-padel-prime-team-edition-negro-azul-mujer-1\/","og_site_name":"Revolution Padel Store","article_modified_time":"2026-04-08T12:54:31+00:00","og_image":[{"width":1000,"height":1000,"url":"https:\/\/revolutionpadelstore.com\/wp-content\/uploads\/2024\/03\/RS_PRIME_TEAM_EDITION_91021_MJR_VISTA1_1000_1000_dbdf.webp","type":"image\/webp"}],"twitter_card":"summary_large_image","twitter_misc":{"Gesch\u00e4tzte Lesezeit":"1\u00a0Minute"},"schema":{"@context":"https:\/\/schema.org","@graph":[{"@type":"WebPage","@id":"https:\/\/revolutionpadelstore.com\/de\/produkt\/rs-padel-prime-team-edition-negro-azul-mujer-1\/","url":"https:\/\/revolutionpadelstore.com\/de\/produkt\/rs-padel-prime-team-edition-negro-azul-mujer-1\/","name":"RS PADEL PRIME TEAM EDITION NEGRO AZUL MUJER - Revolution Padel Store","isPartOf":{"@id":"https:\/\/revolutionpadelstore.com\/de\/#website"},"primaryImageOfPage":{"@id":"https:\/\/revolutionpadelstore.com\/de\/produkt\/rs-padel-prime-team-edition-negro-azul-mujer-1\/#primaryimage"},"image":{"@id":"https:\/\/revolutionpadelstore.com\/de\/produkt\/rs-padel-prime-team-edition-negro-azul-mujer-1\/#primaryimage"},"thumbnailUrl":"https:\/\/revolutionpadelstore.com\/wp-content\/uploads\/2024\/03\/RS_PRIME_TEAM_EDITION_91021_MJR_VISTA1_1000_1000_dbdf.webp","datePublished":"2024-03-21T13:42:40+00:00","dateModified":"2026-04-08T12:54:31+00:00","description":"La pala de p\u00e1del RS Padel Prime Team Edition Negro Azul Mujer incluye tecnolog\u00edas que fomentan un gran desempe\u00f1o sobre la pista. Su gran elasticidad facilita golpes de gran precisi\u00f3n.","breadcrumb":{"@id":"https:\/\/revolutionpadelstore.com\/de\/produkt\/rs-padel-prime-team-edition-negro-azul-mujer-1\/#breadcrumb"},"inLanguage":"de","potentialAction":[{"@type":"ReadAction","target":["https:\/\/revolutionpadelstore.com\/de\/produkt\/rs-padel-prime-team-edition-negro-azul-mujer-1\/"]}]},{"@type":"ImageObject","inLanguage":"de","@id":"https:\/\/revolutionpadelstore.com\/de\/produkt\/rs-padel-prime-team-edition-negro-azul-mujer-1\/#primaryimage","url":"https:\/\/revolutionpadelstore.com\/wp-content\/uploads\/2024\/03\/RS_PRIME_TEAM_EDITION_91021_MJR_VISTA1_1000_1000_dbdf.webp","contentUrl":"https:\/\/revolutionpadelstore.com\/wp-content\/uploads\/2024\/03\/RS_PRIME_TEAM_EDITION_91021_MJR_VISTA1_1000_1000_dbdf.webp","width":1000,"height":1000},{"@type":"BreadcrumbList","@id":"https:\/\/revolutionpadelstore.com\/de\/produkt\/rs-padel-prime-team-edition-negro-azul-mujer-1\/#breadcrumb","itemListElement":[{"@type":"ListItem","position":1,"name":"Portada","item":"https:\/\/revolutionpadelstore.com\/de\/"},{"@type":"ListItem","position":2,"name":"Shop","item":"https:\/\/revolutionpadelstore.com\/de\/tienda\/"},{"@type":"ListItem","position":3,"name":"RS PADEL PRIME TEAM EDITION NEGRO AZUL MUJER"}]},{"@type":"WebSite","@id":"https:\/\/revolutionpadelstore.com\/de\/#website","url":"https:\/\/revolutionpadelstore.com\/de\/","name":"Revolution Padel Store","description":"","publisher":{"@id":"https:\/\/revolutionpadelstore.com\/de\/#organization"},"potentialAction":[{"@type":"SearchAction","target":{"@type":"EntryPoint","urlTemplate":"https:\/\/revolutionpadelstore.com\/de\/?s={search_term_string}"},"query-input":{"@type":"PropertyValueSpecification","valueRequired":true,"valueName":"search_term_string"}}],"inLanguage":"de"},{"@type":"Organization","@id":"https:\/\/revolutionpadelstore.com\/de\/#organization","name":"Revolution Padel Store","url":"https:\/\/revolutionpadelstore.com\/de\/","logo":{"@type":"ImageObject","inLanguage":"de","@id":"https:\/\/revolutionpadelstore.com\/de\/#\/schema\/logo\/image\/","url":"https:\/\/revolutionpadelstore.com\/wp-content\/uploads\/2026\/02\/revolution-padel-store.jpg","contentUrl":"https:\/\/revolutionpadelstore.com\/wp-content\/uploads\/2026\/02\/revolution-padel-store.jpg","width":2000,"height":2000,"caption":"Revolution Padel Store"},"image":{"@id":"https:\/\/revolutionpadelstore.com\/de\/#\/schema\/logo\/image\/"},"sameAs":["https:\/\/www.instagram.com\/revolutionpadelstore\/"]}]}},"_links":{"self":[{"href":"https:\/\/revolutionpadelstore.com\/de\/wp-json\/wp\/v2\/product\/20292","targetHints":{"allow":["GET"]}}],"collection":[{"href":"https:\/\/revolutionpadelstore.com\/de\/wp-json\/wp\/v2\/product"}],"about":[{"href":"https:\/\/revolutionpadelstore.com\/de\/wp-json\/wp\/v2\/types\/product"}],"replies":[{"embeddable":true,"href":"https:\/\/revolutionpadelstore.com\/de\/wp-json\/wp\/v2\/comments?post=20292"}],"wp:featuredmedia":[{"embeddable":true,"href":"https:\/\/revolutionpadelstore.com\/de\/wp-json\/wp\/v2\/media\/52084"}],"wp:attachment":[{"href":"https:\/\/revolutionpadelstore.com\/de\/wp-json\/wp\/v2\/media?parent=20292"}],"wp:term":[{"taxonomy":"acabado","embeddable":true,"href":"https:\/\/revolutionpadelstore.com\/de\/wp-json\/wp\/v2\/acabado?post=20292"},{"taxonomy":"balance","embeddable":true,"href":"https:\/\/revolutionpadelstore.com\/de\/wp-json\/wp\/v2\/balance?post=20292"},{"taxonomy":"dureza","embeddable":true,"href":"https:\/\/revolutionpadelstore.com\/de\/wp-json\/wp\/v2\/dureza?post=20292"},{"taxonomy":"forma","embeddable":true,"href":"https:\/\/revolutionpadelstore.com\/de\/wp-json\/wp\/v2\/forma?post=20292"},{"taxonomy":"jugador","embeddable":true,"href":"https:\/\/revolutionpadelstore.com\/de\/wp-json\/wp\/v2\/jugador?post=20292"},{"taxonomy":"marca","embeddable":true,"href":"https:\/\/revolutionpadelstore.com\/de\/wp-json\/wp\/v2\/marca?post=20292"},{"taxonomy":"nivel-de-juego","embeddable":true,"href":"https:\/\/revolutionpadelstore.com\/de\/wp-json\/wp\/v2\/nivel-de-juego?post=20292"},{"taxonomy":"superficie","embeddable":true,"href":"https:\/\/revolutionpadelstore.com\/de\/wp-json\/wp\/v2\/superficie?post=20292"},{"taxonomy":"tipo-de-juego","embeddable":true,"href":"https:\/\/revolutionpadelstore.com\/de\/wp-json\/wp\/v2\/tipo-de-juego?post=20292"},{"taxonomy":"product_brand","embeddable":true,"href":"https:\/\/revolutionpadelstore.com\/de\/wp-json\/wp\/v2\/product_brand?post=20292"},{"taxonomy":"product_cat","embeddable":true,"href":"https:\/\/revolutionpadelstore.com\/de\/wp-json\/wp\/v2\/product_cat?post=20292"},{"taxonomy":"product_tag","embeddable":true,"href":"https:\/\/revolutionpadelstore.com\/de\/wp-json\/wp\/v2\/product_tag?post=20292"}],"curies":[{"name":"wp","href":"https:\/\/api.w.org\/{rel}","templated":true}]}}