{"id":20282,"date":"2024-03-21T14:50:13","date_gmt":"2024-03-21T13:50:13","guid":{"rendered":"https:\/\/revolutionpadelstore.com\/rs-cobra-apex-edition-women-black\/"},"modified":"2026-04-08T14:53:21","modified_gmt":"2026-04-08T12:53:21","slug":"rs-cobra-apex-edition-women-black-1","status":"publish","type":"product","link":"https:\/\/revolutionpadelstore.com\/de\/produkt\/rs-cobra-apex-edition-women-black-1\/","title":{"rendered":"RS COBRA APEX EDITION WOMEN BLACK"},"content":{"rendered":"<h2>Was bietet der RS \u200b\u200bCobra Apex Edition 91029 Damen-Padelschl\u00e4ger?<\/h2>\n<p>Der Damen-Padelschl\u00e4ger RS \u200b\u200bCobra Apex Edition 91029 der Marke Robin S\u00f6derling bietet dank der Leichtigkeit seiner Materialien eine hervorragende Leistung. Das Design der Klinge sorgt f\u00fcr eine verbesserte Balance, wodurch das Gewicht der Klinge auf den Griff verteilt wird. Der gr\u00f6\u00dfte Vorteil besteht darin, dass es dem Spieler mehr Kontrolle und Pr\u00e4zision bei jedem Schlag bietet.<\/p>\n<h2>F\u00fcr welchen Spielertyp ist der Damen-Padelschl\u00e4ger RS \u200b\u200bCobra Apex Edition 91029 geeignet?<\/h2>\n<p>Der RS \u200b\u200bCobra Apex Edition 91029 Damen-Padelschl\u00e4ger ist f\u00fcr fortgeschrittene oder fortgeschrittene Spielerinnen konzipiert. Aufgrund seiner Man\u00f6vrierf\u00e4higkeit eignet es sich f\u00fcr eine einfache Schlagkontrolle.<\/p>\n<h2>Design und Farben<\/h2>\n<p>Der K\u00f6rper des Cobra Apex Edition 91029 Schl\u00e4gers ist \u00fcberwiegend schwarz. In der Mitte der Vorderseite sticht das Markenlogo von Robin S\u00f6derling in zartem Rosa hervor.<\/p>\n<h2>\u00bfQu\u00e9 ofrece la pala de p\u00e1del RS Cobra Apex Edition 91029 de mujer?<\/h2>\n","protected":false},"excerpt":{"rendered":"<p>Der <strong>Padelschl\u00e4ger<\/strong> RS Cobra Apex Edition 91029 f\u00fcr Damen der Marke Robin S\u00f6derling hat eine Tropfenform, die dank seines Designs und der Materialkombination Man\u00f6vrierf\u00e4higkeit bietet.<\/p>\n","protected":false},"featured_media":3026,"comment_status":"open","ping_status":"closed","template":"","meta":{"_acf_changed":false,"_joinchat":[]},"acabado":[1094],"balance":[1144],"dureza":[1154],"forma":[1184],"jugador":[1194],"marca":[1309],"nivel-de-juego":[1334],"superficie":[1359],"tipo-de-juego":[1384],"product_brand":[],"product_cat":[299],"product_tag":[],"class_list":{"0":"post-20282","1":"product","2":"type-product","3":"status-publish","4":"has-post-thumbnail","6":"acabado-arenoso-de","7":"balance-niedrig","8":"dureza-media-de","9":"forma-lagrima-de","10":"jugador-frau","11":"marca-rs-padel-de","12":"superficie-rugosa-de","13":"tipo-de-juego-mehrzweck","14":"product_cat-palas-de-padel-de","16":"first","17":"instock","18":"taxable","19":"shipping-taxable","20":"purchasable","21":"product-type-simple"},"acf":[],"yoast_head":"<!-- This site is optimized with the Yoast SEO plugin v27.4 - https:\/\/yoast.com\/product\/yoast-seo-wordpress\/ -->\n<title>RS COBRA APEX EDITION WOMEN BLACK - Revolution Padel Store<\/title>\n<meta name=\"description\" content=\"La pala de p\u00e1del RS Cobra Apex Edition 91029 de mujer, de la marca Robin Soderling, tiene una forma en l\u00e1grima que ofrece manejabilidad, gracias su dise\u00f1o y combinaci\u00f3n de materiales.\" \/>\n<meta name=\"robots\" content=\"index, follow, max-snippet:-1, max-image-preview:large, max-video-preview:-1\" \/>\n<link rel=\"canonical\" href=\"https:\/\/revolutionpadelstore.com\/de\/produkt\/rs-cobra-apex-edition-women-black-1\/\" \/>\n<meta property=\"og:locale\" content=\"de_DE\" \/>\n<meta property=\"og:type\" content=\"article\" \/>\n<meta property=\"og:title\" content=\"RS COBRA APEX EDITION WOMEN BLACK - Revolution Padel Store\" \/>\n<meta property=\"og:description\" content=\"La pala de p\u00e1del RS Cobra Apex Edition 91029 de mujer, de la marca Robin Soderling, tiene una forma en l\u00e1grima que ofrece manejabilidad, gracias su dise\u00f1o y combinaci\u00f3n de materiales.\" \/>\n<meta property=\"og:url\" content=\"https:\/\/revolutionpadelstore.com\/de\/produkt\/rs-cobra-apex-edition-women-black-1\/\" \/>\n<meta property=\"og:site_name\" content=\"Revolution Padel Store\" \/>\n<meta property=\"article:modified_time\" content=\"2026-04-08T12:53:21+00:00\" \/>\n<meta property=\"og:image\" content=\"https:\/\/revolutionpadelstore.com\/wp-content\/uploads\/2024\/03\/RS_COBRA_APEX_EDITION_91029_MJR_VISTA1_1000_1000_9041.webp\" \/>\n\t<meta property=\"og:image:width\" content=\"1000\" \/>\n\t<meta property=\"og:image:height\" content=\"1000\" \/>\n\t<meta property=\"og:image:type\" content=\"image\/webp\" \/>\n<meta name=\"twitter:card\" content=\"summary_large_image\" \/>\n<meta name=\"twitter:label1\" content=\"Gesch\u00e4tzte Lesezeit\" \/>\n\t<meta name=\"twitter:data1\" content=\"1\u00a0Minute\" \/>\n<script type=\"application\/ld+json\" class=\"yoast-schema-graph\">{\"@context\":\"https:\\\/\\\/schema.org\",\"@graph\":[{\"@type\":\"WebPage\",\"@id\":\"https:\\\/\\\/revolutionpadelstore.com\\\/de\\\/produkt\\\/rs-cobra-apex-edition-women-black-1\\\/\",\"url\":\"https:\\\/\\\/revolutionpadelstore.com\\\/de\\\/produkt\\\/rs-cobra-apex-edition-women-black-1\\\/\",\"name\":\"RS COBRA APEX EDITION WOMEN BLACK - Revolution Padel Store\",\"isPartOf\":{\"@id\":\"https:\\\/\\\/revolutionpadelstore.com\\\/de\\\/#website\"},\"primaryImageOfPage\":{\"@id\":\"https:\\\/\\\/revolutionpadelstore.com\\\/de\\\/produkt\\\/rs-cobra-apex-edition-women-black-1\\\/#primaryimage\"},\"image\":{\"@id\":\"https:\\\/\\\/revolutionpadelstore.com\\\/de\\\/produkt\\\/rs-cobra-apex-edition-women-black-1\\\/#primaryimage\"},\"thumbnailUrl\":\"https:\\\/\\\/revolutionpadelstore.com\\\/wp-content\\\/uploads\\\/2024\\\/03\\\/RS_COBRA_APEX_EDITION_91029_MJR_VISTA1_1000_1000_9041.webp\",\"datePublished\":\"2024-03-21T13:50:13+00:00\",\"dateModified\":\"2026-04-08T12:53:21+00:00\",\"description\":\"La pala de p\u00e1del RS Cobra Apex Edition 91029 de mujer, de la marca Robin Soderling, tiene una forma en l\u00e1grima que ofrece manejabilidad, gracias su dise\u00f1o y combinaci\u00f3n de materiales.\",\"breadcrumb\":{\"@id\":\"https:\\\/\\\/revolutionpadelstore.com\\\/de\\\/produkt\\\/rs-cobra-apex-edition-women-black-1\\\/#breadcrumb\"},\"inLanguage\":\"de\",\"potentialAction\":[{\"@type\":\"ReadAction\",\"target\":[\"https:\\\/\\\/revolutionpadelstore.com\\\/de\\\/produkt\\\/rs-cobra-apex-edition-women-black-1\\\/\"]}]},{\"@type\":\"ImageObject\",\"inLanguage\":\"de\",\"@id\":\"https:\\\/\\\/revolutionpadelstore.com\\\/de\\\/produkt\\\/rs-cobra-apex-edition-women-black-1\\\/#primaryimage\",\"url\":\"https:\\\/\\\/revolutionpadelstore.com\\\/wp-content\\\/uploads\\\/2024\\\/03\\\/RS_COBRA_APEX_EDITION_91029_MJR_VISTA1_1000_1000_9041.webp\",\"contentUrl\":\"https:\\\/\\\/revolutionpadelstore.com\\\/wp-content\\\/uploads\\\/2024\\\/03\\\/RS_COBRA_APEX_EDITION_91029_MJR_VISTA1_1000_1000_9041.webp\",\"width\":1000,\"height\":1000,\"caption\":\"RS COBRA APEX EDITION WOMEN BLACK\"},{\"@type\":\"BreadcrumbList\",\"@id\":\"https:\\\/\\\/revolutionpadelstore.com\\\/de\\\/produkt\\\/rs-cobra-apex-edition-women-black-1\\\/#breadcrumb\",\"itemListElement\":[{\"@type\":\"ListItem\",\"position\":1,\"name\":\"Portada\",\"item\":\"https:\\\/\\\/revolutionpadelstore.com\\\/de\\\/\"},{\"@type\":\"ListItem\",\"position\":2,\"name\":\"Shop\",\"item\":\"https:\\\/\\\/revolutionpadelstore.com\\\/de\\\/tienda\\\/\"},{\"@type\":\"ListItem\",\"position\":3,\"name\":\"RS COBRA APEX EDITION WOMEN BLACK\"}]},{\"@type\":\"WebSite\",\"@id\":\"https:\\\/\\\/revolutionpadelstore.com\\\/de\\\/#website\",\"url\":\"https:\\\/\\\/revolutionpadelstore.com\\\/de\\\/\",\"name\":\"Revolution Padel Store\",\"description\":\"\",\"publisher\":{\"@id\":\"https:\\\/\\\/revolutionpadelstore.com\\\/de\\\/#organization\"},\"potentialAction\":[{\"@type\":\"SearchAction\",\"target\":{\"@type\":\"EntryPoint\",\"urlTemplate\":\"https:\\\/\\\/revolutionpadelstore.com\\\/de\\\/?s={search_term_string}\"},\"query-input\":{\"@type\":\"PropertyValueSpecification\",\"valueRequired\":true,\"valueName\":\"search_term_string\"}}],\"inLanguage\":\"de\"},{\"@type\":\"Organization\",\"@id\":\"https:\\\/\\\/revolutionpadelstore.com\\\/de\\\/#organization\",\"name\":\"Revolution Padel Store\",\"url\":\"https:\\\/\\\/revolutionpadelstore.com\\\/de\\\/\",\"logo\":{\"@type\":\"ImageObject\",\"inLanguage\":\"de\",\"@id\":\"https:\\\/\\\/revolutionpadelstore.com\\\/de\\\/#\\\/schema\\\/logo\\\/image\\\/\",\"url\":\"https:\\\/\\\/revolutionpadelstore.com\\\/wp-content\\\/uploads\\\/2026\\\/02\\\/revolution-padel-store.jpg\",\"contentUrl\":\"https:\\\/\\\/revolutionpadelstore.com\\\/wp-content\\\/uploads\\\/2026\\\/02\\\/revolution-padel-store.jpg\",\"width\":2000,\"height\":2000,\"caption\":\"Revolution Padel Store\"},\"image\":{\"@id\":\"https:\\\/\\\/revolutionpadelstore.com\\\/de\\\/#\\\/schema\\\/logo\\\/image\\\/\"},\"sameAs\":[\"https:\\\/\\\/www.instagram.com\\\/revolutionpadelstore\\\/\"]}]}<\/script>\n<!-- \/ Yoast SEO plugin. -->","yoast_head_json":{"title":"RS COBRA APEX EDITION WOMEN BLACK - Revolution Padel Store","description":"La pala de p\u00e1del RS Cobra Apex Edition 91029 de mujer, de la marca Robin Soderling, tiene una forma en l\u00e1grima que ofrece manejabilidad, gracias su dise\u00f1o y combinaci\u00f3n de materiales.","robots":{"index":"index","follow":"follow","max-snippet":"max-snippet:-1","max-image-preview":"max-image-preview:large","max-video-preview":"max-video-preview:-1"},"canonical":"https:\/\/revolutionpadelstore.com\/de\/produkt\/rs-cobra-apex-edition-women-black-1\/","og_locale":"de_DE","og_type":"article","og_title":"RS COBRA APEX EDITION WOMEN BLACK - Revolution Padel Store","og_description":"La pala de p\u00e1del RS Cobra Apex Edition 91029 de mujer, de la marca Robin Soderling, tiene una forma en l\u00e1grima que ofrece manejabilidad, gracias su dise\u00f1o y combinaci\u00f3n de materiales.","og_url":"https:\/\/revolutionpadelstore.com\/de\/produkt\/rs-cobra-apex-edition-women-black-1\/","og_site_name":"Revolution Padel Store","article_modified_time":"2026-04-08T12:53:21+00:00","og_image":[{"width":1000,"height":1000,"url":"https:\/\/revolutionpadelstore.com\/wp-content\/uploads\/2024\/03\/RS_COBRA_APEX_EDITION_91029_MJR_VISTA1_1000_1000_9041.webp","type":"image\/webp"}],"twitter_card":"summary_large_image","twitter_misc":{"Gesch\u00e4tzte Lesezeit":"1\u00a0Minute"},"schema":{"@context":"https:\/\/schema.org","@graph":[{"@type":"WebPage","@id":"https:\/\/revolutionpadelstore.com\/de\/produkt\/rs-cobra-apex-edition-women-black-1\/","url":"https:\/\/revolutionpadelstore.com\/de\/produkt\/rs-cobra-apex-edition-women-black-1\/","name":"RS COBRA APEX EDITION WOMEN BLACK - Revolution Padel Store","isPartOf":{"@id":"https:\/\/revolutionpadelstore.com\/de\/#website"},"primaryImageOfPage":{"@id":"https:\/\/revolutionpadelstore.com\/de\/produkt\/rs-cobra-apex-edition-women-black-1\/#primaryimage"},"image":{"@id":"https:\/\/revolutionpadelstore.com\/de\/produkt\/rs-cobra-apex-edition-women-black-1\/#primaryimage"},"thumbnailUrl":"https:\/\/revolutionpadelstore.com\/wp-content\/uploads\/2024\/03\/RS_COBRA_APEX_EDITION_91029_MJR_VISTA1_1000_1000_9041.webp","datePublished":"2024-03-21T13:50:13+00:00","dateModified":"2026-04-08T12:53:21+00:00","description":"La pala de p\u00e1del RS Cobra Apex Edition 91029 de mujer, de la marca Robin Soderling, tiene una forma en l\u00e1grima que ofrece manejabilidad, gracias su dise\u00f1o y combinaci\u00f3n de materiales.","breadcrumb":{"@id":"https:\/\/revolutionpadelstore.com\/de\/produkt\/rs-cobra-apex-edition-women-black-1\/#breadcrumb"},"inLanguage":"de","potentialAction":[{"@type":"ReadAction","target":["https:\/\/revolutionpadelstore.com\/de\/produkt\/rs-cobra-apex-edition-women-black-1\/"]}]},{"@type":"ImageObject","inLanguage":"de","@id":"https:\/\/revolutionpadelstore.com\/de\/produkt\/rs-cobra-apex-edition-women-black-1\/#primaryimage","url":"https:\/\/revolutionpadelstore.com\/wp-content\/uploads\/2024\/03\/RS_COBRA_APEX_EDITION_91029_MJR_VISTA1_1000_1000_9041.webp","contentUrl":"https:\/\/revolutionpadelstore.com\/wp-content\/uploads\/2024\/03\/RS_COBRA_APEX_EDITION_91029_MJR_VISTA1_1000_1000_9041.webp","width":1000,"height":1000,"caption":"RS COBRA APEX EDITION WOMEN BLACK"},{"@type":"BreadcrumbList","@id":"https:\/\/revolutionpadelstore.com\/de\/produkt\/rs-cobra-apex-edition-women-black-1\/#breadcrumb","itemListElement":[{"@type":"ListItem","position":1,"name":"Portada","item":"https:\/\/revolutionpadelstore.com\/de\/"},{"@type":"ListItem","position":2,"name":"Shop","item":"https:\/\/revolutionpadelstore.com\/de\/tienda\/"},{"@type":"ListItem","position":3,"name":"RS COBRA APEX EDITION WOMEN BLACK"}]},{"@type":"WebSite","@id":"https:\/\/revolutionpadelstore.com\/de\/#website","url":"https:\/\/revolutionpadelstore.com\/de\/","name":"Revolution Padel Store","description":"","publisher":{"@id":"https:\/\/revolutionpadelstore.com\/de\/#organization"},"potentialAction":[{"@type":"SearchAction","target":{"@type":"EntryPoint","urlTemplate":"https:\/\/revolutionpadelstore.com\/de\/?s={search_term_string}"},"query-input":{"@type":"PropertyValueSpecification","valueRequired":true,"valueName":"search_term_string"}}],"inLanguage":"de"},{"@type":"Organization","@id":"https:\/\/revolutionpadelstore.com\/de\/#organization","name":"Revolution Padel Store","url":"https:\/\/revolutionpadelstore.com\/de\/","logo":{"@type":"ImageObject","inLanguage":"de","@id":"https:\/\/revolutionpadelstore.com\/de\/#\/schema\/logo\/image\/","url":"https:\/\/revolutionpadelstore.com\/wp-content\/uploads\/2026\/02\/revolution-padel-store.jpg","contentUrl":"https:\/\/revolutionpadelstore.com\/wp-content\/uploads\/2026\/02\/revolution-padel-store.jpg","width":2000,"height":2000,"caption":"Revolution Padel Store"},"image":{"@id":"https:\/\/revolutionpadelstore.com\/de\/#\/schema\/logo\/image\/"},"sameAs":["https:\/\/www.instagram.com\/revolutionpadelstore\/"]}]}},"_links":{"self":[{"href":"https:\/\/revolutionpadelstore.com\/de\/wp-json\/wp\/v2\/product\/20282","targetHints":{"allow":["GET"]}}],"collection":[{"href":"https:\/\/revolutionpadelstore.com\/de\/wp-json\/wp\/v2\/product"}],"about":[{"href":"https:\/\/revolutionpadelstore.com\/de\/wp-json\/wp\/v2\/types\/product"}],"replies":[{"embeddable":true,"href":"https:\/\/revolutionpadelstore.com\/de\/wp-json\/wp\/v2\/comments?post=20282"}],"wp:featuredmedia":[{"embeddable":true,"href":"https:\/\/revolutionpadelstore.com\/de\/wp-json\/wp\/v2\/media\/3026"}],"wp:attachment":[{"href":"https:\/\/revolutionpadelstore.com\/de\/wp-json\/wp\/v2\/media?parent=20282"}],"wp:term":[{"taxonomy":"acabado","embeddable":true,"href":"https:\/\/revolutionpadelstore.com\/de\/wp-json\/wp\/v2\/acabado?post=20282"},{"taxonomy":"balance","embeddable":true,"href":"https:\/\/revolutionpadelstore.com\/de\/wp-json\/wp\/v2\/balance?post=20282"},{"taxonomy":"dureza","embeddable":true,"href":"https:\/\/revolutionpadelstore.com\/de\/wp-json\/wp\/v2\/dureza?post=20282"},{"taxonomy":"forma","embeddable":true,"href":"https:\/\/revolutionpadelstore.com\/de\/wp-json\/wp\/v2\/forma?post=20282"},{"taxonomy":"jugador","embeddable":true,"href":"https:\/\/revolutionpadelstore.com\/de\/wp-json\/wp\/v2\/jugador?post=20282"},{"taxonomy":"marca","embeddable":true,"href":"https:\/\/revolutionpadelstore.com\/de\/wp-json\/wp\/v2\/marca?post=20282"},{"taxonomy":"nivel-de-juego","embeddable":true,"href":"https:\/\/revolutionpadelstore.com\/de\/wp-json\/wp\/v2\/nivel-de-juego?post=20282"},{"taxonomy":"superficie","embeddable":true,"href":"https:\/\/revolutionpadelstore.com\/de\/wp-json\/wp\/v2\/superficie?post=20282"},{"taxonomy":"tipo-de-juego","embeddable":true,"href":"https:\/\/revolutionpadelstore.com\/de\/wp-json\/wp\/v2\/tipo-de-juego?post=20282"},{"taxonomy":"product_brand","embeddable":true,"href":"https:\/\/revolutionpadelstore.com\/de\/wp-json\/wp\/v2\/product_brand?post=20282"},{"taxonomy":"product_cat","embeddable":true,"href":"https:\/\/revolutionpadelstore.com\/de\/wp-json\/wp\/v2\/product_cat?post=20282"},{"taxonomy":"product_tag","embeddable":true,"href":"https:\/\/revolutionpadelstore.com\/de\/wp-json\/wp\/v2\/product_tag?post=20282"}],"curies":[{"name":"wp","href":"https:\/\/api.w.org\/{rel}","templated":true}]}}