{"id":20277,"date":"2024-03-21T14:54:05","date_gmt":"2024-03-21T13:54:05","guid":{"rendered":"https:\/\/revolutionpadelstore.com\/rs-prime-power-edition-2-0\/"},"modified":"2026-04-08T14:52:43","modified_gmt":"2026-04-08T12:52:43","slug":"rs-prime-power-edition-2-0-1","status":"publish","type":"product","link":"https:\/\/revolutionpadelstore.com\/de\/produkt\/rs-prime-power-edition-2-0-1\/","title":{"rendered":"RS PRIME POWER EDITION 2.0"},"content":{"rendered":"<h2>Warum den RS Prime Power Edition 2.0 91016 Padelschl\u00e4ger kaufen?<\/h2>\n<p>Der Padelschl\u00e4ger RS \u200b\u200bPrime Power Edition 2.0 91016 kombiniert erfolgreich modernste Technologie mit klassischem Design, um die Festigkeit der Schl\u00e4ge zu verbessern.<\/p>\n<h2>F\u00fcr welchen Spielertyp ist der RS \u200b\u200bPrime Power Edition 2.0 91016 Padelschl\u00e4ger geeignet?<\/h2>\n<p>Dieses Zubeh\u00f6r wird jedem erwachsenen m\u00e4nnlichen Benutzer mit mittleren Kenntnissen in dieser Sportart empfohlen, der daran interessiert ist, sein Angriffsspiel auf ein h\u00f6heres Niveau zu bringen.<\/p>\n<h2>Design und Farben<\/h2>\n<p>Dieser Schl\u00e4ger wurde mit einem klassischen Schwarz-Wei\u00df-Anzeigeformat entworfen, das nicht vermischt, sondern jeweils in einem bestimmten Bereich verteilt ist: der erste auf der Br\u00fccke und dem Griff, w\u00e4hrend der zweite die Schlagfl\u00e4che und den Rahmen dominiert. Als Ausnahme sind wei\u00dfliche T\u00f6ne im Gesicht zu finden, um das Markenlogo und andere Aufschriften hervorzuheben.<\/p>\n<h2>\u00bfPor qu\u00e9 comprar la pala de p\u00e1del RS Prime Power Edition 2.0 91016?<\/h2>\n","protected":false},"excerpt":{"rendered":"<p>Der Padelschl\u00e4ger RS \u200b\u200bPrime Power Edition 2.0 91016 wurde mit einem 38-Millimeter-Profil und Gummi im Kern hergestellt, wodurch Man\u00f6vrierf\u00e4higkeit und Intensit\u00e4t in Einklang gebracht werden.<\/p>\n","protected":false},"featured_media":52035,"comment_status":"open","ping_status":"closed","template":"","meta":{"_acf_changed":false,"_joinchat":[]},"acabado":[1089],"balance":[1139],"dureza":[1154],"forma":[1184],"jugador":[1189,1199],"marca":[1309],"nivel-de-juego":[1334],"superficie":[1359],"tipo-de-juego":[1384],"product_brand":[],"product_cat":[299],"product_tag":[],"class_list":{"0":"post-20277","1":"product","2":"type-product","3":"status-publish","4":"has-post-thumbnail","6":"acabado-3d-entlasten","7":"balance-mittel","8":"dureza-media-de","9":"forma-lagrima-de","10":"jugador-mann","11":"jugador-mehrzweck","12":"marca-rs-padel-de","13":"superficie-rugosa-de","14":"tipo-de-juego-mehrzweck","15":"product_cat-palas-de-padel-de","17":"first","18":"onbackorder","19":"taxable","20":"shipping-taxable","21":"purchasable","22":"product-type-simple"},"acf":[],"yoast_head":"<!-- This site is optimized with the Yoast SEO plugin v27.4 - https:\/\/yoast.com\/product\/yoast-seo-wordpress\/ -->\n<title>RS PRIME POWER EDITION 2.0 - Revolution Padel Store<\/title>\n<meta name=\"description\" content=\"La pala de p\u00e1del RS Prime Power Edition 2.0 91016 ha sido fabricada con un perfil de 38 mil\u00edmetros y goma en su n\u00facleo, armonizando as\u00ed la manejabilidad con la intensidad.\" \/>\n<meta name=\"robots\" content=\"index, follow, max-snippet:-1, max-image-preview:large, max-video-preview:-1\" \/>\n<link rel=\"canonical\" href=\"https:\/\/revolutionpadelstore.com\/de\/produkt\/rs-prime-power-edition-2-0-1\/\" \/>\n<meta property=\"og:locale\" content=\"de_DE\" \/>\n<meta property=\"og:type\" content=\"article\" \/>\n<meta property=\"og:title\" content=\"RS PRIME POWER EDITION 2.0 - Revolution Padel Store\" \/>\n<meta property=\"og:description\" content=\"La pala de p\u00e1del RS Prime Power Edition 2.0 91016 ha sido fabricada con un perfil de 38 mil\u00edmetros y goma en su n\u00facleo, armonizando as\u00ed la manejabilidad con la intensidad.\" \/>\n<meta property=\"og:url\" content=\"https:\/\/revolutionpadelstore.com\/de\/produkt\/rs-prime-power-edition-2-0-1\/\" \/>\n<meta property=\"og:site_name\" content=\"Revolution Padel Store\" \/>\n<meta property=\"article:modified_time\" content=\"2026-04-08T12:52:43+00:00\" \/>\n<meta property=\"og:image\" content=\"https:\/\/revolutionpadelstore.com\/wp-content\/uploads\/2024\/03\/PRIME_POWER_EDITION_1000_1000_fe24.webp\" \/>\n\t<meta property=\"og:image:width\" content=\"1000\" \/>\n\t<meta property=\"og:image:height\" content=\"1000\" \/>\n\t<meta property=\"og:image:type\" content=\"image\/webp\" \/>\n<meta name=\"twitter:card\" content=\"summary_large_image\" \/>\n<meta name=\"twitter:label1\" content=\"Gesch\u00e4tzte Lesezeit\" \/>\n\t<meta name=\"twitter:data1\" content=\"1\u00a0Minute\" \/>\n<script type=\"application\/ld+json\" class=\"yoast-schema-graph\">{\"@context\":\"https:\\\/\\\/schema.org\",\"@graph\":[{\"@type\":\"WebPage\",\"@id\":\"https:\\\/\\\/revolutionpadelstore.com\\\/de\\\/produkt\\\/rs-prime-power-edition-2-0-1\\\/\",\"url\":\"https:\\\/\\\/revolutionpadelstore.com\\\/de\\\/produkt\\\/rs-prime-power-edition-2-0-1\\\/\",\"name\":\"RS PRIME POWER EDITION 2.0 - Revolution Padel Store\",\"isPartOf\":{\"@id\":\"https:\\\/\\\/revolutionpadelstore.com\\\/de\\\/#website\"},\"primaryImageOfPage\":{\"@id\":\"https:\\\/\\\/revolutionpadelstore.com\\\/de\\\/produkt\\\/rs-prime-power-edition-2-0-1\\\/#primaryimage\"},\"image\":{\"@id\":\"https:\\\/\\\/revolutionpadelstore.com\\\/de\\\/produkt\\\/rs-prime-power-edition-2-0-1\\\/#primaryimage\"},\"thumbnailUrl\":\"https:\\\/\\\/revolutionpadelstore.com\\\/wp-content\\\/uploads\\\/2024\\\/03\\\/PRIME_POWER_EDITION_1000_1000_fe24.webp\",\"datePublished\":\"2024-03-21T13:54:05+00:00\",\"dateModified\":\"2026-04-08T12:52:43+00:00\",\"description\":\"La pala de p\u00e1del RS Prime Power Edition 2.0 91016 ha sido fabricada con un perfil de 38 mil\u00edmetros y goma en su n\u00facleo, armonizando as\u00ed la manejabilidad con la intensidad.\",\"breadcrumb\":{\"@id\":\"https:\\\/\\\/revolutionpadelstore.com\\\/de\\\/produkt\\\/rs-prime-power-edition-2-0-1\\\/#breadcrumb\"},\"inLanguage\":\"de\",\"potentialAction\":[{\"@type\":\"ReadAction\",\"target\":[\"https:\\\/\\\/revolutionpadelstore.com\\\/de\\\/produkt\\\/rs-prime-power-edition-2-0-1\\\/\"]}]},{\"@type\":\"ImageObject\",\"inLanguage\":\"de\",\"@id\":\"https:\\\/\\\/revolutionpadelstore.com\\\/de\\\/produkt\\\/rs-prime-power-edition-2-0-1\\\/#primaryimage\",\"url\":\"https:\\\/\\\/revolutionpadelstore.com\\\/wp-content\\\/uploads\\\/2024\\\/03\\\/PRIME_POWER_EDITION_1000_1000_fe24.webp\",\"contentUrl\":\"https:\\\/\\\/revolutionpadelstore.com\\\/wp-content\\\/uploads\\\/2024\\\/03\\\/PRIME_POWER_EDITION_1000_1000_fe24.webp\",\"width\":1000,\"height\":1000},{\"@type\":\"BreadcrumbList\",\"@id\":\"https:\\\/\\\/revolutionpadelstore.com\\\/de\\\/produkt\\\/rs-prime-power-edition-2-0-1\\\/#breadcrumb\",\"itemListElement\":[{\"@type\":\"ListItem\",\"position\":1,\"name\":\"Portada\",\"item\":\"https:\\\/\\\/revolutionpadelstore.com\\\/de\\\/\"},{\"@type\":\"ListItem\",\"position\":2,\"name\":\"Shop\",\"item\":\"https:\\\/\\\/revolutionpadelstore.com\\\/de\\\/tienda\\\/\"},{\"@type\":\"ListItem\",\"position\":3,\"name\":\"RS PRIME POWER EDITION 2.0\"}]},{\"@type\":\"WebSite\",\"@id\":\"https:\\\/\\\/revolutionpadelstore.com\\\/de\\\/#website\",\"url\":\"https:\\\/\\\/revolutionpadelstore.com\\\/de\\\/\",\"name\":\"Revolution Padel Store\",\"description\":\"\",\"publisher\":{\"@id\":\"https:\\\/\\\/revolutionpadelstore.com\\\/de\\\/#organization\"},\"potentialAction\":[{\"@type\":\"SearchAction\",\"target\":{\"@type\":\"EntryPoint\",\"urlTemplate\":\"https:\\\/\\\/revolutionpadelstore.com\\\/de\\\/?s={search_term_string}\"},\"query-input\":{\"@type\":\"PropertyValueSpecification\",\"valueRequired\":true,\"valueName\":\"search_term_string\"}}],\"inLanguage\":\"de\"},{\"@type\":\"Organization\",\"@id\":\"https:\\\/\\\/revolutionpadelstore.com\\\/de\\\/#organization\",\"name\":\"Revolution Padel Store\",\"url\":\"https:\\\/\\\/revolutionpadelstore.com\\\/de\\\/\",\"logo\":{\"@type\":\"ImageObject\",\"inLanguage\":\"de\",\"@id\":\"https:\\\/\\\/revolutionpadelstore.com\\\/de\\\/#\\\/schema\\\/logo\\\/image\\\/\",\"url\":\"https:\\\/\\\/revolutionpadelstore.com\\\/wp-content\\\/uploads\\\/2026\\\/02\\\/revolution-padel-store.jpg\",\"contentUrl\":\"https:\\\/\\\/revolutionpadelstore.com\\\/wp-content\\\/uploads\\\/2026\\\/02\\\/revolution-padel-store.jpg\",\"width\":2000,\"height\":2000,\"caption\":\"Revolution Padel Store\"},\"image\":{\"@id\":\"https:\\\/\\\/revolutionpadelstore.com\\\/de\\\/#\\\/schema\\\/logo\\\/image\\\/\"},\"sameAs\":[\"https:\\\/\\\/www.instagram.com\\\/revolutionpadelstore\\\/\"]}]}<\/script>\n<!-- \/ Yoast SEO plugin. -->","yoast_head_json":{"title":"RS PRIME POWER EDITION 2.0 - Revolution Padel Store","description":"La pala de p\u00e1del RS Prime Power Edition 2.0 91016 ha sido fabricada con un perfil de 38 mil\u00edmetros y goma en su n\u00facleo, armonizando as\u00ed la manejabilidad con la intensidad.","robots":{"index":"index","follow":"follow","max-snippet":"max-snippet:-1","max-image-preview":"max-image-preview:large","max-video-preview":"max-video-preview:-1"},"canonical":"https:\/\/revolutionpadelstore.com\/de\/produkt\/rs-prime-power-edition-2-0-1\/","og_locale":"de_DE","og_type":"article","og_title":"RS PRIME POWER EDITION 2.0 - Revolution Padel Store","og_description":"La pala de p\u00e1del RS Prime Power Edition 2.0 91016 ha sido fabricada con un perfil de 38 mil\u00edmetros y goma en su n\u00facleo, armonizando as\u00ed la manejabilidad con la intensidad.","og_url":"https:\/\/revolutionpadelstore.com\/de\/produkt\/rs-prime-power-edition-2-0-1\/","og_site_name":"Revolution Padel Store","article_modified_time":"2026-04-08T12:52:43+00:00","og_image":[{"width":1000,"height":1000,"url":"https:\/\/revolutionpadelstore.com\/wp-content\/uploads\/2024\/03\/PRIME_POWER_EDITION_1000_1000_fe24.webp","type":"image\/webp"}],"twitter_card":"summary_large_image","twitter_misc":{"Gesch\u00e4tzte Lesezeit":"1\u00a0Minute"},"schema":{"@context":"https:\/\/schema.org","@graph":[{"@type":"WebPage","@id":"https:\/\/revolutionpadelstore.com\/de\/produkt\/rs-prime-power-edition-2-0-1\/","url":"https:\/\/revolutionpadelstore.com\/de\/produkt\/rs-prime-power-edition-2-0-1\/","name":"RS PRIME POWER EDITION 2.0 - Revolution Padel Store","isPartOf":{"@id":"https:\/\/revolutionpadelstore.com\/de\/#website"},"primaryImageOfPage":{"@id":"https:\/\/revolutionpadelstore.com\/de\/produkt\/rs-prime-power-edition-2-0-1\/#primaryimage"},"image":{"@id":"https:\/\/revolutionpadelstore.com\/de\/produkt\/rs-prime-power-edition-2-0-1\/#primaryimage"},"thumbnailUrl":"https:\/\/revolutionpadelstore.com\/wp-content\/uploads\/2024\/03\/PRIME_POWER_EDITION_1000_1000_fe24.webp","datePublished":"2024-03-21T13:54:05+00:00","dateModified":"2026-04-08T12:52:43+00:00","description":"La pala de p\u00e1del RS Prime Power Edition 2.0 91016 ha sido fabricada con un perfil de 38 mil\u00edmetros y goma en su n\u00facleo, armonizando as\u00ed la manejabilidad con la intensidad.","breadcrumb":{"@id":"https:\/\/revolutionpadelstore.com\/de\/produkt\/rs-prime-power-edition-2-0-1\/#breadcrumb"},"inLanguage":"de","potentialAction":[{"@type":"ReadAction","target":["https:\/\/revolutionpadelstore.com\/de\/produkt\/rs-prime-power-edition-2-0-1\/"]}]},{"@type":"ImageObject","inLanguage":"de","@id":"https:\/\/revolutionpadelstore.com\/de\/produkt\/rs-prime-power-edition-2-0-1\/#primaryimage","url":"https:\/\/revolutionpadelstore.com\/wp-content\/uploads\/2024\/03\/PRIME_POWER_EDITION_1000_1000_fe24.webp","contentUrl":"https:\/\/revolutionpadelstore.com\/wp-content\/uploads\/2024\/03\/PRIME_POWER_EDITION_1000_1000_fe24.webp","width":1000,"height":1000},{"@type":"BreadcrumbList","@id":"https:\/\/revolutionpadelstore.com\/de\/produkt\/rs-prime-power-edition-2-0-1\/#breadcrumb","itemListElement":[{"@type":"ListItem","position":1,"name":"Portada","item":"https:\/\/revolutionpadelstore.com\/de\/"},{"@type":"ListItem","position":2,"name":"Shop","item":"https:\/\/revolutionpadelstore.com\/de\/tienda\/"},{"@type":"ListItem","position":3,"name":"RS PRIME POWER EDITION 2.0"}]},{"@type":"WebSite","@id":"https:\/\/revolutionpadelstore.com\/de\/#website","url":"https:\/\/revolutionpadelstore.com\/de\/","name":"Revolution Padel Store","description":"","publisher":{"@id":"https:\/\/revolutionpadelstore.com\/de\/#organization"},"potentialAction":[{"@type":"SearchAction","target":{"@type":"EntryPoint","urlTemplate":"https:\/\/revolutionpadelstore.com\/de\/?s={search_term_string}"},"query-input":{"@type":"PropertyValueSpecification","valueRequired":true,"valueName":"search_term_string"}}],"inLanguage":"de"},{"@type":"Organization","@id":"https:\/\/revolutionpadelstore.com\/de\/#organization","name":"Revolution Padel Store","url":"https:\/\/revolutionpadelstore.com\/de\/","logo":{"@type":"ImageObject","inLanguage":"de","@id":"https:\/\/revolutionpadelstore.com\/de\/#\/schema\/logo\/image\/","url":"https:\/\/revolutionpadelstore.com\/wp-content\/uploads\/2026\/02\/revolution-padel-store.jpg","contentUrl":"https:\/\/revolutionpadelstore.com\/wp-content\/uploads\/2026\/02\/revolution-padel-store.jpg","width":2000,"height":2000,"caption":"Revolution Padel Store"},"image":{"@id":"https:\/\/revolutionpadelstore.com\/de\/#\/schema\/logo\/image\/"},"sameAs":["https:\/\/www.instagram.com\/revolutionpadelstore\/"]}]}},"_links":{"self":[{"href":"https:\/\/revolutionpadelstore.com\/de\/wp-json\/wp\/v2\/product\/20277","targetHints":{"allow":["GET"]}}],"collection":[{"href":"https:\/\/revolutionpadelstore.com\/de\/wp-json\/wp\/v2\/product"}],"about":[{"href":"https:\/\/revolutionpadelstore.com\/de\/wp-json\/wp\/v2\/types\/product"}],"replies":[{"embeddable":true,"href":"https:\/\/revolutionpadelstore.com\/de\/wp-json\/wp\/v2\/comments?post=20277"}],"wp:featuredmedia":[{"embeddable":true,"href":"https:\/\/revolutionpadelstore.com\/de\/wp-json\/wp\/v2\/media\/52035"}],"wp:attachment":[{"href":"https:\/\/revolutionpadelstore.com\/de\/wp-json\/wp\/v2\/media?parent=20277"}],"wp:term":[{"taxonomy":"acabado","embeddable":true,"href":"https:\/\/revolutionpadelstore.com\/de\/wp-json\/wp\/v2\/acabado?post=20277"},{"taxonomy":"balance","embeddable":true,"href":"https:\/\/revolutionpadelstore.com\/de\/wp-json\/wp\/v2\/balance?post=20277"},{"taxonomy":"dureza","embeddable":true,"href":"https:\/\/revolutionpadelstore.com\/de\/wp-json\/wp\/v2\/dureza?post=20277"},{"taxonomy":"forma","embeddable":true,"href":"https:\/\/revolutionpadelstore.com\/de\/wp-json\/wp\/v2\/forma?post=20277"},{"taxonomy":"jugador","embeddable":true,"href":"https:\/\/revolutionpadelstore.com\/de\/wp-json\/wp\/v2\/jugador?post=20277"},{"taxonomy":"marca","embeddable":true,"href":"https:\/\/revolutionpadelstore.com\/de\/wp-json\/wp\/v2\/marca?post=20277"},{"taxonomy":"nivel-de-juego","embeddable":true,"href":"https:\/\/revolutionpadelstore.com\/de\/wp-json\/wp\/v2\/nivel-de-juego?post=20277"},{"taxonomy":"superficie","embeddable":true,"href":"https:\/\/revolutionpadelstore.com\/de\/wp-json\/wp\/v2\/superficie?post=20277"},{"taxonomy":"tipo-de-juego","embeddable":true,"href":"https:\/\/revolutionpadelstore.com\/de\/wp-json\/wp\/v2\/tipo-de-juego?post=20277"},{"taxonomy":"product_brand","embeddable":true,"href":"https:\/\/revolutionpadelstore.com\/de\/wp-json\/wp\/v2\/product_brand?post=20277"},{"taxonomy":"product_cat","embeddable":true,"href":"https:\/\/revolutionpadelstore.com\/de\/wp-json\/wp\/v2\/product_cat?post=20277"},{"taxonomy":"product_tag","embeddable":true,"href":"https:\/\/revolutionpadelstore.com\/de\/wp-json\/wp\/v2\/product_tag?post=20277"}],"curies":[{"name":"wp","href":"https:\/\/api.w.org\/{rel}","templated":true}]}}