{"id":20252,"date":"2024-03-21T15:12:38","date_gmt":"2024-03-21T14:12:38","guid":{"rendered":"https:\/\/revolutionpadelstore.com\/siux-fenix-lite-4\/"},"modified":"2026-04-08T14:51:28","modified_gmt":"2026-04-08T12:51:28","slug":"siux-fenix-lite-4-1","status":"publish","type":"product","link":"https:\/\/revolutionpadelstore.com\/de\/produkt\/siux-fenix-lite-4-1\/","title":{"rendered":"SIUX FENIX LITE 4"},"content":{"rendered":"<h2>Siux Fenix \u200b\u200b\u200b\u200bIV Lite, t\u00f6dliche Angriffe<\/h2>\n<p>Der Siux Fenix \u200b\u200b\u200b\u200bIV Lite wurde f\u00fcr Padelspieler auf fortgeschrittenem oder professionellem Niveau entwickelt und ist der ideale Padelschl\u00e4ger f\u00fcr harte Schl\u00e4ge, wenn Sie auf der Suche nach kraftvollen Schl\u00e4gen und aggressiven Angriffsspielen sind.<\/p>\n<p>Es weist eine <strong>Diamantform mit hoher Balance<\/strong> auf, so dass Sie durch einen h\u00f6heren Aufprallpunkt eine enorme Kraft genie\u00dfen k\u00f6nnen, die eine bessere Kontrolle bei Schl\u00e4gen wie Smashes oder Finishs erm\u00f6glicht. Sie werden mit hoher Effektivit\u00e4t im Netz zuschlagen.<\/p>\n<p>Dar\u00fcber hinaus genie\u00dfen Sie dank seines Gewichts zwischen <strong>355 und 375 Gramm<\/strong> gro\u00dfe Bewegungsfreiheit, Leichtigkeit und Agilit\u00e4t beim Bewegen auf dem Platz.<\/p>\n<h2>Elastizit\u00e4t und Vielseitigkeit<\/h2>\n<p>Wenn wir uns auf die Zusammensetzung konzentrieren, ist das 3K-Twill-Carbon der Hobel hervorzuheben, da es sich um eine harte und widerstandsf\u00e4hige Faser handelt, die sich nicht \u00fcberm\u00e4\u00dfig verbiegt und weniger Kraftaufwand erfordert, um nach einem Aufprall ihre urspr\u00fcngliche Form wiederherzustellen, was die Nutzungsdauer verl\u00e4ngert der Schaufel. Der<strong>Twill-Stoff<\/strong> besteht aus diagonal gekreuzten F\u00e4den, was eine offenere Lage und eine h\u00f6here Elastizit\u00e4t erm\u00f6glicht.<\/p>\n<p>Ebenso verf\u00fcgt die Oberfl\u00e4che \u00fcber eine matte Oberfl\u00e4che und ein 3D-Relief, was bedeutet, dass der Ball besser greifen und sich schneller drehen kann, um mehr Spin zu erzielen.<\/p>\n<p>Der Rahmen wiederum ist aus <strong>3K Carbon<\/strong> gefertigt, was f\u00fcr hervorragende Kontrolle und Pr\u00e4zision beim Schlagen sorgt. Im Kern ist <strong>EVA-Hartgummi<\/strong> integriert, ein dichter und harter Schaum, der Kraft erzeugt und die Vibrationen bei St\u00f6\u00dfen optimal absorbiert. Es bietet au\u00dferdem zus\u00e4tzliche Vielseitigkeit und Stabilit\u00e4t.<\/p>\n<h3>Optimaler Gelenkschutz<\/h3>\n<p>Als zus\u00e4tzliche Details k\u00f6nnen wir die <strong><em>Dual Pro Grip<\/em><\/strong>-Technologien und die <strong><em>Shockout Dampeners<\/em><\/strong> erw\u00e4hnen. Der erste besteht aus einem Griff aus SCHAUM-Gummi, der einen bequemeren, festeren und nat\u00fcrlicheren Griff erm\u00f6glicht, und der zweite ist ein Antivibrationssystem, das das allgemeine Empfinden verbessert und dem Spieler Komfort und Schutz bietet.<\/p>\n<h2>Siux Fenix IV Lite, ataques letales<\/h2>\n","protected":false},"excerpt":{"rendered":"<p>Siux Fenix \u200b\u200b\u200b\u200bIV Lite-Schl\u00e4ger mit Diamantform und hoher Balance, ideal f\u00fcr fortgeschrittene oder professionelle Padelspieler. Harter EVA-Gummikern, 3K-Twill-Carbon-Schlagfl\u00e4chen und 3K-Carbon-Rahmen.<\/p>\n","protected":false},"featured_media":266483,"comment_status":"open","ping_status":"closed","template":"","meta":{"_acf_changed":false,"_joinchat":[]},"acabado":[1089,1084],"balance":[1134],"dureza":[1154],"forma":[],"jugador":[1189,1199],"marca":[1304],"nivel-de-juego":[1334],"superficie":[1359],"tipo-de-juego":[1374],"product_brand":[],"product_cat":[299],"product_tag":[],"class_list":{"0":"post-20252","1":"product","2":"type-product","3":"status-publish","4":"has-post-thumbnail","6":"acabado-3d-entlasten","7":"acabado-kumpel","8":"balance-hoch","9":"dureza-media-de","10":"jugador-mann","11":"jugador-mehrzweck","12":"marca-siux-de","13":"superficie-rugosa-de","14":"tipo-de-juego-leistung","15":"product_cat-palas-de-padel-de","17":"first","18":"onbackorder","19":"taxable","20":"shipping-taxable","21":"purchasable","22":"product-type-simple"},"acf":[],"yoast_head":"<!-- This site is optimized with the Yoast SEO plugin v27.4 - https:\/\/yoast.com\/product\/yoast-seo-wordpress\/ -->\n<title>SIUX FENIX LITE 4 - Revolution Padel Store<\/title>\n<meta name=\"description\" content=\"Pala Siux Fenix IV Lite, con forma de diamante y balance alto, ideal para jugadoras de p\u00e1del de nivel avanzado o profesional. N\u00facleo de goma EVA Hard, caras de carbono 3K Twill y marco de carbono 3K.\" \/>\n<meta name=\"robots\" content=\"index, follow, max-snippet:-1, max-image-preview:large, max-video-preview:-1\" \/>\n<link rel=\"canonical\" href=\"https:\/\/revolutionpadelstore.com\/de\/produkt\/siux-fenix-lite-4-1\/\" \/>\n<meta property=\"og:locale\" content=\"de_DE\" \/>\n<meta property=\"og:type\" content=\"article\" \/>\n<meta property=\"og:title\" content=\"SIUX FENIX LITE 4 - Revolution Padel Store\" \/>\n<meta property=\"og:description\" content=\"Pala Siux Fenix IV Lite, con forma de diamante y balance alto, ideal para jugadoras de p\u00e1del de nivel avanzado o profesional. N\u00facleo de goma EVA Hard, caras de carbono 3K Twill y marco de carbono 3K.\" \/>\n<meta property=\"og:url\" content=\"https:\/\/revolutionpadelstore.com\/de\/produkt\/siux-fenix-lite-4-1\/\" \/>\n<meta property=\"og:site_name\" content=\"Revolution Padel Store\" \/>\n<meta property=\"article:modified_time\" content=\"2026-04-08T12:51:28+00:00\" \/>\n<meta property=\"og:image\" content=\"https:\/\/revolutionpadelstore.com\/wp-content\/uploads\/2024\/03\/raquete-padel-siux-fenix-lite-4-2024_35e5bd108b7c4c51ae7d145cda3be427_2976000211.jpg\" \/>\n\t<meta property=\"og:image:width\" content=\"1500\" \/>\n\t<meta property=\"og:image:height\" content=\"1500\" \/>\n\t<meta property=\"og:image:type\" content=\"image\/jpeg\" \/>\n<meta name=\"twitter:card\" content=\"summary_large_image\" \/>\n<meta name=\"twitter:label1\" content=\"Gesch\u00e4tzte Lesezeit\" \/>\n\t<meta name=\"twitter:data1\" content=\"2\u00a0Minuten\" \/>\n<script type=\"application\/ld+json\" class=\"yoast-schema-graph\">{\"@context\":\"https:\\\/\\\/schema.org\",\"@graph\":[{\"@type\":\"WebPage\",\"@id\":\"https:\\\/\\\/revolutionpadelstore.com\\\/de\\\/produkt\\\/siux-fenix-lite-4-1\\\/\",\"url\":\"https:\\\/\\\/revolutionpadelstore.com\\\/de\\\/produkt\\\/siux-fenix-lite-4-1\\\/\",\"name\":\"SIUX FENIX LITE 4 - Revolution Padel Store\",\"isPartOf\":{\"@id\":\"https:\\\/\\\/revolutionpadelstore.com\\\/de\\\/#website\"},\"primaryImageOfPage\":{\"@id\":\"https:\\\/\\\/revolutionpadelstore.com\\\/de\\\/produkt\\\/siux-fenix-lite-4-1\\\/#primaryimage\"},\"image\":{\"@id\":\"https:\\\/\\\/revolutionpadelstore.com\\\/de\\\/produkt\\\/siux-fenix-lite-4-1\\\/#primaryimage\"},\"thumbnailUrl\":\"https:\\\/\\\/revolutionpadelstore.com\\\/wp-content\\\/uploads\\\/2024\\\/03\\\/raquete-padel-siux-fenix-lite-4-2024_35e5bd108b7c4c51ae7d145cda3be427_2976000211.jpg\",\"datePublished\":\"2024-03-21T14:12:38+00:00\",\"dateModified\":\"2026-04-08T12:51:28+00:00\",\"description\":\"Pala Siux Fenix IV Lite, con forma de diamante y balance alto, ideal para jugadoras de p\u00e1del de nivel avanzado o profesional. N\u00facleo de goma EVA Hard, caras de carbono 3K Twill y marco de carbono 3K.\",\"breadcrumb\":{\"@id\":\"https:\\\/\\\/revolutionpadelstore.com\\\/de\\\/produkt\\\/siux-fenix-lite-4-1\\\/#breadcrumb\"},\"inLanguage\":\"de\",\"potentialAction\":[{\"@type\":\"ReadAction\",\"target\":[\"https:\\\/\\\/revolutionpadelstore.com\\\/de\\\/produkt\\\/siux-fenix-lite-4-1\\\/\"]}]},{\"@type\":\"ImageObject\",\"inLanguage\":\"de\",\"@id\":\"https:\\\/\\\/revolutionpadelstore.com\\\/de\\\/produkt\\\/siux-fenix-lite-4-1\\\/#primaryimage\",\"url\":\"https:\\\/\\\/revolutionpadelstore.com\\\/wp-content\\\/uploads\\\/2024\\\/03\\\/raquete-padel-siux-fenix-lite-4-2024_35e5bd108b7c4c51ae7d145cda3be427_2976000211.jpg\",\"contentUrl\":\"https:\\\/\\\/revolutionpadelstore.com\\\/wp-content\\\/uploads\\\/2024\\\/03\\\/raquete-padel-siux-fenix-lite-4-2024_35e5bd108b7c4c51ae7d145cda3be427_2976000211.jpg\",\"width\":1500,\"height\":1500},{\"@type\":\"BreadcrumbList\",\"@id\":\"https:\\\/\\\/revolutionpadelstore.com\\\/de\\\/produkt\\\/siux-fenix-lite-4-1\\\/#breadcrumb\",\"itemListElement\":[{\"@type\":\"ListItem\",\"position\":1,\"name\":\"Portada\",\"item\":\"https:\\\/\\\/revolutionpadelstore.com\\\/de\\\/\"},{\"@type\":\"ListItem\",\"position\":2,\"name\":\"Shop\",\"item\":\"https:\\\/\\\/revolutionpadelstore.com\\\/de\\\/tienda\\\/\"},{\"@type\":\"ListItem\",\"position\":3,\"name\":\"SIUX FENIX LITE 4\"}]},{\"@type\":\"WebSite\",\"@id\":\"https:\\\/\\\/revolutionpadelstore.com\\\/de\\\/#website\",\"url\":\"https:\\\/\\\/revolutionpadelstore.com\\\/de\\\/\",\"name\":\"Revolution Padel Store\",\"description\":\"\",\"publisher\":{\"@id\":\"https:\\\/\\\/revolutionpadelstore.com\\\/de\\\/#organization\"},\"potentialAction\":[{\"@type\":\"SearchAction\",\"target\":{\"@type\":\"EntryPoint\",\"urlTemplate\":\"https:\\\/\\\/revolutionpadelstore.com\\\/de\\\/?s={search_term_string}\"},\"query-input\":{\"@type\":\"PropertyValueSpecification\",\"valueRequired\":true,\"valueName\":\"search_term_string\"}}],\"inLanguage\":\"de\"},{\"@type\":\"Organization\",\"@id\":\"https:\\\/\\\/revolutionpadelstore.com\\\/de\\\/#organization\",\"name\":\"Revolution Padel Store\",\"url\":\"https:\\\/\\\/revolutionpadelstore.com\\\/de\\\/\",\"logo\":{\"@type\":\"ImageObject\",\"inLanguage\":\"de\",\"@id\":\"https:\\\/\\\/revolutionpadelstore.com\\\/de\\\/#\\\/schema\\\/logo\\\/image\\\/\",\"url\":\"https:\\\/\\\/revolutionpadelstore.com\\\/wp-content\\\/uploads\\\/2026\\\/02\\\/revolution-padel-store.jpg\",\"contentUrl\":\"https:\\\/\\\/revolutionpadelstore.com\\\/wp-content\\\/uploads\\\/2026\\\/02\\\/revolution-padel-store.jpg\",\"width\":2000,\"height\":2000,\"caption\":\"Revolution Padel Store\"},\"image\":{\"@id\":\"https:\\\/\\\/revolutionpadelstore.com\\\/de\\\/#\\\/schema\\\/logo\\\/image\\\/\"},\"sameAs\":[\"https:\\\/\\\/www.instagram.com\\\/revolutionpadelstore\\\/\"]}]}<\/script>\n<!-- \/ Yoast SEO plugin. -->","yoast_head_json":{"title":"SIUX FENIX LITE 4 - Revolution Padel Store","description":"Pala Siux Fenix IV Lite, con forma de diamante y balance alto, ideal para jugadoras de p\u00e1del de nivel avanzado o profesional. N\u00facleo de goma EVA Hard, caras de carbono 3K Twill y marco de carbono 3K.","robots":{"index":"index","follow":"follow","max-snippet":"max-snippet:-1","max-image-preview":"max-image-preview:large","max-video-preview":"max-video-preview:-1"},"canonical":"https:\/\/revolutionpadelstore.com\/de\/produkt\/siux-fenix-lite-4-1\/","og_locale":"de_DE","og_type":"article","og_title":"SIUX FENIX LITE 4 - Revolution Padel Store","og_description":"Pala Siux Fenix IV Lite, con forma de diamante y balance alto, ideal para jugadoras de p\u00e1del de nivel avanzado o profesional. N\u00facleo de goma EVA Hard, caras de carbono 3K Twill y marco de carbono 3K.","og_url":"https:\/\/revolutionpadelstore.com\/de\/produkt\/siux-fenix-lite-4-1\/","og_site_name":"Revolution Padel Store","article_modified_time":"2026-04-08T12:51:28+00:00","og_image":[{"width":1500,"height":1500,"url":"https:\/\/revolutionpadelstore.com\/wp-content\/uploads\/2024\/03\/raquete-padel-siux-fenix-lite-4-2024_35e5bd108b7c4c51ae7d145cda3be427_2976000211.jpg","type":"image\/jpeg"}],"twitter_card":"summary_large_image","twitter_misc":{"Gesch\u00e4tzte Lesezeit":"2\u00a0Minuten"},"schema":{"@context":"https:\/\/schema.org","@graph":[{"@type":"WebPage","@id":"https:\/\/revolutionpadelstore.com\/de\/produkt\/siux-fenix-lite-4-1\/","url":"https:\/\/revolutionpadelstore.com\/de\/produkt\/siux-fenix-lite-4-1\/","name":"SIUX FENIX LITE 4 - Revolution Padel Store","isPartOf":{"@id":"https:\/\/revolutionpadelstore.com\/de\/#website"},"primaryImageOfPage":{"@id":"https:\/\/revolutionpadelstore.com\/de\/produkt\/siux-fenix-lite-4-1\/#primaryimage"},"image":{"@id":"https:\/\/revolutionpadelstore.com\/de\/produkt\/siux-fenix-lite-4-1\/#primaryimage"},"thumbnailUrl":"https:\/\/revolutionpadelstore.com\/wp-content\/uploads\/2024\/03\/raquete-padel-siux-fenix-lite-4-2024_35e5bd108b7c4c51ae7d145cda3be427_2976000211.jpg","datePublished":"2024-03-21T14:12:38+00:00","dateModified":"2026-04-08T12:51:28+00:00","description":"Pala Siux Fenix IV Lite, con forma de diamante y balance alto, ideal para jugadoras de p\u00e1del de nivel avanzado o profesional. N\u00facleo de goma EVA Hard, caras de carbono 3K Twill y marco de carbono 3K.","breadcrumb":{"@id":"https:\/\/revolutionpadelstore.com\/de\/produkt\/siux-fenix-lite-4-1\/#breadcrumb"},"inLanguage":"de","potentialAction":[{"@type":"ReadAction","target":["https:\/\/revolutionpadelstore.com\/de\/produkt\/siux-fenix-lite-4-1\/"]}]},{"@type":"ImageObject","inLanguage":"de","@id":"https:\/\/revolutionpadelstore.com\/de\/produkt\/siux-fenix-lite-4-1\/#primaryimage","url":"https:\/\/revolutionpadelstore.com\/wp-content\/uploads\/2024\/03\/raquete-padel-siux-fenix-lite-4-2024_35e5bd108b7c4c51ae7d145cda3be427_2976000211.jpg","contentUrl":"https:\/\/revolutionpadelstore.com\/wp-content\/uploads\/2024\/03\/raquete-padel-siux-fenix-lite-4-2024_35e5bd108b7c4c51ae7d145cda3be427_2976000211.jpg","width":1500,"height":1500},{"@type":"BreadcrumbList","@id":"https:\/\/revolutionpadelstore.com\/de\/produkt\/siux-fenix-lite-4-1\/#breadcrumb","itemListElement":[{"@type":"ListItem","position":1,"name":"Portada","item":"https:\/\/revolutionpadelstore.com\/de\/"},{"@type":"ListItem","position":2,"name":"Shop","item":"https:\/\/revolutionpadelstore.com\/de\/tienda\/"},{"@type":"ListItem","position":3,"name":"SIUX FENIX LITE 4"}]},{"@type":"WebSite","@id":"https:\/\/revolutionpadelstore.com\/de\/#website","url":"https:\/\/revolutionpadelstore.com\/de\/","name":"Revolution Padel Store","description":"","publisher":{"@id":"https:\/\/revolutionpadelstore.com\/de\/#organization"},"potentialAction":[{"@type":"SearchAction","target":{"@type":"EntryPoint","urlTemplate":"https:\/\/revolutionpadelstore.com\/de\/?s={search_term_string}"},"query-input":{"@type":"PropertyValueSpecification","valueRequired":true,"valueName":"search_term_string"}}],"inLanguage":"de"},{"@type":"Organization","@id":"https:\/\/revolutionpadelstore.com\/de\/#organization","name":"Revolution Padel Store","url":"https:\/\/revolutionpadelstore.com\/de\/","logo":{"@type":"ImageObject","inLanguage":"de","@id":"https:\/\/revolutionpadelstore.com\/de\/#\/schema\/logo\/image\/","url":"https:\/\/revolutionpadelstore.com\/wp-content\/uploads\/2026\/02\/revolution-padel-store.jpg","contentUrl":"https:\/\/revolutionpadelstore.com\/wp-content\/uploads\/2026\/02\/revolution-padel-store.jpg","width":2000,"height":2000,"caption":"Revolution Padel Store"},"image":{"@id":"https:\/\/revolutionpadelstore.com\/de\/#\/schema\/logo\/image\/"},"sameAs":["https:\/\/www.instagram.com\/revolutionpadelstore\/"]}]}},"_links":{"self":[{"href":"https:\/\/revolutionpadelstore.com\/de\/wp-json\/wp\/v2\/product\/20252","targetHints":{"allow":["GET"]}}],"collection":[{"href":"https:\/\/revolutionpadelstore.com\/de\/wp-json\/wp\/v2\/product"}],"about":[{"href":"https:\/\/revolutionpadelstore.com\/de\/wp-json\/wp\/v2\/types\/product"}],"replies":[{"embeddable":true,"href":"https:\/\/revolutionpadelstore.com\/de\/wp-json\/wp\/v2\/comments?post=20252"}],"wp:featuredmedia":[{"embeddable":true,"href":"https:\/\/revolutionpadelstore.com\/de\/wp-json\/wp\/v2\/media\/266483"}],"wp:attachment":[{"href":"https:\/\/revolutionpadelstore.com\/de\/wp-json\/wp\/v2\/media?parent=20252"}],"wp:term":[{"taxonomy":"acabado","embeddable":true,"href":"https:\/\/revolutionpadelstore.com\/de\/wp-json\/wp\/v2\/acabado?post=20252"},{"taxonomy":"balance","embeddable":true,"href":"https:\/\/revolutionpadelstore.com\/de\/wp-json\/wp\/v2\/balance?post=20252"},{"taxonomy":"dureza","embeddable":true,"href":"https:\/\/revolutionpadelstore.com\/de\/wp-json\/wp\/v2\/dureza?post=20252"},{"taxonomy":"forma","embeddable":true,"href":"https:\/\/revolutionpadelstore.com\/de\/wp-json\/wp\/v2\/forma?post=20252"},{"taxonomy":"jugador","embeddable":true,"href":"https:\/\/revolutionpadelstore.com\/de\/wp-json\/wp\/v2\/jugador?post=20252"},{"taxonomy":"marca","embeddable":true,"href":"https:\/\/revolutionpadelstore.com\/de\/wp-json\/wp\/v2\/marca?post=20252"},{"taxonomy":"nivel-de-juego","embeddable":true,"href":"https:\/\/revolutionpadelstore.com\/de\/wp-json\/wp\/v2\/nivel-de-juego?post=20252"},{"taxonomy":"superficie","embeddable":true,"href":"https:\/\/revolutionpadelstore.com\/de\/wp-json\/wp\/v2\/superficie?post=20252"},{"taxonomy":"tipo-de-juego","embeddable":true,"href":"https:\/\/revolutionpadelstore.com\/de\/wp-json\/wp\/v2\/tipo-de-juego?post=20252"},{"taxonomy":"product_brand","embeddable":true,"href":"https:\/\/revolutionpadelstore.com\/de\/wp-json\/wp\/v2\/product_brand?post=20252"},{"taxonomy":"product_cat","embeddable":true,"href":"https:\/\/revolutionpadelstore.com\/de\/wp-json\/wp\/v2\/product_cat?post=20252"},{"taxonomy":"product_tag","embeddable":true,"href":"https:\/\/revolutionpadelstore.com\/de\/wp-json\/wp\/v2\/product_tag?post=20252"}],"curies":[{"name":"wp","href":"https:\/\/api.w.org\/{rel}","templated":true}]}}