{"id":20247,"date":"2024-03-21T15:17:00","date_gmt":"2024-03-21T14:17:00","guid":{"rendered":"https:\/\/revolutionpadelstore.com\/siux-electra-st3-lite\/"},"modified":"2026-04-08T14:50:41","modified_gmt":"2026-04-08T12:50:41","slug":"siux-electra-st3-lite","status":"publish","type":"product","link":"https:\/\/revolutionpadelstore.com\/de\/produkt\/siux-electra-st3-lite\/","title":{"rendered":"SIUX ELECTRA ST3 LITE"},"content":{"rendered":"<h2>Siux Electra ST3 Lite, geringes Gewicht und Vielseitigkeit<\/h2>\n<p>Der <strong>Siux Electra ST3 Lite<\/strong>-Schl\u00e4ger ist ein Modell, das sich an die Bed\u00fcrfnisse von <strong>fortgeschrittenen oder professionellen Padelspielern<\/strong> anpasst, die eine hervorragende Kontrolle bei defensiven Spielen suchen.<\/p>\n<p>Seine <strong>runde Form und mittlere Balance<\/strong>, kombiniert mit seinem geringen Gewicht von <strong>355\u2013375 Gramm<\/strong>, machen ihn zu einem vielseitigen Schl\u00e4ger, der Ihnen Vielseitigkeit, gute Handhabbarkeit und bessere Kontrolle bietet Sie sp\u00fcren weniger Vibrationen beim Schlagen des Balls und sein gr\u00f6\u00dferer Sweetspot erm\u00f6glicht es Ihnen, au\u00dfermittige Schl\u00e4ge erfolgreich zur\u00fcckzuschlagen.<\/p>\n<h2>Bequemes und sicheres Schlagen<\/h2>\n<p>Der <strong>Electra ST3 Lite<\/strong> verf\u00fcgt \u00fcber einen Kern aus <strong>HARD EVA-Gummi<\/strong>, einem Schaumstoff, der beispiellose Kraft liefert und dem Ball eine h\u00f6here Geschwindigkeit verleiht. Au\u00dferdem bietet es eine gute Kontrolle und absorbiert Vibrationen nach einem Aufprall hervorragend.<\/p>\n<p>In den Pl\u00e4nen finden wir <strong>12K Twill Carbon<\/strong>, einen Stoff aus diagonal gekreuzten F\u00e4den mit hoher Widerstandsf\u00e4higkeit und Elastizit\u00e4t. Diese Flexibilit\u00e4t erm\u00f6glicht eine gr\u00f6\u00dfere Sprungkraft und eine spektakul\u00e4re Ballausgabe. Dar\u00fcber hinaus verf\u00fcgen die Flugzeuge \u00fcber eine<strong>sandig-matte Oberfl\u00e4che<\/strong>, die spingeladene Schl\u00e4ge erm\u00f6glicht, mit denen Sie Ihre Gegner m\u00fchelos \u00fcberraschen k\u00f6nnen.<\/p>\n<p>Ebenso erh\u00f6ht der <strong>3K-Carbon-Rohrrahmen<\/strong> die Abriebfestigkeit und Haltbarkeit und sorgt durch die optimale Vibrationsd\u00e4mpfung f\u00fcr hohen Komfort.<\/p>\n<h3>Epicondylitis vermeiden<\/h3>\n<p>Mit dem Ziel, die Verletzungsgefahr an Ellbogen und Handgelenken zu verringern und das Komfortgef\u00fchl w\u00e4hrend des Spiels zu verbessern, verf\u00fcgt der <strong>Electra ST3 Lite<\/strong> \u00fcber eine Antivibrationstechnologie namens <em><strong>ShockOut<\/strong> strong&gt;<\/em>, Zubeh\u00f6r, das Vibrationen nach St\u00f6\u00dfen reduziert.<\/p>\n<p>Ebenso beinhaltet es den <em><strong>Dual Pro Grip<\/strong><\/em>, der aufgrund seines Reliefs auf der Oberfl\u00e4che und seiner Zusammensetzung aus <strong>SCHAUM-Gummi f\u00fcr einen viel nat\u00fcrlicheren Halt sorgt. <\/strong><\/p>\n<p>Dieser Schl\u00e4ger hat ein modernes, sportliches und auff\u00e4lliges Design, das Schwarz mit der gelben Farbe des Rahmens und metallischen Details kombiniert.<\/p>\n<h2>Siux Electra ST3 Lite, peso ligero y polivalencia<\/h2>\n","protected":false},"excerpt":{"rendered":"<p>Siux Electra ST3 Lite runder Schl\u00e4ger mit mittlerer Balance, konzipiert f\u00fcr Frauen auf fortgeschrittenem oder professionellem Niveau. Mit 12K Twill Carbon-Flugzeugen und hartem EVA-Gummikern. Mit ShockOut- und Dual Pro Grip-Technologie.<\/p>\n","protected":false},"featured_media":266414,"comment_status":"open","ping_status":"closed","template":"","meta":{"_acf_changed":false,"_joinchat":[]},"acabado":[1094,1084],"balance":[1139],"dureza":[1154],"forma":[1179],"jugador":[1189,1199],"marca":[1304],"nivel-de-juego":[1334],"superficie":[1359],"tipo-de-juego":[1369],"product_brand":[],"product_cat":[299],"product_tag":[],"class_list":{"0":"post-20247","1":"product","2":"type-product","3":"status-publish","4":"has-post-thumbnail","6":"acabado-arenoso-de","7":"acabado-kumpel","8":"balance-mittel","9":"dureza-media-de","10":"forma-rund","11":"jugador-mann","12":"jugador-mehrzweck","13":"marca-siux-de","14":"superficie-rugosa-de","15":"tipo-de-juego-kontrolle","16":"product_cat-palas-de-padel-de","18":"first","19":"instock","20":"sale","21":"taxable","22":"shipping-taxable","23":"purchasable","24":"product-type-simple"},"acf":[],"yoast_head":"<!-- This site is optimized with the Yoast SEO plugin v27.4 - https:\/\/yoast.com\/product\/yoast-seo-wordpress\/ -->\n<title>SIUX ELECTRA ST3 LITE - Revolution Padel Store<\/title>\n<meta name=\"description\" content=\"Pala redonda con balance medio Siux Electra ST3 Lite, dise\u00f1ada para mujeres de nivel avanzado o profesional. Con planos de Carbono 12K Twill y n\u00facleo de goma EVA Hard. Con tecnolog\u00eda ShockOut y Dual Pro Grip.\" \/>\n<meta name=\"robots\" content=\"index, follow, max-snippet:-1, max-image-preview:large, max-video-preview:-1\" \/>\n<link rel=\"canonical\" href=\"https:\/\/revolutionpadelstore.com\/de\/produkt\/siux-electra-st3-lite\/\" \/>\n<meta property=\"og:locale\" content=\"de_DE\" \/>\n<meta property=\"og:type\" content=\"article\" \/>\n<meta property=\"og:title\" content=\"SIUX ELECTRA ST3 LITE - Revolution Padel Store\" \/>\n<meta property=\"og:description\" content=\"Pala redonda con balance medio Siux Electra ST3 Lite, dise\u00f1ada para mujeres de nivel avanzado o profesional. Con planos de Carbono 12K Twill y n\u00facleo de goma EVA Hard. Con tecnolog\u00eda ShockOut y Dual Pro Grip.\" \/>\n<meta property=\"og:url\" content=\"https:\/\/revolutionpadelstore.com\/de\/produkt\/siux-electra-st3-lite\/\" \/>\n<meta property=\"og:site_name\" content=\"Revolution Padel Store\" \/>\n<meta property=\"article:modified_time\" content=\"2026-04-08T12:50:41+00:00\" \/>\n<meta property=\"og:image\" content=\"https:\/\/revolutionpadelstore.com\/wp-content\/uploads\/2024\/03\/109476-electra-3-lite-grip-regular-1500x1500-1.webp\" \/>\n\t<meta property=\"og:image:width\" content=\"1500\" \/>\n\t<meta property=\"og:image:height\" content=\"1500\" \/>\n\t<meta property=\"og:image:type\" content=\"image\/webp\" \/>\n<meta name=\"twitter:card\" content=\"summary_large_image\" \/>\n<meta name=\"twitter:label1\" content=\"Gesch\u00e4tzte Lesezeit\" \/>\n\t<meta name=\"twitter:data1\" content=\"2\u00a0Minuten\" \/>\n<script type=\"application\/ld+json\" class=\"yoast-schema-graph\">{\"@context\":\"https:\\\/\\\/schema.org\",\"@graph\":[{\"@type\":\"WebPage\",\"@id\":\"https:\\\/\\\/revolutionpadelstore.com\\\/de\\\/produkt\\\/siux-electra-st3-lite\\\/\",\"url\":\"https:\\\/\\\/revolutionpadelstore.com\\\/de\\\/produkt\\\/siux-electra-st3-lite\\\/\",\"name\":\"SIUX ELECTRA ST3 LITE - Revolution Padel Store\",\"isPartOf\":{\"@id\":\"https:\\\/\\\/revolutionpadelstore.com\\\/de\\\/#website\"},\"primaryImageOfPage\":{\"@id\":\"https:\\\/\\\/revolutionpadelstore.com\\\/de\\\/produkt\\\/siux-electra-st3-lite\\\/#primaryimage\"},\"image\":{\"@id\":\"https:\\\/\\\/revolutionpadelstore.com\\\/de\\\/produkt\\\/siux-electra-st3-lite\\\/#primaryimage\"},\"thumbnailUrl\":\"https:\\\/\\\/revolutionpadelstore.com\\\/wp-content\\\/uploads\\\/2024\\\/03\\\/109476-electra-3-lite-grip-regular-1500x1500-1.webp\",\"datePublished\":\"2024-03-21T14:17:00+00:00\",\"dateModified\":\"2026-04-08T12:50:41+00:00\",\"description\":\"Pala redonda con balance medio Siux Electra ST3 Lite, dise\u00f1ada para mujeres de nivel avanzado o profesional. Con planos de Carbono 12K Twill y n\u00facleo de goma EVA Hard. Con tecnolog\u00eda ShockOut y Dual Pro Grip.\",\"breadcrumb\":{\"@id\":\"https:\\\/\\\/revolutionpadelstore.com\\\/de\\\/produkt\\\/siux-electra-st3-lite\\\/#breadcrumb\"},\"inLanguage\":\"de\",\"potentialAction\":[{\"@type\":\"ReadAction\",\"target\":[\"https:\\\/\\\/revolutionpadelstore.com\\\/de\\\/produkt\\\/siux-electra-st3-lite\\\/\"]}]},{\"@type\":\"ImageObject\",\"inLanguage\":\"de\",\"@id\":\"https:\\\/\\\/revolutionpadelstore.com\\\/de\\\/produkt\\\/siux-electra-st3-lite\\\/#primaryimage\",\"url\":\"https:\\\/\\\/revolutionpadelstore.com\\\/wp-content\\\/uploads\\\/2024\\\/03\\\/109476-electra-3-lite-grip-regular-1500x1500-1.webp\",\"contentUrl\":\"https:\\\/\\\/revolutionpadelstore.com\\\/wp-content\\\/uploads\\\/2024\\\/03\\\/109476-electra-3-lite-grip-regular-1500x1500-1.webp\",\"width\":1500,\"height\":1500},{\"@type\":\"BreadcrumbList\",\"@id\":\"https:\\\/\\\/revolutionpadelstore.com\\\/de\\\/produkt\\\/siux-electra-st3-lite\\\/#breadcrumb\",\"itemListElement\":[{\"@type\":\"ListItem\",\"position\":1,\"name\":\"Portada\",\"item\":\"https:\\\/\\\/revolutionpadelstore.com\\\/de\\\/\"},{\"@type\":\"ListItem\",\"position\":2,\"name\":\"Shop\",\"item\":\"https:\\\/\\\/revolutionpadelstore.com\\\/de\\\/tienda\\\/\"},{\"@type\":\"ListItem\",\"position\":3,\"name\":\"SIUX ELECTRA ST3 LITE\"}]},{\"@type\":\"WebSite\",\"@id\":\"https:\\\/\\\/revolutionpadelstore.com\\\/de\\\/#website\",\"url\":\"https:\\\/\\\/revolutionpadelstore.com\\\/de\\\/\",\"name\":\"Revolution Padel Store\",\"description\":\"\",\"publisher\":{\"@id\":\"https:\\\/\\\/revolutionpadelstore.com\\\/de\\\/#organization\"},\"potentialAction\":[{\"@type\":\"SearchAction\",\"target\":{\"@type\":\"EntryPoint\",\"urlTemplate\":\"https:\\\/\\\/revolutionpadelstore.com\\\/de\\\/?s={search_term_string}\"},\"query-input\":{\"@type\":\"PropertyValueSpecification\",\"valueRequired\":true,\"valueName\":\"search_term_string\"}}],\"inLanguage\":\"de\"},{\"@type\":\"Organization\",\"@id\":\"https:\\\/\\\/revolutionpadelstore.com\\\/de\\\/#organization\",\"name\":\"Revolution Padel Store\",\"url\":\"https:\\\/\\\/revolutionpadelstore.com\\\/de\\\/\",\"logo\":{\"@type\":\"ImageObject\",\"inLanguage\":\"de\",\"@id\":\"https:\\\/\\\/revolutionpadelstore.com\\\/de\\\/#\\\/schema\\\/logo\\\/image\\\/\",\"url\":\"https:\\\/\\\/revolutionpadelstore.com\\\/wp-content\\\/uploads\\\/2026\\\/02\\\/revolution-padel-store.jpg\",\"contentUrl\":\"https:\\\/\\\/revolutionpadelstore.com\\\/wp-content\\\/uploads\\\/2026\\\/02\\\/revolution-padel-store.jpg\",\"width\":2000,\"height\":2000,\"caption\":\"Revolution Padel Store\"},\"image\":{\"@id\":\"https:\\\/\\\/revolutionpadelstore.com\\\/de\\\/#\\\/schema\\\/logo\\\/image\\\/\"},\"sameAs\":[\"https:\\\/\\\/www.instagram.com\\\/revolutionpadelstore\\\/\"]}]}<\/script>\n<!-- \/ Yoast SEO plugin. -->","yoast_head_json":{"title":"SIUX ELECTRA ST3 LITE - Revolution Padel Store","description":"Pala redonda con balance medio Siux Electra ST3 Lite, dise\u00f1ada para mujeres de nivel avanzado o profesional. Con planos de Carbono 12K Twill y n\u00facleo de goma EVA Hard. Con tecnolog\u00eda ShockOut y Dual Pro Grip.","robots":{"index":"index","follow":"follow","max-snippet":"max-snippet:-1","max-image-preview":"max-image-preview:large","max-video-preview":"max-video-preview:-1"},"canonical":"https:\/\/revolutionpadelstore.com\/de\/produkt\/siux-electra-st3-lite\/","og_locale":"de_DE","og_type":"article","og_title":"SIUX ELECTRA ST3 LITE - Revolution Padel Store","og_description":"Pala redonda con balance medio Siux Electra ST3 Lite, dise\u00f1ada para mujeres de nivel avanzado o profesional. Con planos de Carbono 12K Twill y n\u00facleo de goma EVA Hard. Con tecnolog\u00eda ShockOut y Dual Pro Grip.","og_url":"https:\/\/revolutionpadelstore.com\/de\/produkt\/siux-electra-st3-lite\/","og_site_name":"Revolution Padel Store","article_modified_time":"2026-04-08T12:50:41+00:00","og_image":[{"width":1500,"height":1500,"url":"https:\/\/revolutionpadelstore.com\/wp-content\/uploads\/2024\/03\/109476-electra-3-lite-grip-regular-1500x1500-1.webp","type":"image\/webp"}],"twitter_card":"summary_large_image","twitter_misc":{"Gesch\u00e4tzte Lesezeit":"2\u00a0Minuten"},"schema":{"@context":"https:\/\/schema.org","@graph":[{"@type":"WebPage","@id":"https:\/\/revolutionpadelstore.com\/de\/produkt\/siux-electra-st3-lite\/","url":"https:\/\/revolutionpadelstore.com\/de\/produkt\/siux-electra-st3-lite\/","name":"SIUX ELECTRA ST3 LITE - Revolution Padel Store","isPartOf":{"@id":"https:\/\/revolutionpadelstore.com\/de\/#website"},"primaryImageOfPage":{"@id":"https:\/\/revolutionpadelstore.com\/de\/produkt\/siux-electra-st3-lite\/#primaryimage"},"image":{"@id":"https:\/\/revolutionpadelstore.com\/de\/produkt\/siux-electra-st3-lite\/#primaryimage"},"thumbnailUrl":"https:\/\/revolutionpadelstore.com\/wp-content\/uploads\/2024\/03\/109476-electra-3-lite-grip-regular-1500x1500-1.webp","datePublished":"2024-03-21T14:17:00+00:00","dateModified":"2026-04-08T12:50:41+00:00","description":"Pala redonda con balance medio Siux Electra ST3 Lite, dise\u00f1ada para mujeres de nivel avanzado o profesional. Con planos de Carbono 12K Twill y n\u00facleo de goma EVA Hard. Con tecnolog\u00eda ShockOut y Dual Pro Grip.","breadcrumb":{"@id":"https:\/\/revolutionpadelstore.com\/de\/produkt\/siux-electra-st3-lite\/#breadcrumb"},"inLanguage":"de","potentialAction":[{"@type":"ReadAction","target":["https:\/\/revolutionpadelstore.com\/de\/produkt\/siux-electra-st3-lite\/"]}]},{"@type":"ImageObject","inLanguage":"de","@id":"https:\/\/revolutionpadelstore.com\/de\/produkt\/siux-electra-st3-lite\/#primaryimage","url":"https:\/\/revolutionpadelstore.com\/wp-content\/uploads\/2024\/03\/109476-electra-3-lite-grip-regular-1500x1500-1.webp","contentUrl":"https:\/\/revolutionpadelstore.com\/wp-content\/uploads\/2024\/03\/109476-electra-3-lite-grip-regular-1500x1500-1.webp","width":1500,"height":1500},{"@type":"BreadcrumbList","@id":"https:\/\/revolutionpadelstore.com\/de\/produkt\/siux-electra-st3-lite\/#breadcrumb","itemListElement":[{"@type":"ListItem","position":1,"name":"Portada","item":"https:\/\/revolutionpadelstore.com\/de\/"},{"@type":"ListItem","position":2,"name":"Shop","item":"https:\/\/revolutionpadelstore.com\/de\/tienda\/"},{"@type":"ListItem","position":3,"name":"SIUX ELECTRA ST3 LITE"}]},{"@type":"WebSite","@id":"https:\/\/revolutionpadelstore.com\/de\/#website","url":"https:\/\/revolutionpadelstore.com\/de\/","name":"Revolution Padel Store","description":"","publisher":{"@id":"https:\/\/revolutionpadelstore.com\/de\/#organization"},"potentialAction":[{"@type":"SearchAction","target":{"@type":"EntryPoint","urlTemplate":"https:\/\/revolutionpadelstore.com\/de\/?s={search_term_string}"},"query-input":{"@type":"PropertyValueSpecification","valueRequired":true,"valueName":"search_term_string"}}],"inLanguage":"de"},{"@type":"Organization","@id":"https:\/\/revolutionpadelstore.com\/de\/#organization","name":"Revolution Padel Store","url":"https:\/\/revolutionpadelstore.com\/de\/","logo":{"@type":"ImageObject","inLanguage":"de","@id":"https:\/\/revolutionpadelstore.com\/de\/#\/schema\/logo\/image\/","url":"https:\/\/revolutionpadelstore.com\/wp-content\/uploads\/2026\/02\/revolution-padel-store.jpg","contentUrl":"https:\/\/revolutionpadelstore.com\/wp-content\/uploads\/2026\/02\/revolution-padel-store.jpg","width":2000,"height":2000,"caption":"Revolution Padel Store"},"image":{"@id":"https:\/\/revolutionpadelstore.com\/de\/#\/schema\/logo\/image\/"},"sameAs":["https:\/\/www.instagram.com\/revolutionpadelstore\/"]}]}},"_links":{"self":[{"href":"https:\/\/revolutionpadelstore.com\/de\/wp-json\/wp\/v2\/product\/20247","targetHints":{"allow":["GET"]}}],"collection":[{"href":"https:\/\/revolutionpadelstore.com\/de\/wp-json\/wp\/v2\/product"}],"about":[{"href":"https:\/\/revolutionpadelstore.com\/de\/wp-json\/wp\/v2\/types\/product"}],"replies":[{"embeddable":true,"href":"https:\/\/revolutionpadelstore.com\/de\/wp-json\/wp\/v2\/comments?post=20247"}],"wp:featuredmedia":[{"embeddable":true,"href":"https:\/\/revolutionpadelstore.com\/de\/wp-json\/wp\/v2\/media\/266414"}],"wp:attachment":[{"href":"https:\/\/revolutionpadelstore.com\/de\/wp-json\/wp\/v2\/media?parent=20247"}],"wp:term":[{"taxonomy":"acabado","embeddable":true,"href":"https:\/\/revolutionpadelstore.com\/de\/wp-json\/wp\/v2\/acabado?post=20247"},{"taxonomy":"balance","embeddable":true,"href":"https:\/\/revolutionpadelstore.com\/de\/wp-json\/wp\/v2\/balance?post=20247"},{"taxonomy":"dureza","embeddable":true,"href":"https:\/\/revolutionpadelstore.com\/de\/wp-json\/wp\/v2\/dureza?post=20247"},{"taxonomy":"forma","embeddable":true,"href":"https:\/\/revolutionpadelstore.com\/de\/wp-json\/wp\/v2\/forma?post=20247"},{"taxonomy":"jugador","embeddable":true,"href":"https:\/\/revolutionpadelstore.com\/de\/wp-json\/wp\/v2\/jugador?post=20247"},{"taxonomy":"marca","embeddable":true,"href":"https:\/\/revolutionpadelstore.com\/de\/wp-json\/wp\/v2\/marca?post=20247"},{"taxonomy":"nivel-de-juego","embeddable":true,"href":"https:\/\/revolutionpadelstore.com\/de\/wp-json\/wp\/v2\/nivel-de-juego?post=20247"},{"taxonomy":"superficie","embeddable":true,"href":"https:\/\/revolutionpadelstore.com\/de\/wp-json\/wp\/v2\/superficie?post=20247"},{"taxonomy":"tipo-de-juego","embeddable":true,"href":"https:\/\/revolutionpadelstore.com\/de\/wp-json\/wp\/v2\/tipo-de-juego?post=20247"},{"taxonomy":"product_brand","embeddable":true,"href":"https:\/\/revolutionpadelstore.com\/de\/wp-json\/wp\/v2\/product_brand?post=20247"},{"taxonomy":"product_cat","embeddable":true,"href":"https:\/\/revolutionpadelstore.com\/de\/wp-json\/wp\/v2\/product_cat?post=20247"},{"taxonomy":"product_tag","embeddable":true,"href":"https:\/\/revolutionpadelstore.com\/de\/wp-json\/wp\/v2\/product_tag?post=20247"}],"curies":[{"name":"wp","href":"https:\/\/api.w.org\/{rel}","templated":true}]}}