{"id":20232,"date":"2024-03-21T15:38:21","date_gmt":"2024-03-21T14:38:21","guid":{"rendered":"https:\/\/revolutionpadelstore.com\/wilson-pro-staff-v2-padel-2\/"},"modified":"2026-04-01T11:23:57","modified_gmt":"2026-04-01T09:23:57","slug":"wilson-pro-staff-v2-padel-2-1","status":"publish","type":"product","link":"https:\/\/revolutionpadelstore.com\/de\/produkt\/wilson-pro-staff-v2-padel-2-1\/","title":{"rendered":"WILSON PRO STAFF V2 PADEL 2"},"content":{"rendered":"<h2>Warum den<strong><\/strong>Wilson Staff V2 Padel 2 Padelschl\u00e4ger f\u00fcr Herren kaufen?<\/h2>\n<p>Es handelt sich um einen Padelschl\u00e4ger mit geringer Balance und verdichteten L\u00f6chern in der Mitte der Schlagfl\u00e4chen. Diese Faktoren machen es leicht und beg\u00fcnstigen die Ausf\u00fchrung pr\u00e4ziser Vor- und R\u00fcckhandschl\u00e4ge. Der breite Sweet Spot erleichtert die Platzierung der Finishes.<\/p>\n<h2>F\u00fcr welchen Spielertyp ist der Wilson Staff V2 Padel 2 Herren-Padelschl\u00e4ger geeignet?<\/h2>\n<p>Er richtet sich an erwachsene Padelspieler, die einen leichten und sehr wendigen Schl\u00e4ger ben\u00f6tigen, der sich leicht an einen vielseitigen Stil anpassen l\u00e4sst.<\/p>\n<h2>Design und Farben<\/h2>\n<p>Es hat eine runde Form. Der Rahmen hat eine gl\u00e4nzende schwarze Farbe. Die Gesichter sind dunkelgrau. \u00dcber der Mitte der Pl\u00e4ne erscheint das <strong>\u201eW\u201c<\/strong> von <strong>Wilson<\/strong> mit einer zweifarbig umrandeten Typografie. Am unteren Ende beider Balken ist in wei\u00dfen Buchstaben die Aufschrift <strong>&#8220;<em>PRO STAFF<\/em>&#8220;<\/strong> zu sehen.<\/p>\n<h2>\u00bfPor qu\u00e9 comprar la<strong>\u00a0<\/strong><\/p>\n","protected":false},"excerpt":{"rendered":"<p>Der<strong>Wilson Staff V2 Padel 2 Padelschl\u00e4ger f\u00fcr Herren<\/strong> verf\u00fcgt \u00fcber einen Hals mit einem breiten dreieckigen Loch. Es reguliert den Luftstrom, um den <em>Schaukeln<\/em> Stabilit\u00e4t zu verleihen.<\/p>\n","protected":false},"featured_media":51832,"comment_status":"open","ping_status":"closed","template":"","meta":{"_acf_changed":false,"_joinchat":[]},"acabado":[1094],"balance":[1144],"dureza":[1149],"forma":[1179],"jugador":[1189,1199],"marca":[1264],"nivel-de-juego":[1334],"superficie":[1359],"tipo-de-juego":[1384],"product_brand":[],"product_cat":[299],"product_tag":[],"class_list":{"0":"post-20232","1":"product","2":"type-product","3":"status-publish","4":"has-post-thumbnail","6":"acabado-arenoso-de","7":"balance-niedrig","8":"dureza-blanda-de","9":"forma-rund","10":"jugador-mann","11":"jugador-mehrzweck","12":"marca-wilson-de","13":"superficie-rugosa-de","14":"tipo-de-juego-mehrzweck","15":"product_cat-palas-de-padel-de","17":"first","18":"outofstock","19":"sale","20":"taxable","21":"shipping-taxable","22":"purchasable","23":"product-type-simple"},"acf":[],"yoast_head":"<!-- This site is optimized with the Yoast SEO plugin v27.3 - https:\/\/yoast.com\/product\/yoast-seo-wordpress\/ -->\n<title>WILSON PRO STAFF V2 PADEL 2 - Revolution Padel Store<\/title>\n<meta name=\"description\" content=\"La pala de p\u00e1del Wilson Staff V2 Padel 2 para hombre incluye un cuello con un orificio triangular ancho. Dosifica el paso del aire para otorgar estabilidad a los swings.\" \/>\n<meta name=\"robots\" content=\"index, follow, max-snippet:-1, max-image-preview:large, max-video-preview:-1\" \/>\n<link rel=\"canonical\" href=\"https:\/\/revolutionpadelstore.com\/de\/produkt\/wilson-pro-staff-v2-padel-2-1\/\" \/>\n<meta property=\"og:locale\" content=\"de_DE\" \/>\n<meta property=\"og:type\" content=\"article\" \/>\n<meta property=\"og:title\" content=\"WILSON PRO STAFF V2 PADEL 2 - Revolution Padel Store\" \/>\n<meta property=\"og:description\" content=\"La pala de p\u00e1del Wilson Staff V2 Padel 2 para hombre incluye un cuello con un orificio triangular ancho. Dosifica el paso del aire para otorgar estabilidad a los swings.\" \/>\n<meta property=\"og:url\" content=\"https:\/\/revolutionpadelstore.com\/de\/produkt\/wilson-pro-staff-v2-padel-2-1\/\" \/>\n<meta property=\"og:site_name\" content=\"Revolution Padel Store\" \/>\n<meta property=\"article:modified_time\" content=\"2026-04-01T09:23:57+00:00\" \/>\n<meta property=\"og:image\" content=\"https:\/\/revolutionpadelstore.com\/wp-content\/uploads\/2024\/03\/WR112111U_1000_1000_1_7ddc.webp\" \/>\n\t<meta property=\"og:image:width\" content=\"1000\" \/>\n\t<meta property=\"og:image:height\" content=\"1000\" \/>\n\t<meta property=\"og:image:type\" content=\"image\/webp\" \/>\n<meta name=\"twitter:card\" content=\"summary_large_image\" \/>\n<meta name=\"twitter:label1\" content=\"Gesch\u00e4tzte Lesezeit\" \/>\n\t<meta name=\"twitter:data1\" content=\"1\u00a0Minute\" \/>\n<script type=\"application\/ld+json\" class=\"yoast-schema-graph\">{\"@context\":\"https:\\\/\\\/schema.org\",\"@graph\":[{\"@type\":\"WebPage\",\"@id\":\"https:\\\/\\\/revolutionpadelstore.com\\\/de\\\/produkt\\\/wilson-pro-staff-v2-padel-2-1\\\/\",\"url\":\"https:\\\/\\\/revolutionpadelstore.com\\\/de\\\/produkt\\\/wilson-pro-staff-v2-padel-2-1\\\/\",\"name\":\"WILSON PRO STAFF V2 PADEL 2 - Revolution Padel Store\",\"isPartOf\":{\"@id\":\"https:\\\/\\\/revolutionpadelstore.com\\\/de\\\/#website\"},\"primaryImageOfPage\":{\"@id\":\"https:\\\/\\\/revolutionpadelstore.com\\\/de\\\/produkt\\\/wilson-pro-staff-v2-padel-2-1\\\/#primaryimage\"},\"image\":{\"@id\":\"https:\\\/\\\/revolutionpadelstore.com\\\/de\\\/produkt\\\/wilson-pro-staff-v2-padel-2-1\\\/#primaryimage\"},\"thumbnailUrl\":\"https:\\\/\\\/revolutionpadelstore.com\\\/wp-content\\\/uploads\\\/2024\\\/03\\\/WR112111U_1000_1000_1_7ddc.webp\",\"datePublished\":\"2024-03-21T14:38:21+00:00\",\"dateModified\":\"2026-04-01T09:23:57+00:00\",\"description\":\"La pala de p\u00e1del Wilson Staff V2 Padel 2 para hombre incluye un cuello con un orificio triangular ancho. Dosifica el paso del aire para otorgar estabilidad a los swings.\",\"breadcrumb\":{\"@id\":\"https:\\\/\\\/revolutionpadelstore.com\\\/de\\\/produkt\\\/wilson-pro-staff-v2-padel-2-1\\\/#breadcrumb\"},\"inLanguage\":\"de\",\"potentialAction\":[{\"@type\":\"ReadAction\",\"target\":[\"https:\\\/\\\/revolutionpadelstore.com\\\/de\\\/produkt\\\/wilson-pro-staff-v2-padel-2-1\\\/\"]}]},{\"@type\":\"ImageObject\",\"inLanguage\":\"de\",\"@id\":\"https:\\\/\\\/revolutionpadelstore.com\\\/de\\\/produkt\\\/wilson-pro-staff-v2-padel-2-1\\\/#primaryimage\",\"url\":\"https:\\\/\\\/revolutionpadelstore.com\\\/wp-content\\\/uploads\\\/2024\\\/03\\\/WR112111U_1000_1000_1_7ddc.webp\",\"contentUrl\":\"https:\\\/\\\/revolutionpadelstore.com\\\/wp-content\\\/uploads\\\/2024\\\/03\\\/WR112111U_1000_1000_1_7ddc.webp\",\"width\":1000,\"height\":1000},{\"@type\":\"BreadcrumbList\",\"@id\":\"https:\\\/\\\/revolutionpadelstore.com\\\/de\\\/produkt\\\/wilson-pro-staff-v2-padel-2-1\\\/#breadcrumb\",\"itemListElement\":[{\"@type\":\"ListItem\",\"position\":1,\"name\":\"Portada\",\"item\":\"https:\\\/\\\/revolutionpadelstore.com\\\/de\\\/\"},{\"@type\":\"ListItem\",\"position\":2,\"name\":\"Shop\",\"item\":\"https:\\\/\\\/revolutionpadelstore.com\\\/de\\\/tienda\\\/\"},{\"@type\":\"ListItem\",\"position\":3,\"name\":\"WILSON PRO STAFF V2 PADEL 2\"}]},{\"@type\":\"WebSite\",\"@id\":\"https:\\\/\\\/revolutionpadelstore.com\\\/de\\\/#website\",\"url\":\"https:\\\/\\\/revolutionpadelstore.com\\\/de\\\/\",\"name\":\"Revolution Padel Store\",\"description\":\"\",\"publisher\":{\"@id\":\"https:\\\/\\\/revolutionpadelstore.com\\\/de\\\/#organization\"},\"potentialAction\":[{\"@type\":\"SearchAction\",\"target\":{\"@type\":\"EntryPoint\",\"urlTemplate\":\"https:\\\/\\\/revolutionpadelstore.com\\\/de\\\/?s={search_term_string}\"},\"query-input\":{\"@type\":\"PropertyValueSpecification\",\"valueRequired\":true,\"valueName\":\"search_term_string\"}}],\"inLanguage\":\"de\"},{\"@type\":\"Organization\",\"@id\":\"https:\\\/\\\/revolutionpadelstore.com\\\/de\\\/#organization\",\"name\":\"Revolution Padel Store\",\"url\":\"https:\\\/\\\/revolutionpadelstore.com\\\/de\\\/\",\"logo\":{\"@type\":\"ImageObject\",\"inLanguage\":\"de\",\"@id\":\"https:\\\/\\\/revolutionpadelstore.com\\\/de\\\/#\\\/schema\\\/logo\\\/image\\\/\",\"url\":\"https:\\\/\\\/revolutionpadelstore.com\\\/wp-content\\\/uploads\\\/2026\\\/02\\\/revolution-padel-store.jpg\",\"contentUrl\":\"https:\\\/\\\/revolutionpadelstore.com\\\/wp-content\\\/uploads\\\/2026\\\/02\\\/revolution-padel-store.jpg\",\"width\":2000,\"height\":2000,\"caption\":\"Revolution Padel Store\"},\"image\":{\"@id\":\"https:\\\/\\\/revolutionpadelstore.com\\\/de\\\/#\\\/schema\\\/logo\\\/image\\\/\"},\"sameAs\":[\"https:\\\/\\\/www.instagram.com\\\/revolutionpadelstore\\\/\"]}]}<\/script>\n<!-- \/ Yoast SEO plugin. -->","yoast_head_json":{"title":"WILSON PRO STAFF V2 PADEL 2 - Revolution Padel Store","description":"La pala de p\u00e1del Wilson Staff V2 Padel 2 para hombre incluye un cuello con un orificio triangular ancho. Dosifica el paso del aire para otorgar estabilidad a los swings.","robots":{"index":"index","follow":"follow","max-snippet":"max-snippet:-1","max-image-preview":"max-image-preview:large","max-video-preview":"max-video-preview:-1"},"canonical":"https:\/\/revolutionpadelstore.com\/de\/produkt\/wilson-pro-staff-v2-padel-2-1\/","og_locale":"de_DE","og_type":"article","og_title":"WILSON PRO STAFF V2 PADEL 2 - Revolution Padel Store","og_description":"La pala de p\u00e1del Wilson Staff V2 Padel 2 para hombre incluye un cuello con un orificio triangular ancho. Dosifica el paso del aire para otorgar estabilidad a los swings.","og_url":"https:\/\/revolutionpadelstore.com\/de\/produkt\/wilson-pro-staff-v2-padel-2-1\/","og_site_name":"Revolution Padel Store","article_modified_time":"2026-04-01T09:23:57+00:00","og_image":[{"width":1000,"height":1000,"url":"https:\/\/revolutionpadelstore.com\/wp-content\/uploads\/2024\/03\/WR112111U_1000_1000_1_7ddc.webp","type":"image\/webp"}],"twitter_card":"summary_large_image","twitter_misc":{"Gesch\u00e4tzte Lesezeit":"1\u00a0Minute"},"schema":{"@context":"https:\/\/schema.org","@graph":[{"@type":"WebPage","@id":"https:\/\/revolutionpadelstore.com\/de\/produkt\/wilson-pro-staff-v2-padel-2-1\/","url":"https:\/\/revolutionpadelstore.com\/de\/produkt\/wilson-pro-staff-v2-padel-2-1\/","name":"WILSON PRO STAFF V2 PADEL 2 - Revolution Padel Store","isPartOf":{"@id":"https:\/\/revolutionpadelstore.com\/de\/#website"},"primaryImageOfPage":{"@id":"https:\/\/revolutionpadelstore.com\/de\/produkt\/wilson-pro-staff-v2-padel-2-1\/#primaryimage"},"image":{"@id":"https:\/\/revolutionpadelstore.com\/de\/produkt\/wilson-pro-staff-v2-padel-2-1\/#primaryimage"},"thumbnailUrl":"https:\/\/revolutionpadelstore.com\/wp-content\/uploads\/2024\/03\/WR112111U_1000_1000_1_7ddc.webp","datePublished":"2024-03-21T14:38:21+00:00","dateModified":"2026-04-01T09:23:57+00:00","description":"La pala de p\u00e1del Wilson Staff V2 Padel 2 para hombre incluye un cuello con un orificio triangular ancho. Dosifica el paso del aire para otorgar estabilidad a los swings.","breadcrumb":{"@id":"https:\/\/revolutionpadelstore.com\/de\/produkt\/wilson-pro-staff-v2-padel-2-1\/#breadcrumb"},"inLanguage":"de","potentialAction":[{"@type":"ReadAction","target":["https:\/\/revolutionpadelstore.com\/de\/produkt\/wilson-pro-staff-v2-padel-2-1\/"]}]},{"@type":"ImageObject","inLanguage":"de","@id":"https:\/\/revolutionpadelstore.com\/de\/produkt\/wilson-pro-staff-v2-padel-2-1\/#primaryimage","url":"https:\/\/revolutionpadelstore.com\/wp-content\/uploads\/2024\/03\/WR112111U_1000_1000_1_7ddc.webp","contentUrl":"https:\/\/revolutionpadelstore.com\/wp-content\/uploads\/2024\/03\/WR112111U_1000_1000_1_7ddc.webp","width":1000,"height":1000},{"@type":"BreadcrumbList","@id":"https:\/\/revolutionpadelstore.com\/de\/produkt\/wilson-pro-staff-v2-padel-2-1\/#breadcrumb","itemListElement":[{"@type":"ListItem","position":1,"name":"Portada","item":"https:\/\/revolutionpadelstore.com\/de\/"},{"@type":"ListItem","position":2,"name":"Shop","item":"https:\/\/revolutionpadelstore.com\/de\/tienda\/"},{"@type":"ListItem","position":3,"name":"WILSON PRO STAFF V2 PADEL 2"}]},{"@type":"WebSite","@id":"https:\/\/revolutionpadelstore.com\/de\/#website","url":"https:\/\/revolutionpadelstore.com\/de\/","name":"Revolution Padel Store","description":"","publisher":{"@id":"https:\/\/revolutionpadelstore.com\/de\/#organization"},"potentialAction":[{"@type":"SearchAction","target":{"@type":"EntryPoint","urlTemplate":"https:\/\/revolutionpadelstore.com\/de\/?s={search_term_string}"},"query-input":{"@type":"PropertyValueSpecification","valueRequired":true,"valueName":"search_term_string"}}],"inLanguage":"de"},{"@type":"Organization","@id":"https:\/\/revolutionpadelstore.com\/de\/#organization","name":"Revolution Padel Store","url":"https:\/\/revolutionpadelstore.com\/de\/","logo":{"@type":"ImageObject","inLanguage":"de","@id":"https:\/\/revolutionpadelstore.com\/de\/#\/schema\/logo\/image\/","url":"https:\/\/revolutionpadelstore.com\/wp-content\/uploads\/2026\/02\/revolution-padel-store.jpg","contentUrl":"https:\/\/revolutionpadelstore.com\/wp-content\/uploads\/2026\/02\/revolution-padel-store.jpg","width":2000,"height":2000,"caption":"Revolution Padel Store"},"image":{"@id":"https:\/\/revolutionpadelstore.com\/de\/#\/schema\/logo\/image\/"},"sameAs":["https:\/\/www.instagram.com\/revolutionpadelstore\/"]}]}},"_links":{"self":[{"href":"https:\/\/revolutionpadelstore.com\/de\/wp-json\/wp\/v2\/product\/20232","targetHints":{"allow":["GET"]}}],"collection":[{"href":"https:\/\/revolutionpadelstore.com\/de\/wp-json\/wp\/v2\/product"}],"about":[{"href":"https:\/\/revolutionpadelstore.com\/de\/wp-json\/wp\/v2\/types\/product"}],"replies":[{"embeddable":true,"href":"https:\/\/revolutionpadelstore.com\/de\/wp-json\/wp\/v2\/comments?post=20232"}],"wp:featuredmedia":[{"embeddable":true,"href":"https:\/\/revolutionpadelstore.com\/de\/wp-json\/wp\/v2\/media\/51832"}],"wp:attachment":[{"href":"https:\/\/revolutionpadelstore.com\/de\/wp-json\/wp\/v2\/media?parent=20232"}],"wp:term":[{"taxonomy":"acabado","embeddable":true,"href":"https:\/\/revolutionpadelstore.com\/de\/wp-json\/wp\/v2\/acabado?post=20232"},{"taxonomy":"balance","embeddable":true,"href":"https:\/\/revolutionpadelstore.com\/de\/wp-json\/wp\/v2\/balance?post=20232"},{"taxonomy":"dureza","embeddable":true,"href":"https:\/\/revolutionpadelstore.com\/de\/wp-json\/wp\/v2\/dureza?post=20232"},{"taxonomy":"forma","embeddable":true,"href":"https:\/\/revolutionpadelstore.com\/de\/wp-json\/wp\/v2\/forma?post=20232"},{"taxonomy":"jugador","embeddable":true,"href":"https:\/\/revolutionpadelstore.com\/de\/wp-json\/wp\/v2\/jugador?post=20232"},{"taxonomy":"marca","embeddable":true,"href":"https:\/\/revolutionpadelstore.com\/de\/wp-json\/wp\/v2\/marca?post=20232"},{"taxonomy":"nivel-de-juego","embeddable":true,"href":"https:\/\/revolutionpadelstore.com\/de\/wp-json\/wp\/v2\/nivel-de-juego?post=20232"},{"taxonomy":"superficie","embeddable":true,"href":"https:\/\/revolutionpadelstore.com\/de\/wp-json\/wp\/v2\/superficie?post=20232"},{"taxonomy":"tipo-de-juego","embeddable":true,"href":"https:\/\/revolutionpadelstore.com\/de\/wp-json\/wp\/v2\/tipo-de-juego?post=20232"},{"taxonomy":"product_brand","embeddable":true,"href":"https:\/\/revolutionpadelstore.com\/de\/wp-json\/wp\/v2\/product_brand?post=20232"},{"taxonomy":"product_cat","embeddable":true,"href":"https:\/\/revolutionpadelstore.com\/de\/wp-json\/wp\/v2\/product_cat?post=20232"},{"taxonomy":"product_tag","embeddable":true,"href":"https:\/\/revolutionpadelstore.com\/de\/wp-json\/wp\/v2\/product_tag?post=20232"}],"curies":[{"name":"wp","href":"https:\/\/api.w.org\/{rel}","templated":true}]}}