{"id":20227,"date":"2024-03-21T15:41:43","date_gmt":"2024-03-21T14:41:43","guid":{"rendered":"https:\/\/revolutionpadelstore.com\/wilson-blade-pro-padel-v2-2-negro-verde\/"},"modified":"2026-04-08T14:48:46","modified_gmt":"2026-04-08T12:48:46","slug":"wilson-blade-pro-padel-v2-2-negro-verde-1","status":"publish","type":"product","link":"https:\/\/revolutionpadelstore.com\/de\/produkt\/wilson-blade-pro-padel-v2-2-negro-verde-1\/","title":{"rendered":"WILSON BLADE PRO PADEL V2 2 NEGRO VERDE"},"content":{"rendered":"<h2>Warum sollten Sie sich f\u00fcr den Wilson Blade Pro Padel V2 2 Schl\u00e4ger entscheiden?<\/h2>\n<p>Der Wilson Blade Pro Padel V2 2 Padelschl\u00e4ger bietet ein gro\u00dfartiges Gef\u00fchl von St\u00e4rke und Kontrolle auf dem Platz. Um dies zu erreichen, wurde es in Tropfenform gestaltet und verf\u00fcgt \u00fcber eine mittelhohe Balance, um dem Spieler zu helfen, jeden Bereich des Spielfelds zu dominieren. Im Inneren ist weicher EVA-Gummi eingearbeitet, der f\u00fcr einen weicheren Schlag und ein besseres Gef\u00fchl sorgt.<\/p>\n<h2>F\u00fcr welchen Spielertyp ist der Wilson Blade Pro Padel V2 2 Schl\u00e4ger geeignet?<\/h2>\n<p>Es handelt sich um einen Schl\u00e4ger, der sich perfekt an die Bed\u00fcrfnisse von <strong>Fortgeschrittenen- oder Profispielern<\/strong> anpasst, die in ihrem Training oder bei Wettk\u00e4mpfen eine bessere Verteidigung und einen besseren Angriff suchen.<\/p>\n<h2>Design und Farben<\/h2>\n<p>Es handelt sich um ein Mittelklassemodell, das auf den ersten Blick viel Aufmerksamkeit erregt. Der gr\u00f6\u00dfte Teil seiner Oberfl\u00e4che weist ein schwarzes Design mit einem zentralen Logo in einem Gr\u00fcnton auf.<\/p>\n<h2>\u00bfPor qu\u00e9 elegir la pala Wilson Blade Pro Padel V2 2?<\/h2>\n","protected":false},"excerpt":{"rendered":"<p>Der<strong>Wilson Blade Pro Padel V2 2 Padelschl\u00e4ger in Schwarz mit Gr\u00fcn ist ideal f\u00fcr die anspruchsvollsten Spieler, die ein Gleichgewicht zwischen Kraft und Kontrolle ben\u00f6tigen.<\/p>\n","protected":false},"featured_media":51816,"comment_status":"open","ping_status":"closed","template":"","meta":{"_acf_changed":false,"_joinchat":[]},"acabado":[1089],"balance":[1134,1139],"dureza":[1154],"forma":[1184],"jugador":[1189,1199],"marca":[1264],"nivel-de-juego":[1334],"superficie":[1359],"tipo-de-juego":[1384],"product_brand":[],"product_cat":[299],"product_tag":[],"class_list":{"0":"post-20227","1":"product","2":"type-product","3":"status-publish","4":"has-post-thumbnail","6":"acabado-3d-entlasten","7":"balance-hoch","8":"balance-mittel","9":"dureza-media-de","10":"forma-lagrima-de","11":"jugador-mann","12":"jugador-mehrzweck","13":"marca-wilson-de","14":"superficie-rugosa-de","15":"tipo-de-juego-mehrzweck","16":"product_cat-palas-de-padel-de","18":"first","19":"outofstock","20":"sale","21":"taxable","22":"shipping-taxable","23":"purchasable","24":"product-type-simple"},"acf":[],"yoast_head":"<!-- This site is optimized with the Yoast SEO plugin v27.4 - https:\/\/yoast.com\/product\/yoast-seo-wordpress\/ -->\n<title>WILSON BLADE PRO PADEL V2 2 NEGRO VERDE - Revolution Padel Store<\/title>\n<meta name=\"description\" content=\"La pala de p\u00e1del Wilson Blade Pro Padel V2 2 en negro con verde es ideal para los jugadores m\u00e1s exigentes que requieren de un equilibrio entre fuerza y control.\" \/>\n<meta name=\"robots\" content=\"index, follow, max-snippet:-1, max-image-preview:large, max-video-preview:-1\" \/>\n<link rel=\"canonical\" href=\"https:\/\/revolutionpadelstore.com\/de\/produkt\/wilson-blade-pro-padel-v2-2-negro-verde-1\/\" \/>\n<meta property=\"og:locale\" content=\"de_DE\" \/>\n<meta property=\"og:type\" content=\"article\" \/>\n<meta property=\"og:title\" content=\"WILSON BLADE PRO PADEL V2 2 NEGRO VERDE - Revolution Padel Store\" \/>\n<meta property=\"og:description\" content=\"La pala de p\u00e1del Wilson Blade Pro Padel V2 2 en negro con verde es ideal para los jugadores m\u00e1s exigentes que requieren de un equilibrio entre fuerza y control.\" \/>\n<meta property=\"og:url\" content=\"https:\/\/revolutionpadelstore.com\/de\/produkt\/wilson-blade-pro-padel-v2-2-negro-verde-1\/\" \/>\n<meta property=\"og:site_name\" content=\"Revolution Padel Store\" \/>\n<meta property=\"article:modified_time\" content=\"2026-04-08T12:48:46+00:00\" \/>\n<meta property=\"og:image\" content=\"https:\/\/revolutionpadelstore.com\/wp-content\/uploads\/2024\/03\/1WILSON_B_PRO_PADEL_V2_2_WR067211U_VISTA1_1200_1200_8b7b.webp\" \/>\n\t<meta property=\"og:image:width\" content=\"1200\" \/>\n\t<meta property=\"og:image:height\" content=\"1200\" \/>\n\t<meta property=\"og:image:type\" content=\"image\/webp\" \/>\n<meta name=\"twitter:card\" content=\"summary_large_image\" \/>\n<meta name=\"twitter:label1\" content=\"Gesch\u00e4tzte Lesezeit\" \/>\n\t<meta name=\"twitter:data1\" content=\"1\u00a0Minute\" \/>\n<script type=\"application\/ld+json\" class=\"yoast-schema-graph\">{\"@context\":\"https:\\\/\\\/schema.org\",\"@graph\":[{\"@type\":\"WebPage\",\"@id\":\"https:\\\/\\\/revolutionpadelstore.com\\\/de\\\/produkt\\\/wilson-blade-pro-padel-v2-2-negro-verde-1\\\/\",\"url\":\"https:\\\/\\\/revolutionpadelstore.com\\\/de\\\/produkt\\\/wilson-blade-pro-padel-v2-2-negro-verde-1\\\/\",\"name\":\"WILSON BLADE PRO PADEL V2 2 NEGRO VERDE - Revolution Padel Store\",\"isPartOf\":{\"@id\":\"https:\\\/\\\/revolutionpadelstore.com\\\/de\\\/#website\"},\"primaryImageOfPage\":{\"@id\":\"https:\\\/\\\/revolutionpadelstore.com\\\/de\\\/produkt\\\/wilson-blade-pro-padel-v2-2-negro-verde-1\\\/#primaryimage\"},\"image\":{\"@id\":\"https:\\\/\\\/revolutionpadelstore.com\\\/de\\\/produkt\\\/wilson-blade-pro-padel-v2-2-negro-verde-1\\\/#primaryimage\"},\"thumbnailUrl\":\"https:\\\/\\\/revolutionpadelstore.com\\\/wp-content\\\/uploads\\\/2024\\\/03\\\/1WILSON_B_PRO_PADEL_V2_2_WR067211U_VISTA1_1200_1200_8b7b.webp\",\"datePublished\":\"2024-03-21T14:41:43+00:00\",\"dateModified\":\"2026-04-08T12:48:46+00:00\",\"description\":\"La pala de p\u00e1del Wilson Blade Pro Padel V2 2 en negro con verde es ideal para los jugadores m\u00e1s exigentes que requieren de un equilibrio entre fuerza y control.\",\"breadcrumb\":{\"@id\":\"https:\\\/\\\/revolutionpadelstore.com\\\/de\\\/produkt\\\/wilson-blade-pro-padel-v2-2-negro-verde-1\\\/#breadcrumb\"},\"inLanguage\":\"de\",\"potentialAction\":[{\"@type\":\"ReadAction\",\"target\":[\"https:\\\/\\\/revolutionpadelstore.com\\\/de\\\/produkt\\\/wilson-blade-pro-padel-v2-2-negro-verde-1\\\/\"]}]},{\"@type\":\"ImageObject\",\"inLanguage\":\"de\",\"@id\":\"https:\\\/\\\/revolutionpadelstore.com\\\/de\\\/produkt\\\/wilson-blade-pro-padel-v2-2-negro-verde-1\\\/#primaryimage\",\"url\":\"https:\\\/\\\/revolutionpadelstore.com\\\/wp-content\\\/uploads\\\/2024\\\/03\\\/1WILSON_B_PRO_PADEL_V2_2_WR067211U_VISTA1_1200_1200_8b7b.webp\",\"contentUrl\":\"https:\\\/\\\/revolutionpadelstore.com\\\/wp-content\\\/uploads\\\/2024\\\/03\\\/1WILSON_B_PRO_PADEL_V2_2_WR067211U_VISTA1_1200_1200_8b7b.webp\",\"width\":1200,\"height\":1200},{\"@type\":\"BreadcrumbList\",\"@id\":\"https:\\\/\\\/revolutionpadelstore.com\\\/de\\\/produkt\\\/wilson-blade-pro-padel-v2-2-negro-verde-1\\\/#breadcrumb\",\"itemListElement\":[{\"@type\":\"ListItem\",\"position\":1,\"name\":\"Portada\",\"item\":\"https:\\\/\\\/revolutionpadelstore.com\\\/de\\\/\"},{\"@type\":\"ListItem\",\"position\":2,\"name\":\"Shop\",\"item\":\"https:\\\/\\\/revolutionpadelstore.com\\\/de\\\/tienda\\\/\"},{\"@type\":\"ListItem\",\"position\":3,\"name\":\"WILSON BLADE PRO PADEL V2 2 NEGRO VERDE\"}]},{\"@type\":\"WebSite\",\"@id\":\"https:\\\/\\\/revolutionpadelstore.com\\\/de\\\/#website\",\"url\":\"https:\\\/\\\/revolutionpadelstore.com\\\/de\\\/\",\"name\":\"Revolution Padel Store\",\"description\":\"\",\"publisher\":{\"@id\":\"https:\\\/\\\/revolutionpadelstore.com\\\/de\\\/#organization\"},\"potentialAction\":[{\"@type\":\"SearchAction\",\"target\":{\"@type\":\"EntryPoint\",\"urlTemplate\":\"https:\\\/\\\/revolutionpadelstore.com\\\/de\\\/?s={search_term_string}\"},\"query-input\":{\"@type\":\"PropertyValueSpecification\",\"valueRequired\":true,\"valueName\":\"search_term_string\"}}],\"inLanguage\":\"de\"},{\"@type\":\"Organization\",\"@id\":\"https:\\\/\\\/revolutionpadelstore.com\\\/de\\\/#organization\",\"name\":\"Revolution Padel Store\",\"url\":\"https:\\\/\\\/revolutionpadelstore.com\\\/de\\\/\",\"logo\":{\"@type\":\"ImageObject\",\"inLanguage\":\"de\",\"@id\":\"https:\\\/\\\/revolutionpadelstore.com\\\/de\\\/#\\\/schema\\\/logo\\\/image\\\/\",\"url\":\"https:\\\/\\\/revolutionpadelstore.com\\\/wp-content\\\/uploads\\\/2026\\\/02\\\/revolution-padel-store.jpg\",\"contentUrl\":\"https:\\\/\\\/revolutionpadelstore.com\\\/wp-content\\\/uploads\\\/2026\\\/02\\\/revolution-padel-store.jpg\",\"width\":2000,\"height\":2000,\"caption\":\"Revolution Padel Store\"},\"image\":{\"@id\":\"https:\\\/\\\/revolutionpadelstore.com\\\/de\\\/#\\\/schema\\\/logo\\\/image\\\/\"},\"sameAs\":[\"https:\\\/\\\/www.instagram.com\\\/revolutionpadelstore\\\/\"]}]}<\/script>\n<!-- \/ Yoast SEO plugin. -->","yoast_head_json":{"title":"WILSON BLADE PRO PADEL V2 2 NEGRO VERDE - Revolution Padel Store","description":"La pala de p\u00e1del Wilson Blade Pro Padel V2 2 en negro con verde es ideal para los jugadores m\u00e1s exigentes que requieren de un equilibrio entre fuerza y control.","robots":{"index":"index","follow":"follow","max-snippet":"max-snippet:-1","max-image-preview":"max-image-preview:large","max-video-preview":"max-video-preview:-1"},"canonical":"https:\/\/revolutionpadelstore.com\/de\/produkt\/wilson-blade-pro-padel-v2-2-negro-verde-1\/","og_locale":"de_DE","og_type":"article","og_title":"WILSON BLADE PRO PADEL V2 2 NEGRO VERDE - Revolution Padel Store","og_description":"La pala de p\u00e1del Wilson Blade Pro Padel V2 2 en negro con verde es ideal para los jugadores m\u00e1s exigentes que requieren de un equilibrio entre fuerza y control.","og_url":"https:\/\/revolutionpadelstore.com\/de\/produkt\/wilson-blade-pro-padel-v2-2-negro-verde-1\/","og_site_name":"Revolution Padel Store","article_modified_time":"2026-04-08T12:48:46+00:00","og_image":[{"width":1200,"height":1200,"url":"https:\/\/revolutionpadelstore.com\/wp-content\/uploads\/2024\/03\/1WILSON_B_PRO_PADEL_V2_2_WR067211U_VISTA1_1200_1200_8b7b.webp","type":"image\/webp"}],"twitter_card":"summary_large_image","twitter_misc":{"Gesch\u00e4tzte Lesezeit":"1\u00a0Minute"},"schema":{"@context":"https:\/\/schema.org","@graph":[{"@type":"WebPage","@id":"https:\/\/revolutionpadelstore.com\/de\/produkt\/wilson-blade-pro-padel-v2-2-negro-verde-1\/","url":"https:\/\/revolutionpadelstore.com\/de\/produkt\/wilson-blade-pro-padel-v2-2-negro-verde-1\/","name":"WILSON BLADE PRO PADEL V2 2 NEGRO VERDE - Revolution Padel Store","isPartOf":{"@id":"https:\/\/revolutionpadelstore.com\/de\/#website"},"primaryImageOfPage":{"@id":"https:\/\/revolutionpadelstore.com\/de\/produkt\/wilson-blade-pro-padel-v2-2-negro-verde-1\/#primaryimage"},"image":{"@id":"https:\/\/revolutionpadelstore.com\/de\/produkt\/wilson-blade-pro-padel-v2-2-negro-verde-1\/#primaryimage"},"thumbnailUrl":"https:\/\/revolutionpadelstore.com\/wp-content\/uploads\/2024\/03\/1WILSON_B_PRO_PADEL_V2_2_WR067211U_VISTA1_1200_1200_8b7b.webp","datePublished":"2024-03-21T14:41:43+00:00","dateModified":"2026-04-08T12:48:46+00:00","description":"La pala de p\u00e1del Wilson Blade Pro Padel V2 2 en negro con verde es ideal para los jugadores m\u00e1s exigentes que requieren de un equilibrio entre fuerza y control.","breadcrumb":{"@id":"https:\/\/revolutionpadelstore.com\/de\/produkt\/wilson-blade-pro-padel-v2-2-negro-verde-1\/#breadcrumb"},"inLanguage":"de","potentialAction":[{"@type":"ReadAction","target":["https:\/\/revolutionpadelstore.com\/de\/produkt\/wilson-blade-pro-padel-v2-2-negro-verde-1\/"]}]},{"@type":"ImageObject","inLanguage":"de","@id":"https:\/\/revolutionpadelstore.com\/de\/produkt\/wilson-blade-pro-padel-v2-2-negro-verde-1\/#primaryimage","url":"https:\/\/revolutionpadelstore.com\/wp-content\/uploads\/2024\/03\/1WILSON_B_PRO_PADEL_V2_2_WR067211U_VISTA1_1200_1200_8b7b.webp","contentUrl":"https:\/\/revolutionpadelstore.com\/wp-content\/uploads\/2024\/03\/1WILSON_B_PRO_PADEL_V2_2_WR067211U_VISTA1_1200_1200_8b7b.webp","width":1200,"height":1200},{"@type":"BreadcrumbList","@id":"https:\/\/revolutionpadelstore.com\/de\/produkt\/wilson-blade-pro-padel-v2-2-negro-verde-1\/#breadcrumb","itemListElement":[{"@type":"ListItem","position":1,"name":"Portada","item":"https:\/\/revolutionpadelstore.com\/de\/"},{"@type":"ListItem","position":2,"name":"Shop","item":"https:\/\/revolutionpadelstore.com\/de\/tienda\/"},{"@type":"ListItem","position":3,"name":"WILSON BLADE PRO PADEL V2 2 NEGRO VERDE"}]},{"@type":"WebSite","@id":"https:\/\/revolutionpadelstore.com\/de\/#website","url":"https:\/\/revolutionpadelstore.com\/de\/","name":"Revolution Padel Store","description":"","publisher":{"@id":"https:\/\/revolutionpadelstore.com\/de\/#organization"},"potentialAction":[{"@type":"SearchAction","target":{"@type":"EntryPoint","urlTemplate":"https:\/\/revolutionpadelstore.com\/de\/?s={search_term_string}"},"query-input":{"@type":"PropertyValueSpecification","valueRequired":true,"valueName":"search_term_string"}}],"inLanguage":"de"},{"@type":"Organization","@id":"https:\/\/revolutionpadelstore.com\/de\/#organization","name":"Revolution Padel Store","url":"https:\/\/revolutionpadelstore.com\/de\/","logo":{"@type":"ImageObject","inLanguage":"de","@id":"https:\/\/revolutionpadelstore.com\/de\/#\/schema\/logo\/image\/","url":"https:\/\/revolutionpadelstore.com\/wp-content\/uploads\/2026\/02\/revolution-padel-store.jpg","contentUrl":"https:\/\/revolutionpadelstore.com\/wp-content\/uploads\/2026\/02\/revolution-padel-store.jpg","width":2000,"height":2000,"caption":"Revolution Padel Store"},"image":{"@id":"https:\/\/revolutionpadelstore.com\/de\/#\/schema\/logo\/image\/"},"sameAs":["https:\/\/www.instagram.com\/revolutionpadelstore\/"]}]}},"_links":{"self":[{"href":"https:\/\/revolutionpadelstore.com\/de\/wp-json\/wp\/v2\/product\/20227","targetHints":{"allow":["GET"]}}],"collection":[{"href":"https:\/\/revolutionpadelstore.com\/de\/wp-json\/wp\/v2\/product"}],"about":[{"href":"https:\/\/revolutionpadelstore.com\/de\/wp-json\/wp\/v2\/types\/product"}],"replies":[{"embeddable":true,"href":"https:\/\/revolutionpadelstore.com\/de\/wp-json\/wp\/v2\/comments?post=20227"}],"wp:featuredmedia":[{"embeddable":true,"href":"https:\/\/revolutionpadelstore.com\/de\/wp-json\/wp\/v2\/media\/51816"}],"wp:attachment":[{"href":"https:\/\/revolutionpadelstore.com\/de\/wp-json\/wp\/v2\/media?parent=20227"}],"wp:term":[{"taxonomy":"acabado","embeddable":true,"href":"https:\/\/revolutionpadelstore.com\/de\/wp-json\/wp\/v2\/acabado?post=20227"},{"taxonomy":"balance","embeddable":true,"href":"https:\/\/revolutionpadelstore.com\/de\/wp-json\/wp\/v2\/balance?post=20227"},{"taxonomy":"dureza","embeddable":true,"href":"https:\/\/revolutionpadelstore.com\/de\/wp-json\/wp\/v2\/dureza?post=20227"},{"taxonomy":"forma","embeddable":true,"href":"https:\/\/revolutionpadelstore.com\/de\/wp-json\/wp\/v2\/forma?post=20227"},{"taxonomy":"jugador","embeddable":true,"href":"https:\/\/revolutionpadelstore.com\/de\/wp-json\/wp\/v2\/jugador?post=20227"},{"taxonomy":"marca","embeddable":true,"href":"https:\/\/revolutionpadelstore.com\/de\/wp-json\/wp\/v2\/marca?post=20227"},{"taxonomy":"nivel-de-juego","embeddable":true,"href":"https:\/\/revolutionpadelstore.com\/de\/wp-json\/wp\/v2\/nivel-de-juego?post=20227"},{"taxonomy":"superficie","embeddable":true,"href":"https:\/\/revolutionpadelstore.com\/de\/wp-json\/wp\/v2\/superficie?post=20227"},{"taxonomy":"tipo-de-juego","embeddable":true,"href":"https:\/\/revolutionpadelstore.com\/de\/wp-json\/wp\/v2\/tipo-de-juego?post=20227"},{"taxonomy":"product_brand","embeddable":true,"href":"https:\/\/revolutionpadelstore.com\/de\/wp-json\/wp\/v2\/product_brand?post=20227"},{"taxonomy":"product_cat","embeddable":true,"href":"https:\/\/revolutionpadelstore.com\/de\/wp-json\/wp\/v2\/product_cat?post=20227"},{"taxonomy":"product_tag","embeddable":true,"href":"https:\/\/revolutionpadelstore.com\/de\/wp-json\/wp\/v2\/product_tag?post=20227"}],"curies":[{"name":"wp","href":"https:\/\/api.w.org\/{rel}","templated":true}]}}