{"id":20182,"date":"2024-03-23T15:29:25","date_gmt":"2024-03-23T14:29:25","guid":{"rendered":"https:\/\/revolutionpadelstore.com\/nox-ml10-pro-cup-3k-luxury-series-2024\/"},"modified":"2026-04-01T11:22:09","modified_gmt":"2026-04-01T09:22:09","slug":"nox-ml10-pro-cup-3k-luxury-series-2024-1","status":"publish","type":"product","link":"https:\/\/revolutionpadelstore.com\/de\/produkt\/nox-ml10-pro-cup-3k-luxury-series-2024-1\/","title":{"rendered":"NOX ML10 PRO CUP 3K LUXURY SERIES 2024"},"content":{"rendered":"<h2>Nox ML10 Pro Cup 3K Luxury Series 2024, entworfen zusammen mit Miguel Lamperti<\/h2>\n<p>Der Schl\u00e4ger <strong>Nox ML10 Pro Cup 3K Luxury Series 2024<\/strong> wurde speziell f\u00fcr die anspruchsvollsten Padelspieler hergestellt, die mit maximaler Kraft und au\u00dfergew\u00f6hnlicher Kontrolle schlagen. Es ist ein solides Modell, sehr zuverl\u00e4ssig und komfortabel in der Handhabung.<\/p>\n<p>Seine runde Form erm\u00f6glicht dem Sportler jederzeit Kontrolle und Sicherheit beim Schlagen und bietet zudem unvergleichlichen Komfort. Das Gewicht liegt zwischen <strong>360 und 375 Gramm<\/strong><\/p>\n<h2>Flats mit rauer Textur f\u00fcr mehr Wirkung<\/h2>\n<p>Der Innenkern besteht aus schwarzem EVA HR3-Gummi, einem hochdichten Schaumstoff, der dank seines gr\u00f6\u00dferen Memory-Effekts f\u00fcr eine au\u00dfergew\u00f6hnliche Ballleistung und enorme Kraft sorgt. Der Rahmen besteht aus Kohlefaser, was f\u00fcr hohe Widerstandsf\u00e4higkeit und Reaktionsf\u00e4higkeit sorgt.<\/p>\n<p>Andererseits wurde die Oberfl\u00e4che dieses Nox-Schl\u00e4gers aus <strong>3K-Carbonfaser<\/strong> hergestellt, einem Stoff, der durch das Verweben von Carbonf\u00e4den zu kleinen Quadraten entsteht. Dar\u00fcber hinaus ist dieses Material f\u00fcr seine hohe Widerstandsf\u00e4higkeit, Leichtigkeit und Steifigkeit bekannt, was f\u00fcr eine gute Kontrolle und Pr\u00e4zision beim Schlagen sorgt. Die Schlagfl\u00e4chen haben eine raue Oberfl\u00e4che, was spinreiche Schl\u00e4ge erm\u00f6glicht.<\/p>\n<h3>Angenehmer Treffer<\/h3>\n<p>Was die Technologien betrifft, k\u00f6nnen wir auch den EOS Flap erw\u00e4hnen, der aus Perforationen an den Seiten besteht, die das Gewicht gleichm\u00e4\u00dfig verteilen, sodass Sie t\u00f6dliche Schl\u00e4ge ausf\u00fchren k\u00f6nnen.<\/p>\n<p>Es verf\u00fcgt au\u00dferdem \u00fcber die <em><strong>Pulse System<\/strong><\/em>-Technologie, die dank der Einf\u00fcgung von seitlichem Gummi, das vom Rahmen bis zur Kappe der Klinge verl\u00e4uft, Vibrationen reduziert und eine&#8230; komfortableres Spiel.<\/p>\n<p>Ebenso beinhaltet es den <strong><em>Smarstrap<\/em><\/strong>, eine Technologie, die einen einfachen, agilen und komfortablen Wechsel der Griffschnur erm\u00f6glicht. Sowie die <strong>Dynamic Composite Structure<\/strong>, die die M\u00f6glichkeit von Rissen an der Au\u00dfenseite der Klinge minimiert.<\/p>\n<h2>Nox ML10 Pro Cup 3K Luxury Series 2024, dise\u00f1ada junto a Miguel Lamperti<\/h2>\n","protected":false},"excerpt":{"rendered":"<p>Entdecken Sie die Kraft und Pr\u00e4zision des Nox ML10 Pro Cup 3K mit fortschrittlicher Technologie, 3K-Carbon-Flugzeugen und EVA HR3-Kern. Verbessere dein Spiel!<\/p>\n","protected":false},"featured_media":51697,"comment_status":"open","ping_status":"closed","template":"","meta":{"_acf_changed":false,"_joinchat":[]},"acabado":[1094],"balance":[1139],"dureza":[1154],"forma":[1179],"jugador":[1189,1199],"marca":[1259],"nivel-de-juego":[1334],"superficie":[1359],"tipo-de-juego":[1369],"product_brand":[],"product_cat":[299],"product_tag":[],"class_list":{"0":"post-20182","1":"product","2":"type-product","3":"status-publish","4":"has-post-thumbnail","6":"acabado-arenoso-de","7":"balance-mittel","8":"dureza-media-de","9":"forma-rund","10":"jugador-mann","11":"jugador-mehrzweck","12":"marca-nox-de","13":"superficie-rugosa-de","14":"tipo-de-juego-kontrolle","15":"product_cat-palas-de-padel-de","17":"first","18":"onbackorder","19":"sale","20":"taxable","21":"shipping-taxable","22":"purchasable","23":"product-type-simple"},"acf":[],"yoast_head":"<!-- This site is optimized with the Yoast SEO plugin v27.3 - https:\/\/yoast.com\/product\/yoast-seo-wordpress\/ -->\n<title>NOX ML10 PRO CUP 3K LUXURY SERIES 2024 - Revolution Padel Store<\/title>\n<meta name=\"description\" content=\"Descubre el poder y la precisi\u00f3n que brinda la Nox ML10 Pro Cup 3K, con avanzada tecnolog\u00eda, planos de carbono 3K y n\u00facleo EVA HR3. \u00a1Mejora tu juego!\" \/>\n<meta name=\"robots\" content=\"index, follow, max-snippet:-1, max-image-preview:large, max-video-preview:-1\" \/>\n<link rel=\"canonical\" href=\"https:\/\/revolutionpadelstore.com\/de\/produkt\/nox-ml10-pro-cup-3k-luxury-series-2024-1\/\" \/>\n<meta property=\"og:locale\" content=\"de_DE\" \/>\n<meta property=\"og:type\" content=\"article\" \/>\n<meta property=\"og:title\" content=\"NOX ML10 PRO CUP 3K LUXURY SERIES 2024 - Revolution Padel Store\" \/>\n<meta property=\"og:description\" content=\"Descubre el poder y la precisi\u00f3n que brinda la Nox ML10 Pro Cup 3K, con avanzada tecnolog\u00eda, planos de carbono 3K y n\u00facleo EVA HR3. \u00a1Mejora tu juego!\" \/>\n<meta property=\"og:url\" content=\"https:\/\/revolutionpadelstore.com\/de\/produkt\/nox-ml10-pro-cup-3k-luxury-series-2024-1\/\" \/>\n<meta property=\"og:site_name\" content=\"Revolution Padel Store\" \/>\n<meta property=\"article:modified_time\" content=\"2026-04-01T09:22:09+00:00\" \/>\n<meta property=\"og:image\" content=\"https:\/\/revolutionpadelstore.com\/wp-content\/uploads\/2024\/03\/imagen_1_110810_797e1063_ce32.webp\" \/>\n\t<meta property=\"og:image:width\" content=\"1500\" \/>\n\t<meta property=\"og:image:height\" content=\"1500\" \/>\n\t<meta property=\"og:image:type\" content=\"image\/webp\" \/>\n<meta name=\"twitter:card\" content=\"summary_large_image\" \/>\n<meta name=\"twitter:label1\" content=\"Gesch\u00e4tzte Lesezeit\" \/>\n\t<meta name=\"twitter:data1\" content=\"2\u00a0Minuten\" \/>\n<script type=\"application\/ld+json\" class=\"yoast-schema-graph\">{\"@context\":\"https:\\\/\\\/schema.org\",\"@graph\":[{\"@type\":\"WebPage\",\"@id\":\"https:\\\/\\\/revolutionpadelstore.com\\\/de\\\/produkt\\\/nox-ml10-pro-cup-3k-luxury-series-2024-1\\\/\",\"url\":\"https:\\\/\\\/revolutionpadelstore.com\\\/de\\\/produkt\\\/nox-ml10-pro-cup-3k-luxury-series-2024-1\\\/\",\"name\":\"NOX ML10 PRO CUP 3K LUXURY SERIES 2024 - Revolution Padel Store\",\"isPartOf\":{\"@id\":\"https:\\\/\\\/revolutionpadelstore.com\\\/de\\\/#website\"},\"primaryImageOfPage\":{\"@id\":\"https:\\\/\\\/revolutionpadelstore.com\\\/de\\\/produkt\\\/nox-ml10-pro-cup-3k-luxury-series-2024-1\\\/#primaryimage\"},\"image\":{\"@id\":\"https:\\\/\\\/revolutionpadelstore.com\\\/de\\\/produkt\\\/nox-ml10-pro-cup-3k-luxury-series-2024-1\\\/#primaryimage\"},\"thumbnailUrl\":\"https:\\\/\\\/revolutionpadelstore.com\\\/wp-content\\\/uploads\\\/2024\\\/03\\\/imagen_1_110810_797e1063_ce32.webp\",\"datePublished\":\"2024-03-23T14:29:25+00:00\",\"dateModified\":\"2026-04-01T09:22:09+00:00\",\"description\":\"Descubre el poder y la precisi\u00f3n que brinda la Nox ML10 Pro Cup 3K, con avanzada tecnolog\u00eda, planos de carbono 3K y n\u00facleo EVA HR3. \u00a1Mejora tu juego!\",\"breadcrumb\":{\"@id\":\"https:\\\/\\\/revolutionpadelstore.com\\\/de\\\/produkt\\\/nox-ml10-pro-cup-3k-luxury-series-2024-1\\\/#breadcrumb\"},\"inLanguage\":\"de\",\"potentialAction\":[{\"@type\":\"ReadAction\",\"target\":[\"https:\\\/\\\/revolutionpadelstore.com\\\/de\\\/produkt\\\/nox-ml10-pro-cup-3k-luxury-series-2024-1\\\/\"]}]},{\"@type\":\"ImageObject\",\"inLanguage\":\"de\",\"@id\":\"https:\\\/\\\/revolutionpadelstore.com\\\/de\\\/produkt\\\/nox-ml10-pro-cup-3k-luxury-series-2024-1\\\/#primaryimage\",\"url\":\"https:\\\/\\\/revolutionpadelstore.com\\\/wp-content\\\/uploads\\\/2024\\\/03\\\/imagen_1_110810_797e1063_ce32.webp\",\"contentUrl\":\"https:\\\/\\\/revolutionpadelstore.com\\\/wp-content\\\/uploads\\\/2024\\\/03\\\/imagen_1_110810_797e1063_ce32.webp\",\"width\":1500,\"height\":1500},{\"@type\":\"BreadcrumbList\",\"@id\":\"https:\\\/\\\/revolutionpadelstore.com\\\/de\\\/produkt\\\/nox-ml10-pro-cup-3k-luxury-series-2024-1\\\/#breadcrumb\",\"itemListElement\":[{\"@type\":\"ListItem\",\"position\":1,\"name\":\"Portada\",\"item\":\"https:\\\/\\\/revolutionpadelstore.com\\\/de\\\/\"},{\"@type\":\"ListItem\",\"position\":2,\"name\":\"Shop\",\"item\":\"https:\\\/\\\/revolutionpadelstore.com\\\/de\\\/tienda\\\/\"},{\"@type\":\"ListItem\",\"position\":3,\"name\":\"NOX ML10 PRO CUP 3K LUXURY SERIES 2024\"}]},{\"@type\":\"WebSite\",\"@id\":\"https:\\\/\\\/revolutionpadelstore.com\\\/de\\\/#website\",\"url\":\"https:\\\/\\\/revolutionpadelstore.com\\\/de\\\/\",\"name\":\"Revolution Padel Store\",\"description\":\"\",\"publisher\":{\"@id\":\"https:\\\/\\\/revolutionpadelstore.com\\\/de\\\/#organization\"},\"potentialAction\":[{\"@type\":\"SearchAction\",\"target\":{\"@type\":\"EntryPoint\",\"urlTemplate\":\"https:\\\/\\\/revolutionpadelstore.com\\\/de\\\/?s={search_term_string}\"},\"query-input\":{\"@type\":\"PropertyValueSpecification\",\"valueRequired\":true,\"valueName\":\"search_term_string\"}}],\"inLanguage\":\"de\"},{\"@type\":\"Organization\",\"@id\":\"https:\\\/\\\/revolutionpadelstore.com\\\/de\\\/#organization\",\"name\":\"Revolution Padel Store\",\"url\":\"https:\\\/\\\/revolutionpadelstore.com\\\/de\\\/\",\"logo\":{\"@type\":\"ImageObject\",\"inLanguage\":\"de\",\"@id\":\"https:\\\/\\\/revolutionpadelstore.com\\\/de\\\/#\\\/schema\\\/logo\\\/image\\\/\",\"url\":\"https:\\\/\\\/revolutionpadelstore.com\\\/wp-content\\\/uploads\\\/2026\\\/02\\\/revolution-padel-store.jpg\",\"contentUrl\":\"https:\\\/\\\/revolutionpadelstore.com\\\/wp-content\\\/uploads\\\/2026\\\/02\\\/revolution-padel-store.jpg\",\"width\":2000,\"height\":2000,\"caption\":\"Revolution Padel Store\"},\"image\":{\"@id\":\"https:\\\/\\\/revolutionpadelstore.com\\\/de\\\/#\\\/schema\\\/logo\\\/image\\\/\"},\"sameAs\":[\"https:\\\/\\\/www.instagram.com\\\/revolutionpadelstore\\\/\"]}]}<\/script>\n<!-- \/ Yoast SEO plugin. -->","yoast_head_json":{"title":"NOX ML10 PRO CUP 3K LUXURY SERIES 2024 - Revolution Padel Store","description":"Descubre el poder y la precisi\u00f3n que brinda la Nox ML10 Pro Cup 3K, con avanzada tecnolog\u00eda, planos de carbono 3K y n\u00facleo EVA HR3. \u00a1Mejora tu juego!","robots":{"index":"index","follow":"follow","max-snippet":"max-snippet:-1","max-image-preview":"max-image-preview:large","max-video-preview":"max-video-preview:-1"},"canonical":"https:\/\/revolutionpadelstore.com\/de\/produkt\/nox-ml10-pro-cup-3k-luxury-series-2024-1\/","og_locale":"de_DE","og_type":"article","og_title":"NOX ML10 PRO CUP 3K LUXURY SERIES 2024 - Revolution Padel Store","og_description":"Descubre el poder y la precisi\u00f3n que brinda la Nox ML10 Pro Cup 3K, con avanzada tecnolog\u00eda, planos de carbono 3K y n\u00facleo EVA HR3. \u00a1Mejora tu juego!","og_url":"https:\/\/revolutionpadelstore.com\/de\/produkt\/nox-ml10-pro-cup-3k-luxury-series-2024-1\/","og_site_name":"Revolution Padel Store","article_modified_time":"2026-04-01T09:22:09+00:00","og_image":[{"width":1500,"height":1500,"url":"https:\/\/revolutionpadelstore.com\/wp-content\/uploads\/2024\/03\/imagen_1_110810_797e1063_ce32.webp","type":"image\/webp"}],"twitter_card":"summary_large_image","twitter_misc":{"Gesch\u00e4tzte Lesezeit":"2\u00a0Minuten"},"schema":{"@context":"https:\/\/schema.org","@graph":[{"@type":"WebPage","@id":"https:\/\/revolutionpadelstore.com\/de\/produkt\/nox-ml10-pro-cup-3k-luxury-series-2024-1\/","url":"https:\/\/revolutionpadelstore.com\/de\/produkt\/nox-ml10-pro-cup-3k-luxury-series-2024-1\/","name":"NOX ML10 PRO CUP 3K LUXURY SERIES 2024 - Revolution Padel Store","isPartOf":{"@id":"https:\/\/revolutionpadelstore.com\/de\/#website"},"primaryImageOfPage":{"@id":"https:\/\/revolutionpadelstore.com\/de\/produkt\/nox-ml10-pro-cup-3k-luxury-series-2024-1\/#primaryimage"},"image":{"@id":"https:\/\/revolutionpadelstore.com\/de\/produkt\/nox-ml10-pro-cup-3k-luxury-series-2024-1\/#primaryimage"},"thumbnailUrl":"https:\/\/revolutionpadelstore.com\/wp-content\/uploads\/2024\/03\/imagen_1_110810_797e1063_ce32.webp","datePublished":"2024-03-23T14:29:25+00:00","dateModified":"2026-04-01T09:22:09+00:00","description":"Descubre el poder y la precisi\u00f3n que brinda la Nox ML10 Pro Cup 3K, con avanzada tecnolog\u00eda, planos de carbono 3K y n\u00facleo EVA HR3. \u00a1Mejora tu juego!","breadcrumb":{"@id":"https:\/\/revolutionpadelstore.com\/de\/produkt\/nox-ml10-pro-cup-3k-luxury-series-2024-1\/#breadcrumb"},"inLanguage":"de","potentialAction":[{"@type":"ReadAction","target":["https:\/\/revolutionpadelstore.com\/de\/produkt\/nox-ml10-pro-cup-3k-luxury-series-2024-1\/"]}]},{"@type":"ImageObject","inLanguage":"de","@id":"https:\/\/revolutionpadelstore.com\/de\/produkt\/nox-ml10-pro-cup-3k-luxury-series-2024-1\/#primaryimage","url":"https:\/\/revolutionpadelstore.com\/wp-content\/uploads\/2024\/03\/imagen_1_110810_797e1063_ce32.webp","contentUrl":"https:\/\/revolutionpadelstore.com\/wp-content\/uploads\/2024\/03\/imagen_1_110810_797e1063_ce32.webp","width":1500,"height":1500},{"@type":"BreadcrumbList","@id":"https:\/\/revolutionpadelstore.com\/de\/produkt\/nox-ml10-pro-cup-3k-luxury-series-2024-1\/#breadcrumb","itemListElement":[{"@type":"ListItem","position":1,"name":"Portada","item":"https:\/\/revolutionpadelstore.com\/de\/"},{"@type":"ListItem","position":2,"name":"Shop","item":"https:\/\/revolutionpadelstore.com\/de\/tienda\/"},{"@type":"ListItem","position":3,"name":"NOX ML10 PRO CUP 3K LUXURY SERIES 2024"}]},{"@type":"WebSite","@id":"https:\/\/revolutionpadelstore.com\/de\/#website","url":"https:\/\/revolutionpadelstore.com\/de\/","name":"Revolution Padel Store","description":"","publisher":{"@id":"https:\/\/revolutionpadelstore.com\/de\/#organization"},"potentialAction":[{"@type":"SearchAction","target":{"@type":"EntryPoint","urlTemplate":"https:\/\/revolutionpadelstore.com\/de\/?s={search_term_string}"},"query-input":{"@type":"PropertyValueSpecification","valueRequired":true,"valueName":"search_term_string"}}],"inLanguage":"de"},{"@type":"Organization","@id":"https:\/\/revolutionpadelstore.com\/de\/#organization","name":"Revolution Padel Store","url":"https:\/\/revolutionpadelstore.com\/de\/","logo":{"@type":"ImageObject","inLanguage":"de","@id":"https:\/\/revolutionpadelstore.com\/de\/#\/schema\/logo\/image\/","url":"https:\/\/revolutionpadelstore.com\/wp-content\/uploads\/2026\/02\/revolution-padel-store.jpg","contentUrl":"https:\/\/revolutionpadelstore.com\/wp-content\/uploads\/2026\/02\/revolution-padel-store.jpg","width":2000,"height":2000,"caption":"Revolution Padel Store"},"image":{"@id":"https:\/\/revolutionpadelstore.com\/de\/#\/schema\/logo\/image\/"},"sameAs":["https:\/\/www.instagram.com\/revolutionpadelstore\/"]}]}},"_links":{"self":[{"href":"https:\/\/revolutionpadelstore.com\/de\/wp-json\/wp\/v2\/product\/20182","targetHints":{"allow":["GET"]}}],"collection":[{"href":"https:\/\/revolutionpadelstore.com\/de\/wp-json\/wp\/v2\/product"}],"about":[{"href":"https:\/\/revolutionpadelstore.com\/de\/wp-json\/wp\/v2\/types\/product"}],"replies":[{"embeddable":true,"href":"https:\/\/revolutionpadelstore.com\/de\/wp-json\/wp\/v2\/comments?post=20182"}],"wp:featuredmedia":[{"embeddable":true,"href":"https:\/\/revolutionpadelstore.com\/de\/wp-json\/wp\/v2\/media\/51697"}],"wp:attachment":[{"href":"https:\/\/revolutionpadelstore.com\/de\/wp-json\/wp\/v2\/media?parent=20182"}],"wp:term":[{"taxonomy":"acabado","embeddable":true,"href":"https:\/\/revolutionpadelstore.com\/de\/wp-json\/wp\/v2\/acabado?post=20182"},{"taxonomy":"balance","embeddable":true,"href":"https:\/\/revolutionpadelstore.com\/de\/wp-json\/wp\/v2\/balance?post=20182"},{"taxonomy":"dureza","embeddable":true,"href":"https:\/\/revolutionpadelstore.com\/de\/wp-json\/wp\/v2\/dureza?post=20182"},{"taxonomy":"forma","embeddable":true,"href":"https:\/\/revolutionpadelstore.com\/de\/wp-json\/wp\/v2\/forma?post=20182"},{"taxonomy":"jugador","embeddable":true,"href":"https:\/\/revolutionpadelstore.com\/de\/wp-json\/wp\/v2\/jugador?post=20182"},{"taxonomy":"marca","embeddable":true,"href":"https:\/\/revolutionpadelstore.com\/de\/wp-json\/wp\/v2\/marca?post=20182"},{"taxonomy":"nivel-de-juego","embeddable":true,"href":"https:\/\/revolutionpadelstore.com\/de\/wp-json\/wp\/v2\/nivel-de-juego?post=20182"},{"taxonomy":"superficie","embeddable":true,"href":"https:\/\/revolutionpadelstore.com\/de\/wp-json\/wp\/v2\/superficie?post=20182"},{"taxonomy":"tipo-de-juego","embeddable":true,"href":"https:\/\/revolutionpadelstore.com\/de\/wp-json\/wp\/v2\/tipo-de-juego?post=20182"},{"taxonomy":"product_brand","embeddable":true,"href":"https:\/\/revolutionpadelstore.com\/de\/wp-json\/wp\/v2\/product_brand?post=20182"},{"taxonomy":"product_cat","embeddable":true,"href":"https:\/\/revolutionpadelstore.com\/de\/wp-json\/wp\/v2\/product_cat?post=20182"},{"taxonomy":"product_tag","embeddable":true,"href":"https:\/\/revolutionpadelstore.com\/de\/wp-json\/wp\/v2\/product_tag?post=20182"}],"curies":[{"name":"wp","href":"https:\/\/api.w.org\/{rel}","templated":true}]}}