{"id":20142,"date":"2024-03-23T16:04:22","date_gmt":"2024-03-23T15:04:22","guid":{"rendered":"https:\/\/revolutionpadelstore.com\/siux-fenix-go-4\/"},"modified":"2026-04-08T14:46:16","modified_gmt":"2026-04-08T12:46:16","slug":"siux-fenix-go-4-6","status":"publish","type":"product","link":"https:\/\/revolutionpadelstore.com\/de\/produkt\/siux-fenix-go-4-6\/","title":{"rendered":"SIUX FENIX GO 4"},"content":{"rendered":"<h2>Siux Fenix \u200b\u200b\u200b\u200bIV Go, bl\u00e4st voller Kraft<\/h2>\n<p>Der Siux Fenix \u200b\u200b\u200b\u200bIV Go richtet sich an Padel-Spieler mittleren Niveaus und ist ein Hybridschl\u00e4ger mit hoher Balance und einem harten Schlaggef\u00fchl, der bei aggressiven Spielz\u00fcgen am Netz \u00fcberragende Power bietet.<\/p>\n<p>Aufgrund seiner Form, seiner Hybridform und seiner hohen Balance ist er ein idealer Schl\u00e4ger f\u00fcr aggressivere Spieler, die gerne kraftvolle und schnelle Volleys ausf\u00fchren. Dar\u00fcber hinaus ist es dank seines Gewichts von <strong>355 bis 375 Gramm<\/strong> aufgrund seiner Leichtigkeit und guten Man\u00f6vrierf\u00e4higkeit einfach zu handhaben.<\/p>\n<h2>Ideal f\u00fcr aggressive Spieler<\/h2>\n<p>Wenn wir uns auf seine Zusammensetzung konzentrieren, k\u00f6nnen wir das 3K-Carbon seiner Fl\u00e4chen hervorheben, da es sich um eine schmalere, widerstandsf\u00e4higere und glattere Faser handelt, die kraftvolle Schl\u00e4ge erm\u00f6glicht, ideal f\u00fcr Treffer im Netz. Die Gesichter haben eine glatte, gl\u00e4nzende Oberfl\u00e4che.<\/p>\n<p>Andererseits wurde der Rohrrahmen aus einer Kombination von <strong>50 % 3K-Carbon und 50 % <em>Fiberglas<\/em><\/strong> hergestellt, was ihn zu einem starken, langlebigen Schl\u00e4ger macht, der beim richtigen Schlagen ein unglaubliches Gef\u00fchl vermittelt durch seine Leichtigkeit, Qualit\u00e4t und hohe Leistung.<\/p>\n<p>Der Kern besteht wiederum aus <strong>EVA-Hartgummi<\/strong>, einem hochharten Schaumstoff, der beim Schlagen mehr Schlagkraft und eine gute Kontrolle bietet. Au\u00dferdem sorgt es f\u00fcr mehr Stabilit\u00e4t und Festigkeit beim Schlagen des Balls und hat eine gro\u00dfe F\u00e4higkeit, Vibrationen zu absorbieren.<\/p>\n<h3>Festigkeit und Stabilit\u00e4t<\/h3>\n<p>Um die Leistung des Siux Fenix \u200b\u200b\u200b\u200bIV Go zu verbessern, wurden au\u00dferdem die Antivibratoren <strong><em>Dampeners Shockout<\/em><\/strong> integriert, eine Technologie, die das allgemeine Empfinden verbessert sorgt f\u00fcr zus\u00e4tzlichen Komfort, indem es die nach dem Aufprall des Balls entstehenden Vibrationen optimal absorbiert.<\/p>\n<p>Auf \u00e4sthetischer Ebene ist das Design mit Kupferdetails hervorzuheben, das den schwarzen Kohlenstoff auf den Ebenen perfekt mit einer grafischen Textur auf der anderen H\u00e4lfte der Klingenfl\u00e4che kombiniert.<\/p>\n<h2>Siux Fenix IV Go, golpes llenos de potencia<\/h2>\n","protected":false},"excerpt":{"rendered":"<p>Der Siux Fenix \u200b\u200b\u200b\u200bIV Go-Schl\u00e4ger f\u00fcr Padelspieler mittleren Niveaus bietet Power am Netz. 3K-Carbon auf den Fl\u00e4chen und harter EVA-Gummikern. Enth\u00e4lt Shockout-D\u00e4mpfer zur Reduzierung von Vibrationen.<\/p>\n","protected":false},"featured_media":265865,"comment_status":"open","ping_status":"closed","template":"","meta":{"_acf_changed":false,"_joinchat":[]},"acabado":[1079],"balance":[1139],"dureza":[1154],"forma":[1174],"jugador":[1189,1199],"marca":[1304],"nivel-de-juego":[1349],"superficie":[1354],"tipo-de-juego":[1374],"product_brand":[],"product_cat":[299],"product_tag":[],"class_list":{"0":"post-20142","1":"product","2":"type-product","3":"status-publish","4":"has-post-thumbnail","6":"acabado-helligkeit","7":"balance-mittel","8":"dureza-media-de","9":"forma-hybrid","10":"jugador-mann","11":"jugador-mehrzweck","12":"marca-siux-de","13":"superficie-lisa-de","14":"tipo-de-juego-leistung","15":"product_cat-palas-de-padel-de","17":"first","18":"instock","19":"sale","20":"taxable","21":"shipping-taxable","22":"purchasable","23":"product-type-simple"},"acf":[],"yoast_head":"<!-- This site is optimized with the Yoast SEO plugin v27.4 - https:\/\/yoast.com\/product\/yoast-seo-wordpress\/ -->\n<title>SIUX FENIX GO 4 - Revolution Padel Store<\/title>\n<meta name=\"description\" content=\"La pala Siux Fenix IV Go, para jugadores de p\u00e1del de nivel intermedio, ofrece potencia en la red. Carbono 3K en los planos y n\u00facleo de goma EVA Hard. Incluye Dampeners Shockout para reducir vibraciones.\" \/>\n<meta name=\"robots\" content=\"index, follow, max-snippet:-1, max-image-preview:large, max-video-preview:-1\" \/>\n<link rel=\"canonical\" href=\"https:\/\/revolutionpadelstore.com\/de\/produkt\/siux-fenix-go-4-6\/\" \/>\n<meta property=\"og:locale\" content=\"de_DE\" \/>\n<meta property=\"og:type\" content=\"article\" \/>\n<meta property=\"og:title\" content=\"SIUX FENIX GO 4 - Revolution Padel Store\" \/>\n<meta property=\"og:description\" content=\"La pala Siux Fenix IV Go, para jugadores de p\u00e1del de nivel intermedio, ofrece potencia en la red. Carbono 3K en los planos y n\u00facleo de goma EVA Hard. Incluye Dampeners Shockout para reducir vibraciones.\" \/>\n<meta property=\"og:url\" content=\"https:\/\/revolutionpadelstore.com\/de\/produkt\/siux-fenix-go-4-6\/\" \/>\n<meta property=\"og:site_name\" content=\"Revolution Padel Store\" \/>\n<meta property=\"article:modified_time\" content=\"2026-04-08T12:46:16+00:00\" \/>\n<meta property=\"og:image\" content=\"https:\/\/revolutionpadelstore.com\/wp-content\/uploads\/2024\/03\/109478_siux_fenix_go_4_1500x1500_vista1_8c3e.webp\" \/>\n\t<meta property=\"og:image:width\" content=\"1500\" \/>\n\t<meta property=\"og:image:height\" content=\"1500\" \/>\n\t<meta property=\"og:image:type\" content=\"image\/webp\" \/>\n<meta name=\"twitter:card\" content=\"summary_large_image\" \/>\n<meta name=\"twitter:label1\" content=\"Gesch\u00e4tzte Lesezeit\" \/>\n\t<meta name=\"twitter:data1\" content=\"2\u00a0Minuten\" \/>\n<script type=\"application\/ld+json\" class=\"yoast-schema-graph\">{\"@context\":\"https:\\\/\\\/schema.org\",\"@graph\":[{\"@type\":\"WebPage\",\"@id\":\"https:\\\/\\\/revolutionpadelstore.com\\\/de\\\/produkt\\\/siux-fenix-go-4-6\\\/\",\"url\":\"https:\\\/\\\/revolutionpadelstore.com\\\/de\\\/produkt\\\/siux-fenix-go-4-6\\\/\",\"name\":\"SIUX FENIX GO 4 - Revolution Padel Store\",\"isPartOf\":{\"@id\":\"https:\\\/\\\/revolutionpadelstore.com\\\/de\\\/#website\"},\"primaryImageOfPage\":{\"@id\":\"https:\\\/\\\/revolutionpadelstore.com\\\/de\\\/produkt\\\/siux-fenix-go-4-6\\\/#primaryimage\"},\"image\":{\"@id\":\"https:\\\/\\\/revolutionpadelstore.com\\\/de\\\/produkt\\\/siux-fenix-go-4-6\\\/#primaryimage\"},\"thumbnailUrl\":\"https:\\\/\\\/revolutionpadelstore.com\\\/wp-content\\\/uploads\\\/2024\\\/03\\\/109478_siux_fenix_go_4_1500x1500_vista1_8c3e.webp\",\"datePublished\":\"2024-03-23T15:04:22+00:00\",\"dateModified\":\"2026-04-08T12:46:16+00:00\",\"description\":\"La pala Siux Fenix IV Go, para jugadores de p\u00e1del de nivel intermedio, ofrece potencia en la red. Carbono 3K en los planos y n\u00facleo de goma EVA Hard. Incluye Dampeners Shockout para reducir vibraciones.\",\"breadcrumb\":{\"@id\":\"https:\\\/\\\/revolutionpadelstore.com\\\/de\\\/produkt\\\/siux-fenix-go-4-6\\\/#breadcrumb\"},\"inLanguage\":\"de\",\"potentialAction\":[{\"@type\":\"ReadAction\",\"target\":[\"https:\\\/\\\/revolutionpadelstore.com\\\/de\\\/produkt\\\/siux-fenix-go-4-6\\\/\"]}]},{\"@type\":\"ImageObject\",\"inLanguage\":\"de\",\"@id\":\"https:\\\/\\\/revolutionpadelstore.com\\\/de\\\/produkt\\\/siux-fenix-go-4-6\\\/#primaryimage\",\"url\":\"https:\\\/\\\/revolutionpadelstore.com\\\/wp-content\\\/uploads\\\/2024\\\/03\\\/109478_siux_fenix_go_4_1500x1500_vista1_8c3e.webp\",\"contentUrl\":\"https:\\\/\\\/revolutionpadelstore.com\\\/wp-content\\\/uploads\\\/2024\\\/03\\\/109478_siux_fenix_go_4_1500x1500_vista1_8c3e.webp\",\"width\":1500,\"height\":1500},{\"@type\":\"BreadcrumbList\",\"@id\":\"https:\\\/\\\/revolutionpadelstore.com\\\/de\\\/produkt\\\/siux-fenix-go-4-6\\\/#breadcrumb\",\"itemListElement\":[{\"@type\":\"ListItem\",\"position\":1,\"name\":\"Portada\",\"item\":\"https:\\\/\\\/revolutionpadelstore.com\\\/de\\\/\"},{\"@type\":\"ListItem\",\"position\":2,\"name\":\"Shop\",\"item\":\"https:\\\/\\\/revolutionpadelstore.com\\\/de\\\/tienda\\\/\"},{\"@type\":\"ListItem\",\"position\":3,\"name\":\"SIUX FENIX GO 4\"}]},{\"@type\":\"WebSite\",\"@id\":\"https:\\\/\\\/revolutionpadelstore.com\\\/de\\\/#website\",\"url\":\"https:\\\/\\\/revolutionpadelstore.com\\\/de\\\/\",\"name\":\"Revolution Padel Store\",\"description\":\"\",\"publisher\":{\"@id\":\"https:\\\/\\\/revolutionpadelstore.com\\\/de\\\/#organization\"},\"potentialAction\":[{\"@type\":\"SearchAction\",\"target\":{\"@type\":\"EntryPoint\",\"urlTemplate\":\"https:\\\/\\\/revolutionpadelstore.com\\\/de\\\/?s={search_term_string}\"},\"query-input\":{\"@type\":\"PropertyValueSpecification\",\"valueRequired\":true,\"valueName\":\"search_term_string\"}}],\"inLanguage\":\"de\"},{\"@type\":\"Organization\",\"@id\":\"https:\\\/\\\/revolutionpadelstore.com\\\/de\\\/#organization\",\"name\":\"Revolution Padel Store\",\"url\":\"https:\\\/\\\/revolutionpadelstore.com\\\/de\\\/\",\"logo\":{\"@type\":\"ImageObject\",\"inLanguage\":\"de\",\"@id\":\"https:\\\/\\\/revolutionpadelstore.com\\\/de\\\/#\\\/schema\\\/logo\\\/image\\\/\",\"url\":\"https:\\\/\\\/revolutionpadelstore.com\\\/wp-content\\\/uploads\\\/2026\\\/02\\\/revolution-padel-store.jpg\",\"contentUrl\":\"https:\\\/\\\/revolutionpadelstore.com\\\/wp-content\\\/uploads\\\/2026\\\/02\\\/revolution-padel-store.jpg\",\"width\":2000,\"height\":2000,\"caption\":\"Revolution Padel Store\"},\"image\":{\"@id\":\"https:\\\/\\\/revolutionpadelstore.com\\\/de\\\/#\\\/schema\\\/logo\\\/image\\\/\"},\"sameAs\":[\"https:\\\/\\\/www.instagram.com\\\/revolutionpadelstore\\\/\"]}]}<\/script>\n<!-- \/ Yoast SEO plugin. -->","yoast_head_json":{"title":"SIUX FENIX GO 4 - Revolution Padel Store","description":"La pala Siux Fenix IV Go, para jugadores de p\u00e1del de nivel intermedio, ofrece potencia en la red. Carbono 3K en los planos y n\u00facleo de goma EVA Hard. Incluye Dampeners Shockout para reducir vibraciones.","robots":{"index":"index","follow":"follow","max-snippet":"max-snippet:-1","max-image-preview":"max-image-preview:large","max-video-preview":"max-video-preview:-1"},"canonical":"https:\/\/revolutionpadelstore.com\/de\/produkt\/siux-fenix-go-4-6\/","og_locale":"de_DE","og_type":"article","og_title":"SIUX FENIX GO 4 - Revolution Padel Store","og_description":"La pala Siux Fenix IV Go, para jugadores de p\u00e1del de nivel intermedio, ofrece potencia en la red. Carbono 3K en los planos y n\u00facleo de goma EVA Hard. Incluye Dampeners Shockout para reducir vibraciones.","og_url":"https:\/\/revolutionpadelstore.com\/de\/produkt\/siux-fenix-go-4-6\/","og_site_name":"Revolution Padel Store","article_modified_time":"2026-04-08T12:46:16+00:00","og_image":[{"width":1500,"height":1500,"url":"https:\/\/revolutionpadelstore.com\/wp-content\/uploads\/2024\/03\/109478_siux_fenix_go_4_1500x1500_vista1_8c3e.webp","type":"image\/webp"}],"twitter_card":"summary_large_image","twitter_misc":{"Gesch\u00e4tzte Lesezeit":"2\u00a0Minuten"},"schema":{"@context":"https:\/\/schema.org","@graph":[{"@type":"WebPage","@id":"https:\/\/revolutionpadelstore.com\/de\/produkt\/siux-fenix-go-4-6\/","url":"https:\/\/revolutionpadelstore.com\/de\/produkt\/siux-fenix-go-4-6\/","name":"SIUX FENIX GO 4 - Revolution Padel Store","isPartOf":{"@id":"https:\/\/revolutionpadelstore.com\/de\/#website"},"primaryImageOfPage":{"@id":"https:\/\/revolutionpadelstore.com\/de\/produkt\/siux-fenix-go-4-6\/#primaryimage"},"image":{"@id":"https:\/\/revolutionpadelstore.com\/de\/produkt\/siux-fenix-go-4-6\/#primaryimage"},"thumbnailUrl":"https:\/\/revolutionpadelstore.com\/wp-content\/uploads\/2024\/03\/109478_siux_fenix_go_4_1500x1500_vista1_8c3e.webp","datePublished":"2024-03-23T15:04:22+00:00","dateModified":"2026-04-08T12:46:16+00:00","description":"La pala Siux Fenix IV Go, para jugadores de p\u00e1del de nivel intermedio, ofrece potencia en la red. Carbono 3K en los planos y n\u00facleo de goma EVA Hard. Incluye Dampeners Shockout para reducir vibraciones.","breadcrumb":{"@id":"https:\/\/revolutionpadelstore.com\/de\/produkt\/siux-fenix-go-4-6\/#breadcrumb"},"inLanguage":"de","potentialAction":[{"@type":"ReadAction","target":["https:\/\/revolutionpadelstore.com\/de\/produkt\/siux-fenix-go-4-6\/"]}]},{"@type":"ImageObject","inLanguage":"de","@id":"https:\/\/revolutionpadelstore.com\/de\/produkt\/siux-fenix-go-4-6\/#primaryimage","url":"https:\/\/revolutionpadelstore.com\/wp-content\/uploads\/2024\/03\/109478_siux_fenix_go_4_1500x1500_vista1_8c3e.webp","contentUrl":"https:\/\/revolutionpadelstore.com\/wp-content\/uploads\/2024\/03\/109478_siux_fenix_go_4_1500x1500_vista1_8c3e.webp","width":1500,"height":1500},{"@type":"BreadcrumbList","@id":"https:\/\/revolutionpadelstore.com\/de\/produkt\/siux-fenix-go-4-6\/#breadcrumb","itemListElement":[{"@type":"ListItem","position":1,"name":"Portada","item":"https:\/\/revolutionpadelstore.com\/de\/"},{"@type":"ListItem","position":2,"name":"Shop","item":"https:\/\/revolutionpadelstore.com\/de\/tienda\/"},{"@type":"ListItem","position":3,"name":"SIUX FENIX GO 4"}]},{"@type":"WebSite","@id":"https:\/\/revolutionpadelstore.com\/de\/#website","url":"https:\/\/revolutionpadelstore.com\/de\/","name":"Revolution Padel Store","description":"","publisher":{"@id":"https:\/\/revolutionpadelstore.com\/de\/#organization"},"potentialAction":[{"@type":"SearchAction","target":{"@type":"EntryPoint","urlTemplate":"https:\/\/revolutionpadelstore.com\/de\/?s={search_term_string}"},"query-input":{"@type":"PropertyValueSpecification","valueRequired":true,"valueName":"search_term_string"}}],"inLanguage":"de"},{"@type":"Organization","@id":"https:\/\/revolutionpadelstore.com\/de\/#organization","name":"Revolution Padel Store","url":"https:\/\/revolutionpadelstore.com\/de\/","logo":{"@type":"ImageObject","inLanguage":"de","@id":"https:\/\/revolutionpadelstore.com\/de\/#\/schema\/logo\/image\/","url":"https:\/\/revolutionpadelstore.com\/wp-content\/uploads\/2026\/02\/revolution-padel-store.jpg","contentUrl":"https:\/\/revolutionpadelstore.com\/wp-content\/uploads\/2026\/02\/revolution-padel-store.jpg","width":2000,"height":2000,"caption":"Revolution Padel Store"},"image":{"@id":"https:\/\/revolutionpadelstore.com\/de\/#\/schema\/logo\/image\/"},"sameAs":["https:\/\/www.instagram.com\/revolutionpadelstore\/"]}]}},"_links":{"self":[{"href":"https:\/\/revolutionpadelstore.com\/de\/wp-json\/wp\/v2\/product\/20142","targetHints":{"allow":["GET"]}}],"collection":[{"href":"https:\/\/revolutionpadelstore.com\/de\/wp-json\/wp\/v2\/product"}],"about":[{"href":"https:\/\/revolutionpadelstore.com\/de\/wp-json\/wp\/v2\/types\/product"}],"replies":[{"embeddable":true,"href":"https:\/\/revolutionpadelstore.com\/de\/wp-json\/wp\/v2\/comments?post=20142"}],"wp:featuredmedia":[{"embeddable":true,"href":"https:\/\/revolutionpadelstore.com\/de\/wp-json\/wp\/v2\/media\/265865"}],"wp:attachment":[{"href":"https:\/\/revolutionpadelstore.com\/de\/wp-json\/wp\/v2\/media?parent=20142"}],"wp:term":[{"taxonomy":"acabado","embeddable":true,"href":"https:\/\/revolutionpadelstore.com\/de\/wp-json\/wp\/v2\/acabado?post=20142"},{"taxonomy":"balance","embeddable":true,"href":"https:\/\/revolutionpadelstore.com\/de\/wp-json\/wp\/v2\/balance?post=20142"},{"taxonomy":"dureza","embeddable":true,"href":"https:\/\/revolutionpadelstore.com\/de\/wp-json\/wp\/v2\/dureza?post=20142"},{"taxonomy":"forma","embeddable":true,"href":"https:\/\/revolutionpadelstore.com\/de\/wp-json\/wp\/v2\/forma?post=20142"},{"taxonomy":"jugador","embeddable":true,"href":"https:\/\/revolutionpadelstore.com\/de\/wp-json\/wp\/v2\/jugador?post=20142"},{"taxonomy":"marca","embeddable":true,"href":"https:\/\/revolutionpadelstore.com\/de\/wp-json\/wp\/v2\/marca?post=20142"},{"taxonomy":"nivel-de-juego","embeddable":true,"href":"https:\/\/revolutionpadelstore.com\/de\/wp-json\/wp\/v2\/nivel-de-juego?post=20142"},{"taxonomy":"superficie","embeddable":true,"href":"https:\/\/revolutionpadelstore.com\/de\/wp-json\/wp\/v2\/superficie?post=20142"},{"taxonomy":"tipo-de-juego","embeddable":true,"href":"https:\/\/revolutionpadelstore.com\/de\/wp-json\/wp\/v2\/tipo-de-juego?post=20142"},{"taxonomy":"product_brand","embeddable":true,"href":"https:\/\/revolutionpadelstore.com\/de\/wp-json\/wp\/v2\/product_brand?post=20142"},{"taxonomy":"product_cat","embeddable":true,"href":"https:\/\/revolutionpadelstore.com\/de\/wp-json\/wp\/v2\/product_cat?post=20142"},{"taxonomy":"product_tag","embeddable":true,"href":"https:\/\/revolutionpadelstore.com\/de\/wp-json\/wp\/v2\/product_tag?post=20142"}],"curies":[{"name":"wp","href":"https:\/\/api.w.org\/{rel}","templated":true}]}}