{"id":20122,"date":"2024-03-23T16:14:51","date_gmt":"2024-03-23T15:14:51","guid":{"rendered":"https:\/\/revolutionpadelstore.com\/siux-trilogy-3-control-racket\/"},"modified":"2026-04-08T14:45:39","modified_gmt":"2026-04-08T12:45:39","slug":"siux-trilogy-3-control-racket-1","status":"publish","type":"product","link":"https:\/\/revolutionpadelstore.com\/de\/produkt\/siux-trilogy-3-control-racket-1\/","title":{"rendered":"SIUX TRILOGY 3 CONTROL RACKET"},"content":{"rendered":"<h2>Siux Triology 3 Control, der perfekte Schl\u00e4ger f\u00fcr fortgeschrittene Spieler mit Kontrolltechnik<\/h2>\n<p><strong>Siux Triology 3 Control<\/strong>l ist ein Padelschl\u00e4ger mit runder K\u00f6rperform. Entwickelt f\u00fcr fortgeschrittene oder professionelle Spieler mit kontrollierter Technik. Sein Gewicht und seine Balance sind perfekt, um beim Spielen die Kontrolle \u00fcber den Schl\u00e4ger zu behalten und den Ball zu schlagen.<\/p>\n<p>Dieser Schl\u00e4ger besteht aus 24K-Carbon-Schlagfl\u00e4chen und einem weichen EVA-Gummikern und bietet eine flexible und weiche Haptik f\u00fcr ein angenehmes Schlaggef\u00fchl. Dieses Modell stammt aus der<em><strong>Master Series<\/strong><\/em>Kollektion von Siux.<\/p>\n<h2>Paddelschl\u00e4ger mit weichen Materialien f\u00fcr das beste Gef\u00fchl<\/h2>\n<p>Dieser Schl\u00e4ger hat eine starke und widerstandsf\u00e4hige Struktur, da er aus einem Rohr besteht, das zu 100 % aus Carbon besteht. Die Schlagfl\u00e4chen des Schl\u00e4gers bestehen aus Kohlefasergewebe, 24K TexTreme Carbon. Dieses Siux-Material ist das flexibelste und weichste, das sie f\u00fcr die Herstellung der Schlagfl\u00e4chen ihrer Klingen haben.<\/p>\n<p>Im Inneren des Schl\u00e4gerk\u00f6rpers befindet sich ein Kern aus <strong>EVA-Gummi<\/strong><em>Soft<\/em>. Dieser EVA-Gummi hat eine geringe Dichte. Dadurch k\u00f6nnen Sie St\u00f6\u00dfe absorbieren und den Ball besser kontrollieren. Dieser Schl\u00e4ger ist aufgrund seiner Form und der verwendeten Materialien ein Schl\u00e4ger ausschlie\u00dflich f\u00fcr Spieler mit vollst\u00e4ndig kontrollierter Technik.<\/p>\n<h3>Paddel mit gepr\u00e4gtem Schaumstoffgriff f\u00fcr einen ergonomischeren Griff<\/h3>\n<p>Sein Pentacore und die verst\u00e4rkte Br\u00fccke reduzieren Vibrationen bei Schl\u00e4gen. Entwickelt, um w\u00e4hrend des Spiels weniger Verdrehungen zu erleiden. Entworfen und entwickelt, um Ihnen das beste Gef\u00fchl auf dem Platz zu vermitteln und Ihr Bestes als Padelspieler mit kontrollierter Technik herauszuholen.<\/p>\n<p>Mit der ShockOut-Technologie, die au\u00dferdem Vibrationen reduziert und eine Gruppe rauen Schaumstoffs in den Griff einbaut, um einen besseren Halt am Schl\u00e4ger zu gew\u00e4hrleisten.<\/p>\n<p>Dieser Schl\u00e4ger hat ein 3D-Matt-Finish. Mit dieser rauen Oberfl\u00e4che werden die Empfindungen und die Kontrolle \u00fcber die Schusseffekte verbessert. Eine Schaufel mit einem Gewicht zwischen 355-375 Gramm. Mit einem Design, das Schwarz, Grau und Rot kombiniert.<\/p>\n<h2>Siux Triology 3 Control, la pala perfecta para jugadores avanzados con t\u00e9cnica de control<\/h2>\n","protected":false},"excerpt":{"rendered":"<p>Siux Trilogy 3 Control, f\u00fcr fortgeschrittene Spieler oder Profis mit Kontrolltechnik. Mit runder Form und Schlagfl\u00e4chen aus 24K TexTreme Carbon und weichem EVA-Gummi.<\/p>\n","protected":false},"featured_media":51434,"comment_status":"open","ping_status":"closed","template":"","meta":{"_acf_changed":false,"_joinchat":[]},"acabado":[1084],"balance":[1139],"dureza":[1154],"forma":[1179],"jugador":[1189,1199],"marca":[1304],"nivel-de-juego":[1334],"superficie":[1354],"tipo-de-juego":[1369],"product_brand":[],"product_cat":[299],"product_tag":[],"class_list":{"0":"post-20122","1":"product","2":"type-product","3":"status-publish","4":"has-post-thumbnail","6":"acabado-kumpel","7":"balance-mittel","8":"dureza-media-de","9":"forma-rund","10":"jugador-mann","11":"jugador-mehrzweck","12":"marca-siux-de","13":"superficie-lisa-de","14":"tipo-de-juego-kontrolle","15":"product_cat-palas-de-padel-de","17":"first","18":"instock","19":"sale","20":"taxable","21":"shipping-taxable","22":"purchasable","23":"product-type-simple"},"acf":[],"yoast_head":"<!-- This site is optimized with the Yoast SEO plugin v27.5 - https:\/\/yoast.com\/product\/yoast-seo-wordpress\/ -->\n<title>SIUX TRILOGY 3 CONTROL RACKET - Revolution Padel Store<\/title>\n<meta name=\"description\" content=\"Siux Trilogy 3 Control, para jugadores avanzados o profesionales con t\u00e9cnica de control. Con forma redonda y caras hechas con carbono 24K TexTreme y goma EVA Soft.\" \/>\n<meta name=\"robots\" content=\"index, follow, max-snippet:-1, max-image-preview:large, max-video-preview:-1\" \/>\n<link rel=\"canonical\" href=\"https:\/\/revolutionpadelstore.com\/de\/produkt\/siux-trilogy-3-control-racket-1\/\" \/>\n<meta property=\"og:locale\" content=\"de_DE\" \/>\n<meta property=\"og:type\" content=\"article\" \/>\n<meta property=\"og:title\" content=\"SIUX TRILOGY 3 CONTROL RACKET - Revolution Padel Store\" \/>\n<meta property=\"og:description\" content=\"Siux Trilogy 3 Control, para jugadores avanzados o profesionales con t\u00e9cnica de control. Con forma redonda y caras hechas con carbono 24K TexTreme y goma EVA Soft.\" \/>\n<meta property=\"og:url\" content=\"https:\/\/revolutionpadelstore.com\/de\/produkt\/siux-trilogy-3-control-racket-1\/\" \/>\n<meta property=\"og:site_name\" content=\"Revolution Padel Store\" \/>\n<meta property=\"article:modified_time\" content=\"2026-04-08T12:45:39+00:00\" \/>\n<meta property=\"og:image\" content=\"https:\/\/revolutionpadelstore.com\/wp-content\/uploads\/2024\/03\/28756_siux_trilogy_3_control_1500x1500_vista1_0d02.webp\" \/>\n\t<meta property=\"og:image:width\" content=\"1500\" \/>\n\t<meta property=\"og:image:height\" content=\"1500\" \/>\n\t<meta property=\"og:image:type\" content=\"image\/webp\" \/>\n<meta name=\"twitter:card\" content=\"summary_large_image\" \/>\n<meta name=\"twitter:label1\" content=\"Gesch\u00e4tzte Lesezeit\" \/>\n\t<meta name=\"twitter:data1\" content=\"2\u00a0Minuten\" \/>\n<script type=\"application\/ld+json\" class=\"yoast-schema-graph\">{\"@context\":\"https:\\\/\\\/schema.org\",\"@graph\":[{\"@type\":\"WebPage\",\"@id\":\"https:\\\/\\\/revolutionpadelstore.com\\\/de\\\/produkt\\\/siux-trilogy-3-control-racket-1\\\/\",\"url\":\"https:\\\/\\\/revolutionpadelstore.com\\\/de\\\/produkt\\\/siux-trilogy-3-control-racket-1\\\/\",\"name\":\"SIUX TRILOGY 3 CONTROL RACKET - Revolution Padel Store\",\"isPartOf\":{\"@id\":\"https:\\\/\\\/revolutionpadelstore.com\\\/de\\\/#website\"},\"primaryImageOfPage\":{\"@id\":\"https:\\\/\\\/revolutionpadelstore.com\\\/de\\\/produkt\\\/siux-trilogy-3-control-racket-1\\\/#primaryimage\"},\"image\":{\"@id\":\"https:\\\/\\\/revolutionpadelstore.com\\\/de\\\/produkt\\\/siux-trilogy-3-control-racket-1\\\/#primaryimage\"},\"thumbnailUrl\":\"https:\\\/\\\/revolutionpadelstore.com\\\/wp-content\\\/uploads\\\/2024\\\/03\\\/28756_siux_trilogy_3_control_1500x1500_vista1_0d02.webp\",\"datePublished\":\"2024-03-23T15:14:51+00:00\",\"dateModified\":\"2026-04-08T12:45:39+00:00\",\"description\":\"Siux Trilogy 3 Control, para jugadores avanzados o profesionales con t\u00e9cnica de control. Con forma redonda y caras hechas con carbono 24K TexTreme y goma EVA Soft.\",\"breadcrumb\":{\"@id\":\"https:\\\/\\\/revolutionpadelstore.com\\\/de\\\/produkt\\\/siux-trilogy-3-control-racket-1\\\/#breadcrumb\"},\"inLanguage\":\"de\",\"potentialAction\":[{\"@type\":\"ReadAction\",\"target\":[\"https:\\\/\\\/revolutionpadelstore.com\\\/de\\\/produkt\\\/siux-trilogy-3-control-racket-1\\\/\"]}]},{\"@type\":\"ImageObject\",\"inLanguage\":\"de\",\"@id\":\"https:\\\/\\\/revolutionpadelstore.com\\\/de\\\/produkt\\\/siux-trilogy-3-control-racket-1\\\/#primaryimage\",\"url\":\"https:\\\/\\\/revolutionpadelstore.com\\\/wp-content\\\/uploads\\\/2024\\\/03\\\/28756_siux_trilogy_3_control_1500x1500_vista1_0d02.webp\",\"contentUrl\":\"https:\\\/\\\/revolutionpadelstore.com\\\/wp-content\\\/uploads\\\/2024\\\/03\\\/28756_siux_trilogy_3_control_1500x1500_vista1_0d02.webp\",\"width\":1500,\"height\":1500},{\"@type\":\"BreadcrumbList\",\"@id\":\"https:\\\/\\\/revolutionpadelstore.com\\\/de\\\/produkt\\\/siux-trilogy-3-control-racket-1\\\/#breadcrumb\",\"itemListElement\":[{\"@type\":\"ListItem\",\"position\":1,\"name\":\"Portada\",\"item\":\"https:\\\/\\\/revolutionpadelstore.com\\\/de\\\/\"},{\"@type\":\"ListItem\",\"position\":2,\"name\":\"Shop\",\"item\":\"https:\\\/\\\/revolutionpadelstore.com\\\/de\\\/tienda\\\/\"},{\"@type\":\"ListItem\",\"position\":3,\"name\":\"SIUX TRILOGY 3 CONTROL RACKET\"}]},{\"@type\":\"WebSite\",\"@id\":\"https:\\\/\\\/revolutionpadelstore.com\\\/de\\\/#website\",\"url\":\"https:\\\/\\\/revolutionpadelstore.com\\\/de\\\/\",\"name\":\"Revolution Padel Store\",\"description\":\"\",\"publisher\":{\"@id\":\"https:\\\/\\\/revolutionpadelstore.com\\\/de\\\/#organization\"},\"potentialAction\":[{\"@type\":\"SearchAction\",\"target\":{\"@type\":\"EntryPoint\",\"urlTemplate\":\"https:\\\/\\\/revolutionpadelstore.com\\\/de\\\/?s={search_term_string}\"},\"query-input\":{\"@type\":\"PropertyValueSpecification\",\"valueRequired\":true,\"valueName\":\"search_term_string\"}}],\"inLanguage\":\"de\"},{\"@type\":\"Organization\",\"@id\":\"https:\\\/\\\/revolutionpadelstore.com\\\/de\\\/#organization\",\"name\":\"Revolution Padel Store\",\"url\":\"https:\\\/\\\/revolutionpadelstore.com\\\/de\\\/\",\"logo\":{\"@type\":\"ImageObject\",\"inLanguage\":\"de\",\"@id\":\"https:\\\/\\\/revolutionpadelstore.com\\\/de\\\/#\\\/schema\\\/logo\\\/image\\\/\",\"url\":\"https:\\\/\\\/revolutionpadelstore.com\\\/wp-content\\\/uploads\\\/2026\\\/02\\\/revolution-padel-store.jpg\",\"contentUrl\":\"https:\\\/\\\/revolutionpadelstore.com\\\/wp-content\\\/uploads\\\/2026\\\/02\\\/revolution-padel-store.jpg\",\"width\":2000,\"height\":2000,\"caption\":\"Revolution Padel Store\"},\"image\":{\"@id\":\"https:\\\/\\\/revolutionpadelstore.com\\\/de\\\/#\\\/schema\\\/logo\\\/image\\\/\"},\"sameAs\":[\"https:\\\/\\\/www.instagram.com\\\/revolutionpadelstore\\\/\"]}]}<\/script>\n<!-- \/ Yoast SEO plugin. -->","yoast_head_json":{"title":"SIUX TRILOGY 3 CONTROL RACKET - Revolution Padel Store","description":"Siux Trilogy 3 Control, para jugadores avanzados o profesionales con t\u00e9cnica de control. Con forma redonda y caras hechas con carbono 24K TexTreme y goma EVA Soft.","robots":{"index":"index","follow":"follow","max-snippet":"max-snippet:-1","max-image-preview":"max-image-preview:large","max-video-preview":"max-video-preview:-1"},"canonical":"https:\/\/revolutionpadelstore.com\/de\/produkt\/siux-trilogy-3-control-racket-1\/","og_locale":"de_DE","og_type":"article","og_title":"SIUX TRILOGY 3 CONTROL RACKET - Revolution Padel Store","og_description":"Siux Trilogy 3 Control, para jugadores avanzados o profesionales con t\u00e9cnica de control. Con forma redonda y caras hechas con carbono 24K TexTreme y goma EVA Soft.","og_url":"https:\/\/revolutionpadelstore.com\/de\/produkt\/siux-trilogy-3-control-racket-1\/","og_site_name":"Revolution Padel Store","article_modified_time":"2026-04-08T12:45:39+00:00","og_image":[{"width":1500,"height":1500,"url":"https:\/\/revolutionpadelstore.com\/wp-content\/uploads\/2024\/03\/28756_siux_trilogy_3_control_1500x1500_vista1_0d02.webp","type":"image\/webp"}],"twitter_card":"summary_large_image","twitter_misc":{"Gesch\u00e4tzte Lesezeit":"2\u00a0Minuten"},"schema":{"@context":"https:\/\/schema.org","@graph":[{"@type":"WebPage","@id":"https:\/\/revolutionpadelstore.com\/de\/produkt\/siux-trilogy-3-control-racket-1\/","url":"https:\/\/revolutionpadelstore.com\/de\/produkt\/siux-trilogy-3-control-racket-1\/","name":"SIUX TRILOGY 3 CONTROL RACKET - Revolution Padel Store","isPartOf":{"@id":"https:\/\/revolutionpadelstore.com\/de\/#website"},"primaryImageOfPage":{"@id":"https:\/\/revolutionpadelstore.com\/de\/produkt\/siux-trilogy-3-control-racket-1\/#primaryimage"},"image":{"@id":"https:\/\/revolutionpadelstore.com\/de\/produkt\/siux-trilogy-3-control-racket-1\/#primaryimage"},"thumbnailUrl":"https:\/\/revolutionpadelstore.com\/wp-content\/uploads\/2024\/03\/28756_siux_trilogy_3_control_1500x1500_vista1_0d02.webp","datePublished":"2024-03-23T15:14:51+00:00","dateModified":"2026-04-08T12:45:39+00:00","description":"Siux Trilogy 3 Control, para jugadores avanzados o profesionales con t\u00e9cnica de control. Con forma redonda y caras hechas con carbono 24K TexTreme y goma EVA Soft.","breadcrumb":{"@id":"https:\/\/revolutionpadelstore.com\/de\/produkt\/siux-trilogy-3-control-racket-1\/#breadcrumb"},"inLanguage":"de","potentialAction":[{"@type":"ReadAction","target":["https:\/\/revolutionpadelstore.com\/de\/produkt\/siux-trilogy-3-control-racket-1\/"]}]},{"@type":"ImageObject","inLanguage":"de","@id":"https:\/\/revolutionpadelstore.com\/de\/produkt\/siux-trilogy-3-control-racket-1\/#primaryimage","url":"https:\/\/revolutionpadelstore.com\/wp-content\/uploads\/2024\/03\/28756_siux_trilogy_3_control_1500x1500_vista1_0d02.webp","contentUrl":"https:\/\/revolutionpadelstore.com\/wp-content\/uploads\/2024\/03\/28756_siux_trilogy_3_control_1500x1500_vista1_0d02.webp","width":1500,"height":1500},{"@type":"BreadcrumbList","@id":"https:\/\/revolutionpadelstore.com\/de\/produkt\/siux-trilogy-3-control-racket-1\/#breadcrumb","itemListElement":[{"@type":"ListItem","position":1,"name":"Portada","item":"https:\/\/revolutionpadelstore.com\/de\/"},{"@type":"ListItem","position":2,"name":"Shop","item":"https:\/\/revolutionpadelstore.com\/de\/tienda\/"},{"@type":"ListItem","position":3,"name":"SIUX TRILOGY 3 CONTROL RACKET"}]},{"@type":"WebSite","@id":"https:\/\/revolutionpadelstore.com\/de\/#website","url":"https:\/\/revolutionpadelstore.com\/de\/","name":"Revolution Padel Store","description":"","publisher":{"@id":"https:\/\/revolutionpadelstore.com\/de\/#organization"},"potentialAction":[{"@type":"SearchAction","target":{"@type":"EntryPoint","urlTemplate":"https:\/\/revolutionpadelstore.com\/de\/?s={search_term_string}"},"query-input":{"@type":"PropertyValueSpecification","valueRequired":true,"valueName":"search_term_string"}}],"inLanguage":"de"},{"@type":"Organization","@id":"https:\/\/revolutionpadelstore.com\/de\/#organization","name":"Revolution Padel Store","url":"https:\/\/revolutionpadelstore.com\/de\/","logo":{"@type":"ImageObject","inLanguage":"de","@id":"https:\/\/revolutionpadelstore.com\/de\/#\/schema\/logo\/image\/","url":"https:\/\/revolutionpadelstore.com\/wp-content\/uploads\/2026\/02\/revolution-padel-store.jpg","contentUrl":"https:\/\/revolutionpadelstore.com\/wp-content\/uploads\/2026\/02\/revolution-padel-store.jpg","width":2000,"height":2000,"caption":"Revolution Padel Store"},"image":{"@id":"https:\/\/revolutionpadelstore.com\/de\/#\/schema\/logo\/image\/"},"sameAs":["https:\/\/www.instagram.com\/revolutionpadelstore\/"]}]}},"_links":{"self":[{"href":"https:\/\/revolutionpadelstore.com\/de\/wp-json\/wp\/v2\/product\/20122","targetHints":{"allow":["GET"]}}],"collection":[{"href":"https:\/\/revolutionpadelstore.com\/de\/wp-json\/wp\/v2\/product"}],"about":[{"href":"https:\/\/revolutionpadelstore.com\/de\/wp-json\/wp\/v2\/types\/product"}],"replies":[{"embeddable":true,"href":"https:\/\/revolutionpadelstore.com\/de\/wp-json\/wp\/v2\/comments?post=20122"}],"wp:featuredmedia":[{"embeddable":true,"href":"https:\/\/revolutionpadelstore.com\/de\/wp-json\/wp\/v2\/media\/51434"}],"wp:attachment":[{"href":"https:\/\/revolutionpadelstore.com\/de\/wp-json\/wp\/v2\/media?parent=20122"}],"wp:term":[{"taxonomy":"acabado","embeddable":true,"href":"https:\/\/revolutionpadelstore.com\/de\/wp-json\/wp\/v2\/acabado?post=20122"},{"taxonomy":"balance","embeddable":true,"href":"https:\/\/revolutionpadelstore.com\/de\/wp-json\/wp\/v2\/balance?post=20122"},{"taxonomy":"dureza","embeddable":true,"href":"https:\/\/revolutionpadelstore.com\/de\/wp-json\/wp\/v2\/dureza?post=20122"},{"taxonomy":"forma","embeddable":true,"href":"https:\/\/revolutionpadelstore.com\/de\/wp-json\/wp\/v2\/forma?post=20122"},{"taxonomy":"jugador","embeddable":true,"href":"https:\/\/revolutionpadelstore.com\/de\/wp-json\/wp\/v2\/jugador?post=20122"},{"taxonomy":"marca","embeddable":true,"href":"https:\/\/revolutionpadelstore.com\/de\/wp-json\/wp\/v2\/marca?post=20122"},{"taxonomy":"nivel-de-juego","embeddable":true,"href":"https:\/\/revolutionpadelstore.com\/de\/wp-json\/wp\/v2\/nivel-de-juego?post=20122"},{"taxonomy":"superficie","embeddable":true,"href":"https:\/\/revolutionpadelstore.com\/de\/wp-json\/wp\/v2\/superficie?post=20122"},{"taxonomy":"tipo-de-juego","embeddable":true,"href":"https:\/\/revolutionpadelstore.com\/de\/wp-json\/wp\/v2\/tipo-de-juego?post=20122"},{"taxonomy":"product_brand","embeddable":true,"href":"https:\/\/revolutionpadelstore.com\/de\/wp-json\/wp\/v2\/product_brand?post=20122"},{"taxonomy":"product_cat","embeddable":true,"href":"https:\/\/revolutionpadelstore.com\/de\/wp-json\/wp\/v2\/product_cat?post=20122"},{"taxonomy":"product_tag","embeddable":true,"href":"https:\/\/revolutionpadelstore.com\/de\/wp-json\/wp\/v2\/product_tag?post=20122"}],"curies":[{"name":"wp","href":"https:\/\/api.w.org\/{rel}","templated":true}]}}