{"id":20007,"date":"2024-03-23T17:03:45","date_gmt":"2024-03-23T16:03:45","guid":{"rendered":"https:\/\/revolutionpadelstore.com\/nox-ml10-pro-cup-coorp-23\/"},"modified":"2026-04-01T11:19:36","modified_gmt":"2026-04-01T09:19:36","slug":"nox-ml10-pro-cup-coorp-23-1","status":"publish","type":"product","link":"https:\/\/revolutionpadelstore.com\/de\/produkt\/nox-ml10-pro-cup-coorp-23-1\/","title":{"rendered":"NOX ML10 PRO CUP COORP 23"},"content":{"rendered":"<p><strong>NOX ML10 PRO CUP COORP 23, EIN KONTROLLSCHL\u00c4GER<\/strong><\/p>\n<div id=\"\">Wenn Sie es einmal ausprobiert haben, m\u00f6chten Sie es nicht mehr aus der Hand legen! Holen Sie sich die neue Nox ML10 Pro Cup Corp 2023 Edition, einen komfortablen, soliden und leistungsstarken Schl\u00e4ger f\u00fcr Spieler, die vollst\u00e4ndige Ballkontrolle suchen, ohne dabei die Kraft zu vergessen.<\/div>\n<div id=\"\">Es ist einer der meistverkauften Schl\u00e4ger der Geschichte und das erste Modell, das vom Padel-Star Miguel Lamperti entwickelt wurde. Es ist einfach ein Klassiker.<\/div>\n<div id=\"\">Spielertyp<\/div>\n<div id=\"\">Es ist der perfekte Schl\u00e4ger f\u00fcr den intensiven Spieler auf mittlerem bis fortgeschrittenem Niveau, der einen kontrollierten, komfortablen und leistungsstarken Schl\u00e4ger sucht, der sich ideal f\u00fcr Pr\u00e4zision und kraftvolle und schnelle Ballausschl\u00e4ge eignet.<\/div>\n<div id=\"\">Technische Eigenschaften<\/div>\n<div id=\"\">In einer runden Form gebaut, handelt es sich um einen Schl\u00e4ger aus 100 % Carbon-Carbon-Rahmen, der mit den Ebenen aus Fiberglas 3K Silver kombiniert wird, einem Material, das ineinander greift, um Flexibilit\u00e4t, Haltbarkeit und zu erreichen Steifigkeit.<\/div>\n<div id=\"\">Der HR3 Core-Gummikern ist f\u00fcr die Bereitstellung zus\u00e4tzlicher Kraft nach dem Schlag verantwortlich.<\/div>\n<div id=\"\">Enth\u00e4lt das neue austauschbare Sicherheitsschnursystem Smartstraps, das die Sicherheit und den Halt des Schl\u00e4gers w\u00e4hrend des Spiels verbessert.<\/div>\n<div id=\"\">Design und Farben<\/div>\n<div id=\"\">Es handelt sich um einen klassischen, modernen Schl\u00e4ger mit einer eleganten und sportlichen \u00c4sthetik, die mit der wei\u00dfen Struktur und dem rot umwickelten Rahmen sowie den Ebenen mit goldenen Details und den Buchstaben Nox kombiniert wird in Schwarz<\/div>\n<p>Wenn Sie es einmal ausprobiert haben, m\u00f6chten Sie es nicht mehr aus der Hand legen! Holen Sie sich die Neuauflage des Nox ML10 Pro Cup Corp 2023, einen komfortablen, soliden und leistungsstarken Schl\u00e4ger f\u00fcr Spieler, die die vollst\u00e4ndige Ballkontrolle suchen, ohne dabei die Kraft zu vergessen.<\/strong><\/p>\n<p>Es ist einer der meistverkauften Schl\u00e4ger der Geschichte und das erste Modell, das vom Padel-Star Miguel Lamperti entwickelt wurde. Es ist einfach ein Klassiker.<\/p>\n<h3>Spielertyp<\/h3>\n<p>Es ist der perfekte Schl\u00e4ger f\u00fcr den <strong>intensiven Spieler mittlerer bis fortgeschrittener Klasse<\/strong>, der einen kontrollierten, komfortablen und leistungsstarken Schl\u00e4ger sucht, der sich ideal f\u00fcr Pr\u00e4zision und kraftvolle und schnelle Ballw\u00fcrfe eignet.<\/p>\n<h3>Technische Eigenschaften<\/h3>\n<p>Gebaut in einer <strong>runden Form<\/strong>, handelt es sich um einen Verbundschl\u00e4ger mit einem <strong>100 % Carbon-Carbonrahmen<\/strong>, der mit den 3K-Silberfaserglasplatten<\/strong> kombiniert wird, a Material, das ineinander greift, um <strong>Flexibilit\u00e4t, Haltbarkeit und Steifigkeit<\/strong> zu erreichen<\/p>\n<p>Der HR3 Core-Gummikern sorgt f\u00fcr zus\u00e4tzliche Kraft nach dem Schlag.<\/p>\n<p>Es enth\u00e4lt das neue austauschbare Sicherheitsschnursystem Smartstraps, das die Sicherheit und den Halt des Schl\u00e4gers w\u00e4hrend des Spiels verbessert.<\/p>\n<h3>Design und Farben<\/h3>\n<p>Es handelt sich um einen klassischen, modernen Schl\u00e4ger mit einer eleganten und sportlichen \u00c4sthetik, die mit der wei\u00dfen Struktur und dem rot umwickelten Rahmen sowie den Fl\u00e4chen mit goldenen Details und den Buchstaben Nox in Schwarz kombiniert wird.<strong>NOX ML10 PRO CUP COORP 23, UNA PALA DE CONTROL<\/strong><\/p>\n","protected":false},"excerpt":{"rendered":"<div class=\"Produktattribut\u00fcbersicht\">\n<div class=\"value\">\n<p>Dieser neue Padelschl\u00e4ger besteht aus hochwertigen Materialien und ist perfekt f\u00fcr Ihre Mehrzweckspiele.<\/p>\n<\/div>\n<\/div>\n<div class=\"product-add-form\">\n<div class=\"field qty\"><\/div>\n<\/div>\n","protected":false},"featured_media":51169,"comment_status":"open","ping_status":"closed","template":"","meta":{"_acf_changed":false,"_joinchat":[]},"acabado":[1079],"balance":[1139],"dureza":[1154],"forma":[1179],"jugador":[1189,1199],"marca":[1259],"nivel-de-juego":[1334],"superficie":[1354],"tipo-de-juego":[1384],"product_brand":[],"product_cat":[299],"product_tag":[],"class_list":{"0":"post-20007","1":"product","2":"type-product","3":"status-publish","4":"has-post-thumbnail","6":"acabado-helligkeit","7":"balance-mittel","8":"dureza-media-de","9":"forma-rund","10":"jugador-mann","11":"jugador-mehrzweck","12":"marca-nox-de","13":"superficie-lisa-de","14":"tipo-de-juego-mehrzweck","15":"product_cat-palas-de-padel-de","17":"first","18":"onbackorder","19":"sale","20":"taxable","21":"shipping-taxable","22":"purchasable","23":"product-type-simple"},"acf":[],"yoast_head":"<!-- This site is optimized with the Yoast SEO plugin v27.3 - https:\/\/yoast.com\/product\/yoast-seo-wordpress\/ -->\n<title>NOX ML10 PRO CUP COORP 23 - Revolution Padel Store<\/title>\n<meta name=\"description\" content=\"Dise\u00f1ada con materiales de calidad, esta nueva pala de p\u00e1del es perfecta para tus juegos polivalentes.\" \/>\n<meta name=\"robots\" content=\"index, follow, max-snippet:-1, max-image-preview:large, max-video-preview:-1\" \/>\n<link rel=\"canonical\" href=\"https:\/\/revolutionpadelstore.com\/de\/produkt\/nox-ml10-pro-cup-coorp-23-1\/\" \/>\n<meta property=\"og:locale\" content=\"de_DE\" \/>\n<meta property=\"og:type\" content=\"article\" \/>\n<meta property=\"og:title\" content=\"NOX ML10 PRO CUP COORP 23 - Revolution Padel Store\" \/>\n<meta property=\"og:description\" content=\"Dise\u00f1ada con materiales de calidad, esta nueva pala de p\u00e1del es perfecta para tus juegos polivalentes.\" \/>\n<meta property=\"og:url\" content=\"https:\/\/revolutionpadelstore.com\/de\/produkt\/nox-ml10-pro-cup-coorp-23-1\/\" \/>\n<meta property=\"og:site_name\" content=\"Revolution Padel Store\" \/>\n<meta property=\"article:modified_time\" content=\"2026-04-01T09:19:36+00:00\" \/>\n<meta property=\"og:image\" content=\"https:\/\/revolutionpadelstore.com\/wp-content\/uploads\/2024\/03\/PML10PCOOR23_1000_1000_1_935b.webp\" \/>\n\t<meta property=\"og:image:width\" content=\"1000\" \/>\n\t<meta property=\"og:image:height\" content=\"1000\" \/>\n\t<meta property=\"og:image:type\" content=\"image\/webp\" \/>\n<meta name=\"twitter:card\" content=\"summary_large_image\" \/>\n<meta name=\"twitter:label1\" content=\"Gesch\u00e4tzte Lesezeit\" \/>\n\t<meta name=\"twitter:data1\" content=\"3\u00a0Minuten\" \/>\n<script type=\"application\/ld+json\" class=\"yoast-schema-graph\">{\"@context\":\"https:\\\/\\\/schema.org\",\"@graph\":[{\"@type\":\"WebPage\",\"@id\":\"https:\\\/\\\/revolutionpadelstore.com\\\/de\\\/produkt\\\/nox-ml10-pro-cup-coorp-23-1\\\/\",\"url\":\"https:\\\/\\\/revolutionpadelstore.com\\\/de\\\/produkt\\\/nox-ml10-pro-cup-coorp-23-1\\\/\",\"name\":\"NOX ML10 PRO CUP COORP 23 - Revolution Padel Store\",\"isPartOf\":{\"@id\":\"https:\\\/\\\/revolutionpadelstore.com\\\/de\\\/#website\"},\"primaryImageOfPage\":{\"@id\":\"https:\\\/\\\/revolutionpadelstore.com\\\/de\\\/produkt\\\/nox-ml10-pro-cup-coorp-23-1\\\/#primaryimage\"},\"image\":{\"@id\":\"https:\\\/\\\/revolutionpadelstore.com\\\/de\\\/produkt\\\/nox-ml10-pro-cup-coorp-23-1\\\/#primaryimage\"},\"thumbnailUrl\":\"https:\\\/\\\/revolutionpadelstore.com\\\/wp-content\\\/uploads\\\/2024\\\/03\\\/PML10PCOOR23_1000_1000_1_935b.webp\",\"datePublished\":\"2024-03-23T16:03:45+00:00\",\"dateModified\":\"2026-04-01T09:19:36+00:00\",\"description\":\"Dise\u00f1ada con materiales de calidad, esta nueva pala de p\u00e1del es perfecta para tus juegos polivalentes.\",\"breadcrumb\":{\"@id\":\"https:\\\/\\\/revolutionpadelstore.com\\\/de\\\/produkt\\\/nox-ml10-pro-cup-coorp-23-1\\\/#breadcrumb\"},\"inLanguage\":\"de\",\"potentialAction\":[{\"@type\":\"ReadAction\",\"target\":[\"https:\\\/\\\/revolutionpadelstore.com\\\/de\\\/produkt\\\/nox-ml10-pro-cup-coorp-23-1\\\/\"]}]},{\"@type\":\"ImageObject\",\"inLanguage\":\"de\",\"@id\":\"https:\\\/\\\/revolutionpadelstore.com\\\/de\\\/produkt\\\/nox-ml10-pro-cup-coorp-23-1\\\/#primaryimage\",\"url\":\"https:\\\/\\\/revolutionpadelstore.com\\\/wp-content\\\/uploads\\\/2024\\\/03\\\/PML10PCOOR23_1000_1000_1_935b.webp\",\"contentUrl\":\"https:\\\/\\\/revolutionpadelstore.com\\\/wp-content\\\/uploads\\\/2024\\\/03\\\/PML10PCOOR23_1000_1000_1_935b.webp\",\"width\":1000,\"height\":1000},{\"@type\":\"BreadcrumbList\",\"@id\":\"https:\\\/\\\/revolutionpadelstore.com\\\/de\\\/produkt\\\/nox-ml10-pro-cup-coorp-23-1\\\/#breadcrumb\",\"itemListElement\":[{\"@type\":\"ListItem\",\"position\":1,\"name\":\"Portada\",\"item\":\"https:\\\/\\\/revolutionpadelstore.com\\\/de\\\/\"},{\"@type\":\"ListItem\",\"position\":2,\"name\":\"Shop\",\"item\":\"https:\\\/\\\/revolutionpadelstore.com\\\/de\\\/tienda\\\/\"},{\"@type\":\"ListItem\",\"position\":3,\"name\":\"NOX ML10 PRO CUP COORP 23\"}]},{\"@type\":\"WebSite\",\"@id\":\"https:\\\/\\\/revolutionpadelstore.com\\\/de\\\/#website\",\"url\":\"https:\\\/\\\/revolutionpadelstore.com\\\/de\\\/\",\"name\":\"Revolution Padel Store\",\"description\":\"\",\"publisher\":{\"@id\":\"https:\\\/\\\/revolutionpadelstore.com\\\/de\\\/#organization\"},\"potentialAction\":[{\"@type\":\"SearchAction\",\"target\":{\"@type\":\"EntryPoint\",\"urlTemplate\":\"https:\\\/\\\/revolutionpadelstore.com\\\/de\\\/?s={search_term_string}\"},\"query-input\":{\"@type\":\"PropertyValueSpecification\",\"valueRequired\":true,\"valueName\":\"search_term_string\"}}],\"inLanguage\":\"de\"},{\"@type\":\"Organization\",\"@id\":\"https:\\\/\\\/revolutionpadelstore.com\\\/de\\\/#organization\",\"name\":\"Revolution Padel Store\",\"url\":\"https:\\\/\\\/revolutionpadelstore.com\\\/de\\\/\",\"logo\":{\"@type\":\"ImageObject\",\"inLanguage\":\"de\",\"@id\":\"https:\\\/\\\/revolutionpadelstore.com\\\/de\\\/#\\\/schema\\\/logo\\\/image\\\/\",\"url\":\"https:\\\/\\\/revolutionpadelstore.com\\\/wp-content\\\/uploads\\\/2026\\\/02\\\/revolution-padel-store.jpg\",\"contentUrl\":\"https:\\\/\\\/revolutionpadelstore.com\\\/wp-content\\\/uploads\\\/2026\\\/02\\\/revolution-padel-store.jpg\",\"width\":2000,\"height\":2000,\"caption\":\"Revolution Padel Store\"},\"image\":{\"@id\":\"https:\\\/\\\/revolutionpadelstore.com\\\/de\\\/#\\\/schema\\\/logo\\\/image\\\/\"},\"sameAs\":[\"https:\\\/\\\/www.instagram.com\\\/revolutionpadelstore\\\/\"]}]}<\/script>\n<!-- \/ Yoast SEO plugin. -->","yoast_head_json":{"title":"NOX ML10 PRO CUP COORP 23 - Revolution Padel Store","description":"Dise\u00f1ada con materiales de calidad, esta nueva pala de p\u00e1del es perfecta para tus juegos polivalentes.","robots":{"index":"index","follow":"follow","max-snippet":"max-snippet:-1","max-image-preview":"max-image-preview:large","max-video-preview":"max-video-preview:-1"},"canonical":"https:\/\/revolutionpadelstore.com\/de\/produkt\/nox-ml10-pro-cup-coorp-23-1\/","og_locale":"de_DE","og_type":"article","og_title":"NOX ML10 PRO CUP COORP 23 - Revolution Padel Store","og_description":"Dise\u00f1ada con materiales de calidad, esta nueva pala de p\u00e1del es perfecta para tus juegos polivalentes.","og_url":"https:\/\/revolutionpadelstore.com\/de\/produkt\/nox-ml10-pro-cup-coorp-23-1\/","og_site_name":"Revolution Padel Store","article_modified_time":"2026-04-01T09:19:36+00:00","og_image":[{"width":1000,"height":1000,"url":"https:\/\/revolutionpadelstore.com\/wp-content\/uploads\/2024\/03\/PML10PCOOR23_1000_1000_1_935b.webp","type":"image\/webp"}],"twitter_card":"summary_large_image","twitter_misc":{"Gesch\u00e4tzte Lesezeit":"3\u00a0Minuten"},"schema":{"@context":"https:\/\/schema.org","@graph":[{"@type":"WebPage","@id":"https:\/\/revolutionpadelstore.com\/de\/produkt\/nox-ml10-pro-cup-coorp-23-1\/","url":"https:\/\/revolutionpadelstore.com\/de\/produkt\/nox-ml10-pro-cup-coorp-23-1\/","name":"NOX ML10 PRO CUP COORP 23 - Revolution Padel Store","isPartOf":{"@id":"https:\/\/revolutionpadelstore.com\/de\/#website"},"primaryImageOfPage":{"@id":"https:\/\/revolutionpadelstore.com\/de\/produkt\/nox-ml10-pro-cup-coorp-23-1\/#primaryimage"},"image":{"@id":"https:\/\/revolutionpadelstore.com\/de\/produkt\/nox-ml10-pro-cup-coorp-23-1\/#primaryimage"},"thumbnailUrl":"https:\/\/revolutionpadelstore.com\/wp-content\/uploads\/2024\/03\/PML10PCOOR23_1000_1000_1_935b.webp","datePublished":"2024-03-23T16:03:45+00:00","dateModified":"2026-04-01T09:19:36+00:00","description":"Dise\u00f1ada con materiales de calidad, esta nueva pala de p\u00e1del es perfecta para tus juegos polivalentes.","breadcrumb":{"@id":"https:\/\/revolutionpadelstore.com\/de\/produkt\/nox-ml10-pro-cup-coorp-23-1\/#breadcrumb"},"inLanguage":"de","potentialAction":[{"@type":"ReadAction","target":["https:\/\/revolutionpadelstore.com\/de\/produkt\/nox-ml10-pro-cup-coorp-23-1\/"]}]},{"@type":"ImageObject","inLanguage":"de","@id":"https:\/\/revolutionpadelstore.com\/de\/produkt\/nox-ml10-pro-cup-coorp-23-1\/#primaryimage","url":"https:\/\/revolutionpadelstore.com\/wp-content\/uploads\/2024\/03\/PML10PCOOR23_1000_1000_1_935b.webp","contentUrl":"https:\/\/revolutionpadelstore.com\/wp-content\/uploads\/2024\/03\/PML10PCOOR23_1000_1000_1_935b.webp","width":1000,"height":1000},{"@type":"BreadcrumbList","@id":"https:\/\/revolutionpadelstore.com\/de\/produkt\/nox-ml10-pro-cup-coorp-23-1\/#breadcrumb","itemListElement":[{"@type":"ListItem","position":1,"name":"Portada","item":"https:\/\/revolutionpadelstore.com\/de\/"},{"@type":"ListItem","position":2,"name":"Shop","item":"https:\/\/revolutionpadelstore.com\/de\/tienda\/"},{"@type":"ListItem","position":3,"name":"NOX ML10 PRO CUP COORP 23"}]},{"@type":"WebSite","@id":"https:\/\/revolutionpadelstore.com\/de\/#website","url":"https:\/\/revolutionpadelstore.com\/de\/","name":"Revolution Padel Store","description":"","publisher":{"@id":"https:\/\/revolutionpadelstore.com\/de\/#organization"},"potentialAction":[{"@type":"SearchAction","target":{"@type":"EntryPoint","urlTemplate":"https:\/\/revolutionpadelstore.com\/de\/?s={search_term_string}"},"query-input":{"@type":"PropertyValueSpecification","valueRequired":true,"valueName":"search_term_string"}}],"inLanguage":"de"},{"@type":"Organization","@id":"https:\/\/revolutionpadelstore.com\/de\/#organization","name":"Revolution Padel Store","url":"https:\/\/revolutionpadelstore.com\/de\/","logo":{"@type":"ImageObject","inLanguage":"de","@id":"https:\/\/revolutionpadelstore.com\/de\/#\/schema\/logo\/image\/","url":"https:\/\/revolutionpadelstore.com\/wp-content\/uploads\/2026\/02\/revolution-padel-store.jpg","contentUrl":"https:\/\/revolutionpadelstore.com\/wp-content\/uploads\/2026\/02\/revolution-padel-store.jpg","width":2000,"height":2000,"caption":"Revolution Padel Store"},"image":{"@id":"https:\/\/revolutionpadelstore.com\/de\/#\/schema\/logo\/image\/"},"sameAs":["https:\/\/www.instagram.com\/revolutionpadelstore\/"]}]}},"_links":{"self":[{"href":"https:\/\/revolutionpadelstore.com\/de\/wp-json\/wp\/v2\/product\/20007","targetHints":{"allow":["GET"]}}],"collection":[{"href":"https:\/\/revolutionpadelstore.com\/de\/wp-json\/wp\/v2\/product"}],"about":[{"href":"https:\/\/revolutionpadelstore.com\/de\/wp-json\/wp\/v2\/types\/product"}],"replies":[{"embeddable":true,"href":"https:\/\/revolutionpadelstore.com\/de\/wp-json\/wp\/v2\/comments?post=20007"}],"wp:featuredmedia":[{"embeddable":true,"href":"https:\/\/revolutionpadelstore.com\/de\/wp-json\/wp\/v2\/media\/51169"}],"wp:attachment":[{"href":"https:\/\/revolutionpadelstore.com\/de\/wp-json\/wp\/v2\/media?parent=20007"}],"wp:term":[{"taxonomy":"acabado","embeddable":true,"href":"https:\/\/revolutionpadelstore.com\/de\/wp-json\/wp\/v2\/acabado?post=20007"},{"taxonomy":"balance","embeddable":true,"href":"https:\/\/revolutionpadelstore.com\/de\/wp-json\/wp\/v2\/balance?post=20007"},{"taxonomy":"dureza","embeddable":true,"href":"https:\/\/revolutionpadelstore.com\/de\/wp-json\/wp\/v2\/dureza?post=20007"},{"taxonomy":"forma","embeddable":true,"href":"https:\/\/revolutionpadelstore.com\/de\/wp-json\/wp\/v2\/forma?post=20007"},{"taxonomy":"jugador","embeddable":true,"href":"https:\/\/revolutionpadelstore.com\/de\/wp-json\/wp\/v2\/jugador?post=20007"},{"taxonomy":"marca","embeddable":true,"href":"https:\/\/revolutionpadelstore.com\/de\/wp-json\/wp\/v2\/marca?post=20007"},{"taxonomy":"nivel-de-juego","embeddable":true,"href":"https:\/\/revolutionpadelstore.com\/de\/wp-json\/wp\/v2\/nivel-de-juego?post=20007"},{"taxonomy":"superficie","embeddable":true,"href":"https:\/\/revolutionpadelstore.com\/de\/wp-json\/wp\/v2\/superficie?post=20007"},{"taxonomy":"tipo-de-juego","embeddable":true,"href":"https:\/\/revolutionpadelstore.com\/de\/wp-json\/wp\/v2\/tipo-de-juego?post=20007"},{"taxonomy":"product_brand","embeddable":true,"href":"https:\/\/revolutionpadelstore.com\/de\/wp-json\/wp\/v2\/product_brand?post=20007"},{"taxonomy":"product_cat","embeddable":true,"href":"https:\/\/revolutionpadelstore.com\/de\/wp-json\/wp\/v2\/product_cat?post=20007"},{"taxonomy":"product_tag","embeddable":true,"href":"https:\/\/revolutionpadelstore.com\/de\/wp-json\/wp\/v2\/product_tag?post=20007"}],"curies":[{"name":"wp","href":"https:\/\/api.w.org\/{rel}","templated":true}]}}