{"id":19952,"date":"2024-03-23T17:19:42","date_gmt":"2024-03-23T16:19:42","guid":{"rendered":"https:\/\/revolutionpadelstore.com\/nox-la10-by-leo-augsburger-2024\/"},"modified":"2026-04-01T11:18:31","modified_gmt":"2026-04-01T09:18:31","slug":"nox-la10-by-leo-augsburger-2024-1","status":"publish","type":"product","link":"https:\/\/revolutionpadelstore.com\/de\/produkt\/nox-la10-by-leo-augsburger-2024-1\/","title":{"rendered":"NOX LA10 BY LEO AUGSBURGER 2024"},"content":{"rendered":"<h2>Pala Nox La10 von Leo Augsburger 2024<\/h2>\n<p>Nox La10 By Leo Augsburger 2024 Schl\u00e4ger, ein Padelschl\u00e4ger im Diamantformat. Mit diesem K\u00f6rpertyp ist sie dank ihrer hohen Balance f\u00fcr ein Machtspiel pr\u00e4destiniert. Exklusives Design, entworfen mit dem argentinischen Profi-Padelspieler Leo Augsburguer.<\/p>\n<h2>Padelschl\u00e4ger mit mittlerer H\u00e4rte und rauem 3D-Finish<\/h2>\n<p>Die Schlagfl\u00e4chen bestehen aus 12K aluminisiertem Carbon, einem hochwertigen Material mit mitteld\u00fcnner Haptik, Steifigkeit und Leichtigkeit. Der Kern besteht aus HR3, einem hochdichten High-Recovery-Gummi, der es Ihnen erm\u00f6glicht, mit Kraft zu schlagen und den Ball besser herauszubekommen.<\/p>\n<p>Die Schlagfl\u00e4chen verf\u00fcgen \u00fcber eine sechseckige 3D-Texturoberfl\u00e4che, die die Effekte, die Sie dem Ball bei jedem Schlag verleihen m\u00f6chten, verbessert.<\/p>\n<p>Rahmen aus Carbonrahmen. Ein Carbonrahmen, der solide und widerstandsf\u00e4hig genug ist, um den intensivsten Trainings und Wettk\u00e4mpfen standzuhalten. Steifer und langlebiger.<\/p>\n<h3>Paddelschl\u00e4ger, resistent gegen Risse durch St\u00f6\u00dfe<\/h3>\n<p>Und es verf\u00fcgt \u00fcber DCS-Technologie, Dynamic Composite Structure. Das Rahmenmaterial wird 4 Zentimeter weiter in den Schl\u00e4gerk\u00f6rper eingebracht, so dass zwischen Schlagfl\u00e4chen und Rahmen kein H\u00e4rteunterschied sp\u00fcrbar ist. Dies verhindert Risse an der Au\u00dfenseite der Klinge.<\/p>\n<p>Design-Obermaterial mit schwarzen, silbernen und orangefarbenen Details vermittelt Modernit\u00e4t und Erfolg. Und mit Smartstrap, einem austauschbaren Sicherheitsgurt, damit Sie Ihren Schl\u00e4ger individuell anpassen und ihn einfach wechseln k\u00f6nnen.<\/p>\n<p>Z\u00f6gern Sie nicht und wenn Sie ein anspruchsvoller Spieler wie die gro\u00dfen Profis sind, spielen Sie jetzt mit diesem Nox-Schl\u00e4ger im Diamantformat aus der Kollektion 2024.<\/p>\n<h2>Pala Nox La10 By Leo Augsburger 2024<\/h2>\n","protected":false},"excerpt":{"rendered":"<p>Nox La10 von Leo Augsburger 2024 Schl\u00e4ger, ein Diamantschl\u00e4ger, um wie der Argentinier Leo Augsburguer zu spielen. Best\u00e4ndig und entschlossen.<\/p>\n","protected":false},"featured_media":51001,"comment_status":"open","ping_status":"closed","template":"","meta":{"_acf_changed":false,"_joinchat":[]},"acabado":[1089],"balance":[1134],"dureza":[1154],"forma":[1169],"jugador":[1189,1199],"marca":[1259],"nivel-de-juego":[1334],"superficie":[1359],"tipo-de-juego":[1374],"product_brand":[],"product_cat":[299],"product_tag":[],"class_list":{"0":"post-19952","1":"product","2":"type-product","3":"status-publish","4":"has-post-thumbnail","6":"acabado-3d-entlasten","7":"balance-hoch","8":"dureza-media-de","9":"forma-diamante-de","10":"jugador-mann","11":"jugador-mehrzweck","12":"marca-nox-de","13":"superficie-rugosa-de","14":"tipo-de-juego-leistung","15":"product_cat-palas-de-padel-de","17":"first","18":"instock","19":"taxable","20":"shipping-taxable","21":"purchasable","22":"product-type-simple"},"acf":[],"yoast_head":"<!-- This site is optimized with the Yoast SEO plugin v27.3 - https:\/\/yoast.com\/product\/yoast-seo-wordpress\/ -->\n<title>NOX LA10 BY LEO AUGSBURGER 2024 - Revolution Padel Store<\/title>\n<meta name=\"description\" content=\"Pala Nox La10 By Leo Augsburger 2024, una pala de diamante para jugar como el argenti Leo Augsburguer. Resistente y resolutiva.\" \/>\n<meta name=\"robots\" content=\"index, follow, max-snippet:-1, max-image-preview:large, max-video-preview:-1\" \/>\n<link rel=\"canonical\" href=\"https:\/\/revolutionpadelstore.com\/de\/produkt\/nox-la10-by-leo-augsburger-2024-1\/\" \/>\n<meta property=\"og:locale\" content=\"de_DE\" \/>\n<meta property=\"og:type\" content=\"article\" \/>\n<meta property=\"og:title\" content=\"NOX LA10 BY LEO AUGSBURGER 2024 - Revolution Padel Store\" \/>\n<meta property=\"og:description\" content=\"Pala Nox La10 By Leo Augsburger 2024, una pala de diamante para jugar como el argenti Leo Augsburguer. Resistente y resolutiva.\" \/>\n<meta property=\"og:url\" content=\"https:\/\/revolutionpadelstore.com\/de\/produkt\/nox-la10-by-leo-augsburger-2024-1\/\" \/>\n<meta property=\"og:site_name\" content=\"Revolution Padel Store\" \/>\n<meta property=\"article:modified_time\" content=\"2026-04-01T09:18:31+00:00\" \/>\n<meta property=\"og:image\" content=\"https:\/\/revolutionpadelstore.com\/wp-content\/uploads\/2024\/03\/imagen_1_110808_97e29e61_94c2.webp\" \/>\n\t<meta property=\"og:image:width\" content=\"1500\" \/>\n\t<meta property=\"og:image:height\" content=\"1500\" \/>\n\t<meta property=\"og:image:type\" content=\"image\/webp\" \/>\n<meta name=\"twitter:card\" content=\"summary_large_image\" \/>\n<meta name=\"twitter:label1\" content=\"Gesch\u00e4tzte Lesezeit\" \/>\n\t<meta name=\"twitter:data1\" content=\"2\u00a0Minuten\" \/>\n<script type=\"application\/ld+json\" class=\"yoast-schema-graph\">{\"@context\":\"https:\\\/\\\/schema.org\",\"@graph\":[{\"@type\":\"WebPage\",\"@id\":\"https:\\\/\\\/revolutionpadelstore.com\\\/de\\\/produkt\\\/nox-la10-by-leo-augsburger-2024-1\\\/\",\"url\":\"https:\\\/\\\/revolutionpadelstore.com\\\/de\\\/produkt\\\/nox-la10-by-leo-augsburger-2024-1\\\/\",\"name\":\"NOX LA10 BY LEO AUGSBURGER 2024 - Revolution Padel Store\",\"isPartOf\":{\"@id\":\"https:\\\/\\\/revolutionpadelstore.com\\\/de\\\/#website\"},\"primaryImageOfPage\":{\"@id\":\"https:\\\/\\\/revolutionpadelstore.com\\\/de\\\/produkt\\\/nox-la10-by-leo-augsburger-2024-1\\\/#primaryimage\"},\"image\":{\"@id\":\"https:\\\/\\\/revolutionpadelstore.com\\\/de\\\/produkt\\\/nox-la10-by-leo-augsburger-2024-1\\\/#primaryimage\"},\"thumbnailUrl\":\"https:\\\/\\\/revolutionpadelstore.com\\\/wp-content\\\/uploads\\\/2024\\\/03\\\/imagen_1_110808_97e29e61_94c2.webp\",\"datePublished\":\"2024-03-23T16:19:42+00:00\",\"dateModified\":\"2026-04-01T09:18:31+00:00\",\"description\":\"Pala Nox La10 By Leo Augsburger 2024, una pala de diamante para jugar como el argenti Leo Augsburguer. Resistente y resolutiva.\",\"breadcrumb\":{\"@id\":\"https:\\\/\\\/revolutionpadelstore.com\\\/de\\\/produkt\\\/nox-la10-by-leo-augsburger-2024-1\\\/#breadcrumb\"},\"inLanguage\":\"de\",\"potentialAction\":[{\"@type\":\"ReadAction\",\"target\":[\"https:\\\/\\\/revolutionpadelstore.com\\\/de\\\/produkt\\\/nox-la10-by-leo-augsburger-2024-1\\\/\"]}]},{\"@type\":\"ImageObject\",\"inLanguage\":\"de\",\"@id\":\"https:\\\/\\\/revolutionpadelstore.com\\\/de\\\/produkt\\\/nox-la10-by-leo-augsburger-2024-1\\\/#primaryimage\",\"url\":\"https:\\\/\\\/revolutionpadelstore.com\\\/wp-content\\\/uploads\\\/2024\\\/03\\\/imagen_1_110808_97e29e61_94c2.webp\",\"contentUrl\":\"https:\\\/\\\/revolutionpadelstore.com\\\/wp-content\\\/uploads\\\/2024\\\/03\\\/imagen_1_110808_97e29e61_94c2.webp\",\"width\":1500,\"height\":1500},{\"@type\":\"BreadcrumbList\",\"@id\":\"https:\\\/\\\/revolutionpadelstore.com\\\/de\\\/produkt\\\/nox-la10-by-leo-augsburger-2024-1\\\/#breadcrumb\",\"itemListElement\":[{\"@type\":\"ListItem\",\"position\":1,\"name\":\"Portada\",\"item\":\"https:\\\/\\\/revolutionpadelstore.com\\\/de\\\/\"},{\"@type\":\"ListItem\",\"position\":2,\"name\":\"Shop\",\"item\":\"https:\\\/\\\/revolutionpadelstore.com\\\/de\\\/tienda\\\/\"},{\"@type\":\"ListItem\",\"position\":3,\"name\":\"NOX LA10 BY LEO AUGSBURGER 2024\"}]},{\"@type\":\"WebSite\",\"@id\":\"https:\\\/\\\/revolutionpadelstore.com\\\/de\\\/#website\",\"url\":\"https:\\\/\\\/revolutionpadelstore.com\\\/de\\\/\",\"name\":\"Revolution Padel Store\",\"description\":\"\",\"publisher\":{\"@id\":\"https:\\\/\\\/revolutionpadelstore.com\\\/de\\\/#organization\"},\"potentialAction\":[{\"@type\":\"SearchAction\",\"target\":{\"@type\":\"EntryPoint\",\"urlTemplate\":\"https:\\\/\\\/revolutionpadelstore.com\\\/de\\\/?s={search_term_string}\"},\"query-input\":{\"@type\":\"PropertyValueSpecification\",\"valueRequired\":true,\"valueName\":\"search_term_string\"}}],\"inLanguage\":\"de\"},{\"@type\":\"Organization\",\"@id\":\"https:\\\/\\\/revolutionpadelstore.com\\\/de\\\/#organization\",\"name\":\"Revolution Padel Store\",\"url\":\"https:\\\/\\\/revolutionpadelstore.com\\\/de\\\/\",\"logo\":{\"@type\":\"ImageObject\",\"inLanguage\":\"de\",\"@id\":\"https:\\\/\\\/revolutionpadelstore.com\\\/de\\\/#\\\/schema\\\/logo\\\/image\\\/\",\"url\":\"https:\\\/\\\/revolutionpadelstore.com\\\/wp-content\\\/uploads\\\/2026\\\/02\\\/revolution-padel-store.jpg\",\"contentUrl\":\"https:\\\/\\\/revolutionpadelstore.com\\\/wp-content\\\/uploads\\\/2026\\\/02\\\/revolution-padel-store.jpg\",\"width\":2000,\"height\":2000,\"caption\":\"Revolution Padel Store\"},\"image\":{\"@id\":\"https:\\\/\\\/revolutionpadelstore.com\\\/de\\\/#\\\/schema\\\/logo\\\/image\\\/\"},\"sameAs\":[\"https:\\\/\\\/www.instagram.com\\\/revolutionpadelstore\\\/\"]}]}<\/script>\n<!-- \/ Yoast SEO plugin. -->","yoast_head_json":{"title":"NOX LA10 BY LEO AUGSBURGER 2024 - Revolution Padel Store","description":"Pala Nox La10 By Leo Augsburger 2024, una pala de diamante para jugar como el argenti Leo Augsburguer. Resistente y resolutiva.","robots":{"index":"index","follow":"follow","max-snippet":"max-snippet:-1","max-image-preview":"max-image-preview:large","max-video-preview":"max-video-preview:-1"},"canonical":"https:\/\/revolutionpadelstore.com\/de\/produkt\/nox-la10-by-leo-augsburger-2024-1\/","og_locale":"de_DE","og_type":"article","og_title":"NOX LA10 BY LEO AUGSBURGER 2024 - Revolution Padel Store","og_description":"Pala Nox La10 By Leo Augsburger 2024, una pala de diamante para jugar como el argenti Leo Augsburguer. Resistente y resolutiva.","og_url":"https:\/\/revolutionpadelstore.com\/de\/produkt\/nox-la10-by-leo-augsburger-2024-1\/","og_site_name":"Revolution Padel Store","article_modified_time":"2026-04-01T09:18:31+00:00","og_image":[{"width":1500,"height":1500,"url":"https:\/\/revolutionpadelstore.com\/wp-content\/uploads\/2024\/03\/imagen_1_110808_97e29e61_94c2.webp","type":"image\/webp"}],"twitter_card":"summary_large_image","twitter_misc":{"Gesch\u00e4tzte Lesezeit":"2\u00a0Minuten"},"schema":{"@context":"https:\/\/schema.org","@graph":[{"@type":"WebPage","@id":"https:\/\/revolutionpadelstore.com\/de\/produkt\/nox-la10-by-leo-augsburger-2024-1\/","url":"https:\/\/revolutionpadelstore.com\/de\/produkt\/nox-la10-by-leo-augsburger-2024-1\/","name":"NOX LA10 BY LEO AUGSBURGER 2024 - Revolution Padel Store","isPartOf":{"@id":"https:\/\/revolutionpadelstore.com\/de\/#website"},"primaryImageOfPage":{"@id":"https:\/\/revolutionpadelstore.com\/de\/produkt\/nox-la10-by-leo-augsburger-2024-1\/#primaryimage"},"image":{"@id":"https:\/\/revolutionpadelstore.com\/de\/produkt\/nox-la10-by-leo-augsburger-2024-1\/#primaryimage"},"thumbnailUrl":"https:\/\/revolutionpadelstore.com\/wp-content\/uploads\/2024\/03\/imagen_1_110808_97e29e61_94c2.webp","datePublished":"2024-03-23T16:19:42+00:00","dateModified":"2026-04-01T09:18:31+00:00","description":"Pala Nox La10 By Leo Augsburger 2024, una pala de diamante para jugar como el argenti Leo Augsburguer. Resistente y resolutiva.","breadcrumb":{"@id":"https:\/\/revolutionpadelstore.com\/de\/produkt\/nox-la10-by-leo-augsburger-2024-1\/#breadcrumb"},"inLanguage":"de","potentialAction":[{"@type":"ReadAction","target":["https:\/\/revolutionpadelstore.com\/de\/produkt\/nox-la10-by-leo-augsburger-2024-1\/"]}]},{"@type":"ImageObject","inLanguage":"de","@id":"https:\/\/revolutionpadelstore.com\/de\/produkt\/nox-la10-by-leo-augsburger-2024-1\/#primaryimage","url":"https:\/\/revolutionpadelstore.com\/wp-content\/uploads\/2024\/03\/imagen_1_110808_97e29e61_94c2.webp","contentUrl":"https:\/\/revolutionpadelstore.com\/wp-content\/uploads\/2024\/03\/imagen_1_110808_97e29e61_94c2.webp","width":1500,"height":1500},{"@type":"BreadcrumbList","@id":"https:\/\/revolutionpadelstore.com\/de\/produkt\/nox-la10-by-leo-augsburger-2024-1\/#breadcrumb","itemListElement":[{"@type":"ListItem","position":1,"name":"Portada","item":"https:\/\/revolutionpadelstore.com\/de\/"},{"@type":"ListItem","position":2,"name":"Shop","item":"https:\/\/revolutionpadelstore.com\/de\/tienda\/"},{"@type":"ListItem","position":3,"name":"NOX LA10 BY LEO AUGSBURGER 2024"}]},{"@type":"WebSite","@id":"https:\/\/revolutionpadelstore.com\/de\/#website","url":"https:\/\/revolutionpadelstore.com\/de\/","name":"Revolution Padel Store","description":"","publisher":{"@id":"https:\/\/revolutionpadelstore.com\/de\/#organization"},"potentialAction":[{"@type":"SearchAction","target":{"@type":"EntryPoint","urlTemplate":"https:\/\/revolutionpadelstore.com\/de\/?s={search_term_string}"},"query-input":{"@type":"PropertyValueSpecification","valueRequired":true,"valueName":"search_term_string"}}],"inLanguage":"de"},{"@type":"Organization","@id":"https:\/\/revolutionpadelstore.com\/de\/#organization","name":"Revolution Padel Store","url":"https:\/\/revolutionpadelstore.com\/de\/","logo":{"@type":"ImageObject","inLanguage":"de","@id":"https:\/\/revolutionpadelstore.com\/de\/#\/schema\/logo\/image\/","url":"https:\/\/revolutionpadelstore.com\/wp-content\/uploads\/2026\/02\/revolution-padel-store.jpg","contentUrl":"https:\/\/revolutionpadelstore.com\/wp-content\/uploads\/2026\/02\/revolution-padel-store.jpg","width":2000,"height":2000,"caption":"Revolution Padel Store"},"image":{"@id":"https:\/\/revolutionpadelstore.com\/de\/#\/schema\/logo\/image\/"},"sameAs":["https:\/\/www.instagram.com\/revolutionpadelstore\/"]}]}},"_links":{"self":[{"href":"https:\/\/revolutionpadelstore.com\/de\/wp-json\/wp\/v2\/product\/19952","targetHints":{"allow":["GET"]}}],"collection":[{"href":"https:\/\/revolutionpadelstore.com\/de\/wp-json\/wp\/v2\/product"}],"about":[{"href":"https:\/\/revolutionpadelstore.com\/de\/wp-json\/wp\/v2\/types\/product"}],"replies":[{"embeddable":true,"href":"https:\/\/revolutionpadelstore.com\/de\/wp-json\/wp\/v2\/comments?post=19952"}],"wp:featuredmedia":[{"embeddable":true,"href":"https:\/\/revolutionpadelstore.com\/de\/wp-json\/wp\/v2\/media\/51001"}],"wp:attachment":[{"href":"https:\/\/revolutionpadelstore.com\/de\/wp-json\/wp\/v2\/media?parent=19952"}],"wp:term":[{"taxonomy":"acabado","embeddable":true,"href":"https:\/\/revolutionpadelstore.com\/de\/wp-json\/wp\/v2\/acabado?post=19952"},{"taxonomy":"balance","embeddable":true,"href":"https:\/\/revolutionpadelstore.com\/de\/wp-json\/wp\/v2\/balance?post=19952"},{"taxonomy":"dureza","embeddable":true,"href":"https:\/\/revolutionpadelstore.com\/de\/wp-json\/wp\/v2\/dureza?post=19952"},{"taxonomy":"forma","embeddable":true,"href":"https:\/\/revolutionpadelstore.com\/de\/wp-json\/wp\/v2\/forma?post=19952"},{"taxonomy":"jugador","embeddable":true,"href":"https:\/\/revolutionpadelstore.com\/de\/wp-json\/wp\/v2\/jugador?post=19952"},{"taxonomy":"marca","embeddable":true,"href":"https:\/\/revolutionpadelstore.com\/de\/wp-json\/wp\/v2\/marca?post=19952"},{"taxonomy":"nivel-de-juego","embeddable":true,"href":"https:\/\/revolutionpadelstore.com\/de\/wp-json\/wp\/v2\/nivel-de-juego?post=19952"},{"taxonomy":"superficie","embeddable":true,"href":"https:\/\/revolutionpadelstore.com\/de\/wp-json\/wp\/v2\/superficie?post=19952"},{"taxonomy":"tipo-de-juego","embeddable":true,"href":"https:\/\/revolutionpadelstore.com\/de\/wp-json\/wp\/v2\/tipo-de-juego?post=19952"},{"taxonomy":"product_brand","embeddable":true,"href":"https:\/\/revolutionpadelstore.com\/de\/wp-json\/wp\/v2\/product_brand?post=19952"},{"taxonomy":"product_cat","embeddable":true,"href":"https:\/\/revolutionpadelstore.com\/de\/wp-json\/wp\/v2\/product_cat?post=19952"},{"taxonomy":"product_tag","embeddable":true,"href":"https:\/\/revolutionpadelstore.com\/de\/wp-json\/wp\/v2\/product_tag?post=19952"}],"curies":[{"name":"wp","href":"https:\/\/api.w.org\/{rel}","templated":true}]}}