{"id":19947,"date":"2024-03-23T17:22:01","date_gmt":"2024-03-23T16:22:01","guid":{"rendered":"https:\/\/revolutionpadelstore.com\/nox-tl10-by-tino-libaak-2024\/"},"modified":"2026-04-01T11:17:55","modified_gmt":"2026-04-01T09:17:55","slug":"nox-tl10-by-tino-libaak-2024-1","status":"publish","type":"product","link":"https:\/\/revolutionpadelstore.com\/de\/produkt\/nox-tl10-by-tino-libaak-2024-1\/","title":{"rendered":"NOX TL10 BY TINO LIBAAK 2024"},"content":{"rendered":"<h2>Nox TL10 von Tino Libaak 2024, gro\u00dfe Vielseitigkeit beim Schlagen<\/h2>\n<p>Der Padelschl\u00e4ger Nox TL10 by Tino Libaak 2024 ist die ideale Option f\u00fcr fortgeschrittene Spieler, die in jedem Spiel oder Training hervorragende Kontrolle und Kraft suchen. Das Gewicht liegt zwischen <strong>360 und 375 Gramm<\/strong> und bietet somit gute Handlichkeit und Leichtigkeit.<\/p>\n<p>Dank seiner <strong>Tropfenform<\/strong> zeichnet sich dieser <strong>Nox 2024<\/strong>-Schl\u00e4ger durch seine Vielseitigkeit und Anpassungsf\u00e4higkeit an jede Situation auf dem Platz aus. Aufgrund dieser Form, des breiten Sweetspots, der verbesserten Kontrolle, der hervorragenden Kraft und der hervorragenden Man\u00f6vrierf\u00e4higkeit k\u00f6nnen Sie schnell auf schnelle Spielz\u00fcge reagieren und langsame B\u00e4lle pr\u00e4zise schlagen.<\/p>\n<h2>Geschwindigkeit und Verwaltbarkeit<\/h2>\n<p>In Bezug auf die Zusammensetzung verf\u00fcgt der TL10 Future \u00fcber Schlagfl\u00e4chen aus verflochtenem 12K Aluminized Carbon, was dem Schl\u00e4ger enorme Power f\u00fcr feste und schnelle Volleys verleiht.<\/p>\n<p>Ebenso dank der <strong><em>rauen Oberfl\u00e4che<\/em><\/strong>, die aus einer rauen Oberfl\u00e4che besteht, die der letzten Schicht der Hobel hinzugef\u00fcgt wird, was die Erzielung von Effekten beim Schlagen beg\u00fcnstigt. Dadurch wird es schwierig, den Schlag zu erwidern.<\/p>\n<p>F\u00fcr den Innenkern wurde der <strong>HR3-Gummi<\/strong> verwendet, ein hochdichter Gummi mit gro\u00dfartigem Memory-Effekt, der eine hervorragende Ballausbeute und Schlagkraft bietet, auch von der R\u00fcckseite des Spielfelds. Au\u00dferdem verf\u00fcgt es \u00fcber einen <strong>Carbonrahmen<\/strong>, der f\u00fcr Steifigkeit und l\u00e4ngere Haltbarkeit sorgt und so die Nutzungsdauer verl\u00e4ngert.<\/p>\n<h3>Hohe Leistung<\/h3>\n<p>Ebenso ist es mit der innovativen <strong><em>Smart Strap<\/em><\/strong>-Technologie ausgestattet, die einen einfachen, hygienischen und flexiblen Wechsel des Sicherheitsseils erm\u00f6glicht, sodass Sie es ganz nach Ihren Bed\u00fcrfnissen wechseln k\u00f6nnen aufgrund von Bruch, Abnutzung oder Waschen.<\/p>\n<p>Die <strong><em>Dynamische Verbundstruktur<\/em><\/strong>ist daf\u00fcr verantwortlich, die Au\u00dfenseite vor m\u00f6glichen Rissen durch St\u00f6\u00dfe zu sch\u00fctzen. Dies wird erreicht, indem eine gr\u00f6\u00dfere Menge Material vom Rahmen bis zu vier Zentimeter im Gesicht aufgetragen wird.<\/p>\n<h2>Nox TL10 by Tino Libaak 2024, gran versatilidad en el golpeo<\/h2>\n","protected":false},"excerpt":{"rendered":"<p>Nox TL10 von Tino Libaak 2024, ein tropfenf\u00f6rmiger Schl\u00e4ger mit einem gro\u00dfen Sweet Spot, der eine gro\u00dfe Anpassungsf\u00e4higkeit an verschiedene Situationen auf dem Platz erm\u00f6glicht. HR3-Gummikern und 12K aluminisierte Carbon-Oberfl\u00e4chen<\/p>\n","protected":false},"featured_media":50994,"comment_status":"open","ping_status":"closed","template":"","meta":{"_acf_changed":false,"_joinchat":[]},"acabado":[],"balance":[1134],"dureza":[1154],"forma":[1184],"jugador":[1189,1199],"marca":[1259],"nivel-de-juego":[1334],"superficie":[1359],"tipo-de-juego":[1384],"product_brand":[],"product_cat":[299],"product_tag":[],"class_list":{"0":"post-19947","1":"product","2":"type-product","3":"status-publish","4":"has-post-thumbnail","6":"balance-hoch","7":"dureza-media-de","8":"forma-lagrima-de","9":"jugador-mann","10":"jugador-mehrzweck","11":"marca-nox-de","12":"superficie-rugosa-de","13":"tipo-de-juego-mehrzweck","14":"product_cat-palas-de-padel-de","16":"first","17":"instock","18":"taxable","19":"shipping-taxable","20":"purchasable","21":"product-type-simple"},"acf":[],"yoast_head":"<!-- This site is optimized with the Yoast SEO plugin v27.3 - https:\/\/yoast.com\/product\/yoast-seo-wordpress\/ -->\n<title>NOX TL10 BY TINO LIBAAK 2024 - Revolution Padel Store<\/title>\n<meta name=\"description\" content=\"Nox TL10 by Tino Libaak 2024, pala con forma de l\u00e1grima y amplio punto dulce que permite una gran adaptabilidad a diferentes situaciones en la pista. N\u00facleo de goma HR3 y caras de Carbono 12K Aluminizado\" \/>\n<meta name=\"robots\" content=\"index, follow, max-snippet:-1, max-image-preview:large, max-video-preview:-1\" \/>\n<link rel=\"canonical\" href=\"https:\/\/revolutionpadelstore.com\/de\/produkt\/nox-tl10-by-tino-libaak-2024-1\/\" \/>\n<meta property=\"og:locale\" content=\"de_DE\" \/>\n<meta property=\"og:type\" content=\"article\" \/>\n<meta property=\"og:title\" content=\"NOX TL10 BY TINO LIBAAK 2024 - Revolution Padel Store\" \/>\n<meta property=\"og:description\" content=\"Nox TL10 by Tino Libaak 2024, pala con forma de l\u00e1grima y amplio punto dulce que permite una gran adaptabilidad a diferentes situaciones en la pista. N\u00facleo de goma HR3 y caras de Carbono 12K Aluminizado\" \/>\n<meta property=\"og:url\" content=\"https:\/\/revolutionpadelstore.com\/de\/produkt\/nox-tl10-by-tino-libaak-2024-1\/\" \/>\n<meta property=\"og:site_name\" content=\"Revolution Padel Store\" \/>\n<meta property=\"article:modified_time\" content=\"2026-04-01T09:17:55+00:00\" \/>\n<meta property=\"og:image\" content=\"https:\/\/revolutionpadelstore.com\/wp-content\/uploads\/2024\/03\/imagen_1_110813_57660767_8c30.webp\" \/>\n\t<meta property=\"og:image:width\" content=\"1500\" \/>\n\t<meta property=\"og:image:height\" content=\"1500\" \/>\n\t<meta property=\"og:image:type\" content=\"image\/webp\" \/>\n<meta name=\"twitter:card\" content=\"summary_large_image\" \/>\n<meta name=\"twitter:label1\" content=\"Gesch\u00e4tzte Lesezeit\" \/>\n\t<meta name=\"twitter:data1\" content=\"2\u00a0Minuten\" \/>\n<script type=\"application\/ld+json\" class=\"yoast-schema-graph\">{\"@context\":\"https:\\\/\\\/schema.org\",\"@graph\":[{\"@type\":\"WebPage\",\"@id\":\"https:\\\/\\\/revolutionpadelstore.com\\\/de\\\/produkt\\\/nox-tl10-by-tino-libaak-2024-1\\\/\",\"url\":\"https:\\\/\\\/revolutionpadelstore.com\\\/de\\\/produkt\\\/nox-tl10-by-tino-libaak-2024-1\\\/\",\"name\":\"NOX TL10 BY TINO LIBAAK 2024 - Revolution Padel Store\",\"isPartOf\":{\"@id\":\"https:\\\/\\\/revolutionpadelstore.com\\\/de\\\/#website\"},\"primaryImageOfPage\":{\"@id\":\"https:\\\/\\\/revolutionpadelstore.com\\\/de\\\/produkt\\\/nox-tl10-by-tino-libaak-2024-1\\\/#primaryimage\"},\"image\":{\"@id\":\"https:\\\/\\\/revolutionpadelstore.com\\\/de\\\/produkt\\\/nox-tl10-by-tino-libaak-2024-1\\\/#primaryimage\"},\"thumbnailUrl\":\"https:\\\/\\\/revolutionpadelstore.com\\\/wp-content\\\/uploads\\\/2024\\\/03\\\/imagen_1_110813_57660767_8c30.webp\",\"datePublished\":\"2024-03-23T16:22:01+00:00\",\"dateModified\":\"2026-04-01T09:17:55+00:00\",\"description\":\"Nox TL10 by Tino Libaak 2024, pala con forma de l\u00e1grima y amplio punto dulce que permite una gran adaptabilidad a diferentes situaciones en la pista. N\u00facleo de goma HR3 y caras de Carbono 12K Aluminizado\",\"breadcrumb\":{\"@id\":\"https:\\\/\\\/revolutionpadelstore.com\\\/de\\\/produkt\\\/nox-tl10-by-tino-libaak-2024-1\\\/#breadcrumb\"},\"inLanguage\":\"de\",\"potentialAction\":[{\"@type\":\"ReadAction\",\"target\":[\"https:\\\/\\\/revolutionpadelstore.com\\\/de\\\/produkt\\\/nox-tl10-by-tino-libaak-2024-1\\\/\"]}]},{\"@type\":\"ImageObject\",\"inLanguage\":\"de\",\"@id\":\"https:\\\/\\\/revolutionpadelstore.com\\\/de\\\/produkt\\\/nox-tl10-by-tino-libaak-2024-1\\\/#primaryimage\",\"url\":\"https:\\\/\\\/revolutionpadelstore.com\\\/wp-content\\\/uploads\\\/2024\\\/03\\\/imagen_1_110813_57660767_8c30.webp\",\"contentUrl\":\"https:\\\/\\\/revolutionpadelstore.com\\\/wp-content\\\/uploads\\\/2024\\\/03\\\/imagen_1_110813_57660767_8c30.webp\",\"width\":1500,\"height\":1500},{\"@type\":\"BreadcrumbList\",\"@id\":\"https:\\\/\\\/revolutionpadelstore.com\\\/de\\\/produkt\\\/nox-tl10-by-tino-libaak-2024-1\\\/#breadcrumb\",\"itemListElement\":[{\"@type\":\"ListItem\",\"position\":1,\"name\":\"Portada\",\"item\":\"https:\\\/\\\/revolutionpadelstore.com\\\/de\\\/\"},{\"@type\":\"ListItem\",\"position\":2,\"name\":\"Shop\",\"item\":\"https:\\\/\\\/revolutionpadelstore.com\\\/de\\\/tienda\\\/\"},{\"@type\":\"ListItem\",\"position\":3,\"name\":\"NOX TL10 BY TINO LIBAAK 2024\"}]},{\"@type\":\"WebSite\",\"@id\":\"https:\\\/\\\/revolutionpadelstore.com\\\/de\\\/#website\",\"url\":\"https:\\\/\\\/revolutionpadelstore.com\\\/de\\\/\",\"name\":\"Revolution Padel Store\",\"description\":\"\",\"publisher\":{\"@id\":\"https:\\\/\\\/revolutionpadelstore.com\\\/de\\\/#organization\"},\"potentialAction\":[{\"@type\":\"SearchAction\",\"target\":{\"@type\":\"EntryPoint\",\"urlTemplate\":\"https:\\\/\\\/revolutionpadelstore.com\\\/de\\\/?s={search_term_string}\"},\"query-input\":{\"@type\":\"PropertyValueSpecification\",\"valueRequired\":true,\"valueName\":\"search_term_string\"}}],\"inLanguage\":\"de\"},{\"@type\":\"Organization\",\"@id\":\"https:\\\/\\\/revolutionpadelstore.com\\\/de\\\/#organization\",\"name\":\"Revolution Padel Store\",\"url\":\"https:\\\/\\\/revolutionpadelstore.com\\\/de\\\/\",\"logo\":{\"@type\":\"ImageObject\",\"inLanguage\":\"de\",\"@id\":\"https:\\\/\\\/revolutionpadelstore.com\\\/de\\\/#\\\/schema\\\/logo\\\/image\\\/\",\"url\":\"https:\\\/\\\/revolutionpadelstore.com\\\/wp-content\\\/uploads\\\/2026\\\/02\\\/revolution-padel-store.jpg\",\"contentUrl\":\"https:\\\/\\\/revolutionpadelstore.com\\\/wp-content\\\/uploads\\\/2026\\\/02\\\/revolution-padel-store.jpg\",\"width\":2000,\"height\":2000,\"caption\":\"Revolution Padel Store\"},\"image\":{\"@id\":\"https:\\\/\\\/revolutionpadelstore.com\\\/de\\\/#\\\/schema\\\/logo\\\/image\\\/\"},\"sameAs\":[\"https:\\\/\\\/www.instagram.com\\\/revolutionpadelstore\\\/\"]}]}<\/script>\n<!-- \/ Yoast SEO plugin. -->","yoast_head_json":{"title":"NOX TL10 BY TINO LIBAAK 2024 - Revolution Padel Store","description":"Nox TL10 by Tino Libaak 2024, pala con forma de l\u00e1grima y amplio punto dulce que permite una gran adaptabilidad a diferentes situaciones en la pista. N\u00facleo de goma HR3 y caras de Carbono 12K Aluminizado","robots":{"index":"index","follow":"follow","max-snippet":"max-snippet:-1","max-image-preview":"max-image-preview:large","max-video-preview":"max-video-preview:-1"},"canonical":"https:\/\/revolutionpadelstore.com\/de\/produkt\/nox-tl10-by-tino-libaak-2024-1\/","og_locale":"de_DE","og_type":"article","og_title":"NOX TL10 BY TINO LIBAAK 2024 - Revolution Padel Store","og_description":"Nox TL10 by Tino Libaak 2024, pala con forma de l\u00e1grima y amplio punto dulce que permite una gran adaptabilidad a diferentes situaciones en la pista. N\u00facleo de goma HR3 y caras de Carbono 12K Aluminizado","og_url":"https:\/\/revolutionpadelstore.com\/de\/produkt\/nox-tl10-by-tino-libaak-2024-1\/","og_site_name":"Revolution Padel Store","article_modified_time":"2026-04-01T09:17:55+00:00","og_image":[{"width":1500,"height":1500,"url":"https:\/\/revolutionpadelstore.com\/wp-content\/uploads\/2024\/03\/imagen_1_110813_57660767_8c30.webp","type":"image\/webp"}],"twitter_card":"summary_large_image","twitter_misc":{"Gesch\u00e4tzte Lesezeit":"2\u00a0Minuten"},"schema":{"@context":"https:\/\/schema.org","@graph":[{"@type":"WebPage","@id":"https:\/\/revolutionpadelstore.com\/de\/produkt\/nox-tl10-by-tino-libaak-2024-1\/","url":"https:\/\/revolutionpadelstore.com\/de\/produkt\/nox-tl10-by-tino-libaak-2024-1\/","name":"NOX TL10 BY TINO LIBAAK 2024 - Revolution Padel Store","isPartOf":{"@id":"https:\/\/revolutionpadelstore.com\/de\/#website"},"primaryImageOfPage":{"@id":"https:\/\/revolutionpadelstore.com\/de\/produkt\/nox-tl10-by-tino-libaak-2024-1\/#primaryimage"},"image":{"@id":"https:\/\/revolutionpadelstore.com\/de\/produkt\/nox-tl10-by-tino-libaak-2024-1\/#primaryimage"},"thumbnailUrl":"https:\/\/revolutionpadelstore.com\/wp-content\/uploads\/2024\/03\/imagen_1_110813_57660767_8c30.webp","datePublished":"2024-03-23T16:22:01+00:00","dateModified":"2026-04-01T09:17:55+00:00","description":"Nox TL10 by Tino Libaak 2024, pala con forma de l\u00e1grima y amplio punto dulce que permite una gran adaptabilidad a diferentes situaciones en la pista. N\u00facleo de goma HR3 y caras de Carbono 12K Aluminizado","breadcrumb":{"@id":"https:\/\/revolutionpadelstore.com\/de\/produkt\/nox-tl10-by-tino-libaak-2024-1\/#breadcrumb"},"inLanguage":"de","potentialAction":[{"@type":"ReadAction","target":["https:\/\/revolutionpadelstore.com\/de\/produkt\/nox-tl10-by-tino-libaak-2024-1\/"]}]},{"@type":"ImageObject","inLanguage":"de","@id":"https:\/\/revolutionpadelstore.com\/de\/produkt\/nox-tl10-by-tino-libaak-2024-1\/#primaryimage","url":"https:\/\/revolutionpadelstore.com\/wp-content\/uploads\/2024\/03\/imagen_1_110813_57660767_8c30.webp","contentUrl":"https:\/\/revolutionpadelstore.com\/wp-content\/uploads\/2024\/03\/imagen_1_110813_57660767_8c30.webp","width":1500,"height":1500},{"@type":"BreadcrumbList","@id":"https:\/\/revolutionpadelstore.com\/de\/produkt\/nox-tl10-by-tino-libaak-2024-1\/#breadcrumb","itemListElement":[{"@type":"ListItem","position":1,"name":"Portada","item":"https:\/\/revolutionpadelstore.com\/de\/"},{"@type":"ListItem","position":2,"name":"Shop","item":"https:\/\/revolutionpadelstore.com\/de\/tienda\/"},{"@type":"ListItem","position":3,"name":"NOX TL10 BY TINO LIBAAK 2024"}]},{"@type":"WebSite","@id":"https:\/\/revolutionpadelstore.com\/de\/#website","url":"https:\/\/revolutionpadelstore.com\/de\/","name":"Revolution Padel Store","description":"","publisher":{"@id":"https:\/\/revolutionpadelstore.com\/de\/#organization"},"potentialAction":[{"@type":"SearchAction","target":{"@type":"EntryPoint","urlTemplate":"https:\/\/revolutionpadelstore.com\/de\/?s={search_term_string}"},"query-input":{"@type":"PropertyValueSpecification","valueRequired":true,"valueName":"search_term_string"}}],"inLanguage":"de"},{"@type":"Organization","@id":"https:\/\/revolutionpadelstore.com\/de\/#organization","name":"Revolution Padel Store","url":"https:\/\/revolutionpadelstore.com\/de\/","logo":{"@type":"ImageObject","inLanguage":"de","@id":"https:\/\/revolutionpadelstore.com\/de\/#\/schema\/logo\/image\/","url":"https:\/\/revolutionpadelstore.com\/wp-content\/uploads\/2026\/02\/revolution-padel-store.jpg","contentUrl":"https:\/\/revolutionpadelstore.com\/wp-content\/uploads\/2026\/02\/revolution-padel-store.jpg","width":2000,"height":2000,"caption":"Revolution Padel Store"},"image":{"@id":"https:\/\/revolutionpadelstore.com\/de\/#\/schema\/logo\/image\/"},"sameAs":["https:\/\/www.instagram.com\/revolutionpadelstore\/"]}]}},"_links":{"self":[{"href":"https:\/\/revolutionpadelstore.com\/de\/wp-json\/wp\/v2\/product\/19947","targetHints":{"allow":["GET"]}}],"collection":[{"href":"https:\/\/revolutionpadelstore.com\/de\/wp-json\/wp\/v2\/product"}],"about":[{"href":"https:\/\/revolutionpadelstore.com\/de\/wp-json\/wp\/v2\/types\/product"}],"replies":[{"embeddable":true,"href":"https:\/\/revolutionpadelstore.com\/de\/wp-json\/wp\/v2\/comments?post=19947"}],"wp:featuredmedia":[{"embeddable":true,"href":"https:\/\/revolutionpadelstore.com\/de\/wp-json\/wp\/v2\/media\/50994"}],"wp:attachment":[{"href":"https:\/\/revolutionpadelstore.com\/de\/wp-json\/wp\/v2\/media?parent=19947"}],"wp:term":[{"taxonomy":"acabado","embeddable":true,"href":"https:\/\/revolutionpadelstore.com\/de\/wp-json\/wp\/v2\/acabado?post=19947"},{"taxonomy":"balance","embeddable":true,"href":"https:\/\/revolutionpadelstore.com\/de\/wp-json\/wp\/v2\/balance?post=19947"},{"taxonomy":"dureza","embeddable":true,"href":"https:\/\/revolutionpadelstore.com\/de\/wp-json\/wp\/v2\/dureza?post=19947"},{"taxonomy":"forma","embeddable":true,"href":"https:\/\/revolutionpadelstore.com\/de\/wp-json\/wp\/v2\/forma?post=19947"},{"taxonomy":"jugador","embeddable":true,"href":"https:\/\/revolutionpadelstore.com\/de\/wp-json\/wp\/v2\/jugador?post=19947"},{"taxonomy":"marca","embeddable":true,"href":"https:\/\/revolutionpadelstore.com\/de\/wp-json\/wp\/v2\/marca?post=19947"},{"taxonomy":"nivel-de-juego","embeddable":true,"href":"https:\/\/revolutionpadelstore.com\/de\/wp-json\/wp\/v2\/nivel-de-juego?post=19947"},{"taxonomy":"superficie","embeddable":true,"href":"https:\/\/revolutionpadelstore.com\/de\/wp-json\/wp\/v2\/superficie?post=19947"},{"taxonomy":"tipo-de-juego","embeddable":true,"href":"https:\/\/revolutionpadelstore.com\/de\/wp-json\/wp\/v2\/tipo-de-juego?post=19947"},{"taxonomy":"product_brand","embeddable":true,"href":"https:\/\/revolutionpadelstore.com\/de\/wp-json\/wp\/v2\/product_brand?post=19947"},{"taxonomy":"product_cat","embeddable":true,"href":"https:\/\/revolutionpadelstore.com\/de\/wp-json\/wp\/v2\/product_cat?post=19947"},{"taxonomy":"product_tag","embeddable":true,"href":"https:\/\/revolutionpadelstore.com\/de\/wp-json\/wp\/v2\/product_tag?post=19947"}],"curies":[{"name":"wp","href":"https:\/\/api.w.org\/{rel}","templated":true}]}}