{"id":19912,"date":"2024-03-23T17:38:59","date_gmt":"2024-03-23T16:38:59","guid":{"rendered":"https:\/\/revolutionpadelstore.com\/nox-ml-10-pro-cup-silver\/"},"modified":"2026-04-01T11:17:21","modified_gmt":"2026-04-01T09:17:21","slug":"nox-ml-10-pro-cup-silver-1","status":"publish","type":"product","link":"https:\/\/revolutionpadelstore.com\/de\/produkt\/nox-ml-10-pro-cup-silver-1\/","title":{"rendered":"NOX ML 10 PRO CUP SILVER"},"content":{"rendered":"<h2>Warum wird Ihnen der Nox ML 10 Pro Cup Silver-Schl\u00e4ger gefallen?<\/h2>\n<p>Der Nox-Schl\u00e4ger hat ein geringeres Gewicht und ein komfortables Design, das sich Ihren Bewegungen anpasst. Widerstandsf\u00e4hig und von gro\u00dfer St\u00e4rke.<\/p>\n<h2>F\u00fcr welchen Spielertyp ist der Nox ML 10 Pro Cup Silver-Schl\u00e4ger geeignet?<\/h2>\n<p>Dieser Padelschl\u00e4ger eignet sich f\u00fcr Spieler, die gerade erst anfangen oder sich schon l\u00e4nger mit dieser Sportart besch\u00e4ftigen. Es verleiht jedem Schuss Qualit\u00e4t und hilft, sich mit der Zeit zu verbessern.<\/p>\n<h2>Design und Farben<\/h2>\n<p>Das Design dieses Padelschl\u00e4gers ist attraktiv und auff\u00e4llig und richtet sich an das weibliche Publikum. Seine wei\u00dfe Farbe hebt das silberne Logo in der Mitte hervor, das sowohl auf der Vorderseite als auch auf der Au\u00dfenseite des Rahmens mit fluoreszierenden rosa Details verziert ist.<\/p>\n<h2>\u00bfPor qu\u00e9 va a gustar la pala Nox ML 10 Pro Cup Silver?<\/h2>\n","protected":false},"excerpt":{"rendered":"<p>Dieser <strong>Nox-Schl\u00e4ger<\/strong> ist f\u00fcr Spieler aller Spielst\u00e4rken konzipiert. Leicht, wendig und perfekt f\u00fcr ein Spiel voller Emotionen und Action. Mit der idealen St\u00e4rke, um Spiele zu gewinnen.<\/p>\n","protected":false},"featured_media":50875,"comment_status":"open","ping_status":"closed","template":"","meta":{"_acf_changed":false,"_joinchat":[]},"acabado":[1079],"balance":[1139],"dureza":[1154],"forma":[1179],"jugador":[1189,1199],"marca":[1259],"nivel-de-juego":[1334],"superficie":[1354],"tipo-de-juego":[1384],"product_brand":[],"product_cat":[299],"product_tag":[],"class_list":{"0":"post-19912","1":"product","2":"type-product","3":"status-publish","4":"has-post-thumbnail","6":"acabado-helligkeit","7":"balance-mittel","8":"dureza-media-de","9":"forma-rund","10":"jugador-mann","11":"jugador-mehrzweck","12":"marca-nox-de","13":"superficie-lisa-de","14":"tipo-de-juego-mehrzweck","15":"product_cat-palas-de-padel-de","17":"first","18":"outofstock","19":"taxable","20":"shipping-taxable","21":"purchasable","22":"product-type-simple"},"acf":[],"yoast_head":"<!-- This site is optimized with the Yoast SEO plugin v27.3 - https:\/\/yoast.com\/product\/yoast-seo-wordpress\/ -->\n<title>NOX ML 10 PRO CUP SILVER - Revolution Padel Store<\/title>\n<meta name=\"description\" content=\"Esta pala Nox est\u00e1 dise\u00f1ada para jugadoras de todo nivel. Ligera, maniobrable y perfecta para lograr un juego cargado de emoci\u00f3n y acci\u00f3n. Con la fuerza ideal para ganar partidos.\" \/>\n<meta name=\"robots\" content=\"index, follow, max-snippet:-1, max-image-preview:large, max-video-preview:-1\" \/>\n<link rel=\"canonical\" href=\"https:\/\/revolutionpadelstore.com\/de\/produkt\/nox-ml-10-pro-cup-silver-1\/\" \/>\n<meta property=\"og:locale\" content=\"de_DE\" \/>\n<meta property=\"og:type\" content=\"article\" \/>\n<meta property=\"og:title\" content=\"NOX ML 10 PRO CUP SILVER - Revolution Padel Store\" \/>\n<meta property=\"og:description\" content=\"Esta pala Nox est\u00e1 dise\u00f1ada para jugadoras de todo nivel. Ligera, maniobrable y perfecta para lograr un juego cargado de emoci\u00f3n y acci\u00f3n. Con la fuerza ideal para ganar partidos.\" \/>\n<meta property=\"og:url\" content=\"https:\/\/revolutionpadelstore.com\/de\/produkt\/nox-ml-10-pro-cup-silver-1\/\" \/>\n<meta property=\"og:site_name\" content=\"Revolution Padel Store\" \/>\n<meta property=\"article:modified_time\" content=\"2026-04-01T09:17:21+00:00\" \/>\n<meta property=\"og:image\" content=\"https:\/\/revolutionpadelstore.com\/wp-content\/uploads\/2024\/03\/PML10PRCUSIL22_1000_10006__0f39.webp\" \/>\n\t<meta property=\"og:image:width\" content=\"1000\" \/>\n\t<meta property=\"og:image:height\" content=\"1000\" \/>\n\t<meta property=\"og:image:type\" content=\"image\/webp\" \/>\n<meta name=\"twitter:card\" content=\"summary_large_image\" \/>\n<meta name=\"twitter:label1\" content=\"Gesch\u00e4tzte Lesezeit\" \/>\n\t<meta name=\"twitter:data1\" content=\"1\u00a0Minute\" \/>\n<script type=\"application\/ld+json\" class=\"yoast-schema-graph\">{\"@context\":\"https:\\\/\\\/schema.org\",\"@graph\":[{\"@type\":\"WebPage\",\"@id\":\"https:\\\/\\\/revolutionpadelstore.com\\\/de\\\/produkt\\\/nox-ml-10-pro-cup-silver-1\\\/\",\"url\":\"https:\\\/\\\/revolutionpadelstore.com\\\/de\\\/produkt\\\/nox-ml-10-pro-cup-silver-1\\\/\",\"name\":\"NOX ML 10 PRO CUP SILVER - Revolution Padel Store\",\"isPartOf\":{\"@id\":\"https:\\\/\\\/revolutionpadelstore.com\\\/de\\\/#website\"},\"primaryImageOfPage\":{\"@id\":\"https:\\\/\\\/revolutionpadelstore.com\\\/de\\\/produkt\\\/nox-ml-10-pro-cup-silver-1\\\/#primaryimage\"},\"image\":{\"@id\":\"https:\\\/\\\/revolutionpadelstore.com\\\/de\\\/produkt\\\/nox-ml-10-pro-cup-silver-1\\\/#primaryimage\"},\"thumbnailUrl\":\"https:\\\/\\\/revolutionpadelstore.com\\\/wp-content\\\/uploads\\\/2024\\\/03\\\/PML10PRCUSIL22_1000_10006__0f39.webp\",\"datePublished\":\"2024-03-23T16:38:59+00:00\",\"dateModified\":\"2026-04-01T09:17:21+00:00\",\"description\":\"Esta pala Nox est\u00e1 dise\u00f1ada para jugadoras de todo nivel. Ligera, maniobrable y perfecta para lograr un juego cargado de emoci\u00f3n y acci\u00f3n. Con la fuerza ideal para ganar partidos.\",\"breadcrumb\":{\"@id\":\"https:\\\/\\\/revolutionpadelstore.com\\\/de\\\/produkt\\\/nox-ml-10-pro-cup-silver-1\\\/#breadcrumb\"},\"inLanguage\":\"de\",\"potentialAction\":[{\"@type\":\"ReadAction\",\"target\":[\"https:\\\/\\\/revolutionpadelstore.com\\\/de\\\/produkt\\\/nox-ml-10-pro-cup-silver-1\\\/\"]}]},{\"@type\":\"ImageObject\",\"inLanguage\":\"de\",\"@id\":\"https:\\\/\\\/revolutionpadelstore.com\\\/de\\\/produkt\\\/nox-ml-10-pro-cup-silver-1\\\/#primaryimage\",\"url\":\"https:\\\/\\\/revolutionpadelstore.com\\\/wp-content\\\/uploads\\\/2024\\\/03\\\/PML10PRCUSIL22_1000_10006__0f39.webp\",\"contentUrl\":\"https:\\\/\\\/revolutionpadelstore.com\\\/wp-content\\\/uploads\\\/2024\\\/03\\\/PML10PRCUSIL22_1000_10006__0f39.webp\",\"width\":1000,\"height\":1000},{\"@type\":\"BreadcrumbList\",\"@id\":\"https:\\\/\\\/revolutionpadelstore.com\\\/de\\\/produkt\\\/nox-ml-10-pro-cup-silver-1\\\/#breadcrumb\",\"itemListElement\":[{\"@type\":\"ListItem\",\"position\":1,\"name\":\"Portada\",\"item\":\"https:\\\/\\\/revolutionpadelstore.com\\\/de\\\/\"},{\"@type\":\"ListItem\",\"position\":2,\"name\":\"Shop\",\"item\":\"https:\\\/\\\/revolutionpadelstore.com\\\/de\\\/tienda\\\/\"},{\"@type\":\"ListItem\",\"position\":3,\"name\":\"NOX ML 10 PRO CUP SILVER\"}]},{\"@type\":\"WebSite\",\"@id\":\"https:\\\/\\\/revolutionpadelstore.com\\\/de\\\/#website\",\"url\":\"https:\\\/\\\/revolutionpadelstore.com\\\/de\\\/\",\"name\":\"Revolution Padel Store\",\"description\":\"\",\"publisher\":{\"@id\":\"https:\\\/\\\/revolutionpadelstore.com\\\/de\\\/#organization\"},\"potentialAction\":[{\"@type\":\"SearchAction\",\"target\":{\"@type\":\"EntryPoint\",\"urlTemplate\":\"https:\\\/\\\/revolutionpadelstore.com\\\/de\\\/?s={search_term_string}\"},\"query-input\":{\"@type\":\"PropertyValueSpecification\",\"valueRequired\":true,\"valueName\":\"search_term_string\"}}],\"inLanguage\":\"de\"},{\"@type\":\"Organization\",\"@id\":\"https:\\\/\\\/revolutionpadelstore.com\\\/de\\\/#organization\",\"name\":\"Revolution Padel Store\",\"url\":\"https:\\\/\\\/revolutionpadelstore.com\\\/de\\\/\",\"logo\":{\"@type\":\"ImageObject\",\"inLanguage\":\"de\",\"@id\":\"https:\\\/\\\/revolutionpadelstore.com\\\/de\\\/#\\\/schema\\\/logo\\\/image\\\/\",\"url\":\"https:\\\/\\\/revolutionpadelstore.com\\\/wp-content\\\/uploads\\\/2026\\\/02\\\/revolution-padel-store.jpg\",\"contentUrl\":\"https:\\\/\\\/revolutionpadelstore.com\\\/wp-content\\\/uploads\\\/2026\\\/02\\\/revolution-padel-store.jpg\",\"width\":2000,\"height\":2000,\"caption\":\"Revolution Padel Store\"},\"image\":{\"@id\":\"https:\\\/\\\/revolutionpadelstore.com\\\/de\\\/#\\\/schema\\\/logo\\\/image\\\/\"},\"sameAs\":[\"https:\\\/\\\/www.instagram.com\\\/revolutionpadelstore\\\/\"]}]}<\/script>\n<!-- \/ Yoast SEO plugin. -->","yoast_head_json":{"title":"NOX ML 10 PRO CUP SILVER - Revolution Padel Store","description":"Esta pala Nox est\u00e1 dise\u00f1ada para jugadoras de todo nivel. Ligera, maniobrable y perfecta para lograr un juego cargado de emoci\u00f3n y acci\u00f3n. Con la fuerza ideal para ganar partidos.","robots":{"index":"index","follow":"follow","max-snippet":"max-snippet:-1","max-image-preview":"max-image-preview:large","max-video-preview":"max-video-preview:-1"},"canonical":"https:\/\/revolutionpadelstore.com\/de\/produkt\/nox-ml-10-pro-cup-silver-1\/","og_locale":"de_DE","og_type":"article","og_title":"NOX ML 10 PRO CUP SILVER - Revolution Padel Store","og_description":"Esta pala Nox est\u00e1 dise\u00f1ada para jugadoras de todo nivel. Ligera, maniobrable y perfecta para lograr un juego cargado de emoci\u00f3n y acci\u00f3n. Con la fuerza ideal para ganar partidos.","og_url":"https:\/\/revolutionpadelstore.com\/de\/produkt\/nox-ml-10-pro-cup-silver-1\/","og_site_name":"Revolution Padel Store","article_modified_time":"2026-04-01T09:17:21+00:00","og_image":[{"width":1000,"height":1000,"url":"https:\/\/revolutionpadelstore.com\/wp-content\/uploads\/2024\/03\/PML10PRCUSIL22_1000_10006__0f39.webp","type":"image\/webp"}],"twitter_card":"summary_large_image","twitter_misc":{"Gesch\u00e4tzte Lesezeit":"1\u00a0Minute"},"schema":{"@context":"https:\/\/schema.org","@graph":[{"@type":"WebPage","@id":"https:\/\/revolutionpadelstore.com\/de\/produkt\/nox-ml-10-pro-cup-silver-1\/","url":"https:\/\/revolutionpadelstore.com\/de\/produkt\/nox-ml-10-pro-cup-silver-1\/","name":"NOX ML 10 PRO CUP SILVER - Revolution Padel Store","isPartOf":{"@id":"https:\/\/revolutionpadelstore.com\/de\/#website"},"primaryImageOfPage":{"@id":"https:\/\/revolutionpadelstore.com\/de\/produkt\/nox-ml-10-pro-cup-silver-1\/#primaryimage"},"image":{"@id":"https:\/\/revolutionpadelstore.com\/de\/produkt\/nox-ml-10-pro-cup-silver-1\/#primaryimage"},"thumbnailUrl":"https:\/\/revolutionpadelstore.com\/wp-content\/uploads\/2024\/03\/PML10PRCUSIL22_1000_10006__0f39.webp","datePublished":"2024-03-23T16:38:59+00:00","dateModified":"2026-04-01T09:17:21+00:00","description":"Esta pala Nox est\u00e1 dise\u00f1ada para jugadoras de todo nivel. Ligera, maniobrable y perfecta para lograr un juego cargado de emoci\u00f3n y acci\u00f3n. Con la fuerza ideal para ganar partidos.","breadcrumb":{"@id":"https:\/\/revolutionpadelstore.com\/de\/produkt\/nox-ml-10-pro-cup-silver-1\/#breadcrumb"},"inLanguage":"de","potentialAction":[{"@type":"ReadAction","target":["https:\/\/revolutionpadelstore.com\/de\/produkt\/nox-ml-10-pro-cup-silver-1\/"]}]},{"@type":"ImageObject","inLanguage":"de","@id":"https:\/\/revolutionpadelstore.com\/de\/produkt\/nox-ml-10-pro-cup-silver-1\/#primaryimage","url":"https:\/\/revolutionpadelstore.com\/wp-content\/uploads\/2024\/03\/PML10PRCUSIL22_1000_10006__0f39.webp","contentUrl":"https:\/\/revolutionpadelstore.com\/wp-content\/uploads\/2024\/03\/PML10PRCUSIL22_1000_10006__0f39.webp","width":1000,"height":1000},{"@type":"BreadcrumbList","@id":"https:\/\/revolutionpadelstore.com\/de\/produkt\/nox-ml-10-pro-cup-silver-1\/#breadcrumb","itemListElement":[{"@type":"ListItem","position":1,"name":"Portada","item":"https:\/\/revolutionpadelstore.com\/de\/"},{"@type":"ListItem","position":2,"name":"Shop","item":"https:\/\/revolutionpadelstore.com\/de\/tienda\/"},{"@type":"ListItem","position":3,"name":"NOX ML 10 PRO CUP SILVER"}]},{"@type":"WebSite","@id":"https:\/\/revolutionpadelstore.com\/de\/#website","url":"https:\/\/revolutionpadelstore.com\/de\/","name":"Revolution Padel Store","description":"","publisher":{"@id":"https:\/\/revolutionpadelstore.com\/de\/#organization"},"potentialAction":[{"@type":"SearchAction","target":{"@type":"EntryPoint","urlTemplate":"https:\/\/revolutionpadelstore.com\/de\/?s={search_term_string}"},"query-input":{"@type":"PropertyValueSpecification","valueRequired":true,"valueName":"search_term_string"}}],"inLanguage":"de"},{"@type":"Organization","@id":"https:\/\/revolutionpadelstore.com\/de\/#organization","name":"Revolution Padel Store","url":"https:\/\/revolutionpadelstore.com\/de\/","logo":{"@type":"ImageObject","inLanguage":"de","@id":"https:\/\/revolutionpadelstore.com\/de\/#\/schema\/logo\/image\/","url":"https:\/\/revolutionpadelstore.com\/wp-content\/uploads\/2026\/02\/revolution-padel-store.jpg","contentUrl":"https:\/\/revolutionpadelstore.com\/wp-content\/uploads\/2026\/02\/revolution-padel-store.jpg","width":2000,"height":2000,"caption":"Revolution Padel Store"},"image":{"@id":"https:\/\/revolutionpadelstore.com\/de\/#\/schema\/logo\/image\/"},"sameAs":["https:\/\/www.instagram.com\/revolutionpadelstore\/"]}]}},"_links":{"self":[{"href":"https:\/\/revolutionpadelstore.com\/de\/wp-json\/wp\/v2\/product\/19912","targetHints":{"allow":["GET"]}}],"collection":[{"href":"https:\/\/revolutionpadelstore.com\/de\/wp-json\/wp\/v2\/product"}],"about":[{"href":"https:\/\/revolutionpadelstore.com\/de\/wp-json\/wp\/v2\/types\/product"}],"replies":[{"embeddable":true,"href":"https:\/\/revolutionpadelstore.com\/de\/wp-json\/wp\/v2\/comments?post=19912"}],"wp:featuredmedia":[{"embeddable":true,"href":"https:\/\/revolutionpadelstore.com\/de\/wp-json\/wp\/v2\/media\/50875"}],"wp:attachment":[{"href":"https:\/\/revolutionpadelstore.com\/de\/wp-json\/wp\/v2\/media?parent=19912"}],"wp:term":[{"taxonomy":"acabado","embeddable":true,"href":"https:\/\/revolutionpadelstore.com\/de\/wp-json\/wp\/v2\/acabado?post=19912"},{"taxonomy":"balance","embeddable":true,"href":"https:\/\/revolutionpadelstore.com\/de\/wp-json\/wp\/v2\/balance?post=19912"},{"taxonomy":"dureza","embeddable":true,"href":"https:\/\/revolutionpadelstore.com\/de\/wp-json\/wp\/v2\/dureza?post=19912"},{"taxonomy":"forma","embeddable":true,"href":"https:\/\/revolutionpadelstore.com\/de\/wp-json\/wp\/v2\/forma?post=19912"},{"taxonomy":"jugador","embeddable":true,"href":"https:\/\/revolutionpadelstore.com\/de\/wp-json\/wp\/v2\/jugador?post=19912"},{"taxonomy":"marca","embeddable":true,"href":"https:\/\/revolutionpadelstore.com\/de\/wp-json\/wp\/v2\/marca?post=19912"},{"taxonomy":"nivel-de-juego","embeddable":true,"href":"https:\/\/revolutionpadelstore.com\/de\/wp-json\/wp\/v2\/nivel-de-juego?post=19912"},{"taxonomy":"superficie","embeddable":true,"href":"https:\/\/revolutionpadelstore.com\/de\/wp-json\/wp\/v2\/superficie?post=19912"},{"taxonomy":"tipo-de-juego","embeddable":true,"href":"https:\/\/revolutionpadelstore.com\/de\/wp-json\/wp\/v2\/tipo-de-juego?post=19912"},{"taxonomy":"product_brand","embeddable":true,"href":"https:\/\/revolutionpadelstore.com\/de\/wp-json\/wp\/v2\/product_brand?post=19912"},{"taxonomy":"product_cat","embeddable":true,"href":"https:\/\/revolutionpadelstore.com\/de\/wp-json\/wp\/v2\/product_cat?post=19912"},{"taxonomy":"product_tag","embeddable":true,"href":"https:\/\/revolutionpadelstore.com\/de\/wp-json\/wp\/v2\/product_tag?post=19912"}],"curies":[{"name":"wp","href":"https:\/\/api.w.org\/{rel}","templated":true}]}}