{"id":198796,"date":"2025-02-26T23:46:24","date_gmt":"2025-02-26T22:46:24","guid":{"rendered":"https:\/\/revolutionpadelstore.com\/joma-master-1000-lady-2502-blanco\/"},"modified":"2026-04-01T02:59:16","modified_gmt":"2026-04-01T00:59:16","slug":"joma-master-1000-lady-2502-blanco-1","status":"publish","type":"product","link":"https:\/\/revolutionpadelstore.com\/de\/produkt\/joma-master-1000-lady-2502-blanco-1\/","title":{"rendered":"JOMA MASTER 1000 LADY 2502 BLANCO"},"content":{"rendered":"<p><H2> Padelschuhe f\u00fcr Frauen Joma T.Master 1000 Lady 2502 Wei\u00df<br \/>\nDie Joma T.Master 1000 2502 Dame sind die idealen Schuhe f\u00fcr Spieler, die im Paddel beginnen und ihre Technik mit Komfort, Schutz und optimalem D\u00e4mpfung verbessern m\u00f6chten. Diese Schuhe bieten Stabilit\u00e4t und Widerstand und kombinieren leichte Materialien und fortschrittliche Technologien, um die Leistung auf der Strecke zu maximieren.<\/p>\n<h2> <strong> Haupteigenschaften <\/ strong> <\/ h2><\/p>\n<p>-leichtes und atmungsaktives Design<br \/>\nDas Obermaterial wird in flexiblen semimikrofibra mit breefierbaren VTS -Mesh -Panels hergestellt, wodurch eine optimale Bel\u00fcftung erm\u00f6glicht wird und die \u00dcberhitzung des Fu\u00dfes verhindert. <\/p>\n<\/p>\n<p>-D\u00e4mpfung und Stabilit\u00e4t<br \/>\nDie leichte Phylon -Zwischensohle absorbiert die Auswirkungen auf jeden Fu\u00dfabdruck und bietet Komfort in jeder Bewegung. Dar\u00fcber hinaus umfasst es eine Schutztechnologie, die die Seite f\u00fcr mehr Widerstand und Haltbarkeit verst\u00e4rkt.<\/p>\n<p>-Maximaler Griff auf der Spur<br \/>\nDie Haltbarkeits -Gummi -Sohle mit Spike Drawing (Ton) bietet einen hervorragenden Grip an rutschigen Spuren und erm\u00f6glicht kontrollierte Erdrutsche und Sandausweisung. <\/p>\n<h2> <strong> Prominente Technologien <\/ strong> <\/ h2><\/p>\n<p>-Haltbarkeithohes Widerstand Gummi, der den Abriebverschlei\u00df verz\u00f6gert.<br \/>\n-Cortion -injiziertes Material, das den Zeh und die laterale f\u00fcr eine gr\u00f6\u00dfere Haltbarkeit verst\u00e4rkt.<br \/>\n-VTS -Ventilationssystem, das die Fu\u00dftemperatur reguliert und eine \u00dcberhitzung vermeidet. <\/p>\n<h2> <strong> Spezifikationen <\/ strong> <\/ h2><\/p>\n<p>-Empfohlene Verwendung: Training und Initiierung <\/p>\n<p>-Schnitt: Halbfunktion mit atmungsaktivem Netz-VTS <\/p>\n<p>-Strumpf: Licht und flexibler Phylon <\/p>\n<p>-Sohle: Haltbarkeit Gummi mit Spike-Muster <\/p>\n<p>-Farbe: wei\u00df <\/p>\n<p>-Referenz: TM10LS2502C <\/p>\n<h2> <strong> Holen Sie sich den Joma T.Master 1000 zum besten Preis <\/ strong> <\/ h2><br \/>\nEntdecken Sie die perfekte Balance zwischen Komfort, D\u00e4mpfung und Griff mit dem <strong> Joma T.Master 1000 <\/strong>. Perfekt f\u00fcr Spieler, die in den ersten Schritten im Paddel nach zuverl\u00e4ssigen und langlebigen Schuhen suchen. Holen Sie sich jetzt in unserem Online-Shop <a href=\"https:\/\/chatgpt.com\/g\/g-675432e026888191b6ee6d6f2fdbb15e-optimization-textos\/c\/www.revolutionPadelstore.com\"> www.revadelstore.ch.<\/p>\n<h2>Zapatillas de P\u00e1del para Mujer Joma T.Master 1000 lady 2502 Blanco<\/h2>\n","protected":false},"excerpt":{"rendered":"<p>Die Joma T.Master 1000 2502 Dame sind die perfekten Schuhe f\u00fcr Anf\u00e4ngerspieler im Paddel, die ihre Technik mit Komfort, Schutz und exzellenten Polsterung verbessern m\u00f6chten. Diese Schuhe wurden entwickelt, um Stabilit\u00e4t und Haltbarkeit zu bieten, und integrieren leichte Materialien und innovative Technologien, um die Leistung auf dem Platz zu optimieren.<\/p>\n","protected":false},"featured_media":197580,"comment_status":"open","ping_status":"closed","template":"","meta":{"_acf_changed":false,"_joinchat":[]},"acabado":[],"balance":[],"dureza":[],"forma":[],"jugador":[1194],"marca":[1224],"nivel-de-juego":[],"superficie":[],"tipo-de-juego":[],"product_brand":[],"product_cat":[831],"product_tag":[],"class_list":{"0":"post-198796","1":"product","2":"type-product","3":"status-publish","4":"has-post-thumbnail","6":"jugador-frau","7":"marca-joma-de","8":"product_cat-turnschuhe","10":"first","11":"outofstock","12":"sale","13":"taxable","14":"shipping-taxable","15":"purchasable","16":"product-type-variable"},"acf":[],"yoast_head":"<!-- This site is optimized with the Yoast SEO plugin v27.3 - https:\/\/yoast.com\/product\/yoast-seo-wordpress\/ -->\n<title>JOMA MASTER 1000 LADY 2502 BLANCO - Revolution Padel Store<\/title>\n<meta name=\"description\" content=\"Compra las zapatillas de p\u00e1del para mujer Joma T.Master 1000 con tecnolog\u00eda Durability, VTS y Protection. Comodidad, amortiguaci\u00f3n y agarre al mejor precio en www.revolutionpadelstore.com.\" \/>\n<meta name=\"robots\" content=\"index, follow, max-snippet:-1, max-image-preview:large, max-video-preview:-1\" \/>\n<link rel=\"canonical\" href=\"https:\/\/revolutionpadelstore.com\/de\/produkt\/joma-master-1000-lady-2502-blanco-1\/\" \/>\n<meta property=\"og:locale\" content=\"de_DE\" \/>\n<meta property=\"og:type\" content=\"article\" \/>\n<meta property=\"og:title\" content=\"JOMA MASTER 1000 LADY 2502 BLANCO - Revolution Padel Store\" \/>\n<meta property=\"og:description\" content=\"Compra las zapatillas de p\u00e1del para mujer Joma T.Master 1000 con tecnolog\u00eda Durability, VTS y Protection. Comodidad, amortiguaci\u00f3n y agarre al mejor precio en www.revolutionpadelstore.com.\" \/>\n<meta property=\"og:url\" content=\"https:\/\/revolutionpadelstore.com\/de\/produkt\/joma-master-1000-lady-2502-blanco-1\/\" \/>\n<meta property=\"og:site_name\" content=\"Revolution Padel Store\" \/>\n<meta property=\"article:modified_time\" content=\"2026-04-01T00:59:16+00:00\" \/>\n<meta property=\"og:image\" content=\"https:\/\/revolutionpadelstore.com\/wp-content\/uploads\/2025\/02\/FOTO-PALAS-7.png\" \/>\n\t<meta property=\"og:image:width\" content=\"1500\" \/>\n\t<meta property=\"og:image:height\" content=\"1500\" \/>\n\t<meta property=\"og:image:type\" content=\"image\/png\" \/>\n<meta name=\"twitter:card\" content=\"summary_large_image\" \/>\n<meta name=\"twitter:label1\" content=\"Gesch\u00e4tzte Lesezeit\" \/>\n\t<meta name=\"twitter:data1\" content=\"2\u00a0Minuten\" \/>\n<script type=\"application\/ld+json\" class=\"yoast-schema-graph\">{\"@context\":\"https:\\\/\\\/schema.org\",\"@graph\":[{\"@type\":\"WebPage\",\"@id\":\"https:\\\/\\\/revolutionpadelstore.com\\\/de\\\/produkt\\\/joma-master-1000-lady-2502-blanco-1\\\/\",\"url\":\"https:\\\/\\\/revolutionpadelstore.com\\\/de\\\/produkt\\\/joma-master-1000-lady-2502-blanco-1\\\/\",\"name\":\"JOMA MASTER 1000 LADY 2502 BLANCO - Revolution Padel Store\",\"isPartOf\":{\"@id\":\"https:\\\/\\\/revolutionpadelstore.com\\\/de\\\/#website\"},\"primaryImageOfPage\":{\"@id\":\"https:\\\/\\\/revolutionpadelstore.com\\\/de\\\/produkt\\\/joma-master-1000-lady-2502-blanco-1\\\/#primaryimage\"},\"image\":{\"@id\":\"https:\\\/\\\/revolutionpadelstore.com\\\/de\\\/produkt\\\/joma-master-1000-lady-2502-blanco-1\\\/#primaryimage\"},\"thumbnailUrl\":\"https:\\\/\\\/revolutionpadelstore.com\\\/wp-content\\\/uploads\\\/2025\\\/02\\\/FOTO-PALAS-7.png\",\"datePublished\":\"2025-02-26T22:46:24+00:00\",\"dateModified\":\"2026-04-01T00:59:16+00:00\",\"description\":\"Compra las zapatillas de p\u00e1del para mujer Joma T.Master 1000 con tecnolog\u00eda Durability, VTS y Protection. Comodidad, amortiguaci\u00f3n y agarre al mejor precio en www.revolutionpadelstore.com.\",\"breadcrumb\":{\"@id\":\"https:\\\/\\\/revolutionpadelstore.com\\\/de\\\/produkt\\\/joma-master-1000-lady-2502-blanco-1\\\/#breadcrumb\"},\"inLanguage\":\"de\",\"potentialAction\":[{\"@type\":\"ReadAction\",\"target\":[\"https:\\\/\\\/revolutionpadelstore.com\\\/de\\\/produkt\\\/joma-master-1000-lady-2502-blanco-1\\\/\"]}]},{\"@type\":\"ImageObject\",\"inLanguage\":\"de\",\"@id\":\"https:\\\/\\\/revolutionpadelstore.com\\\/de\\\/produkt\\\/joma-master-1000-lady-2502-blanco-1\\\/#primaryimage\",\"url\":\"https:\\\/\\\/revolutionpadelstore.com\\\/wp-content\\\/uploads\\\/2025\\\/02\\\/FOTO-PALAS-7.png\",\"contentUrl\":\"https:\\\/\\\/revolutionpadelstore.com\\\/wp-content\\\/uploads\\\/2025\\\/02\\\/FOTO-PALAS-7.png\",\"width\":1500,\"height\":1500},{\"@type\":\"BreadcrumbList\",\"@id\":\"https:\\\/\\\/revolutionpadelstore.com\\\/de\\\/produkt\\\/joma-master-1000-lady-2502-blanco-1\\\/#breadcrumb\",\"itemListElement\":[{\"@type\":\"ListItem\",\"position\":1,\"name\":\"Portada\",\"item\":\"https:\\\/\\\/revolutionpadelstore.com\\\/de\\\/\"},{\"@type\":\"ListItem\",\"position\":2,\"name\":\"Shop\",\"item\":\"https:\\\/\\\/revolutionpadelstore.com\\\/de\\\/tienda\\\/\"},{\"@type\":\"ListItem\",\"position\":3,\"name\":\"JOMA MASTER 1000 LADY 2502 BLANCO\"}]},{\"@type\":\"WebSite\",\"@id\":\"https:\\\/\\\/revolutionpadelstore.com\\\/de\\\/#website\",\"url\":\"https:\\\/\\\/revolutionpadelstore.com\\\/de\\\/\",\"name\":\"Revolution Padel Store\",\"description\":\"\",\"publisher\":{\"@id\":\"https:\\\/\\\/revolutionpadelstore.com\\\/de\\\/#organization\"},\"potentialAction\":[{\"@type\":\"SearchAction\",\"target\":{\"@type\":\"EntryPoint\",\"urlTemplate\":\"https:\\\/\\\/revolutionpadelstore.com\\\/de\\\/?s={search_term_string}\"},\"query-input\":{\"@type\":\"PropertyValueSpecification\",\"valueRequired\":true,\"valueName\":\"search_term_string\"}}],\"inLanguage\":\"de\"},{\"@type\":\"Organization\",\"@id\":\"https:\\\/\\\/revolutionpadelstore.com\\\/de\\\/#organization\",\"name\":\"Revolution Padel Store\",\"url\":\"https:\\\/\\\/revolutionpadelstore.com\\\/de\\\/\",\"logo\":{\"@type\":\"ImageObject\",\"inLanguage\":\"de\",\"@id\":\"https:\\\/\\\/revolutionpadelstore.com\\\/de\\\/#\\\/schema\\\/logo\\\/image\\\/\",\"url\":\"https:\\\/\\\/revolutionpadelstore.com\\\/wp-content\\\/uploads\\\/2026\\\/02\\\/revolution-padel-store.jpg\",\"contentUrl\":\"https:\\\/\\\/revolutionpadelstore.com\\\/wp-content\\\/uploads\\\/2026\\\/02\\\/revolution-padel-store.jpg\",\"width\":2000,\"height\":2000,\"caption\":\"Revolution Padel Store\"},\"image\":{\"@id\":\"https:\\\/\\\/revolutionpadelstore.com\\\/de\\\/#\\\/schema\\\/logo\\\/image\\\/\"},\"sameAs\":[\"https:\\\/\\\/www.instagram.com\\\/revolutionpadelstore\\\/\"]}]}<\/script>\n<!-- \/ Yoast SEO plugin. -->","yoast_head_json":{"title":"JOMA MASTER 1000 LADY 2502 BLANCO - Revolution Padel Store","description":"Compra las zapatillas de p\u00e1del para mujer Joma T.Master 1000 con tecnolog\u00eda Durability, VTS y Protection. Comodidad, amortiguaci\u00f3n y agarre al mejor precio en www.revolutionpadelstore.com.","robots":{"index":"index","follow":"follow","max-snippet":"max-snippet:-1","max-image-preview":"max-image-preview:large","max-video-preview":"max-video-preview:-1"},"canonical":"https:\/\/revolutionpadelstore.com\/de\/produkt\/joma-master-1000-lady-2502-blanco-1\/","og_locale":"de_DE","og_type":"article","og_title":"JOMA MASTER 1000 LADY 2502 BLANCO - Revolution Padel Store","og_description":"Compra las zapatillas de p\u00e1del para mujer Joma T.Master 1000 con tecnolog\u00eda Durability, VTS y Protection. Comodidad, amortiguaci\u00f3n y agarre al mejor precio en www.revolutionpadelstore.com.","og_url":"https:\/\/revolutionpadelstore.com\/de\/produkt\/joma-master-1000-lady-2502-blanco-1\/","og_site_name":"Revolution Padel Store","article_modified_time":"2026-04-01T00:59:16+00:00","og_image":[{"width":1500,"height":1500,"url":"https:\/\/revolutionpadelstore.com\/wp-content\/uploads\/2025\/02\/FOTO-PALAS-7.png","type":"image\/png"}],"twitter_card":"summary_large_image","twitter_misc":{"Gesch\u00e4tzte Lesezeit":"2\u00a0Minuten"},"schema":{"@context":"https:\/\/schema.org","@graph":[{"@type":"WebPage","@id":"https:\/\/revolutionpadelstore.com\/de\/produkt\/joma-master-1000-lady-2502-blanco-1\/","url":"https:\/\/revolutionpadelstore.com\/de\/produkt\/joma-master-1000-lady-2502-blanco-1\/","name":"JOMA MASTER 1000 LADY 2502 BLANCO - Revolution Padel Store","isPartOf":{"@id":"https:\/\/revolutionpadelstore.com\/de\/#website"},"primaryImageOfPage":{"@id":"https:\/\/revolutionpadelstore.com\/de\/produkt\/joma-master-1000-lady-2502-blanco-1\/#primaryimage"},"image":{"@id":"https:\/\/revolutionpadelstore.com\/de\/produkt\/joma-master-1000-lady-2502-blanco-1\/#primaryimage"},"thumbnailUrl":"https:\/\/revolutionpadelstore.com\/wp-content\/uploads\/2025\/02\/FOTO-PALAS-7.png","datePublished":"2025-02-26T22:46:24+00:00","dateModified":"2026-04-01T00:59:16+00:00","description":"Compra las zapatillas de p\u00e1del para mujer Joma T.Master 1000 con tecnolog\u00eda Durability, VTS y Protection. Comodidad, amortiguaci\u00f3n y agarre al mejor precio en www.revolutionpadelstore.com.","breadcrumb":{"@id":"https:\/\/revolutionpadelstore.com\/de\/produkt\/joma-master-1000-lady-2502-blanco-1\/#breadcrumb"},"inLanguage":"de","potentialAction":[{"@type":"ReadAction","target":["https:\/\/revolutionpadelstore.com\/de\/produkt\/joma-master-1000-lady-2502-blanco-1\/"]}]},{"@type":"ImageObject","inLanguage":"de","@id":"https:\/\/revolutionpadelstore.com\/de\/produkt\/joma-master-1000-lady-2502-blanco-1\/#primaryimage","url":"https:\/\/revolutionpadelstore.com\/wp-content\/uploads\/2025\/02\/FOTO-PALAS-7.png","contentUrl":"https:\/\/revolutionpadelstore.com\/wp-content\/uploads\/2025\/02\/FOTO-PALAS-7.png","width":1500,"height":1500},{"@type":"BreadcrumbList","@id":"https:\/\/revolutionpadelstore.com\/de\/produkt\/joma-master-1000-lady-2502-blanco-1\/#breadcrumb","itemListElement":[{"@type":"ListItem","position":1,"name":"Portada","item":"https:\/\/revolutionpadelstore.com\/de\/"},{"@type":"ListItem","position":2,"name":"Shop","item":"https:\/\/revolutionpadelstore.com\/de\/tienda\/"},{"@type":"ListItem","position":3,"name":"JOMA MASTER 1000 LADY 2502 BLANCO"}]},{"@type":"WebSite","@id":"https:\/\/revolutionpadelstore.com\/de\/#website","url":"https:\/\/revolutionpadelstore.com\/de\/","name":"Revolution Padel Store","description":"","publisher":{"@id":"https:\/\/revolutionpadelstore.com\/de\/#organization"},"potentialAction":[{"@type":"SearchAction","target":{"@type":"EntryPoint","urlTemplate":"https:\/\/revolutionpadelstore.com\/de\/?s={search_term_string}"},"query-input":{"@type":"PropertyValueSpecification","valueRequired":true,"valueName":"search_term_string"}}],"inLanguage":"de"},{"@type":"Organization","@id":"https:\/\/revolutionpadelstore.com\/de\/#organization","name":"Revolution Padel Store","url":"https:\/\/revolutionpadelstore.com\/de\/","logo":{"@type":"ImageObject","inLanguage":"de","@id":"https:\/\/revolutionpadelstore.com\/de\/#\/schema\/logo\/image\/","url":"https:\/\/revolutionpadelstore.com\/wp-content\/uploads\/2026\/02\/revolution-padel-store.jpg","contentUrl":"https:\/\/revolutionpadelstore.com\/wp-content\/uploads\/2026\/02\/revolution-padel-store.jpg","width":2000,"height":2000,"caption":"Revolution Padel Store"},"image":{"@id":"https:\/\/revolutionpadelstore.com\/de\/#\/schema\/logo\/image\/"},"sameAs":["https:\/\/www.instagram.com\/revolutionpadelstore\/"]}]}},"_links":{"self":[{"href":"https:\/\/revolutionpadelstore.com\/de\/wp-json\/wp\/v2\/product\/198796","targetHints":{"allow":["GET"]}}],"collection":[{"href":"https:\/\/revolutionpadelstore.com\/de\/wp-json\/wp\/v2\/product"}],"about":[{"href":"https:\/\/revolutionpadelstore.com\/de\/wp-json\/wp\/v2\/types\/product"}],"replies":[{"embeddable":true,"href":"https:\/\/revolutionpadelstore.com\/de\/wp-json\/wp\/v2\/comments?post=198796"}],"wp:featuredmedia":[{"embeddable":true,"href":"https:\/\/revolutionpadelstore.com\/de\/wp-json\/wp\/v2\/media\/197580"}],"wp:attachment":[{"href":"https:\/\/revolutionpadelstore.com\/de\/wp-json\/wp\/v2\/media?parent=198796"}],"wp:term":[{"taxonomy":"acabado","embeddable":true,"href":"https:\/\/revolutionpadelstore.com\/de\/wp-json\/wp\/v2\/acabado?post=198796"},{"taxonomy":"balance","embeddable":true,"href":"https:\/\/revolutionpadelstore.com\/de\/wp-json\/wp\/v2\/balance?post=198796"},{"taxonomy":"dureza","embeddable":true,"href":"https:\/\/revolutionpadelstore.com\/de\/wp-json\/wp\/v2\/dureza?post=198796"},{"taxonomy":"forma","embeddable":true,"href":"https:\/\/revolutionpadelstore.com\/de\/wp-json\/wp\/v2\/forma?post=198796"},{"taxonomy":"jugador","embeddable":true,"href":"https:\/\/revolutionpadelstore.com\/de\/wp-json\/wp\/v2\/jugador?post=198796"},{"taxonomy":"marca","embeddable":true,"href":"https:\/\/revolutionpadelstore.com\/de\/wp-json\/wp\/v2\/marca?post=198796"},{"taxonomy":"nivel-de-juego","embeddable":true,"href":"https:\/\/revolutionpadelstore.com\/de\/wp-json\/wp\/v2\/nivel-de-juego?post=198796"},{"taxonomy":"superficie","embeddable":true,"href":"https:\/\/revolutionpadelstore.com\/de\/wp-json\/wp\/v2\/superficie?post=198796"},{"taxonomy":"tipo-de-juego","embeddable":true,"href":"https:\/\/revolutionpadelstore.com\/de\/wp-json\/wp\/v2\/tipo-de-juego?post=198796"},{"taxonomy":"product_brand","embeddable":true,"href":"https:\/\/revolutionpadelstore.com\/de\/wp-json\/wp\/v2\/product_brand?post=198796"},{"taxonomy":"product_cat","embeddable":true,"href":"https:\/\/revolutionpadelstore.com\/de\/wp-json\/wp\/v2\/product_cat?post=198796"},{"taxonomy":"product_tag","embeddable":true,"href":"https:\/\/revolutionpadelstore.com\/de\/wp-json\/wp\/v2\/product_tag?post=198796"}],"curies":[{"name":"wp","href":"https:\/\/api.w.org\/{rel}","templated":true}]}}