{"id":198579,"date":"2025-03-06T12:32:28","date_gmt":"2025-03-06T11:32:28","guid":{"rendered":"https:\/\/revolutionpadelstore.com\/?post_type=product&#038;p=198579"},"modified":"2026-04-08T05:56:37","modified_gmt":"2026-04-08T03:56:37","slug":"siux-diablo-go-4-1","status":"publish","type":"product","link":"https:\/\/revolutionpadelstore.com\/de\/produkt\/siux-diablo-go-4-1\/","title":{"rendered":"SIUX DIABLO GO 4"},"content":{"rendered":"<p>&lt;Il<br \/>\nDer <strong> Siux Diablo 4 Go 2025 <\/strong> ist die perfekte Schaufel f\u00fcr Spieler mit mittlerer Ebene, die ihre Leistung mit einem vielseitigen und ausgewogenen Modell verbessern m\u00f6chten. Dank seiner <strong> 3K Alumesh -Oberfl\u00e4che <\/strong> bietet es eine ideale Kombination aus Flexibilit\u00e4t und Widerstand, die in jedem Schlag eine hervorragende Kontrolle erm\u00f6glicht. Dar\u00fcber hinaus bietet sein <strong> helles Finish <\/strong> nicht nur ein ausgekl\u00fcgeltes Design, sondern verbessert auch die Haltbarkeit.<\/p>\n<p>Mit einer <strong> mittleren Balance <\/strong> und <strong> Hybridform <\/strong> ist der <strong> Devil 4 Go 2025 <\/strong> ideal f\u00fcr diejenigen, die ihr Spiel verbessern m\u00f6chten, ohne Komfort und Pr\u00e4zision aufzugeben. Seine Lichtstruktur erleichtert schnelle Bewegungen und optimiert die Spielbarkeit auf der Strecke.<\/p>\n<h2> <strong> Eigenschaften und Technologien des Siux Devil 4 Go 2025 <\/ strong> <\/ h2><\/p>\n<p> <strong> -3k Alumesh oberficie<br \/>\n&lt;p style = &quot;padding-links: 40px;&quot;<br \/>\n&lt;p style = &quot;padding-links: 40px;&quot;<br \/>\n&lt;p style = &quot;padding-links: 40px;&quot;<br \/>\n<P> <strong> -E Er wurde eingestellt<\/p>\n<p> <strong> -Ronomic <\/strong>, das f\u00fcr Spieler entwickelt wurde, die ihr Niveau verbessern m\u00f6chten.<br \/>\n&lt;p style = &quot;padding-links: 40px;&quot;<\/p>\n<h2> <strong> Wer ist der Siux Devil 4 Go 2025? <\/ strong> <\/ h2><br \/>\nDiese Schaufel richtet sich an &lt;\/Strong -Spieler <\/strong> sucht ein ausgewogenes Modell, um ihre Leistung auf der Strecke zu verbessern. Seine durchschnittliche Ber\u00fchrung und die gro\u00dfartige Verwaltbarkeit machen es ideal f\u00fcr diejenigen, die Komfort und Pr\u00e4zision suchen, ohne die Macht aufzugeben.<\/p>\n<p>Dank seiner <strong> hybriden Form und der mittleren Balance <\/strong> passt sie sich an verschiedene Spielstile an, sodass Sie beide mit Kontrolle verteidigen und genau angreifen k\u00f6nnen.<\/p>\n<h2> <strong> Warum den Siux Devil 4 Go 2025 w\u00e4hlen? <\/ strong> <\/ h2><br \/>\n&lt;p style = &quot;padding-links: 40px;&quot;<br \/>\n<P> <strong> -Egonomisches Design <\/strong>, was den Komfort und das Management verbessert.<br \/>\n&lt;p style = &quot;padding-links: 40px;&quot;<\/p>\n<p> <strong> -Dourabilit\u00e4t und Widerstand <\/strong> mit hoher Qualit\u00e4t. <\/p>\n<p><P> <strong> -Deal, um Ihr Spiel zu entwickeln <\/strong> unabh\u00e4ngig von Ihrem Spielstil.<br \/>\nSiux ist eine Marke, die f\u00fcr ihre Innovation in der Welt des Paddle anerkannt ist und Bl\u00e4tter anbietet, die die Leistung der Spieler maximieren sollen. Der <strong> Diablo 4 Go 2025 <\/strong> ist keine Ausnahme mit fortschrittlichen Technologien, die eine beispiellose Erfahrung in jeder Partei garantieren.<\/p>\n<p><strong> Holen Sie sich bereits den Siux Devil 4 Go 2025 in unserem Online-Shop &lt;a href = &quot;https:\/\/chatgpt.com\/g\/g-675432e02688191b6ee6d6f2fdbb15e-optimization-textos\/c\/www.revolutionPadelstore.com. <\/strong><\/p>\n","protected":false},"excerpt":{"rendered":"<p>Der <strong> Siux Diablo 4 Go 2025 <\/strong> eignet sich perfekt f\u00fcr Spieler mit Zwischenstufe, die ihr Spiel mit einer ausgewogenen Schaufel an Kontrolle und Vielseitigkeit verbessern m\u00f6chten. Seine <strong> 3K Alumesh Surface <\/strong> bietet eine gro\u00dfe Flexibilit\u00e4t und Haltbarkeit, w\u00e4hrend sein brillantes Finish einen Hauch von Eleganz und Raffinesse bietet.<strong>Siux Diablo 4 Go 2025<\/strong><\/p>\n","protected":false},"featured_media":198585,"comment_status":"open","ping_status":"closed","template":"","meta":{"_acf_changed":false,"_joinchat":[]},"acabado":[1079],"balance":[1139],"dureza":[1154],"forma":[1184],"jugador":[1189,1199],"marca":[1304],"nivel-de-juego":[1349,1339],"superficie":[1354],"tipo-de-juego":[1384],"product_brand":[],"product_cat":[299],"product_tag":[],"class_list":{"0":"post-198579","1":"product","2":"type-product","3":"status-publish","4":"has-post-thumbnail","6":"acabado-helligkeit","7":"balance-mittel","8":"dureza-media-de","9":"forma-lagrima-de","10":"jugador-mann","11":"jugador-mehrzweck","12":"marca-siux-de","13":"superficie-lisa-de","14":"tipo-de-juego-mehrzweck","15":"product_cat-palas-de-padel-de","17":"first","18":"instock","19":"sale","20":"taxable","21":"shipping-taxable","22":"purchasable","23":"product-type-simple"},"acf":[],"yoast_head":"<!-- This site is optimized with the Yoast SEO plugin v27.4 - https:\/\/yoast.com\/product\/yoast-seo-wordpress\/ -->\n<title>SIUX DIABLO GO 4 - Revolution Padel Store<\/title>\n<meta name=\"description\" content=\"Descubre la Siux Diablo 4 Go 2025, una pala de p\u00e1del ideal para jugadores intermedios que buscan equilibrio, control y un dise\u00f1o sofisticado. \u00a1C\u00f3mprala en Revolution Padel Store al mejor precio!\" \/>\n<meta name=\"robots\" content=\"index, follow, max-snippet:-1, max-image-preview:large, max-video-preview:-1\" \/>\n<link rel=\"canonical\" href=\"https:\/\/revolutionpadelstore.com\/de\/produkt\/siux-diablo-go-4-1\/\" \/>\n<meta property=\"og:locale\" content=\"de_DE\" \/>\n<meta property=\"og:type\" content=\"article\" \/>\n<meta property=\"og:title\" content=\"SIUX DIABLO GO 4 - Revolution Padel Store\" \/>\n<meta property=\"og:description\" content=\"Descubre la Siux Diablo 4 Go 2025, una pala de p\u00e1del ideal para jugadores intermedios que buscan equilibrio, control y un dise\u00f1o sofisticado. \u00a1C\u00f3mprala en Revolution Padel Store al mejor precio!\" \/>\n<meta property=\"og:url\" content=\"https:\/\/revolutionpadelstore.com\/de\/produkt\/siux-diablo-go-4-1\/\" \/>\n<meta property=\"og:site_name\" content=\"Revolution Padel Store\" \/>\n<meta property=\"article:modified_time\" content=\"2026-04-08T03:56:37+00:00\" \/>\n<meta property=\"og:image\" content=\"https:\/\/revolutionpadelstore.com\/wp-content\/uploads\/2025\/03\/DiabloGo4.6.1.png\" \/>\n\t<meta property=\"og:image:width\" content=\"1024\" \/>\n\t<meta property=\"og:image:height\" content=\"1024\" \/>\n\t<meta property=\"og:image:type\" content=\"image\/png\" \/>\n<meta name=\"twitter:card\" content=\"summary_large_image\" \/>\n<meta name=\"twitter:label1\" content=\"Gesch\u00e4tzte Lesezeit\" \/>\n\t<meta name=\"twitter:data1\" content=\"2\u00a0Minuten\" \/>\n<script type=\"application\/ld+json\" class=\"yoast-schema-graph\">{\"@context\":\"https:\\\/\\\/schema.org\",\"@graph\":[{\"@type\":\"WebPage\",\"@id\":\"https:\\\/\\\/revolutionpadelstore.com\\\/de\\\/produkt\\\/siux-diablo-go-4-1\\\/\",\"url\":\"https:\\\/\\\/revolutionpadelstore.com\\\/de\\\/produkt\\\/siux-diablo-go-4-1\\\/\",\"name\":\"SIUX DIABLO GO 4 - Revolution Padel Store\",\"isPartOf\":{\"@id\":\"https:\\\/\\\/revolutionpadelstore.com\\\/de\\\/#website\"},\"primaryImageOfPage\":{\"@id\":\"https:\\\/\\\/revolutionpadelstore.com\\\/de\\\/produkt\\\/siux-diablo-go-4-1\\\/#primaryimage\"},\"image\":{\"@id\":\"https:\\\/\\\/revolutionpadelstore.com\\\/de\\\/produkt\\\/siux-diablo-go-4-1\\\/#primaryimage\"},\"thumbnailUrl\":\"https:\\\/\\\/revolutionpadelstore.com\\\/wp-content\\\/uploads\\\/2025\\\/03\\\/DiabloGo4.6.1.png\",\"datePublished\":\"2025-03-06T11:32:28+00:00\",\"dateModified\":\"2026-04-08T03:56:37+00:00\",\"description\":\"Descubre la Siux Diablo 4 Go 2025, una pala de p\u00e1del ideal para jugadores intermedios que buscan equilibrio, control y un dise\u00f1o sofisticado. \u00a1C\u00f3mprala en Revolution Padel Store al mejor precio!\",\"breadcrumb\":{\"@id\":\"https:\\\/\\\/revolutionpadelstore.com\\\/de\\\/produkt\\\/siux-diablo-go-4-1\\\/#breadcrumb\"},\"inLanguage\":\"de\",\"potentialAction\":[{\"@type\":\"ReadAction\",\"target\":[\"https:\\\/\\\/revolutionpadelstore.com\\\/de\\\/produkt\\\/siux-diablo-go-4-1\\\/\"]}]},{\"@type\":\"ImageObject\",\"inLanguage\":\"de\",\"@id\":\"https:\\\/\\\/revolutionpadelstore.com\\\/de\\\/produkt\\\/siux-diablo-go-4-1\\\/#primaryimage\",\"url\":\"https:\\\/\\\/revolutionpadelstore.com\\\/wp-content\\\/uploads\\\/2025\\\/03\\\/DiabloGo4.6.1.png\",\"contentUrl\":\"https:\\\/\\\/revolutionpadelstore.com\\\/wp-content\\\/uploads\\\/2025\\\/03\\\/DiabloGo4.6.1.png\",\"width\":1024,\"height\":1024},{\"@type\":\"BreadcrumbList\",\"@id\":\"https:\\\/\\\/revolutionpadelstore.com\\\/de\\\/produkt\\\/siux-diablo-go-4-1\\\/#breadcrumb\",\"itemListElement\":[{\"@type\":\"ListItem\",\"position\":1,\"name\":\"Portada\",\"item\":\"https:\\\/\\\/revolutionpadelstore.com\\\/de\\\/\"},{\"@type\":\"ListItem\",\"position\":2,\"name\":\"Shop\",\"item\":\"https:\\\/\\\/revolutionpadelstore.com\\\/de\\\/tienda\\\/\"},{\"@type\":\"ListItem\",\"position\":3,\"name\":\"SIUX DIABLO GO 4\"}]},{\"@type\":\"WebSite\",\"@id\":\"https:\\\/\\\/revolutionpadelstore.com\\\/de\\\/#website\",\"url\":\"https:\\\/\\\/revolutionpadelstore.com\\\/de\\\/\",\"name\":\"Revolution Padel Store\",\"description\":\"\",\"publisher\":{\"@id\":\"https:\\\/\\\/revolutionpadelstore.com\\\/de\\\/#organization\"},\"potentialAction\":[{\"@type\":\"SearchAction\",\"target\":{\"@type\":\"EntryPoint\",\"urlTemplate\":\"https:\\\/\\\/revolutionpadelstore.com\\\/de\\\/?s={search_term_string}\"},\"query-input\":{\"@type\":\"PropertyValueSpecification\",\"valueRequired\":true,\"valueName\":\"search_term_string\"}}],\"inLanguage\":\"de\"},{\"@type\":\"Organization\",\"@id\":\"https:\\\/\\\/revolutionpadelstore.com\\\/de\\\/#organization\",\"name\":\"Revolution Padel Store\",\"url\":\"https:\\\/\\\/revolutionpadelstore.com\\\/de\\\/\",\"logo\":{\"@type\":\"ImageObject\",\"inLanguage\":\"de\",\"@id\":\"https:\\\/\\\/revolutionpadelstore.com\\\/de\\\/#\\\/schema\\\/logo\\\/image\\\/\",\"url\":\"https:\\\/\\\/revolutionpadelstore.com\\\/wp-content\\\/uploads\\\/2026\\\/02\\\/revolution-padel-store.jpg\",\"contentUrl\":\"https:\\\/\\\/revolutionpadelstore.com\\\/wp-content\\\/uploads\\\/2026\\\/02\\\/revolution-padel-store.jpg\",\"width\":2000,\"height\":2000,\"caption\":\"Revolution Padel Store\"},\"image\":{\"@id\":\"https:\\\/\\\/revolutionpadelstore.com\\\/de\\\/#\\\/schema\\\/logo\\\/image\\\/\"},\"sameAs\":[\"https:\\\/\\\/www.instagram.com\\\/revolutionpadelstore\\\/\"]}]}<\/script>\n<!-- \/ Yoast SEO plugin. -->","yoast_head_json":{"title":"SIUX DIABLO GO 4 - Revolution Padel Store","description":"Descubre la Siux Diablo 4 Go 2025, una pala de p\u00e1del ideal para jugadores intermedios que buscan equilibrio, control y un dise\u00f1o sofisticado. \u00a1C\u00f3mprala en Revolution Padel Store al mejor precio!","robots":{"index":"index","follow":"follow","max-snippet":"max-snippet:-1","max-image-preview":"max-image-preview:large","max-video-preview":"max-video-preview:-1"},"canonical":"https:\/\/revolutionpadelstore.com\/de\/produkt\/siux-diablo-go-4-1\/","og_locale":"de_DE","og_type":"article","og_title":"SIUX DIABLO GO 4 - Revolution Padel Store","og_description":"Descubre la Siux Diablo 4 Go 2025, una pala de p\u00e1del ideal para jugadores intermedios que buscan equilibrio, control y un dise\u00f1o sofisticado. \u00a1C\u00f3mprala en Revolution Padel Store al mejor precio!","og_url":"https:\/\/revolutionpadelstore.com\/de\/produkt\/siux-diablo-go-4-1\/","og_site_name":"Revolution Padel Store","article_modified_time":"2026-04-08T03:56:37+00:00","og_image":[{"width":1024,"height":1024,"url":"https:\/\/revolutionpadelstore.com\/wp-content\/uploads\/2025\/03\/DiabloGo4.6.1.png","type":"image\/png"}],"twitter_card":"summary_large_image","twitter_misc":{"Gesch\u00e4tzte Lesezeit":"2\u00a0Minuten"},"schema":{"@context":"https:\/\/schema.org","@graph":[{"@type":"WebPage","@id":"https:\/\/revolutionpadelstore.com\/de\/produkt\/siux-diablo-go-4-1\/","url":"https:\/\/revolutionpadelstore.com\/de\/produkt\/siux-diablo-go-4-1\/","name":"SIUX DIABLO GO 4 - Revolution Padel Store","isPartOf":{"@id":"https:\/\/revolutionpadelstore.com\/de\/#website"},"primaryImageOfPage":{"@id":"https:\/\/revolutionpadelstore.com\/de\/produkt\/siux-diablo-go-4-1\/#primaryimage"},"image":{"@id":"https:\/\/revolutionpadelstore.com\/de\/produkt\/siux-diablo-go-4-1\/#primaryimage"},"thumbnailUrl":"https:\/\/revolutionpadelstore.com\/wp-content\/uploads\/2025\/03\/DiabloGo4.6.1.png","datePublished":"2025-03-06T11:32:28+00:00","dateModified":"2026-04-08T03:56:37+00:00","description":"Descubre la Siux Diablo 4 Go 2025, una pala de p\u00e1del ideal para jugadores intermedios que buscan equilibrio, control y un dise\u00f1o sofisticado. \u00a1C\u00f3mprala en Revolution Padel Store al mejor precio!","breadcrumb":{"@id":"https:\/\/revolutionpadelstore.com\/de\/produkt\/siux-diablo-go-4-1\/#breadcrumb"},"inLanguage":"de","potentialAction":[{"@type":"ReadAction","target":["https:\/\/revolutionpadelstore.com\/de\/produkt\/siux-diablo-go-4-1\/"]}]},{"@type":"ImageObject","inLanguage":"de","@id":"https:\/\/revolutionpadelstore.com\/de\/produkt\/siux-diablo-go-4-1\/#primaryimage","url":"https:\/\/revolutionpadelstore.com\/wp-content\/uploads\/2025\/03\/DiabloGo4.6.1.png","contentUrl":"https:\/\/revolutionpadelstore.com\/wp-content\/uploads\/2025\/03\/DiabloGo4.6.1.png","width":1024,"height":1024},{"@type":"BreadcrumbList","@id":"https:\/\/revolutionpadelstore.com\/de\/produkt\/siux-diablo-go-4-1\/#breadcrumb","itemListElement":[{"@type":"ListItem","position":1,"name":"Portada","item":"https:\/\/revolutionpadelstore.com\/de\/"},{"@type":"ListItem","position":2,"name":"Shop","item":"https:\/\/revolutionpadelstore.com\/de\/tienda\/"},{"@type":"ListItem","position":3,"name":"SIUX DIABLO GO 4"}]},{"@type":"WebSite","@id":"https:\/\/revolutionpadelstore.com\/de\/#website","url":"https:\/\/revolutionpadelstore.com\/de\/","name":"Revolution Padel Store","description":"","publisher":{"@id":"https:\/\/revolutionpadelstore.com\/de\/#organization"},"potentialAction":[{"@type":"SearchAction","target":{"@type":"EntryPoint","urlTemplate":"https:\/\/revolutionpadelstore.com\/de\/?s={search_term_string}"},"query-input":{"@type":"PropertyValueSpecification","valueRequired":true,"valueName":"search_term_string"}}],"inLanguage":"de"},{"@type":"Organization","@id":"https:\/\/revolutionpadelstore.com\/de\/#organization","name":"Revolution Padel Store","url":"https:\/\/revolutionpadelstore.com\/de\/","logo":{"@type":"ImageObject","inLanguage":"de","@id":"https:\/\/revolutionpadelstore.com\/de\/#\/schema\/logo\/image\/","url":"https:\/\/revolutionpadelstore.com\/wp-content\/uploads\/2026\/02\/revolution-padel-store.jpg","contentUrl":"https:\/\/revolutionpadelstore.com\/wp-content\/uploads\/2026\/02\/revolution-padel-store.jpg","width":2000,"height":2000,"caption":"Revolution Padel Store"},"image":{"@id":"https:\/\/revolutionpadelstore.com\/de\/#\/schema\/logo\/image\/"},"sameAs":["https:\/\/www.instagram.com\/revolutionpadelstore\/"]}]}},"_links":{"self":[{"href":"https:\/\/revolutionpadelstore.com\/de\/wp-json\/wp\/v2\/product\/198579","targetHints":{"allow":["GET"]}}],"collection":[{"href":"https:\/\/revolutionpadelstore.com\/de\/wp-json\/wp\/v2\/product"}],"about":[{"href":"https:\/\/revolutionpadelstore.com\/de\/wp-json\/wp\/v2\/types\/product"}],"replies":[{"embeddable":true,"href":"https:\/\/revolutionpadelstore.com\/de\/wp-json\/wp\/v2\/comments?post=198579"}],"wp:featuredmedia":[{"embeddable":true,"href":"https:\/\/revolutionpadelstore.com\/de\/wp-json\/wp\/v2\/media\/198585"}],"wp:attachment":[{"href":"https:\/\/revolutionpadelstore.com\/de\/wp-json\/wp\/v2\/media?parent=198579"}],"wp:term":[{"taxonomy":"acabado","embeddable":true,"href":"https:\/\/revolutionpadelstore.com\/de\/wp-json\/wp\/v2\/acabado?post=198579"},{"taxonomy":"balance","embeddable":true,"href":"https:\/\/revolutionpadelstore.com\/de\/wp-json\/wp\/v2\/balance?post=198579"},{"taxonomy":"dureza","embeddable":true,"href":"https:\/\/revolutionpadelstore.com\/de\/wp-json\/wp\/v2\/dureza?post=198579"},{"taxonomy":"forma","embeddable":true,"href":"https:\/\/revolutionpadelstore.com\/de\/wp-json\/wp\/v2\/forma?post=198579"},{"taxonomy":"jugador","embeddable":true,"href":"https:\/\/revolutionpadelstore.com\/de\/wp-json\/wp\/v2\/jugador?post=198579"},{"taxonomy":"marca","embeddable":true,"href":"https:\/\/revolutionpadelstore.com\/de\/wp-json\/wp\/v2\/marca?post=198579"},{"taxonomy":"nivel-de-juego","embeddable":true,"href":"https:\/\/revolutionpadelstore.com\/de\/wp-json\/wp\/v2\/nivel-de-juego?post=198579"},{"taxonomy":"superficie","embeddable":true,"href":"https:\/\/revolutionpadelstore.com\/de\/wp-json\/wp\/v2\/superficie?post=198579"},{"taxonomy":"tipo-de-juego","embeddable":true,"href":"https:\/\/revolutionpadelstore.com\/de\/wp-json\/wp\/v2\/tipo-de-juego?post=198579"},{"taxonomy":"product_brand","embeddable":true,"href":"https:\/\/revolutionpadelstore.com\/de\/wp-json\/wp\/v2\/product_brand?post=198579"},{"taxonomy":"product_cat","embeddable":true,"href":"https:\/\/revolutionpadelstore.com\/de\/wp-json\/wp\/v2\/product_cat?post=198579"},{"taxonomy":"product_tag","embeddable":true,"href":"https:\/\/revolutionpadelstore.com\/de\/wp-json\/wp\/v2\/product_tag?post=198579"}],"curies":[{"name":"wp","href":"https:\/\/api.w.org\/{rel}","templated":true}]}}