{"id":198341,"date":"2025-03-03T17:09:29","date_gmt":"2025-03-03T16:09:29","guid":{"rendered":"https:\/\/revolutionpadelstore.com\/sprint-team-3-5-clay-women-bscw\/"},"modified":"2026-04-01T02:52:39","modified_gmt":"2026-04-01T00:52:39","slug":"sprint-team-3-5-clay-women-bscw-1","status":"publish","type":"product","link":"https:\/\/revolutionpadelstore.com\/de\/produkt\/sprint-team-3-5-clay-women-bscw-1\/","title":{"rendered":"SPRINT TEAM 3.5 CLAY WOMEN BSCW"},"content":{"rendered":"<h2> <strong> Head Sprint Team 3.5 Tonfrau &#8211; Leichtigkeit, Widerstand und Atmungsaktivit\u00e4t <\/ strong> <\/ h2><br \/>\nDas <strong> Head Sprint Team 3.5 Clay Woman <\/strong> sind Schuhe f\u00fcr Spieler, die nach Komfort, Stabilit\u00e4t und hohen Spur der Spur suchen. Dieses erneute Modell verbessert die Atmungsaktivit\u00e4t erheblich und bietet hervorragende Unterst\u00fctzung und passt ergonomisch an den weiblichen Fu\u00df an.<\/p>\n<p>Das gr\u00fcne Design mit wei\u00dfer Sohle bietet eine moderne und dynamische Note. Dar\u00fcber hinaus verbessert seine Konstruktion in <strong> mesh -Gewebe <\/strong> die Bel\u00fcftung und h\u00e4lt Ihre frischen F\u00fc\u00dfe w\u00e4hrend der intensivsten Spiele aufrecht.<\/p>\n<h2> <strong> Prominente Eigenschaften <\/ strong> <\/ h2><br \/>\n<P>-Driftabwehr: Fortgeschrittener Schutz in der Zehen und der mittleren Zone, zunehmende Haltbarkeit.<br \/>\n-Hybring+: Spezielle Gummisohle f\u00fcr gr\u00f6\u00dfere Widerstand und Traktion in jeder Bewegung.<br \/>\n-Laterale Kontrolle: Verbessert die laterale Stabilit\u00e4t und verringert das Risiko von Verstauchungen.<br \/>\n-Lockdown -Riemen: Support -System, das den Fu\u00df fest und sicher h\u00e4lt.<br \/>\n-Suela in Spike: F\u00fcr eine optimale Traktion auf dehnbarem Boden und andere Oberfl\u00e4chenarten entwickelt. <\/p>\n<h2> <strong> Vorteile des Head Sprint Team 3.5 Clay Woman <\/ strong> <\/ h2><br \/>\n&lt;P style = &quot;padding-links: 40px;&quot;<\/p>\n<p> <strong> -Gran -Leichtigkeit <\/strong>, sodass schnelle und dynamische Bewegungen.<br \/>\n&lt;p style = &quot;padding-links: 40px;&quot;<\/p>\n<p> <strong> -Alta Resistenz <\/strong> dank der Materialien der neuesten Generation.<br \/>\nDas <strong> Head Sprint Team 3.5 Clay Woman <\/strong> ist die perfekte Wahl f\u00fcr Spieler, die nach einer Kombination aus <strong> Komfort, Griff und Haltbarkeit <\/strong> auf der Strecke suchen. Gehen Sie mit ihnen und bringen Sie Ihr Spiel auf das n\u00e4chste Level!<\/p>\n<p><strong> Kaufen Sie jetzt in unserem Online-Shop &lt;a href = &quot;https:\/\/chatgpt.com\/g\/g-675432e02688191b6ee6d6f2fdbb15e Markt. <\/strong><\/p>\n","protected":false},"excerpt":{"rendered":"<p>Das Head Sprint Team 3.5 -Schuhe mit Clay Sole sind f\u00fcr Sportlerinnen konzipiert, die nach Sicherheit, Haltbarkeit und hohen Leistung auf dem Platz suchen.<\/p>\n","protected":false},"featured_media":198107,"comment_status":"open","ping_status":"closed","template":"","meta":{"_acf_changed":false,"_joinchat":[]},"acabado":[],"balance":[],"dureza":[],"forma":[],"jugador":[1194],"marca":[1219],"nivel-de-juego":[],"superficie":[],"tipo-de-juego":[],"product_brand":[],"product_cat":[831],"product_tag":[],"class_list":{"0":"post-198341","1":"product","2":"type-product","3":"status-publish","4":"has-post-thumbnail","6":"jugador-frau","7":"marca-kopf","8":"product_cat-turnschuhe","10":"first","11":"outofstock","12":"sale","13":"taxable","14":"shipping-taxable","15":"purchasable","16":"product-type-variable"},"acf":[],"yoast_head":"<!-- This site is optimized with the Yoast SEO plugin v27.3 - https:\/\/yoast.com\/product\/yoast-seo-wordpress\/ -->\n<title>SPRINT TEAM 3.5 CLAY WOMEN BSCW - Revolution Padel Store<\/title>\n<meta name=\"description\" content=\"Consigue las Head Sprint Team 3.5 Clay Mujer, unas zapatillas ligeras, transpirables y resistentes para un alto rendimiento en la pista. \u00a1C\u00f3mpralas en Revolution Padel Store al mejor precio!\" \/>\n<meta name=\"robots\" content=\"index, follow, max-snippet:-1, max-image-preview:large, max-video-preview:-1\" \/>\n<link rel=\"canonical\" href=\"https:\/\/revolutionpadelstore.com\/de\/produkt\/sprint-team-3-5-clay-women-bscw-1\/\" \/>\n<meta property=\"og:locale\" content=\"de_DE\" \/>\n<meta property=\"og:type\" content=\"article\" \/>\n<meta property=\"og:title\" content=\"SPRINT TEAM 3.5 CLAY WOMEN BSCW - Revolution Padel Store\" \/>\n<meta property=\"og:description\" content=\"Consigue las Head Sprint Team 3.5 Clay Mujer, unas zapatillas ligeras, transpirables y resistentes para un alto rendimiento en la pista. \u00a1C\u00f3mpralas en Revolution Padel Store al mejor precio!\" \/>\n<meta property=\"og:url\" content=\"https:\/\/revolutionpadelstore.com\/de\/produkt\/sprint-team-3-5-clay-women-bscw-1\/\" \/>\n<meta property=\"og:site_name\" content=\"Revolution Padel Store\" \/>\n<meta property=\"article:modified_time\" content=\"2026-04-01T00:52:39+00:00\" \/>\n<meta property=\"og:image\" content=\"https:\/\/revolutionpadelstore.com\/wp-content\/uploads\/2025\/03\/464067.jpg\" \/>\n\t<meta property=\"og:image:width\" content=\"1000\" \/>\n\t<meta property=\"og:image:height\" content=\"1000\" \/>\n\t<meta property=\"og:image:type\" content=\"image\/jpeg\" \/>\n<meta name=\"twitter:card\" content=\"summary_large_image\" \/>\n<meta name=\"twitter:label1\" content=\"Gesch\u00e4tzte Lesezeit\" \/>\n\t<meta name=\"twitter:data1\" content=\"2\u00a0Minuten\" \/>\n<script type=\"application\/ld+json\" class=\"yoast-schema-graph\">{\"@context\":\"https:\\\/\\\/schema.org\",\"@graph\":[{\"@type\":\"WebPage\",\"@id\":\"https:\\\/\\\/revolutionpadelstore.com\\\/de\\\/produkt\\\/sprint-team-3-5-clay-women-bscw-1\\\/\",\"url\":\"https:\\\/\\\/revolutionpadelstore.com\\\/de\\\/produkt\\\/sprint-team-3-5-clay-women-bscw-1\\\/\",\"name\":\"SPRINT TEAM 3.5 CLAY WOMEN BSCW - Revolution Padel Store\",\"isPartOf\":{\"@id\":\"https:\\\/\\\/revolutionpadelstore.com\\\/de\\\/#website\"},\"primaryImageOfPage\":{\"@id\":\"https:\\\/\\\/revolutionpadelstore.com\\\/de\\\/produkt\\\/sprint-team-3-5-clay-women-bscw-1\\\/#primaryimage\"},\"image\":{\"@id\":\"https:\\\/\\\/revolutionpadelstore.com\\\/de\\\/produkt\\\/sprint-team-3-5-clay-women-bscw-1\\\/#primaryimage\"},\"thumbnailUrl\":\"https:\\\/\\\/revolutionpadelstore.com\\\/wp-content\\\/uploads\\\/2025\\\/03\\\/464067.jpg\",\"datePublished\":\"2025-03-03T16:09:29+00:00\",\"dateModified\":\"2026-04-01T00:52:39+00:00\",\"description\":\"Consigue las Head Sprint Team 3.5 Clay Mujer, unas zapatillas ligeras, transpirables y resistentes para un alto rendimiento en la pista. \u00a1C\u00f3mpralas en Revolution Padel Store al mejor precio!\",\"breadcrumb\":{\"@id\":\"https:\\\/\\\/revolutionpadelstore.com\\\/de\\\/produkt\\\/sprint-team-3-5-clay-women-bscw-1\\\/#breadcrumb\"},\"inLanguage\":\"de\",\"potentialAction\":[{\"@type\":\"ReadAction\",\"target\":[\"https:\\\/\\\/revolutionpadelstore.com\\\/de\\\/produkt\\\/sprint-team-3-5-clay-women-bscw-1\\\/\"]}]},{\"@type\":\"ImageObject\",\"inLanguage\":\"de\",\"@id\":\"https:\\\/\\\/revolutionpadelstore.com\\\/de\\\/produkt\\\/sprint-team-3-5-clay-women-bscw-1\\\/#primaryimage\",\"url\":\"https:\\\/\\\/revolutionpadelstore.com\\\/wp-content\\\/uploads\\\/2025\\\/03\\\/464067.jpg\",\"contentUrl\":\"https:\\\/\\\/revolutionpadelstore.com\\\/wp-content\\\/uploads\\\/2025\\\/03\\\/464067.jpg\",\"width\":1000,\"height\":1000},{\"@type\":\"BreadcrumbList\",\"@id\":\"https:\\\/\\\/revolutionpadelstore.com\\\/de\\\/produkt\\\/sprint-team-3-5-clay-women-bscw-1\\\/#breadcrumb\",\"itemListElement\":[{\"@type\":\"ListItem\",\"position\":1,\"name\":\"Portada\",\"item\":\"https:\\\/\\\/revolutionpadelstore.com\\\/de\\\/\"},{\"@type\":\"ListItem\",\"position\":2,\"name\":\"Shop\",\"item\":\"https:\\\/\\\/revolutionpadelstore.com\\\/de\\\/tienda\\\/\"},{\"@type\":\"ListItem\",\"position\":3,\"name\":\"SPRINT TEAM 3.5 CLAY WOMEN BSCW\"}]},{\"@type\":\"WebSite\",\"@id\":\"https:\\\/\\\/revolutionpadelstore.com\\\/de\\\/#website\",\"url\":\"https:\\\/\\\/revolutionpadelstore.com\\\/de\\\/\",\"name\":\"Revolution Padel Store\",\"description\":\"\",\"publisher\":{\"@id\":\"https:\\\/\\\/revolutionpadelstore.com\\\/de\\\/#organization\"},\"potentialAction\":[{\"@type\":\"SearchAction\",\"target\":{\"@type\":\"EntryPoint\",\"urlTemplate\":\"https:\\\/\\\/revolutionpadelstore.com\\\/de\\\/?s={search_term_string}\"},\"query-input\":{\"@type\":\"PropertyValueSpecification\",\"valueRequired\":true,\"valueName\":\"search_term_string\"}}],\"inLanguage\":\"de\"},{\"@type\":\"Organization\",\"@id\":\"https:\\\/\\\/revolutionpadelstore.com\\\/de\\\/#organization\",\"name\":\"Revolution Padel Store\",\"url\":\"https:\\\/\\\/revolutionpadelstore.com\\\/de\\\/\",\"logo\":{\"@type\":\"ImageObject\",\"inLanguage\":\"de\",\"@id\":\"https:\\\/\\\/revolutionpadelstore.com\\\/de\\\/#\\\/schema\\\/logo\\\/image\\\/\",\"url\":\"https:\\\/\\\/revolutionpadelstore.com\\\/wp-content\\\/uploads\\\/2026\\\/02\\\/revolution-padel-store.jpg\",\"contentUrl\":\"https:\\\/\\\/revolutionpadelstore.com\\\/wp-content\\\/uploads\\\/2026\\\/02\\\/revolution-padel-store.jpg\",\"width\":2000,\"height\":2000,\"caption\":\"Revolution Padel Store\"},\"image\":{\"@id\":\"https:\\\/\\\/revolutionpadelstore.com\\\/de\\\/#\\\/schema\\\/logo\\\/image\\\/\"},\"sameAs\":[\"https:\\\/\\\/www.instagram.com\\\/revolutionpadelstore\\\/\"]}]}<\/script>\n<!-- \/ Yoast SEO plugin. -->","yoast_head_json":{"title":"SPRINT TEAM 3.5 CLAY WOMEN BSCW - Revolution Padel Store","description":"Consigue las Head Sprint Team 3.5 Clay Mujer, unas zapatillas ligeras, transpirables y resistentes para un alto rendimiento en la pista. \u00a1C\u00f3mpralas en Revolution Padel Store al mejor precio!","robots":{"index":"index","follow":"follow","max-snippet":"max-snippet:-1","max-image-preview":"max-image-preview:large","max-video-preview":"max-video-preview:-1"},"canonical":"https:\/\/revolutionpadelstore.com\/de\/produkt\/sprint-team-3-5-clay-women-bscw-1\/","og_locale":"de_DE","og_type":"article","og_title":"SPRINT TEAM 3.5 CLAY WOMEN BSCW - Revolution Padel Store","og_description":"Consigue las Head Sprint Team 3.5 Clay Mujer, unas zapatillas ligeras, transpirables y resistentes para un alto rendimiento en la pista. \u00a1C\u00f3mpralas en Revolution Padel Store al mejor precio!","og_url":"https:\/\/revolutionpadelstore.com\/de\/produkt\/sprint-team-3-5-clay-women-bscw-1\/","og_site_name":"Revolution Padel Store","article_modified_time":"2026-04-01T00:52:39+00:00","og_image":[{"width":1000,"height":1000,"url":"https:\/\/revolutionpadelstore.com\/wp-content\/uploads\/2025\/03\/464067.jpg","type":"image\/jpeg"}],"twitter_card":"summary_large_image","twitter_misc":{"Gesch\u00e4tzte Lesezeit":"2\u00a0Minuten"},"schema":{"@context":"https:\/\/schema.org","@graph":[{"@type":"WebPage","@id":"https:\/\/revolutionpadelstore.com\/de\/produkt\/sprint-team-3-5-clay-women-bscw-1\/","url":"https:\/\/revolutionpadelstore.com\/de\/produkt\/sprint-team-3-5-clay-women-bscw-1\/","name":"SPRINT TEAM 3.5 CLAY WOMEN BSCW - Revolution Padel Store","isPartOf":{"@id":"https:\/\/revolutionpadelstore.com\/de\/#website"},"primaryImageOfPage":{"@id":"https:\/\/revolutionpadelstore.com\/de\/produkt\/sprint-team-3-5-clay-women-bscw-1\/#primaryimage"},"image":{"@id":"https:\/\/revolutionpadelstore.com\/de\/produkt\/sprint-team-3-5-clay-women-bscw-1\/#primaryimage"},"thumbnailUrl":"https:\/\/revolutionpadelstore.com\/wp-content\/uploads\/2025\/03\/464067.jpg","datePublished":"2025-03-03T16:09:29+00:00","dateModified":"2026-04-01T00:52:39+00:00","description":"Consigue las Head Sprint Team 3.5 Clay Mujer, unas zapatillas ligeras, transpirables y resistentes para un alto rendimiento en la pista. \u00a1C\u00f3mpralas en Revolution Padel Store al mejor precio!","breadcrumb":{"@id":"https:\/\/revolutionpadelstore.com\/de\/produkt\/sprint-team-3-5-clay-women-bscw-1\/#breadcrumb"},"inLanguage":"de","potentialAction":[{"@type":"ReadAction","target":["https:\/\/revolutionpadelstore.com\/de\/produkt\/sprint-team-3-5-clay-women-bscw-1\/"]}]},{"@type":"ImageObject","inLanguage":"de","@id":"https:\/\/revolutionpadelstore.com\/de\/produkt\/sprint-team-3-5-clay-women-bscw-1\/#primaryimage","url":"https:\/\/revolutionpadelstore.com\/wp-content\/uploads\/2025\/03\/464067.jpg","contentUrl":"https:\/\/revolutionpadelstore.com\/wp-content\/uploads\/2025\/03\/464067.jpg","width":1000,"height":1000},{"@type":"BreadcrumbList","@id":"https:\/\/revolutionpadelstore.com\/de\/produkt\/sprint-team-3-5-clay-women-bscw-1\/#breadcrumb","itemListElement":[{"@type":"ListItem","position":1,"name":"Portada","item":"https:\/\/revolutionpadelstore.com\/de\/"},{"@type":"ListItem","position":2,"name":"Shop","item":"https:\/\/revolutionpadelstore.com\/de\/tienda\/"},{"@type":"ListItem","position":3,"name":"SPRINT TEAM 3.5 CLAY WOMEN BSCW"}]},{"@type":"WebSite","@id":"https:\/\/revolutionpadelstore.com\/de\/#website","url":"https:\/\/revolutionpadelstore.com\/de\/","name":"Revolution Padel Store","description":"","publisher":{"@id":"https:\/\/revolutionpadelstore.com\/de\/#organization"},"potentialAction":[{"@type":"SearchAction","target":{"@type":"EntryPoint","urlTemplate":"https:\/\/revolutionpadelstore.com\/de\/?s={search_term_string}"},"query-input":{"@type":"PropertyValueSpecification","valueRequired":true,"valueName":"search_term_string"}}],"inLanguage":"de"},{"@type":"Organization","@id":"https:\/\/revolutionpadelstore.com\/de\/#organization","name":"Revolution Padel Store","url":"https:\/\/revolutionpadelstore.com\/de\/","logo":{"@type":"ImageObject","inLanguage":"de","@id":"https:\/\/revolutionpadelstore.com\/de\/#\/schema\/logo\/image\/","url":"https:\/\/revolutionpadelstore.com\/wp-content\/uploads\/2026\/02\/revolution-padel-store.jpg","contentUrl":"https:\/\/revolutionpadelstore.com\/wp-content\/uploads\/2026\/02\/revolution-padel-store.jpg","width":2000,"height":2000,"caption":"Revolution Padel Store"},"image":{"@id":"https:\/\/revolutionpadelstore.com\/de\/#\/schema\/logo\/image\/"},"sameAs":["https:\/\/www.instagram.com\/revolutionpadelstore\/"]}]}},"_links":{"self":[{"href":"https:\/\/revolutionpadelstore.com\/de\/wp-json\/wp\/v2\/product\/198341","targetHints":{"allow":["GET"]}}],"collection":[{"href":"https:\/\/revolutionpadelstore.com\/de\/wp-json\/wp\/v2\/product"}],"about":[{"href":"https:\/\/revolutionpadelstore.com\/de\/wp-json\/wp\/v2\/types\/product"}],"replies":[{"embeddable":true,"href":"https:\/\/revolutionpadelstore.com\/de\/wp-json\/wp\/v2\/comments?post=198341"}],"wp:featuredmedia":[{"embeddable":true,"href":"https:\/\/revolutionpadelstore.com\/de\/wp-json\/wp\/v2\/media\/198107"}],"wp:attachment":[{"href":"https:\/\/revolutionpadelstore.com\/de\/wp-json\/wp\/v2\/media?parent=198341"}],"wp:term":[{"taxonomy":"acabado","embeddable":true,"href":"https:\/\/revolutionpadelstore.com\/de\/wp-json\/wp\/v2\/acabado?post=198341"},{"taxonomy":"balance","embeddable":true,"href":"https:\/\/revolutionpadelstore.com\/de\/wp-json\/wp\/v2\/balance?post=198341"},{"taxonomy":"dureza","embeddable":true,"href":"https:\/\/revolutionpadelstore.com\/de\/wp-json\/wp\/v2\/dureza?post=198341"},{"taxonomy":"forma","embeddable":true,"href":"https:\/\/revolutionpadelstore.com\/de\/wp-json\/wp\/v2\/forma?post=198341"},{"taxonomy":"jugador","embeddable":true,"href":"https:\/\/revolutionpadelstore.com\/de\/wp-json\/wp\/v2\/jugador?post=198341"},{"taxonomy":"marca","embeddable":true,"href":"https:\/\/revolutionpadelstore.com\/de\/wp-json\/wp\/v2\/marca?post=198341"},{"taxonomy":"nivel-de-juego","embeddable":true,"href":"https:\/\/revolutionpadelstore.com\/de\/wp-json\/wp\/v2\/nivel-de-juego?post=198341"},{"taxonomy":"superficie","embeddable":true,"href":"https:\/\/revolutionpadelstore.com\/de\/wp-json\/wp\/v2\/superficie?post=198341"},{"taxonomy":"tipo-de-juego","embeddable":true,"href":"https:\/\/revolutionpadelstore.com\/de\/wp-json\/wp\/v2\/tipo-de-juego?post=198341"},{"taxonomy":"product_brand","embeddable":true,"href":"https:\/\/revolutionpadelstore.com\/de\/wp-json\/wp\/v2\/product_brand?post=198341"},{"taxonomy":"product_cat","embeddable":true,"href":"https:\/\/revolutionpadelstore.com\/de\/wp-json\/wp\/v2\/product_cat?post=198341"},{"taxonomy":"product_tag","embeddable":true,"href":"https:\/\/revolutionpadelstore.com\/de\/wp-json\/wp\/v2\/product_tag?post=198341"}],"curies":[{"name":"wp","href":"https:\/\/api.w.org\/{rel}","templated":true}]}}