{"id":198282,"date":"2025-03-03T00:07:44","date_gmt":"2025-03-02T23:07:44","guid":{"rendered":"https:\/\/revolutionpadelstore.com\/head-sprint-team-3-5-clay-men-dgbn\/"},"modified":"2026-04-08T05:59:37","modified_gmt":"2026-04-08T03:59:37","slug":"head-sprint-team-3-5-clay-men-dgbn-1","status":"publish","type":"product","link":"https:\/\/revolutionpadelstore.com\/de\/produkt\/head-sprint-team-3-5-clay-men-dgbn-1\/","title":{"rendered":"HEAD SPRINT TEAM 3.5 CLAY MEN DGBN"},"content":{"rendered":"<h2> Kopf Sprint -Team 3.5 Tongrau Mann &#8211; Leichtigkeit und Obergriff <\/ H2><br \/>\nDas <strong> Head Sprint Team 3.5 Ton <\/strong> sind die perfekten Paddelschuhe f\u00fcr Spieler, die Komfort, Atmungsaktivit\u00e4t und modernes Design suchen, ohne die Leistung zu beeintr\u00e4chtigen. Dieses Modell <strong> Head 2024 Modell <\/strong> kombiniert <strong> fortschrittliche Technologie und hochwertige Materialien <\/strong>, um eine stabile Profil und eine hervorragende Tracktraktion zu gew\u00e4hrleisten.<\/p>\n<h2> <strong> Vorteile des Head Sprint -Teams 3.5 Ton <\/ strong> <\/ h2><\/p>\n<p>-Atmungsaktivit\u00e4t und Komfort: Hergestellt mit ultraleichten Netzgewebe zur optimalen Bel\u00fcftung und Feuchtigkeitsreduzierung.<br \/>\n-Verst\u00e4rkt: Drift -Verteidigungstechnologie in der Mitte und die Fu\u00dfspitze erh\u00f6ht den Verschlei\u00dffestigkeit.<br \/>\n-Maximo Griff auf geschlagene Boden Hinweise: Spike Sohle (Ton), die in jeder Bewegung eine h\u00f6here Traktion bietet.<br \/>\n-Mayor -Stabilit\u00e4t: Die laterale Technologiekontrolle verbessert die laterale Unterst\u00fctzung bei schnellen und intensiven Verschiebungen.<br \/>\n-S Sicher: Lockdown -Gurtsystem, das einen festen und stabilen Fu\u00df im Schuh h\u00e4lt.<br \/>\n-Verbesserter Widerstand: Sohle mit Hybrastsion+ Gummi f\u00fcr gr\u00f6\u00dfere Haltbarkeit und Tracktraktion. <\/p>\n<h2> <strong> Technische Spezifikationen <\/ strong> <\/ h2><\/p>\n<p> <strong> -Marca: <\/strong> Kopf <\/p>\n<p> <strong> -model: <\/strong> Sprint -Team 3.5 Clay <\/p>\n<p> <strong> -Genero: <\/strong> Mann <\/p>\n<p> <strong> -Color: <\/strong> grau <\/p>\n<p>&lt;P style = &quot;padding-links: 40px;&quot;<br \/>\n&lt;p style = &quot;padding-links: 40px;&quot;<\/p>\n<p> <strong> -Thi<\/p>\n<h2> <strong> Wer sind diese Schuhe?<br \/>\nIdeal f\u00fcr Spieler aller Ebenen, die nach <strong> Agilit\u00e4t, Unterst\u00fctzung und Komfort in ihren Paddelspielen suchen. Ihr leichtes und atmungsaktives Design macht sie zu einer hervorragenden Option f\u00fcr diejenigen, die sich f\u00fcr ihre Dynamik auf der Strecke abheben.<\/p>\n<p><strong> Warte nicht l\u00e4nger!<\/p>\n<h2>Head Sprint Team 3.5 Clay Hombre Gris \u2013 Ligereza y agarre superior<\/h2>\n","protected":false},"excerpt":{"rendered":"<p>Padel -Schuhe f\u00fcr M\u00e4nner <strong> Head Sprint Team 3.5 Ton <\/strong> mit Spike Sohle f\u00fcr au\u00dfergew\u00f6hnlichen Griffe auf der Strecke. Ideal f\u00fcr Spieler aller Ebenen, f\u00e4llt auf ihre Leichtigkeit und ein modernes und attraktives Design hervor.<strong>Head Sprint Team 3.5 Clay<\/strong><\/p>\n","protected":false},"featured_media":198101,"comment_status":"open","ping_status":"closed","template":"","meta":{"_acf_changed":false,"_joinchat":[]},"acabado":[],"balance":[],"dureza":[],"forma":[],"jugador":[1189],"marca":[1219],"nivel-de-juego":[],"superficie":[],"tipo-de-juego":[],"product_brand":[],"product_cat":[831],"product_tag":[],"class_list":{"0":"post-198282","1":"product","2":"type-product","3":"status-publish","4":"has-post-thumbnail","6":"jugador-mann","7":"marca-kopf","8":"product_cat-turnschuhe","10":"first","11":"outofstock","12":"sale","13":"taxable","14":"shipping-taxable","15":"purchasable","16":"product-type-variable"},"acf":[],"yoast_head":"<!-- This site is optimized with the Yoast SEO plugin v27.4 - https:\/\/yoast.com\/product\/yoast-seo-wordpress\/ -->\n<title>HEAD SPRINT TEAM 3.5 CLAY MEN DGBN - Revolution Padel Store<\/title>\n<meta name=\"description\" content=\"Descubre las Head Sprint Team 3.5 Clay Hombre Gris, unas zapatillas de p\u00e1del ligeras, transpirables y con agarre superior en pistas de tierra batida. \u00a1C\u00f3mpralas al mejor precio en Revolution Padel Store!\" \/>\n<meta name=\"robots\" content=\"index, follow, max-snippet:-1, max-image-preview:large, max-video-preview:-1\" \/>\n<link rel=\"canonical\" href=\"https:\/\/revolutionpadelstore.com\/de\/produkt\/head-sprint-team-3-5-clay-men-dgbn-1\/\" \/>\n<meta property=\"og:locale\" content=\"de_DE\" \/>\n<meta property=\"og:type\" content=\"article\" \/>\n<meta property=\"og:title\" content=\"HEAD SPRINT TEAM 3.5 CLAY MEN DGBN - Revolution Padel Store\" \/>\n<meta property=\"og:description\" content=\"Descubre las Head Sprint Team 3.5 Clay Hombre Gris, unas zapatillas de p\u00e1del ligeras, transpirables y con agarre superior en pistas de tierra batida. \u00a1C\u00f3mpralas al mejor precio en Revolution Padel Store!\" \/>\n<meta property=\"og:url\" content=\"https:\/\/revolutionpadelstore.com\/de\/produkt\/head-sprint-team-3-5-clay-men-dgbn-1\/\" \/>\n<meta property=\"og:site_name\" content=\"Revolution Padel Store\" \/>\n<meta property=\"article:modified_time\" content=\"2026-04-08T03:59:37+00:00\" \/>\n<meta property=\"og:image\" content=\"https:\/\/revolutionpadelstore.com\/wp-content\/uploads\/2025\/03\/464044.jpg\" \/>\n\t<meta property=\"og:image:width\" content=\"1000\" \/>\n\t<meta property=\"og:image:height\" content=\"1000\" \/>\n\t<meta property=\"og:image:type\" content=\"image\/jpeg\" \/>\n<meta name=\"twitter:card\" content=\"summary_large_image\" \/>\n<meta name=\"twitter:label1\" content=\"Gesch\u00e4tzte Lesezeit\" \/>\n\t<meta name=\"twitter:data1\" content=\"2\u00a0Minuten\" \/>\n<script type=\"application\/ld+json\" class=\"yoast-schema-graph\">{\"@context\":\"https:\\\/\\\/schema.org\",\"@graph\":[{\"@type\":\"WebPage\",\"@id\":\"https:\\\/\\\/revolutionpadelstore.com\\\/de\\\/produkt\\\/head-sprint-team-3-5-clay-men-dgbn-1\\\/\",\"url\":\"https:\\\/\\\/revolutionpadelstore.com\\\/de\\\/produkt\\\/head-sprint-team-3-5-clay-men-dgbn-1\\\/\",\"name\":\"HEAD SPRINT TEAM 3.5 CLAY MEN DGBN - Revolution Padel Store\",\"isPartOf\":{\"@id\":\"https:\\\/\\\/revolutionpadelstore.com\\\/de\\\/#website\"},\"primaryImageOfPage\":{\"@id\":\"https:\\\/\\\/revolutionpadelstore.com\\\/de\\\/produkt\\\/head-sprint-team-3-5-clay-men-dgbn-1\\\/#primaryimage\"},\"image\":{\"@id\":\"https:\\\/\\\/revolutionpadelstore.com\\\/de\\\/produkt\\\/head-sprint-team-3-5-clay-men-dgbn-1\\\/#primaryimage\"},\"thumbnailUrl\":\"https:\\\/\\\/revolutionpadelstore.com\\\/wp-content\\\/uploads\\\/2025\\\/03\\\/464044.jpg\",\"datePublished\":\"2025-03-02T23:07:44+00:00\",\"dateModified\":\"2026-04-08T03:59:37+00:00\",\"description\":\"Descubre las Head Sprint Team 3.5 Clay Hombre Gris, unas zapatillas de p\u00e1del ligeras, transpirables y con agarre superior en pistas de tierra batida. \u00a1C\u00f3mpralas al mejor precio en Revolution Padel Store!\",\"breadcrumb\":{\"@id\":\"https:\\\/\\\/revolutionpadelstore.com\\\/de\\\/produkt\\\/head-sprint-team-3-5-clay-men-dgbn-1\\\/#breadcrumb\"},\"inLanguage\":\"de\",\"potentialAction\":[{\"@type\":\"ReadAction\",\"target\":[\"https:\\\/\\\/revolutionpadelstore.com\\\/de\\\/produkt\\\/head-sprint-team-3-5-clay-men-dgbn-1\\\/\"]}]},{\"@type\":\"ImageObject\",\"inLanguage\":\"de\",\"@id\":\"https:\\\/\\\/revolutionpadelstore.com\\\/de\\\/produkt\\\/head-sprint-team-3-5-clay-men-dgbn-1\\\/#primaryimage\",\"url\":\"https:\\\/\\\/revolutionpadelstore.com\\\/wp-content\\\/uploads\\\/2025\\\/03\\\/464044.jpg\",\"contentUrl\":\"https:\\\/\\\/revolutionpadelstore.com\\\/wp-content\\\/uploads\\\/2025\\\/03\\\/464044.jpg\",\"width\":1000,\"height\":1000},{\"@type\":\"BreadcrumbList\",\"@id\":\"https:\\\/\\\/revolutionpadelstore.com\\\/de\\\/produkt\\\/head-sprint-team-3-5-clay-men-dgbn-1\\\/#breadcrumb\",\"itemListElement\":[{\"@type\":\"ListItem\",\"position\":1,\"name\":\"Portada\",\"item\":\"https:\\\/\\\/revolutionpadelstore.com\\\/de\\\/\"},{\"@type\":\"ListItem\",\"position\":2,\"name\":\"Shop\",\"item\":\"https:\\\/\\\/revolutionpadelstore.com\\\/de\\\/tienda\\\/\"},{\"@type\":\"ListItem\",\"position\":3,\"name\":\"HEAD SPRINT TEAM 3.5 CLAY MEN DGBN\"}]},{\"@type\":\"WebSite\",\"@id\":\"https:\\\/\\\/revolutionpadelstore.com\\\/de\\\/#website\",\"url\":\"https:\\\/\\\/revolutionpadelstore.com\\\/de\\\/\",\"name\":\"Revolution Padel Store\",\"description\":\"\",\"publisher\":{\"@id\":\"https:\\\/\\\/revolutionpadelstore.com\\\/de\\\/#organization\"},\"potentialAction\":[{\"@type\":\"SearchAction\",\"target\":{\"@type\":\"EntryPoint\",\"urlTemplate\":\"https:\\\/\\\/revolutionpadelstore.com\\\/de\\\/?s={search_term_string}\"},\"query-input\":{\"@type\":\"PropertyValueSpecification\",\"valueRequired\":true,\"valueName\":\"search_term_string\"}}],\"inLanguage\":\"de\"},{\"@type\":\"Organization\",\"@id\":\"https:\\\/\\\/revolutionpadelstore.com\\\/de\\\/#organization\",\"name\":\"Revolution Padel Store\",\"url\":\"https:\\\/\\\/revolutionpadelstore.com\\\/de\\\/\",\"logo\":{\"@type\":\"ImageObject\",\"inLanguage\":\"de\",\"@id\":\"https:\\\/\\\/revolutionpadelstore.com\\\/de\\\/#\\\/schema\\\/logo\\\/image\\\/\",\"url\":\"https:\\\/\\\/revolutionpadelstore.com\\\/wp-content\\\/uploads\\\/2026\\\/02\\\/revolution-padel-store.jpg\",\"contentUrl\":\"https:\\\/\\\/revolutionpadelstore.com\\\/wp-content\\\/uploads\\\/2026\\\/02\\\/revolution-padel-store.jpg\",\"width\":2000,\"height\":2000,\"caption\":\"Revolution Padel Store\"},\"image\":{\"@id\":\"https:\\\/\\\/revolutionpadelstore.com\\\/de\\\/#\\\/schema\\\/logo\\\/image\\\/\"},\"sameAs\":[\"https:\\\/\\\/www.instagram.com\\\/revolutionpadelstore\\\/\"]}]}<\/script>\n<!-- \/ Yoast SEO plugin. -->","yoast_head_json":{"title":"HEAD SPRINT TEAM 3.5 CLAY MEN DGBN - Revolution Padel Store","description":"Descubre las Head Sprint Team 3.5 Clay Hombre Gris, unas zapatillas de p\u00e1del ligeras, transpirables y con agarre superior en pistas de tierra batida. \u00a1C\u00f3mpralas al mejor precio en Revolution Padel Store!","robots":{"index":"index","follow":"follow","max-snippet":"max-snippet:-1","max-image-preview":"max-image-preview:large","max-video-preview":"max-video-preview:-1"},"canonical":"https:\/\/revolutionpadelstore.com\/de\/produkt\/head-sprint-team-3-5-clay-men-dgbn-1\/","og_locale":"de_DE","og_type":"article","og_title":"HEAD SPRINT TEAM 3.5 CLAY MEN DGBN - Revolution Padel Store","og_description":"Descubre las Head Sprint Team 3.5 Clay Hombre Gris, unas zapatillas de p\u00e1del ligeras, transpirables y con agarre superior en pistas de tierra batida. \u00a1C\u00f3mpralas al mejor precio en Revolution Padel Store!","og_url":"https:\/\/revolutionpadelstore.com\/de\/produkt\/head-sprint-team-3-5-clay-men-dgbn-1\/","og_site_name":"Revolution Padel Store","article_modified_time":"2026-04-08T03:59:37+00:00","og_image":[{"width":1000,"height":1000,"url":"https:\/\/revolutionpadelstore.com\/wp-content\/uploads\/2025\/03\/464044.jpg","type":"image\/jpeg"}],"twitter_card":"summary_large_image","twitter_misc":{"Gesch\u00e4tzte Lesezeit":"2\u00a0Minuten"},"schema":{"@context":"https:\/\/schema.org","@graph":[{"@type":"WebPage","@id":"https:\/\/revolutionpadelstore.com\/de\/produkt\/head-sprint-team-3-5-clay-men-dgbn-1\/","url":"https:\/\/revolutionpadelstore.com\/de\/produkt\/head-sprint-team-3-5-clay-men-dgbn-1\/","name":"HEAD SPRINT TEAM 3.5 CLAY MEN DGBN - Revolution Padel Store","isPartOf":{"@id":"https:\/\/revolutionpadelstore.com\/de\/#website"},"primaryImageOfPage":{"@id":"https:\/\/revolutionpadelstore.com\/de\/produkt\/head-sprint-team-3-5-clay-men-dgbn-1\/#primaryimage"},"image":{"@id":"https:\/\/revolutionpadelstore.com\/de\/produkt\/head-sprint-team-3-5-clay-men-dgbn-1\/#primaryimage"},"thumbnailUrl":"https:\/\/revolutionpadelstore.com\/wp-content\/uploads\/2025\/03\/464044.jpg","datePublished":"2025-03-02T23:07:44+00:00","dateModified":"2026-04-08T03:59:37+00:00","description":"Descubre las Head Sprint Team 3.5 Clay Hombre Gris, unas zapatillas de p\u00e1del ligeras, transpirables y con agarre superior en pistas de tierra batida. \u00a1C\u00f3mpralas al mejor precio en Revolution Padel Store!","breadcrumb":{"@id":"https:\/\/revolutionpadelstore.com\/de\/produkt\/head-sprint-team-3-5-clay-men-dgbn-1\/#breadcrumb"},"inLanguage":"de","potentialAction":[{"@type":"ReadAction","target":["https:\/\/revolutionpadelstore.com\/de\/produkt\/head-sprint-team-3-5-clay-men-dgbn-1\/"]}]},{"@type":"ImageObject","inLanguage":"de","@id":"https:\/\/revolutionpadelstore.com\/de\/produkt\/head-sprint-team-3-5-clay-men-dgbn-1\/#primaryimage","url":"https:\/\/revolutionpadelstore.com\/wp-content\/uploads\/2025\/03\/464044.jpg","contentUrl":"https:\/\/revolutionpadelstore.com\/wp-content\/uploads\/2025\/03\/464044.jpg","width":1000,"height":1000},{"@type":"BreadcrumbList","@id":"https:\/\/revolutionpadelstore.com\/de\/produkt\/head-sprint-team-3-5-clay-men-dgbn-1\/#breadcrumb","itemListElement":[{"@type":"ListItem","position":1,"name":"Portada","item":"https:\/\/revolutionpadelstore.com\/de\/"},{"@type":"ListItem","position":2,"name":"Shop","item":"https:\/\/revolutionpadelstore.com\/de\/tienda\/"},{"@type":"ListItem","position":3,"name":"HEAD SPRINT TEAM 3.5 CLAY MEN DGBN"}]},{"@type":"WebSite","@id":"https:\/\/revolutionpadelstore.com\/de\/#website","url":"https:\/\/revolutionpadelstore.com\/de\/","name":"Revolution Padel Store","description":"","publisher":{"@id":"https:\/\/revolutionpadelstore.com\/de\/#organization"},"potentialAction":[{"@type":"SearchAction","target":{"@type":"EntryPoint","urlTemplate":"https:\/\/revolutionpadelstore.com\/de\/?s={search_term_string}"},"query-input":{"@type":"PropertyValueSpecification","valueRequired":true,"valueName":"search_term_string"}}],"inLanguage":"de"},{"@type":"Organization","@id":"https:\/\/revolutionpadelstore.com\/de\/#organization","name":"Revolution Padel Store","url":"https:\/\/revolutionpadelstore.com\/de\/","logo":{"@type":"ImageObject","inLanguage":"de","@id":"https:\/\/revolutionpadelstore.com\/de\/#\/schema\/logo\/image\/","url":"https:\/\/revolutionpadelstore.com\/wp-content\/uploads\/2026\/02\/revolution-padel-store.jpg","contentUrl":"https:\/\/revolutionpadelstore.com\/wp-content\/uploads\/2026\/02\/revolution-padel-store.jpg","width":2000,"height":2000,"caption":"Revolution Padel Store"},"image":{"@id":"https:\/\/revolutionpadelstore.com\/de\/#\/schema\/logo\/image\/"},"sameAs":["https:\/\/www.instagram.com\/revolutionpadelstore\/"]}]}},"_links":{"self":[{"href":"https:\/\/revolutionpadelstore.com\/de\/wp-json\/wp\/v2\/product\/198282","targetHints":{"allow":["GET"]}}],"collection":[{"href":"https:\/\/revolutionpadelstore.com\/de\/wp-json\/wp\/v2\/product"}],"about":[{"href":"https:\/\/revolutionpadelstore.com\/de\/wp-json\/wp\/v2\/types\/product"}],"replies":[{"embeddable":true,"href":"https:\/\/revolutionpadelstore.com\/de\/wp-json\/wp\/v2\/comments?post=198282"}],"wp:featuredmedia":[{"embeddable":true,"href":"https:\/\/revolutionpadelstore.com\/de\/wp-json\/wp\/v2\/media\/198101"}],"wp:attachment":[{"href":"https:\/\/revolutionpadelstore.com\/de\/wp-json\/wp\/v2\/media?parent=198282"}],"wp:term":[{"taxonomy":"acabado","embeddable":true,"href":"https:\/\/revolutionpadelstore.com\/de\/wp-json\/wp\/v2\/acabado?post=198282"},{"taxonomy":"balance","embeddable":true,"href":"https:\/\/revolutionpadelstore.com\/de\/wp-json\/wp\/v2\/balance?post=198282"},{"taxonomy":"dureza","embeddable":true,"href":"https:\/\/revolutionpadelstore.com\/de\/wp-json\/wp\/v2\/dureza?post=198282"},{"taxonomy":"forma","embeddable":true,"href":"https:\/\/revolutionpadelstore.com\/de\/wp-json\/wp\/v2\/forma?post=198282"},{"taxonomy":"jugador","embeddable":true,"href":"https:\/\/revolutionpadelstore.com\/de\/wp-json\/wp\/v2\/jugador?post=198282"},{"taxonomy":"marca","embeddable":true,"href":"https:\/\/revolutionpadelstore.com\/de\/wp-json\/wp\/v2\/marca?post=198282"},{"taxonomy":"nivel-de-juego","embeddable":true,"href":"https:\/\/revolutionpadelstore.com\/de\/wp-json\/wp\/v2\/nivel-de-juego?post=198282"},{"taxonomy":"superficie","embeddable":true,"href":"https:\/\/revolutionpadelstore.com\/de\/wp-json\/wp\/v2\/superficie?post=198282"},{"taxonomy":"tipo-de-juego","embeddable":true,"href":"https:\/\/revolutionpadelstore.com\/de\/wp-json\/wp\/v2\/tipo-de-juego?post=198282"},{"taxonomy":"product_brand","embeddable":true,"href":"https:\/\/revolutionpadelstore.com\/de\/wp-json\/wp\/v2\/product_brand?post=198282"},{"taxonomy":"product_cat","embeddable":true,"href":"https:\/\/revolutionpadelstore.com\/de\/wp-json\/wp\/v2\/product_cat?post=198282"},{"taxonomy":"product_tag","embeddable":true,"href":"https:\/\/revolutionpadelstore.com\/de\/wp-json\/wp\/v2\/product_tag?post=198282"}],"curies":[{"name":"wp","href":"https:\/\/api.w.org\/{rel}","templated":true}]}}