{"id":198195,"date":"2025-03-02T20:38:41","date_gmt":"2025-03-02T19:38:41","guid":{"rendered":"https:\/\/revolutionpadelstore.com\/head-motion-pro-padel-women-bbwh\/"},"modified":"2026-04-19T02:02:07","modified_gmt":"2026-04-19T00:02:07","slug":"head-motion-pro-padel-women-bbwh-1","status":"publish","type":"product","link":"https:\/\/revolutionpadelstore.com\/de\/produkt\/head-motion-pro-padel-women-bbwh-1\/","title":{"rendered":"HEAD MOTION PRO PADEL WOMEN BBWH"},"content":{"rendered":"<h2> Kopfbewegungs -Padel -Frauen &#8211; Maximale Leistung und Komfort auf der Strecke <\/ h2><br \/>\nEntdecken Sie die <strong> Head Motion Pro Padel -Frauen <\/strong>, die ersten Sneaker, die speziell f\u00fcr Padel f\u00fcr den Kopf entwickelt wurden. Diese Schuhe entwickelt in Zusammenarbeit mit professionellen Spielern und bieten eine 360 \u200b\u200b-Grad -Bewegung und garantieren maximale Stabilit\u00e4t, Atmungsaktivit\u00e4t und Leichtigkeit an jedem Punkt des Spiels.<\/p>\n<h2> Fortgeschrittene Technologie f\u00fcr unaufhaltsames Spiel <\/ h2><br \/>\n<P>-Hochleistungssohle: Das fortgeschrittene Muster, das neben Mondo, dem offiziellen World Padel Tour-Anbieter, getestet wird, bietet einen h\u00f6heren Griff in alle Richtungen.<br \/>\n-Safoam -la Entresuela umfasst diese innovative Technologie mit Luftmikrozels und erreicht einen leichteren, komfortablen und reaktiven Fu\u00dfabdruck.<br \/>\n-Histruktur mit Sockenanpassung: elastisches Design f\u00fcr ein zweites Hautempfinden und eine personalisierte Einstellung.<br \/>\n-Laterale Kontrolle+: gr\u00f6\u00dfere Stabilit\u00e4t in lateralen Bewegungen dank der Kombination von Verst\u00e4rkungen im oberen Teil und einem thermoplastischen Polyurethanrohr, der sich bis in die mittlere Zone des Fu\u00dfes erstreckt.<br \/>\n-Optimiertes Vetilly: Das atmungsaktive Netz und das K\u00fchlsystem halten Ihre frischen F\u00fc\u00dfe in den intensivsten Spielen. <\/p>\n<h2> Stil und Leistung in jedem Detail <\/ h2><br \/>\nDas Design der Kopf -Padel -Frauen mit Kopfbewegung kombiniert die Funktionalit\u00e4t mit einer modernen Note und hebt das legend\u00e4re Kopflogo in gro\u00dfer Gr\u00f6\u00dfe hervor. Ihre auff\u00e4llige und sportliche \u00c4sthetik macht sie f\u00fcr Spieler, die versuchen, mit Stil und maximalem Komfort auf der Strecke abzuheben, die perfekte Erg\u00e4nzung.<\/p>\n<p><strong> Geben Sie jetzt in unserem Online-Shop &lt;a href = &quot;https:\/\/chatgpt.com\/g\/g-675432e02688191b6ee6d6f2fdbb15e-optimization-textos\/c\/www.revolutionpadelstore.com&quot; Market. <\/strong><\/p>\n","protected":false},"excerpt":{"rendered":"<p>Head Motion Pro Padel f\u00fcr Frauen in Schwarz und Wei\u00df: Das Gebot maximaler Widerstand und ein Spiel ohne Sorgen zulassen.<\/p>\n","protected":false},"featured_media":198011,"comment_status":"open","ping_status":"closed","template":"","meta":{"_acf_changed":false,"_joinchat":[]},"acabado":[],"balance":[],"dureza":[],"forma":[],"jugador":[1194],"marca":[1219],"nivel-de-juego":[],"superficie":[],"tipo-de-juego":[],"product_brand":[],"product_cat":[831],"product_tag":[],"class_list":{"0":"post-198195","1":"product","2":"type-product","3":"status-publish","4":"has-post-thumbnail","6":"jugador-frau","7":"marca-kopf","8":"product_cat-turnschuhe","10":"first","11":"outofstock","12":"sale","13":"taxable","14":"shipping-taxable","15":"purchasable","16":"product-type-variable"},"acf":[],"yoast_head":"<!-- This site is optimized with the Yoast SEO plugin v27.4 - https:\/\/yoast.com\/product\/yoast-seo-wordpress\/ -->\n<title>HEAD MOTION PRO PADEL WOMEN BBWH - Revolution Padel Store<\/title>\n<meta name=\"description\" content=\"Las nuevas HEAD MOTION PRO PADEL WOMEN ofrecen estabilidad, transpirabilidad y agarre superior. Tecnolog\u00eda DynaFoam, ajuste tipo calcet\u00edn y suela optimizada. \u00a1Compra al mejor precio en Revolution Padel Store\" \/>\n<meta name=\"robots\" content=\"index, follow, max-snippet:-1, max-image-preview:large, max-video-preview:-1\" \/>\n<link rel=\"canonical\" href=\"https:\/\/revolutionpadelstore.com\/de\/produkt\/head-motion-pro-padel-women-bbwh-1\/\" \/>\n<meta property=\"og:locale\" content=\"de_DE\" \/>\n<meta property=\"og:type\" content=\"article\" \/>\n<meta property=\"og:title\" content=\"HEAD MOTION PRO PADEL WOMEN BBWH - Revolution Padel Store\" \/>\n<meta property=\"og:description\" content=\"Las nuevas HEAD MOTION PRO PADEL WOMEN ofrecen estabilidad, transpirabilidad y agarre superior. Tecnolog\u00eda DynaFoam, ajuste tipo calcet\u00edn y suela optimizada. \u00a1Compra al mejor precio en Revolution Padel Store\" \/>\n<meta property=\"og:url\" content=\"https:\/\/revolutionpadelstore.com\/de\/produkt\/head-motion-pro-padel-women-bbwh-1\/\" \/>\n<meta property=\"og:site_name\" content=\"Revolution Padel Store\" \/>\n<meta property=\"article:modified_time\" content=\"2026-04-19T00:02:07+00:00\" \/>\n<meta property=\"og:image\" content=\"https:\/\/revolutionpadelstore.com\/wp-content\/uploads\/2025\/03\/454702.jpg\" \/>\n\t<meta property=\"og:image:width\" content=\"1000\" \/>\n\t<meta property=\"og:image:height\" content=\"1000\" \/>\n\t<meta property=\"og:image:type\" content=\"image\/jpeg\" \/>\n<meta name=\"twitter:card\" content=\"summary_large_image\" \/>\n<meta name=\"twitter:label1\" content=\"Gesch\u00e4tzte Lesezeit\" \/>\n\t<meta name=\"twitter:data1\" content=\"2\u00a0Minuten\" \/>\n<script type=\"application\/ld+json\" class=\"yoast-schema-graph\">{\"@context\":\"https:\\\/\\\/schema.org\",\"@graph\":[{\"@type\":\"WebPage\",\"@id\":\"https:\\\/\\\/revolutionpadelstore.com\\\/de\\\/produkt\\\/head-motion-pro-padel-women-bbwh-1\\\/\",\"url\":\"https:\\\/\\\/revolutionpadelstore.com\\\/de\\\/produkt\\\/head-motion-pro-padel-women-bbwh-1\\\/\",\"name\":\"HEAD MOTION PRO PADEL WOMEN BBWH - Revolution Padel Store\",\"isPartOf\":{\"@id\":\"https:\\\/\\\/revolutionpadelstore.com\\\/de\\\/#website\"},\"primaryImageOfPage\":{\"@id\":\"https:\\\/\\\/revolutionpadelstore.com\\\/de\\\/produkt\\\/head-motion-pro-padel-women-bbwh-1\\\/#primaryimage\"},\"image\":{\"@id\":\"https:\\\/\\\/revolutionpadelstore.com\\\/de\\\/produkt\\\/head-motion-pro-padel-women-bbwh-1\\\/#primaryimage\"},\"thumbnailUrl\":\"https:\\\/\\\/revolutionpadelstore.com\\\/wp-content\\\/uploads\\\/2025\\\/03\\\/454702.jpg\",\"datePublished\":\"2025-03-02T19:38:41+00:00\",\"dateModified\":\"2026-04-19T00:02:07+00:00\",\"description\":\"Las nuevas HEAD MOTION PRO PADEL WOMEN ofrecen estabilidad, transpirabilidad y agarre superior. Tecnolog\u00eda DynaFoam, ajuste tipo calcet\u00edn y suela optimizada. \u00a1Compra al mejor precio en Revolution Padel Store\",\"breadcrumb\":{\"@id\":\"https:\\\/\\\/revolutionpadelstore.com\\\/de\\\/produkt\\\/head-motion-pro-padel-women-bbwh-1\\\/#breadcrumb\"},\"inLanguage\":\"de\",\"potentialAction\":[{\"@type\":\"ReadAction\",\"target\":[\"https:\\\/\\\/revolutionpadelstore.com\\\/de\\\/produkt\\\/head-motion-pro-padel-women-bbwh-1\\\/\"]}]},{\"@type\":\"ImageObject\",\"inLanguage\":\"de\",\"@id\":\"https:\\\/\\\/revolutionpadelstore.com\\\/de\\\/produkt\\\/head-motion-pro-padel-women-bbwh-1\\\/#primaryimage\",\"url\":\"https:\\\/\\\/revolutionpadelstore.com\\\/wp-content\\\/uploads\\\/2025\\\/03\\\/454702.jpg\",\"contentUrl\":\"https:\\\/\\\/revolutionpadelstore.com\\\/wp-content\\\/uploads\\\/2025\\\/03\\\/454702.jpg\",\"width\":1000,\"height\":1000},{\"@type\":\"BreadcrumbList\",\"@id\":\"https:\\\/\\\/revolutionpadelstore.com\\\/de\\\/produkt\\\/head-motion-pro-padel-women-bbwh-1\\\/#breadcrumb\",\"itemListElement\":[{\"@type\":\"ListItem\",\"position\":1,\"name\":\"Portada\",\"item\":\"https:\\\/\\\/revolutionpadelstore.com\\\/de\\\/\"},{\"@type\":\"ListItem\",\"position\":2,\"name\":\"Shop\",\"item\":\"https:\\\/\\\/revolutionpadelstore.com\\\/de\\\/tienda\\\/\"},{\"@type\":\"ListItem\",\"position\":3,\"name\":\"HEAD MOTION PRO PADEL WOMEN BBWH\"}]},{\"@type\":\"WebSite\",\"@id\":\"https:\\\/\\\/revolutionpadelstore.com\\\/de\\\/#website\",\"url\":\"https:\\\/\\\/revolutionpadelstore.com\\\/de\\\/\",\"name\":\"Revolution Padel Store\",\"description\":\"\",\"publisher\":{\"@id\":\"https:\\\/\\\/revolutionpadelstore.com\\\/de\\\/#organization\"},\"potentialAction\":[{\"@type\":\"SearchAction\",\"target\":{\"@type\":\"EntryPoint\",\"urlTemplate\":\"https:\\\/\\\/revolutionpadelstore.com\\\/de\\\/?s={search_term_string}\"},\"query-input\":{\"@type\":\"PropertyValueSpecification\",\"valueRequired\":true,\"valueName\":\"search_term_string\"}}],\"inLanguage\":\"de\"},{\"@type\":\"Organization\",\"@id\":\"https:\\\/\\\/revolutionpadelstore.com\\\/de\\\/#organization\",\"name\":\"Revolution Padel Store\",\"url\":\"https:\\\/\\\/revolutionpadelstore.com\\\/de\\\/\",\"logo\":{\"@type\":\"ImageObject\",\"inLanguage\":\"de\",\"@id\":\"https:\\\/\\\/revolutionpadelstore.com\\\/de\\\/#\\\/schema\\\/logo\\\/image\\\/\",\"url\":\"https:\\\/\\\/revolutionpadelstore.com\\\/wp-content\\\/uploads\\\/2026\\\/02\\\/revolution-padel-store.jpg\",\"contentUrl\":\"https:\\\/\\\/revolutionpadelstore.com\\\/wp-content\\\/uploads\\\/2026\\\/02\\\/revolution-padel-store.jpg\",\"width\":2000,\"height\":2000,\"caption\":\"Revolution Padel Store\"},\"image\":{\"@id\":\"https:\\\/\\\/revolutionpadelstore.com\\\/de\\\/#\\\/schema\\\/logo\\\/image\\\/\"},\"sameAs\":[\"https:\\\/\\\/www.instagram.com\\\/revolutionpadelstore\\\/\"]}]}<\/script>\n<!-- \/ Yoast SEO plugin. -->","yoast_head_json":{"title":"HEAD MOTION PRO PADEL WOMEN BBWH - Revolution Padel Store","description":"Las nuevas HEAD MOTION PRO PADEL WOMEN ofrecen estabilidad, transpirabilidad y agarre superior. Tecnolog\u00eda DynaFoam, ajuste tipo calcet\u00edn y suela optimizada. \u00a1Compra al mejor precio en Revolution Padel Store","robots":{"index":"index","follow":"follow","max-snippet":"max-snippet:-1","max-image-preview":"max-image-preview:large","max-video-preview":"max-video-preview:-1"},"canonical":"https:\/\/revolutionpadelstore.com\/de\/produkt\/head-motion-pro-padel-women-bbwh-1\/","og_locale":"de_DE","og_type":"article","og_title":"HEAD MOTION PRO PADEL WOMEN BBWH - Revolution Padel Store","og_description":"Las nuevas HEAD MOTION PRO PADEL WOMEN ofrecen estabilidad, transpirabilidad y agarre superior. Tecnolog\u00eda DynaFoam, ajuste tipo calcet\u00edn y suela optimizada. \u00a1Compra al mejor precio en Revolution Padel Store","og_url":"https:\/\/revolutionpadelstore.com\/de\/produkt\/head-motion-pro-padel-women-bbwh-1\/","og_site_name":"Revolution Padel Store","article_modified_time":"2026-04-19T00:02:07+00:00","og_image":[{"width":1000,"height":1000,"url":"https:\/\/revolutionpadelstore.com\/wp-content\/uploads\/2025\/03\/454702.jpg","type":"image\/jpeg"}],"twitter_card":"summary_large_image","twitter_misc":{"Gesch\u00e4tzte Lesezeit":"2\u00a0Minuten"},"schema":{"@context":"https:\/\/schema.org","@graph":[{"@type":"WebPage","@id":"https:\/\/revolutionpadelstore.com\/de\/produkt\/head-motion-pro-padel-women-bbwh-1\/","url":"https:\/\/revolutionpadelstore.com\/de\/produkt\/head-motion-pro-padel-women-bbwh-1\/","name":"HEAD MOTION PRO PADEL WOMEN BBWH - Revolution Padel Store","isPartOf":{"@id":"https:\/\/revolutionpadelstore.com\/de\/#website"},"primaryImageOfPage":{"@id":"https:\/\/revolutionpadelstore.com\/de\/produkt\/head-motion-pro-padel-women-bbwh-1\/#primaryimage"},"image":{"@id":"https:\/\/revolutionpadelstore.com\/de\/produkt\/head-motion-pro-padel-women-bbwh-1\/#primaryimage"},"thumbnailUrl":"https:\/\/revolutionpadelstore.com\/wp-content\/uploads\/2025\/03\/454702.jpg","datePublished":"2025-03-02T19:38:41+00:00","dateModified":"2026-04-19T00:02:07+00:00","description":"Las nuevas HEAD MOTION PRO PADEL WOMEN ofrecen estabilidad, transpirabilidad y agarre superior. Tecnolog\u00eda DynaFoam, ajuste tipo calcet\u00edn y suela optimizada. \u00a1Compra al mejor precio en Revolution Padel Store","breadcrumb":{"@id":"https:\/\/revolutionpadelstore.com\/de\/produkt\/head-motion-pro-padel-women-bbwh-1\/#breadcrumb"},"inLanguage":"de","potentialAction":[{"@type":"ReadAction","target":["https:\/\/revolutionpadelstore.com\/de\/produkt\/head-motion-pro-padel-women-bbwh-1\/"]}]},{"@type":"ImageObject","inLanguage":"de","@id":"https:\/\/revolutionpadelstore.com\/de\/produkt\/head-motion-pro-padel-women-bbwh-1\/#primaryimage","url":"https:\/\/revolutionpadelstore.com\/wp-content\/uploads\/2025\/03\/454702.jpg","contentUrl":"https:\/\/revolutionpadelstore.com\/wp-content\/uploads\/2025\/03\/454702.jpg","width":1000,"height":1000},{"@type":"BreadcrumbList","@id":"https:\/\/revolutionpadelstore.com\/de\/produkt\/head-motion-pro-padel-women-bbwh-1\/#breadcrumb","itemListElement":[{"@type":"ListItem","position":1,"name":"Portada","item":"https:\/\/revolutionpadelstore.com\/de\/"},{"@type":"ListItem","position":2,"name":"Shop","item":"https:\/\/revolutionpadelstore.com\/de\/tienda\/"},{"@type":"ListItem","position":3,"name":"HEAD MOTION PRO PADEL WOMEN BBWH"}]},{"@type":"WebSite","@id":"https:\/\/revolutionpadelstore.com\/de\/#website","url":"https:\/\/revolutionpadelstore.com\/de\/","name":"Revolution Padel Store","description":"","publisher":{"@id":"https:\/\/revolutionpadelstore.com\/de\/#organization"},"potentialAction":[{"@type":"SearchAction","target":{"@type":"EntryPoint","urlTemplate":"https:\/\/revolutionpadelstore.com\/de\/?s={search_term_string}"},"query-input":{"@type":"PropertyValueSpecification","valueRequired":true,"valueName":"search_term_string"}}],"inLanguage":"de"},{"@type":"Organization","@id":"https:\/\/revolutionpadelstore.com\/de\/#organization","name":"Revolution Padel Store","url":"https:\/\/revolutionpadelstore.com\/de\/","logo":{"@type":"ImageObject","inLanguage":"de","@id":"https:\/\/revolutionpadelstore.com\/de\/#\/schema\/logo\/image\/","url":"https:\/\/revolutionpadelstore.com\/wp-content\/uploads\/2026\/02\/revolution-padel-store.jpg","contentUrl":"https:\/\/revolutionpadelstore.com\/wp-content\/uploads\/2026\/02\/revolution-padel-store.jpg","width":2000,"height":2000,"caption":"Revolution Padel Store"},"image":{"@id":"https:\/\/revolutionpadelstore.com\/de\/#\/schema\/logo\/image\/"},"sameAs":["https:\/\/www.instagram.com\/revolutionpadelstore\/"]}]}},"_links":{"self":[{"href":"https:\/\/revolutionpadelstore.com\/de\/wp-json\/wp\/v2\/product\/198195","targetHints":{"allow":["GET"]}}],"collection":[{"href":"https:\/\/revolutionpadelstore.com\/de\/wp-json\/wp\/v2\/product"}],"about":[{"href":"https:\/\/revolutionpadelstore.com\/de\/wp-json\/wp\/v2\/types\/product"}],"replies":[{"embeddable":true,"href":"https:\/\/revolutionpadelstore.com\/de\/wp-json\/wp\/v2\/comments?post=198195"}],"wp:featuredmedia":[{"embeddable":true,"href":"https:\/\/revolutionpadelstore.com\/de\/wp-json\/wp\/v2\/media\/198011"}],"wp:attachment":[{"href":"https:\/\/revolutionpadelstore.com\/de\/wp-json\/wp\/v2\/media?parent=198195"}],"wp:term":[{"taxonomy":"acabado","embeddable":true,"href":"https:\/\/revolutionpadelstore.com\/de\/wp-json\/wp\/v2\/acabado?post=198195"},{"taxonomy":"balance","embeddable":true,"href":"https:\/\/revolutionpadelstore.com\/de\/wp-json\/wp\/v2\/balance?post=198195"},{"taxonomy":"dureza","embeddable":true,"href":"https:\/\/revolutionpadelstore.com\/de\/wp-json\/wp\/v2\/dureza?post=198195"},{"taxonomy":"forma","embeddable":true,"href":"https:\/\/revolutionpadelstore.com\/de\/wp-json\/wp\/v2\/forma?post=198195"},{"taxonomy":"jugador","embeddable":true,"href":"https:\/\/revolutionpadelstore.com\/de\/wp-json\/wp\/v2\/jugador?post=198195"},{"taxonomy":"marca","embeddable":true,"href":"https:\/\/revolutionpadelstore.com\/de\/wp-json\/wp\/v2\/marca?post=198195"},{"taxonomy":"nivel-de-juego","embeddable":true,"href":"https:\/\/revolutionpadelstore.com\/de\/wp-json\/wp\/v2\/nivel-de-juego?post=198195"},{"taxonomy":"superficie","embeddable":true,"href":"https:\/\/revolutionpadelstore.com\/de\/wp-json\/wp\/v2\/superficie?post=198195"},{"taxonomy":"tipo-de-juego","embeddable":true,"href":"https:\/\/revolutionpadelstore.com\/de\/wp-json\/wp\/v2\/tipo-de-juego?post=198195"},{"taxonomy":"product_brand","embeddable":true,"href":"https:\/\/revolutionpadelstore.com\/de\/wp-json\/wp\/v2\/product_brand?post=198195"},{"taxonomy":"product_cat","embeddable":true,"href":"https:\/\/revolutionpadelstore.com\/de\/wp-json\/wp\/v2\/product_cat?post=198195"},{"taxonomy":"product_tag","embeddable":true,"href":"https:\/\/revolutionpadelstore.com\/de\/wp-json\/wp\/v2\/product_tag?post=198195"}],"curies":[{"name":"wp","href":"https:\/\/api.w.org\/{rel}","templated":true}]}}