{"id":197835,"date":"2025-03-01T10:43:04","date_gmt":"2025-03-01T09:43:04","guid":{"rendered":"https:\/\/revolutionpadelstore.com\/?post_type=product&#038;p=197835"},"modified":"2026-04-01T02:57:34","modified_gmt":"2026-04-01T00:57:34","slug":"nox-future-hybrid-12k-alum-1","status":"publish","type":"product","link":"https:\/\/revolutionpadelstore.com\/de\/produkt\/nox-future-hybrid-12k-alum-1\/","title":{"rendered":"NOX FUTURE HYBRID 12K ALUM"},"content":{"rendered":"<h2> <strong> zuk\u00fcnftige Hybrid -12K -St\u00f6cke &#8211; Vielseitigkeit und Gleichgewicht, um den Track zu dominieren <\/ strong> <\/ h2><br \/>\nIm Paddel ist der Schl\u00fcssel zum Erfolg der Anpassungsf\u00e4higkeit. Das zuk\u00fcnftige Hybrid 12K Alumin wurde f\u00fcr vielseitige Spieler entwickelt, die nach einer perfekten Balance zwischen Kraft und Kontrolle suchen. Diese Schaufel wird von den aufstrebenden Talenten der NOx Future Academy (NFA) verwendet und bietet sowohl in Angriff als auch in der Verteidigung au\u00dfergew\u00f6hnliche Leistung.<\/p>\n<h2> <strong> Perfektes Gleichgewicht zwischen Leistung und Kontrolle <\/ strong> <\/ h2><\/p>\n<p>-Formen Sie Tr\u00e4nen: Ideal f\u00fcr diejenigen, die nach einem fl\u00fcssigen \u00dcbergang zwischen Angriff und Verteidigung suchen.<br \/>\n-Konstruktion mit Kohlenstoffrahmen und EV50 -Kern: Es bietet eine Sprengkugelauslass mit Stabilit\u00e4t und Pr\u00e4zision.<br \/>\n-Balance optimiert: Anpassungsf\u00e4higkeit in jeder Spielsituation, um eine effektive Reaktion in jedem Schlag zu gew\u00e4hrleisten. <\/p>\n<h2> <strong> fortschrittliche Technologie f\u00fcr maximale Effektivit\u00e4t <\/ strong> <\/ h2><\/p>\n<p>-Carbon Alum 12k auf Gesichtern: Erh\u00f6ht die Leistung der Leistung, die eine au\u00dfergew\u00f6hnliche Kontrolle aufrechterhalten.<br \/>\n-R. Rugoso -Superf\u00f6rderung in 3D: Erleichtert die Erzeugung von Effekten mit gr\u00f6\u00dferer Leichtigkeit und Pr\u00e4zision. <\/p>\n<p>&lt;Il<br \/>\nDas zuk\u00fcnftige Hybrid 12K Alumin ist die endg\u00fcltige Schaufel f\u00fcr diejenigen, die in allen Facetten des Spiels Leistung suchen. Wenn Sie ein Spieler sind, der sich an jeden Punkt anpasst und wei\u00df, wann Sie angreifen und wann Sie sich verteidigen m\u00fcssen, wird diese Schaufel f\u00fcr Sie gemacht.<\/p>\n<p><strong> Jetzt ber\u00fccksichtigt in unserem Online -Shop <a href=\"https:\/\/www.revolutionpadelstore.com\/\"> www.revolutionpadelstore.com <\/a>, wahrscheinlich zum besten Marktpreis. <\/strong><\/p>\n","protected":false},"excerpt":{"rendered":"<p>Das zuk\u00fcnftige Hybrid -12K -Alumin wurde f\u00fcr vielseitige Spieler entwickelt, die nach einer perfekten Balance zwischen Leistung und Kontrolle suchen<\/p>\n","protected":false},"featured_media":197841,"comment_status":"open","ping_status":"closed","template":"","meta":{"_acf_changed":false,"_joinchat":[]},"acabado":[1089],"balance":[1134,1139],"dureza":[1154],"forma":[1184],"jugador":[1189,1199],"marca":[1259],"nivel-de-juego":[1334],"superficie":[1359],"tipo-de-juego":[1384],"product_brand":[],"product_cat":[299],"product_tag":[],"class_list":{"0":"post-197835","1":"product","2":"type-product","3":"status-publish","4":"has-post-thumbnail","6":"acabado-3d-entlasten","7":"balance-hoch","8":"balance-mittel","9":"dureza-media-de","10":"forma-lagrima-de","11":"jugador-mann","12":"jugador-mehrzweck","13":"marca-nox-de","14":"superficie-rugosa-de","15":"tipo-de-juego-mehrzweck","16":"product_cat-palas-de-padel-de","18":"first","19":"instock","20":"sale","21":"taxable","22":"shipping-taxable","23":"purchasable","24":"product-type-simple"},"acf":[],"yoast_head":"<!-- This site is optimized with the Yoast SEO plugin v27.3 - https:\/\/yoast.com\/product\/yoast-seo-wordpress\/ -->\n<title>NOX FUTURE HYBRID 12K ALUM - Revolution Padel Store<\/title>\n<meta name=\"description\" content=\"&quot;Future Hybrid 12K Alum: la pala de p\u00e1del vers\u00e1til de Nox con equilibrio entre potencia y control. Carbon Alum 12K, n\u00facleo EV50 y rugosidad 3D. C\u00f3mprala al mejor precio en Revolution Padel Store.&quot;\" \/>\n<meta name=\"robots\" content=\"index, follow, max-snippet:-1, max-image-preview:large, max-video-preview:-1\" \/>\n<link rel=\"canonical\" href=\"https:\/\/revolutionpadelstore.com\/de\/produkt\/nox-future-hybrid-12k-alum-1\/\" \/>\n<meta property=\"og:locale\" content=\"de_DE\" \/>\n<meta property=\"og:type\" content=\"article\" \/>\n<meta property=\"og:title\" content=\"NOX FUTURE HYBRID 12K ALUM - Revolution Padel Store\" \/>\n<meta property=\"og:description\" content=\"&quot;Future Hybrid 12K Alum: la pala de p\u00e1del vers\u00e1til de Nox con equilibrio entre potencia y control. Carbon Alum 12K, n\u00facleo EV50 y rugosidad 3D. C\u00f3mprala al mejor precio en Revolution Padel Store.&quot;\" \/>\n<meta property=\"og:url\" content=\"https:\/\/revolutionpadelstore.com\/de\/produkt\/nox-future-hybrid-12k-alum-1\/\" \/>\n<meta property=\"og:site_name\" content=\"Revolution Padel Store\" \/>\n<meta property=\"article:modified_time\" content=\"2026-04-01T00:57:34+00:00\" \/>\n<meta property=\"og:image\" content=\"https:\/\/revolutionpadelstore.com\/wp-content\/uploads\/2025\/03\/154.png\" \/>\n\t<meta property=\"og:image:width\" content=\"1500\" \/>\n\t<meta property=\"og:image:height\" content=\"1500\" \/>\n\t<meta property=\"og:image:type\" content=\"image\/png\" \/>\n<meta name=\"twitter:card\" content=\"summary_large_image\" \/>\n<meta name=\"twitter:label1\" content=\"Gesch\u00e4tzte Lesezeit\" \/>\n\t<meta name=\"twitter:data1\" content=\"2\u00a0Minuten\" \/>\n<script type=\"application\/ld+json\" class=\"yoast-schema-graph\">{\"@context\":\"https:\\\/\\\/schema.org\",\"@graph\":[{\"@type\":\"WebPage\",\"@id\":\"https:\\\/\\\/revolutionpadelstore.com\\\/de\\\/produkt\\\/nox-future-hybrid-12k-alum-1\\\/\",\"url\":\"https:\\\/\\\/revolutionpadelstore.com\\\/de\\\/produkt\\\/nox-future-hybrid-12k-alum-1\\\/\",\"name\":\"NOX FUTURE HYBRID 12K ALUM - Revolution Padel Store\",\"isPartOf\":{\"@id\":\"https:\\\/\\\/revolutionpadelstore.com\\\/de\\\/#website\"},\"primaryImageOfPage\":{\"@id\":\"https:\\\/\\\/revolutionpadelstore.com\\\/de\\\/produkt\\\/nox-future-hybrid-12k-alum-1\\\/#primaryimage\"},\"image\":{\"@id\":\"https:\\\/\\\/revolutionpadelstore.com\\\/de\\\/produkt\\\/nox-future-hybrid-12k-alum-1\\\/#primaryimage\"},\"thumbnailUrl\":\"https:\\\/\\\/revolutionpadelstore.com\\\/wp-content\\\/uploads\\\/2025\\\/03\\\/154.png\",\"datePublished\":\"2025-03-01T09:43:04+00:00\",\"dateModified\":\"2026-04-01T00:57:34+00:00\",\"description\":\"\\\"Future Hybrid 12K Alum: la pala de p\u00e1del vers\u00e1til de Nox con equilibrio entre potencia y control. Carbon Alum 12K, n\u00facleo EV50 y rugosidad 3D. C\u00f3mprala al mejor precio en Revolution Padel Store.\\\"\",\"breadcrumb\":{\"@id\":\"https:\\\/\\\/revolutionpadelstore.com\\\/de\\\/produkt\\\/nox-future-hybrid-12k-alum-1\\\/#breadcrumb\"},\"inLanguage\":\"de\",\"potentialAction\":[{\"@type\":\"ReadAction\",\"target\":[\"https:\\\/\\\/revolutionpadelstore.com\\\/de\\\/produkt\\\/nox-future-hybrid-12k-alum-1\\\/\"]}]},{\"@type\":\"ImageObject\",\"inLanguage\":\"de\",\"@id\":\"https:\\\/\\\/revolutionpadelstore.com\\\/de\\\/produkt\\\/nox-future-hybrid-12k-alum-1\\\/#primaryimage\",\"url\":\"https:\\\/\\\/revolutionpadelstore.com\\\/wp-content\\\/uploads\\\/2025\\\/03\\\/154.png\",\"contentUrl\":\"https:\\\/\\\/revolutionpadelstore.com\\\/wp-content\\\/uploads\\\/2025\\\/03\\\/154.png\",\"width\":1500,\"height\":1500},{\"@type\":\"BreadcrumbList\",\"@id\":\"https:\\\/\\\/revolutionpadelstore.com\\\/de\\\/produkt\\\/nox-future-hybrid-12k-alum-1\\\/#breadcrumb\",\"itemListElement\":[{\"@type\":\"ListItem\",\"position\":1,\"name\":\"Portada\",\"item\":\"https:\\\/\\\/revolutionpadelstore.com\\\/de\\\/\"},{\"@type\":\"ListItem\",\"position\":2,\"name\":\"Shop\",\"item\":\"https:\\\/\\\/revolutionpadelstore.com\\\/de\\\/tienda\\\/\"},{\"@type\":\"ListItem\",\"position\":3,\"name\":\"NOX FUTURE HYBRID 12K ALUM\"}]},{\"@type\":\"WebSite\",\"@id\":\"https:\\\/\\\/revolutionpadelstore.com\\\/de\\\/#website\",\"url\":\"https:\\\/\\\/revolutionpadelstore.com\\\/de\\\/\",\"name\":\"Revolution Padel Store\",\"description\":\"\",\"publisher\":{\"@id\":\"https:\\\/\\\/revolutionpadelstore.com\\\/de\\\/#organization\"},\"potentialAction\":[{\"@type\":\"SearchAction\",\"target\":{\"@type\":\"EntryPoint\",\"urlTemplate\":\"https:\\\/\\\/revolutionpadelstore.com\\\/de\\\/?s={search_term_string}\"},\"query-input\":{\"@type\":\"PropertyValueSpecification\",\"valueRequired\":true,\"valueName\":\"search_term_string\"}}],\"inLanguage\":\"de\"},{\"@type\":\"Organization\",\"@id\":\"https:\\\/\\\/revolutionpadelstore.com\\\/de\\\/#organization\",\"name\":\"Revolution Padel Store\",\"url\":\"https:\\\/\\\/revolutionpadelstore.com\\\/de\\\/\",\"logo\":{\"@type\":\"ImageObject\",\"inLanguage\":\"de\",\"@id\":\"https:\\\/\\\/revolutionpadelstore.com\\\/de\\\/#\\\/schema\\\/logo\\\/image\\\/\",\"url\":\"https:\\\/\\\/revolutionpadelstore.com\\\/wp-content\\\/uploads\\\/2026\\\/02\\\/revolution-padel-store.jpg\",\"contentUrl\":\"https:\\\/\\\/revolutionpadelstore.com\\\/wp-content\\\/uploads\\\/2026\\\/02\\\/revolution-padel-store.jpg\",\"width\":2000,\"height\":2000,\"caption\":\"Revolution Padel Store\"},\"image\":{\"@id\":\"https:\\\/\\\/revolutionpadelstore.com\\\/de\\\/#\\\/schema\\\/logo\\\/image\\\/\"},\"sameAs\":[\"https:\\\/\\\/www.instagram.com\\\/revolutionpadelstore\\\/\"]}]}<\/script>\n<!-- \/ Yoast SEO plugin. -->","yoast_head_json":{"title":"NOX FUTURE HYBRID 12K ALUM - Revolution Padel Store","description":"\"Future Hybrid 12K Alum: la pala de p\u00e1del vers\u00e1til de Nox con equilibrio entre potencia y control. Carbon Alum 12K, n\u00facleo EV50 y rugosidad 3D. C\u00f3mprala al mejor precio en Revolution Padel Store.\"","robots":{"index":"index","follow":"follow","max-snippet":"max-snippet:-1","max-image-preview":"max-image-preview:large","max-video-preview":"max-video-preview:-1"},"canonical":"https:\/\/revolutionpadelstore.com\/de\/produkt\/nox-future-hybrid-12k-alum-1\/","og_locale":"de_DE","og_type":"article","og_title":"NOX FUTURE HYBRID 12K ALUM - Revolution Padel Store","og_description":"\"Future Hybrid 12K Alum: la pala de p\u00e1del vers\u00e1til de Nox con equilibrio entre potencia y control. Carbon Alum 12K, n\u00facleo EV50 y rugosidad 3D. C\u00f3mprala al mejor precio en Revolution Padel Store.\"","og_url":"https:\/\/revolutionpadelstore.com\/de\/produkt\/nox-future-hybrid-12k-alum-1\/","og_site_name":"Revolution Padel Store","article_modified_time":"2026-04-01T00:57:34+00:00","og_image":[{"width":1500,"height":1500,"url":"https:\/\/revolutionpadelstore.com\/wp-content\/uploads\/2025\/03\/154.png","type":"image\/png"}],"twitter_card":"summary_large_image","twitter_misc":{"Gesch\u00e4tzte Lesezeit":"2\u00a0Minuten"},"schema":{"@context":"https:\/\/schema.org","@graph":[{"@type":"WebPage","@id":"https:\/\/revolutionpadelstore.com\/de\/produkt\/nox-future-hybrid-12k-alum-1\/","url":"https:\/\/revolutionpadelstore.com\/de\/produkt\/nox-future-hybrid-12k-alum-1\/","name":"NOX FUTURE HYBRID 12K ALUM - Revolution Padel Store","isPartOf":{"@id":"https:\/\/revolutionpadelstore.com\/de\/#website"},"primaryImageOfPage":{"@id":"https:\/\/revolutionpadelstore.com\/de\/produkt\/nox-future-hybrid-12k-alum-1\/#primaryimage"},"image":{"@id":"https:\/\/revolutionpadelstore.com\/de\/produkt\/nox-future-hybrid-12k-alum-1\/#primaryimage"},"thumbnailUrl":"https:\/\/revolutionpadelstore.com\/wp-content\/uploads\/2025\/03\/154.png","datePublished":"2025-03-01T09:43:04+00:00","dateModified":"2026-04-01T00:57:34+00:00","description":"\"Future Hybrid 12K Alum: la pala de p\u00e1del vers\u00e1til de Nox con equilibrio entre potencia y control. Carbon Alum 12K, n\u00facleo EV50 y rugosidad 3D. C\u00f3mprala al mejor precio en Revolution Padel Store.\"","breadcrumb":{"@id":"https:\/\/revolutionpadelstore.com\/de\/produkt\/nox-future-hybrid-12k-alum-1\/#breadcrumb"},"inLanguage":"de","potentialAction":[{"@type":"ReadAction","target":["https:\/\/revolutionpadelstore.com\/de\/produkt\/nox-future-hybrid-12k-alum-1\/"]}]},{"@type":"ImageObject","inLanguage":"de","@id":"https:\/\/revolutionpadelstore.com\/de\/produkt\/nox-future-hybrid-12k-alum-1\/#primaryimage","url":"https:\/\/revolutionpadelstore.com\/wp-content\/uploads\/2025\/03\/154.png","contentUrl":"https:\/\/revolutionpadelstore.com\/wp-content\/uploads\/2025\/03\/154.png","width":1500,"height":1500},{"@type":"BreadcrumbList","@id":"https:\/\/revolutionpadelstore.com\/de\/produkt\/nox-future-hybrid-12k-alum-1\/#breadcrumb","itemListElement":[{"@type":"ListItem","position":1,"name":"Portada","item":"https:\/\/revolutionpadelstore.com\/de\/"},{"@type":"ListItem","position":2,"name":"Shop","item":"https:\/\/revolutionpadelstore.com\/de\/tienda\/"},{"@type":"ListItem","position":3,"name":"NOX FUTURE HYBRID 12K ALUM"}]},{"@type":"WebSite","@id":"https:\/\/revolutionpadelstore.com\/de\/#website","url":"https:\/\/revolutionpadelstore.com\/de\/","name":"Revolution Padel Store","description":"","publisher":{"@id":"https:\/\/revolutionpadelstore.com\/de\/#organization"},"potentialAction":[{"@type":"SearchAction","target":{"@type":"EntryPoint","urlTemplate":"https:\/\/revolutionpadelstore.com\/de\/?s={search_term_string}"},"query-input":{"@type":"PropertyValueSpecification","valueRequired":true,"valueName":"search_term_string"}}],"inLanguage":"de"},{"@type":"Organization","@id":"https:\/\/revolutionpadelstore.com\/de\/#organization","name":"Revolution Padel Store","url":"https:\/\/revolutionpadelstore.com\/de\/","logo":{"@type":"ImageObject","inLanguage":"de","@id":"https:\/\/revolutionpadelstore.com\/de\/#\/schema\/logo\/image\/","url":"https:\/\/revolutionpadelstore.com\/wp-content\/uploads\/2026\/02\/revolution-padel-store.jpg","contentUrl":"https:\/\/revolutionpadelstore.com\/wp-content\/uploads\/2026\/02\/revolution-padel-store.jpg","width":2000,"height":2000,"caption":"Revolution Padel Store"},"image":{"@id":"https:\/\/revolutionpadelstore.com\/de\/#\/schema\/logo\/image\/"},"sameAs":["https:\/\/www.instagram.com\/revolutionpadelstore\/"]}]}},"_links":{"self":[{"href":"https:\/\/revolutionpadelstore.com\/de\/wp-json\/wp\/v2\/product\/197835","targetHints":{"allow":["GET"]}}],"collection":[{"href":"https:\/\/revolutionpadelstore.com\/de\/wp-json\/wp\/v2\/product"}],"about":[{"href":"https:\/\/revolutionpadelstore.com\/de\/wp-json\/wp\/v2\/types\/product"}],"replies":[{"embeddable":true,"href":"https:\/\/revolutionpadelstore.com\/de\/wp-json\/wp\/v2\/comments?post=197835"}],"wp:featuredmedia":[{"embeddable":true,"href":"https:\/\/revolutionpadelstore.com\/de\/wp-json\/wp\/v2\/media\/197841"}],"wp:attachment":[{"href":"https:\/\/revolutionpadelstore.com\/de\/wp-json\/wp\/v2\/media?parent=197835"}],"wp:term":[{"taxonomy":"acabado","embeddable":true,"href":"https:\/\/revolutionpadelstore.com\/de\/wp-json\/wp\/v2\/acabado?post=197835"},{"taxonomy":"balance","embeddable":true,"href":"https:\/\/revolutionpadelstore.com\/de\/wp-json\/wp\/v2\/balance?post=197835"},{"taxonomy":"dureza","embeddable":true,"href":"https:\/\/revolutionpadelstore.com\/de\/wp-json\/wp\/v2\/dureza?post=197835"},{"taxonomy":"forma","embeddable":true,"href":"https:\/\/revolutionpadelstore.com\/de\/wp-json\/wp\/v2\/forma?post=197835"},{"taxonomy":"jugador","embeddable":true,"href":"https:\/\/revolutionpadelstore.com\/de\/wp-json\/wp\/v2\/jugador?post=197835"},{"taxonomy":"marca","embeddable":true,"href":"https:\/\/revolutionpadelstore.com\/de\/wp-json\/wp\/v2\/marca?post=197835"},{"taxonomy":"nivel-de-juego","embeddable":true,"href":"https:\/\/revolutionpadelstore.com\/de\/wp-json\/wp\/v2\/nivel-de-juego?post=197835"},{"taxonomy":"superficie","embeddable":true,"href":"https:\/\/revolutionpadelstore.com\/de\/wp-json\/wp\/v2\/superficie?post=197835"},{"taxonomy":"tipo-de-juego","embeddable":true,"href":"https:\/\/revolutionpadelstore.com\/de\/wp-json\/wp\/v2\/tipo-de-juego?post=197835"},{"taxonomy":"product_brand","embeddable":true,"href":"https:\/\/revolutionpadelstore.com\/de\/wp-json\/wp\/v2\/product_brand?post=197835"},{"taxonomy":"product_cat","embeddable":true,"href":"https:\/\/revolutionpadelstore.com\/de\/wp-json\/wp\/v2\/product_cat?post=197835"},{"taxonomy":"product_tag","embeddable":true,"href":"https:\/\/revolutionpadelstore.com\/de\/wp-json\/wp\/v2\/product_tag?post=197835"}],"curies":[{"name":"wp","href":"https:\/\/api.w.org\/{rel}","templated":true}]}}