{"id":19772,"date":"2024-04-08T22:55:02","date_gmt":"2024-04-08T20:55:02","guid":{"rendered":"https:\/\/revolutionpadelstore.com\/harlem-padel-corex-2024\/"},"modified":"2026-04-08T14:35:48","modified_gmt":"2026-04-08T12:35:48","slug":"harlem-padel-corex-1","status":"publish","type":"product","link":"https:\/\/revolutionpadelstore.com\/de\/produkt\/harlem-padel-corex-1\/","title":{"rendered":"HARLEM PADEL COREX"},"content":{"rendered":"<p>Das Modell COREX 2024 von Harlem P\u00e1del ist ein Hochleistungsschl\u00e4ger, der f\u00fcr Spieler mit fortgeschrittenem oder professionellem Niveau und korrekter Technik entwickelt wurde. Es hat ein Gewicht zwischen 355 und 375 Gramm.<\/p>\n<p>Es hat eine <strong>Diamantform<\/strong> mit einer <strong>mittleren\/hohen Balance<\/strong> und einem hohen Sweet Spot zur Oberseite der Klinge. Diese Eigenschaften f\u00fchren auf dem Spielfeld zu extremer Kraft bei Angriffsschl\u00e4gen wie dem Abschluss, da eine Hebelwirkung erzeugt wird, die eine hervorragende Kraftentfaltung erm\u00f6glicht.<\/p>\n<p>Im Inneren des Schl\u00e4gerk\u00f6rpers befindet sich das Gummimaterial <strong>BLACK EVA High Memory Laminat<\/strong>. Es handelt sich um einen mehrschichtigen Gummi mittlerer bis hoher Dichte, der die Kraft der Schl\u00e4ge mit einer h\u00f6heren Geschwindigkeit als die meisten Schl\u00e4ger auf dem Markt erh\u00f6ht, ohne dabei die hervorragende Kontrolle bei jedem Schlag zu beeintr\u00e4chtigen.<\/p>\n<p>Der Rohrrahmen besteht aus <strong>100 % verst\u00e4rktem Carbon<\/strong> und verf\u00fcgt zus\u00e4tzlich \u00fcber die <strong>Tubular Frame-Technologie<\/strong>, um eine hohe Haltbarkeit und hohe Widerstandsf\u00e4higkeit gegen den typischen Verschlei\u00df der Fahrr\u00e4der zu gew\u00e4hrleisten . Fortgeschrittene Level und Stress und Drehmoment bei aggressiveren Spielen.<\/p>\n<p>Auf der Au\u00dfenseite finden wir modernste 18K-Carbonfaser, die ein geringeres Gewicht, mehr Steifigkeit und mehr Widerstandsf\u00e4higkeit erreicht. Dar\u00fcber hinaus sorgt die <strong>3D-raue<\/strong> Oberfl\u00e4che daf\u00fcr, dass der Ball besser an den Schlagfl\u00e4chen des Schl\u00e4gers haftet und ihn mit mehr Spin dreht.<\/p>\n<p>Das Finish der Klinge weist auf beiden Ebenen das f\u00fcr Harlem typische stilisierte \u201eH\u201c mit einer sehr gro\u00dfen Gr\u00f6\u00dfe in Chrom und gl\u00e4nzenden Farben auf, was der Klinge extreme Eleganz verleiht.<\/p>\n<p>Eines der vielen neuen Features, die Harlem Padel in die Kollektion 2024 integriert, ist die Einbindung des <strong>Seils in die armbandf\u00f6rmige Manschette<\/strong> aus 100 % hochwertigem Polyester mit aufgesticktem Markenlogo.<\/p>\n<p>Ohne Zweifel stehen wir vor dem Kronjuwel der Marke, einem der besten Schl\u00e4ger in Bezug auf Qualit\u00e4t, Preis und Leistung auf dem Markt.<\/p>\n","protected":false},"excerpt":{"rendered":"<p>Der Padelschl\u00e4ger Harlem Corex 2024 besteht aus Materialien und Technologien, die es Ihnen erm\u00f6glichen, Kraft mit Kontrolle zu kombinieren. Sein halbweicher Kern d\u00e4mpft Vibrationen bestm\u00f6glich.<\/p>\n","protected":false},"featured_media":161834,"comment_status":"open","ping_status":"closed","template":"","meta":{"_acf_changed":false,"_joinchat":[]},"acabado":[1089,1079,1114],"balance":[1134,1139],"dureza":[1154],"forma":[1169],"jugador":[1189,1199],"marca":[1234],"nivel-de-juego":[1344],"superficie":[1359],"tipo-de-juego":[1384],"product_brand":[],"product_cat":[299],"product_tag":[],"class_list":{"0":"post-19772","1":"product","2":"type-product","3":"status-publish","4":"has-post-thumbnail","6":"acabado-3d-entlasten","7":"acabado-helligkeit","8":"acabado-kohlenstoff","9":"balance-hoch","10":"balance-mittel","11":"dureza-media-de","12":"forma-diamante-de","13":"jugador-mann","14":"jugador-mehrzweck","15":"marca-harlem-padel-de","16":"superficie-rugosa-de","17":"tipo-de-juego-mehrzweck","18":"product_cat-palas-de-padel-de","20":"first","21":"onbackorder","22":"sale","23":"taxable","24":"shipping-taxable","25":"purchasable","26":"product-type-simple"},"acf":[],"yoast_head":"<!-- This site is optimized with the Yoast SEO plugin v27.5 - https:\/\/yoast.com\/product\/yoast-seo-wordpress\/ -->\n<title>HARLEM PADEL COREX - Revolution Padel Store<\/title>\n<meta name=\"description\" content=\"COREX 2024\u00a0de Harlem P\u00e1del es una pala de alto rendimiento que ha sido dise\u00f1ada para jugadores\/as\u00a0 que tengan un nivel avanzado o profesional, con una\u00a0 t\u00e9cnica correcta. Tiene un peso comprendido entre los 355 y los 375 gramos.BIONIC 2024, combina en partes iguales el control y la potencia. El marco tubular se compone de carbono al 100 % para garantizar una gran durabilidad y excelente resistencia frente al uso desgastante t\u00edpico del juego.Los planos est\u00e1n compuestos por fibra de Carbono 12K de \u00falti\" \/>\n<meta name=\"robots\" content=\"index, follow, max-snippet:-1, max-image-preview:large, max-video-preview:-1\" \/>\n<link rel=\"canonical\" href=\"https:\/\/revolutionpadelstore.com\/de\/produkt\/harlem-padel-corex-1\/\" \/>\n<meta property=\"og:locale\" content=\"de_DE\" \/>\n<meta property=\"og:type\" content=\"article\" \/>\n<meta property=\"og:title\" content=\"HARLEM PADEL COREX\" \/>\n<meta property=\"og:description\" content=\"La\u00a0pala de p\u00e1del Harlem Corex 2024 se compone de materiales y tecnolog\u00edas que permiten combinar la potencia con el control. Su n\u00facleo semiblando amortigua al m\u00e1ximo las vibraciones.\" \/>\n<meta property=\"og:url\" content=\"https:\/\/revolutionpadelstore.com\/de\/produkt\/harlem-padel-corex-1\/\" \/>\n<meta property=\"og:site_name\" content=\"Revolution Padel Store\" \/>\n<meta property=\"article:modified_time\" content=\"2026-04-08T12:35:48+00:00\" \/>\n<meta property=\"og:image\" content=\"https:\/\/revolutionpadelstore.com\/wp-content\/uploads\/2024\/04\/COREX_1.jpg\" \/>\n\t<meta property=\"og:image:width\" content=\"800\" \/>\n\t<meta property=\"og:image:height\" content=\"800\" \/>\n\t<meta property=\"og:image:type\" content=\"image\/jpeg\" \/>\n<meta name=\"twitter:card\" content=\"summary_large_image\" \/>\n<meta name=\"twitter:label1\" content=\"Gesch\u00e4tzte Lesezeit\" \/>\n\t<meta name=\"twitter:data1\" content=\"2\u00a0Minuten\" \/>\n<script type=\"application\/ld+json\" class=\"yoast-schema-graph\">{\"@context\":\"https:\\\/\\\/schema.org\",\"@graph\":[{\"@type\":\"WebPage\",\"@id\":\"https:\\\/\\\/revolutionpadelstore.com\\\/de\\\/produkt\\\/harlem-padel-corex-1\\\/\",\"url\":\"https:\\\/\\\/revolutionpadelstore.com\\\/de\\\/produkt\\\/harlem-padel-corex-1\\\/\",\"name\":\"HARLEM PADEL COREX - Revolution Padel Store\",\"isPartOf\":{\"@id\":\"https:\\\/\\\/revolutionpadelstore.com\\\/de\\\/#website\"},\"primaryImageOfPage\":{\"@id\":\"https:\\\/\\\/revolutionpadelstore.com\\\/de\\\/produkt\\\/harlem-padel-corex-1\\\/#primaryimage\"},\"image\":{\"@id\":\"https:\\\/\\\/revolutionpadelstore.com\\\/de\\\/produkt\\\/harlem-padel-corex-1\\\/#primaryimage\"},\"thumbnailUrl\":\"https:\\\/\\\/revolutionpadelstore.com\\\/wp-content\\\/uploads\\\/2024\\\/04\\\/80.png\",\"datePublished\":\"2024-04-08T20:55:02+00:00\",\"dateModified\":\"2026-04-08T12:35:48+00:00\",\"description\":\"COREX 2024\u00a0de Harlem P\u00e1del es una pala de alto rendimiento que ha sido dise\u00f1ada para jugadores\\\/as\u00a0 que tengan un nivel avanzado o profesional, con una\u00a0 t\u00e9cnica correcta. Tiene un peso comprendido entre los 355 y los 375 gramos.BIONIC 2024, combina en partes iguales el control y la potencia. El marco tubular se compone de carbono al 100 % para garantizar una gran durabilidad y excelente resistencia frente al uso desgastante t\u00edpico del juego.Los planos est\u00e1n compuestos por fibra de Carbono 12K de \u00falti\",\"breadcrumb\":{\"@id\":\"https:\\\/\\\/revolutionpadelstore.com\\\/de\\\/produkt\\\/harlem-padel-corex-1\\\/#breadcrumb\"},\"inLanguage\":\"de\",\"potentialAction\":[{\"@type\":\"ReadAction\",\"target\":[\"https:\\\/\\\/revolutionpadelstore.com\\\/de\\\/produkt\\\/harlem-padel-corex-1\\\/\"]}]},{\"@type\":\"ImageObject\",\"inLanguage\":\"de\",\"@id\":\"https:\\\/\\\/revolutionpadelstore.com\\\/de\\\/produkt\\\/harlem-padel-corex-1\\\/#primaryimage\",\"url\":\"https:\\\/\\\/revolutionpadelstore.com\\\/wp-content\\\/uploads\\\/2024\\\/04\\\/80.png\",\"contentUrl\":\"https:\\\/\\\/revolutionpadelstore.com\\\/wp-content\\\/uploads\\\/2024\\\/04\\\/80.png\",\"width\":1500,\"height\":1500},{\"@type\":\"BreadcrumbList\",\"@id\":\"https:\\\/\\\/revolutionpadelstore.com\\\/de\\\/produkt\\\/harlem-padel-corex-1\\\/#breadcrumb\",\"itemListElement\":[{\"@type\":\"ListItem\",\"position\":1,\"name\":\"Portada\",\"item\":\"https:\\\/\\\/revolutionpadelstore.com\\\/de\\\/\"},{\"@type\":\"ListItem\",\"position\":2,\"name\":\"Shop\",\"item\":\"https:\\\/\\\/revolutionpadelstore.com\\\/de\\\/tienda\\\/\"},{\"@type\":\"ListItem\",\"position\":3,\"name\":\"HARLEM PADEL COREX\"}]},{\"@type\":\"WebSite\",\"@id\":\"https:\\\/\\\/revolutionpadelstore.com\\\/de\\\/#website\",\"url\":\"https:\\\/\\\/revolutionpadelstore.com\\\/de\\\/\",\"name\":\"Revolution Padel Store\",\"description\":\"\",\"publisher\":{\"@id\":\"https:\\\/\\\/revolutionpadelstore.com\\\/de\\\/#organization\"},\"potentialAction\":[{\"@type\":\"SearchAction\",\"target\":{\"@type\":\"EntryPoint\",\"urlTemplate\":\"https:\\\/\\\/revolutionpadelstore.com\\\/de\\\/?s={search_term_string}\"},\"query-input\":{\"@type\":\"PropertyValueSpecification\",\"valueRequired\":true,\"valueName\":\"search_term_string\"}}],\"inLanguage\":\"de\"},{\"@type\":\"Organization\",\"@id\":\"https:\\\/\\\/revolutionpadelstore.com\\\/de\\\/#organization\",\"name\":\"Revolution Padel Store\",\"url\":\"https:\\\/\\\/revolutionpadelstore.com\\\/de\\\/\",\"logo\":{\"@type\":\"ImageObject\",\"inLanguage\":\"de\",\"@id\":\"https:\\\/\\\/revolutionpadelstore.com\\\/de\\\/#\\\/schema\\\/logo\\\/image\\\/\",\"url\":\"https:\\\/\\\/revolutionpadelstore.com\\\/wp-content\\\/uploads\\\/2026\\\/02\\\/revolution-padel-store.jpg\",\"contentUrl\":\"https:\\\/\\\/revolutionpadelstore.com\\\/wp-content\\\/uploads\\\/2026\\\/02\\\/revolution-padel-store.jpg\",\"width\":2000,\"height\":2000,\"caption\":\"Revolution Padel Store\"},\"image\":{\"@id\":\"https:\\\/\\\/revolutionpadelstore.com\\\/de\\\/#\\\/schema\\\/logo\\\/image\\\/\"},\"sameAs\":[\"https:\\\/\\\/www.instagram.com\\\/revolutionpadelstore\\\/\"]}]}<\/script>\n<!-- \/ Yoast SEO plugin. -->","yoast_head_json":{"title":"HARLEM PADEL COREX - Revolution Padel Store","description":"COREX 2024\u00a0de Harlem P\u00e1del es una pala de alto rendimiento que ha sido dise\u00f1ada para jugadores\/as\u00a0 que tengan un nivel avanzado o profesional, con una\u00a0 t\u00e9cnica correcta. Tiene un peso comprendido entre los 355 y los 375 gramos.BIONIC 2024, combina en partes iguales el control y la potencia. El marco tubular se compone de carbono al 100 % para garantizar una gran durabilidad y excelente resistencia frente al uso desgastante t\u00edpico del juego.Los planos est\u00e1n compuestos por fibra de Carbono 12K de \u00falti","robots":{"index":"index","follow":"follow","max-snippet":"max-snippet:-1","max-image-preview":"max-image-preview:large","max-video-preview":"max-video-preview:-1"},"canonical":"https:\/\/revolutionpadelstore.com\/de\/produkt\/harlem-padel-corex-1\/","og_locale":"de_DE","og_type":"article","og_title":"HARLEM PADEL COREX","og_description":"La\u00a0pala de p\u00e1del Harlem Corex 2024 se compone de materiales y tecnolog\u00edas que permiten combinar la potencia con el control. Su n\u00facleo semiblando amortigua al m\u00e1ximo las vibraciones.","og_url":"https:\/\/revolutionpadelstore.com\/de\/produkt\/harlem-padel-corex-1\/","og_site_name":"Revolution Padel Store","article_modified_time":"2026-04-08T12:35:48+00:00","og_image":[{"width":800,"height":800,"url":"https:\/\/revolutionpadelstore.com\/wp-content\/uploads\/2024\/04\/COREX_1.jpg","type":"image\/jpeg"}],"twitter_card":"summary_large_image","twitter_misc":{"Gesch\u00e4tzte Lesezeit":"2\u00a0Minuten"},"schema":{"@context":"https:\/\/schema.org","@graph":[{"@type":"WebPage","@id":"https:\/\/revolutionpadelstore.com\/de\/produkt\/harlem-padel-corex-1\/","url":"https:\/\/revolutionpadelstore.com\/de\/produkt\/harlem-padel-corex-1\/","name":"HARLEM PADEL COREX - Revolution Padel Store","isPartOf":{"@id":"https:\/\/revolutionpadelstore.com\/de\/#website"},"primaryImageOfPage":{"@id":"https:\/\/revolutionpadelstore.com\/de\/produkt\/harlem-padel-corex-1\/#primaryimage"},"image":{"@id":"https:\/\/revolutionpadelstore.com\/de\/produkt\/harlem-padel-corex-1\/#primaryimage"},"thumbnailUrl":"https:\/\/revolutionpadelstore.com\/wp-content\/uploads\/2024\/04\/80.png","datePublished":"2024-04-08T20:55:02+00:00","dateModified":"2026-04-08T12:35:48+00:00","description":"COREX 2024\u00a0de Harlem P\u00e1del es una pala de alto rendimiento que ha sido dise\u00f1ada para jugadores\/as\u00a0 que tengan un nivel avanzado o profesional, con una\u00a0 t\u00e9cnica correcta. Tiene un peso comprendido entre los 355 y los 375 gramos.BIONIC 2024, combina en partes iguales el control y la potencia. El marco tubular se compone de carbono al 100 % para garantizar una gran durabilidad y excelente resistencia frente al uso desgastante t\u00edpico del juego.Los planos est\u00e1n compuestos por fibra de Carbono 12K de \u00falti","breadcrumb":{"@id":"https:\/\/revolutionpadelstore.com\/de\/produkt\/harlem-padel-corex-1\/#breadcrumb"},"inLanguage":"de","potentialAction":[{"@type":"ReadAction","target":["https:\/\/revolutionpadelstore.com\/de\/produkt\/harlem-padel-corex-1\/"]}]},{"@type":"ImageObject","inLanguage":"de","@id":"https:\/\/revolutionpadelstore.com\/de\/produkt\/harlem-padel-corex-1\/#primaryimage","url":"https:\/\/revolutionpadelstore.com\/wp-content\/uploads\/2024\/04\/80.png","contentUrl":"https:\/\/revolutionpadelstore.com\/wp-content\/uploads\/2024\/04\/80.png","width":1500,"height":1500},{"@type":"BreadcrumbList","@id":"https:\/\/revolutionpadelstore.com\/de\/produkt\/harlem-padel-corex-1\/#breadcrumb","itemListElement":[{"@type":"ListItem","position":1,"name":"Portada","item":"https:\/\/revolutionpadelstore.com\/de\/"},{"@type":"ListItem","position":2,"name":"Shop","item":"https:\/\/revolutionpadelstore.com\/de\/tienda\/"},{"@type":"ListItem","position":3,"name":"HARLEM PADEL COREX"}]},{"@type":"WebSite","@id":"https:\/\/revolutionpadelstore.com\/de\/#website","url":"https:\/\/revolutionpadelstore.com\/de\/","name":"Revolution Padel Store","description":"","publisher":{"@id":"https:\/\/revolutionpadelstore.com\/de\/#organization"},"potentialAction":[{"@type":"SearchAction","target":{"@type":"EntryPoint","urlTemplate":"https:\/\/revolutionpadelstore.com\/de\/?s={search_term_string}"},"query-input":{"@type":"PropertyValueSpecification","valueRequired":true,"valueName":"search_term_string"}}],"inLanguage":"de"},{"@type":"Organization","@id":"https:\/\/revolutionpadelstore.com\/de\/#organization","name":"Revolution Padel Store","url":"https:\/\/revolutionpadelstore.com\/de\/","logo":{"@type":"ImageObject","inLanguage":"de","@id":"https:\/\/revolutionpadelstore.com\/de\/#\/schema\/logo\/image\/","url":"https:\/\/revolutionpadelstore.com\/wp-content\/uploads\/2026\/02\/revolution-padel-store.jpg","contentUrl":"https:\/\/revolutionpadelstore.com\/wp-content\/uploads\/2026\/02\/revolution-padel-store.jpg","width":2000,"height":2000,"caption":"Revolution Padel Store"},"image":{"@id":"https:\/\/revolutionpadelstore.com\/de\/#\/schema\/logo\/image\/"},"sameAs":["https:\/\/www.instagram.com\/revolutionpadelstore\/"]}]}},"_links":{"self":[{"href":"https:\/\/revolutionpadelstore.com\/de\/wp-json\/wp\/v2\/product\/19772","targetHints":{"allow":["GET"]}}],"collection":[{"href":"https:\/\/revolutionpadelstore.com\/de\/wp-json\/wp\/v2\/product"}],"about":[{"href":"https:\/\/revolutionpadelstore.com\/de\/wp-json\/wp\/v2\/types\/product"}],"replies":[{"embeddable":true,"href":"https:\/\/revolutionpadelstore.com\/de\/wp-json\/wp\/v2\/comments?post=19772"}],"wp:featuredmedia":[{"embeddable":true,"href":"https:\/\/revolutionpadelstore.com\/de\/wp-json\/wp\/v2\/media\/161834"}],"wp:attachment":[{"href":"https:\/\/revolutionpadelstore.com\/de\/wp-json\/wp\/v2\/media?parent=19772"}],"wp:term":[{"taxonomy":"acabado","embeddable":true,"href":"https:\/\/revolutionpadelstore.com\/de\/wp-json\/wp\/v2\/acabado?post=19772"},{"taxonomy":"balance","embeddable":true,"href":"https:\/\/revolutionpadelstore.com\/de\/wp-json\/wp\/v2\/balance?post=19772"},{"taxonomy":"dureza","embeddable":true,"href":"https:\/\/revolutionpadelstore.com\/de\/wp-json\/wp\/v2\/dureza?post=19772"},{"taxonomy":"forma","embeddable":true,"href":"https:\/\/revolutionpadelstore.com\/de\/wp-json\/wp\/v2\/forma?post=19772"},{"taxonomy":"jugador","embeddable":true,"href":"https:\/\/revolutionpadelstore.com\/de\/wp-json\/wp\/v2\/jugador?post=19772"},{"taxonomy":"marca","embeddable":true,"href":"https:\/\/revolutionpadelstore.com\/de\/wp-json\/wp\/v2\/marca?post=19772"},{"taxonomy":"nivel-de-juego","embeddable":true,"href":"https:\/\/revolutionpadelstore.com\/de\/wp-json\/wp\/v2\/nivel-de-juego?post=19772"},{"taxonomy":"superficie","embeddable":true,"href":"https:\/\/revolutionpadelstore.com\/de\/wp-json\/wp\/v2\/superficie?post=19772"},{"taxonomy":"tipo-de-juego","embeddable":true,"href":"https:\/\/revolutionpadelstore.com\/de\/wp-json\/wp\/v2\/tipo-de-juego?post=19772"},{"taxonomy":"product_brand","embeddable":true,"href":"https:\/\/revolutionpadelstore.com\/de\/wp-json\/wp\/v2\/product_brand?post=19772"},{"taxonomy":"product_cat","embeddable":true,"href":"https:\/\/revolutionpadelstore.com\/de\/wp-json\/wp\/v2\/product_cat?post=19772"},{"taxonomy":"product_tag","embeddable":true,"href":"https:\/\/revolutionpadelstore.com\/de\/wp-json\/wp\/v2\/product_tag?post=19772"}],"curies":[{"name":"wp","href":"https:\/\/api.w.org\/{rel}","templated":true}]}}