{"id":197715,"date":"2025-02-28T10:37:30","date_gmt":"2025-02-28T09:37:30","guid":{"rendered":"https:\/\/revolutionpadelstore.com\/grip-bullpadel-custom-weight-negro\/"},"modified":"2026-04-08T06:04:43","modified_gmt":"2026-04-08T04:04:43","slug":"grip-bullpadel-custom-weight-negro-1","status":"publish","type":"product","link":"https:\/\/revolutionpadelstore.com\/de\/produkt\/grip-bullpadel-custom-weight-negro-1\/","title":{"rendered":"GRIP BULLPADEL CUSTOM WEIGHT NEGRO"},"content":{"rendered":"<h2> Grip Bullpadel Custom Gewicht schwarz &#8211; Passen Sie das Gewicht Ihrer Klinge mit Pr\u00e4zision <\/ h2> an<br \/>\nM\u00f6chten Sie die Stabilit\u00e4t und Kontrolle Ihrer Paddelklinge verbessern? Das Custom -Gewicht <strong> Grip Bullpadel in schwarzer Farbe <\/strong> ist die perfekte L\u00f6sung. Dieses Accessoire wurde f\u00fcr Spieler entwickelt, die das Gewicht ihrer Schaufel anpassen m\u00f6chten, und bietet zwei Grammageoptionen, damit Sie die ideale Balance in jedem Schlag finden k\u00f6nnen.<\/p>\n<h2> Bullpadel Custom Gewichtsvorteile <\/ H2><\/p>\n<p>-gr\u00f6\u00dfere Stabilit\u00e4t in jedem Schlag dank der M\u00f6glichkeit, zus\u00e4tzliches Gewicht hinzuzuf\u00fcgen.<br \/>\n-Totale Personalisierung mit zwei Grammage -Optionen, um die Schaufel an Ihren Spielstil anzupassen.<br \/>\n-Gonomisches und anhaftendes Design, um eine einfache Installation und eine perfekte Integration zu gew\u00e4hrleisten.<br \/>\n-Kompatibel mit der Bullpadel Pro und Avant Line (au\u00dfer weiblichen Models).<br \/>\n-It harte Verschlei\u00df mit hochwertigen Materialien f\u00fcr die \u00fcberlegene Haltbarkeit. <\/p>\n<h2> Technische Spezifikationen <\/H2><br \/>\n<P>-einstellbares Gewicht: Erm\u00f6glicht das Hinzuf\u00fcgen von 5, 10 oder 15 Gramm gem\u00e4\u00df der Pr\u00e4ferenz des Spielers.<br \/>\n-Das hohes Haftmaterial f\u00fcr feste und sichere Fixierung.<br \/>\n-Color schwarz mit dem leeren Bullpadel -Logo, ein diskretes und elegantes Design.<br \/>\n-F\u00e1cil -Installation im Schaufelgriff, ohne den Komfort zu beeintr\u00e4chtigen. <\/p>\n<h2> Welche Art von Spieler ist es ideal?<br \/>\nDas Custom Gewicht <\/strong> <strong> Grip Bullpadel ist perfekt f\u00fcr jeden Paddelspieler, der versucht, das Gewicht seiner Schaufel anzupassen. Besonders f\u00fcr diejenigen empfohlen, die eine gr\u00f6\u00dfere Kontrolle und Stabilit\u00e4t w\u00fcnschen, ohne die Schaufel zu \u00e4ndern.<\/p>\n<p><strong> Holen Sie sich das Grip Bullpadel Custom Gewicht Schwarz zum besten Preis in unserem Online -Shop!<\/p>\n<h2>Grip Bullpadel Custom Weight Negro \u2013 Ajusta el peso de tu pala con precisi\u00f3n<\/h2>\n","protected":false},"excerpt":{"rendered":"<p>Der Bullpadel Custom Gewichtsgriff in Schwarz verbessert das Gleichgewicht und die Stabilit\u00e4t der Schaufel. Es wird mit zwei Gewichtsoptionen geliefert, sodass der Benutzer zwischen 5 Gramm oder 10 Gramm ausw\u00e4hlen kann.<\/p>\n","protected":false},"featured_media":197709,"comment_status":"open","ping_status":"closed","template":"","meta":{"_acf_changed":false,"_joinchat":[]},"acabado":[],"balance":[],"dureza":[],"forma":[],"jugador":[],"marca":[1254],"nivel-de-juego":[],"superficie":[],"tipo-de-juego":[],"product_brand":[],"product_cat":[558],"product_tag":[],"class_list":{"0":"post-197715","1":"product","2":"type-product","3":"status-publish","4":"has-post-thumbnail","6":"marca-bullpadel-de","7":"product_cat-zubehor","9":"first","10":"instock","11":"sale","12":"taxable","13":"shipping-taxable","14":"purchasable","15":"product-type-simple"},"acf":[],"yoast_head":"<!-- This site is optimized with the Yoast SEO plugin v27.4 - https:\/\/yoast.com\/product\/yoast-seo-wordpress\/ -->\n<title>GRIP BULLPADEL CUSTOM WEIGHT NEGRO - Revolution Padel Store<\/title>\n<meta name=\"description\" content=\"Personaliza el peso de tu pala con el Grip Bullpadel Custom Weight Negro. A\u00f1ade 5, 10 o 15 gramos para mayor control y estabilidad. \u00a1Compra online en Revolution Padel Store!\" \/>\n<meta name=\"robots\" content=\"index, follow, max-snippet:-1, max-image-preview:large, max-video-preview:-1\" \/>\n<link rel=\"canonical\" href=\"https:\/\/revolutionpadelstore.com\/de\/produkt\/grip-bullpadel-custom-weight-negro-1\/\" \/>\n<meta property=\"og:locale\" content=\"de_DE\" \/>\n<meta property=\"og:type\" content=\"article\" \/>\n<meta property=\"og:title\" content=\"GRIP BULLPADEL CUSTOM WEIGHT NEGRO - Revolution Padel Store\" \/>\n<meta property=\"og:description\" content=\"Personaliza el peso de tu pala con el Grip Bullpadel Custom Weight Negro. A\u00f1ade 5, 10 o 15 gramos para mayor control y estabilidad. \u00a1Compra online en Revolution Padel Store!\" \/>\n<meta property=\"og:url\" content=\"https:\/\/revolutionpadelstore.com\/de\/produkt\/grip-bullpadel-custom-weight-negro-1\/\" \/>\n<meta property=\"og:site_name\" content=\"Revolution Padel Store\" \/>\n<meta property=\"article:modified_time\" content=\"2026-04-08T04:04:43+00:00\" \/>\n<meta property=\"og:image\" content=\"https:\/\/revolutionpadelstore.com\/wp-content\/uploads\/2025\/02\/GRIP_BULLPADEL_CUSTOM_WEIGHT_455595_1000_1000_94dd.webp\" \/>\n\t<meta property=\"og:image:width\" content=\"1000\" \/>\n\t<meta property=\"og:image:height\" content=\"1000\" \/>\n\t<meta property=\"og:image:type\" content=\"image\/webp\" \/>\n<meta name=\"twitter:card\" content=\"summary_large_image\" \/>\n<meta name=\"twitter:label1\" content=\"Gesch\u00e4tzte Lesezeit\" \/>\n\t<meta name=\"twitter:data1\" content=\"2\u00a0Minuten\" \/>\n<script type=\"application\/ld+json\" class=\"yoast-schema-graph\">{\"@context\":\"https:\\\/\\\/schema.org\",\"@graph\":[{\"@type\":\"WebPage\",\"@id\":\"https:\\\/\\\/revolutionpadelstore.com\\\/de\\\/produkt\\\/grip-bullpadel-custom-weight-negro-1\\\/\",\"url\":\"https:\\\/\\\/revolutionpadelstore.com\\\/de\\\/produkt\\\/grip-bullpadel-custom-weight-negro-1\\\/\",\"name\":\"GRIP BULLPADEL CUSTOM WEIGHT NEGRO - Revolution Padel Store\",\"isPartOf\":{\"@id\":\"https:\\\/\\\/revolutionpadelstore.com\\\/de\\\/#website\"},\"primaryImageOfPage\":{\"@id\":\"https:\\\/\\\/revolutionpadelstore.com\\\/de\\\/produkt\\\/grip-bullpadel-custom-weight-negro-1\\\/#primaryimage\"},\"image\":{\"@id\":\"https:\\\/\\\/revolutionpadelstore.com\\\/de\\\/produkt\\\/grip-bullpadel-custom-weight-negro-1\\\/#primaryimage\"},\"thumbnailUrl\":\"https:\\\/\\\/revolutionpadelstore.com\\\/wp-content\\\/uploads\\\/2025\\\/02\\\/GRIP_BULLPADEL_CUSTOM_WEIGHT_455595_1000_1000_94dd.webp\",\"datePublished\":\"2025-02-28T09:37:30+00:00\",\"dateModified\":\"2026-04-08T04:04:43+00:00\",\"description\":\"Personaliza el peso de tu pala con el Grip Bullpadel Custom Weight Negro. A\u00f1ade 5, 10 o 15 gramos para mayor control y estabilidad. \u00a1Compra online en Revolution Padel Store!\",\"breadcrumb\":{\"@id\":\"https:\\\/\\\/revolutionpadelstore.com\\\/de\\\/produkt\\\/grip-bullpadel-custom-weight-negro-1\\\/#breadcrumb\"},\"inLanguage\":\"de\",\"potentialAction\":[{\"@type\":\"ReadAction\",\"target\":[\"https:\\\/\\\/revolutionpadelstore.com\\\/de\\\/produkt\\\/grip-bullpadel-custom-weight-negro-1\\\/\"]}]},{\"@type\":\"ImageObject\",\"inLanguage\":\"de\",\"@id\":\"https:\\\/\\\/revolutionpadelstore.com\\\/de\\\/produkt\\\/grip-bullpadel-custom-weight-negro-1\\\/#primaryimage\",\"url\":\"https:\\\/\\\/revolutionpadelstore.com\\\/wp-content\\\/uploads\\\/2025\\\/02\\\/GRIP_BULLPADEL_CUSTOM_WEIGHT_455595_1000_1000_94dd.webp\",\"contentUrl\":\"https:\\\/\\\/revolutionpadelstore.com\\\/wp-content\\\/uploads\\\/2025\\\/02\\\/GRIP_BULLPADEL_CUSTOM_WEIGHT_455595_1000_1000_94dd.webp\",\"width\":1000,\"height\":1000},{\"@type\":\"BreadcrumbList\",\"@id\":\"https:\\\/\\\/revolutionpadelstore.com\\\/de\\\/produkt\\\/grip-bullpadel-custom-weight-negro-1\\\/#breadcrumb\",\"itemListElement\":[{\"@type\":\"ListItem\",\"position\":1,\"name\":\"Portada\",\"item\":\"https:\\\/\\\/revolutionpadelstore.com\\\/de\\\/\"},{\"@type\":\"ListItem\",\"position\":2,\"name\":\"Shop\",\"item\":\"https:\\\/\\\/revolutionpadelstore.com\\\/de\\\/tienda\\\/\"},{\"@type\":\"ListItem\",\"position\":3,\"name\":\"GRIP BULLPADEL CUSTOM WEIGHT NEGRO\"}]},{\"@type\":\"WebSite\",\"@id\":\"https:\\\/\\\/revolutionpadelstore.com\\\/de\\\/#website\",\"url\":\"https:\\\/\\\/revolutionpadelstore.com\\\/de\\\/\",\"name\":\"Revolution Padel Store\",\"description\":\"\",\"publisher\":{\"@id\":\"https:\\\/\\\/revolutionpadelstore.com\\\/de\\\/#organization\"},\"potentialAction\":[{\"@type\":\"SearchAction\",\"target\":{\"@type\":\"EntryPoint\",\"urlTemplate\":\"https:\\\/\\\/revolutionpadelstore.com\\\/de\\\/?s={search_term_string}\"},\"query-input\":{\"@type\":\"PropertyValueSpecification\",\"valueRequired\":true,\"valueName\":\"search_term_string\"}}],\"inLanguage\":\"de\"},{\"@type\":\"Organization\",\"@id\":\"https:\\\/\\\/revolutionpadelstore.com\\\/de\\\/#organization\",\"name\":\"Revolution Padel Store\",\"url\":\"https:\\\/\\\/revolutionpadelstore.com\\\/de\\\/\",\"logo\":{\"@type\":\"ImageObject\",\"inLanguage\":\"de\",\"@id\":\"https:\\\/\\\/revolutionpadelstore.com\\\/de\\\/#\\\/schema\\\/logo\\\/image\\\/\",\"url\":\"https:\\\/\\\/revolutionpadelstore.com\\\/wp-content\\\/uploads\\\/2026\\\/02\\\/revolution-padel-store.jpg\",\"contentUrl\":\"https:\\\/\\\/revolutionpadelstore.com\\\/wp-content\\\/uploads\\\/2026\\\/02\\\/revolution-padel-store.jpg\",\"width\":2000,\"height\":2000,\"caption\":\"Revolution Padel Store\"},\"image\":{\"@id\":\"https:\\\/\\\/revolutionpadelstore.com\\\/de\\\/#\\\/schema\\\/logo\\\/image\\\/\"},\"sameAs\":[\"https:\\\/\\\/www.instagram.com\\\/revolutionpadelstore\\\/\"]}]}<\/script>\n<!-- \/ Yoast SEO plugin. -->","yoast_head_json":{"title":"GRIP BULLPADEL CUSTOM WEIGHT NEGRO - Revolution Padel Store","description":"Personaliza el peso de tu pala con el Grip Bullpadel Custom Weight Negro. A\u00f1ade 5, 10 o 15 gramos para mayor control y estabilidad. \u00a1Compra online en Revolution Padel Store!","robots":{"index":"index","follow":"follow","max-snippet":"max-snippet:-1","max-image-preview":"max-image-preview:large","max-video-preview":"max-video-preview:-1"},"canonical":"https:\/\/revolutionpadelstore.com\/de\/produkt\/grip-bullpadel-custom-weight-negro-1\/","og_locale":"de_DE","og_type":"article","og_title":"GRIP BULLPADEL CUSTOM WEIGHT NEGRO - Revolution Padel Store","og_description":"Personaliza el peso de tu pala con el Grip Bullpadel Custom Weight Negro. A\u00f1ade 5, 10 o 15 gramos para mayor control y estabilidad. \u00a1Compra online en Revolution Padel Store!","og_url":"https:\/\/revolutionpadelstore.com\/de\/produkt\/grip-bullpadel-custom-weight-negro-1\/","og_site_name":"Revolution Padel Store","article_modified_time":"2026-04-08T04:04:43+00:00","og_image":[{"width":1000,"height":1000,"url":"https:\/\/revolutionpadelstore.com\/wp-content\/uploads\/2025\/02\/GRIP_BULLPADEL_CUSTOM_WEIGHT_455595_1000_1000_94dd.webp","type":"image\/webp"}],"twitter_card":"summary_large_image","twitter_misc":{"Gesch\u00e4tzte Lesezeit":"2\u00a0Minuten"},"schema":{"@context":"https:\/\/schema.org","@graph":[{"@type":"WebPage","@id":"https:\/\/revolutionpadelstore.com\/de\/produkt\/grip-bullpadel-custom-weight-negro-1\/","url":"https:\/\/revolutionpadelstore.com\/de\/produkt\/grip-bullpadel-custom-weight-negro-1\/","name":"GRIP BULLPADEL CUSTOM WEIGHT NEGRO - Revolution Padel Store","isPartOf":{"@id":"https:\/\/revolutionpadelstore.com\/de\/#website"},"primaryImageOfPage":{"@id":"https:\/\/revolutionpadelstore.com\/de\/produkt\/grip-bullpadel-custom-weight-negro-1\/#primaryimage"},"image":{"@id":"https:\/\/revolutionpadelstore.com\/de\/produkt\/grip-bullpadel-custom-weight-negro-1\/#primaryimage"},"thumbnailUrl":"https:\/\/revolutionpadelstore.com\/wp-content\/uploads\/2025\/02\/GRIP_BULLPADEL_CUSTOM_WEIGHT_455595_1000_1000_94dd.webp","datePublished":"2025-02-28T09:37:30+00:00","dateModified":"2026-04-08T04:04:43+00:00","description":"Personaliza el peso de tu pala con el Grip Bullpadel Custom Weight Negro. A\u00f1ade 5, 10 o 15 gramos para mayor control y estabilidad. \u00a1Compra online en Revolution Padel Store!","breadcrumb":{"@id":"https:\/\/revolutionpadelstore.com\/de\/produkt\/grip-bullpadel-custom-weight-negro-1\/#breadcrumb"},"inLanguage":"de","potentialAction":[{"@type":"ReadAction","target":["https:\/\/revolutionpadelstore.com\/de\/produkt\/grip-bullpadel-custom-weight-negro-1\/"]}]},{"@type":"ImageObject","inLanguage":"de","@id":"https:\/\/revolutionpadelstore.com\/de\/produkt\/grip-bullpadel-custom-weight-negro-1\/#primaryimage","url":"https:\/\/revolutionpadelstore.com\/wp-content\/uploads\/2025\/02\/GRIP_BULLPADEL_CUSTOM_WEIGHT_455595_1000_1000_94dd.webp","contentUrl":"https:\/\/revolutionpadelstore.com\/wp-content\/uploads\/2025\/02\/GRIP_BULLPADEL_CUSTOM_WEIGHT_455595_1000_1000_94dd.webp","width":1000,"height":1000},{"@type":"BreadcrumbList","@id":"https:\/\/revolutionpadelstore.com\/de\/produkt\/grip-bullpadel-custom-weight-negro-1\/#breadcrumb","itemListElement":[{"@type":"ListItem","position":1,"name":"Portada","item":"https:\/\/revolutionpadelstore.com\/de\/"},{"@type":"ListItem","position":2,"name":"Shop","item":"https:\/\/revolutionpadelstore.com\/de\/tienda\/"},{"@type":"ListItem","position":3,"name":"GRIP BULLPADEL CUSTOM WEIGHT NEGRO"}]},{"@type":"WebSite","@id":"https:\/\/revolutionpadelstore.com\/de\/#website","url":"https:\/\/revolutionpadelstore.com\/de\/","name":"Revolution Padel Store","description":"","publisher":{"@id":"https:\/\/revolutionpadelstore.com\/de\/#organization"},"potentialAction":[{"@type":"SearchAction","target":{"@type":"EntryPoint","urlTemplate":"https:\/\/revolutionpadelstore.com\/de\/?s={search_term_string}"},"query-input":{"@type":"PropertyValueSpecification","valueRequired":true,"valueName":"search_term_string"}}],"inLanguage":"de"},{"@type":"Organization","@id":"https:\/\/revolutionpadelstore.com\/de\/#organization","name":"Revolution Padel Store","url":"https:\/\/revolutionpadelstore.com\/de\/","logo":{"@type":"ImageObject","inLanguage":"de","@id":"https:\/\/revolutionpadelstore.com\/de\/#\/schema\/logo\/image\/","url":"https:\/\/revolutionpadelstore.com\/wp-content\/uploads\/2026\/02\/revolution-padel-store.jpg","contentUrl":"https:\/\/revolutionpadelstore.com\/wp-content\/uploads\/2026\/02\/revolution-padel-store.jpg","width":2000,"height":2000,"caption":"Revolution Padel Store"},"image":{"@id":"https:\/\/revolutionpadelstore.com\/de\/#\/schema\/logo\/image\/"},"sameAs":["https:\/\/www.instagram.com\/revolutionpadelstore\/"]}]}},"_links":{"self":[{"href":"https:\/\/revolutionpadelstore.com\/de\/wp-json\/wp\/v2\/product\/197715","targetHints":{"allow":["GET"]}}],"collection":[{"href":"https:\/\/revolutionpadelstore.com\/de\/wp-json\/wp\/v2\/product"}],"about":[{"href":"https:\/\/revolutionpadelstore.com\/de\/wp-json\/wp\/v2\/types\/product"}],"replies":[{"embeddable":true,"href":"https:\/\/revolutionpadelstore.com\/de\/wp-json\/wp\/v2\/comments?post=197715"}],"wp:featuredmedia":[{"embeddable":true,"href":"https:\/\/revolutionpadelstore.com\/de\/wp-json\/wp\/v2\/media\/197709"}],"wp:attachment":[{"href":"https:\/\/revolutionpadelstore.com\/de\/wp-json\/wp\/v2\/media?parent=197715"}],"wp:term":[{"taxonomy":"acabado","embeddable":true,"href":"https:\/\/revolutionpadelstore.com\/de\/wp-json\/wp\/v2\/acabado?post=197715"},{"taxonomy":"balance","embeddable":true,"href":"https:\/\/revolutionpadelstore.com\/de\/wp-json\/wp\/v2\/balance?post=197715"},{"taxonomy":"dureza","embeddable":true,"href":"https:\/\/revolutionpadelstore.com\/de\/wp-json\/wp\/v2\/dureza?post=197715"},{"taxonomy":"forma","embeddable":true,"href":"https:\/\/revolutionpadelstore.com\/de\/wp-json\/wp\/v2\/forma?post=197715"},{"taxonomy":"jugador","embeddable":true,"href":"https:\/\/revolutionpadelstore.com\/de\/wp-json\/wp\/v2\/jugador?post=197715"},{"taxonomy":"marca","embeddable":true,"href":"https:\/\/revolutionpadelstore.com\/de\/wp-json\/wp\/v2\/marca?post=197715"},{"taxonomy":"nivel-de-juego","embeddable":true,"href":"https:\/\/revolutionpadelstore.com\/de\/wp-json\/wp\/v2\/nivel-de-juego?post=197715"},{"taxonomy":"superficie","embeddable":true,"href":"https:\/\/revolutionpadelstore.com\/de\/wp-json\/wp\/v2\/superficie?post=197715"},{"taxonomy":"tipo-de-juego","embeddable":true,"href":"https:\/\/revolutionpadelstore.com\/de\/wp-json\/wp\/v2\/tipo-de-juego?post=197715"},{"taxonomy":"product_brand","embeddable":true,"href":"https:\/\/revolutionpadelstore.com\/de\/wp-json\/wp\/v2\/product_brand?post=197715"},{"taxonomy":"product_cat","embeddable":true,"href":"https:\/\/revolutionpadelstore.com\/de\/wp-json\/wp\/v2\/product_cat?post=197715"},{"taxonomy":"product_tag","embeddable":true,"href":"https:\/\/revolutionpadelstore.com\/de\/wp-json\/wp\/v2\/product_tag?post=197715"}],"curies":[{"name":"wp","href":"https:\/\/api.w.org\/{rel}","templated":true}]}}