{"id":197702,"date":"2025-02-28T10:24:58","date_gmt":"2025-02-28T09:24:58","guid":{"rendered":"https:\/\/revolutionpadelstore.com\/bullpadel-neuron-tf-2024\/"},"modified":"2026-04-08T06:05:04","modified_gmt":"2026-04-08T04:05:04","slug":"bullpadel-neuron-tf-2024","status":"publish","type":"product","link":"https:\/\/revolutionpadelstore.com\/de\/produkt\/bullpadel-neuron-tf-2024\/","title":{"rendered":"BULLPADEL NEURON TF 2024"},"content":{"rendered":"<h2> <strong> Bullpadel Neuron Tour Final 2024 &#8211; Absolute Pr\u00e4zision und Kontrolle <\/ strong> &lt;\/ h2<br \/>\nEntdecken Sie die <strong> Bullpadel Neuron Tour Final 2024 <\/strong>, einer limitierten Schaufel, die f\u00fcr fortgeschrittene Spieler und Experten entwickelt wurde, die nach einer Gesamtdom\u00e4ne des Spiels suchen. Mit einer Hybridform, die die Kontrolle und Leistung ausbalanciert, erm\u00f6glichen ihr niedriges Gleichgewicht und sein geringes Gewicht (355-375 g) bei jedem Schlag au\u00dfergew\u00f6hnliche Man\u00f6vrierf\u00e4higkeit. Inspiriert von dem Spielstil von <strong> feden Chingotto <\/strong> wird diese Schaufel zur endg\u00fcltigen Option f\u00fcr diejenigen, die Pr\u00e4zision auf der Strecke priorisieren.<\/p>\n<h2> <strong> Schl\u00fcsselmerkmale des Bullpadel Neuron TF 2024 <\/ strong> <\/ h2><\/p>\n<p>-Hybridform: Perfekte Kombination zwischen Kontrolle und Leistung.<br \/>\n-Balance niedrig und geringes Gewicht: Verbessert die Mobilit\u00e4t und die Reaktionsgeschwindigkeit.<br \/>\n-Exklusives leeres Design mit Details in Marineblau und Granat: Es spiegelt die Reinheit und Leidenschaft des Spiels wider.<br \/>\n-Limitierte Ausgabe der Premier Padel Tour Final Barcelona 2024: Ein exklusives Modell f\u00fcr Paddelmieter.<\/p>\n<h2> <strong> Hochleistungstechnologien <\/ strong> <\/ h2><\/p>\n<p>-Wellensystem: Wellenstruktur, die die Pr\u00e4zision in jedem Schlag optimiert.<br \/>\n-Hesacore: reduziert Schwingungen und verbessert den Griff um Komfort.<br \/>\n-Multieva: Kern mit Schichten verschiedener Dichten, die die Leistung maximieren.<br \/>\n-Aro Kanal: Aerodynamisches Design, das im Spiel eine bessere Flie\u00dff\u00e4higkeit beg\u00fcnstigt.<br \/>\n-3d Getreide: Raue Oberfl\u00e4che, die die Auswirkungen und die Pr\u00e4zision der Schl\u00e4ge verbessert.<br \/>\n-Custom -Gewicht: System, mit dem Sie das Gleichgewicht der Klinge anpassen k\u00f6nnen.<br \/>\n-X-zeit Kohlenstoff 3K: Hochfestes Kohlenstoff, der eine feste und feste Ber\u00fchrung bietet.<\/p>\n<h2> <strong> Wer ist die Neuron Tour Final 2024? <\/ strong> <\/ h2><br \/>\nDiese <strong> Bullpadel -Schaufel <\/strong> wurde speziell f\u00fcr fortgeschrittene Spieler und Experten entwickelt, die nach einer \u00fcberlegenen Kontrolle in ihrem Spiel suchen. Wenn Sie einen defensiven Stil vom Boden der Strecke vom Strecke genie\u00dfen und eine Schaufel w\u00fcnschen, mit der Sie jeden Schlag mit <strong> Millimeter Precision <\/strong> aufnehmen k\u00f6nnen, ist die <strong> Neuron Tour Final <\/strong> Ihre beste Option.<\/p>\n<p><strong> Holen Sie es, bevor es ausgeht!<\/p>\n<h2><strong>Bullpadel Neuron Tour Final 2024 \u2013 Precisi\u00f3n y Control Absoluto<\/strong><\/p>\n","protected":false},"excerpt":{"rendered":"<p>Der Bullpadel Neuron TF 2024 ist eine Hybridschaufel mit niedrigem Gleichgewicht, die f\u00fcr fortschrittliche Spieler entwickelt wurde, die eine gro\u00dfe Verteidigung vom Ende der Strecke priorisieren. Es ist das offizielle Fede Chingotto -Modell.<\/p>\n","protected":false},"featured_media":197679,"comment_status":"open","ping_status":"closed","template":"","meta":{"_acf_changed":false,"_joinchat":[]},"acabado":[1089],"balance":[1139],"dureza":[1154],"forma":[1174],"jugador":[1189,1199],"marca":[1254],"nivel-de-juego":[1334],"superficie":[1359],"tipo-de-juego":[1384],"product_brand":[],"product_cat":[299],"product_tag":[],"class_list":{"0":"post-197702","1":"product","2":"type-product","3":"status-publish","4":"has-post-thumbnail","6":"acabado-3d-entlasten","7":"balance-mittel","8":"dureza-media-de","9":"forma-hybrid","10":"jugador-mann","11":"jugador-mehrzweck","12":"marca-bullpadel-de","13":"superficie-rugosa-de","14":"tipo-de-juego-mehrzweck","15":"product_cat-palas-de-padel-de","17":"first","18":"instock","19":"sale","20":"taxable","21":"shipping-taxable","22":"purchasable","23":"product-type-simple"},"acf":[],"yoast_head":"<!-- This site is optimized with the Yoast SEO plugin v27.4 - https:\/\/yoast.com\/product\/yoast-seo-wordpress\/ -->\n<title>BULLPADEL NEURON TF 2024 - Revolution Padel Store<\/title>\n<meta name=\"description\" content=\"Descubre la Bullpadel Neuron Tour Final 2024, la pala de edici\u00f3n limitada con control y precisi\u00f3n para jugadores expertos. \u00a1Compra ahora en Revolution Padel Store!\" \/>\n<meta name=\"robots\" content=\"index, follow, max-snippet:-1, max-image-preview:large, max-video-preview:-1\" \/>\n<link rel=\"canonical\" href=\"https:\/\/revolutionpadelstore.com\/de\/produkt\/bullpadel-neuron-tf-2024\/\" \/>\n<meta property=\"og:locale\" content=\"de_DE\" \/>\n<meta property=\"og:type\" content=\"article\" \/>\n<meta property=\"og:title\" content=\"BULLPADEL NEURON TF 2024 - Revolution Padel Store\" \/>\n<meta property=\"og:description\" content=\"Descubre la Bullpadel Neuron Tour Final 2024, la pala de edici\u00f3n limitada con control y precisi\u00f3n para jugadores expertos. \u00a1Compra ahora en Revolution Padel Store!\" \/>\n<meta property=\"og:url\" content=\"https:\/\/revolutionpadelstore.com\/de\/produkt\/bullpadel-neuron-tf-2024\/\" \/>\n<meta property=\"og:site_name\" content=\"Revolution Padel Store\" \/>\n<meta property=\"article:modified_time\" content=\"2026-04-08T04:05:04+00:00\" \/>\n<meta property=\"og:image\" content=\"https:\/\/revolutionpadelstore.com\/wp-content\/uploads\/2025\/02\/114857-pala-bullpadel-neuron-tf-24-448423-1200x1200-1.webp\" \/>\n\t<meta property=\"og:image:width\" content=\"1200\" \/>\n\t<meta property=\"og:image:height\" content=\"1200\" \/>\n\t<meta property=\"og:image:type\" content=\"image\/webp\" \/>\n<meta name=\"twitter:card\" content=\"summary_large_image\" \/>\n<meta name=\"twitter:label1\" content=\"Gesch\u00e4tzte Lesezeit\" \/>\n\t<meta name=\"twitter:data1\" content=\"2\u00a0Minuten\" \/>\n<script type=\"application\/ld+json\" class=\"yoast-schema-graph\">{\"@context\":\"https:\\\/\\\/schema.org\",\"@graph\":[{\"@type\":\"WebPage\",\"@id\":\"https:\\\/\\\/revolutionpadelstore.com\\\/de\\\/produkt\\\/bullpadel-neuron-tf-2024\\\/\",\"url\":\"https:\\\/\\\/revolutionpadelstore.com\\\/de\\\/produkt\\\/bullpadel-neuron-tf-2024\\\/\",\"name\":\"BULLPADEL NEURON TF 2024 - Revolution Padel Store\",\"isPartOf\":{\"@id\":\"https:\\\/\\\/revolutionpadelstore.com\\\/de\\\/#website\"},\"primaryImageOfPage\":{\"@id\":\"https:\\\/\\\/revolutionpadelstore.com\\\/de\\\/produkt\\\/bullpadel-neuron-tf-2024\\\/#primaryimage\"},\"image\":{\"@id\":\"https:\\\/\\\/revolutionpadelstore.com\\\/de\\\/produkt\\\/bullpadel-neuron-tf-2024\\\/#primaryimage\"},\"thumbnailUrl\":\"https:\\\/\\\/revolutionpadelstore.com\\\/wp-content\\\/uploads\\\/2025\\\/02\\\/114857-pala-bullpadel-neuron-tf-24-448423-1200x1200-1.webp\",\"datePublished\":\"2025-02-28T09:24:58+00:00\",\"dateModified\":\"2026-04-08T04:05:04+00:00\",\"description\":\"Descubre la Bullpadel Neuron Tour Final 2024, la pala de edici\u00f3n limitada con control y precisi\u00f3n para jugadores expertos. \u00a1Compra ahora en Revolution Padel Store!\",\"breadcrumb\":{\"@id\":\"https:\\\/\\\/revolutionpadelstore.com\\\/de\\\/produkt\\\/bullpadel-neuron-tf-2024\\\/#breadcrumb\"},\"inLanguage\":\"de\",\"potentialAction\":[{\"@type\":\"ReadAction\",\"target\":[\"https:\\\/\\\/revolutionpadelstore.com\\\/de\\\/produkt\\\/bullpadel-neuron-tf-2024\\\/\"]}]},{\"@type\":\"ImageObject\",\"inLanguage\":\"de\",\"@id\":\"https:\\\/\\\/revolutionpadelstore.com\\\/de\\\/produkt\\\/bullpadel-neuron-tf-2024\\\/#primaryimage\",\"url\":\"https:\\\/\\\/revolutionpadelstore.com\\\/wp-content\\\/uploads\\\/2025\\\/02\\\/114857-pala-bullpadel-neuron-tf-24-448423-1200x1200-1.webp\",\"contentUrl\":\"https:\\\/\\\/revolutionpadelstore.com\\\/wp-content\\\/uploads\\\/2025\\\/02\\\/114857-pala-bullpadel-neuron-tf-24-448423-1200x1200-1.webp\",\"width\":1200,\"height\":1200},{\"@type\":\"BreadcrumbList\",\"@id\":\"https:\\\/\\\/revolutionpadelstore.com\\\/de\\\/produkt\\\/bullpadel-neuron-tf-2024\\\/#breadcrumb\",\"itemListElement\":[{\"@type\":\"ListItem\",\"position\":1,\"name\":\"Portada\",\"item\":\"https:\\\/\\\/revolutionpadelstore.com\\\/de\\\/\"},{\"@type\":\"ListItem\",\"position\":2,\"name\":\"Shop\",\"item\":\"https:\\\/\\\/revolutionpadelstore.com\\\/de\\\/tienda\\\/\"},{\"@type\":\"ListItem\",\"position\":3,\"name\":\"BULLPADEL NEURON TF 2024\"}]},{\"@type\":\"WebSite\",\"@id\":\"https:\\\/\\\/revolutionpadelstore.com\\\/de\\\/#website\",\"url\":\"https:\\\/\\\/revolutionpadelstore.com\\\/de\\\/\",\"name\":\"Revolution Padel Store\",\"description\":\"\",\"publisher\":{\"@id\":\"https:\\\/\\\/revolutionpadelstore.com\\\/de\\\/#organization\"},\"potentialAction\":[{\"@type\":\"SearchAction\",\"target\":{\"@type\":\"EntryPoint\",\"urlTemplate\":\"https:\\\/\\\/revolutionpadelstore.com\\\/de\\\/?s={search_term_string}\"},\"query-input\":{\"@type\":\"PropertyValueSpecification\",\"valueRequired\":true,\"valueName\":\"search_term_string\"}}],\"inLanguage\":\"de\"},{\"@type\":\"Organization\",\"@id\":\"https:\\\/\\\/revolutionpadelstore.com\\\/de\\\/#organization\",\"name\":\"Revolution Padel Store\",\"url\":\"https:\\\/\\\/revolutionpadelstore.com\\\/de\\\/\",\"logo\":{\"@type\":\"ImageObject\",\"inLanguage\":\"de\",\"@id\":\"https:\\\/\\\/revolutionpadelstore.com\\\/de\\\/#\\\/schema\\\/logo\\\/image\\\/\",\"url\":\"https:\\\/\\\/revolutionpadelstore.com\\\/wp-content\\\/uploads\\\/2026\\\/02\\\/revolution-padel-store.jpg\",\"contentUrl\":\"https:\\\/\\\/revolutionpadelstore.com\\\/wp-content\\\/uploads\\\/2026\\\/02\\\/revolution-padel-store.jpg\",\"width\":2000,\"height\":2000,\"caption\":\"Revolution Padel Store\"},\"image\":{\"@id\":\"https:\\\/\\\/revolutionpadelstore.com\\\/de\\\/#\\\/schema\\\/logo\\\/image\\\/\"},\"sameAs\":[\"https:\\\/\\\/www.instagram.com\\\/revolutionpadelstore\\\/\"]}]}<\/script>\n<!-- \/ Yoast SEO plugin. -->","yoast_head_json":{"title":"BULLPADEL NEURON TF 2024 - Revolution Padel Store","description":"Descubre la Bullpadel Neuron Tour Final 2024, la pala de edici\u00f3n limitada con control y precisi\u00f3n para jugadores expertos. \u00a1Compra ahora en Revolution Padel Store!","robots":{"index":"index","follow":"follow","max-snippet":"max-snippet:-1","max-image-preview":"max-image-preview:large","max-video-preview":"max-video-preview:-1"},"canonical":"https:\/\/revolutionpadelstore.com\/de\/produkt\/bullpadel-neuron-tf-2024\/","og_locale":"de_DE","og_type":"article","og_title":"BULLPADEL NEURON TF 2024 - Revolution Padel Store","og_description":"Descubre la Bullpadel Neuron Tour Final 2024, la pala de edici\u00f3n limitada con control y precisi\u00f3n para jugadores expertos. \u00a1Compra ahora en Revolution Padel Store!","og_url":"https:\/\/revolutionpadelstore.com\/de\/produkt\/bullpadel-neuron-tf-2024\/","og_site_name":"Revolution Padel Store","article_modified_time":"2026-04-08T04:05:04+00:00","og_image":[{"width":1200,"height":1200,"url":"https:\/\/revolutionpadelstore.com\/wp-content\/uploads\/2025\/02\/114857-pala-bullpadel-neuron-tf-24-448423-1200x1200-1.webp","type":"image\/webp"}],"twitter_card":"summary_large_image","twitter_misc":{"Gesch\u00e4tzte Lesezeit":"2\u00a0Minuten"},"schema":{"@context":"https:\/\/schema.org","@graph":[{"@type":"WebPage","@id":"https:\/\/revolutionpadelstore.com\/de\/produkt\/bullpadel-neuron-tf-2024\/","url":"https:\/\/revolutionpadelstore.com\/de\/produkt\/bullpadel-neuron-tf-2024\/","name":"BULLPADEL NEURON TF 2024 - Revolution Padel Store","isPartOf":{"@id":"https:\/\/revolutionpadelstore.com\/de\/#website"},"primaryImageOfPage":{"@id":"https:\/\/revolutionpadelstore.com\/de\/produkt\/bullpadel-neuron-tf-2024\/#primaryimage"},"image":{"@id":"https:\/\/revolutionpadelstore.com\/de\/produkt\/bullpadel-neuron-tf-2024\/#primaryimage"},"thumbnailUrl":"https:\/\/revolutionpadelstore.com\/wp-content\/uploads\/2025\/02\/114857-pala-bullpadel-neuron-tf-24-448423-1200x1200-1.webp","datePublished":"2025-02-28T09:24:58+00:00","dateModified":"2026-04-08T04:05:04+00:00","description":"Descubre la Bullpadel Neuron Tour Final 2024, la pala de edici\u00f3n limitada con control y precisi\u00f3n para jugadores expertos. \u00a1Compra ahora en Revolution Padel Store!","breadcrumb":{"@id":"https:\/\/revolutionpadelstore.com\/de\/produkt\/bullpadel-neuron-tf-2024\/#breadcrumb"},"inLanguage":"de","potentialAction":[{"@type":"ReadAction","target":["https:\/\/revolutionpadelstore.com\/de\/produkt\/bullpadel-neuron-tf-2024\/"]}]},{"@type":"ImageObject","inLanguage":"de","@id":"https:\/\/revolutionpadelstore.com\/de\/produkt\/bullpadel-neuron-tf-2024\/#primaryimage","url":"https:\/\/revolutionpadelstore.com\/wp-content\/uploads\/2025\/02\/114857-pala-bullpadel-neuron-tf-24-448423-1200x1200-1.webp","contentUrl":"https:\/\/revolutionpadelstore.com\/wp-content\/uploads\/2025\/02\/114857-pala-bullpadel-neuron-tf-24-448423-1200x1200-1.webp","width":1200,"height":1200},{"@type":"BreadcrumbList","@id":"https:\/\/revolutionpadelstore.com\/de\/produkt\/bullpadel-neuron-tf-2024\/#breadcrumb","itemListElement":[{"@type":"ListItem","position":1,"name":"Portada","item":"https:\/\/revolutionpadelstore.com\/de\/"},{"@type":"ListItem","position":2,"name":"Shop","item":"https:\/\/revolutionpadelstore.com\/de\/tienda\/"},{"@type":"ListItem","position":3,"name":"BULLPADEL NEURON TF 2024"}]},{"@type":"WebSite","@id":"https:\/\/revolutionpadelstore.com\/de\/#website","url":"https:\/\/revolutionpadelstore.com\/de\/","name":"Revolution Padel Store","description":"","publisher":{"@id":"https:\/\/revolutionpadelstore.com\/de\/#organization"},"potentialAction":[{"@type":"SearchAction","target":{"@type":"EntryPoint","urlTemplate":"https:\/\/revolutionpadelstore.com\/de\/?s={search_term_string}"},"query-input":{"@type":"PropertyValueSpecification","valueRequired":true,"valueName":"search_term_string"}}],"inLanguage":"de"},{"@type":"Organization","@id":"https:\/\/revolutionpadelstore.com\/de\/#organization","name":"Revolution Padel Store","url":"https:\/\/revolutionpadelstore.com\/de\/","logo":{"@type":"ImageObject","inLanguage":"de","@id":"https:\/\/revolutionpadelstore.com\/de\/#\/schema\/logo\/image\/","url":"https:\/\/revolutionpadelstore.com\/wp-content\/uploads\/2026\/02\/revolution-padel-store.jpg","contentUrl":"https:\/\/revolutionpadelstore.com\/wp-content\/uploads\/2026\/02\/revolution-padel-store.jpg","width":2000,"height":2000,"caption":"Revolution Padel Store"},"image":{"@id":"https:\/\/revolutionpadelstore.com\/de\/#\/schema\/logo\/image\/"},"sameAs":["https:\/\/www.instagram.com\/revolutionpadelstore\/"]}]}},"_links":{"self":[{"href":"https:\/\/revolutionpadelstore.com\/de\/wp-json\/wp\/v2\/product\/197702","targetHints":{"allow":["GET"]}}],"collection":[{"href":"https:\/\/revolutionpadelstore.com\/de\/wp-json\/wp\/v2\/product"}],"about":[{"href":"https:\/\/revolutionpadelstore.com\/de\/wp-json\/wp\/v2\/types\/product"}],"replies":[{"embeddable":true,"href":"https:\/\/revolutionpadelstore.com\/de\/wp-json\/wp\/v2\/comments?post=197702"}],"wp:featuredmedia":[{"embeddable":true,"href":"https:\/\/revolutionpadelstore.com\/de\/wp-json\/wp\/v2\/media\/197679"}],"wp:attachment":[{"href":"https:\/\/revolutionpadelstore.com\/de\/wp-json\/wp\/v2\/media?parent=197702"}],"wp:term":[{"taxonomy":"acabado","embeddable":true,"href":"https:\/\/revolutionpadelstore.com\/de\/wp-json\/wp\/v2\/acabado?post=197702"},{"taxonomy":"balance","embeddable":true,"href":"https:\/\/revolutionpadelstore.com\/de\/wp-json\/wp\/v2\/balance?post=197702"},{"taxonomy":"dureza","embeddable":true,"href":"https:\/\/revolutionpadelstore.com\/de\/wp-json\/wp\/v2\/dureza?post=197702"},{"taxonomy":"forma","embeddable":true,"href":"https:\/\/revolutionpadelstore.com\/de\/wp-json\/wp\/v2\/forma?post=197702"},{"taxonomy":"jugador","embeddable":true,"href":"https:\/\/revolutionpadelstore.com\/de\/wp-json\/wp\/v2\/jugador?post=197702"},{"taxonomy":"marca","embeddable":true,"href":"https:\/\/revolutionpadelstore.com\/de\/wp-json\/wp\/v2\/marca?post=197702"},{"taxonomy":"nivel-de-juego","embeddable":true,"href":"https:\/\/revolutionpadelstore.com\/de\/wp-json\/wp\/v2\/nivel-de-juego?post=197702"},{"taxonomy":"superficie","embeddable":true,"href":"https:\/\/revolutionpadelstore.com\/de\/wp-json\/wp\/v2\/superficie?post=197702"},{"taxonomy":"tipo-de-juego","embeddable":true,"href":"https:\/\/revolutionpadelstore.com\/de\/wp-json\/wp\/v2\/tipo-de-juego?post=197702"},{"taxonomy":"product_brand","embeddable":true,"href":"https:\/\/revolutionpadelstore.com\/de\/wp-json\/wp\/v2\/product_brand?post=197702"},{"taxonomy":"product_cat","embeddable":true,"href":"https:\/\/revolutionpadelstore.com\/de\/wp-json\/wp\/v2\/product_cat?post=197702"},{"taxonomy":"product_tag","embeddable":true,"href":"https:\/\/revolutionpadelstore.com\/de\/wp-json\/wp\/v2\/product_tag?post=197702"}],"curies":[{"name":"wp","href":"https:\/\/api.w.org\/{rel}","templated":true}]}}